{"id":5736,"date":"2022-06-02T02:31:40","date_gmt":"2022-06-02T02:31:40","guid":{"rendered":"https:\/\/live-amsted-industries.pantheonsite.io\/produtos-servicos\/para-emobilidade\/"},"modified":"2022-09-15T20:43:05","modified_gmt":"2022-09-15T20:43:05","slug":"para-emobilidade","status":"publish","type":"page","link":"https:\/\/www.amsted.com\/pt-br\/produtos-servicos\/para-emobilidade\/","title":{"rendered":"para eMobilidade"},"content":{"rendered":"\t\t<div data-elementor-type=\"wp-page\" data-elementor-id=\"5736\" class=\"elementor elementor-5736 elementor-188\" data-elementor-post-type=\"page\">\n\t\t\t\t\t\t<section class=\"elementor-section elementor-top-section elementor-element elementor-element-fe7b55d elementor-section-height-min-height elementor-section-full_width elementor-section-height-default elementor-section-items-middle\" data-id=\"fe7b55d\" data-element_type=\"section\" data-e-type=\"section\" data-settings=\"{&quot;background_background&quot;:&quot;classic&quot;}\">\n\t\t\t\t\t\t\t<div class=\"elementor-background-overlay\"><\/div>\n\t\t\t\t\t\t\t<div class=\"elementor-container elementor-column-gap-default\">\n\t\t\t\t\t<div class=\"elementor-column elementor-col-100 elementor-top-column elementor-element elementor-element-66d0745\" data-id=\"66d0745\" data-element_type=\"column\" data-e-type=\"column\">\n\t\t\t<div class=\"elementor-widget-wrap elementor-element-populated\">\n\t\t\t\t\t\t<section class=\"elementor-section elementor-inner-section elementor-element elementor-element-31f8df5 elementor-section-boxed elementor-section-height-default elementor-section-height-default\" data-id=\"31f8df5\" data-element_type=\"section\" data-e-type=\"section\" data-settings=\"{&quot;background_background&quot;:&quot;video&quot;}\">\n\t\t\t\t\t\t<div class=\"elementor-container elementor-column-gap-default\">\n\t\t\t\t\t<div class=\"elementor-column elementor-col-50 elementor-inner-column elementor-element elementor-element-3f2d0ad\" data-id=\"3f2d0ad\" data-element_type=\"column\" data-e-type=\"column\">\n\t\t\t<div class=\"elementor-widget-wrap elementor-element-populated\">\n\t\t\t\t\t\t<div class=\"elementor-element elementor-element-4987f28 animated-slow elementor-invisible elementor-widget elementor-widget-heading\" data-id=\"4987f28\" data-element_type=\"widget\" data-e-type=\"widget\" data-settings=\"{&quot;_animation&quot;:&quot;fadeIn&quot;}\" data-widget_type=\"heading.default\">\n\t\t\t\t<div class=\"elementor-widget-container\">\n\t\t\t\t\t<h3 class=\"elementor-heading-title elementor-size-default\"><a href=\"https:\/\/www.amsted.com\/pt-br\/produtos-servicos\/\">Produtos &amp; servi\u00e7os<\/a><\/h3>\t\t\t\t<\/div>\n\t\t\t\t<\/div>\n\t\t\t\t<div class=\"elementor-element elementor-element-f36d510 animated-slow elementor-invisible elementor-widget elementor-widget-heading\" data-id=\"f36d510\" data-element_type=\"widget\" data-e-type=\"widget\" data-settings=\"{&quot;_animation&quot;:&quot;fadeIn&quot;}\" data-widget_type=\"heading.default\">\n\t\t\t\t<div class=\"elementor-widget-container\">\n\t\t\t\t\t<h1 class=\"elementor-heading-title elementor-size-default\">para eMobilidade<\/h1>\t\t\t\t<\/div>\n\t\t\t\t<\/div>\n\t\t\t\t<div class=\"elementor-element elementor-element-607a55b elementor-invisible elementor-widget elementor-widget-text-editor\" data-id=\"607a55b\" data-element_type=\"widget\" data-e-type=\"widget\" data-settings=\"{&quot;_animation&quot;:&quot;fadeIn&quot;,&quot;_animation_delay&quot;:100}\" data-widget_type=\"text-editor.default\">\n\t\t\t\t<div class=\"elementor-widget-container\">\n\t\t\t\t\t\t\t\t\t<p>Nossos investimentos em tecnologias avan\u00e7adas est\u00e3o alinhados com a evolu\u00e7\u00e3o dos neg\u00f3cios de nossos clientes, bem como nossa vis\u00e3o para um futuro mais limpo e eficiente.<\/p>\n\t\t\t\t\t\t\t\t<\/div>\n\t\t\t\t<\/div>\n\t\t\t\t\t<\/div>\n\t\t<\/div>\n\t\t\t\t<div class=\"elementor-column elementor-col-50 elementor-inner-column elementor-element elementor-element-49c775b\" data-id=\"49c775b\" data-element_type=\"column\" data-e-type=\"column\">\n\t\t\t<div class=\"elementor-widget-wrap\">\n\t\t\t\t\t\t\t<\/div>\n\t\t<\/div>\n\t\t\t\t\t<\/div>\n\t\t<\/section>\n\t\t\t\t\t<\/div>\n\t\t<\/div>\n\t\t\t\t\t<\/div>\n\t\t<\/section>\n\t\t\t\t<section class=\"elementor-section elementor-top-section elementor-element elementor-element-3e42443 elementor-section-full_width elementor-section-height-default elementor-section-height-default\" data-id=\"3e42443\" data-element_type=\"section\" data-e-type=\"section\" data-settings=\"{&quot;background_background&quot;:&quot;classic&quot;}\">\n\t\t\t\t\t\t<div class=\"elementor-container elementor-column-gap-default\">\n\t\t\t\t\t<div class=\"elementor-column elementor-col-100 elementor-top-column elementor-element elementor-element-86264da\" data-id=\"86264da\" data-element_type=\"column\" data-e-type=\"column\">\n\t\t\t<div class=\"elementor-widget-wrap elementor-element-populated\">\n\t\t\t\t\t\t<section class=\"elementor-section elementor-inner-section elementor-element elementor-element-c8413ce main-content elementor-section-boxed elementor-section-height-default elementor-section-height-default\" data-id=\"c8413ce\" data-element_type=\"section\" data-e-type=\"section\">\n\t\t\t\t\t\t<div class=\"elementor-container elementor-column-gap-default\">\n\t\t\t\t\t<div class=\"elementor-column elementor-col-50 elementor-inner-column elementor-element elementor-element-28da50c\" data-id=\"28da50c\" data-element_type=\"column\" data-e-type=\"column\">\n\t\t\t<div class=\"elementor-widget-wrap elementor-element-populated\">\n\t\t\t\t\t\t<div class=\"elementor-element elementor-element-793ea33 elementor-widget elementor-widget-heading\" data-id=\"793ea33\" data-element_type=\"widget\" data-e-type=\"widget\" data-widget_type=\"heading.default\">\n\t\t\t\t<div class=\"elementor-widget-container\">\n\t\t\t\t\t<h2 class=\"elementor-heading-title elementor-size-default\">Solu\u00e7\u00f5es el\u00e9tricas para a ind\u00fastria automotiva<\/h2>\t\t\t\t<\/div>\n\t\t\t\t<\/div>\n\t\t\t\t<div class=\"elementor-element elementor-element-427e322 elementor-widget elementor-widget-text-editor\" data-id=\"427e322\" data-element_type=\"widget\" data-e-type=\"widget\" data-widget_type=\"text-editor.default\">\n\t\t\t\t<div class=\"elementor-widget-container\">\n\t\t\t\t\t\t\t\t\t<p>Amsted Automotive integra solu\u00e7\u00f5es de tecnologia de processos e produtos para HEV e BEV.<\/p>\n<ul>\n<li>Sistemas de comuta\u00e7\u00e3o de m\u00faltiplas velocidades<\/li>\n<li>Sistemas de trava el\u00e9trica de estacionamento<\/li>\n<li>Solu\u00e7\u00f5es de sistemas de prop uls\u00e3o Powershift<\/li>\n<li>Solu\u00e7\u00f5es de componentes de motores el\u00e9tricos<\/li>\n<li>Sistemas e componentes de desconex\u00e3o do trem de for\u00e7a<\/li>\n<li>Componentes de suspens\u00e3o<\/li>\n<li>Componentes de freio<\/li>\n<li>Estruturas de ve\u00edculos, seguran\u00e7a e peso leve<\/li>\n<\/ul>\n\t\t\t\t\t\t\t\t<\/div>\n\t\t\t\t<\/div>\n\t\t\t\t<div class=\"elementor-element elementor-element-e9fcf5a ai-blue-btn elementor-widget elementor-widget-button\" data-id=\"e9fcf5a\" data-element_type=\"widget\" data-e-type=\"widget\" data-widget_type=\"button.default\">\n\t\t\t\t<div class=\"elementor-widget-container\">\n\t\t\t\t\t\t\t\t\t<div class=\"elementor-button-wrapper\">\n\t\t\t\t\t<a class=\"elementor-button elementor-button-link elementor-size-sm elementor-animation-float\" href=\"https:\/\/amstedauto.com\" target=\"_blank\">\n\t\t\t\t\t\t<span class=\"elementor-button-content-wrapper\">\n\t\t\t\t\t\t<span class=\"elementor-button-icon\">\n\t\t\t\t<i aria-hidden=\"true\" class=\"fas fa-long-arrow-alt-right\"><\/i>\t\t\t<\/span>\n\t\t\t\t\t\t\t\t\t<span class=\"elementor-button-text\">Saiba mais<\/span>\n\t\t\t\t\t<\/span>\n\t\t\t\t\t<\/a>\n\t\t\t\t<\/div>\n\t\t\t\t\t\t\t\t<\/div>\n\t\t\t\t<\/div>\n\t\t\t\t\t<\/div>\n\t\t<\/div>\n\t\t\t\t<div class=\"elementor-column elementor-col-50 elementor-inner-column elementor-element elementor-element-f87002a\" data-id=\"f87002a\" data-element_type=\"column\" data-e-type=\"column\">\n\t\t\t<div class=\"elementor-widget-wrap elementor-element-populated\">\n\t\t\t\t\t\t<div class=\"elementor-element elementor-element-76e8a8c elementor-widget elementor-widget-image\" data-id=\"76e8a8c\" data-element_type=\"widget\" data-e-type=\"widget\" data-widget_type=\"image.default\">\n\t\t\t\t<div class=\"elementor-widget-container\">\n\t\t\t\t\t\t\t\t\t\t\t\t\t\t\t<img fetchpriority=\"high\" decoding=\"async\" width=\"800\" height=\"800\" src=\"https:\/\/www.amsted.com\/wp-content\/uploads\/2022\/08\/aa-ev-product.jpg\" class=\"attachment-large size-large wp-image-3769\" alt=\"\" srcset=\"https:\/\/www.amsted.com\/wp-content\/uploads\/2022\/08\/aa-ev-product.jpg 800w, https:\/\/www.amsted.com\/wp-content\/uploads\/2022\/08\/aa-ev-product-300x300.jpg 300w, https:\/\/www.amsted.com\/wp-content\/uploads\/2022\/08\/aa-ev-product-150x150.jpg 150w, https:\/\/www.amsted.com\/wp-content\/uploads\/2022\/08\/aa-ev-product-768x768.jpg 768w\" sizes=\"(max-width: 800px) 100vw, 800px\" \/>\t\t\t\t\t\t\t\t\t\t\t\t\t\t\t<\/div>\n\t\t\t\t<\/div>\n\t\t\t\t\t<\/div>\n\t\t<\/div>\n\t\t\t\t\t<\/div>\n\t\t<\/section>\n\t\t\t\t<section class=\"elementor-section elementor-inner-section elementor-element elementor-element-7777b1f main-content elementor-section-boxed elementor-section-height-default elementor-section-height-default\" data-id=\"7777b1f\" data-element_type=\"section\" data-e-type=\"section\">\n\t\t\t\t\t\t<div class=\"elementor-container elementor-column-gap-default\">\n\t\t\t\t\t<div class=\"elementor-column elementor-col-50 elementor-inner-column elementor-element elementor-element-fe645ff\" data-id=\"fe645ff\" data-element_type=\"column\" data-e-type=\"column\">\n\t\t\t<div class=\"elementor-widget-wrap elementor-element-populated\">\n\t\t\t\t\t\t<div class=\"elementor-element elementor-element-0a96150 elementor-widget elementor-widget-heading\" data-id=\"0a96150\" data-element_type=\"widget\" data-e-type=\"widget\" data-widget_type=\"heading.default\">\n\t\t\t\t<div class=\"elementor-widget-container\">\n\t\t\t\t\t<h2 class=\"elementor-heading-title elementor-size-default\">Solu\u00e7\u00f5es el\u00e9tricas para ve\u00edc ulos comerciais<\/h2>\t\t\t\t<\/div>\n\t\t\t\t<\/div>\n\t\t\t\t<div class=\"elementor-element elementor-element-5bcb2b5 elementor-widget elementor-widget-text-editor\" data-id=\"5bcb2b5\" data-element_type=\"widget\" data-e-type=\"widget\" data-widget_type=\"text-editor.default\">\n\t\t\t\t<div class=\"elementor-widget-container\">\n\t\t\t\t\t\t\t\t\t<p>A ConMet eMobility est\u00e1 permitindo o desenvolvimento de ve\u00edculos comerciais de emiss\u00e3o zero, ajudando as frotas a superar as metas de sustentabilidade, ao mesmo tempo em que atinge o equil\u00edbrio certo entre economia de combust\u00edvel aprimorada, emiss\u00f5es reduzidas e desempenho.<\/p>\n<ul>\n<li>O cubo el\u00e9trico PreSet Plus (eHub\u2122) integra um motor el\u00e9trico com um conjunto de cubo PreSet Plus l\u00edder do setor para capturar energia regenerada que seria desperdi\u00e7ada como calor dos freios de fric\u00e7\u00e3o, fornecendo energia auxiliar e assist\u00eancia de propuls\u00e3o ao ve\u00edculo.<\/li>\n<\/ul>\n\t\t\t\t\t\t\t\t<\/div>\n\t\t\t\t<\/div>\n\t\t\t\t<div class=\"elementor-element elementor-element-840aafa ai-blue-btn elementor-widget elementor-widget-button\" data-id=\"840aafa\" data-element_type=\"widget\" data-e-type=\"widget\" data-widget_type=\"button.default\">\n\t\t\t\t<div class=\"elementor-widget-container\">\n\t\t\t\t\t\t\t\t\t<div class=\"elementor-button-wrapper\">\n\t\t\t\t\t<a class=\"elementor-button elementor-button-link elementor-size-sm elementor-animation-float\" href=\"https:\/\/conmet.com\/innovation\/emobility\/\" target=\"_blank\">\n\t\t\t\t\t\t<span class=\"elementor-button-content-wrapper\">\n\t\t\t\t\t\t<span class=\"elementor-button-icon\">\n\t\t\t\t<i aria-hidden=\"true\" class=\"fas fa-long-arrow-alt-right\"><\/i>\t\t\t<\/span>\n\t\t\t\t\t\t\t\t\t<span class=\"elementor-button-text\">Saiba mais<\/span>\n\t\t\t\t\t<\/span>\n\t\t\t\t\t<\/a>\n\t\t\t\t<\/div>\n\t\t\t\t\t\t\t\t<\/div>\n\t\t\t\t<\/div>\n\t\t\t\t\t<\/div>\n\t\t<\/div>\n\t\t\t\t<div class=\"elementor-column elementor-col-50 elementor-inner-column elementor-element elementor-element-51fe511\" data-id=\"51fe511\" data-element_type=\"column\" data-e-type=\"column\">\n\t\t\t<div class=\"elementor-widget-wrap elementor-element-populated\">\n\t\t\t\t\t\t<div class=\"elementor-element elementor-element-458b0b2 elementor-widget elementor-widget-image\" data-id=\"458b0b2\" data-element_type=\"widget\" data-e-type=\"widget\" data-widget_type=\"image.default\">\n\t\t\t\t<div class=\"elementor-widget-container\">\n\t\t\t\t\t\t\t\t\t\t\t\t\t\t\t<img decoding=\"async\" width=\"800\" height=\"800\" src=\"https:\/\/www.amsted.com\/wp-content\/uploads\/2022\/06\/emobility-conmet.jpg\" class=\"attachment-large size-large wp-image-2045\" alt=\"\" srcset=\"https:\/\/www.amsted.com\/wp-content\/uploads\/2022\/06\/emobility-conmet.jpg 800w, https:\/\/www.amsted.com\/wp-content\/uploads\/2022\/06\/emobility-conmet-300x300.jpg 300w, https:\/\/www.amsted.com\/wp-content\/uploads\/2022\/06\/emobility-conmet-150x150.jpg 150w, https:\/\/www.amsted.com\/wp-content\/uploads\/2022\/06\/emobility-conmet-768x768.jpg 768w\" sizes=\"(max-width: 800px) 100vw, 800px\" \/>\t\t\t\t\t\t\t\t\t\t\t\t\t\t\t<\/div>\n\t\t\t\t<\/div>\n\t\t\t\t\t<\/div>\n\t\t<\/div>\n\t\t\t\t\t<\/div>\n\t\t<\/section>\n\t\t\t\t\t<\/div>\n\t\t<\/div>\n\t\t\t\t\t<\/div>\n\t\t<\/section>\n\t\t\t\t<section class=\"elementor-section elementor-top-section elementor-element elementor-element-6d6febb elementor-section-boxed elementor-section-height-default elementor-section-height-default\" data-id=\"6d6febb\" data-element_type=\"section\" data-e-type=\"section\" data-settings=\"{&quot;background_background&quot;:&quot;classic&quot;}\">\n\t\t\t\t\t\t<div class=\"elementor-container elementor-column-gap-default\">\n\t\t\t\t\t<div class=\"elementor-column elementor-col-100 elementor-top-column elementor-element elementor-element-9c4a4fb\" data-id=\"9c4a4fb\" data-element_type=\"column\" data-e-type=\"column\">\n\t\t\t<div class=\"elementor-widget-wrap elementor-element-populated\">\n\t\t\t\t\t\t<div class=\"elementor-element elementor-element-3933a79 elementor-widget elementor-widget-shortcode\" data-id=\"3933a79\" data-element_type=\"widget\" data-e-type=\"widget\" data-widget_type=\"shortcode.default\">\n\t\t\t\t<div class=\"elementor-widget-container\">\n\t\t\t\t\t\t\t<div class=\"elementor-shortcode\"><\/div>\n\t\t\t\t\t\t<\/div>\n\t\t\t\t<\/div>\n\t\t\t\t\t<\/div>\n\t\t<\/div>\n\t\t\t\t\t<\/div>\n\t\t<\/section>\n\t\t\t\t<\/div>\n\t\t","protected":false},"excerpt":{"rendered":"<p>Produtos &amp; servi\u00e7os para eMobilidade Nossos investimentos em tecnologias avan\u00e7adas est\u00e3o alinhados com a evolu\u00e7\u00e3o dos neg\u00f3cios de nossos clientes, bem como nossa vis\u00e3o para um futuro mais limpo e eficiente. Solu\u00e7\u00f5es el\u00e9tricas para a ind\u00fastria automotiva Amsted Automotive integra solu\u00e7\u00f5es de tecnologia de processos e produtos para HEV e BEV. Sistemas de comuta\u00e7\u00e3o de [&hellip;]<\/p>\n","protected":false},"author":1,"featured_media":0,"parent":5708,"menu_order":0,"comment_status":"closed","ping_status":"closed","template":"","meta":{"_acf_changed":false,"footnotes":""},"search-category":[21],"class_list":["post-5736","page","type-page","status-publish","hentry","search-category-products-services"],"acf":[],"yoast_head":"<!-- This site is optimized with the Yoast SEO plugin v27.2 - https:\/\/yoast.com\/product\/yoast-seo-wordpress\/ -->\n<title>para eMobilidade - Amsted Industries<\/title>\n<meta name=\"robots\" content=\"index, follow, max-snippet:-1, max-image-preview:large, max-video-preview:-1\" \/>\n<link rel=\"canonical\" href=\"https:\/\/www.amsted.com\/pt-br\/produtos-servicos\/para-emobilidade\/\" \/>\n<meta property=\"og:locale\" content=\"pt_BR\" \/>\n<meta property=\"og:type\" content=\"article\" \/>\n<meta property=\"og:title\" content=\"para eMobilidade - Amsted Industries\" \/>\n<meta property=\"og:description\" content=\"Produtos &amp; servi\u00e7os para eMobilidade Nossos investimentos em tecnologias avan\u00e7adas est\u00e3o alinhados com a evolu\u00e7\u00e3o dos neg\u00f3cios de nossos clientes, bem como nossa vis\u00e3o para um futuro mais limpo e eficiente. Solu\u00e7\u00f5es el\u00e9tricas para a ind\u00fastria automotiva Amsted Automotive integra solu\u00e7\u00f5es de tecnologia de processos e produtos para HEV e BEV. Sistemas de comuta\u00e7\u00e3o de [&hellip;]\" \/>\n<meta property=\"og:url\" content=\"https:\/\/www.amsted.com\/pt-br\/produtos-servicos\/para-emobilidade\/\" \/>\n<meta property=\"og:site_name\" content=\"Amsted Industries\" \/>\n<meta property=\"article:modified_time\" content=\"2022-09-15T20:43:05+00:00\" \/>\n<meta property=\"og:image\" content=\"https:\/\/live-amsted-industries.pantheonsite.io\/wp-content\/uploads\/2022\/08\/aa-ev-product.jpg\" \/>\n<meta name=\"twitter:card\" content=\"summary_large_image\" \/>\n<meta name=\"twitter:label1\" content=\"Est. reading time\" \/>\n\t<meta name=\"twitter:data1\" content=\"1 minute\" \/>\n<script type=\"application\/ld+json\" class=\"yoast-schema-graph\">{\"@context\":\"https:\/\/schema.org\",\"@graph\":[{\"@type\":\"WebPage\",\"@id\":\"https:\/\/www.amsted.com\/pt-br\/produtos-servicos\/para-emobilidade\/\",\"url\":\"https:\/\/www.amsted.com\/pt-br\/produtos-servicos\/para-emobilidade\/\",\"name\":\"para eMobilidade - Amsted Industries\",\"isPartOf\":{\"@id\":\"https:\/\/www.amsted.com\/pt-br\/#website\"},\"primaryImageOfPage\":{\"@id\":\"https:\/\/www.amsted.com\/pt-br\/produtos-servicos\/para-emobilidade\/#primaryimage\"},\"image\":{\"@id\":\"https:\/\/www.amsted.com\/pt-br\/produtos-servicos\/para-emobilidade\/#primaryimage\"},\"thumbnailUrl\":\"https:\/\/live-amsted-industries.pantheonsite.io\/wp-content\/uploads\/2022\/08\/aa-ev-product.jpg\",\"datePublished\":\"2022-06-02T02:31:40+00:00\",\"dateModified\":\"2022-09-15T20:43:05+00:00\",\"breadcrumb\":{\"@id\":\"https:\/\/www.amsted.com\/pt-br\/produtos-servicos\/para-emobilidade\/#breadcrumb\"},\"inLanguage\":\"pt-BR\",\"potentialAction\":[{\"@type\":\"ReadAction\",\"target\":[\"https:\/\/www.amsted.com\/pt-br\/produtos-servicos\/para-emobilidade\/\"]}]},{\"@type\":\"ImageObject\",\"inLanguage\":\"pt-BR\",\"@id\":\"https:\/\/www.amsted.com\/pt-br\/produtos-servicos\/para-emobilidade\/#primaryimage\",\"url\":\"https:\/\/live-amsted-industries.pantheonsite.io\/wp-content\/uploads\/2022\/08\/aa-ev-product.jpg\",\"contentUrl\":\"https:\/\/live-amsted-industries.pantheonsite.io\/wp-content\/uploads\/2022\/08\/aa-ev-product.jpg\"},{\"@type\":\"BreadcrumbList\",\"@id\":\"https:\/\/www.amsted.com\/pt-br\/produtos-servicos\/para-emobilidade\/#breadcrumb\",\"itemListElement\":[{\"@type\":\"ListItem\",\"position\":1,\"name\":\"Home\",\"item\":\"https:\/\/www.amsted.com\/pt-br\/homepage\/\"},{\"@type\":\"ListItem\",\"position\":2,\"name\":\"Produtos &amp; servi\u00e7os\",\"item\":\"https:\/\/www.amsted.com\/pt-br\/produtos-servicos\/\"},{\"@type\":\"ListItem\",\"position\":3,\"name\":\"para eMobilidade\"}]},{\"@type\":\"WebSite\",\"@id\":\"https:\/\/www.amsted.com\/pt-br\/#website\",\"url\":\"https:\/\/www.amsted.com\/pt-br\/\",\"name\":\"Amsted Industries\",\"description\":\"Just another WordPress site\",\"potentialAction\":[{\"@type\":\"SearchAction\",\"target\":{\"@type\":\"EntryPoint\",\"urlTemplate\":\"https:\/\/www.amsted.com\/pt-br\/?s={search_term_string}\"},\"query-input\":{\"@type\":\"PropertyValueSpecification\",\"valueRequired\":true,\"valueName\":\"search_term_string\"}}],\"inLanguage\":\"pt-BR\"}]}<\/script>\n<!-- \/ Yoast SEO plugin. -->","yoast_head_json":{"title":"para eMobilidade - Amsted Industries","robots":{"index":"index","follow":"follow","max-snippet":"max-snippet:-1","max-image-preview":"max-image-preview:large","max-video-preview":"max-video-preview:-1"},"canonical":"https:\/\/www.amsted.com\/pt-br\/produtos-servicos\/para-emobilidade\/","og_locale":"pt_BR","og_type":"article","og_title":"para eMobilidade - Amsted Industries","og_description":"Produtos &amp; servi\u00e7os para eMobilidade Nossos investimentos em tecnologias avan\u00e7adas est\u00e3o alinhados com a evolu\u00e7\u00e3o dos neg\u00f3cios de nossos clientes, bem como nossa vis\u00e3o para um futuro mais limpo e eficiente. Solu\u00e7\u00f5es el\u00e9tricas para a ind\u00fastria automotiva Amsted Automotive integra solu\u00e7\u00f5es de tecnologia de processos e produtos para HEV e BEV. Sistemas de comuta\u00e7\u00e3o de [&hellip;]","og_url":"https:\/\/www.amsted.com\/pt-br\/produtos-servicos\/para-emobilidade\/","og_site_name":"Amsted Industries","article_modified_time":"2022-09-15T20:43:05+00:00","og_image":[{"url":"https:\/\/live-amsted-industries.pantheonsite.io\/wp-content\/uploads\/2022\/08\/aa-ev-product.jpg","type":"","width":"","height":""}],"twitter_card":"summary_large_image","twitter_misc":{"Est. reading time":"1 minute"},"schema":{"@context":"https:\/\/schema.org","@graph":[{"@type":"WebPage","@id":"https:\/\/www.amsted.com\/pt-br\/produtos-servicos\/para-emobilidade\/","url":"https:\/\/www.amsted.com\/pt-br\/produtos-servicos\/para-emobilidade\/","name":"para eMobilidade - Amsted Industries","isPartOf":{"@id":"https:\/\/www.amsted.com\/pt-br\/#website"},"primaryImageOfPage":{"@id":"https:\/\/www.amsted.com\/pt-br\/produtos-servicos\/para-emobilidade\/#primaryimage"},"image":{"@id":"https:\/\/www.amsted.com\/pt-br\/produtos-servicos\/para-emobilidade\/#primaryimage"},"thumbnailUrl":"https:\/\/live-amsted-industries.pantheonsite.io\/wp-content\/uploads\/2022\/08\/aa-ev-product.jpg","datePublished":"2022-06-02T02:31:40+00:00","dateModified":"2022-09-15T20:43:05+00:00","breadcrumb":{"@id":"https:\/\/www.amsted.com\/pt-br\/produtos-servicos\/para-emobilidade\/#breadcrumb"},"inLanguage":"pt-BR","potentialAction":[{"@type":"ReadAction","target":["https:\/\/www.amsted.com\/pt-br\/produtos-servicos\/para-emobilidade\/"]}]},{"@type":"ImageObject","inLanguage":"pt-BR","@id":"https:\/\/www.amsted.com\/pt-br\/produtos-servicos\/para-emobilidade\/#primaryimage","url":"https:\/\/live-amsted-industries.pantheonsite.io\/wp-content\/uploads\/2022\/08\/aa-ev-product.jpg","contentUrl":"https:\/\/live-amsted-industries.pantheonsite.io\/wp-content\/uploads\/2022\/08\/aa-ev-product.jpg"},{"@type":"BreadcrumbList","@id":"https:\/\/www.amsted.com\/pt-br\/produtos-servicos\/para-emobilidade\/#breadcrumb","itemListElement":[{"@type":"ListItem","position":1,"name":"Home","item":"https:\/\/www.amsted.com\/pt-br\/homepage\/"},{"@type":"ListItem","position":2,"name":"Produtos &amp; servi\u00e7os","item":"https:\/\/www.amsted.com\/pt-br\/produtos-servicos\/"},{"@type":"ListItem","position":3,"name":"para eMobilidade"}]},{"@type":"WebSite","@id":"https:\/\/www.amsted.com\/pt-br\/#website","url":"https:\/\/www.amsted.com\/pt-br\/","name":"Amsted Industries","description":"Just another WordPress site","potentialAction":[{"@type":"SearchAction","target":{"@type":"EntryPoint","urlTemplate":"https:\/\/www.amsted.com\/pt-br\/?s={search_term_string}"},"query-input":{"@type":"PropertyValueSpecification","valueRequired":true,"valueName":"search_term_string"}}],"inLanguage":"pt-BR"}]}},"_links":{"self":[{"href":"https:\/\/www.amsted.com\/pt-br\/wp-json\/wp\/v2\/pages\/5736","targetHints":{"allow":["GET"]}}],"collection":[{"href":"https:\/\/www.amsted.com\/pt-br\/wp-json\/wp\/v2\/pages"}],"about":[{"href":"https:\/\/www.amsted.com\/pt-br\/wp-json\/wp\/v2\/types\/page"}],"author":[{"embeddable":true,"href":"https:\/\/www.amsted.com\/pt-br\/wp-json\/wp\/v2\/users\/1"}],"replies":[{"embeddable":true,"href":"https:\/\/www.amsted.com\/pt-br\/wp-json\/wp\/v2\/comments?post=5736"}],"version-history":[{"count":3,"href":"https:\/\/www.amsted.com\/pt-br\/wp-json\/wp\/v2\/pages\/5736\/revisions"}],"predecessor-version":[{"id":5739,"href":"https:\/\/www.amsted.com\/pt-br\/wp-json\/wp\/v2\/pages\/5736\/revisions\/5739"}],"up":[{"embeddable":true,"href":"https:\/\/www.amsted.com\/pt-br\/wp-json\/wp\/v2\/pages\/5708"}],"wp:attachment":[{"href":"https:\/\/www.amsted.com\/pt-br\/wp-json\/wp\/v2\/media?parent=5736"}],"wp:term":[{"taxonomy":"search-category","embeddable":true,"href":"https:\/\/www.amsted.com\/pt-br\/wp-json\/wp\/v2\/search-category?post=5736"}],"curies":[{"name":"wp","href":"https:\/\/api.w.org\/{rel}","templated":true}]}}