{"id":5706,"date":"2022-06-02T02:37:02","date_gmt":"2022-06-02T02:37:02","guid":{"rendered":"https:\/\/live-amsted-industries.pantheonsite.io\/politica-de-privacidade\/"},"modified":"2022-09-15T20:21:09","modified_gmt":"2022-09-15T20:21:09","slug":"politica-de-privacidade","status":"publish","type":"page","link":"https:\/\/www.amsted.com\/pt-br\/politica-de-privacidade\/","title":{"rendered":"Pol\u00edtica de privacidade"},"content":{"rendered":"\t\t<div data-elementor-type=\"wp-page\" data-elementor-id=\"5706\" class=\"elementor elementor-5706 elementor-220\" data-elementor-post-type=\"page\">\n\t\t\t\t\t\t<section class=\"elementor-section elementor-top-section elementor-element elementor-element-d6307f5 elementor-section-boxed elementor-section-height-default elementor-section-height-default\" data-id=\"d6307f5\" data-element_type=\"section\" data-e-type=\"section\">\n\t\t\t\t\t\t<div class=\"elementor-container elementor-column-gap-default\">\n\t\t\t\t\t<div class=\"elementor-column elementor-col-100 elementor-top-column elementor-element elementor-element-642d1df\" data-id=\"642d1df\" data-element_type=\"column\" data-e-type=\"column\">\n\t\t\t<div class=\"elementor-widget-wrap elementor-element-populated\">\n\t\t\t\t\t\t<section class=\"elementor-section elementor-inner-section elementor-element elementor-element-a2878a2 elementor-section-boxed elementor-section-height-default elementor-section-height-default\" data-id=\"a2878a2\" data-element_type=\"section\" data-e-type=\"section\" data-settings=\"{&quot;background_background&quot;:&quot;video&quot;}\">\n\t\t\t\t\t\t<div class=\"elementor-container elementor-column-gap-default\">\n\t\t\t\t\t<div class=\"elementor-column elementor-col-50 elementor-inner-column elementor-element elementor-element-a926fcd\" data-id=\"a926fcd\" data-element_type=\"column\" data-e-type=\"column\">\n\t\t\t<div class=\"elementor-widget-wrap elementor-element-populated\">\n\t\t\t\t\t\t<div class=\"elementor-element elementor-element-2b29944 elementor-widget elementor-widget-heading\" data-id=\"2b29944\" data-element_type=\"widget\" data-e-type=\"widget\" data-widget_type=\"heading.default\">\n\t\t\t\t<div class=\"elementor-widget-container\">\n\t\t\t\t\t<h1 class=\"elementor-heading-title elementor-size-default\">Pol\u00edtica de privacidade<\/h1>\t\t\t\t<\/div>\n\t\t\t\t<\/div>\n\t\t\t\t\t<\/div>\n\t\t<\/div>\n\t\t\t\t<div class=\"elementor-column elementor-col-50 elementor-inner-column elementor-element elementor-element-ffde90f\" data-id=\"ffde90f\" data-element_type=\"column\" data-e-type=\"column\">\n\t\t\t<div class=\"elementor-widget-wrap\">\n\t\t\t\t\t\t\t<\/div>\n\t\t<\/div>\n\t\t\t\t\t<\/div>\n\t\t<\/section>\n\t\t\t\t\t<\/div>\n\t\t<\/div>\n\t\t\t\t\t<\/div>\n\t\t<\/section>\n\t\t\t\t<section class=\"elementor-section elementor-top-section elementor-element elementor-element-47f7e01 elementor-section-boxed elementor-section-height-default elementor-section-height-default\" data-id=\"47f7e01\" data-element_type=\"section\" data-e-type=\"section\">\n\t\t\t\t\t\t<div class=\"elementor-container elementor-column-gap-default\">\n\t\t\t\t\t<div class=\"elementor-column elementor-col-100 elementor-top-column elementor-element elementor-element-2d50d56\" data-id=\"2d50d56\" data-element_type=\"column\" data-e-type=\"column\">\n\t\t\t<div class=\"elementor-widget-wrap elementor-element-populated\">\n\t\t\t\t\t\t<div class=\"elementor-element elementor-element-cd72076 elementor-widget elementor-widget-text-editor\" data-id=\"cd72076\" data-element_type=\"widget\" data-e-type=\"widget\" data-widget_type=\"text-editor.default\">\n\t\t\t\t<div class=\"elementor-widget-container\">\n\t\t\t\t\t\t\t\t\t<p><span style=\"font-weight: 400;\">A Amsted Industries est\u00e1 empenhada em proteger a sua privacidade e desenvolver tecnologia que lhe proporcione a experi\u00eancia online mais poderosa e segura. Esta Declara\u00e7\u00e3o de Privacidade se aplica ao site da Amsted Industries e rege a coleta e o uso de dados. Ao usar o site da Amsted Industries, voc\u00ea concorda com as pr\u00e1ticas de dados descritas nesta declara\u00e7\u00e3o.  <\/span><\/p>\n<p><b>Coleta de suas informa\u00e7\u00f5es pessoais<\/b><\/p>\n<p><span style=\"font-weight: 400;\">A Amsted Industries coleta informa\u00e7\u00f5es de identifica\u00e7\u00e3o pessoal, como seu endere\u00e7o de e-mail, nome, endere\u00e7o residencial ou comercial ou n\u00famero de telefone. A Amsted Industries tamb\u00e9m coleta informa\u00e7\u00f5es demogr\u00e1ficas an\u00f4nimas, que n\u00e3o s\u00e3o exclusivas de voc\u00ea, como seu CEP, idade, sexo, prefer\u00eancias, interesses e favoritos. <\/span><\/p>\n<p><span style=\"font-weight: 400;\">H\u00e1 tamb\u00e9m informa\u00e7\u00f5es sobre o hardware e software do seu computador que s\u00e3o coletadas automaticamente pela Amsted Industries. Essas informa\u00e7\u00f5es podem incluir: seu endere\u00e7o IP, tipo de navegador, nomes de dom\u00ednio, hor\u00e1rios de acesso e endere\u00e7os de sites de refer\u00eancia. Essas informa\u00e7\u00f5es s\u00e3o usadas pela Amsted Industries para a opera\u00e7\u00e3o do servi\u00e7o, para manter a qualidade do servi\u00e7o e para fornecer estat\u00edsticas gerais sobre o uso do site da Amsted Industries.  <\/span><\/p>\n<p><span style=\"font-weight: 400;\">Lembre-se de que, se voc\u00ea divulgar diretamente informa\u00e7\u00f5es de identifica\u00e7\u00e3o pessoal ou dados pessoais confidenciais por meio de quadros de mensagens p\u00fablicas da Amsted Industries, essas informa\u00e7\u00f5es poder\u00e3o ser coletadas e usadas por outras pessoas. Observa\u00e7\u00e3o: A Amsted Industries n\u00e3o l\u00ea nenhuma de suas comunica\u00e7\u00f5es privadas online. <\/span><\/p>\n<p><span style=\"font-weight: 400;\">A Amsted Industries encoraja voc\u00ea a revisar as declara\u00e7\u00f5es de privacidade dos sites da Web que voc\u00ea escolher para vincular da Amsted Industries para que voc\u00ea possa entender como esses sites coletam, usam e compartilham suas informa\u00e7\u00f5es. A Amsted Industries n\u00e3o \u00e9 respons\u00e1vel pelas declara\u00e7\u00f5es de privacidade ou outro conte\u00fado em sites fora da fam\u00edlia de sites da Amsted Industries e Amsted Industries. <\/span><\/p>\n<p><b>Uso de suas informa\u00e7\u00f5es pessoais<\/b><\/p>\n<p><span style=\"font-weight: 400;\">A Amsted Industries coleta e usa suas informa\u00e7\u00f5es pessoais para operar o site da Amsted Industries e fornecer os servi\u00e7os solicitados por voc\u00ea. A Amsted Industries tamb\u00e9m usa suas informa\u00e7\u00f5es de identifica\u00e7\u00e3o pessoal para inform\u00e1-lo sobre outros produtos ou servi\u00e7os disponibilizados pela Amsted Industries e suas afiliadas. A Amsted Industries pode tamb\u00e9m contat\u00e1-lo atrav\u00e9s de inqu\u00e9ritos acerca da sua opini\u00e3o sobre os servi\u00e7os atuais ou futuros a disponibilizar.  <\/span><\/p>\n<p><span style=\"font-weight: 400;\">A Amsted Industries n\u00e3o vende, aluga ou arrenda suas listas de clientes a terceiros. A Amsted Industries pode, de tempos em tempos, contat\u00e1-lo em nome de parceiros de neg\u00f3cios externos sobre uma oferta espec\u00edfica que possa ser de seu interesse. Nesses casos, suas informa\u00e7\u00f5es de identifica\u00e7\u00e3o pessoal exclusivas (e-mail, nome, endere\u00e7o, n\u00famero de telefone) n\u00e3o s\u00e3o transferidas para terceiros. Al\u00e9m disso, a Amsted Industries pode compartilhar dados com parceiros confi\u00e1veis para nos ajudar a realizar an\u00e1lises estat\u00edsticas, enviar e-mail ou correio postal, fornecer suporte ao cliente ou providenciar entregas. Todos esses terceiros est\u00e3o proibidos de usar suas informa\u00e7\u00f5es pessoais, exceto para fornecer esses servi\u00e7os \u00e0 Amsted Industries, e s\u00e3o obrigados a manter a confidencialidade de suas informa\u00e7\u00f5es.    <\/span><\/p>\n<p><span style=\"font-weight: 400;\">A Amsted Industries n\u00e3o usa nem divulga informa\u00e7\u00f5es pessoais confidenciais, como ra\u00e7a, religi\u00e3o ou afilia\u00e7\u00f5es pol\u00edticas, sem o seu consentimento expl\u00edcito.<\/span><\/p>\n<p><span style=\"font-weight: 400;\">A Amsted Industries acompanha os sites e p\u00e1ginas que nossos clientes visitam dentro da Amsted Industries, para determinar quais servi\u00e7os da Amsted Industries s\u00e3o os mais populares. Esses dados s\u00e3o usados para fornecer conte\u00fado e publicidade personalizados dentro da Amsted Industries para clientes cujo comportamento indica que eles est\u00e3o interessados em uma \u00e1rea espec\u00edfica. <\/span><\/p>\n<p><span style=\"font-weight: 400;\">Os sites da Amsted Industries divulgar\u00e3o suas informa\u00e7\u00f5es pessoais, sem aviso pr\u00e9vio, somente se exigido por lei ou na cren\u00e7a de boa f\u00e9 de que tal a\u00e7\u00e3o \u00e9 necess\u00e1ria para: (a) estar em conformidade com os decretos da lei ou cumprir com o processo legal servido na Amsted Industries ou no site; (b) proteger e defender os direitos ou propriedade da Amsted Industries; e, (c) agir sob circunst\u00e2ncias que exijam a prote\u00e7\u00e3o da seguran\u00e7a pessoal dos usu\u00e1rios do Amsted Industries, ou do p\u00fablico.   <\/span><\/p>\n<p><b>Uso de cookies<\/b><\/p>\n<p><span style=\"font-weight: 400;\">O site da Amsted Industries usa \u201ccookies\u201d para ajud\u00e1-lo a personalizar sua experi\u00eancia online. Um cookie \u00e9 um arquivo de texto que \u00e9 colocado em seu disco r\u00edgido por um servidor de p\u00e1gina da Web. Um cookie \u00e9 um arquivo de texto que \u00e9 colocado em seu disco r\u00edgido por um servidor de p\u00e1gina da Web. Os cookies s\u00e3o atribu\u00eddos exclusivamente a voc\u00ea e s\u00f3 podem ser lidos por um servidor da Web no dom\u00ednio que emitiu o cookie para voc\u00ea.   <\/span><\/p>\n<p><span style=\"font-weight: 400;\">Um dos principais objetivos dos cookies \u00e9 fornecer um recurso de conveni\u00eancia para economizar seu tempo. A finalidade de um cookie \u00e9 informar ao servidor da Web que voc\u00ea retornou a uma p\u00e1gina espec\u00edfica. Por exemplo, se voc\u00ea personalizar as p\u00e1ginas da Amsted Industries ou se registrar no site ou nos servi\u00e7os da Amsted Industries, um cookie ajudar\u00e1 a Amsted Industries a recuperar suas informa\u00e7\u00f5es espec\u00edficas em visitas subsequentes. Isso simplifica o processo de registro de suas informa\u00e7\u00f5es pessoais, como endere\u00e7os de cobran\u00e7a, endere\u00e7os de entrega e assim por diante. Ao retornar ao mesmo site da Amsted Industries, as informa\u00e7\u00f5es fornecidas anteriormente podem ser recuperadas, para que voc\u00ea possa usar facilmente os recursos da Amsted Industries personalizados.    <\/span><\/p>\n<p><span style=\"font-weight: 400;\">Voc\u00ea pode aceitar ou recusar cookies. A maioria dos navegadores da Web aceita cookies automaticamente, mas geralmente voc\u00ea pode modificar a configura\u00e7\u00e3o do navegador para recusar cookies, se preferir. Se voc\u00ea optar por recusar os cookies, talvez n\u00e3o consiga experimentar totalmente os recursos interativos dos servi\u00e7os da Amsted Industries ou dos sites que voc\u00ea visita.  <\/span><\/p>\n<p><b>Seguran\u00e7a de suas informa\u00e7\u00f5es pessoais<\/b><\/p>\n<p><span style=\"font-weight: 400;\">A Amsted Industries protege suas informa\u00e7\u00f5es pessoais contra acesso, uso ou divulga\u00e7\u00e3o n\u00e3o autorizados. A Amsted Industries protege as informa\u00e7\u00f5es de identifica\u00e7\u00e3o pessoal que voc\u00ea fornece em servidores de computador em um ambiente controlado e seguro, protegido contra acesso, uso ou divulga\u00e7\u00e3o n\u00e3o autorizados. Quando informa\u00e7\u00f5es pessoais (como um n\u00famero de cart\u00e3o de cr\u00e9dito) s\u00e3o transmitidas para outros sites, elas s\u00e3o protegidas pelo uso de criptografia, como o protocolo Secure Socket Layer (SSL).  <\/span><\/p>\n<p><b>Altera\u00e7\u00f5es nesta declara\u00e7\u00e3o<\/b><\/p>\n<p><span style=\"font-weight: 400;\">A Amsted Industries ocasionalmente atualizar\u00e1 esta Declara\u00e7\u00e3o de Privacidade para refletir o feedback da empresa e do cliente. Amsted Industries encoraja voc\u00ea a rever este documento periodicamente para estar informado de como Amsted Industries est\u00e1 protegendo sua informa\u00e7\u00e3o. <\/span><\/p>\n<p><b>Informa\u00e7\u00f5es de contato<\/b><\/p>\n<p><span style=\"font-weight: 400;\">A Amsted Industries agradece seus coment\u00e1rios sobre esta Declara\u00e7\u00e3o de Privacidade. Se voc\u00ea acredita que a Amsted Industries n\u00e3o aderiu a esta Declara\u00e7\u00e3o, entre em contato com a Amsted Industries em wluce@amsted.com. Usaremos esfor\u00e7os comercialmente razo\u00e1veis para determinar e solucionar o problema imediatamente.   <\/span><\/p><\/p>\n\t\t\t\t\t\t\t\t<\/div>\n\t\t\t\t<\/div>\n\t\t\t\t\t<\/div>\n\t\t<\/div>\n\t\t\t\t\t<\/div>\n\t\t<\/section>\n\t\t\t\t<\/div>\n\t\t","protected":false},"excerpt":{"rendered":"<p>A Amsted Industries est\u00e1 empenhada em proteger a sua privacidade e desenvolver tecnologia que lhe proporcione a experi\u00eancia online mais poderosa e segura. Esta Declara\u00e7\u00e3o de Privacidade se aplica ao site da Amsted Industries e rege a coleta e o uso de dados. Ao usar o site da Amsted Industries, voc\u00ea concorda com as pr\u00e1ticas [&hellip;]<\/p>\n","protected":false},"author":1,"featured_media":0,"parent":0,"menu_order":0,"comment_status":"closed","ping_status":"closed","template":"","meta":{"_acf_changed":false,"footnotes":""},"search-category":[],"class_list":["post-5706","page","type-page","status-publish","hentry"],"acf":[],"yoast_head":"<!-- This site is optimized with the Yoast SEO plugin v27.2 - https:\/\/yoast.com\/product\/yoast-seo-wordpress\/ -->\n<title>Pol\u00edtica de privacidade - Amsted Industries<\/title>\n<meta name=\"robots\" content=\"index, follow, max-snippet:-1, max-image-preview:large, max-video-preview:-1\" \/>\n<link rel=\"canonical\" href=\"https:\/\/www.amsted.com\/pt-br\/politica-de-privacidade\/\" \/>\n<meta property=\"og:locale\" content=\"pt_BR\" \/>\n<meta property=\"og:type\" content=\"article\" \/>\n<meta property=\"og:title\" content=\"Pol\u00edtica de privacidade - Amsted Industries\" \/>\n<meta property=\"og:description\" content=\"A Amsted Industries est\u00e1 empenhada em proteger a sua privacidade e desenvolver tecnologia que lhe proporcione a experi\u00eancia online mais poderosa e segura. Esta Declara\u00e7\u00e3o de Privacidade se aplica ao site da Amsted Industries e rege a coleta e o uso de dados. Ao usar o site da Amsted Industries, voc\u00ea concorda com as pr\u00e1ticas [&hellip;]\" \/>\n<meta property=\"og:url\" content=\"https:\/\/www.amsted.com\/pt-br\/politica-de-privacidade\/\" \/>\n<meta property=\"og:site_name\" content=\"Amsted Industries\" \/>\n<meta property=\"article:modified_time\" content=\"2022-09-15T20:21:09+00:00\" \/>\n<meta name=\"twitter:card\" content=\"summary_large_image\" \/>\n<meta name=\"twitter:label1\" content=\"Est. reading time\" \/>\n\t<meta name=\"twitter:data1\" content=\"6 minutes\" \/>\n<script type=\"application\/ld+json\" class=\"yoast-schema-graph\">{\"@context\":\"https:\/\/schema.org\",\"@graph\":[{\"@type\":\"WebPage\",\"@id\":\"https:\/\/www.amsted.com\/pt-br\/politica-de-privacidade\/\",\"url\":\"https:\/\/www.amsted.com\/pt-br\/politica-de-privacidade\/\",\"name\":\"Pol\u00edtica de privacidade - Amsted Industries\",\"isPartOf\":{\"@id\":\"https:\/\/www.amsted.com\/pt-br\/#website\"},\"datePublished\":\"2022-06-02T02:37:02+00:00\",\"dateModified\":\"2022-09-15T20:21:09+00:00\",\"breadcrumb\":{\"@id\":\"https:\/\/www.amsted.com\/pt-br\/politica-de-privacidade\/#breadcrumb\"},\"inLanguage\":\"pt-BR\",\"potentialAction\":[{\"@type\":\"ReadAction\",\"target\":[\"https:\/\/www.amsted.com\/pt-br\/politica-de-privacidade\/\"]}]},{\"@type\":\"BreadcrumbList\",\"@id\":\"https:\/\/www.amsted.com\/pt-br\/politica-de-privacidade\/#breadcrumb\",\"itemListElement\":[{\"@type\":\"ListItem\",\"position\":1,\"name\":\"Home\",\"item\":\"https:\/\/www.amsted.com\/pt-br\/homepage\/\"},{\"@type\":\"ListItem\",\"position\":2,\"name\":\"Pol\u00edtica de privacidade\"}]},{\"@type\":\"WebSite\",\"@id\":\"https:\/\/www.amsted.com\/pt-br\/#website\",\"url\":\"https:\/\/www.amsted.com\/pt-br\/\",\"name\":\"Amsted Industries\",\"description\":\"Just another WordPress site\",\"potentialAction\":[{\"@type\":\"SearchAction\",\"target\":{\"@type\":\"EntryPoint\",\"urlTemplate\":\"https:\/\/www.amsted.com\/pt-br\/?s={search_term_string}\"},\"query-input\":{\"@type\":\"PropertyValueSpecification\",\"valueRequired\":true,\"valueName\":\"search_term_string\"}}],\"inLanguage\":\"pt-BR\"}]}<\/script>\n<!-- \/ Yoast SEO plugin. -->","yoast_head_json":{"title":"Pol\u00edtica de privacidade - Amsted Industries","robots":{"index":"index","follow":"follow","max-snippet":"max-snippet:-1","max-image-preview":"max-image-preview:large","max-video-preview":"max-video-preview:-1"},"canonical":"https:\/\/www.amsted.com\/pt-br\/politica-de-privacidade\/","og_locale":"pt_BR","og_type":"article","og_title":"Pol\u00edtica de privacidade - Amsted Industries","og_description":"A Amsted Industries est\u00e1 empenhada em proteger a sua privacidade e desenvolver tecnologia que lhe proporcione a experi\u00eancia online mais poderosa e segura. Esta Declara\u00e7\u00e3o de Privacidade se aplica ao site da Amsted Industries e rege a coleta e o uso de dados. Ao usar o site da Amsted Industries, voc\u00ea concorda com as pr\u00e1ticas [&hellip;]","og_url":"https:\/\/www.amsted.com\/pt-br\/politica-de-privacidade\/","og_site_name":"Amsted Industries","article_modified_time":"2022-09-15T20:21:09+00:00","twitter_card":"summary_large_image","twitter_misc":{"Est. reading time":"6 minutes"},"schema":{"@context":"https:\/\/schema.org","@graph":[{"@type":"WebPage","@id":"https:\/\/www.amsted.com\/pt-br\/politica-de-privacidade\/","url":"https:\/\/www.amsted.com\/pt-br\/politica-de-privacidade\/","name":"Pol\u00edtica de privacidade - Amsted Industries","isPartOf":{"@id":"https:\/\/www.amsted.com\/pt-br\/#website"},"datePublished":"2022-06-02T02:37:02+00:00","dateModified":"2022-09-15T20:21:09+00:00","breadcrumb":{"@id":"https:\/\/www.amsted.com\/pt-br\/politica-de-privacidade\/#breadcrumb"},"inLanguage":"pt-BR","potentialAction":[{"@type":"ReadAction","target":["https:\/\/www.amsted.com\/pt-br\/politica-de-privacidade\/"]}]},{"@type":"BreadcrumbList","@id":"https:\/\/www.amsted.com\/pt-br\/politica-de-privacidade\/#breadcrumb","itemListElement":[{"@type":"ListItem","position":1,"name":"Home","item":"https:\/\/www.amsted.com\/pt-br\/homepage\/"},{"@type":"ListItem","position":2,"name":"Pol\u00edtica de privacidade"}]},{"@type":"WebSite","@id":"https:\/\/www.amsted.com\/pt-br\/#website","url":"https:\/\/www.amsted.com\/pt-br\/","name":"Amsted Industries","description":"Just another WordPress site","potentialAction":[{"@type":"SearchAction","target":{"@type":"EntryPoint","urlTemplate":"https:\/\/www.amsted.com\/pt-br\/?s={search_term_string}"},"query-input":{"@type":"PropertyValueSpecification","valueRequired":true,"valueName":"search_term_string"}}],"inLanguage":"pt-BR"}]}},"_links":{"self":[{"href":"https:\/\/www.amsted.com\/pt-br\/wp-json\/wp\/v2\/pages\/5706","targetHints":{"allow":["GET"]}}],"collection":[{"href":"https:\/\/www.amsted.com\/pt-br\/wp-json\/wp\/v2\/pages"}],"about":[{"href":"https:\/\/www.amsted.com\/pt-br\/wp-json\/wp\/v2\/types\/page"}],"author":[{"embeddable":true,"href":"https:\/\/www.amsted.com\/pt-br\/wp-json\/wp\/v2\/users\/1"}],"replies":[{"embeddable":true,"href":"https:\/\/www.amsted.com\/pt-br\/wp-json\/wp\/v2\/comments?post=5706"}],"version-history":[{"count":1,"href":"https:\/\/www.amsted.com\/pt-br\/wp-json\/wp\/v2\/pages\/5706\/revisions"}],"predecessor-version":[{"id":5707,"href":"https:\/\/www.amsted.com\/pt-br\/wp-json\/wp\/v2\/pages\/5706\/revisions\/5707"}],"wp:attachment":[{"href":"https:\/\/www.amsted.com\/pt-br\/wp-json\/wp\/v2\/media?parent=5706"}],"wp:term":[{"taxonomy":"search-category","embeddable":true,"href":"https:\/\/www.amsted.com\/pt-br\/wp-json\/wp\/v2\/search-category?post=5706"}],"curies":[{"name":"wp","href":"https:\/\/api.w.org\/{rel}","templated":true}]}}