{"id":5703,"date":"2022-06-02T02:33:33","date_gmt":"2022-06-02T02:33:33","guid":{"rendered":"https:\/\/live-amsted-industries.pantheonsite.io\/inovacao\/"},"modified":"2022-09-23T18:09:47","modified_gmt":"2022-09-23T18:09:47","slug":"inovacao","status":"publish","type":"page","link":"https:\/\/www.amsted.com\/pt-br\/inovacao\/","title":{"rendered":"Inova\u00e7\u00e3o"},"content":{"rendered":"\t\t<div data-elementor-type=\"wp-page\" data-elementor-id=\"5703\" class=\"elementor elementor-5703 elementor-200\" data-elementor-post-type=\"page\">\n\t\t\t\t\t\t<section class=\"elementor-section elementor-top-section elementor-element elementor-element-362a907 elementor-section-height-min-height elementor-section-full_width elementor-section-height-default elementor-section-items-middle\" data-id=\"362a907\" data-element_type=\"section\" data-e-type=\"section\" data-settings=\"{&quot;background_background&quot;:&quot;classic&quot;}\">\n\t\t\t\t\t\t\t<div class=\"elementor-background-overlay\"><\/div>\n\t\t\t\t\t\t\t<div class=\"elementor-container elementor-column-gap-default\">\n\t\t\t\t\t<div class=\"elementor-column elementor-col-100 elementor-top-column elementor-element elementor-element-35f6754\" data-id=\"35f6754\" data-element_type=\"column\" data-e-type=\"column\">\n\t\t\t<div class=\"elementor-widget-wrap elementor-element-populated\">\n\t\t\t\t\t\t<section class=\"elementor-section elementor-inner-section elementor-element elementor-element-3e111c7 elementor-section-boxed elementor-section-height-default elementor-section-height-default\" data-id=\"3e111c7\" data-element_type=\"section\" data-e-type=\"section\" data-settings=\"{&quot;background_background&quot;:&quot;video&quot;}\">\n\t\t\t\t\t\t<div class=\"elementor-container elementor-column-gap-default\">\n\t\t\t\t\t<div class=\"elementor-column elementor-col-50 elementor-inner-column elementor-element elementor-element-737162f\" data-id=\"737162f\" data-element_type=\"column\" data-e-type=\"column\">\n\t\t\t<div class=\"elementor-widget-wrap elementor-element-populated\">\n\t\t\t\t\t\t<div class=\"elementor-element elementor-element-f1c38b7 animated-slow elementor-invisible elementor-widget elementor-widget-heading\" data-id=\"f1c38b7\" data-element_type=\"widget\" data-e-type=\"widget\" data-settings=\"{&quot;_animation&quot;:&quot;fadeIn&quot;}\" data-widget_type=\"heading.default\">\n\t\t\t\t<div class=\"elementor-widget-container\">\n\t\t\t\t\t<h1 class=\"elementor-heading-title elementor-size-default\">Aproveitando nosso legado de inova\u00e7\u00e3o para liderar, transformar e redefinir neg\u00f3cios globais<\/h1>\t\t\t\t<\/div>\n\t\t\t\t<\/div>\n\t\t\t\t\t<\/div>\n\t\t<\/div>\n\t\t\t\t<div class=\"elementor-column elementor-col-50 elementor-inner-column elementor-element elementor-element-43c687d\" data-id=\"43c687d\" data-element_type=\"column\" data-e-type=\"column\">\n\t\t\t<div class=\"elementor-widget-wrap\">\n\t\t\t\t\t\t\t<\/div>\n\t\t<\/div>\n\t\t\t\t\t<\/div>\n\t\t<\/section>\n\t\t\t\t\t<\/div>\n\t\t<\/div>\n\t\t\t\t\t<\/div>\n\t\t<\/section>\n\t\t\t\t<section class=\"elementor-section elementor-top-section elementor-element elementor-element-125ffb2 elementor-section-full_width elementor-section-height-default elementor-section-height-default\" data-id=\"125ffb2\" data-element_type=\"section\" data-e-type=\"section\" data-settings=\"{&quot;background_background&quot;:&quot;classic&quot;}\">\n\t\t\t\t\t\t<div class=\"elementor-container elementor-column-gap-default\">\n\t\t\t\t\t<div class=\"elementor-column elementor-col-100 elementor-top-column elementor-element elementor-element-307193c\" data-id=\"307193c\" data-element_type=\"column\" data-e-type=\"column\">\n\t\t\t<div class=\"elementor-widget-wrap elementor-element-populated\">\n\t\t\t\t\t\t<section class=\"elementor-section elementor-inner-section elementor-element elementor-element-1ae1087 main-content elementor-section-boxed elementor-section-height-default elementor-section-height-default\" data-id=\"1ae1087\" data-element_type=\"section\" data-e-type=\"section\">\n\t\t\t\t\t\t<div class=\"elementor-container elementor-column-gap-default\">\n\t\t\t\t\t<div class=\"elementor-column elementor-col-50 elementor-inner-column elementor-element elementor-element-4f4caac\" data-id=\"4f4caac\" data-element_type=\"column\" data-e-type=\"column\">\n\t\t\t<div class=\"elementor-widget-wrap elementor-element-populated\">\n\t\t\t\t\t\t<div class=\"elementor-element elementor-element-fa81575 elementor-widget elementor-widget-heading\" data-id=\"fa81575\" data-element_type=\"widget\" data-e-type=\"widget\" data-widget_type=\"heading.default\">\n\t\t\t\t<div class=\"elementor-widget-container\">\n\t\t\t\t\t<h2 class=\"elementor-heading-title elementor-size-default\">Os Pain\u00e9is de Tecnologia Amsted impulsionam a colabora\u00e7\u00e3o e o progresso entre os neg\u00f3cios<\/h2>\t\t\t\t<\/div>\n\t\t\t\t<\/div>\n\t\t\t\t<div class=\"elementor-element elementor-element-58c5e5d elementor-widget elementor-widget-text-editor\" data-id=\"58c5e5d\" data-element_type=\"widget\" data-e-type=\"widget\" data-widget_type=\"text-editor.default\">\n\t\t\t\t<div class=\"elementor-widget-container\">\n\t\t\t\t\t\t\t\t\t<p>N\u00f3s nos esfor\u00e7amos para criar um ambiente que facilite a comunica\u00e7\u00e3o aberta e o compartilhamento de conhecimento em todas as ind\u00fastrias da Amsted. Quando sa\u00edmos de nossos silos de trabalho e abrimos nossas mentes para novas e diferentes maneiras de pensar, nos tornamos maiores do que a soma das partes. \u00c9 por isso que implementamos o Amsted Technology Panels, um ecossistema de colabora\u00e7\u00e3o entre as entidades da Amsted Industries que nos permite identificar coletivamente tend\u00eancias de mercado, disseminar informa\u00e7\u00f5es e criar uma vis\u00e3o \u00fanica de futuro para os neg\u00f3cios da Amsted.  <\/p>\n\t\t\t\t\t\t\t\t<\/div>\n\t\t\t\t<\/div>\n\t\t\t\t\t<\/div>\n\t\t<\/div>\n\t\t\t\t<div class=\"elementor-column elementor-col-50 elementor-inner-column elementor-element elementor-element-fda72eb\" data-id=\"fda72eb\" data-element_type=\"column\" data-e-type=\"column\">\n\t\t\t<div class=\"elementor-widget-wrap elementor-element-populated\">\n\t\t\t\t\t\t<div class=\"elementor-element elementor-element-5bd6bfb elementor-invisible elementor-widget elementor-widget-text-editor\" data-id=\"5bd6bfb\" data-element_type=\"widget\" data-e-type=\"widget\" data-settings=\"{&quot;_animation&quot;:&quot;fadeIn&quot;,&quot;_animation_delay&quot;:100}\" data-widget_type=\"text-editor.default\">\n\t\t\t\t<div class=\"elementor-widget-container\">\n\t\t\t\t\t\t\t\t\t<p>Com as novas tecnologias vem a oportunidade. A inova\u00e7\u00e3o \u00e9 um princ\u00edpio central da Amsted Industries \u2013 todos os nossos funcion\u00e1rios t\u00eam o poder de fazer perguntas, pensar fora da caixa e desafiar o status quo. Usamos a inova\u00e7\u00e3o para melhorar nossos produtos existentes, desenvolver solu\u00e7\u00f5es novas e revolucion\u00e1rias para melhor atender nossos clientes, melhorar nossos processos de fabrica\u00e7\u00e3o e diminuir o impacto ambiental geral.  <\/p>\n\t\t\t\t\t\t\t\t<\/div>\n\t\t\t\t<\/div>\n\t\t\t\t<div class=\"elementor-element elementor-element-e1845c2 elementor-widget elementor-widget-text-editor\" data-id=\"e1845c2\" data-element_type=\"widget\" data-e-type=\"widget\" data-widget_type=\"text-editor.default\">\n\t\t\t\t<div class=\"elementor-widget-container\">\n\t\t\t\t\t\t\t\t\t<ul>\n<li>Painel Internet das Coisas<\/li>\n<li>Painel de Tecnologia de Manufatura Aditiva<\/li>\n<li>Painel de Tecnologia de Metalurgia e Materiais<\/li>\n<li>Painel de Sistemas de Vis\u00e3o<\/li>\n<li>Conselho de Inova\u00e7\u00e3o\/Automa\u00e7\u00e3o<\/li>\n<li>Painel de Opera\u00e7\u00f5es<\/li>\n<\/ul>\n\t\t\t\t\t\t\t\t<\/div>\n\t\t\t\t<\/div>\n\t\t\t\t\t<\/div>\n\t\t<\/div>\n\t\t\t\t\t<\/div>\n\t\t<\/section>\n\t\t\t\t\t<\/div>\n\t\t<\/div>\n\t\t\t\t\t<\/div>\n\t\t<\/section>\n\t\t\t\t<section class=\"elementor-section elementor-top-section elementor-element elementor-element-0981b73 elementor-section-boxed elementor-section-height-default elementor-section-height-default\" data-id=\"0981b73\" data-element_type=\"section\" data-e-type=\"section\" data-settings=\"{&quot;background_background&quot;:&quot;classic&quot;}\">\n\t\t\t\t\t\t<div class=\"elementor-container elementor-column-gap-default\">\n\t\t\t\t\t<div class=\"elementor-column elementor-col-100 elementor-top-column elementor-element elementor-element-93a67a6\" data-id=\"93a67a6\" data-element_type=\"column\" data-e-type=\"column\">\n\t\t\t<div class=\"elementor-widget-wrap elementor-element-populated\">\n\t\t\t\t\t\t<section class=\"elementor-section elementor-inner-section elementor-element elementor-element-caadf32 elementor-section-boxed elementor-section-height-default elementor-section-height-default\" data-id=\"caadf32\" data-element_type=\"section\" data-e-type=\"section\">\n\t\t\t\t\t\t<div class=\"elementor-container elementor-column-gap-default\">\n\t\t\t\t\t<div class=\"elementor-column elementor-col-100 elementor-inner-column elementor-element elementor-element-fd39e7f\" data-id=\"fd39e7f\" data-element_type=\"column\" data-e-type=\"column\">\n\t\t\t<div class=\"elementor-widget-wrap elementor-element-populated\">\n\t\t\t\t\t\t<div class=\"elementor-element elementor-element-d82750c elementor-widget elementor-widget-heading\" data-id=\"d82750c\" data-element_type=\"widget\" data-e-type=\"widget\" data-widget_type=\"heading.default\">\n\t\t\t\t<div class=\"elementor-widget-container\">\n\t\t\t\t\t<h2 class=\"elementor-heading-title elementor-size-default\">Nossos parceiros de inova\u00e7\u00e3o<\/h2>\t\t\t\t<\/div>\n\t\t\t\t<\/div>\n\t\t\t\t\t<\/div>\n\t\t<\/div>\n\t\t\t\t\t<\/div>\n\t\t<\/section>\n\t\t\t\t<section class=\"elementor-section elementor-inner-section elementor-element elementor-element-6a7e8cf elementor-section-boxed elementor-section-height-default elementor-section-height-default\" data-id=\"6a7e8cf\" data-element_type=\"section\" data-e-type=\"section\">\n\t\t\t\t\t\t<div class=\"elementor-container elementor-column-gap-default\">\n\t\t\t\t\t<div class=\"elementor-column elementor-col-50 elementor-inner-column elementor-element elementor-element-c246c0b\" data-id=\"c246c0b\" data-element_type=\"column\" data-e-type=\"column\">\n\t\t\t<div class=\"elementor-widget-wrap elementor-element-populated\">\n\t\t\t\t\t\t<div class=\"elementor-element elementor-element-911a9a3 elementor-widget elementor-widget-image\" data-id=\"911a9a3\" data-element_type=\"widget\" data-e-type=\"widget\" data-widget_type=\"image.default\">\n\t\t\t\t<div class=\"elementor-widget-container\">\n\t\t\t\t\t\t\t\t\t\t\t\t\t\t\t<img fetchpriority=\"high\" decoding=\"async\" width=\"800\" height=\"314\" src=\"https:\/\/www.amsted.com\/wp-content\/uploads\/2022\/08\/upeishield.png\" class=\"attachment-large size-large wp-image-3001\" alt=\"\" srcset=\"https:\/\/www.amsted.com\/wp-content\/uploads\/2022\/08\/upeishield.png 800w, https:\/\/www.amsted.com\/wp-content\/uploads\/2022\/08\/upeishield-300x118.png 300w, https:\/\/www.amsted.com\/wp-content\/uploads\/2022\/08\/upeishield-768x301.png 768w\" sizes=\"(max-width: 800px) 100vw, 800px\" \/>\t\t\t\t\t\t\t\t\t\t\t\t\t\t\t<\/div>\n\t\t\t\t<\/div>\n\t\t\t\t\t<\/div>\n\t\t<\/div>\n\t\t\t\t<div class=\"elementor-column elementor-col-50 elementor-inner-column elementor-element elementor-element-8f312a2\" data-id=\"8f312a2\" data-element_type=\"column\" data-e-type=\"column\">\n\t\t\t<div class=\"elementor-widget-wrap elementor-element-populated\">\n\t\t\t\t\t\t<div class=\"elementor-element elementor-element-5a33a5e elementor-widget elementor-widget-heading\" data-id=\"5a33a5e\" data-element_type=\"widget\" data-e-type=\"widget\" data-widget_type=\"heading.default\">\n\t\t\t\t<div class=\"elementor-widget-container\">\n\t\t\t\t\t<h3 class=\"elementor-heading-title elementor-size-default\">A Universidade da Ilha do Pr\u00edncipe Eduardo<\/h3>\t\t\t\t<\/div>\n\t\t\t\t<\/div>\n\t\t\t\t<div class=\"elementor-element elementor-element-87c756c elementor-widget elementor-widget-text-editor\" data-id=\"87c756c\" data-element_type=\"widget\" data-e-type=\"widget\" data-widget_type=\"text-editor.default\">\n\t\t\t\t<div class=\"elementor-widget-container\">\n\t\t\t\t\t\t\t\t\t<p><a href=\"https:\/\/www.upei.ca\/\" target=\"_blank\" rel=\"noopener\"><span style=\"font-weight: 400;\">UPEI<\/span><\/a><span style=\"font-weight: 400;\"> \u2013 Colaboramos com os talentosos alunos e professores da UPEI em projetos de design s\u00eanior, onde eles enfrentaram nossos desafios de engenharia para produzir resultados implement\u00e1veis reais para nossos neg\u00f3cios. O excelente trabalho e a visibilidade dos alunos por meio desses projetos abriram as portas para o recrutamento e integra\u00e7\u00e3o de alunos ap\u00f3s a formatura em cargos de tempo integral na Amsted. <\/span><\/p>\n\t\t\t\t\t\t\t\t<\/div>\n\t\t\t\t<\/div>\n\t\t\t\t\t<\/div>\n\t\t<\/div>\n\t\t\t\t\t<\/div>\n\t\t<\/section>\n\t\t\t\t<section class=\"elementor-section elementor-inner-section elementor-element elementor-element-d3f66b7 elementor-section-boxed elementor-section-height-default elementor-section-height-default\" data-id=\"d3f66b7\" data-element_type=\"section\" data-e-type=\"section\">\n\t\t\t\t\t\t<div class=\"elementor-container elementor-column-gap-default\">\n\t\t\t\t\t<div class=\"elementor-column elementor-col-50 elementor-inner-column elementor-element elementor-element-b0f2645\" data-id=\"b0f2645\" data-element_type=\"column\" data-e-type=\"column\">\n\t\t\t<div class=\"elementor-widget-wrap elementor-element-populated\">\n\t\t\t\t\t\t<div class=\"elementor-element elementor-element-9fb585f elementor-widget elementor-widget-image\" data-id=\"9fb585f\" data-element_type=\"widget\" data-e-type=\"widget\" data-widget_type=\"image.default\">\n\t\t\t\t<div class=\"elementor-widget-container\">\n\t\t\t\t\t\t\t\t\t\t\t\t\t\t\t<img decoding=\"async\" width=\"800\" height=\"175\" src=\"https:\/\/www.amsted.com\/wp-content\/uploads\/2022\/08\/3color.png\" class=\"attachment-large size-large wp-image-3006\" alt=\"\" srcset=\"https:\/\/www.amsted.com\/wp-content\/uploads\/2022\/08\/3color.png 800w, https:\/\/www.amsted.com\/wp-content\/uploads\/2022\/08\/3color-300x66.png 300w, https:\/\/www.amsted.com\/wp-content\/uploads\/2022\/08\/3color-768x168.png 768w\" sizes=\"(max-width: 800px) 100vw, 800px\" \/>\t\t\t\t\t\t\t\t\t\t\t\t\t\t\t<\/div>\n\t\t\t\t<\/div>\n\t\t\t\t\t<\/div>\n\t\t<\/div>\n\t\t\t\t<div class=\"elementor-column elementor-col-50 elementor-inner-column elementor-element elementor-element-8ea4c34\" data-id=\"8ea4c34\" data-element_type=\"column\" data-e-type=\"column\">\n\t\t\t<div class=\"elementor-widget-wrap elementor-element-populated\">\n\t\t\t\t\t\t<div class=\"elementor-element elementor-element-15f79c0 elementor-widget elementor-widget-heading\" data-id=\"15f79c0\" data-element_type=\"widget\" data-e-type=\"widget\" data-widget_type=\"heading.default\">\n\t\t\t\t<div class=\"elementor-widget-container\">\n\t\t\t\t\t<h3 class=\"elementor-heading-title elementor-size-default\">Greentown Labs<\/h3>\t\t\t\t<\/div>\n\t\t\t\t<\/div>\n\t\t\t\t<div class=\"elementor-element elementor-element-4ed07fa elementor-widget elementor-widget-text-editor\" data-id=\"4ed07fa\" data-element_type=\"widget\" data-e-type=\"widget\" data-widget_type=\"text-editor.default\">\n\t\t\t\t<div class=\"elementor-widget-container\">\n\t\t\t\t\t\t\t\t\t<p><a href=\"https:\/\/greentownlabs.com\/\" target=\"_blank\" rel=\"noopener\"><span style=\"font-weight: 400;\">Greentown Labs<\/span><\/a><span style=\"font-weight: 400;\"> \u2013 A associa\u00e7\u00e3o ao MIT ILP da Amsted Industries permitiu que a BAC constru\u00edsse uma forte presen\u00e7a no ecossistema de inova\u00e7\u00e3o tecnol\u00f3gica Boston-Cambridge, levando ao desenvolvimento de um forte relacionamento com a Greentown Labs, a maior incubadora de startups de tecnologia limpa da Am\u00e9rica do Norte. Esse envolvimento com a Greentown Labs est\u00e1 nos dando acesso antecipado a tecnologias de ponta e oportunidades de parceria com os principais desenvolvedores de tecnologia, e \u00e9 um ativo fundamental em nossa miss\u00e3o de reinventar o resfriamento para sustentar o mundo. <\/span><\/p>\n\t\t\t\t\t\t\t\t<\/div>\n\t\t\t\t<\/div>\n\t\t\t\t\t<\/div>\n\t\t<\/div>\n\t\t\t\t\t<\/div>\n\t\t<\/section>\n\t\t\t\t\t<\/div>\n\t\t<\/div>\n\t\t\t\t\t<\/div>\n\t\t<\/section>\n\t\t\t\t<\/div>\n\t\t","protected":false},"excerpt":{"rendered":"<p>Aproveitando nosso legado de inova\u00e7\u00e3o para liderar, transformar e redefinir neg\u00f3cios globais Os Pain\u00e9is de Tecnologia Amsted impulsionam a colabora\u00e7\u00e3o e o progresso entre os neg\u00f3cios N\u00f3s nos esfor\u00e7amos para criar um ambiente que facilite a comunica\u00e7\u00e3o aberta e o compartilhamento de conhecimento em todas as ind\u00fastrias da Amsted. Quando sa\u00edmos de nossos silos de [&hellip;]<\/p>\n","protected":false},"author":1,"featured_media":0,"parent":0,"menu_order":0,"comment_status":"closed","ping_status":"closed","template":"","meta":{"_acf_changed":false,"footnotes":""},"search-category":[],"class_list":["post-5703","page","type-page","status-publish","hentry"],"acf":[],"yoast_head":"<!-- This site is optimized with the Yoast SEO plugin v27.2 - https:\/\/yoast.com\/product\/yoast-seo-wordpress\/ -->\n<title>Inova\u00e7\u00e3o - Amsted Industries<\/title>\n<meta name=\"robots\" content=\"index, follow, max-snippet:-1, max-image-preview:large, max-video-preview:-1\" \/>\n<link rel=\"canonical\" href=\"https:\/\/www.amsted.com\/pt-br\/inovacao\/\" \/>\n<meta property=\"og:locale\" content=\"pt_BR\" \/>\n<meta property=\"og:type\" content=\"article\" \/>\n<meta property=\"og:title\" content=\"Inova\u00e7\u00e3o - Amsted Industries\" \/>\n<meta property=\"og:description\" content=\"Aproveitando nosso legado de inova\u00e7\u00e3o para liderar, transformar e redefinir neg\u00f3cios globais Os Pain\u00e9is de Tecnologia Amsted impulsionam a colabora\u00e7\u00e3o e o progresso entre os neg\u00f3cios N\u00f3s nos esfor\u00e7amos para criar um ambiente que facilite a comunica\u00e7\u00e3o aberta e o compartilhamento de conhecimento em todas as ind\u00fastrias da Amsted. Quando sa\u00edmos de nossos silos de [&hellip;]\" \/>\n<meta property=\"og:url\" content=\"https:\/\/www.amsted.com\/pt-br\/inovacao\/\" \/>\n<meta property=\"og:site_name\" content=\"Amsted Industries\" \/>\n<meta property=\"article:modified_time\" content=\"2022-09-23T18:09:47+00:00\" \/>\n<meta property=\"og:image\" content=\"https:\/\/live-amsted-industries.pantheonsite.io\/wp-content\/uploads\/2022\/08\/upeishield.png\" \/>\n<meta name=\"twitter:card\" content=\"summary_large_image\" \/>\n<meta name=\"twitter:label1\" content=\"Est. reading time\" \/>\n\t<meta name=\"twitter:data1\" content=\"2 minutes\" \/>\n<script type=\"application\/ld+json\" class=\"yoast-schema-graph\">{\"@context\":\"https:\/\/schema.org\",\"@graph\":[{\"@type\":\"WebPage\",\"@id\":\"https:\/\/www.amsted.com\/pt-br\/inovacao\/\",\"url\":\"https:\/\/www.amsted.com\/pt-br\/inovacao\/\",\"name\":\"Inova\u00e7\u00e3o - Amsted Industries\",\"isPartOf\":{\"@id\":\"https:\/\/www.amsted.com\/pt-br\/#website\"},\"primaryImageOfPage\":{\"@id\":\"https:\/\/www.amsted.com\/pt-br\/inovacao\/#primaryimage\"},\"image\":{\"@id\":\"https:\/\/www.amsted.com\/pt-br\/inovacao\/#primaryimage\"},\"thumbnailUrl\":\"https:\/\/live-amsted-industries.pantheonsite.io\/wp-content\/uploads\/2022\/08\/upeishield.png\",\"datePublished\":\"2022-06-02T02:33:33+00:00\",\"dateModified\":\"2022-09-23T18:09:47+00:00\",\"breadcrumb\":{\"@id\":\"https:\/\/www.amsted.com\/pt-br\/inovacao\/#breadcrumb\"},\"inLanguage\":\"pt-BR\",\"potentialAction\":[{\"@type\":\"ReadAction\",\"target\":[\"https:\/\/www.amsted.com\/pt-br\/inovacao\/\"]}]},{\"@type\":\"ImageObject\",\"inLanguage\":\"pt-BR\",\"@id\":\"https:\/\/www.amsted.com\/pt-br\/inovacao\/#primaryimage\",\"url\":\"https:\/\/live-amsted-industries.pantheonsite.io\/wp-content\/uploads\/2022\/08\/upeishield.png\",\"contentUrl\":\"https:\/\/live-amsted-industries.pantheonsite.io\/wp-content\/uploads\/2022\/08\/upeishield.png\"},{\"@type\":\"BreadcrumbList\",\"@id\":\"https:\/\/www.amsted.com\/pt-br\/inovacao\/#breadcrumb\",\"itemListElement\":[{\"@type\":\"ListItem\",\"position\":1,\"name\":\"Home\",\"item\":\"https:\/\/www.amsted.com\/pt-br\/homepage\/\"},{\"@type\":\"ListItem\",\"position\":2,\"name\":\"Inova\u00e7\u00e3o\"}]},{\"@type\":\"WebSite\",\"@id\":\"https:\/\/www.amsted.com\/pt-br\/#website\",\"url\":\"https:\/\/www.amsted.com\/pt-br\/\",\"name\":\"Amsted Industries\",\"description\":\"Just another WordPress site\",\"potentialAction\":[{\"@type\":\"SearchAction\",\"target\":{\"@type\":\"EntryPoint\",\"urlTemplate\":\"https:\/\/www.amsted.com\/pt-br\/?s={search_term_string}\"},\"query-input\":{\"@type\":\"PropertyValueSpecification\",\"valueRequired\":true,\"valueName\":\"search_term_string\"}}],\"inLanguage\":\"pt-BR\"}]}<\/script>\n<!-- \/ Yoast SEO plugin. -->","yoast_head_json":{"title":"Inova\u00e7\u00e3o - Amsted Industries","robots":{"index":"index","follow":"follow","max-snippet":"max-snippet:-1","max-image-preview":"max-image-preview:large","max-video-preview":"max-video-preview:-1"},"canonical":"https:\/\/www.amsted.com\/pt-br\/inovacao\/","og_locale":"pt_BR","og_type":"article","og_title":"Inova\u00e7\u00e3o - Amsted Industries","og_description":"Aproveitando nosso legado de inova\u00e7\u00e3o para liderar, transformar e redefinir neg\u00f3cios globais Os Pain\u00e9is de Tecnologia Amsted impulsionam a colabora\u00e7\u00e3o e o progresso entre os neg\u00f3cios N\u00f3s nos esfor\u00e7amos para criar um ambiente que facilite a comunica\u00e7\u00e3o aberta e o compartilhamento de conhecimento em todas as ind\u00fastrias da Amsted. Quando sa\u00edmos de nossos silos de [&hellip;]","og_url":"https:\/\/www.amsted.com\/pt-br\/inovacao\/","og_site_name":"Amsted Industries","article_modified_time":"2022-09-23T18:09:47+00:00","og_image":[{"url":"https:\/\/live-amsted-industries.pantheonsite.io\/wp-content\/uploads\/2022\/08\/upeishield.png","type":"","width":"","height":""}],"twitter_card":"summary_large_image","twitter_misc":{"Est. reading time":"2 minutes"},"schema":{"@context":"https:\/\/schema.org","@graph":[{"@type":"WebPage","@id":"https:\/\/www.amsted.com\/pt-br\/inovacao\/","url":"https:\/\/www.amsted.com\/pt-br\/inovacao\/","name":"Inova\u00e7\u00e3o - Amsted Industries","isPartOf":{"@id":"https:\/\/www.amsted.com\/pt-br\/#website"},"primaryImageOfPage":{"@id":"https:\/\/www.amsted.com\/pt-br\/inovacao\/#primaryimage"},"image":{"@id":"https:\/\/www.amsted.com\/pt-br\/inovacao\/#primaryimage"},"thumbnailUrl":"https:\/\/live-amsted-industries.pantheonsite.io\/wp-content\/uploads\/2022\/08\/upeishield.png","datePublished":"2022-06-02T02:33:33+00:00","dateModified":"2022-09-23T18:09:47+00:00","breadcrumb":{"@id":"https:\/\/www.amsted.com\/pt-br\/inovacao\/#breadcrumb"},"inLanguage":"pt-BR","potentialAction":[{"@type":"ReadAction","target":["https:\/\/www.amsted.com\/pt-br\/inovacao\/"]}]},{"@type":"ImageObject","inLanguage":"pt-BR","@id":"https:\/\/www.amsted.com\/pt-br\/inovacao\/#primaryimage","url":"https:\/\/live-amsted-industries.pantheonsite.io\/wp-content\/uploads\/2022\/08\/upeishield.png","contentUrl":"https:\/\/live-amsted-industries.pantheonsite.io\/wp-content\/uploads\/2022\/08\/upeishield.png"},{"@type":"BreadcrumbList","@id":"https:\/\/www.amsted.com\/pt-br\/inovacao\/#breadcrumb","itemListElement":[{"@type":"ListItem","position":1,"name":"Home","item":"https:\/\/www.amsted.com\/pt-br\/homepage\/"},{"@type":"ListItem","position":2,"name":"Inova\u00e7\u00e3o"}]},{"@type":"WebSite","@id":"https:\/\/www.amsted.com\/pt-br\/#website","url":"https:\/\/www.amsted.com\/pt-br\/","name":"Amsted Industries","description":"Just another WordPress site","potentialAction":[{"@type":"SearchAction","target":{"@type":"EntryPoint","urlTemplate":"https:\/\/www.amsted.com\/pt-br\/?s={search_term_string}"},"query-input":{"@type":"PropertyValueSpecification","valueRequired":true,"valueName":"search_term_string"}}],"inLanguage":"pt-BR"}]}},"_links":{"self":[{"href":"https:\/\/www.amsted.com\/pt-br\/wp-json\/wp\/v2\/pages\/5703","targetHints":{"allow":["GET"]}}],"collection":[{"href":"https:\/\/www.amsted.com\/pt-br\/wp-json\/wp\/v2\/pages"}],"about":[{"href":"https:\/\/www.amsted.com\/pt-br\/wp-json\/wp\/v2\/types\/page"}],"author":[{"embeddable":true,"href":"https:\/\/www.amsted.com\/pt-br\/wp-json\/wp\/v2\/users\/1"}],"replies":[{"embeddable":true,"href":"https:\/\/www.amsted.com\/pt-br\/wp-json\/wp\/v2\/comments?post=5703"}],"version-history":[{"count":2,"href":"https:\/\/www.amsted.com\/pt-br\/wp-json\/wp\/v2\/pages\/5703\/revisions"}],"predecessor-version":[{"id":6756,"href":"https:\/\/www.amsted.com\/pt-br\/wp-json\/wp\/v2\/pages\/5703\/revisions\/6756"}],"wp:attachment":[{"href":"https:\/\/www.amsted.com\/pt-br\/wp-json\/wp\/v2\/media?parent=5703"}],"wp:term":[{"taxonomy":"search-category","embeddable":true,"href":"https:\/\/www.amsted.com\/pt-br\/wp-json\/wp\/v2\/search-category?post=5703"}],"curies":[{"name":"wp","href":"https:\/\/api.w.org\/{rel}","templated":true}]}}