{"id":5518,"date":"2022-06-02T02:29:36","date_gmt":"2022-06-02T02:29:36","guid":{"rendered":"https:\/\/live-amsted-industries.pantheonsite.io\/comunidade\/"},"modified":"2022-09-15T17:44:42","modified_gmt":"2022-09-15T17:44:42","slug":"comunidade","status":"publish","type":"page","link":"https:\/\/www.amsted.com\/pt-br\/comunidade\/","title":{"rendered":"Comunidade"},"content":{"rendered":"\t\t<div data-elementor-type=\"wp-page\" data-elementor-id=\"5518\" class=\"elementor elementor-5518 elementor-170\" data-elementor-post-type=\"page\">\n\t\t\t\t\t\t<section class=\"elementor-section elementor-top-section elementor-element elementor-element-bceb1cc elementor-section-boxed elementor-section-height-default elementor-section-height-default\" data-id=\"bceb1cc\" data-element_type=\"section\" data-e-type=\"section\">\n\t\t\t\t\t\t<div class=\"elementor-container elementor-column-gap-default\">\n\t\t\t\t\t<div class=\"elementor-column elementor-col-100 elementor-top-column elementor-element elementor-element-c0dd11b\" data-id=\"c0dd11b\" data-element_type=\"column\" data-e-type=\"column\">\n\t\t\t<div class=\"elementor-widget-wrap elementor-element-populated\">\n\t\t\t\t\t\t<section class=\"elementor-section elementor-inner-section elementor-element elementor-element-8efd741 elementor-section-boxed elementor-section-height-default elementor-section-height-default\" data-id=\"8efd741\" data-element_type=\"section\" data-e-type=\"section\" data-settings=\"{&quot;background_background&quot;:&quot;video&quot;}\">\n\t\t\t\t\t\t<div class=\"elementor-container elementor-column-gap-default\">\n\t\t\t\t\t<div class=\"elementor-column elementor-col-50 elementor-inner-column elementor-element elementor-element-7c6b326\" data-id=\"7c6b326\" data-element_type=\"column\" data-e-type=\"column\">\n\t\t\t<div class=\"elementor-widget-wrap elementor-element-populated\">\n\t\t\t\t\t\t<div class=\"elementor-element elementor-element-39a6879 elementor-widget elementor-widget-heading\" data-id=\"39a6879\" data-element_type=\"widget\" data-e-type=\"widget\" data-widget_type=\"heading.default\">\n\t\t\t\t<div class=\"elementor-widget-container\">\n\t\t\t\t\t<h1 class=\"elementor-heading-title elementor-size-default\">Causando impacto al\u00e9m dos neg\u00f3cios\n<\/h1>\t\t\t\t<\/div>\n\t\t\t\t<\/div>\n\t\t\t\t\t<\/div>\n\t\t<\/div>\n\t\t\t\t<div class=\"elementor-column elementor-col-50 elementor-inner-column elementor-element elementor-element-da8d493\" data-id=\"da8d493\" data-element_type=\"column\" data-e-type=\"column\">\n\t\t\t<div class=\"elementor-widget-wrap elementor-element-populated\">\n\t\t\t\t\t\t<div class=\"elementor-element elementor-element-877e2d6 elementor-widget elementor-widget-text-editor\" data-id=\"877e2d6\" data-element_type=\"widget\" data-e-type=\"widget\" data-widget_type=\"text-editor.default\">\n\t\t\t\t<div class=\"elementor-widget-container\">\n\t\t\t\t\t\t\t\t\t<p><span style=\"font-weight: 400;\">Os trabalhadores da Amsted Industries em todo o mundo atendem nossas comunidades locais. Todos os nossos neg\u00f3cios participam de programas comunit\u00e1rios que incluem projetos volunt\u00e1rios, campanhas de doa\u00e7\u00e3o, eventos beneficentes e muito mais. Toys for Tots, Boys &amp; Girls Clubs, Habitat for Humanity e bancos de alimentos comunit\u00e1rios s\u00e3o apenas um a pequena amostra das organiza\u00e7\u00f5es com as quais trabalhamos para ajudar a tornar nosso mundo um lugar melhor para todos.   <\/span><\/p>\n\t\t\t\t\t\t\t\t<\/div>\n\t\t\t\t<\/div>\n\t\t\t\t\t<\/div>\n\t\t<\/div>\n\t\t\t\t\t<\/div>\n\t\t<\/section>\n\t\t\t\t\t<\/div>\n\t\t<\/div>\n\t\t\t\t\t<\/div>\n\t\t<\/section>\n\t\t\t\t<section class=\"elementor-section elementor-top-section elementor-element elementor-element-af377dc elementor-section-boxed elementor-section-height-default elementor-section-height-default\" data-id=\"af377dc\" data-element_type=\"section\" data-e-type=\"section\">\n\t\t\t\t\t\t<div class=\"elementor-container elementor-column-gap-default\">\n\t\t\t\t\t<div class=\"elementor-column elementor-col-100 elementor-top-column elementor-element elementor-element-e5d1399\" data-id=\"e5d1399\" data-element_type=\"column\" data-e-type=\"column\">\n\t\t\t<div class=\"elementor-widget-wrap elementor-element-populated\">\n\t\t\t\t\t\t<section class=\"elementor-section elementor-inner-section elementor-element elementor-element-4b3b7a0 elementor-section-height-min-height elementor-section-boxed elementor-section-height-default\" data-id=\"4b3b7a0\" data-element_type=\"section\" data-e-type=\"section\">\n\t\t\t\t\t\t<div class=\"elementor-container elementor-column-gap-default\">\n\t\t\t\t\t<div class=\"elementor-column elementor-col-50 elementor-inner-column elementor-element elementor-element-ab8ad60\" data-id=\"ab8ad60\" data-element_type=\"column\" data-e-type=\"column\" data-settings=\"{&quot;background_background&quot;:&quot;classic&quot;}\">\n\t\t\t<div class=\"elementor-widget-wrap elementor-element-populated\">\n\t\t\t\t\t<div class=\"elementor-background-overlay\"><\/div>\n\t\t\t\t\t\t<div class=\"elementor-element elementor-element-173dbd3 elementor-invisible elementor-widget elementor-widget-heading\" data-id=\"173dbd3\" data-element_type=\"widget\" data-e-type=\"widget\" data-settings=\"{&quot;_animation&quot;:&quot;fadeIn&quot;}\" data-widget_type=\"heading.default\">\n\t\t\t\t<div class=\"elementor-widget-container\">\n\t\t\t\t\t<h2 class=\"elementor-heading-title elementor-size-default\">Programa Matching Gift da Funda\u00e7\u00e3o Amsted\n<\/h2>\t\t\t\t<\/div>\n\t\t\t\t<\/div>\n\t\t\t\t<div class=\"elementor-element elementor-element-95f0cb4 elementor-invisible elementor-widget elementor-widget-text-editor\" data-id=\"95f0cb4\" data-element_type=\"widget\" data-e-type=\"widget\" data-settings=\"{&quot;_animation&quot;:&quot;fadeIn&quot;,&quot;_animation_delay&quot;:300}\" data-widget_type=\"text-editor.default\">\n\t\t\t\t<div class=\"elementor-widget-container\">\n\t\t\t\t\t\t\t\t\t<p><span style=\"font-weight: 400;\">O Programa Matching Gift direciona uma parte dos recursos da Funda\u00e7\u00e3o Amsted para organiz a\u00e7\u00f5es valiosas que s\u00e3o de maior import\u00e2ncia para nossos funcion\u00e1rios. Qualquer combina\u00e7\u00e3o de doa\u00e7\u00f5es para organiza\u00e7\u00f5es qualificadas nas \u00e1reas de educa\u00e7\u00e3o, sa\u00fade e servi\u00e7os humanos, juventude, civismo, cultura e artes ser\u00e1 compensada d\u00f3lar por d\u00f3lar pela Fu nda\u00e7\u00e3o Amsted, at\u00e9 US$ 5.000 por funcion\u00e1rio por ano.  <\/span><\/p>\n\t\t\t\t\t\t\t\t<\/div>\n\t\t\t\t<\/div>\n\t\t\t\t\t<\/div>\n\t\t<\/div>\n\t\t\t\t<div class=\"elementor-column elementor-col-50 elementor-inner-column elementor-element elementor-element-c0f3228\" data-id=\"c0f3228\" data-element_type=\"column\" data-e-type=\"column\" data-settings=\"{&quot;background_background&quot;:&quot;classic&quot;}\">\n\t\t\t<div class=\"elementor-widget-wrap elementor-element-populated\">\n\t\t\t\t\t\t<div class=\"elementor-element elementor-element-27a58f0 elementor-widget elementor-widget-spacer\" data-id=\"27a58f0\" data-element_type=\"widget\" data-e-type=\"widget\" data-widget_type=\"spacer.default\">\n\t\t\t\t<div class=\"elementor-widget-container\">\n\t\t\t\t\t\t\t<div class=\"elementor-spacer\">\n\t\t\t<div class=\"elementor-spacer-inner\"><\/div>\n\t\t<\/div>\n\t\t\t\t\t\t<\/div>\n\t\t\t\t<\/div>\n\t\t\t\t\t<\/div>\n\t\t<\/div>\n\t\t\t\t\t<\/div>\n\t\t<\/section>\n\t\t\t\t<section class=\"elementor-section elementor-inner-section elementor-element elementor-element-c7ac355 elementor-section-height-min-height elementor-section-boxed elementor-section-height-default\" data-id=\"c7ac355\" data-element_type=\"section\" data-e-type=\"section\" data-settings=\"{&quot;background_background&quot;:&quot;classic&quot;}\">\n\t\t\t\t\t\t<div class=\"elementor-container elementor-column-gap-default\">\n\t\t\t\t\t<div class=\"elementor-column elementor-col-50 elementor-inner-column elementor-element elementor-element-d7ec274\" data-id=\"d7ec274\" data-element_type=\"column\" data-e-type=\"column\" data-settings=\"{&quot;background_background&quot;:&quot;classic&quot;}\">\n\t\t\t<div class=\"elementor-widget-wrap elementor-element-populated\">\n\t\t\t\t\t<div class=\"elementor-background-overlay\"><\/div>\n\t\t\t\t\t\t<div class=\"elementor-element elementor-element-25e1785 elementor-invisible elementor-widget elementor-widget-heading\" data-id=\"25e1785\" data-element_type=\"widget\" data-e-type=\"widget\" data-settings=\"{&quot;_animation&quot;:&quot;fadeIn&quot;}\" data-widget_type=\"heading.default\">\n\t\t\t\t<div class=\"elementor-widget-container\">\n\t\t\t\t\t<h2 class=\"elementor-heading-title elementor-size-default\">BAC: Just a Drop\n<\/h2>\t\t\t\t<\/div>\n\t\t\t\t<\/div>\n\t\t\t\t<div class=\"elementor-element elementor-element-889bd2e elementor-invisible elementor-widget elementor-widget-text-editor\" data-id=\"889bd2e\" data-element_type=\"widget\" data-e-type=\"widget\" data-settings=\"{&quot;_animation&quot;:&quot;fadeIn&quot;,&quot;_animation_delay&quot;:300}\" data-widget_type=\"text-editor.default\">\n\t\t\t\t<div class=\"elementor-widget-container\">\n\t\t\t\t\t\t\t\t\t<p><span style=\"font-weight: 400;\">A disponibilidade de \u00e1gua limpa \u00e9 fundamental para a opera\u00e7\u00e3o segura de equipamentos de resfriamento evaporativo sustent\u00e1veis. A BAC est\u00e1 empenhada em garantir que a \u00e1gua limpa e s egura esteja dispon\u00edvel para as pessoas em todo o mundo, pois \u00e9 essencial para o desenvolvimento humano. <\/span><\/p>\n<p><span style=\"font-weight: 400;\">A BAC fez parceria com a Just a Drop no Dia Mundial da \u00c1gua em mar\u00e7o de 2018 para levar \u00e1gua pot\u00e1vel e saneamento a comunidades em todo o mundo. Desde o in\u00edcio da parceria, milhares de pessoas foram alcan\u00e7adas com acesso a \u00e1gua pot\u00e1vel, saneamento e higiene. <\/span><\/p>\n\t\t\t\t\t\t\t\t<\/div>\n\t\t\t\t<\/div>\n\t\t\t\t\t<\/div>\n\t\t<\/div>\n\t\t\t\t<div class=\"elementor-column elementor-col-50 elementor-inner-column elementor-element elementor-element-e92c428\" data-id=\"e92c428\" data-element_type=\"column\" data-e-type=\"column\" data-settings=\"{&quot;background_background&quot;:&quot;classic&quot;}\">\n\t\t\t<div class=\"elementor-widget-wrap elementor-element-populated\">\n\t\t\t\t\t<div class=\"elementor-background-overlay\"><\/div>\n\t\t\t\t\t\t<div class=\"elementor-element elementor-element-9c0ae88 elementor-widget elementor-widget-spacer\" data-id=\"9c0ae88\" data-element_type=\"widget\" data-e-type=\"widget\" data-widget_type=\"spacer.default\">\n\t\t\t\t<div class=\"elementor-widget-container\">\n\t\t\t\t\t\t\t<div class=\"elementor-spacer\">\n\t\t\t<div class=\"elementor-spacer-inner\"><\/div>\n\t\t<\/div>\n\t\t\t\t\t\t<\/div>\n\t\t\t\t<\/div>\n\t\t\t\t\t<\/div>\n\t\t<\/div>\n\t\t\t\t\t<\/div>\n\t\t<\/section>\n\t\t\t\t<section class=\"elementor-section elementor-inner-section elementor-element elementor-element-e50a44e elementor-section-height-min-height elementor-section-boxed elementor-section-height-default\" data-id=\"e50a44e\" data-element_type=\"section\" data-e-type=\"section\">\n\t\t\t\t\t\t<div class=\"elementor-container elementor-column-gap-default\">\n\t\t\t\t\t<div class=\"elementor-column elementor-col-50 elementor-inner-column elementor-element elementor-element-5f298db\" data-id=\"5f298db\" data-element_type=\"column\" data-e-type=\"column\" data-settings=\"{&quot;background_background&quot;:&quot;classic&quot;}\">\n\t\t\t<div class=\"elementor-widget-wrap elementor-element-populated\">\n\t\t\t\t\t\t<div class=\"elementor-element elementor-element-3952bf6 elementor-invisible elementor-widget elementor-widget-heading\" data-id=\"3952bf6\" data-element_type=\"widget\" data-e-type=\"widget\" data-settings=\"{&quot;_animation&quot;:&quot;fadeIn&quot;}\" data-widget_type=\"heading.default\">\n\t\t\t\t<div class=\"elementor-widget-container\">\n\t\t\t\t\t<h2 class=\"elementor-heading-title elementor-size-default\">Esp\u00edrito da ConMet\n<\/h2>\t\t\t\t<\/div>\n\t\t\t\t<\/div>\n\t\t\t\t<div class=\"elementor-element elementor-element-d977ae6 elementor-invisible elementor-widget elementor-widget-text-editor\" data-id=\"d977ae6\" data-element_type=\"widget\" data-e-type=\"widget\" data-settings=\"{&quot;_animation&quot;:&quot;fadeIn&quot;,&quot;_animation_delay&quot;:300}\" data-widget_type=\"text-editor.default\">\n\t\t\t\t<div class=\"elementor-widget-container\">\n\t\t\t\t\t\t\t\t\t<p><span style=\"font-weight: 400;\">O Comit\u00ea de Servi\u00e7os Comunit\u00e1rios da ConMet foi estabelecido para ajudar a empresa a olhar al\u00e9m das pr\u00e1ticas de neg\u00f3cios em di re\u00e7\u00e3o a uma mentalidade de \u201cServi\u00e7o aos Outros\u201d, coordenando o voluntariado local e outras oportunidades de servi\u00e7o para os funcion\u00e1rios participarem. O comit\u00ea trabalha para encontrar projetos que repercutam entre nosso pessoal e incentivem a a\u00e7\u00e3o , inclui ndo resgate de animais, melhoria do meio ambiente, programas para jovens e ajuda a outras pessoas com necessidades econ\u00f4micas. <\/span><\/p>\n<p><span style=\"font-weight: 400;\">Os funcion\u00e1rios da ConMet s\u00e3o solicitados a dedicar de 8 a 16 horas de trabalho por ano ao servi\u00e7o. Embora isso seja totalmente volunt\u00e1rio, a ConMet descobriu que o compromisso de seus funcion\u00e1rios foi al\u00e9m das expectativas, que eles reconhecem com um pr\u00eamio anual \u201cSpirit of ConMet\u201d concedido a um funcion\u00e1rio volunt\u00e1rio excepcional que incorpora a mentalidade de \u201cServi\u00e7o a Outros\u201d. <\/span><\/p>\n\t\t\t\t\t\t\t\t<\/div>\n\t\t\t\t<\/div>\n\t\t\t\t\t<\/div>\n\t\t<\/div>\n\t\t\t\t<div class=\"elementor-column elementor-col-50 elementor-inner-column elementor-element elementor-element-f2d1ce2\" data-id=\"f2d1ce2\" data-element_type=\"column\" data-e-type=\"column\" data-settings=\"{&quot;background_background&quot;:&quot;classic&quot;}\">\n\t\t\t<div class=\"elementor-widget-wrap elementor-element-populated\">\n\t\t\t\t\t\t<div class=\"elementor-element elementor-element-f324355 elementor-widget elementor-widget-spacer\" data-id=\"f324355\" data-element_type=\"widget\" data-e-type=\"widget\" data-widget_type=\"spacer.default\">\n\t\t\t\t<div class=\"elementor-widget-container\">\n\t\t\t\t\t\t\t<div class=\"elementor-spacer\">\n\t\t\t<div class=\"elementor-spacer-inner\"><\/div>\n\t\t<\/div>\n\t\t\t\t\t\t<\/div>\n\t\t\t\t<\/div>\n\t\t\t\t\t<\/div>\n\t\t<\/div>\n\t\t\t\t\t<\/div>\n\t\t<\/section>\n\t\t\t\t\t<\/div>\n\t\t<\/div>\n\t\t\t\t\t<\/div>\n\t\t<\/section>\n\t\t\t\t<\/div>\n\t\t","protected":false},"excerpt":{"rendered":"<p>Causando impacto al\u00e9m dos neg\u00f3cios Os trabalhadores da Amsted Industries em todo o mundo atendem nossas comunidades locais. Todos os nossos neg\u00f3cios participam de programas comunit\u00e1rios que incluem projetos volunt\u00e1rios, campanhas de doa\u00e7\u00e3o, eventos beneficentes e muito mais. Toys for Tots, Boys &amp; Girls Clubs, Habitat for Humanity e bancos de alimentos comunit\u00e1rios s\u00e3o apenas [&hellip;]<\/p>\n","protected":false},"author":1,"featured_media":0,"parent":0,"menu_order":0,"comment_status":"closed","ping_status":"closed","template":"","meta":{"_acf_changed":false,"footnotes":""},"search-category":[19],"class_list":["post-5518","page","type-page","status-publish","hentry","search-category-company"],"acf":[],"yoast_head":"<!-- This site is optimized with the Yoast SEO plugin v27.2 - https:\/\/yoast.com\/product\/yoast-seo-wordpress\/ -->\n<title>Comunidade - Amsted Industries<\/title>\n<meta name=\"robots\" content=\"index, follow, max-snippet:-1, max-image-preview:large, max-video-preview:-1\" \/>\n<link rel=\"canonical\" href=\"https:\/\/www.amsted.com\/pt-br\/comunidade\/\" \/>\n<meta property=\"og:locale\" content=\"pt_BR\" \/>\n<meta property=\"og:type\" content=\"article\" \/>\n<meta property=\"og:title\" content=\"Comunidade - Amsted Industries\" \/>\n<meta property=\"og:description\" content=\"Causando impacto al\u00e9m dos neg\u00f3cios Os trabalhadores da Amsted Industries em todo o mundo atendem nossas comunidades locais. Todos os nossos neg\u00f3cios participam de programas comunit\u00e1rios que incluem projetos volunt\u00e1rios, campanhas de doa\u00e7\u00e3o, eventos beneficentes e muito mais. Toys for Tots, Boys &amp; Girls Clubs, Habitat for Humanity e bancos de alimentos comunit\u00e1rios s\u00e3o apenas [&hellip;]\" \/>\n<meta property=\"og:url\" content=\"https:\/\/www.amsted.com\/pt-br\/comunidade\/\" \/>\n<meta property=\"og:site_name\" content=\"Amsted Industries\" \/>\n<meta property=\"article:modified_time\" content=\"2022-09-15T17:44:42+00:00\" \/>\n<meta name=\"twitter:card\" content=\"summary_large_image\" \/>\n<meta name=\"twitter:label1\" content=\"Est. reading time\" \/>\n\t<meta name=\"twitter:data1\" content=\"2 minutes\" \/>\n<script type=\"application\/ld+json\" class=\"yoast-schema-graph\">{\"@context\":\"https:\/\/schema.org\",\"@graph\":[{\"@type\":\"WebPage\",\"@id\":\"https:\/\/www.amsted.com\/pt-br\/comunidade\/\",\"url\":\"https:\/\/www.amsted.com\/pt-br\/comunidade\/\",\"name\":\"Comunidade - Amsted Industries\",\"isPartOf\":{\"@id\":\"https:\/\/www.amsted.com\/pt-br\/#website\"},\"datePublished\":\"2022-06-02T02:29:36+00:00\",\"dateModified\":\"2022-09-15T17:44:42+00:00\",\"breadcrumb\":{\"@id\":\"https:\/\/www.amsted.com\/pt-br\/comunidade\/#breadcrumb\"},\"inLanguage\":\"pt-BR\",\"potentialAction\":[{\"@type\":\"ReadAction\",\"target\":[\"https:\/\/www.amsted.com\/pt-br\/comunidade\/\"]}]},{\"@type\":\"BreadcrumbList\",\"@id\":\"https:\/\/www.amsted.com\/pt-br\/comunidade\/#breadcrumb\",\"itemListElement\":[{\"@type\":\"ListItem\",\"position\":1,\"name\":\"Home\",\"item\":\"https:\/\/www.amsted.com\/pt-br\/homepage\/\"},{\"@type\":\"ListItem\",\"position\":2,\"name\":\"Comunidade\"}]},{\"@type\":\"WebSite\",\"@id\":\"https:\/\/www.amsted.com\/pt-br\/#website\",\"url\":\"https:\/\/www.amsted.com\/pt-br\/\",\"name\":\"Amsted Industries\",\"description\":\"Just another WordPress site\",\"potentialAction\":[{\"@type\":\"SearchAction\",\"target\":{\"@type\":\"EntryPoint\",\"urlTemplate\":\"https:\/\/www.amsted.com\/pt-br\/?s={search_term_string}\"},\"query-input\":{\"@type\":\"PropertyValueSpecification\",\"valueRequired\":true,\"valueName\":\"search_term_string\"}}],\"inLanguage\":\"pt-BR\"}]}<\/script>\n<!-- \/ Yoast SEO plugin. -->","yoast_head_json":{"title":"Comunidade - Amsted Industries","robots":{"index":"index","follow":"follow","max-snippet":"max-snippet:-1","max-image-preview":"max-image-preview:large","max-video-preview":"max-video-preview:-1"},"canonical":"https:\/\/www.amsted.com\/pt-br\/comunidade\/","og_locale":"pt_BR","og_type":"article","og_title":"Comunidade - Amsted Industries","og_description":"Causando impacto al\u00e9m dos neg\u00f3cios Os trabalhadores da Amsted Industries em todo o mundo atendem nossas comunidades locais. Todos os nossos neg\u00f3cios participam de programas comunit\u00e1rios que incluem projetos volunt\u00e1rios, campanhas de doa\u00e7\u00e3o, eventos beneficentes e muito mais. Toys for Tots, Boys &amp; Girls Clubs, Habitat for Humanity e bancos de alimentos comunit\u00e1rios s\u00e3o apenas [&hellip;]","og_url":"https:\/\/www.amsted.com\/pt-br\/comunidade\/","og_site_name":"Amsted Industries","article_modified_time":"2022-09-15T17:44:42+00:00","twitter_card":"summary_large_image","twitter_misc":{"Est. reading time":"2 minutes"},"schema":{"@context":"https:\/\/schema.org","@graph":[{"@type":"WebPage","@id":"https:\/\/www.amsted.com\/pt-br\/comunidade\/","url":"https:\/\/www.amsted.com\/pt-br\/comunidade\/","name":"Comunidade - Amsted Industries","isPartOf":{"@id":"https:\/\/www.amsted.com\/pt-br\/#website"},"datePublished":"2022-06-02T02:29:36+00:00","dateModified":"2022-09-15T17:44:42+00:00","breadcrumb":{"@id":"https:\/\/www.amsted.com\/pt-br\/comunidade\/#breadcrumb"},"inLanguage":"pt-BR","potentialAction":[{"@type":"ReadAction","target":["https:\/\/www.amsted.com\/pt-br\/comunidade\/"]}]},{"@type":"BreadcrumbList","@id":"https:\/\/www.amsted.com\/pt-br\/comunidade\/#breadcrumb","itemListElement":[{"@type":"ListItem","position":1,"name":"Home","item":"https:\/\/www.amsted.com\/pt-br\/homepage\/"},{"@type":"ListItem","position":2,"name":"Comunidade"}]},{"@type":"WebSite","@id":"https:\/\/www.amsted.com\/pt-br\/#website","url":"https:\/\/www.amsted.com\/pt-br\/","name":"Amsted Industries","description":"Just another WordPress site","potentialAction":[{"@type":"SearchAction","target":{"@type":"EntryPoint","urlTemplate":"https:\/\/www.amsted.com\/pt-br\/?s={search_term_string}"},"query-input":{"@type":"PropertyValueSpecification","valueRequired":true,"valueName":"search_term_string"}}],"inLanguage":"pt-BR"}]}},"_links":{"self":[{"href":"https:\/\/www.amsted.com\/pt-br\/wp-json\/wp\/v2\/pages\/5518","targetHints":{"allow":["GET"]}}],"collection":[{"href":"https:\/\/www.amsted.com\/pt-br\/wp-json\/wp\/v2\/pages"}],"about":[{"href":"https:\/\/www.amsted.com\/pt-br\/wp-json\/wp\/v2\/types\/page"}],"author":[{"embeddable":true,"href":"https:\/\/www.amsted.com\/pt-br\/wp-json\/wp\/v2\/users\/1"}],"replies":[{"embeddable":true,"href":"https:\/\/www.amsted.com\/pt-br\/wp-json\/wp\/v2\/comments?post=5518"}],"version-history":[{"count":1,"href":"https:\/\/www.amsted.com\/pt-br\/wp-json\/wp\/v2\/pages\/5518\/revisions"}],"predecessor-version":[{"id":5519,"href":"https:\/\/www.amsted.com\/pt-br\/wp-json\/wp\/v2\/pages\/5518\/revisions\/5519"}],"wp:attachment":[{"href":"https:\/\/www.amsted.com\/pt-br\/wp-json\/wp\/v2\/media?parent=5518"}],"wp:term":[{"taxonomy":"search-category","embeddable":true,"href":"https:\/\/www.amsted.com\/pt-br\/wp-json\/wp\/v2\/search-category?post=5518"}],"curies":[{"name":"wp","href":"https:\/\/api.w.org\/{rel}","templated":true}]}}