{"id":5468,"date":"2022-06-02T02:36:25","date_gmt":"2022-06-02T02:36:25","guid":{"rendered":"https:\/\/live-amsted-industries.pantheonsite.io\/carreiras\/conformidade-eeo-declaracoes\/"},"modified":"2022-10-31T12:31:49","modified_gmt":"2022-10-31T12:31:49","slug":"conformidade-eeo-declaracoes","status":"publish","type":"page","link":"https:\/\/www.amsted.com\/pt-br\/carreiras\/conformidade-eeo-declaracoes\/","title":{"rendered":"Conformidade EEO\/Declara\u00e7\u00f5es"},"content":{"rendered":"\t\t<div data-elementor-type=\"wp-page\" data-elementor-id=\"5468\" class=\"elementor elementor-5468 elementor-216\" data-elementor-post-type=\"page\">\n\t\t\t\t\t\t<section class=\"elementor-section elementor-top-section elementor-element elementor-element-e132bb1 elementor-section-boxed elementor-section-height-default elementor-section-height-default\" data-id=\"e132bb1\" data-element_type=\"section\" data-e-type=\"section\">\n\t\t\t\t\t\t<div class=\"elementor-container elementor-column-gap-default\">\n\t\t\t\t\t<div class=\"elementor-column elementor-col-100 elementor-top-column elementor-element elementor-element-262dc4f\" data-id=\"262dc4f\" data-element_type=\"column\" data-e-type=\"column\">\n\t\t\t<div class=\"elementor-widget-wrap elementor-element-populated\">\n\t\t\t\t\t\t<section class=\"elementor-section elementor-inner-section elementor-element elementor-element-4730550 elementor-section-boxed elementor-section-height-default elementor-section-height-default\" data-id=\"4730550\" data-element_type=\"section\" data-e-type=\"section\" data-settings=\"{&quot;background_background&quot;:&quot;video&quot;}\">\n\t\t\t\t\t\t<div class=\"elementor-container elementor-column-gap-default\">\n\t\t\t\t\t<div class=\"elementor-column elementor-col-50 elementor-inner-column elementor-element elementor-element-d7f07f6\" data-id=\"d7f07f6\" data-element_type=\"column\" data-e-type=\"column\">\n\t\t\t<div class=\"elementor-widget-wrap elementor-element-populated\">\n\t\t\t\t\t\t<div class=\"elementor-element elementor-element-c4f5b4a elementor-widget elementor-widget-heading\" data-id=\"c4f5b4a\" data-element_type=\"widget\" data-e-type=\"widget\" data-widget_type=\"heading.default\">\n\t\t\t\t<div class=\"elementor-widget-container\">\n\t\t\t\t\t<h1 class=\"elementor-heading-title elementor-size-default\">Conformidade EEO\/Declara\u00e7\u00f5es<\/h1>\t\t\t\t<\/div>\n\t\t\t\t<\/div>\n\t\t\t\t\t<\/div>\n\t\t<\/div>\n\t\t\t\t<div class=\"elementor-column elementor-col-50 elementor-inner-column elementor-element elementor-element-e3ce21e\" data-id=\"e3ce21e\" data-element_type=\"column\" data-e-type=\"column\">\n\t\t\t<div class=\"elementor-widget-wrap\">\n\t\t\t\t\t\t\t<\/div>\n\t\t<\/div>\n\t\t\t\t\t<\/div>\n\t\t<\/section>\n\t\t\t\t\t<\/div>\n\t\t<\/div>\n\t\t\t\t\t<\/div>\n\t\t<\/section>\n\t\t\t\t<section class=\"elementor-section elementor-top-section elementor-element elementor-element-9e25542 elementor-section-full_width elementor-section-height-default elementor-section-height-default\" data-id=\"9e25542\" data-element_type=\"section\" data-e-type=\"section\" data-settings=\"{&quot;background_background&quot;:&quot;classic&quot;}\">\n\t\t\t\t\t\t<div class=\"elementor-container elementor-column-gap-default\">\n\t\t\t\t\t<div class=\"elementor-column elementor-col-100 elementor-top-column elementor-element elementor-element-1a370cb\" data-id=\"1a370cb\" data-element_type=\"column\" data-e-type=\"column\">\n\t\t\t<div class=\"elementor-widget-wrap elementor-element-populated\">\n\t\t\t\t\t\t<section class=\"elementor-section elementor-inner-section elementor-element elementor-element-d37f3aa main-content elementor-section-boxed elementor-section-height-default elementor-section-height-default\" data-id=\"d37f3aa\" data-element_type=\"section\" data-e-type=\"section\">\n\t\t\t\t\t\t<div class=\"elementor-container elementor-column-gap-default\">\n\t\t\t\t\t<div class=\"elementor-column elementor-col-50 elementor-inner-column elementor-element elementor-element-45660b1\" data-id=\"45660b1\" data-element_type=\"column\" data-e-type=\"column\">\n\t\t\t<div class=\"elementor-widget-wrap elementor-element-populated\">\n\t\t\t\t\t\t<div class=\"elementor-element elementor-element-c89128b elementor-widget elementor-widget-heading\" data-id=\"c89128b\" data-element_type=\"widget\" data-e-type=\"widget\" data-widget_type=\"heading.default\">\n\t\t\t\t<div class=\"elementor-widget-container\">\n\t\t\t\t\t<h2 class=\"elementor-heading-title elementor-size-default\">Declara\u00e7\u00e3o da EEO<\/h2>\t\t\t\t<\/div>\n\t\t\t\t<\/div>\n\t\t\t\t<div class=\"elementor-element elementor-element-e97710c elementor-widget elementor-widget-text-editor\" data-id=\"e97710c\" data-element_type=\"widget\" data-e-type=\"widget\" data-widget_type=\"text-editor.default\">\n\t\t\t\t<div class=\"elementor-widget-container\">\n\t\t\t\t\t\t\t\t\t<p>A Amsted Industries \u00e9 um empregador de oportunidades iguais. A Amsted Industries oferece oportunidades iguais de emprego (EEO) a todos os funcion\u00e1rios e candidatos a emprego, independentemente de ra\u00e7a, cor, religi\u00e3o, g\u00eanero, orienta\u00e7\u00e3o sexual, identidade de g\u00eanero, nacionalidade, idade, defici\u00eancia, informa\u00e7\u00f5es gen\u00e9 ticas, estado civil, anistia ou status como um veterano coberto de acordo com as leis federais, estaduais e locais aplic\u00e1veis. A Amsted est\u00e1 em conformidade com as leis estaduais e locais aplic\u00e1veis que regem a n\u00e3o discrimina\u00e7\u00e3o no emprego em todos os loca is em que a empresa possui instala\u00e7\u00f5es. Esta pol\u00edtica se aplica a todos os termos e condi\u00e7\u00f5es de emprego, incluindo contrata\u00e7\u00e3o, coloca\u00e7\u00e3o, promo\u00e7\u00e3o, rescis\u00e3o, demiss\u00e3o, recall, transfer\u00eancia, licen\u00e7as, remunera\u00e7\u00e3o e treinamento.   <\/p>\n\t\t\t\t\t\t\t\t<\/div>\n\t\t\t\t<\/div>\n\t\t\t\t\t<\/div>\n\t\t<\/div>\n\t\t\t\t<div class=\"elementor-column elementor-col-50 elementor-inner-column elementor-element elementor-element-0134024\" data-id=\"0134024\" data-element_type=\"column\" data-e-type=\"column\">\n\t\t\t<div class=\"elementor-widget-wrap elementor-element-populated\">\n\t\t\t\t\t\t<div class=\"elementor-element elementor-element-1f3ad3e elementor-widget elementor-widget-heading\" data-id=\"1f3ad3e\" data-element_type=\"widget\" data-e-type=\"widget\" data-widget_type=\"heading.default\">\n\t\t\t\t<div class=\"elementor-widget-container\">\n\t\t\t\t\t<h2 class=\"elementor-heading-title elementor-size-default\">Valida\u00e7\u00e3o de informa\u00e7\u00f5es de emprego<\/h2>\t\t\t\t<\/div>\n\t\t\t\t<\/div>\n\t\t\t\t<div class=\"elementor-element elementor-element-546b309 elementor-widget elementor-widget-text-editor\" data-id=\"546b309\" data-element_type=\"widget\" data-e-type=\"widget\" data-widget_type=\"text-editor.default\">\n\t\t\t\t<div class=\"elementor-widget-container\">\n\t\t\t\t\t\t\t\t\t<p>Quando oferecido emprego nos Estados Unidos, os futuros funcion\u00e1rios da Amsted Industries ser\u00e3o solicitados a preencher uma triagem de drogas, verifica\u00e7\u00e3o f\u00edsica e de antecedentes. A verifica\u00e7\u00e3o de antecedentes inclui verifica\u00e7\u00e3o de emprego, uma verifica\u00e7\u00e3o de antecedentes criminais e, se relevante, a verifica\u00e7\u00e3o de que os graus educacionais s\u00e3o conferidos por institui\u00e7\u00f5es credenciadas e as certifica\u00e7\u00f5es profissionais est\u00e3o atualizadas. A comprova\u00e7\u00e3o de identidade e autoriza\u00e7\u00e3o legal para trabalh ar s\u00e3o solicitadas no momento da apresenta\u00e7\u00e3o ao trabalho. Use os links fornecidos abaixo para baixar os folhetos em PDF para cada item abaixo.   <\/p>\n\t\t\t\t\t\t\t\t<\/div>\n\t\t\t\t<\/div>\n\t\t\t\t\t<\/div>\n\t\t<\/div>\n\t\t\t\t\t<\/div>\n\t\t<\/section>\n\t\t\t\t\t<\/div>\n\t\t<\/div>\n\t\t\t\t\t<\/div>\n\t\t<\/section>\n\t\t\t\t<section class=\"elementor-section elementor-top-section elementor-element elementor-element-3fd8da1 elementor-section-boxed elementor-section-height-default elementor-section-height-default\" data-id=\"3fd8da1\" data-element_type=\"section\" data-e-type=\"section\" data-settings=\"{&quot;background_background&quot;:&quot;classic&quot;}\">\n\t\t\t\t\t\t<div class=\"elementor-container elementor-column-gap-default\">\n\t\t\t\t\t<div class=\"elementor-column elementor-col-100 elementor-top-column elementor-element elementor-element-1afbc88\" data-id=\"1afbc88\" data-element_type=\"column\" data-e-type=\"column\">\n\t\t\t<div class=\"elementor-widget-wrap elementor-element-populated\">\n\t\t\t\t\t\t<section class=\"elementor-section elementor-inner-section elementor-element elementor-element-04bbf64 main-content elementor-section-boxed elementor-section-height-default elementor-section-height-default\" data-id=\"04bbf64\" data-element_type=\"section\" data-e-type=\"section\">\n\t\t\t\t\t\t<div class=\"elementor-container elementor-column-gap-default\">\n\t\t\t\t\t<div class=\"elementor-column elementor-col-100 elementor-inner-column elementor-element elementor-element-36f0f45\" data-id=\"36f0f45\" data-element_type=\"column\" data-e-type=\"column\">\n\t\t\t<div class=\"elementor-widget-wrap elementor-element-populated\">\n\t\t\t\t\t\t<div class=\"elementor-element elementor-element-59c6f8d elementor-widget elementor-widget-heading\" data-id=\"59c6f8d\" data-element_type=\"widget\" data-e-type=\"widget\" data-widget_type=\"heading.default\">\n\t\t\t\t<div class=\"elementor-widget-container\">\n\t\t\t\t\t<h2 class=\"elementor-heading-title elementor-size-default\">Downloads<\/h2>\t\t\t\t<\/div>\n\t\t\t\t<\/div>\n\t\t\t\t<div class=\"elementor-element elementor-element-28bbc08 elementor-widget elementor-widget-text-editor\" data-id=\"28bbc08\" data-element_type=\"widget\" data-e-type=\"widget\" data-widget_type=\"text-editor.default\">\n\t\t\t\t<div class=\"elementor-widget-container\">\n\t\t\t\t\t\t\t\t\t<b>Use os links fornecidos abaixo para baixar os folhetos em PDF para cada item abaixo.<\/b>\n<p>\n<\/p><ul>\n \t<li><a href=\"https:\/\/www.amsted.com\/wp-content\/uploads\/2022\/10\/EEOC_KnowYourRights_Poster.pdf\" target=\"_blank\" rel=\"noopener\">Conhe\u00e7a seus direitos<\/a><\/li>\n \t<li><a href=\"https:\/\/www.amsted.com\/wp-content\/uploads\/2022\/10\/EEOC_KnowYourRights_Poster_Spanish.pdf\" target=\"_blank\" rel=\"noopener\">Conhe\u00e7a seus direitos (Espa\u00f1ol)<\/a><\/li>\n<\/ul>\n\t\t\t\t\t\t\t\t<\/div>\n\t\t\t\t<\/div>\n\t\t\t\t\t<\/div>\n\t\t<\/div>\n\t\t\t\t\t<\/div>\n\t\t<\/section>\n\t\t\t\t\t<\/div>\n\t\t<\/div>\n\t\t\t\t\t<\/div>\n\t\t<\/section>\n\t\t\t\t<section class=\"elementor-section elementor-top-section elementor-element elementor-element-a212bb5 elementor-section-boxed elementor-section-height-default elementor-section-height-default\" data-id=\"a212bb5\" data-element_type=\"section\" data-e-type=\"section\" data-settings=\"{&quot;background_background&quot;:&quot;classic&quot;}\">\n\t\t\t\t\t\t<div class=\"elementor-container elementor-column-gap-default\">\n\t\t\t\t\t<div class=\"elementor-column elementor-col-100 elementor-top-column elementor-element elementor-element-4d9134b\" data-id=\"4d9134b\" data-element_type=\"column\" data-e-type=\"column\">\n\t\t\t<div class=\"elementor-widget-wrap elementor-element-populated\">\n\t\t\t\t\t\t<div class=\"elementor-element elementor-element-a1b3369 elementor-widget elementor-widget-shortcode\" data-id=\"a1b3369\" data-element_type=\"widget\" data-e-type=\"widget\" data-widget_type=\"shortcode.default\">\n\t\t\t\t<div class=\"elementor-widget-container\">\n\t\t\t\t\t\t\t<div class=\"elementor-shortcode\"><\/div>\n\t\t\t\t\t\t<\/div>\n\t\t\t\t<\/div>\n\t\t\t\t\t<\/div>\n\t\t<\/div>\n\t\t\t\t\t<\/div>\n\t\t<\/section>\n\t\t\t\t<\/div>\n\t\t","protected":false},"excerpt":{"rendered":"<p>Conformidade EEO\/Declara\u00e7\u00f5es Declara\u00e7\u00e3o da EEO A Amsted Industries \u00e9 um empregador de oportunidades iguais. A Amsted Industries oferece oportunidades iguais de emprego (EEO) a todos os funcion\u00e1rios e candidatos a emprego, independentemente de ra\u00e7a, cor, religi\u00e3o, g\u00eanero, orienta\u00e7\u00e3o sexual, identidade de g\u00eanero, nacionalidade, idade, defici\u00eancia, informa\u00e7\u00f5es gen\u00e9 ticas, estado civil, anistia ou status como um [&hellip;]<\/p>\n","protected":false},"author":1,"featured_media":0,"parent":5393,"menu_order":0,"comment_status":"closed","ping_status":"closed","template":"","meta":{"_acf_changed":false,"footnotes":""},"search-category":[18],"class_list":["post-5468","page","type-page","status-publish","hentry","search-category-careers"],"acf":[],"yoast_head":"<!-- This site is optimized with the Yoast SEO plugin v27.2 - https:\/\/yoast.com\/product\/yoast-seo-wordpress\/ -->\n<title>Conformidade EEO\/Declara\u00e7\u00f5es - Amsted Industries<\/title>\n<meta name=\"robots\" content=\"index, follow, max-snippet:-1, max-image-preview:large, max-video-preview:-1\" \/>\n<link rel=\"canonical\" href=\"https:\/\/www.amsted.com\/pt-br\/carreiras\/conformidade-eeo-declaracoes\/\" \/>\n<meta property=\"og:locale\" content=\"pt_BR\" \/>\n<meta property=\"og:type\" content=\"article\" \/>\n<meta property=\"og:title\" content=\"Conformidade EEO\/Declara\u00e7\u00f5es - Amsted Industries\" \/>\n<meta property=\"og:description\" content=\"Conformidade EEO\/Declara\u00e7\u00f5es Declara\u00e7\u00e3o da EEO A Amsted Industries \u00e9 um empregador de oportunidades iguais. A Amsted Industries oferece oportunidades iguais de emprego (EEO) a todos os funcion\u00e1rios e candidatos a emprego, independentemente de ra\u00e7a, cor, religi\u00e3o, g\u00eanero, orienta\u00e7\u00e3o sexual, identidade de g\u00eanero, nacionalidade, idade, defici\u00eancia, informa\u00e7\u00f5es gen\u00e9 ticas, estado civil, anistia ou status como um [&hellip;]\" \/>\n<meta property=\"og:url\" content=\"https:\/\/www.amsted.com\/pt-br\/carreiras\/conformidade-eeo-declaracoes\/\" \/>\n<meta property=\"og:site_name\" content=\"Amsted Industries\" \/>\n<meta property=\"article:modified_time\" content=\"2022-10-31T12:31:49+00:00\" \/>\n<meta name=\"twitter:card\" content=\"summary_large_image\" \/>\n<meta name=\"twitter:label1\" content=\"Est. reading time\" \/>\n\t<meta name=\"twitter:data1\" content=\"1 minute\" \/>\n<script type=\"application\/ld+json\" class=\"yoast-schema-graph\">{\"@context\":\"https:\/\/schema.org\",\"@graph\":[{\"@type\":\"WebPage\",\"@id\":\"https:\/\/www.amsted.com\/pt-br\/carreiras\/conformidade-eeo-declaracoes\/\",\"url\":\"https:\/\/www.amsted.com\/pt-br\/carreiras\/conformidade-eeo-declaracoes\/\",\"name\":\"Conformidade EEO\/Declara\u00e7\u00f5es - Amsted Industries\",\"isPartOf\":{\"@id\":\"https:\/\/www.amsted.com\/pt-br\/#website\"},\"datePublished\":\"2022-06-02T02:36:25+00:00\",\"dateModified\":\"2022-10-31T12:31:49+00:00\",\"breadcrumb\":{\"@id\":\"https:\/\/www.amsted.com\/pt-br\/carreiras\/conformidade-eeo-declaracoes\/#breadcrumb\"},\"inLanguage\":\"pt-BR\",\"potentialAction\":[{\"@type\":\"ReadAction\",\"target\":[\"https:\/\/www.amsted.com\/pt-br\/carreiras\/conformidade-eeo-declaracoes\/\"]}]},{\"@type\":\"BreadcrumbList\",\"@id\":\"https:\/\/www.amsted.com\/pt-br\/carreiras\/conformidade-eeo-declaracoes\/#breadcrumb\",\"itemListElement\":[{\"@type\":\"ListItem\",\"position\":1,\"name\":\"Home\",\"item\":\"https:\/\/www.amsted.com\/pt-br\/homepage\/\"},{\"@type\":\"ListItem\",\"position\":2,\"name\":\"Carreiras\",\"item\":\"https:\/\/www.amsted.com\/pt-br\/carreiras\/\"},{\"@type\":\"ListItem\",\"position\":3,\"name\":\"Conformidade EEO\/Declara\u00e7\u00f5es\"}]},{\"@type\":\"WebSite\",\"@id\":\"https:\/\/www.amsted.com\/pt-br\/#website\",\"url\":\"https:\/\/www.amsted.com\/pt-br\/\",\"name\":\"Amsted Industries\",\"description\":\"Just another WordPress site\",\"potentialAction\":[{\"@type\":\"SearchAction\",\"target\":{\"@type\":\"EntryPoint\",\"urlTemplate\":\"https:\/\/www.amsted.com\/pt-br\/?s={search_term_string}\"},\"query-input\":{\"@type\":\"PropertyValueSpecification\",\"valueRequired\":true,\"valueName\":\"search_term_string\"}}],\"inLanguage\":\"pt-BR\"}]}<\/script>\n<!-- \/ Yoast SEO plugin. -->","yoast_head_json":{"title":"Conformidade EEO\/Declara\u00e7\u00f5es - Amsted Industries","robots":{"index":"index","follow":"follow","max-snippet":"max-snippet:-1","max-image-preview":"max-image-preview:large","max-video-preview":"max-video-preview:-1"},"canonical":"https:\/\/www.amsted.com\/pt-br\/carreiras\/conformidade-eeo-declaracoes\/","og_locale":"pt_BR","og_type":"article","og_title":"Conformidade EEO\/Declara\u00e7\u00f5es - Amsted Industries","og_description":"Conformidade EEO\/Declara\u00e7\u00f5es Declara\u00e7\u00e3o da EEO A Amsted Industries \u00e9 um empregador de oportunidades iguais. A Amsted Industries oferece oportunidades iguais de emprego (EEO) a todos os funcion\u00e1rios e candidatos a emprego, independentemente de ra\u00e7a, cor, religi\u00e3o, g\u00eanero, orienta\u00e7\u00e3o sexual, identidade de g\u00eanero, nacionalidade, idade, defici\u00eancia, informa\u00e7\u00f5es gen\u00e9 ticas, estado civil, anistia ou status como um [&hellip;]","og_url":"https:\/\/www.amsted.com\/pt-br\/carreiras\/conformidade-eeo-declaracoes\/","og_site_name":"Amsted Industries","article_modified_time":"2022-10-31T12:31:49+00:00","twitter_card":"summary_large_image","twitter_misc":{"Est. reading time":"1 minute"},"schema":{"@context":"https:\/\/schema.org","@graph":[{"@type":"WebPage","@id":"https:\/\/www.amsted.com\/pt-br\/carreiras\/conformidade-eeo-declaracoes\/","url":"https:\/\/www.amsted.com\/pt-br\/carreiras\/conformidade-eeo-declaracoes\/","name":"Conformidade EEO\/Declara\u00e7\u00f5es - Amsted Industries","isPartOf":{"@id":"https:\/\/www.amsted.com\/pt-br\/#website"},"datePublished":"2022-06-02T02:36:25+00:00","dateModified":"2022-10-31T12:31:49+00:00","breadcrumb":{"@id":"https:\/\/www.amsted.com\/pt-br\/carreiras\/conformidade-eeo-declaracoes\/#breadcrumb"},"inLanguage":"pt-BR","potentialAction":[{"@type":"ReadAction","target":["https:\/\/www.amsted.com\/pt-br\/carreiras\/conformidade-eeo-declaracoes\/"]}]},{"@type":"BreadcrumbList","@id":"https:\/\/www.amsted.com\/pt-br\/carreiras\/conformidade-eeo-declaracoes\/#breadcrumb","itemListElement":[{"@type":"ListItem","position":1,"name":"Home","item":"https:\/\/www.amsted.com\/pt-br\/homepage\/"},{"@type":"ListItem","position":2,"name":"Carreiras","item":"https:\/\/www.amsted.com\/pt-br\/carreiras\/"},{"@type":"ListItem","position":3,"name":"Conformidade EEO\/Declara\u00e7\u00f5es"}]},{"@type":"WebSite","@id":"https:\/\/www.amsted.com\/pt-br\/#website","url":"https:\/\/www.amsted.com\/pt-br\/","name":"Amsted Industries","description":"Just another WordPress site","potentialAction":[{"@type":"SearchAction","target":{"@type":"EntryPoint","urlTemplate":"https:\/\/www.amsted.com\/pt-br\/?s={search_term_string}"},"query-input":{"@type":"PropertyValueSpecification","valueRequired":true,"valueName":"search_term_string"}}],"inLanguage":"pt-BR"}]}},"_links":{"self":[{"href":"https:\/\/www.amsted.com\/pt-br\/wp-json\/wp\/v2\/pages\/5468","targetHints":{"allow":["GET"]}}],"collection":[{"href":"https:\/\/www.amsted.com\/pt-br\/wp-json\/wp\/v2\/pages"}],"about":[{"href":"https:\/\/www.amsted.com\/pt-br\/wp-json\/wp\/v2\/types\/page"}],"author":[{"embeddable":true,"href":"https:\/\/www.amsted.com\/pt-br\/wp-json\/wp\/v2\/users\/1"}],"replies":[{"embeddable":true,"href":"https:\/\/www.amsted.com\/pt-br\/wp-json\/wp\/v2\/comments?post=5468"}],"version-history":[{"count":3,"href":"https:\/\/www.amsted.com\/pt-br\/wp-json\/wp\/v2\/pages\/5468\/revisions"}],"predecessor-version":[{"id":7408,"href":"https:\/\/www.amsted.com\/pt-br\/wp-json\/wp\/v2\/pages\/5468\/revisions\/7408"}],"up":[{"embeddable":true,"href":"https:\/\/www.amsted.com\/pt-br\/wp-json\/wp\/v2\/pages\/5393"}],"wp:attachment":[{"href":"https:\/\/www.amsted.com\/pt-br\/wp-json\/wp\/v2\/media?parent=5468"}],"wp:term":[{"taxonomy":"search-category","embeddable":true,"href":"https:\/\/www.amsted.com\/pt-br\/wp-json\/wp\/v2\/search-category?post=5468"}],"curies":[{"name":"wp","href":"https:\/\/api.w.org\/{rel}","templated":true}]}}