{"id":5371,"date":"2022-06-13T22:19:41","date_gmt":"2022-06-13T22:19:41","guid":{"rendered":"https:\/\/live-amsted-industries.pantheonsite.io\/sobre\/equipe-de-lideranca\/wayne-a-luce\/"},"modified":"2022-09-14T19:40:43","modified_gmt":"2022-09-14T19:40:43","slug":"wayne-a-luce","status":"publish","type":"page","link":"https:\/\/www.amsted.com\/pt-br\/sobre\/equipe-de-lideranca\/wayne-a-luce\/","title":{"rendered":"Wayne A. Luce"},"content":{"rendered":"\t\t<div data-elementor-type=\"wp-page\" data-elementor-id=\"5371\" class=\"elementor elementor-5371 elementor-1228\" data-elementor-post-type=\"page\">\n\t\t\t\t\t\t<section class=\"elementor-section elementor-top-section elementor-element elementor-element-571ddbd4 elementor-section-full_width elementor-section-height-default elementor-section-height-default\" data-id=\"571ddbd4\" data-element_type=\"section\" data-e-type=\"section\">\n\t\t\t\t\t\t<div class=\"elementor-container elementor-column-gap-default\">\n\t\t\t\t\t<div class=\"elementor-column elementor-col-100 elementor-top-column elementor-element elementor-element-258370f\" data-id=\"258370f\" data-element_type=\"column\" data-e-type=\"column\">\n\t\t\t<div class=\"elementor-widget-wrap elementor-element-populated\">\n\t\t\t\t\t\t<section class=\"elementor-section elementor-inner-section elementor-element elementor-element-75d7fcef elementor-reverse-mobile elementor-section-boxed elementor-section-height-default elementor-section-height-default\" data-id=\"75d7fcef\" data-element_type=\"section\" data-e-type=\"section\" data-settings=\"{&quot;background_background&quot;:&quot;video&quot;}\">\n\t\t\t\t\t\t<div class=\"elementor-container elementor-column-gap-default\">\n\t\t\t\t\t<div class=\"elementor-column elementor-col-50 elementor-inner-column elementor-element elementor-element-22dab252\" data-id=\"22dab252\" data-element_type=\"column\" data-e-type=\"column\">\n\t\t\t<div class=\"elementor-widget-wrap elementor-element-populated\">\n\t\t\t\t\t\t<div class=\"elementor-element elementor-element-3ce1075b elementor-widget elementor-widget-heading\" data-id=\"3ce1075b\" data-element_type=\"widget\" data-e-type=\"widget\" data-widget_type=\"heading.default\">\n\t\t\t\t<div class=\"elementor-widget-container\">\n\t\t\t\t\t<h1 class=\"elementor-heading-title elementor-size-default\">Wayne A. Luce<\/h1>\t\t\t\t<\/div>\n\t\t\t\t<\/div>\n\t\t\t\t<div class=\"elementor-element elementor-element-4c786959 elementor-widget elementor-widget-text-editor\" data-id=\"4c786959\" data-element_type=\"widget\" data-e-type=\"widget\" data-widget_type=\"text-editor.default\">\n\t\t\t\t<div class=\"elementor-widget-container\">\n\t\t\t\t\t\t\t\t\t<p><b>Vice Presidente &#8211; Recursos Humanos<\/b><\/p>\n\t\t\t\t\t\t\t\t<\/div>\n\t\t\t\t<\/div>\n\t\t\t\t<div class=\"elementor-element elementor-element-2efc6dfb elementor-widget elementor-widget-text-editor\" data-id=\"2efc6dfb\" data-element_type=\"widget\" data-e-type=\"widget\" data-widget_type=\"text-editor.default\">\n\t\t\t\t<div class=\"elementor-widget-container\">\n\t\t\t\t\t\t\t\t\t<p>Wayne Luce \u00e9 o Vice Presidente &#8211; Recursos Humanos da Amsted Industries. Durante sua carreira, o Sr. Luce ocupou in\u00fameros cargos na Amsted. Ele atuou como gerente de recursos humanos na Griffin Wheel, diretor de recursos humanos e vice &#8211; presidente de recursos humanos, seguran\u00e7a e meio ambiente na Griffin Pipe antes de ser nomeado vice &#8211; presidente de recursos humanos para a Griffin Wheel em 2006. Como Vice &#8211; Presidente de Recursos Humanos da Amsted Rail, Wayne ajuda a liderar as fun\u00e7\u00f5es de recursos humanos dos tr\u00eas neg\u00f3cios combinados da Amsted: Roda Griffin, Fundi\u00e7\u00f5es Americanas de A\u00e7o e Rolamentos Brenco para criar o Amsted Rail. O Sr. Luce foi no meado Vice &#8211; presidente da Amsted Industries em agosto de 2018. Ele obteve um Mestrado em Administra\u00e7\u00e3o de Empresas pela Universidade de Athabasca e \u00e9 um Profissional Certificado em Recursos Humanos.     <\/p>\n\t\t\t\t\t\t\t\t<\/div>\n\t\t\t\t<\/div>\n\t\t\t\t\t<\/div>\n\t\t<\/div>\n\t\t\t\t<div class=\"elementor-column elementor-col-50 elementor-inner-column elementor-element elementor-element-4b839d18\" data-id=\"4b839d18\" data-element_type=\"column\" data-e-type=\"column\">\n\t\t\t<div class=\"elementor-widget-wrap elementor-element-populated\">\n\t\t\t\t\t\t<div class=\"elementor-element elementor-element-5ef113af elementor-widget elementor-widget-image\" data-id=\"5ef113af\" data-element_type=\"widget\" data-e-type=\"widget\" data-widget_type=\"image.default\">\n\t\t\t\t<div class=\"elementor-widget-container\">\n\t\t\t\t\t\t\t\t\t\t\t\t\t\t\t<img fetchpriority=\"high\" decoding=\"async\" width=\"738\" height=\"946\" src=\"https:\/\/www.amsted.com\/wp-content\/uploads\/2022\/06\/wayne-luce.jpg\" class=\"attachment-full size-full wp-image-635\" alt=\"\" srcset=\"https:\/\/www.amsted.com\/wp-content\/uploads\/2022\/06\/wayne-luce.jpg 738w, https:\/\/www.amsted.com\/wp-content\/uploads\/2022\/06\/wayne-luce-234x300.jpg 234w\" sizes=\"(max-width: 738px) 100vw, 738px\" \/>\t\t\t\t\t\t\t\t\t\t\t\t\t\t\t<\/div>\n\t\t\t\t<\/div>\n\t\t\t\t\t<\/div>\n\t\t<\/div>\n\t\t\t\t\t<\/div>\n\t\t<\/section>\n\t\t\t\t\t<\/div>\n\t\t<\/div>\n\t\t\t\t\t<\/div>\n\t\t<\/section>\n\t\t\t\t<section class=\"elementor-section elementor-top-section elementor-element elementor-element-1e792a35 elementor-section-boxed elementor-section-height-default elementor-section-height-default\" data-id=\"1e792a35\" data-element_type=\"section\" data-e-type=\"section\" data-settings=\"{&quot;background_background&quot;:&quot;classic&quot;}\">\n\t\t\t\t\t\t<div class=\"elementor-container elementor-column-gap-default\">\n\t\t\t\t\t<div class=\"elementor-column elementor-col-100 elementor-top-column elementor-element elementor-element-46b4ba31\" data-id=\"46b4ba31\" data-element_type=\"column\" data-e-type=\"column\">\n\t\t\t<div class=\"elementor-widget-wrap elementor-element-populated\">\n\t\t\t\t\t\t<div class=\"elementor-element elementor-element-1b770e97 elementor-widget elementor-widget-shortcode\" data-id=\"1b770e97\" data-element_type=\"widget\" data-e-type=\"widget\" data-widget_type=\"shortcode.default\">\n\t\t\t\t<div class=\"elementor-widget-container\">\n\t\t\t\t\t\t\t<div class=\"elementor-shortcode\"><\/div>\n\t\t\t\t\t\t<\/div>\n\t\t\t\t<\/div>\n\t\t\t\t\t<\/div>\n\t\t<\/div>\n\t\t\t\t\t<\/div>\n\t\t<\/section>\n\t\t\t\t<\/div>\n\t\t","protected":false},"excerpt":{"rendered":"<p>Vice Presidente &#8211; Recursos Humanos Wayne Luce \u00e9 o Vice Presidente &#8211; Recursos Humanos da Amsted Industries. Durante sua carreira, o Sr. Luce ocupou in\u00fameros cargos na Amsted. Ele atuou como gerente de recursos humanos na Griffin Wheel, diretor de recursos humanos e vice &#8211; presidente de recursos humanos, seguran\u00e7a e meio ambiente na Griffin [&hellip;]<\/p>\n","protected":false},"author":1,"featured_media":0,"parent":5353,"menu_order":0,"comment_status":"closed","ping_status":"closed","template":"","meta":{"_acf_changed":false,"footnotes":""},"search-category":[16],"class_list":["post-5371","page","type-page","status-publish","hentry","search-category-about"],"acf":[],"yoast_head":"<!-- This site is optimized with the Yoast SEO plugin v27.2 - https:\/\/yoast.com\/product\/yoast-seo-wordpress\/ -->\n<title>Wayne A. Luce - Amsted Industries<\/title>\n<meta name=\"robots\" content=\"index, follow, max-snippet:-1, max-image-preview:large, max-video-preview:-1\" \/>\n<link rel=\"canonical\" href=\"https:\/\/www.amsted.com\/pt-br\/sobre\/equipe-de-lideranca\/wayne-a-luce\/\" \/>\n<meta property=\"og:locale\" content=\"pt_BR\" \/>\n<meta property=\"og:type\" content=\"article\" \/>\n<meta property=\"og:title\" content=\"Wayne A. Luce - Amsted Industries\" \/>\n<meta property=\"og:description\" content=\"Vice Presidente &#8211; Recursos Humanos Wayne Luce \u00e9 o Vice Presidente &#8211; Recursos Humanos da Amsted Industries. Durante sua carreira, o Sr. Luce ocupou in\u00fameros cargos na Amsted. Ele atuou como gerente de recursos humanos na Griffin Wheel, diretor de recursos humanos e vice &#8211; presidente de recursos humanos, seguran\u00e7a e meio ambiente na Griffin [&hellip;]\" \/>\n<meta property=\"og:url\" content=\"https:\/\/www.amsted.com\/pt-br\/sobre\/equipe-de-lideranca\/wayne-a-luce\/\" \/>\n<meta property=\"og:site_name\" content=\"Amsted Industries\" \/>\n<meta property=\"article:modified_time\" content=\"2022-09-14T19:40:43+00:00\" \/>\n<meta property=\"og:image\" content=\"https:\/\/live-amsted-industries.pantheonsite.io\/wp-content\/uploads\/2022\/06\/wayne-luce.jpg\" \/>\n<meta name=\"twitter:card\" content=\"summary_large_image\" \/>\n<meta name=\"twitter:label1\" content=\"Est. reading time\" \/>\n\t<meta name=\"twitter:data1\" content=\"1 minute\" \/>\n<script type=\"application\/ld+json\" class=\"yoast-schema-graph\">{\"@context\":\"https:\/\/schema.org\",\"@graph\":[{\"@type\":\"WebPage\",\"@id\":\"https:\/\/www.amsted.com\/pt-br\/sobre\/equipe-de-lideranca\/wayne-a-luce\/\",\"url\":\"https:\/\/www.amsted.com\/pt-br\/sobre\/equipe-de-lideranca\/wayne-a-luce\/\",\"name\":\"Wayne A. Luce - Amsted Industries\",\"isPartOf\":{\"@id\":\"https:\/\/www.amsted.com\/pt-br\/#website\"},\"primaryImageOfPage\":{\"@id\":\"https:\/\/www.amsted.com\/pt-br\/sobre\/equipe-de-lideranca\/wayne-a-luce\/#primaryimage\"},\"image\":{\"@id\":\"https:\/\/www.amsted.com\/pt-br\/sobre\/equipe-de-lideranca\/wayne-a-luce\/#primaryimage\"},\"thumbnailUrl\":\"https:\/\/live-amsted-industries.pantheonsite.io\/wp-content\/uploads\/2022\/06\/wayne-luce.jpg\",\"datePublished\":\"2022-06-13T22:19:41+00:00\",\"dateModified\":\"2022-09-14T19:40:43+00:00\",\"breadcrumb\":{\"@id\":\"https:\/\/www.amsted.com\/pt-br\/sobre\/equipe-de-lideranca\/wayne-a-luce\/#breadcrumb\"},\"inLanguage\":\"pt-BR\",\"potentialAction\":[{\"@type\":\"ReadAction\",\"target\":[\"https:\/\/www.amsted.com\/pt-br\/sobre\/equipe-de-lideranca\/wayne-a-luce\/\"]}]},{\"@type\":\"ImageObject\",\"inLanguage\":\"pt-BR\",\"@id\":\"https:\/\/www.amsted.com\/pt-br\/sobre\/equipe-de-lideranca\/wayne-a-luce\/#primaryimage\",\"url\":\"https:\/\/live-amsted-industries.pantheonsite.io\/wp-content\/uploads\/2022\/06\/wayne-luce.jpg\",\"contentUrl\":\"https:\/\/live-amsted-industries.pantheonsite.io\/wp-content\/uploads\/2022\/06\/wayne-luce.jpg\"},{\"@type\":\"BreadcrumbList\",\"@id\":\"https:\/\/www.amsted.com\/pt-br\/sobre\/equipe-de-lideranca\/wayne-a-luce\/#breadcrumb\",\"itemListElement\":[{\"@type\":\"ListItem\",\"position\":1,\"name\":\"Home\",\"item\":\"https:\/\/www.amsted.com\/pt-br\/homepage\/\"},{\"@type\":\"ListItem\",\"position\":2,\"name\":\"Sobre\",\"item\":\"https:\/\/www.amsted.com\/pt-br\/sobre\/\"},{\"@type\":\"ListItem\",\"position\":3,\"name\":\"Equipe de lideran\u00e7a\",\"item\":\"https:\/\/www.amsted.com\/pt-br\/sobre\/equipe-de-lideranca\/\"},{\"@type\":\"ListItem\",\"position\":4,\"name\":\"Wayne A. Luce\"}]},{\"@type\":\"WebSite\",\"@id\":\"https:\/\/www.amsted.com\/pt-br\/#website\",\"url\":\"https:\/\/www.amsted.com\/pt-br\/\",\"name\":\"Amsted Industries\",\"description\":\"Just another WordPress site\",\"potentialAction\":[{\"@type\":\"SearchAction\",\"target\":{\"@type\":\"EntryPoint\",\"urlTemplate\":\"https:\/\/www.amsted.com\/pt-br\/?s={search_term_string}\"},\"query-input\":{\"@type\":\"PropertyValueSpecification\",\"valueRequired\":true,\"valueName\":\"search_term_string\"}}],\"inLanguage\":\"pt-BR\"}]}<\/script>\n<!-- \/ Yoast SEO plugin. -->","yoast_head_json":{"title":"Wayne A. Luce - Amsted Industries","robots":{"index":"index","follow":"follow","max-snippet":"max-snippet:-1","max-image-preview":"max-image-preview:large","max-video-preview":"max-video-preview:-1"},"canonical":"https:\/\/www.amsted.com\/pt-br\/sobre\/equipe-de-lideranca\/wayne-a-luce\/","og_locale":"pt_BR","og_type":"article","og_title":"Wayne A. Luce - Amsted Industries","og_description":"Vice Presidente &#8211; Recursos Humanos Wayne Luce \u00e9 o Vice Presidente &#8211; Recursos Humanos da Amsted Industries. Durante sua carreira, o Sr. Luce ocupou in\u00fameros cargos na Amsted. Ele atuou como gerente de recursos humanos na Griffin Wheel, diretor de recursos humanos e vice &#8211; presidente de recursos humanos, seguran\u00e7a e meio ambiente na Griffin [&hellip;]","og_url":"https:\/\/www.amsted.com\/pt-br\/sobre\/equipe-de-lideranca\/wayne-a-luce\/","og_site_name":"Amsted Industries","article_modified_time":"2022-09-14T19:40:43+00:00","og_image":[{"url":"https:\/\/live-amsted-industries.pantheonsite.io\/wp-content\/uploads\/2022\/06\/wayne-luce.jpg","type":"","width":"","height":""}],"twitter_card":"summary_large_image","twitter_misc":{"Est. reading time":"1 minute"},"schema":{"@context":"https:\/\/schema.org","@graph":[{"@type":"WebPage","@id":"https:\/\/www.amsted.com\/pt-br\/sobre\/equipe-de-lideranca\/wayne-a-luce\/","url":"https:\/\/www.amsted.com\/pt-br\/sobre\/equipe-de-lideranca\/wayne-a-luce\/","name":"Wayne A. Luce - Amsted Industries","isPartOf":{"@id":"https:\/\/www.amsted.com\/pt-br\/#website"},"primaryImageOfPage":{"@id":"https:\/\/www.amsted.com\/pt-br\/sobre\/equipe-de-lideranca\/wayne-a-luce\/#primaryimage"},"image":{"@id":"https:\/\/www.amsted.com\/pt-br\/sobre\/equipe-de-lideranca\/wayne-a-luce\/#primaryimage"},"thumbnailUrl":"https:\/\/live-amsted-industries.pantheonsite.io\/wp-content\/uploads\/2022\/06\/wayne-luce.jpg","datePublished":"2022-06-13T22:19:41+00:00","dateModified":"2022-09-14T19:40:43+00:00","breadcrumb":{"@id":"https:\/\/www.amsted.com\/pt-br\/sobre\/equipe-de-lideranca\/wayne-a-luce\/#breadcrumb"},"inLanguage":"pt-BR","potentialAction":[{"@type":"ReadAction","target":["https:\/\/www.amsted.com\/pt-br\/sobre\/equipe-de-lideranca\/wayne-a-luce\/"]}]},{"@type":"ImageObject","inLanguage":"pt-BR","@id":"https:\/\/www.amsted.com\/pt-br\/sobre\/equipe-de-lideranca\/wayne-a-luce\/#primaryimage","url":"https:\/\/live-amsted-industries.pantheonsite.io\/wp-content\/uploads\/2022\/06\/wayne-luce.jpg","contentUrl":"https:\/\/live-amsted-industries.pantheonsite.io\/wp-content\/uploads\/2022\/06\/wayne-luce.jpg"},{"@type":"BreadcrumbList","@id":"https:\/\/www.amsted.com\/pt-br\/sobre\/equipe-de-lideranca\/wayne-a-luce\/#breadcrumb","itemListElement":[{"@type":"ListItem","position":1,"name":"Home","item":"https:\/\/www.amsted.com\/pt-br\/homepage\/"},{"@type":"ListItem","position":2,"name":"Sobre","item":"https:\/\/www.amsted.com\/pt-br\/sobre\/"},{"@type":"ListItem","position":3,"name":"Equipe de lideran\u00e7a","item":"https:\/\/www.amsted.com\/pt-br\/sobre\/equipe-de-lideranca\/"},{"@type":"ListItem","position":4,"name":"Wayne A. Luce"}]},{"@type":"WebSite","@id":"https:\/\/www.amsted.com\/pt-br\/#website","url":"https:\/\/www.amsted.com\/pt-br\/","name":"Amsted Industries","description":"Just another WordPress site","potentialAction":[{"@type":"SearchAction","target":{"@type":"EntryPoint","urlTemplate":"https:\/\/www.amsted.com\/pt-br\/?s={search_term_string}"},"query-input":{"@type":"PropertyValueSpecification","valueRequired":true,"valueName":"search_term_string"}}],"inLanguage":"pt-BR"}]}},"_links":{"self":[{"href":"https:\/\/www.amsted.com\/pt-br\/wp-json\/wp\/v2\/pages\/5371","targetHints":{"allow":["GET"]}}],"collection":[{"href":"https:\/\/www.amsted.com\/pt-br\/wp-json\/wp\/v2\/pages"}],"about":[{"href":"https:\/\/www.amsted.com\/pt-br\/wp-json\/wp\/v2\/types\/page"}],"author":[{"embeddable":true,"href":"https:\/\/www.amsted.com\/pt-br\/wp-json\/wp\/v2\/users\/1"}],"replies":[{"embeddable":true,"href":"https:\/\/www.amsted.com\/pt-br\/wp-json\/wp\/v2\/comments?post=5371"}],"version-history":[{"count":1,"href":"https:\/\/www.amsted.com\/pt-br\/wp-json\/wp\/v2\/pages\/5371\/revisions"}],"predecessor-version":[{"id":5372,"href":"https:\/\/www.amsted.com\/pt-br\/wp-json\/wp\/v2\/pages\/5371\/revisions\/5372"}],"up":[{"embeddable":true,"href":"https:\/\/www.amsted.com\/pt-br\/wp-json\/wp\/v2\/pages\/5353"}],"wp:attachment":[{"href":"https:\/\/www.amsted.com\/pt-br\/wp-json\/wp\/v2\/media?parent=5371"}],"wp:term":[{"taxonomy":"search-category","embeddable":true,"href":"https:\/\/www.amsted.com\/pt-br\/wp-json\/wp\/v2\/search-category?post=5371"}],"curies":[{"name":"wp","href":"https:\/\/api.w.org\/{rel}","templated":true}]}}