{"id":5359,"date":"2022-06-13T22:27:12","date_gmt":"2022-06-13T22:27:12","guid":{"rendered":"https:\/\/live-amsted-industries.pantheonsite.io\/sobre\/equipe-de-lideranca\/christopher-g-athas\/"},"modified":"2022-09-14T19:33:16","modified_gmt":"2022-09-14T19:33:16","slug":"christopher-g-athas","status":"publish","type":"page","link":"https:\/\/www.amsted.com\/pt-br\/sobre\/equipe-de-lideranca\/christopher-g-athas\/","title":{"rendered":"Christopher G. Athas"},"content":{"rendered":"\t\t<div data-elementor-type=\"wp-page\" data-elementor-id=\"5359\" class=\"elementor elementor-5359 elementor-1243\" data-elementor-post-type=\"page\">\n\t\t\t\t\t\t<section class=\"elementor-section elementor-top-section elementor-element elementor-element-5f182ca4 elementor-section-full_width elementor-section-height-default elementor-section-height-default\" data-id=\"5f182ca4\" data-element_type=\"section\" data-e-type=\"section\">\n\t\t\t\t\t\t<div class=\"elementor-container elementor-column-gap-default\">\n\t\t\t\t\t<div class=\"elementor-column elementor-col-100 elementor-top-column elementor-element elementor-element-54c50e3d\" data-id=\"54c50e3d\" data-element_type=\"column\" data-e-type=\"column\">\n\t\t\t<div class=\"elementor-widget-wrap elementor-element-populated\">\n\t\t\t\t\t\t<section class=\"elementor-section elementor-inner-section elementor-element elementor-element-4298574f elementor-reverse-mobile elementor-section-boxed elementor-section-height-default elementor-section-height-default\" data-id=\"4298574f\" data-element_type=\"section\" data-e-type=\"section\" data-settings=\"{&quot;background_background&quot;:&quot;video&quot;}\">\n\t\t\t\t\t\t<div class=\"elementor-container elementor-column-gap-default\">\n\t\t\t\t\t<div class=\"elementor-column elementor-col-50 elementor-inner-column elementor-element elementor-element-115f7fb9\" data-id=\"115f7fb9\" data-element_type=\"column\" data-e-type=\"column\">\n\t\t\t<div class=\"elementor-widget-wrap elementor-element-populated\">\n\t\t\t\t\t\t<div class=\"elementor-element elementor-element-666f115b elementor-widget elementor-widget-heading\" data-id=\"666f115b\" data-element_type=\"widget\" data-e-type=\"widget\" data-widget_type=\"heading.default\">\n\t\t\t\t<div class=\"elementor-widget-container\">\n\t\t\t\t\t<h1 class=\"elementor-heading-title elementor-size-default\">Christopher G. Athas<\/h1>\t\t\t\t<\/div>\n\t\t\t\t<\/div>\n\t\t\t\t<div class=\"elementor-element elementor-element-26bd502d elementor-widget elementor-widget-text-editor\" data-id=\"26bd502d\" data-element_type=\"widget\" data-e-type=\"widget\" data-widget_type=\"text-editor.default\">\n\t\t\t\t<div class=\"elementor-widget-container\">\n\t\t\t\t\t\t\t\t\t<p><strong>Vice &#8211; presidente &#8211; Conselheiro Geral e Secret\u00e1rio<\/strong><\/p>\n\t\t\t\t\t\t\t\t<\/div>\n\t\t\t\t<\/div>\n\t\t\t\t<div class=\"elementor-element elementor-element-5f3d5d14 elementor-widget elementor-widget-text-editor\" data-id=\"5f3d5d14\" data-element_type=\"widget\" data-e-type=\"widget\" data-widget_type=\"text-editor.default\">\n\t\t\t\t<div class=\"elementor-widget-container\">\n\t\t\t\t\t\t\t\t\t<p>Christopher G. Athas \u00e9 Vice Presidente &#8211; Conselheiro Geral e Secret\u00e1rio da Amsted Industries. O Sr. Athas ingressou na Amsted em 2014. Anteriormente ele era um parceiro corporativo do escrit\u00f3rio de advocacia internacional Jones Day. O Sr. Athas se formou na Rice University e na Faculdade de Direito da Universidade de Chicago.   <\/p>\n\t\t\t\t\t\t\t\t<\/div>\n\t\t\t\t<\/div>\n\t\t\t\t\t<\/div>\n\t\t<\/div>\n\t\t\t\t<div class=\"elementor-column elementor-col-50 elementor-inner-column elementor-element elementor-element-45886ff9\" data-id=\"45886ff9\" data-element_type=\"column\" data-e-type=\"column\">\n\t\t\t<div class=\"elementor-widget-wrap elementor-element-populated\">\n\t\t\t\t\t\t<div class=\"elementor-element elementor-element-13a10131 elementor-widget elementor-widget-image\" data-id=\"13a10131\" data-element_type=\"widget\" data-e-type=\"widget\" data-widget_type=\"image.default\">\n\t\t\t\t<div class=\"elementor-widget-container\">\n\t\t\t\t\t\t\t\t\t\t\t\t\t\t\t<img fetchpriority=\"high\" decoding=\"async\" width=\"738\" height=\"946\" src=\"https:\/\/www.amsted.com\/wp-content\/uploads\/2022\/06\/christopher-athas.jpg\" class=\"attachment-full size-full wp-image-682\" alt=\"\" srcset=\"https:\/\/www.amsted.com\/wp-content\/uploads\/2022\/06\/christopher-athas.jpg 738w, https:\/\/www.amsted.com\/wp-content\/uploads\/2022\/06\/christopher-athas-234x300.jpg 234w\" sizes=\"(max-width: 738px) 100vw, 738px\" \/>\t\t\t\t\t\t\t\t\t\t\t\t\t\t\t<\/div>\n\t\t\t\t<\/div>\n\t\t\t\t\t<\/div>\n\t\t<\/div>\n\t\t\t\t\t<\/div>\n\t\t<\/section>\n\t\t\t\t\t<\/div>\n\t\t<\/div>\n\t\t\t\t\t<\/div>\n\t\t<\/section>\n\t\t\t\t<section class=\"elementor-section elementor-top-section elementor-element elementor-element-47084fb2 elementor-section-boxed elementor-section-height-default elementor-section-height-default\" data-id=\"47084fb2\" data-element_type=\"section\" data-e-type=\"section\" data-settings=\"{&quot;background_background&quot;:&quot;classic&quot;}\">\n\t\t\t\t\t\t<div class=\"elementor-container elementor-column-gap-default\">\n\t\t\t\t\t<div class=\"elementor-column elementor-col-100 elementor-top-column elementor-element elementor-element-211d6eb2\" data-id=\"211d6eb2\" data-element_type=\"column\" data-e-type=\"column\">\n\t\t\t<div class=\"elementor-widget-wrap elementor-element-populated\">\n\t\t\t\t\t\t<div class=\"elementor-element elementor-element-7301cdb0 elementor-widget elementor-widget-shortcode\" data-id=\"7301cdb0\" data-element_type=\"widget\" data-e-type=\"widget\" data-widget_type=\"shortcode.default\">\n\t\t\t\t<div class=\"elementor-widget-container\">\n\t\t\t\t\t\t\t<div class=\"elementor-shortcode\"><\/div>\n\t\t\t\t\t\t<\/div>\n\t\t\t\t<\/div>\n\t\t\t\t\t<\/div>\n\t\t<\/div>\n\t\t\t\t\t<\/div>\n\t\t<\/section>\n\t\t\t\t<\/div>\n\t\t","protected":false},"excerpt":{"rendered":"<p>Vice &#8211; presidente &#8211; Conselheiro Geral e Secret\u00e1rio Christopher G. Athas \u00e9 Vice Presidente &#8211; Conselheiro Geral e Secret\u00e1rio da Amsted Industries. O Sr. Athas ingressou na Amsted em 2014. Anteriormente ele era um parceiro corporativo do escrit\u00f3rio de advocacia internacional Jones Day. O Sr. Athas se formou na Rice University e na Faculdade de [&hellip;]<\/p>\n","protected":false},"author":1,"featured_media":0,"parent":5353,"menu_order":0,"comment_status":"closed","ping_status":"closed","template":"","meta":{"_acf_changed":false,"footnotes":""},"search-category":[16],"class_list":["post-5359","page","type-page","status-publish","hentry","search-category-about"],"acf":[],"yoast_head":"<!-- This site is optimized with the Yoast SEO plugin v27.2 - https:\/\/yoast.com\/product\/yoast-seo-wordpress\/ -->\n<title>Christopher G. Athas - Amsted Industries<\/title>\n<meta name=\"robots\" content=\"index, follow, max-snippet:-1, max-image-preview:large, max-video-preview:-1\" \/>\n<link rel=\"canonical\" href=\"https:\/\/www.amsted.com\/pt-br\/sobre\/equipe-de-lideranca\/christopher-g-athas\/\" \/>\n<meta property=\"og:locale\" content=\"pt_BR\" \/>\n<meta property=\"og:type\" content=\"article\" \/>\n<meta property=\"og:title\" content=\"Christopher G. Athas - Amsted Industries\" \/>\n<meta property=\"og:description\" content=\"Vice &#8211; presidente &#8211; Conselheiro Geral e Secret\u00e1rio Christopher G. Athas \u00e9 Vice Presidente &#8211; Conselheiro Geral e Secret\u00e1rio da Amsted Industries. O Sr. Athas ingressou na Amsted em 2014. Anteriormente ele era um parceiro corporativo do escrit\u00f3rio de advocacia internacional Jones Day. O Sr. Athas se formou na Rice University e na Faculdade de [&hellip;]\" \/>\n<meta property=\"og:url\" content=\"https:\/\/www.amsted.com\/pt-br\/sobre\/equipe-de-lideranca\/christopher-g-athas\/\" \/>\n<meta property=\"og:site_name\" content=\"Amsted Industries\" \/>\n<meta property=\"article:modified_time\" content=\"2022-09-14T19:33:16+00:00\" \/>\n<meta property=\"og:image\" content=\"https:\/\/live-amsted-industries.pantheonsite.io\/wp-content\/uploads\/2022\/06\/christopher-athas.jpg\" \/>\n<meta name=\"twitter:card\" content=\"summary_large_image\" \/>\n<script type=\"application\/ld+json\" class=\"yoast-schema-graph\">{\"@context\":\"https:\/\/schema.org\",\"@graph\":[{\"@type\":\"WebPage\",\"@id\":\"https:\/\/www.amsted.com\/pt-br\/sobre\/equipe-de-lideranca\/christopher-g-athas\/\",\"url\":\"https:\/\/www.amsted.com\/pt-br\/sobre\/equipe-de-lideranca\/christopher-g-athas\/\",\"name\":\"Christopher G. Athas - Amsted Industries\",\"isPartOf\":{\"@id\":\"https:\/\/www.amsted.com\/pt-br\/#website\"},\"primaryImageOfPage\":{\"@id\":\"https:\/\/www.amsted.com\/pt-br\/sobre\/equipe-de-lideranca\/christopher-g-athas\/#primaryimage\"},\"image\":{\"@id\":\"https:\/\/www.amsted.com\/pt-br\/sobre\/equipe-de-lideranca\/christopher-g-athas\/#primaryimage\"},\"thumbnailUrl\":\"https:\/\/live-amsted-industries.pantheonsite.io\/wp-content\/uploads\/2022\/06\/christopher-athas.jpg\",\"datePublished\":\"2022-06-13T22:27:12+00:00\",\"dateModified\":\"2022-09-14T19:33:16+00:00\",\"breadcrumb\":{\"@id\":\"https:\/\/www.amsted.com\/pt-br\/sobre\/equipe-de-lideranca\/christopher-g-athas\/#breadcrumb\"},\"inLanguage\":\"pt-BR\",\"potentialAction\":[{\"@type\":\"ReadAction\",\"target\":[\"https:\/\/www.amsted.com\/pt-br\/sobre\/equipe-de-lideranca\/christopher-g-athas\/\"]}]},{\"@type\":\"ImageObject\",\"inLanguage\":\"pt-BR\",\"@id\":\"https:\/\/www.amsted.com\/pt-br\/sobre\/equipe-de-lideranca\/christopher-g-athas\/#primaryimage\",\"url\":\"https:\/\/live-amsted-industries.pantheonsite.io\/wp-content\/uploads\/2022\/06\/christopher-athas.jpg\",\"contentUrl\":\"https:\/\/live-amsted-industries.pantheonsite.io\/wp-content\/uploads\/2022\/06\/christopher-athas.jpg\"},{\"@type\":\"BreadcrumbList\",\"@id\":\"https:\/\/www.amsted.com\/pt-br\/sobre\/equipe-de-lideranca\/christopher-g-athas\/#breadcrumb\",\"itemListElement\":[{\"@type\":\"ListItem\",\"position\":1,\"name\":\"Home\",\"item\":\"https:\/\/www.amsted.com\/pt-br\/homepage\/\"},{\"@type\":\"ListItem\",\"position\":2,\"name\":\"Sobre\",\"item\":\"https:\/\/www.amsted.com\/pt-br\/sobre\/\"},{\"@type\":\"ListItem\",\"position\":3,\"name\":\"Equipe de lideran\u00e7a\",\"item\":\"https:\/\/www.amsted.com\/pt-br\/sobre\/equipe-de-lideranca\/\"},{\"@type\":\"ListItem\",\"position\":4,\"name\":\"Christopher G. Athas\"}]},{\"@type\":\"WebSite\",\"@id\":\"https:\/\/www.amsted.com\/pt-br\/#website\",\"url\":\"https:\/\/www.amsted.com\/pt-br\/\",\"name\":\"Amsted Industries\",\"description\":\"Just another WordPress site\",\"potentialAction\":[{\"@type\":\"SearchAction\",\"target\":{\"@type\":\"EntryPoint\",\"urlTemplate\":\"https:\/\/www.amsted.com\/pt-br\/?s={search_term_string}\"},\"query-input\":{\"@type\":\"PropertyValueSpecification\",\"valueRequired\":true,\"valueName\":\"search_term_string\"}}],\"inLanguage\":\"pt-BR\"}]}<\/script>\n<!-- \/ Yoast SEO plugin. -->","yoast_head_json":{"title":"Christopher G. Athas - Amsted Industries","robots":{"index":"index","follow":"follow","max-snippet":"max-snippet:-1","max-image-preview":"max-image-preview:large","max-video-preview":"max-video-preview:-1"},"canonical":"https:\/\/www.amsted.com\/pt-br\/sobre\/equipe-de-lideranca\/christopher-g-athas\/","og_locale":"pt_BR","og_type":"article","og_title":"Christopher G. Athas - Amsted Industries","og_description":"Vice &#8211; presidente &#8211; Conselheiro Geral e Secret\u00e1rio Christopher G. Athas \u00e9 Vice Presidente &#8211; Conselheiro Geral e Secret\u00e1rio da Amsted Industries. O Sr. Athas ingressou na Amsted em 2014. Anteriormente ele era um parceiro corporativo do escrit\u00f3rio de advocacia internacional Jones Day. O Sr. Athas se formou na Rice University e na Faculdade de [&hellip;]","og_url":"https:\/\/www.amsted.com\/pt-br\/sobre\/equipe-de-lideranca\/christopher-g-athas\/","og_site_name":"Amsted Industries","article_modified_time":"2022-09-14T19:33:16+00:00","og_image":[{"url":"https:\/\/live-amsted-industries.pantheonsite.io\/wp-content\/uploads\/2022\/06\/christopher-athas.jpg","type":"","width":"","height":""}],"twitter_card":"summary_large_image","schema":{"@context":"https:\/\/schema.org","@graph":[{"@type":"WebPage","@id":"https:\/\/www.amsted.com\/pt-br\/sobre\/equipe-de-lideranca\/christopher-g-athas\/","url":"https:\/\/www.amsted.com\/pt-br\/sobre\/equipe-de-lideranca\/christopher-g-athas\/","name":"Christopher G. Athas - Amsted Industries","isPartOf":{"@id":"https:\/\/www.amsted.com\/pt-br\/#website"},"primaryImageOfPage":{"@id":"https:\/\/www.amsted.com\/pt-br\/sobre\/equipe-de-lideranca\/christopher-g-athas\/#primaryimage"},"image":{"@id":"https:\/\/www.amsted.com\/pt-br\/sobre\/equipe-de-lideranca\/christopher-g-athas\/#primaryimage"},"thumbnailUrl":"https:\/\/live-amsted-industries.pantheonsite.io\/wp-content\/uploads\/2022\/06\/christopher-athas.jpg","datePublished":"2022-06-13T22:27:12+00:00","dateModified":"2022-09-14T19:33:16+00:00","breadcrumb":{"@id":"https:\/\/www.amsted.com\/pt-br\/sobre\/equipe-de-lideranca\/christopher-g-athas\/#breadcrumb"},"inLanguage":"pt-BR","potentialAction":[{"@type":"ReadAction","target":["https:\/\/www.amsted.com\/pt-br\/sobre\/equipe-de-lideranca\/christopher-g-athas\/"]}]},{"@type":"ImageObject","inLanguage":"pt-BR","@id":"https:\/\/www.amsted.com\/pt-br\/sobre\/equipe-de-lideranca\/christopher-g-athas\/#primaryimage","url":"https:\/\/live-amsted-industries.pantheonsite.io\/wp-content\/uploads\/2022\/06\/christopher-athas.jpg","contentUrl":"https:\/\/live-amsted-industries.pantheonsite.io\/wp-content\/uploads\/2022\/06\/christopher-athas.jpg"},{"@type":"BreadcrumbList","@id":"https:\/\/www.amsted.com\/pt-br\/sobre\/equipe-de-lideranca\/christopher-g-athas\/#breadcrumb","itemListElement":[{"@type":"ListItem","position":1,"name":"Home","item":"https:\/\/www.amsted.com\/pt-br\/homepage\/"},{"@type":"ListItem","position":2,"name":"Sobre","item":"https:\/\/www.amsted.com\/pt-br\/sobre\/"},{"@type":"ListItem","position":3,"name":"Equipe de lideran\u00e7a","item":"https:\/\/www.amsted.com\/pt-br\/sobre\/equipe-de-lideranca\/"},{"@type":"ListItem","position":4,"name":"Christopher G. Athas"}]},{"@type":"WebSite","@id":"https:\/\/www.amsted.com\/pt-br\/#website","url":"https:\/\/www.amsted.com\/pt-br\/","name":"Amsted Industries","description":"Just another WordPress site","potentialAction":[{"@type":"SearchAction","target":{"@type":"EntryPoint","urlTemplate":"https:\/\/www.amsted.com\/pt-br\/?s={search_term_string}"},"query-input":{"@type":"PropertyValueSpecification","valueRequired":true,"valueName":"search_term_string"}}],"inLanguage":"pt-BR"}]}},"_links":{"self":[{"href":"https:\/\/www.amsted.com\/pt-br\/wp-json\/wp\/v2\/pages\/5359","targetHints":{"allow":["GET"]}}],"collection":[{"href":"https:\/\/www.amsted.com\/pt-br\/wp-json\/wp\/v2\/pages"}],"about":[{"href":"https:\/\/www.amsted.com\/pt-br\/wp-json\/wp\/v2\/types\/page"}],"author":[{"embeddable":true,"href":"https:\/\/www.amsted.com\/pt-br\/wp-json\/wp\/v2\/users\/1"}],"replies":[{"embeddable":true,"href":"https:\/\/www.amsted.com\/pt-br\/wp-json\/wp\/v2\/comments?post=5359"}],"version-history":[{"count":1,"href":"https:\/\/www.amsted.com\/pt-br\/wp-json\/wp\/v2\/pages\/5359\/revisions"}],"predecessor-version":[{"id":5360,"href":"https:\/\/www.amsted.com\/pt-br\/wp-json\/wp\/v2\/pages\/5359\/revisions\/5360"}],"up":[{"embeddable":true,"href":"https:\/\/www.amsted.com\/pt-br\/wp-json\/wp\/v2\/pages\/5353"}],"wp:attachment":[{"href":"https:\/\/www.amsted.com\/pt-br\/wp-json\/wp\/v2\/media?parent=5359"}],"wp:term":[{"taxonomy":"search-category","embeddable":true,"href":"https:\/\/www.amsted.com\/pt-br\/wp-json\/wp\/v2\/search-category?post=5359"}],"curies":[{"name":"wp","href":"https:\/\/api.w.org\/{rel}","templated":true}]}}