{"id":5331,"date":"2022-05-31T15:33:41","date_gmt":"2022-05-31T15:33:41","guid":{"rendered":"https:\/\/live-amsted-industries.pantheonsite.io\/sobre\/historia\/"},"modified":"2022-09-21T17:11:11","modified_gmt":"2022-09-21T17:11:11","slug":"historia","status":"publish","type":"page","link":"https:\/\/www.amsted.com\/pt-br\/sobre\/historia\/","title":{"rendered":"Hist\u00f3ria"},"content":{"rendered":"\t\t<div data-elementor-type=\"wp-page\" data-elementor-id=\"5331\" class=\"elementor elementor-5331 elementor-140\" data-elementor-post-type=\"page\">\n\t\t\t\t\t\t<section class=\"elementor-section elementor-top-section elementor-element elementor-element-9ff11ab elementor-section-boxed elementor-section-height-default elementor-section-height-default\" data-id=\"9ff11ab\" data-element_type=\"section\" data-e-type=\"section\">\n\t\t\t\t\t\t<div class=\"elementor-container elementor-column-gap-default\">\n\t\t\t\t\t<div class=\"elementor-column elementor-col-100 elementor-top-column elementor-element elementor-element-743a331\" data-id=\"743a331\" data-element_type=\"column\" data-e-type=\"column\">\n\t\t\t<div class=\"elementor-widget-wrap elementor-element-populated\">\n\t\t\t\t\t\t<section class=\"elementor-section elementor-inner-section elementor-element elementor-element-6e3ca50 elementor-section-boxed elementor-section-height-default elementor-section-height-default\" data-id=\"6e3ca50\" data-element_type=\"section\" data-e-type=\"section\" data-settings=\"{&quot;background_background&quot;:&quot;video&quot;}\">\n\t\t\t\t\t\t<div class=\"elementor-container elementor-column-gap-default\">\n\t\t\t\t\t<div class=\"elementor-column elementor-col-50 elementor-inner-column elementor-element elementor-element-79b67ec\" data-id=\"79b67ec\" data-element_type=\"column\" data-e-type=\"column\">\n\t\t\t<div class=\"elementor-widget-wrap elementor-element-populated\">\n\t\t\t\t\t\t<div class=\"elementor-element elementor-element-4b0c06b elementor-widget elementor-widget-heading\" data-id=\"4b0c06b\" data-element_type=\"widget\" data-e-type=\"widget\" data-widget_type=\"heading.default\">\n\t\t\t\t<div class=\"elementor-widget-container\">\n\t\t\t\t\t<h1 class=\"elementor-heading-title elementor-size-default\">A hist\u00f3ria das <br>Amsted Industries<\/h1>\t\t\t\t<\/div>\n\t\t\t\t<\/div>\n\t\t\t\t\t<\/div>\n\t\t<\/div>\n\t\t\t\t<div class=\"elementor-column elementor-col-50 elementor-inner-column elementor-element elementor-element-46579ee\" data-id=\"46579ee\" data-element_type=\"column\" data-e-type=\"column\">\n\t\t\t<div class=\"elementor-widget-wrap elementor-element-populated\">\n\t\t\t\t\t\t<div class=\"elementor-element elementor-element-bf793f6 elementor-widget elementor-widget-text-editor\" data-id=\"bf793f6\" data-element_type=\"widget\" data-e-type=\"widget\" data-widget_type=\"text-editor.default\">\n\t\t\t\t<div class=\"elementor-widget-container\">\n\t\t\t\t\t\t\t\t\t<p>Fundada como American Steel Foundries em 1902 atrav\u00e9s da combina\u00e7\u00e3o de oito fundi\u00e7\u00f5es de a\u00e7o no leste e centro-oeste dos Estados Unidos, a empresa mudou seu nome para Amsted Industries em 1962. Ao mesmo tempo, a Amsted lidava principalmente com empresas ferrovi\u00e1rias, produzindo uma variedade de componentes de a\u00e7o fundido. Hoje, a linha de produtos da empresa inclui uma ampla gama de solu\u00e7\u00f5es inovadoras para aplica\u00e7\u00f5es ferrovi\u00e1rias, de ve\u00edculos comerciais, automotivas e de constru\u00e7\u00e3o.  <\/p>\n\t\t\t\t\t\t\t\t<\/div>\n\t\t\t\t<\/div>\n\t\t\t\t\t<\/div>\n\t\t<\/div>\n\t\t\t\t\t<\/div>\n\t\t<\/section>\n\t\t\t\t\t<\/div>\n\t\t<\/div>\n\t\t\t\t\t<\/div>\n\t\t<\/section>\n\t\t\t\t<section class=\"elementor-section elementor-top-section elementor-element elementor-element-476a8dc elementor-section-full_width elementor-section-height-default elementor-section-height-default\" data-id=\"476a8dc\" data-element_type=\"section\" data-e-type=\"section\" data-settings=\"{&quot;background_background&quot;:&quot;classic&quot;}\">\n\t\t\t\t\t\t<div class=\"elementor-container elementor-column-gap-default\">\n\t\t\t\t\t<div class=\"elementor-column elementor-col-100 elementor-top-column elementor-element elementor-element-8eb8473\" data-id=\"8eb8473\" data-element_type=\"column\" data-e-type=\"column\">\n\t\t\t<div class=\"elementor-widget-wrap elementor-element-populated\">\n\t\t\t\t\t\t<section class=\"elementor-section elementor-inner-section elementor-element elementor-element-825efae elementor-section-height-min-height elementor-section-boxed elementor-section-height-default\" data-id=\"825efae\" data-element_type=\"section\" data-e-type=\"section\">\n\t\t\t\t\t\t<div class=\"elementor-container elementor-column-gap-default\">\n\t\t\t\t\t<div class=\"elementor-column elementor-col-50 elementor-inner-column elementor-element elementor-element-f7a85ef\" data-id=\"f7a85ef\" data-element_type=\"column\" data-e-type=\"column\" data-settings=\"{&quot;background_background&quot;:&quot;classic&quot;}\">\n\t\t\t<div class=\"elementor-widget-wrap elementor-element-populated\">\n\t\t\t\t\t<div class=\"elementor-background-overlay\"><\/div>\n\t\t\t\t\t\t<div class=\"elementor-element elementor-element-9d2606f elementor-widget elementor-widget-heading\" data-id=\"9d2606f\" data-element_type=\"widget\" data-e-type=\"widget\" data-widget_type=\"heading.default\">\n\t\t\t\t<div class=\"elementor-widget-container\">\n\t\t\t\t\t<h2 class=\"elementor-heading-title elementor-size-default\">Crescimento sustent\u00e1vel<\/h2>\t\t\t\t<\/div>\n\t\t\t\t<\/div>\n\t\t\t\t<div class=\"elementor-element elementor-element-7b17a09 elementor-invisible elementor-widget elementor-widget-text-editor\" data-id=\"7b17a09\" data-element_type=\"widget\" data-e-type=\"widget\" data-settings=\"{&quot;_animation&quot;:&quot;fadeIn&quot;,&quot;_animation_delay&quot;:300}\" data-widget_type=\"text-editor.default\">\n\t\t\t\t<div class=\"elementor-widget-container\">\n\t\t\t\t\t\t\t\t\t<p>A Amsted cresceu por meio da inova\u00e7\u00e3o de produtos e aquisi\u00e7\u00f5es estrat\u00e9gicas para se tornar l\u00edder nos setores que atendemos. Em 1986, a Amsted tornou-se privada por meio de uma compra de a\u00e7\u00f5es de funcion\u00e1rios, estabelecendo nosso Plano de Propriedade de A\u00e7\u00f5es de Funcion\u00e1rios (ESOP) e, em 1998, nos tornamos 100% de propriedade de funcion\u00e1rios. Na Amsted, apreciamos a responsabilidade que nos \u00e9 conferida de fornecer produtos confi\u00e1veis e bem feitos para mercados em todo o mundo, e estamos constantemente nos esfor\u00e7ando para superar padr\u00f5es de sucesso ainda mais altos para que isso aconte\u00e7a.  <\/p>\n\t\t\t\t\t\t\t\t<\/div>\n\t\t\t\t<\/div>\n\t\t\t\t\t<\/div>\n\t\t<\/div>\n\t\t\t\t<div class=\"elementor-column elementor-col-50 elementor-inner-column elementor-element elementor-element-1a87ecf\" data-id=\"1a87ecf\" data-element_type=\"column\" data-e-type=\"column\" data-settings=\"{&quot;background_background&quot;:&quot;classic&quot;}\">\n\t\t\t<div class=\"elementor-widget-wrap elementor-element-populated\">\n\t\t\t\t\t\t<div class=\"elementor-element elementor-element-22984d7 elementor-widget elementor-widget-spacer\" data-id=\"22984d7\" data-element_type=\"widget\" data-e-type=\"widget\" data-widget_type=\"spacer.default\">\n\t\t\t\t<div class=\"elementor-widget-container\">\n\t\t\t\t\t\t\t<div class=\"elementor-spacer\">\n\t\t\t<div class=\"elementor-spacer-inner\"><\/div>\n\t\t<\/div>\n\t\t\t\t\t\t<\/div>\n\t\t\t\t<\/div>\n\t\t\t\t\t<\/div>\n\t\t<\/div>\n\t\t\t\t\t<\/div>\n\t\t<\/section>\n\t\t\t\t\t<\/div>\n\t\t<\/div>\n\t\t\t\t\t<\/div>\n\t\t<\/section>\n\t\t\t\t<section class=\"elementor-section elementor-top-section elementor-element elementor-element-f41ecfb elementor-section-boxed elementor-section-height-default elementor-section-height-default\" data-id=\"f41ecfb\" data-element_type=\"section\" data-e-type=\"section\">\n\t\t\t\t\t\t<div class=\"elementor-container elementor-column-gap-default\">\n\t\t\t\t\t<div class=\"elementor-column elementor-col-100 elementor-top-column elementor-element elementor-element-e47f204\" data-id=\"e47f204\" data-element_type=\"column\" data-e-type=\"column\">\n\t\t\t<div class=\"elementor-widget-wrap elementor-element-populated\">\n\t\t\t\t\t\t<div class=\"elementor-element elementor-element-fb5462d elementor-widget elementor-widget-html\" data-id=\"fb5462d\" data-element_type=\"widget\" data-e-type=\"widget\" data-widget_type=\"html.default\">\n\t\t\t\t<div class=\"elementor-widget-container\">\n\t\t\t\t\t<section class=\"timeline\">\n  <ul>\n    <li>\n      <div>\n        <time>1877<\/time> <!--flag--> Thomas F. Griffin lan\u00e7a a Griffin Car Wheel Company\n      <\/div>\n    <\/li>\n    <li>\n      <div>\n        <time>1902<\/time> A American Steel Foundries \u00e9 fundada atrav\u00e9s de uma combina\u00e7\u00e3o de oito fundi\u00e7\u00f5es de a\u00e7o no leste e centro-oeste dos Estados Unidos\n      <\/div>\n    <\/li>\n    <li>\n      <div>\n        <time>1903<\/time> <!--flag--> Burgess-Norton MFG \u00e9 fundada por Frank A. Burgess e Henry W. Norton em Genebra, IL\n      <\/div>\n    <\/li>\n    <li>\n      <div>\n        <time>1938<\/time> <!--flag--> A Baltimore Aircoil Company \u00e9 fundada por John Engalitcheff Jr., lan\u00e7ando o primeiro condensador evaporativo blow-through\n      <\/div>\n    <\/li>\n    <li>\n      <div>\n        <time>1949<\/time> <!--flag--> A Brenco \u00e9 fundada como fabricante de rolamentos de fric\u00e7\u00e3o ou \u201cplanos\u201d para di\u00e1rios de vag\u00f5es ferrovi\u00e1rios\n      <\/div>\n    <\/li>\n    <li>\n      <div>\n        <time>1962<\/time> A empresa muda seu nome para Amsted Industries\n      <\/div>\n    <\/li>\n    <li>\n      <div>\n        <time>1964<\/time> <!--flag--> A ConMet come\u00e7a como parte da Portland Freightliner, uma subsidi\u00e1ria da Consolidated Freightways, e constr\u00f3i sua primeira fundi\u00e7\u00e3o de alum\u00ednio\n      <\/div>\n    <\/li>\n    <li>\n      <div>\n        <time>1968<\/time> Amsted Industries compra a Burgess-Norton MFG\n      <\/div>\n    <\/li>\n    <li>\n      <div>\n        <time>1985<\/time> Amsted Industries compra a Baltimore Aircoil Company\n      <\/div>\n    <\/li>\n    <li>\n      <div>\n        <time>1986<\/time> Amsted Industries torna-se privada atrav\u00e9s de uma compra de propriedade de a\u00e7\u00f5es de funcion\u00e1rios\n      <\/div>\n    <\/li>\n    <li>\n      <div>\n        <time>1998<\/time> Amsted Industries torna-se 100% de propriedade dos funcion\u00e1rios\n      <\/div>\n    <\/li>\n    <li>\n      <div>\n        <time>1999<\/time> A Amsted Industries adquire a Varlen Corporation (ex-propriet\u00e1ria da ConMet), tornando a empresa l\u00edder em tr\u00eas mercados: vag\u00f5es e locomotivas ferrovi\u00e1rios, caminh\u00f5es e reboques pesados e caminh\u00f5es leves e automotivos\n      <\/div>\n    <\/li>\n    <li>\n      <div>\n        <time>2021<\/time> \u00c9 formado o Amsted Automotive Group, combinando dois dos As unidades de neg\u00f3cios de suprimentos automotivos Tier 1, centen\u00e1rias e centen\u00e1rias da Amsted, Means Industries e Burgess-Norton\n      <\/div>\n    <\/li>\n  <\/ul>\n<\/section>\n<script>\n\n(function () {\n  \"use strict\";\n\n  \/\/ define variables\n  var items = document.querySelectorAll(\".timeline li\");\n\n  \/\/ check if an element is in viewport\n  \/\/ http:\/\/stackoverflow.com\/questions\/123999\/how-to-tell-if-a-dom-element-is-visible-in-the-current-viewport\n  function isElementInViewport(el) {\n    var rect = el.getBoundingClientRect();\n    return (\n      rect.top >= 0 &&\n      rect.left >= 0 &&\n      rect.bottom <=\n        (window.innerHeight || document.documentElement.clientHeight) &&\n      rect.right <= (window.innerWidth || document.documentElement.clientWidth)\n    );\n  }\n\n  function callbackFunc() {\n    for (var i = 0; i < items.length; i++) {\n      if (isElementInViewport(items[i])) {\n        items[i].classList.add(\"in-view\");\n      }\n    }\n  }\n\n  \/\/ listen for events\n  window.addEventListener(\"load\", callbackFunc);\n  window.addEventListener(\"resize\", callbackFunc);\n  window.addEventListener(\"scroll\", callbackFunc);\n})();\n\n<\/script>\t\t\t\t<\/div>\n\t\t\t\t<\/div>\n\t\t\t\t\t<\/div>\n\t\t<\/div>\n\t\t\t\t\t<\/div>\n\t\t<\/section>\n\t\t\t\t<section class=\"elementor-section elementor-top-section elementor-element elementor-element-67f7dfe elementor-section-boxed elementor-section-height-default elementor-section-height-default\" data-id=\"67f7dfe\" data-element_type=\"section\" data-e-type=\"section\" data-settings=\"{&quot;background_background&quot;:&quot;classic&quot;}\">\n\t\t\t\t\t\t<div class=\"elementor-container elementor-column-gap-default\">\n\t\t\t\t\t<div class=\"elementor-column elementor-col-100 elementor-top-column elementor-element elementor-element-1691c35\" data-id=\"1691c35\" data-element_type=\"column\" data-e-type=\"column\">\n\t\t\t<div class=\"elementor-widget-wrap elementor-element-populated\">\n\t\t\t\t\t\t<div class=\"elementor-element elementor-element-7d1b161 elementor-widget elementor-widget-shortcode\" data-id=\"7d1b161\" data-element_type=\"widget\" data-e-type=\"widget\" data-widget_type=\"shortcode.default\">\n\t\t\t\t<div class=\"elementor-widget-container\">\n\t\t\t\t\t\t\t<div class=\"elementor-shortcode\"><\/div>\n\t\t\t\t\t\t<\/div>\n\t\t\t\t<\/div>\n\t\t\t\t\t<\/div>\n\t\t<\/div>\n\t\t\t\t\t<\/div>\n\t\t<\/section>\n\t\t\t\t<\/div>\n\t\t","protected":false},"excerpt":{"rendered":"<p>A hist\u00f3ria das Amsted Industries Fundada como American Steel Foundries em 1902 atrav\u00e9s da combina\u00e7\u00e3o de oito fundi\u00e7\u00f5es de a\u00e7o no leste e centro-oeste dos Estados Unidos, a empresa mudou seu nome para Amsted Industries em 1962. Ao mesmo tempo, a Amsted lidava principalmente com empresas ferrovi\u00e1rias, produzindo uma variedade de componentes de a\u00e7o fundido. [&hellip;]<\/p>\n","protected":false},"author":1,"featured_media":0,"parent":5269,"menu_order":0,"comment_status":"closed","ping_status":"closed","template":"","meta":{"_acf_changed":false,"footnotes":""},"search-category":[16],"class_list":["post-5331","page","type-page","status-publish","hentry","search-category-about"],"acf":[],"yoast_head":"<!-- This site is optimized with the Yoast SEO plugin v27.2 - https:\/\/yoast.com\/product\/yoast-seo-wordpress\/ -->\n<title>Hist\u00f3ria - Amsted Industries<\/title>\n<meta name=\"robots\" content=\"index, follow, max-snippet:-1, max-image-preview:large, max-video-preview:-1\" \/>\n<link rel=\"canonical\" href=\"https:\/\/www.amsted.com\/pt-br\/sobre\/historia\/\" \/>\n<meta property=\"og:locale\" content=\"pt_BR\" \/>\n<meta property=\"og:type\" content=\"article\" \/>\n<meta property=\"og:title\" content=\"Hist\u00f3ria - Amsted Industries\" \/>\n<meta property=\"og:description\" content=\"A hist\u00f3ria das Amsted Industries Fundada como American Steel Foundries em 1902 atrav\u00e9s da combina\u00e7\u00e3o de oito fundi\u00e7\u00f5es de a\u00e7o no leste e centro-oeste dos Estados Unidos, a empresa mudou seu nome para Amsted Industries em 1962. Ao mesmo tempo, a Amsted lidava principalmente com empresas ferrovi\u00e1rias, produzindo uma variedade de componentes de a\u00e7o fundido. [&hellip;]\" \/>\n<meta property=\"og:url\" content=\"https:\/\/www.amsted.com\/pt-br\/sobre\/historia\/\" \/>\n<meta property=\"og:site_name\" content=\"Amsted Industries\" \/>\n<meta property=\"article:modified_time\" content=\"2022-09-21T17:11:11+00:00\" \/>\n<meta name=\"twitter:card\" content=\"summary_large_image\" \/>\n<meta name=\"twitter:label1\" content=\"Est. reading time\" \/>\n\t<meta name=\"twitter:data1\" content=\"3 minutes\" \/>\n<script type=\"application\/ld+json\" class=\"yoast-schema-graph\">{\"@context\":\"https:\/\/schema.org\",\"@graph\":[{\"@type\":\"WebPage\",\"@id\":\"https:\/\/www.amsted.com\/pt-br\/sobre\/historia\/\",\"url\":\"https:\/\/www.amsted.com\/pt-br\/sobre\/historia\/\",\"name\":\"Hist\u00f3ria - Amsted Industries\",\"isPartOf\":{\"@id\":\"https:\/\/www.amsted.com\/pt-br\/#website\"},\"datePublished\":\"2022-05-31T15:33:41+00:00\",\"dateModified\":\"2022-09-21T17:11:11+00:00\",\"breadcrumb\":{\"@id\":\"https:\/\/www.amsted.com\/pt-br\/sobre\/historia\/#breadcrumb\"},\"inLanguage\":\"pt-BR\",\"potentialAction\":[{\"@type\":\"ReadAction\",\"target\":[\"https:\/\/www.amsted.com\/pt-br\/sobre\/historia\/\"]}]},{\"@type\":\"BreadcrumbList\",\"@id\":\"https:\/\/www.amsted.com\/pt-br\/sobre\/historia\/#breadcrumb\",\"itemListElement\":[{\"@type\":\"ListItem\",\"position\":1,\"name\":\"Home\",\"item\":\"https:\/\/www.amsted.com\/pt-br\/homepage\/\"},{\"@type\":\"ListItem\",\"position\":2,\"name\":\"Sobre\",\"item\":\"https:\/\/www.amsted.com\/pt-br\/sobre\/\"},{\"@type\":\"ListItem\",\"position\":3,\"name\":\"Hist\u00f3ria\"}]},{\"@type\":\"WebSite\",\"@id\":\"https:\/\/www.amsted.com\/pt-br\/#website\",\"url\":\"https:\/\/www.amsted.com\/pt-br\/\",\"name\":\"Amsted Industries\",\"description\":\"Just another WordPress site\",\"potentialAction\":[{\"@type\":\"SearchAction\",\"target\":{\"@type\":\"EntryPoint\",\"urlTemplate\":\"https:\/\/www.amsted.com\/pt-br\/?s={search_term_string}\"},\"query-input\":{\"@type\":\"PropertyValueSpecification\",\"valueRequired\":true,\"valueName\":\"search_term_string\"}}],\"inLanguage\":\"pt-BR\"}]}<\/script>\n<!-- \/ Yoast SEO plugin. -->","yoast_head_json":{"title":"Hist\u00f3ria - Amsted Industries","robots":{"index":"index","follow":"follow","max-snippet":"max-snippet:-1","max-image-preview":"max-image-preview:large","max-video-preview":"max-video-preview:-1"},"canonical":"https:\/\/www.amsted.com\/pt-br\/sobre\/historia\/","og_locale":"pt_BR","og_type":"article","og_title":"Hist\u00f3ria - Amsted Industries","og_description":"A hist\u00f3ria das Amsted Industries Fundada como American Steel Foundries em 1902 atrav\u00e9s da combina\u00e7\u00e3o de oito fundi\u00e7\u00f5es de a\u00e7o no leste e centro-oeste dos Estados Unidos, a empresa mudou seu nome para Amsted Industries em 1962. Ao mesmo tempo, a Amsted lidava principalmente com empresas ferrovi\u00e1rias, produzindo uma variedade de componentes de a\u00e7o fundido. [&hellip;]","og_url":"https:\/\/www.amsted.com\/pt-br\/sobre\/historia\/","og_site_name":"Amsted Industries","article_modified_time":"2022-09-21T17:11:11+00:00","twitter_card":"summary_large_image","twitter_misc":{"Est. reading time":"3 minutes"},"schema":{"@context":"https:\/\/schema.org","@graph":[{"@type":"WebPage","@id":"https:\/\/www.amsted.com\/pt-br\/sobre\/historia\/","url":"https:\/\/www.amsted.com\/pt-br\/sobre\/historia\/","name":"Hist\u00f3ria - Amsted Industries","isPartOf":{"@id":"https:\/\/www.amsted.com\/pt-br\/#website"},"datePublished":"2022-05-31T15:33:41+00:00","dateModified":"2022-09-21T17:11:11+00:00","breadcrumb":{"@id":"https:\/\/www.amsted.com\/pt-br\/sobre\/historia\/#breadcrumb"},"inLanguage":"pt-BR","potentialAction":[{"@type":"ReadAction","target":["https:\/\/www.amsted.com\/pt-br\/sobre\/historia\/"]}]},{"@type":"BreadcrumbList","@id":"https:\/\/www.amsted.com\/pt-br\/sobre\/historia\/#breadcrumb","itemListElement":[{"@type":"ListItem","position":1,"name":"Home","item":"https:\/\/www.amsted.com\/pt-br\/homepage\/"},{"@type":"ListItem","position":2,"name":"Sobre","item":"https:\/\/www.amsted.com\/pt-br\/sobre\/"},{"@type":"ListItem","position":3,"name":"Hist\u00f3ria"}]},{"@type":"WebSite","@id":"https:\/\/www.amsted.com\/pt-br\/#website","url":"https:\/\/www.amsted.com\/pt-br\/","name":"Amsted Industries","description":"Just another WordPress site","potentialAction":[{"@type":"SearchAction","target":{"@type":"EntryPoint","urlTemplate":"https:\/\/www.amsted.com\/pt-br\/?s={search_term_string}"},"query-input":{"@type":"PropertyValueSpecification","valueRequired":true,"valueName":"search_term_string"}}],"inLanguage":"pt-BR"}]}},"_links":{"self":[{"href":"https:\/\/www.amsted.com\/pt-br\/wp-json\/wp\/v2\/pages\/5331","targetHints":{"allow":["GET"]}}],"collection":[{"href":"https:\/\/www.amsted.com\/pt-br\/wp-json\/wp\/v2\/pages"}],"about":[{"href":"https:\/\/www.amsted.com\/pt-br\/wp-json\/wp\/v2\/types\/page"}],"author":[{"embeddable":true,"href":"https:\/\/www.amsted.com\/pt-br\/wp-json\/wp\/v2\/users\/1"}],"replies":[{"embeddable":true,"href":"https:\/\/www.amsted.com\/pt-br\/wp-json\/wp\/v2\/comments?post=5331"}],"version-history":[{"count":4,"href":"https:\/\/www.amsted.com\/pt-br\/wp-json\/wp\/v2\/pages\/5331\/revisions"}],"predecessor-version":[{"id":6508,"href":"https:\/\/www.amsted.com\/pt-br\/wp-json\/wp\/v2\/pages\/5331\/revisions\/6508"}],"up":[{"embeddable":true,"href":"https:\/\/www.amsted.com\/pt-br\/wp-json\/wp\/v2\/pages\/5269"}],"wp:attachment":[{"href":"https:\/\/www.amsted.com\/pt-br\/wp-json\/wp\/v2\/media?parent=5331"}],"wp:term":[{"taxonomy":"search-category","embeddable":true,"href":"https:\/\/www.amsted.com\/pt-br\/wp-json\/wp\/v2\/search-category?post=5331"}],"curies":[{"name":"wp","href":"https:\/\/api.w.org\/{rel}","templated":true}]}}