{"id":5297,"date":"2022-06-02T02:27:44","date_gmt":"2022-06-02T02:27:44","guid":{"rendered":"https:\/\/live-amsted-industries.pantheonsite.io\/sobre\/esg\/"},"modified":"2022-09-14T18:31:22","modified_gmt":"2022-09-14T18:31:22","slug":"esg","status":"publish","type":"page","link":"https:\/\/www.amsted.com\/pt-br\/sobre\/esg\/","title":{"rendered":"ESG"},"content":{"rendered":"\t\t<div data-elementor-type=\"wp-page\" data-elementor-id=\"5297\" class=\"elementor elementor-5297 elementor-158\" data-elementor-post-type=\"page\">\n\t\t\t\t\t\t<section class=\"elementor-section elementor-top-section elementor-element elementor-element-e02cbbb elementor-section-height-min-height elementor-section-full_width elementor-section-height-default elementor-section-items-middle\" data-id=\"e02cbbb\" data-element_type=\"section\" data-e-type=\"section\" data-settings=\"{&quot;background_background&quot;:&quot;classic&quot;}\">\n\t\t\t\t\t\t\t<div class=\"elementor-background-overlay\"><\/div>\n\t\t\t\t\t\t\t<div class=\"elementor-container elementor-column-gap-default\">\n\t\t\t\t\t<div class=\"elementor-column elementor-col-100 elementor-top-column elementor-element elementor-element-a19d866\" data-id=\"a19d866\" data-element_type=\"column\" data-e-type=\"column\">\n\t\t\t<div class=\"elementor-widget-wrap elementor-element-populated\">\n\t\t\t\t\t\t<section class=\"elementor-section elementor-inner-section elementor-element elementor-element-3d1998f elementor-section-boxed elementor-section-height-default elementor-section-height-default\" data-id=\"3d1998f\" data-element_type=\"section\" data-e-type=\"section\" data-settings=\"{&quot;background_background&quot;:&quot;video&quot;}\">\n\t\t\t\t\t\t<div class=\"elementor-container elementor-column-gap-custom\">\n\t\t\t\t\t<div class=\"elementor-column elementor-col-50 elementor-inner-column elementor-element elementor-element-805f8e3\" data-id=\"805f8e3\" data-element_type=\"column\" data-e-type=\"column\">\n\t\t\t<div class=\"elementor-widget-wrap elementor-element-populated\">\n\t\t\t\t\t\t<div class=\"elementor-element elementor-element-3382f85 animated-slow elementor-invisible elementor-widget elementor-widget-heading\" data-id=\"3382f85\" data-element_type=\"widget\" data-e-type=\"widget\" data-settings=\"{&quot;_animation&quot;:&quot;fadeIn&quot;}\" data-widget_type=\"heading.default\">\n\t\t\t\t<div class=\"elementor-widget-container\">\n\t\t\t\t\t<h1 class=\"elementor-heading-title elementor-size-default\">Governan\u00e7a ambiental, social e corporativa<\/h1>\t\t\t\t<\/div>\n\t\t\t\t<\/div>\n\t\t\t\t<div class=\"elementor-element elementor-element-ffb242a elementor-invisible elementor-widget elementor-widget-text-editor\" data-id=\"ffb242a\" data-element_type=\"widget\" data-e-type=\"widget\" data-settings=\"{&quot;_animation&quot;:&quot;fadeIn&quot;,&quot;_animation_delay&quot;:100}\" data-widget_type=\"text-editor.default\">\n\t\t\t\t<div class=\"elementor-widget-container\">\n\t\t\t\t\t\t\t\t\t<p>Na Amsted Industries, agimos com o mais alto padr\u00e3o de integridade em tudo o que fazemos. Nosso foco na sustentabilidade ambiental, equidade e diversidade social e governan\u00e7a corporativa continua sendo a pedra angular do nosso sucesso. <\/p>\n\t\t\t\t\t\t\t\t<\/div>\n\t\t\t\t<\/div>\n\t\t\t\t\t<\/div>\n\t\t<\/div>\n\t\t\t\t<div class=\"elementor-column elementor-col-50 elementor-inner-column elementor-element elementor-element-2f53f7c\" data-id=\"2f53f7c\" data-element_type=\"column\" data-e-type=\"column\">\n\t\t\t<div class=\"elementor-widget-wrap\">\n\t\t\t\t\t\t\t<\/div>\n\t\t<\/div>\n\t\t\t\t\t<\/div>\n\t\t<\/section>\n\t\t\t\t\t<\/div>\n\t\t<\/div>\n\t\t\t\t\t<\/div>\n\t\t<\/section>\n\t\t\t\t<section class=\"elementor-section elementor-top-section elementor-element elementor-element-4bda5c0 elementor-section-full_width elementor-section-height-default elementor-section-height-default\" data-id=\"4bda5c0\" data-element_type=\"section\" data-e-type=\"section\" data-settings=\"{&quot;background_background&quot;:&quot;classic&quot;}\">\n\t\t\t\t\t\t<div class=\"elementor-container elementor-column-gap-default\">\n\t\t\t\t\t<div class=\"elementor-column elementor-col-100 elementor-top-column elementor-element elementor-element-b6395e5\" data-id=\"b6395e5\" data-element_type=\"column\" data-e-type=\"column\">\n\t\t\t<div class=\"elementor-widget-wrap elementor-element-populated\">\n\t\t\t\t\t\t<section class=\"elementor-section elementor-inner-section elementor-element elementor-element-6ed81b2 main-content elementor-section-boxed elementor-section-height-default elementor-section-height-default\" data-id=\"6ed81b2\" data-element_type=\"section\" data-e-type=\"section\">\n\t\t\t\t\t\t<div class=\"elementor-container elementor-column-gap-default\">\n\t\t\t\t\t<div class=\"elementor-column elementor-col-50 elementor-inner-column elementor-element elementor-element-c6c85c3\" data-id=\"c6c85c3\" data-element_type=\"column\" data-e-type=\"column\">\n\t\t\t<div class=\"elementor-widget-wrap elementor-element-populated\">\n\t\t\t\t\t\t<div class=\"elementor-element elementor-element-ce9102c elementor-widget elementor-widget-heading\" data-id=\"ce9102c\" data-element_type=\"widget\" data-e-type=\"widget\" data-widget_type=\"heading.default\">\n\t\t\t\t<div class=\"elementor-widget-container\">\n\t\t\t\t\t<h2 class=\"elementor-heading-title elementor-size-default\">O esp\u00edrito de posse <\/h2>\t\t\t\t<\/div>\n\t\t\t\t<\/div>\n\t\t\t\t<div class=\"elementor-element elementor-element-f9f825e elementor-widget elementor-widget-text-editor\" data-id=\"f9f825e\" data-element_type=\"widget\" data-e-type=\"widget\" data-widget_type=\"text-editor.default\">\n\t\t\t\t<div class=\"elementor-widget-container\">\n\t\t\t\t\t\t\t\t\t<p>Nossa cultura \u00fanica, de propriedade dos funcion\u00e1rios (ESOP), incute um sentimento de orgulho em toda a nossa for\u00e7a de trabalho. O ESOP cria um ve\u00edculo de poupan\u00e7a para aposentadoria que fecha a brecha na disparidade de riqueza para nossos funcion\u00e1rios-propriet\u00e1rios dos EUA, levando o compromisso de nossos funcion\u00e1rios-propriet\u00e1rios aos nossos acionistas e \u00e0s nossas comunidades. Da mesma forma, empregamos uma estrutura de tomada de decis\u00e3o aut\u00f4noma em nossos quatro neg\u00f3cios diversos. Orientados por nossos valores fundamentais de integridade, respeito pelas pessoas e responsabilidade social, cada um de nossos neg\u00f3cios tem o poder de operar de uma maneira que lhes traga sucesso.   <\/p>\n\t\t\t\t\t\t\t\t<\/div>\n\t\t\t\t<\/div>\n\t\t\t\t\t<\/div>\n\t\t<\/div>\n\t\t\t\t<div class=\"elementor-column elementor-col-50 elementor-inner-column elementor-element elementor-element-dedeffd\" data-id=\"dedeffd\" data-element_type=\"column\" data-e-type=\"column\">\n\t\t\t<div class=\"elementor-widget-wrap elementor-element-populated\">\n\t\t\t\t\t\t<div class=\"elementor-element elementor-element-b2c48f2 elementor-widget elementor-widget-heading\" data-id=\"b2c48f2\" data-element_type=\"widget\" data-e-type=\"widget\" data-widget_type=\"heading.default\">\n\t\t\t\t<div class=\"elementor-widget-container\">\n\t\t\t\t\t<h2 class=\"elementor-heading-title elementor-size-default\">Ambiente<\/h2>\t\t\t\t<\/div>\n\t\t\t\t<\/div>\n\t\t\t\t<div class=\"elementor-element elementor-element-3168e4b elementor-widget elementor-widget-text-editor\" data-id=\"3168e4b\" data-element_type=\"widget\" data-e-type=\"widget\" data-widget_type=\"text-editor.default\">\n\t\t\t\t<div class=\"elementor-widget-container\">\n\t\t\t\t\t\t\t\t\t<p>Empregamos um programa ambiental interno h\u00e1 mais de 25 anos, incluindo um programa de redu\u00e7\u00e3o de risco qu\u00edmico desenvolvido pela primeira vez em 2002. Em 2022, lan\u00e7amos um programa para medir as emiss\u00f5es de gases de efeito estufa em nossos neg\u00f3cios e continuaremos a liderar nossos setores em inova\u00e7\u00e3o de processos para minimizar nosso impacto ambiental. Al\u00e9m disso, estamos alinhados com as tend\u00eancias dos clientes e da ind\u00fastria em rela\u00e7\u00e3o \u00e0 eletrifica\u00e7\u00e3o e produtos sustent\u00e1veis. Investimos no desenvolvimento de novos produtos que n\u00e3o apenas melhoram o desempenho, mas tamb\u00e9m limitam a pegada de carbono do usu\u00e1rio final.   <\/p>\n\t\t\t\t\t\t\t\t<\/div>\n\t\t\t\t<\/div>\n\t\t\t\t<div class=\"elementor-element elementor-element-8ed78cd ai-blue-btn elementor-widget elementor-widget-button\" data-id=\"8ed78cd\" data-element_type=\"widget\" data-e-type=\"widget\" data-widget_type=\"button.default\">\n\t\t\t\t<div class=\"elementor-widget-container\">\n\t\t\t\t\t\t\t\t\t<div class=\"elementor-button-wrapper\">\n\t\t\t\t\t<a class=\"elementor-button elementor-button-link elementor-size-sm elementor-animation-float\" href=\"https:\/\/www.amsted.com\/culture\/environmental-sustainability\/\">\n\t\t\t\t\t\t<span class=\"elementor-button-content-wrapper\">\n\t\t\t\t\t\t<span class=\"elementor-button-icon\">\n\t\t\t\t<i aria-hidden=\"true\" class=\"fas fa-long-arrow-alt-right\"><\/i>\t\t\t<\/span>\n\t\t\t\t\t\t\t\t\t<span class=\"elementor-button-text\">Esfor\u00e7os de sustentabilidade<\/span>\n\t\t\t\t\t<\/span>\n\t\t\t\t\t<\/a>\n\t\t\t\t<\/div>\n\t\t\t\t\t\t\t\t<\/div>\n\t\t\t\t<\/div>\n\t\t\t\t\t<\/div>\n\t\t<\/div>\n\t\t\t\t\t<\/div>\n\t\t<\/section>\n\t\t\t\t\t<\/div>\n\t\t<\/div>\n\t\t\t\t\t<\/div>\n\t\t<\/section>\n\t\t\t\t<section class=\"elementor-section elementor-top-section elementor-element elementor-element-9ec4b74 elementor-section-full_width elementor-section-height-default elementor-section-height-default\" data-id=\"9ec4b74\" data-element_type=\"section\" data-e-type=\"section\" data-settings=\"{&quot;background_background&quot;:&quot;classic&quot;}\">\n\t\t\t\t\t\t\t<div class=\"elementor-background-overlay\"><\/div>\n\t\t\t\t\t\t\t<div class=\"elementor-container elementor-column-gap-default\">\n\t\t\t\t\t<div class=\"elementor-column elementor-col-100 elementor-top-column elementor-element elementor-element-300a58a\" data-id=\"300a58a\" data-element_type=\"column\" data-e-type=\"column\">\n\t\t\t<div class=\"elementor-widget-wrap elementor-element-populated\">\n\t\t\t\t\t\t<section class=\"elementor-section elementor-inner-section elementor-element elementor-element-dd97e0e main-content elementor-section-boxed elementor-section-height-default elementor-section-height-default\" data-id=\"dd97e0e\" data-element_type=\"section\" data-e-type=\"section\">\n\t\t\t\t\t\t<div class=\"elementor-container elementor-column-gap-default\">\n\t\t\t\t\t<div class=\"elementor-column elementor-col-50 elementor-inner-column elementor-element elementor-element-76d9033\" data-id=\"76d9033\" data-element_type=\"column\" data-e-type=\"column\">\n\t\t\t<div class=\"elementor-widget-wrap elementor-element-populated\">\n\t\t\t\t\t\t<div class=\"elementor-element elementor-element-f9a753e elementor-widget elementor-widget-heading\" data-id=\"f9a753e\" data-element_type=\"widget\" data-e-type=\"widget\" data-widget_type=\"heading.default\">\n\t\t\t\t<div class=\"elementor-widget-container\">\n\t\t\t\t\t<h2 class=\"elementor-heading-title elementor-size-default\">Social<\/h2>\t\t\t\t<\/div>\n\t\t\t\t<\/div>\n\t\t\t\t<div class=\"elementor-element elementor-element-9d3cf11 elementor-widget elementor-widget-text-editor\" data-id=\"9d3cf11\" data-element_type=\"widget\" data-e-type=\"widget\" data-widget_type=\"text-editor.default\">\n\t\t\t\t<div class=\"elementor-widget-container\">\n\t\t\t\t\t\t\t\t\t<p>Nossa miss\u00e3o corporativa \u00e9 oferecer valor premium aos nossos clientes para a melhoria de nossos funcion\u00e1rios e suas comunidades. Come\u00e7a com foco em nosso pessoal, seu bem-estar e seu desenvolvimento de carreira. Por meio de nosso programa de lideran\u00e7a RISE, um programa de aprendizado executivo personalizado de v\u00e1rios anos com curadoria da Booth School of Business da Universidade de Chicago, ajudamos a liberar o potencial de nossos funcion\u00e1rios, fornecendo uma estrutura poderosa para alcan\u00e7ar a lideran\u00e7a em todas as compet\u00eancias essenciais. Tamb\u00e9m oferecemos programas de educa\u00e7\u00e3o cooperativa para funcion\u00e1rios e est\u00e1gios para funcion\u00e1rios em potencial para ajudar no crescimento e nas oportunidades de carreira.   <\/p>\n<p>Todos os nossos neg\u00f3cios t\u00eam um compromisso com as comunidades em que vivem e trabalham. Por meio da Amsted Industries Foundation e programas de voluntariado, podemos apoiar e mobilizar nossas comunidades em todo o mundo. <\/p>\t\t\t\t\t\t\t\t<\/div>\n\t\t\t\t<\/div>\n\t\t\t\t\t<\/div>\n\t\t<\/div>\n\t\t\t\t<div class=\"elementor-column elementor-col-50 elementor-inner-column elementor-element elementor-element-2344154\" data-id=\"2344154\" data-element_type=\"column\" data-e-type=\"column\">\n\t\t\t<div class=\"elementor-widget-wrap\">\n\t\t\t\t\t\t\t<\/div>\n\t\t<\/div>\n\t\t\t\t\t<\/div>\n\t\t<\/section>\n\t\t\t\t\t<\/div>\n\t\t<\/div>\n\t\t\t\t\t<\/div>\n\t\t<\/section>\n\t\t\t\t<section class=\"elementor-section elementor-top-section elementor-element elementor-element-34a82bc8 elementor-section-full_width elementor-section-height-default elementor-section-height-default\" data-id=\"34a82bc8\" data-element_type=\"section\" data-e-type=\"section\" data-settings=\"{&quot;background_background&quot;:&quot;classic&quot;}\">\n\t\t\t\t\t\t<div class=\"elementor-container elementor-column-gap-default\">\n\t\t\t\t\t<div class=\"elementor-column elementor-col-100 elementor-top-column elementor-element elementor-element-64c79e66\" data-id=\"64c79e66\" data-element_type=\"column\" data-e-type=\"column\">\n\t\t\t<div class=\"elementor-widget-wrap elementor-element-populated\">\n\t\t\t\t\t\t<section class=\"elementor-section elementor-inner-section elementor-element elementor-element-2b514b5b main-content elementor-section-boxed elementor-section-height-default elementor-section-height-default\" data-id=\"2b514b5b\" data-element_type=\"section\" data-e-type=\"section\">\n\t\t\t\t\t\t<div class=\"elementor-container elementor-column-gap-default\">\n\t\t\t\t\t<div class=\"elementor-column elementor-col-50 elementor-inner-column elementor-element elementor-element-54b73506\" data-id=\"54b73506\" data-element_type=\"column\" data-e-type=\"column\">\n\t\t\t<div class=\"elementor-widget-wrap elementor-element-populated\">\n\t\t\t\t\t\t<div class=\"elementor-element elementor-element-44f21224 elementor-widget elementor-widget-heading\" data-id=\"44f21224\" data-element_type=\"widget\" data-e-type=\"widget\" data-widget_type=\"heading.default\">\n\t\t\t\t<div class=\"elementor-widget-container\">\n\t\t\t\t\t<h2 class=\"elementor-heading-title elementor-size-default\">Governan\u00e7a corporativa<\/h2>\t\t\t\t<\/div>\n\t\t\t\t<\/div>\n\t\t\t\t<div class=\"elementor-element elementor-element-489575f7 elementor-widget elementor-widget-text-editor\" data-id=\"489575f7\" data-element_type=\"widget\" data-e-type=\"widget\" data-widget_type=\"text-editor.default\">\n\t\t\t\t<div class=\"elementor-widget-container\">\n\t\t\t\t\t\t\t\t\t<p>A Amsted \u00e9 governada por um conselho de administra\u00e7\u00e3o com a amplitude de experi\u00eancia que muitas vezes \u00e9 vista em empresas de capital aberto. Nosso conselho de administra\u00e7\u00e3o equilibra os interesses das diversas partes interessadas da empresa, incluindo funcion\u00e1rios, executivos da alta administra\u00e7\u00e3o, clientes, fornecedores e a comunidade. <\/p>\n\t\t\t\t\t\t\t\t<\/div>\n\t\t\t\t<\/div>\n\t\t\t\t<div class=\"elementor-element elementor-element-12fc3fb ai-blue-btn elementor-widget elementor-widget-button\" data-id=\"12fc3fb\" data-element_type=\"widget\" data-e-type=\"widget\" data-widget_type=\"button.default\">\n\t\t\t\t<div class=\"elementor-widget-container\">\n\t\t\t\t\t\t\t\t\t<div class=\"elementor-button-wrapper\">\n\t\t\t\t\t<a class=\"elementor-button elementor-button-link elementor-size-sm elementor-animation-float\" href=\"https:\/\/www.amsted.com\/pt-br\/sobre\/conselho-de-administracao\/\">\n\t\t\t\t\t\t<span class=\"elementor-button-content-wrapper\">\n\t\t\t\t\t\t<span class=\"elementor-button-icon\">\n\t\t\t\t<i aria-hidden=\"true\" class=\"fas fa-long-arrow-alt-right\"><\/i>\t\t\t<\/span>\n\t\t\t\t\t\t\t\t\t<span class=\"elementor-button-text\">Conhe\u00e7a nosso Conselho de Administra\u00e7\u00e3o<\/span>\n\t\t\t\t\t<\/span>\n\t\t\t\t\t<\/a>\n\t\t\t\t<\/div>\n\t\t\t\t\t\t\t\t<\/div>\n\t\t\t\t<\/div>\n\t\t\t\t\t<\/div>\n\t\t<\/div>\n\t\t\t\t<div class=\"elementor-column elementor-col-50 elementor-inner-column elementor-element elementor-element-2d55d4f2\" data-id=\"2d55d4f2\" data-element_type=\"column\" data-e-type=\"column\">\n\t\t\t<div class=\"elementor-widget-wrap elementor-element-populated\">\n\t\t\t\t\t\t<div class=\"elementor-element elementor-element-f455968 elementor-widget elementor-widget-heading\" data-id=\"f455968\" data-element_type=\"widget\" data-e-type=\"widget\" data-widget_type=\"heading.default\">\n\t\t\t\t<div class=\"elementor-widget-container\">\n\t\t\t\t\t<span class=\"elementor-heading-title elementor-size-default\">7<\/span>\t\t\t\t<\/div>\n\t\t\t\t<\/div>\n\t\t\t\t<div class=\"elementor-element elementor-element-218a039 elementor-absolute elementor-widget elementor-widget-heading\" data-id=\"218a039\" data-element_type=\"widget\" data-e-type=\"widget\" data-settings=\"{&quot;_position&quot;:&quot;absolute&quot;}\" data-widget_type=\"heading.default\">\n\t\t\t\t<div class=\"elementor-widget-container\">\n\t\t\t\t\t<span class=\"elementor-heading-title elementor-size-default\">7 Conselheiros Independentes<\/span>\t\t\t\t<\/div>\n\t\t\t\t<\/div>\n\t\t\t\t<div class=\"elementor-element elementor-element-2b61a8e3 elementor-widget elementor-widget-heading\" data-id=\"2b61a8e3\" data-element_type=\"widget\" data-e-type=\"widget\" data-widget_type=\"heading.default\">\n\t\t\t\t<div class=\"elementor-widget-container\">\n\t\t\t\t\t<span class=\"elementor-heading-title elementor-size-default\">5 Anos<\/span>\t\t\t\t<\/div>\n\t\t\t\t<\/div>\n\t\t\t\t<div class=\"elementor-element elementor-element-addea2e elementor-widget elementor-widget-heading\" data-id=\"addea2e\" data-element_type=\"widget\" data-e-type=\"widget\" data-widget_type=\"heading.default\">\n\t\t\t\t<div class=\"elementor-widget-container\">\n\t\t\t\t\t<span class=\"elementor-heading-title elementor-size-default\">de dura\u00e7\u00e3o em m\u00e9dia<\/span>\t\t\t\t<\/div>\n\t\t\t\t<\/div>\n\t\t\t\t<div class=\"elementor-element elementor-element-d573d9b elementor-widget elementor-widget-text-editor\" data-id=\"d573d9b\" data-element_type=\"widget\" data-e-type=\"widget\" data-widget_type=\"text-editor.default\">\n\t\t\t\t<div class=\"elementor-widget-container\">\n\t\t\t\t\t\t\t\t\t<ul>\n<li>Comit\u00eas formais do conselho: Auditoria, Governan\u00e7a e Remunera\u00e7\u00e3o e Desenvolvimento Gerencial<\/li>\n<li>Programas de auditoria e conformidade de controle financeiro e operacional<\/li>\n<li>Certifica\u00e7\u00e3o e treinamento do C\u00f3digo de Conduta para todos os funcion\u00e1rios anualmente<\/li>\n<li>Linha de apoio de conformidade corporativa em todo o mundo<\/li>\n<\/ul>\n\t\t\t\t\t\t\t\t<\/div>\n\t\t\t\t<\/div>\n\t\t\t\t\t<\/div>\n\t\t<\/div>\n\t\t\t\t\t<\/div>\n\t\t<\/section>\n\t\t\t\t\t<\/div>\n\t\t<\/div>\n\t\t\t\t\t<\/div>\n\t\t<\/section>\n\t\t\t\t<section class=\"elementor-section elementor-top-section elementor-element elementor-element-66831226 elementor-section-boxed elementor-section-height-default elementor-section-height-default\" data-id=\"66831226\" data-element_type=\"section\" data-e-type=\"section\" data-settings=\"{&quot;background_background&quot;:&quot;classic&quot;}\">\n\t\t\t\t\t\t<div class=\"elementor-container elementor-column-gap-default\">\n\t\t\t\t\t<div class=\"elementor-column elementor-col-100 elementor-top-column elementor-element elementor-element-648af61e\" data-id=\"648af61e\" data-element_type=\"column\" data-e-type=\"column\">\n\t\t\t<div class=\"elementor-widget-wrap elementor-element-populated\">\n\t\t\t\t\t\t<div class=\"elementor-element elementor-element-4e58f1b elementor-widget elementor-widget-shortcode\" data-id=\"4e58f1b\" data-element_type=\"widget\" data-e-type=\"widget\" data-widget_type=\"shortcode.default\">\n\t\t\t\t<div class=\"elementor-widget-container\">\n\t\t\t\t\t\t\t<div class=\"elementor-shortcode\"><\/div>\n\t\t\t\t\t\t<\/div>\n\t\t\t\t<\/div>\n\t\t\t\t\t<\/div>\n\t\t<\/div>\n\t\t\t\t\t<\/div>\n\t\t<\/section>\n\t\t\t\t<\/div>\n\t\t","protected":false},"excerpt":{"rendered":"<p>Governan\u00e7a ambiental, social e corporativa Na Amsted Industries, agimos com o mais alto padr\u00e3o de integridade em tudo o que fazemos. Nosso foco na sustentabilidade ambiental, equidade e diversidade social e governan\u00e7a corporativa continua sendo a pedra angular do nosso sucesso. O esp\u00edrito de posse Nossa cultura \u00fanica, de propriedade dos funcion\u00e1rios (ESOP), incute um [&hellip;]<\/p>\n","protected":false},"author":1,"featured_media":0,"parent":5269,"menu_order":0,"comment_status":"closed","ping_status":"closed","template":"","meta":{"_acf_changed":false,"footnotes":""},"search-category":[16],"class_list":["post-5297","page","type-page","status-publish","hentry","search-category-about"],"acf":[],"yoast_head":"<!-- This site is optimized with the Yoast SEO plugin v27.2 - https:\/\/yoast.com\/product\/yoast-seo-wordpress\/ -->\n<title>ESG - Amsted Industries<\/title>\n<meta name=\"robots\" content=\"index, follow, max-snippet:-1, max-image-preview:large, max-video-preview:-1\" \/>\n<link rel=\"canonical\" href=\"https:\/\/www.amsted.com\/pt-br\/sobre\/esg\/\" \/>\n<meta property=\"og:locale\" content=\"pt_BR\" \/>\n<meta property=\"og:type\" content=\"article\" \/>\n<meta property=\"og:title\" content=\"ESG - Amsted Industries\" \/>\n<meta property=\"og:description\" content=\"Governan\u00e7a ambiental, social e corporativa Na Amsted Industries, agimos com o mais alto padr\u00e3o de integridade em tudo o que fazemos. Nosso foco na sustentabilidade ambiental, equidade e diversidade social e governan\u00e7a corporativa continua sendo a pedra angular do nosso sucesso. O esp\u00edrito de posse Nossa cultura \u00fanica, de propriedade dos funcion\u00e1rios (ESOP), incute um [&hellip;]\" \/>\n<meta property=\"og:url\" content=\"https:\/\/www.amsted.com\/pt-br\/sobre\/esg\/\" \/>\n<meta property=\"og:site_name\" content=\"Amsted Industries\" \/>\n<meta property=\"article:modified_time\" content=\"2022-09-14T18:31:22+00:00\" \/>\n<meta name=\"twitter:card\" content=\"summary_large_image\" \/>\n<meta name=\"twitter:label1\" content=\"Est. reading time\" \/>\n\t<meta name=\"twitter:data1\" content=\"3 minutes\" \/>\n<script type=\"application\/ld+json\" class=\"yoast-schema-graph\">{\"@context\":\"https:\/\/schema.org\",\"@graph\":[{\"@type\":\"WebPage\",\"@id\":\"https:\/\/www.amsted.com\/pt-br\/sobre\/esg\/\",\"url\":\"https:\/\/www.amsted.com\/pt-br\/sobre\/esg\/\",\"name\":\"ESG - Amsted Industries\",\"isPartOf\":{\"@id\":\"https:\/\/www.amsted.com\/pt-br\/#website\"},\"datePublished\":\"2022-06-02T02:27:44+00:00\",\"dateModified\":\"2022-09-14T18:31:22+00:00\",\"breadcrumb\":{\"@id\":\"https:\/\/www.amsted.com\/pt-br\/sobre\/esg\/#breadcrumb\"},\"inLanguage\":\"pt-BR\",\"potentialAction\":[{\"@type\":\"ReadAction\",\"target\":[\"https:\/\/www.amsted.com\/pt-br\/sobre\/esg\/\"]}]},{\"@type\":\"BreadcrumbList\",\"@id\":\"https:\/\/www.amsted.com\/pt-br\/sobre\/esg\/#breadcrumb\",\"itemListElement\":[{\"@type\":\"ListItem\",\"position\":1,\"name\":\"Home\",\"item\":\"https:\/\/www.amsted.com\/pt-br\/homepage\/\"},{\"@type\":\"ListItem\",\"position\":2,\"name\":\"Sobre\",\"item\":\"https:\/\/www.amsted.com\/pt-br\/sobre\/\"},{\"@type\":\"ListItem\",\"position\":3,\"name\":\"ESG\"}]},{\"@type\":\"WebSite\",\"@id\":\"https:\/\/www.amsted.com\/pt-br\/#website\",\"url\":\"https:\/\/www.amsted.com\/pt-br\/\",\"name\":\"Amsted Industries\",\"description\":\"Just another WordPress site\",\"potentialAction\":[{\"@type\":\"SearchAction\",\"target\":{\"@type\":\"EntryPoint\",\"urlTemplate\":\"https:\/\/www.amsted.com\/pt-br\/?s={search_term_string}\"},\"query-input\":{\"@type\":\"PropertyValueSpecification\",\"valueRequired\":true,\"valueName\":\"search_term_string\"}}],\"inLanguage\":\"pt-BR\"}]}<\/script>\n<!-- \/ Yoast SEO plugin. -->","yoast_head_json":{"title":"ESG - Amsted Industries","robots":{"index":"index","follow":"follow","max-snippet":"max-snippet:-1","max-image-preview":"max-image-preview:large","max-video-preview":"max-video-preview:-1"},"canonical":"https:\/\/www.amsted.com\/pt-br\/sobre\/esg\/","og_locale":"pt_BR","og_type":"article","og_title":"ESG - Amsted Industries","og_description":"Governan\u00e7a ambiental, social e corporativa Na Amsted Industries, agimos com o mais alto padr\u00e3o de integridade em tudo o que fazemos. Nosso foco na sustentabilidade ambiental, equidade e diversidade social e governan\u00e7a corporativa continua sendo a pedra angular do nosso sucesso. O esp\u00edrito de posse Nossa cultura \u00fanica, de propriedade dos funcion\u00e1rios (ESOP), incute um [&hellip;]","og_url":"https:\/\/www.amsted.com\/pt-br\/sobre\/esg\/","og_site_name":"Amsted Industries","article_modified_time":"2022-09-14T18:31:22+00:00","twitter_card":"summary_large_image","twitter_misc":{"Est. reading time":"3 minutes"},"schema":{"@context":"https:\/\/schema.org","@graph":[{"@type":"WebPage","@id":"https:\/\/www.amsted.com\/pt-br\/sobre\/esg\/","url":"https:\/\/www.amsted.com\/pt-br\/sobre\/esg\/","name":"ESG - Amsted Industries","isPartOf":{"@id":"https:\/\/www.amsted.com\/pt-br\/#website"},"datePublished":"2022-06-02T02:27:44+00:00","dateModified":"2022-09-14T18:31:22+00:00","breadcrumb":{"@id":"https:\/\/www.amsted.com\/pt-br\/sobre\/esg\/#breadcrumb"},"inLanguage":"pt-BR","potentialAction":[{"@type":"ReadAction","target":["https:\/\/www.amsted.com\/pt-br\/sobre\/esg\/"]}]},{"@type":"BreadcrumbList","@id":"https:\/\/www.amsted.com\/pt-br\/sobre\/esg\/#breadcrumb","itemListElement":[{"@type":"ListItem","position":1,"name":"Home","item":"https:\/\/www.amsted.com\/pt-br\/homepage\/"},{"@type":"ListItem","position":2,"name":"Sobre","item":"https:\/\/www.amsted.com\/pt-br\/sobre\/"},{"@type":"ListItem","position":3,"name":"ESG"}]},{"@type":"WebSite","@id":"https:\/\/www.amsted.com\/pt-br\/#website","url":"https:\/\/www.amsted.com\/pt-br\/","name":"Amsted Industries","description":"Just another WordPress site","potentialAction":[{"@type":"SearchAction","target":{"@type":"EntryPoint","urlTemplate":"https:\/\/www.amsted.com\/pt-br\/?s={search_term_string}"},"query-input":{"@type":"PropertyValueSpecification","valueRequired":true,"valueName":"search_term_string"}}],"inLanguage":"pt-BR"}]}},"_links":{"self":[{"href":"https:\/\/www.amsted.com\/pt-br\/wp-json\/wp\/v2\/pages\/5297","targetHints":{"allow":["GET"]}}],"collection":[{"href":"https:\/\/www.amsted.com\/pt-br\/wp-json\/wp\/v2\/pages"}],"about":[{"href":"https:\/\/www.amsted.com\/pt-br\/wp-json\/wp\/v2\/types\/page"}],"author":[{"embeddable":true,"href":"https:\/\/www.amsted.com\/pt-br\/wp-json\/wp\/v2\/users\/1"}],"replies":[{"embeddable":true,"href":"https:\/\/www.amsted.com\/pt-br\/wp-json\/wp\/v2\/comments?post=5297"}],"version-history":[{"count":3,"href":"https:\/\/www.amsted.com\/pt-br\/wp-json\/wp\/v2\/pages\/5297\/revisions"}],"predecessor-version":[{"id":5300,"href":"https:\/\/www.amsted.com\/pt-br\/wp-json\/wp\/v2\/pages\/5297\/revisions\/5300"}],"up":[{"embeddable":true,"href":"https:\/\/www.amsted.com\/pt-br\/wp-json\/wp\/v2\/pages\/5269"}],"wp:attachment":[{"href":"https:\/\/www.amsted.com\/pt-br\/wp-json\/wp\/v2\/media?parent=5297"}],"wp:term":[{"taxonomy":"search-category","embeddable":true,"href":"https:\/\/www.amsted.com\/pt-br\/wp-json\/wp\/v2\/search-category?post=5297"}],"curies":[{"name":"wp","href":"https:\/\/api.w.org\/{rel}","templated":true}]}}