{"id":5269,"date":"2022-05-31T15:33:23","date_gmt":"2022-05-31T15:33:23","guid":{"rendered":"https:\/\/live-amsted-industries.pantheonsite.io\/sobre\/"},"modified":"2022-09-15T19:33:00","modified_gmt":"2022-09-15T19:33:00","slug":"sobre","status":"publish","type":"page","link":"https:\/\/www.amsted.com\/pt-br\/sobre\/","title":{"rendered":"Sobre"},"content":{"rendered":"\t\t<div data-elementor-type=\"wp-page\" data-elementor-id=\"5269\" class=\"elementor elementor-5269 elementor-138\" data-elementor-post-type=\"page\">\n\t\t\t\t\t\t<section class=\"elementor-section elementor-top-section elementor-element elementor-element-e078c95 elementor-section-height-min-height elementor-section-full_width elementor-section-height-default elementor-section-items-middle\" data-id=\"e078c95\" data-element_type=\"section\" data-e-type=\"section\" data-settings=\"{&quot;background_background&quot;:&quot;classic&quot;}\">\n\t\t\t\t\t\t\t<div class=\"elementor-background-overlay\"><\/div>\n\t\t\t\t\t\t\t<div class=\"elementor-container elementor-column-gap-default\">\n\t\t\t\t\t<div class=\"elementor-column elementor-col-100 elementor-top-column elementor-element elementor-element-d9e9cbd\" data-id=\"d9e9cbd\" data-element_type=\"column\" data-e-type=\"column\">\n\t\t\t<div class=\"elementor-widget-wrap elementor-element-populated\">\n\t\t\t\t\t\t<section class=\"elementor-section elementor-inner-section elementor-element elementor-element-710120f elementor-section-boxed elementor-section-height-default elementor-section-height-default\" data-id=\"710120f\" data-element_type=\"section\" data-e-type=\"section\" data-settings=\"{&quot;background_background&quot;:&quot;video&quot;}\">\n\t\t\t\t\t\t<div class=\"elementor-container elementor-column-gap-default\">\n\t\t\t\t\t<div class=\"elementor-column elementor-col-50 elementor-inner-column elementor-element elementor-element-f478e0a\" data-id=\"f478e0a\" data-element_type=\"column\" data-e-type=\"column\">\n\t\t\t<div class=\"elementor-widget-wrap elementor-element-populated\">\n\t\t\t\t\t\t<div class=\"elementor-element elementor-element-28d3575 animated-slow elementor-invisible elementor-widget elementor-widget-heading\" data-id=\"28d3575\" data-element_type=\"widget\" data-e-type=\"widget\" data-settings=\"{&quot;_animation&quot;:&quot;fadeIn&quot;}\" data-widget_type=\"heading.default\">\n\t\t\t\t<div class=\"elementor-widget-container\">\n\t\t\t\t\t<h1 class=\"elementor-heading-title elementor-size-default\">Sobre a Amsted Industries<\/h1>\t\t\t\t<\/div>\n\t\t\t\t<\/div>\n\t\t\t\t<div class=\"elementor-element elementor-element-fb58c64 animated-slow elementor-invisible elementor-widget elementor-widget-text-editor\" data-id=\"fb58c64\" data-element_type=\"widget\" data-e-type=\"widget\" data-settings=\"{&quot;_animation&quot;:&quot;fadeIn&quot;,&quot;_animation_delay&quot;:100}\" data-widget_type=\"text-editor.default\">\n\t\t\t\t<div class=\"elementor-widget-container\">\n\t\t\t\t\t\t\t\t\t<p>A Amsted Industries \u00e9 uma fabricante global diversificada de componentes industriais que atende principalmente aos mercados ferrovi\u00e1rio, automotivo, de ve\u00edculos comerciais, constru\u00e7\u00e3o e constru\u00e7\u00e3o. Combinando processos de fabrica\u00e7\u00e3o de ponta com um hist\u00f3rico de inova\u00e7\u00e3o cont\u00ednua, temos orgulho de ser l\u00edderes em cada um dos segmentos de mercado que atendemos. <\/p><\/p>\n\t\t\t\t\t\t\t\t<\/div>\n\t\t\t\t<\/div>\n\t\t\t\t\t<\/div>\n\t\t<\/div>\n\t\t\t\t<div class=\"elementor-column elementor-col-50 elementor-inner-column elementor-element elementor-element-3c6c758\" data-id=\"3c6c758\" data-element_type=\"column\" data-e-type=\"column\">\n\t\t\t<div class=\"elementor-widget-wrap\">\n\t\t\t\t\t\t\t<\/div>\n\t\t<\/div>\n\t\t\t\t\t<\/div>\n\t\t<\/section>\n\t\t\t\t\t<\/div>\n\t\t<\/div>\n\t\t\t\t\t<\/div>\n\t\t<\/section>\n\t\t\t\t<section class=\"elementor-section elementor-top-section elementor-element elementor-element-78240e9 elementor-section-full_width elementor-section-height-default elementor-section-height-default\" data-id=\"78240e9\" data-element_type=\"section\" data-e-type=\"section\" data-settings=\"{&quot;background_background&quot;:&quot;classic&quot;}\">\n\t\t\t\t\t\t<div class=\"elementor-container elementor-column-gap-default\">\n\t\t\t\t\t<div class=\"elementor-column elementor-col-100 elementor-top-column elementor-element elementor-element-7e337f0\" data-id=\"7e337f0\" data-element_type=\"column\" data-e-type=\"column\">\n\t\t\t<div class=\"elementor-widget-wrap elementor-element-populated\">\n\t\t\t\t\t\t<section class=\"elementor-section elementor-inner-section elementor-element elementor-element-f29ff6a main-content elementor-reverse-mobile elementor-section-boxed elementor-section-height-default elementor-section-height-default\" data-id=\"f29ff6a\" data-element_type=\"section\" data-e-type=\"section\">\n\t\t\t\t\t\t<div class=\"elementor-container elementor-column-gap-default\">\n\t\t\t\t\t<div class=\"elementor-column elementor-col-50 elementor-inner-column elementor-element elementor-element-b3adbfe\" data-id=\"b3adbfe\" data-element_type=\"column\" data-e-type=\"column\">\n\t\t\t<div class=\"elementor-widget-wrap elementor-element-populated\">\n\t\t\t\t\t\t<div class=\"elementor-element elementor-element-2ae8cf0 elementor-widget elementor-widget-text-editor\" data-id=\"2ae8cf0\" data-element_type=\"widget\" data-e-type=\"widget\" data-widget_type=\"text-editor.default\">\n\t\t\t\t<div class=\"elementor-widget-container\">\n\t\t\t\t\t\t\t\t\t<p>Operando sob o nome Amsted Industries desde 1962, hoje atendemos \u00e0s crescentes necessidades de um mercado global com mais de 75 locais em 13 pa\u00edses em 6 continentes. A Amsted \u00e9 100% de propriedade dos funcion\u00e1rios, o que permite que nossos funcion\u00e1rios-propriet\u00e1rios compartilhem do sucesso da empresa e cria uma cultura de propriedade da qual todos os nossos funcion\u00e1rios compartilham. <\/p>\n\t\t\t\t\t\t\t\t<\/div>\n\t\t\t\t<\/div>\n\t\t\t\t<div class=\"elementor-element elementor-element-680d040 elementor-widget elementor-widget-heading\" data-id=\"680d040\" data-element_type=\"widget\" data-e-type=\"widget\" data-widget_type=\"heading.default\">\n\t\t\t\t<div class=\"elementor-widget-container\">\n\t\t\t\t\t<h2 class=\"elementor-heading-title elementor-size-default\">Miss\u00e3o<\/h2>\t\t\t\t<\/div>\n\t\t\t\t<\/div>\n\t\t\t\t<div class=\"elementor-element elementor-element-594c138 elementor-widget elementor-widget-text-editor\" data-id=\"594c138\" data-element_type=\"widget\" data-e-type=\"widget\" data-widget_type=\"text-editor.default\">\n\t\t\t\t<div class=\"elementor-widget-container\">\n\t\t\t\t\t\t\t\t\t<p>Oferecer valor premium aos nossos clientes para melhorar a situa\u00e7\u00e3o de nossos funcion\u00e1rios e suas comunidades<\/p>\n\t\t\t\t\t\t\t\t<\/div>\n\t\t\t\t<\/div>\n\t\t\t\t\t<\/div>\n\t\t<\/div>\n\t\t\t\t<div class=\"elementor-column elementor-col-50 elementor-inner-column elementor-element elementor-element-6e43331\" data-id=\"6e43331\" data-element_type=\"column\" data-e-type=\"column\">\n\t\t\t<div class=\"elementor-widget-wrap elementor-element-populated\">\n\t\t\t\t\t\t<div class=\"elementor-element elementor-element-b7851b0 elementor-widget elementor-widget-heading\" data-id=\"b7851b0\" data-element_type=\"widget\" data-e-type=\"widget\" data-widget_type=\"heading.default\">\n\t\t\t\t<div class=\"elementor-widget-container\">\n\t\t\t\t\t<h2 class=\"elementor-heading-title elementor-size-default\">Valores essenciais<\/h2>\t\t\t\t<\/div>\n\t\t\t\t<\/div>\n\t\t\t\t<div class=\"elementor-element elementor-element-1846f6c elementor-widget elementor-widget-text-editor\" data-id=\"1846f6c\" data-element_type=\"widget\" data-e-type=\"widget\" data-widget_type=\"text-editor.default\">\n\t\t\t\t<div class=\"elementor-widget-container\">\n\t\t\t\t\t\t\t\t\t<ul>\n<li>Integridade: Defendemos os mais altos padr\u00f5es de \u00e9tica e integridade em todas as a\u00e7\u00f5es.<\/li>\n<li>Respeito pelas pessoas: Valorizamos nosso pessoal, incentivamos seu desenvolvimento, responsabilizamo-los por seus compromissos pessoais e recompensamos seu desempenho.<\/li>\n<li>Responsabilidade Social: Somos bons cidad\u00e3os nas comunidades em que vivemos e trabalhamos.<\/li>\n<li>Sustentabilidade: Estamos comprometidos com um futuro sustent\u00e1vel e com a melhoria de nossa pegada ambiental.<\/li>\n<li>Divertimento: Mantemos uma atmosfera onde o trabalho duro e o compromisso s\u00e3o recompensados com divertimento leve.<\/li>\n<\/ul>\n\t\t\t\t\t\t\t\t<\/div>\n\t\t\t\t<\/div>\n\t\t\t\t\t<\/div>\n\t\t<\/div>\n\t\t\t\t\t<\/div>\n\t\t<\/section>\n\t\t\t\t\t<\/div>\n\t\t<\/div>\n\t\t\t\t\t<\/div>\n\t\t<\/section>\n\t\t\t\t<section class=\"elementor-section elementor-top-section elementor-element elementor-element-c4995b5 elementor-section-boxed elementor-section-height-default elementor-section-height-default\" data-id=\"c4995b5\" data-element_type=\"section\" data-e-type=\"section\" data-settings=\"{&quot;background_background&quot;:&quot;classic&quot;}\">\n\t\t\t\t\t\t<div class=\"elementor-container elementor-column-gap-default\">\n\t\t\t\t\t<div class=\"elementor-column elementor-col-100 elementor-top-column elementor-element elementor-element-7d5fdf6\" data-id=\"7d5fdf6\" data-element_type=\"column\" data-e-type=\"column\">\n\t\t\t<div class=\"elementor-widget-wrap elementor-element-populated\">\n\t\t\t\t\t\t<div class=\"elementor-element elementor-element-fe3438d elementor-widget elementor-widget-shortcode\" data-id=\"fe3438d\" data-element_type=\"widget\" data-e-type=\"widget\" data-widget_type=\"shortcode.default\">\n\t\t\t\t<div class=\"elementor-widget-container\">\n\t\t\t\t\t\t\t<div class=\"elementor-shortcode\"><h3 class=\"ai-child-pages-title\">Explorar mais<\/h3><ul class=\"ai-child-pages\"><li class=\"page_item page-item-5285\"><a href=\"https:\/\/www.amsted.com\/pt-br\/sobre\/conselho-de-administracao\/\">Conselho de Administra\u00e7\u00e3o<\/a><\/li>\n<li class=\"page_item page-item-5297\"><a href=\"https:\/\/www.amsted.com\/pt-br\/sobre\/esg\/\">ESG<\/a><\/li>\n<li class=\"page_item page-item-5321\"><a href=\"https:\/\/www.amsted.com\/pt-br\/sobre\/codigo-de-conduta\/\">C\u00f3digo de Conduta<\/a><\/li>\n<li class=\"page_item page-item-5331\"><a href=\"https:\/\/www.amsted.com\/pt-br\/sobre\/historia\/\">Hist\u00f3ria<\/a><\/li>\n<li class=\"page_item page-item-5353 page_item_has_children\"><a href=\"https:\/\/www.amsted.com\/pt-br\/sobre\/equipe-de-lideranca\/\">Equipe de lideran\u00e7a<\/a><\/li>\n<\/ul><\/div>\n\t\t\t\t\t\t<\/div>\n\t\t\t\t<\/div>\n\t\t\t\t\t<\/div>\n\t\t<\/div>\n\t\t\t\t\t<\/div>\n\t\t<\/section>\n\t\t\t\t<\/div>\n\t\t","protected":false},"excerpt":{"rendered":"<p>Sobre a Amsted Industries A Amsted Industries \u00e9 uma fabricante global diversificada de componentes industriais que atende principalmente aos mercados ferrovi\u00e1rio, automotivo, de ve\u00edculos comerciais, constru\u00e7\u00e3o e constru\u00e7\u00e3o. Combinando processos de fabrica\u00e7\u00e3o de ponta com um hist\u00f3rico de inova\u00e7\u00e3o cont\u00ednua, temos orgulho de ser l\u00edderes em cada um dos segmentos de mercado que atendemos. Operando [&hellip;]<\/p>\n","protected":false},"author":1,"featured_media":0,"parent":0,"menu_order":0,"comment_status":"closed","ping_status":"closed","template":"","meta":{"_acf_changed":false,"footnotes":""},"search-category":[],"class_list":["post-5269","page","type-page","status-publish","hentry"],"acf":[],"yoast_head":"<!-- This site is optimized with the Yoast SEO plugin v27.2 - https:\/\/yoast.com\/product\/yoast-seo-wordpress\/ -->\n<title>Sobre - Amsted Industries<\/title>\n<meta name=\"robots\" content=\"index, follow, max-snippet:-1, max-image-preview:large, max-video-preview:-1\" \/>\n<link rel=\"canonical\" href=\"https:\/\/www.amsted.com\/pt-br\/sobre\/\" \/>\n<meta property=\"og:locale\" content=\"pt_BR\" \/>\n<meta property=\"og:type\" content=\"article\" \/>\n<meta property=\"og:title\" content=\"Sobre - Amsted Industries\" \/>\n<meta property=\"og:description\" content=\"Sobre a Amsted Industries A Amsted Industries \u00e9 uma fabricante global diversificada de componentes industriais que atende principalmente aos mercados ferrovi\u00e1rio, automotivo, de ve\u00edculos comerciais, constru\u00e7\u00e3o e constru\u00e7\u00e3o. Combinando processos de fabrica\u00e7\u00e3o de ponta com um hist\u00f3rico de inova\u00e7\u00e3o cont\u00ednua, temos orgulho de ser l\u00edderes em cada um dos segmentos de mercado que atendemos. Operando [&hellip;]\" \/>\n<meta property=\"og:url\" content=\"https:\/\/www.amsted.com\/pt-br\/sobre\/\" \/>\n<meta property=\"og:site_name\" content=\"Amsted Industries\" \/>\n<meta property=\"article:modified_time\" content=\"2022-09-15T19:33:00+00:00\" \/>\n<meta name=\"twitter:card\" content=\"summary_large_image\" \/>\n<meta name=\"twitter:label1\" content=\"Est. reading time\" \/>\n\t<meta name=\"twitter:data1\" content=\"1 minute\" \/>\n<script type=\"application\/ld+json\" class=\"yoast-schema-graph\">{\"@context\":\"https:\/\/schema.org\",\"@graph\":[{\"@type\":\"WebPage\",\"@id\":\"https:\/\/www.amsted.com\/pt-br\/sobre\/\",\"url\":\"https:\/\/www.amsted.com\/pt-br\/sobre\/\",\"name\":\"Sobre - Amsted Industries\",\"isPartOf\":{\"@id\":\"https:\/\/www.amsted.com\/pt-br\/#website\"},\"datePublished\":\"2022-05-31T15:33:23+00:00\",\"dateModified\":\"2022-09-15T19:33:00+00:00\",\"breadcrumb\":{\"@id\":\"https:\/\/www.amsted.com\/pt-br\/sobre\/#breadcrumb\"},\"inLanguage\":\"pt-BR\",\"potentialAction\":[{\"@type\":\"ReadAction\",\"target\":[\"https:\/\/www.amsted.com\/pt-br\/sobre\/\"]}]},{\"@type\":\"BreadcrumbList\",\"@id\":\"https:\/\/www.amsted.com\/pt-br\/sobre\/#breadcrumb\",\"itemListElement\":[{\"@type\":\"ListItem\",\"position\":1,\"name\":\"Home\",\"item\":\"https:\/\/www.amsted.com\/pt-br\/homepage\/\"},{\"@type\":\"ListItem\",\"position\":2,\"name\":\"Sobre\"}]},{\"@type\":\"WebSite\",\"@id\":\"https:\/\/www.amsted.com\/pt-br\/#website\",\"url\":\"https:\/\/www.amsted.com\/pt-br\/\",\"name\":\"Amsted Industries\",\"description\":\"Just another WordPress site\",\"potentialAction\":[{\"@type\":\"SearchAction\",\"target\":{\"@type\":\"EntryPoint\",\"urlTemplate\":\"https:\/\/www.amsted.com\/pt-br\/?s={search_term_string}\"},\"query-input\":{\"@type\":\"PropertyValueSpecification\",\"valueRequired\":true,\"valueName\":\"search_term_string\"}}],\"inLanguage\":\"pt-BR\"}]}<\/script>\n<!-- \/ Yoast SEO plugin. -->","yoast_head_json":{"title":"Sobre - Amsted Industries","robots":{"index":"index","follow":"follow","max-snippet":"max-snippet:-1","max-image-preview":"max-image-preview:large","max-video-preview":"max-video-preview:-1"},"canonical":"https:\/\/www.amsted.com\/pt-br\/sobre\/","og_locale":"pt_BR","og_type":"article","og_title":"Sobre - Amsted Industries","og_description":"Sobre a Amsted Industries A Amsted Industries \u00e9 uma fabricante global diversificada de componentes industriais que atende principalmente aos mercados ferrovi\u00e1rio, automotivo, de ve\u00edculos comerciais, constru\u00e7\u00e3o e constru\u00e7\u00e3o. Combinando processos de fabrica\u00e7\u00e3o de ponta com um hist\u00f3rico de inova\u00e7\u00e3o cont\u00ednua, temos orgulho de ser l\u00edderes em cada um dos segmentos de mercado que atendemos. Operando [&hellip;]","og_url":"https:\/\/www.amsted.com\/pt-br\/sobre\/","og_site_name":"Amsted Industries","article_modified_time":"2022-09-15T19:33:00+00:00","twitter_card":"summary_large_image","twitter_misc":{"Est. reading time":"1 minute"},"schema":{"@context":"https:\/\/schema.org","@graph":[{"@type":"WebPage","@id":"https:\/\/www.amsted.com\/pt-br\/sobre\/","url":"https:\/\/www.amsted.com\/pt-br\/sobre\/","name":"Sobre - Amsted Industries","isPartOf":{"@id":"https:\/\/www.amsted.com\/pt-br\/#website"},"datePublished":"2022-05-31T15:33:23+00:00","dateModified":"2022-09-15T19:33:00+00:00","breadcrumb":{"@id":"https:\/\/www.amsted.com\/pt-br\/sobre\/#breadcrumb"},"inLanguage":"pt-BR","potentialAction":[{"@type":"ReadAction","target":["https:\/\/www.amsted.com\/pt-br\/sobre\/"]}]},{"@type":"BreadcrumbList","@id":"https:\/\/www.amsted.com\/pt-br\/sobre\/#breadcrumb","itemListElement":[{"@type":"ListItem","position":1,"name":"Home","item":"https:\/\/www.amsted.com\/pt-br\/homepage\/"},{"@type":"ListItem","position":2,"name":"Sobre"}]},{"@type":"WebSite","@id":"https:\/\/www.amsted.com\/pt-br\/#website","url":"https:\/\/www.amsted.com\/pt-br\/","name":"Amsted Industries","description":"Just another WordPress site","potentialAction":[{"@type":"SearchAction","target":{"@type":"EntryPoint","urlTemplate":"https:\/\/www.amsted.com\/pt-br\/?s={search_term_string}"},"query-input":{"@type":"PropertyValueSpecification","valueRequired":true,"valueName":"search_term_string"}}],"inLanguage":"pt-BR"}]}},"_links":{"self":[{"href":"https:\/\/www.amsted.com\/pt-br\/wp-json\/wp\/v2\/pages\/5269","targetHints":{"allow":["GET"]}}],"collection":[{"href":"https:\/\/www.amsted.com\/pt-br\/wp-json\/wp\/v2\/pages"}],"about":[{"href":"https:\/\/www.amsted.com\/pt-br\/wp-json\/wp\/v2\/types\/page"}],"author":[{"embeddable":true,"href":"https:\/\/www.amsted.com\/pt-br\/wp-json\/wp\/v2\/users\/1"}],"replies":[{"embeddable":true,"href":"https:\/\/www.amsted.com\/pt-br\/wp-json\/wp\/v2\/comments?post=5269"}],"version-history":[{"count":3,"href":"https:\/\/www.amsted.com\/pt-br\/wp-json\/wp\/v2\/pages\/5269\/revisions"}],"predecessor-version":[{"id":5669,"href":"https:\/\/www.amsted.com\/pt-br\/wp-json\/wp\/v2\/pages\/5269\/revisions\/5669"}],"wp:attachment":[{"href":"https:\/\/www.amsted.com\/pt-br\/wp-json\/wp\/v2\/media?parent=5269"}],"wp:term":[{"taxonomy":"search-category","embeddable":true,"href":"https:\/\/www.amsted.com\/pt-br\/wp-json\/wp\/v2\/search-category?post=5269"}],"curies":[{"name":"wp","href":"https:\/\/api.w.org\/{rel}","templated":true}]}}