{"id":6414,"date":"2022-06-02T02:36:25","date_gmt":"2022-06-02T02:36:25","guid":{"rendered":"https:\/\/live-amsted-industries.pantheonsite.io\/carriere\/conformita-dichiarazioni-eeo\/"},"modified":"2022-10-31T12:24:40","modified_gmt":"2022-10-31T12:24:40","slug":"conformita-dichiarazioni-eeo","status":"publish","type":"page","link":"https:\/\/www.amsted.com\/it\/carriere\/conformita-dichiarazioni-eeo\/","title":{"rendered":"Conformit\u00e0\/Dichiarazioni EEO"},"content":{"rendered":"\t\t<div data-elementor-type=\"wp-page\" data-elementor-id=\"6414\" class=\"elementor elementor-6414 elementor-216\" data-elementor-post-type=\"page\">\n\t\t\t\t\t\t<section class=\"elementor-section elementor-top-section elementor-element elementor-element-e132bb1 elementor-section-boxed elementor-section-height-default elementor-section-height-default\" data-id=\"e132bb1\" data-element_type=\"section\" data-e-type=\"section\">\n\t\t\t\t\t\t<div class=\"elementor-container elementor-column-gap-default\">\n\t\t\t\t\t<div class=\"elementor-column elementor-col-100 elementor-top-column elementor-element elementor-element-262dc4f\" data-id=\"262dc4f\" data-element_type=\"column\" data-e-type=\"column\">\n\t\t\t<div class=\"elementor-widget-wrap elementor-element-populated\">\n\t\t\t\t\t\t<section class=\"elementor-section elementor-inner-section elementor-element elementor-element-4730550 elementor-section-boxed elementor-section-height-default elementor-section-height-default\" data-id=\"4730550\" data-element_type=\"section\" data-e-type=\"section\" data-settings=\"{&quot;background_background&quot;:&quot;video&quot;}\">\n\t\t\t\t\t\t<div class=\"elementor-container elementor-column-gap-default\">\n\t\t\t\t\t<div class=\"elementor-column elementor-col-50 elementor-inner-column elementor-element elementor-element-d7f07f6\" data-id=\"d7f07f6\" data-element_type=\"column\" data-e-type=\"column\">\n\t\t\t<div class=\"elementor-widget-wrap elementor-element-populated\">\n\t\t\t\t\t\t<div class=\"elementor-element elementor-element-c4f5b4a elementor-widget elementor-widget-heading\" data-id=\"c4f5b4a\" data-element_type=\"widget\" data-e-type=\"widget\" data-widget_type=\"heading.default\">\n\t\t\t\t<div class=\"elementor-widget-container\">\n\t\t\t\t\t<h1 class=\"elementor-heading-title elementor-size-default\">Conformit\u00e0\/Dichiarazioni EEO<\/h1>\t\t\t\t<\/div>\n\t\t\t\t<\/div>\n\t\t\t\t\t<\/div>\n\t\t<\/div>\n\t\t\t\t<div class=\"elementor-column elementor-col-50 elementor-inner-column elementor-element elementor-element-e3ce21e\" data-id=\"e3ce21e\" data-element_type=\"column\" data-e-type=\"column\">\n\t\t\t<div class=\"elementor-widget-wrap\">\n\t\t\t\t\t\t\t<\/div>\n\t\t<\/div>\n\t\t\t\t\t<\/div>\n\t\t<\/section>\n\t\t\t\t\t<\/div>\n\t\t<\/div>\n\t\t\t\t\t<\/div>\n\t\t<\/section>\n\t\t\t\t<section class=\"elementor-section elementor-top-section elementor-element elementor-element-9e25542 elementor-section-full_width elementor-section-height-default elementor-section-height-default\" data-id=\"9e25542\" data-element_type=\"section\" data-e-type=\"section\" data-settings=\"{&quot;background_background&quot;:&quot;classic&quot;}\">\n\t\t\t\t\t\t<div class=\"elementor-container elementor-column-gap-default\">\n\t\t\t\t\t<div class=\"elementor-column elementor-col-100 elementor-top-column elementor-element elementor-element-1a370cb\" data-id=\"1a370cb\" data-element_type=\"column\" data-e-type=\"column\">\n\t\t\t<div class=\"elementor-widget-wrap elementor-element-populated\">\n\t\t\t\t\t\t<section class=\"elementor-section elementor-inner-section elementor-element elementor-element-d37f3aa main-content elementor-section-boxed elementor-section-height-default elementor-section-height-default\" data-id=\"d37f3aa\" data-element_type=\"section\" data-e-type=\"section\">\n\t\t\t\t\t\t<div class=\"elementor-container elementor-column-gap-default\">\n\t\t\t\t\t<div class=\"elementor-column elementor-col-50 elementor-inner-column elementor-element elementor-element-45660b1\" data-id=\"45660b1\" data-element_type=\"column\" data-e-type=\"column\">\n\t\t\t<div class=\"elementor-widget-wrap elementor-element-populated\">\n\t\t\t\t\t\t<div class=\"elementor-element elementor-element-c89128b elementor-widget elementor-widget-heading\" data-id=\"c89128b\" data-element_type=\"widget\" data-e-type=\"widget\" data-widget_type=\"heading.default\">\n\t\t\t\t<div class=\"elementor-widget-container\">\n\t\t\t\t\t<h2 class=\"elementor-heading-title elementor-size-default\">Dichiarazione EEO<\/h2>\t\t\t\t<\/div>\n\t\t\t\t<\/div>\n\t\t\t\t<div class=\"elementor-element elementor-element-e97710c elementor-widget elementor-widget-text-editor\" data-id=\"e97710c\" data-element_type=\"widget\" data-e-type=\"widget\" data-widget_type=\"text-editor.default\">\n\t\t\t\t<div class=\"elementor-widget-container\">\n\t\t\t\t\t\t\t\t\t<p>Amsted Industries \u00e8 un datore di lavoro che offre pari opportunit\u00e0. Amsted Industries offre pari opportunit\u00e0 di impiego (EEO) a tutti i dipendenti e ai candidati all&#8217;impiego senza tener conto di razza, colore, religione, sesso, orientamento sessuale, identit\u00e0 di genere, origine nazionale, et\u00e0, disabilit\u00e0, informazioni genetiche, stato civile, amnistia o status di veterano in conformit\u00e0 alle leggi federali, statali e locali applicabili. Amsted rispetta le leggi statali e locali applicabili che regolano la non discriminazione nell&#8217;impiego in ogni luogo in cui l&#8217;azienda ha strutture. Questa politica si applica a tutti i termini e le condizioni di impiego, compresi l&#8217;assunzione, l&#8217;inserimento, la promozione, il licenziamento, il richiamo, il trasferimento, l&#8217;aspettativa, la retribuzione e la formazione.<\/p>\n\t\t\t\t\t\t\t\t<\/div>\n\t\t\t\t<\/div>\n\t\t\t\t\t<\/div>\n\t\t<\/div>\n\t\t\t\t<div class=\"elementor-column elementor-col-50 elementor-inner-column elementor-element elementor-element-0134024\" data-id=\"0134024\" data-element_type=\"column\" data-e-type=\"column\">\n\t\t\t<div class=\"elementor-widget-wrap elementor-element-populated\">\n\t\t\t\t\t\t<div class=\"elementor-element elementor-element-1f3ad3e elementor-widget elementor-widget-heading\" data-id=\"1f3ad3e\" data-element_type=\"widget\" data-e-type=\"widget\" data-widget_type=\"heading.default\">\n\t\t\t\t<div class=\"elementor-widget-container\">\n\t\t\t\t\t<h2 class=\"elementor-heading-title elementor-size-default\">Convalida delle informazioni sull'occupazione<\/h2>\t\t\t\t<\/div>\n\t\t\t\t<\/div>\n\t\t\t\t<div class=\"elementor-element elementor-element-546b309 elementor-widget elementor-widget-text-editor\" data-id=\"546b309\" data-element_type=\"widget\" data-e-type=\"widget\" data-widget_type=\"text-editor.default\">\n\t\t\t\t<div class=\"elementor-widget-container\">\n\t\t\t\t\t\t\t\t\t<p>In caso di offerta di lavoro negli Stati Uniti, ai potenziali dipendenti di Amsted Industries verr\u00e0 chiesto di sottoporsi a un controllo antidroga, a una visita medica e a un controllo dei precedenti. Il controllo dei precedenti include la verifica dell&#8217;occupazione, un controllo dei precedenti penali e, se pertinente, la verifica che i titoli di studio siano stati conferiti da istituzioni accreditate e che le certificazioni professionali siano aggiornate. Al momento di presentarsi al lavoro, vengono richiesti un documento d&#8217;identit\u00e0 e un&#8217;autorizzazione legale al lavoro.   <\/p>\n\t\t\t\t\t\t\t\t<\/div>\n\t\t\t\t<\/div>\n\t\t\t\t\t<\/div>\n\t\t<\/div>\n\t\t\t\t\t<\/div>\n\t\t<\/section>\n\t\t\t\t\t<\/div>\n\t\t<\/div>\n\t\t\t\t\t<\/div>\n\t\t<\/section>\n\t\t\t\t<section class=\"elementor-section elementor-top-section elementor-element elementor-element-3fd8da1 elementor-section-boxed elementor-section-height-default elementor-section-height-default\" data-id=\"3fd8da1\" data-element_type=\"section\" data-e-type=\"section\" data-settings=\"{&quot;background_background&quot;:&quot;classic&quot;}\">\n\t\t\t\t\t\t<div class=\"elementor-container elementor-column-gap-default\">\n\t\t\t\t\t<div class=\"elementor-column elementor-col-100 elementor-top-column elementor-element elementor-element-1afbc88\" data-id=\"1afbc88\" data-element_type=\"column\" data-e-type=\"column\">\n\t\t\t<div class=\"elementor-widget-wrap elementor-element-populated\">\n\t\t\t\t\t\t<section class=\"elementor-section elementor-inner-section elementor-element elementor-element-04bbf64 main-content elementor-section-boxed elementor-section-height-default elementor-section-height-default\" data-id=\"04bbf64\" data-element_type=\"section\" data-e-type=\"section\">\n\t\t\t\t\t\t<div class=\"elementor-container elementor-column-gap-default\">\n\t\t\t\t\t<div class=\"elementor-column elementor-col-100 elementor-inner-column elementor-element elementor-element-36f0f45\" data-id=\"36f0f45\" data-element_type=\"column\" data-e-type=\"column\">\n\t\t\t<div class=\"elementor-widget-wrap elementor-element-populated\">\n\t\t\t\t\t\t<div class=\"elementor-element elementor-element-59c6f8d elementor-widget elementor-widget-heading\" data-id=\"59c6f8d\" data-element_type=\"widget\" data-e-type=\"widget\" data-widget_type=\"heading.default\">\n\t\t\t\t<div class=\"elementor-widget-container\">\n\t\t\t\t\t<h2 class=\"elementor-heading-title elementor-size-default\">Downloads<\/h2>\t\t\t\t<\/div>\n\t\t\t\t<\/div>\n\t\t\t\t<div class=\"elementor-element elementor-element-28bbc08 elementor-widget elementor-widget-text-editor\" data-id=\"28bbc08\" data-element_type=\"widget\" data-e-type=\"widget\" data-widget_type=\"text-editor.default\">\n\t\t\t\t<div class=\"elementor-widget-container\">\n\t\t\t\t\t\t\t\t\t<b>Utilizzate i link sottostanti per scaricare le brochure in formato PDF di ciascun articolo.<\/b>\n<p>\n<\/p><ul>\n \t<li><a href=\"https:\/\/www.amsted.com\/wp-content\/uploads\/2022\/10\/EEOC_KnowYourRights_Poster.pdf\" target=\"_blank\" rel=\"noopener\">Conosci i tuoi diritti<\/a><\/li>\n \t<li><a href=\"https:\/\/www.amsted.com\/wp-content\/uploads\/2022\/10\/EEOC_KnowYourRights_Poster_Spanish.pdf\" target=\"_blank\" rel=\"noopener\">Conosci i tuoi diritti (Espa\u00f1ol)<\/a><\/li>\n<\/ul>\n\t\t\t\t\t\t\t\t<\/div>\n\t\t\t\t<\/div>\n\t\t\t\t\t<\/div>\n\t\t<\/div>\n\t\t\t\t\t<\/div>\n\t\t<\/section>\n\t\t\t\t\t<\/div>\n\t\t<\/div>\n\t\t\t\t\t<\/div>\n\t\t<\/section>\n\t\t\t\t<section class=\"elementor-section elementor-top-section elementor-element elementor-element-a212bb5 elementor-section-boxed elementor-section-height-default elementor-section-height-default\" data-id=\"a212bb5\" data-element_type=\"section\" data-e-type=\"section\" data-settings=\"{&quot;background_background&quot;:&quot;classic&quot;}\">\n\t\t\t\t\t\t<div class=\"elementor-container elementor-column-gap-default\">\n\t\t\t\t\t<div class=\"elementor-column elementor-col-100 elementor-top-column elementor-element elementor-element-4d9134b\" data-id=\"4d9134b\" data-element_type=\"column\" data-e-type=\"column\">\n\t\t\t<div class=\"elementor-widget-wrap elementor-element-populated\">\n\t\t\t\t\t\t<div class=\"elementor-element elementor-element-a1b3369 elementor-widget elementor-widget-shortcode\" data-id=\"a1b3369\" data-element_type=\"widget\" data-e-type=\"widget\" data-widget_type=\"shortcode.default\">\n\t\t\t\t<div class=\"elementor-widget-container\">\n\t\t\t\t\t\t\t<div class=\"elementor-shortcode\"><\/div>\n\t\t\t\t\t\t<\/div>\n\t\t\t\t<\/div>\n\t\t\t\t\t<\/div>\n\t\t<\/div>\n\t\t\t\t\t<\/div>\n\t\t<\/section>\n\t\t\t\t<\/div>\n\t\t","protected":false},"excerpt":{"rendered":"<p>Conformit\u00e0\/Dichiarazioni EEO Dichiarazione EEO Amsted Industries \u00e8 un datore di lavoro che offre pari opportunit\u00e0. Amsted Industries offre pari opportunit\u00e0 di impiego (EEO) a tutti i dipendenti e ai candidati all&#8217;impiego senza tener conto di razza, colore, religione, sesso, orientamento sessuale, identit\u00e0 di genere, origine nazionale, et\u00e0, disabilit\u00e0, informazioni genetiche, stato civile, amnistia o status [&hellip;]<\/p>\n","protected":false},"author":1,"featured_media":0,"parent":5436,"menu_order":0,"comment_status":"closed","ping_status":"closed","template":"","meta":{"_acf_changed":false,"footnotes":""},"search-category":[18],"class_list":["post-6414","page","type-page","status-publish","hentry","search-category-careers"],"acf":[],"yoast_head":"<!-- This site is optimized with the Yoast SEO plugin v27.2 - https:\/\/yoast.com\/product\/yoast-seo-wordpress\/ -->\n<title>Conformit\u00e0\/Dichiarazioni EEO - Amsted Industries<\/title>\n<meta name=\"robots\" content=\"index, follow, max-snippet:-1, max-image-preview:large, max-video-preview:-1\" \/>\n<link rel=\"canonical\" href=\"https:\/\/www.amsted.com\/it\/carriere\/conformita-dichiarazioni-eeo\/\" \/>\n<meta property=\"og:locale\" content=\"it_IT\" \/>\n<meta property=\"og:type\" content=\"article\" \/>\n<meta property=\"og:title\" content=\"Conformit\u00e0\/Dichiarazioni EEO - Amsted Industries\" \/>\n<meta property=\"og:description\" content=\"Conformit\u00e0\/Dichiarazioni EEO Dichiarazione EEO Amsted Industries \u00e8 un datore di lavoro che offre pari opportunit\u00e0. Amsted Industries offre pari opportunit\u00e0 di impiego (EEO) a tutti i dipendenti e ai candidati all&#8217;impiego senza tener conto di razza, colore, religione, sesso, orientamento sessuale, identit\u00e0 di genere, origine nazionale, et\u00e0, disabilit\u00e0, informazioni genetiche, stato civile, amnistia o status [&hellip;]\" \/>\n<meta property=\"og:url\" content=\"https:\/\/www.amsted.com\/it\/carriere\/conformita-dichiarazioni-eeo\/\" \/>\n<meta property=\"og:site_name\" content=\"Amsted Industries\" \/>\n<meta property=\"article:modified_time\" content=\"2022-10-31T12:24:40+00:00\" \/>\n<meta name=\"twitter:card\" content=\"summary_large_image\" \/>\n<meta name=\"twitter:label1\" content=\"Est. reading time\" \/>\n\t<meta name=\"twitter:data1\" content=\"1 minute\" \/>\n<script type=\"application\/ld+json\" class=\"yoast-schema-graph\">{\"@context\":\"https:\/\/schema.org\",\"@graph\":[{\"@type\":\"WebPage\",\"@id\":\"https:\/\/www.amsted.com\/it\/carriere\/conformita-dichiarazioni-eeo\/\",\"url\":\"https:\/\/www.amsted.com\/it\/carriere\/conformita-dichiarazioni-eeo\/\",\"name\":\"Conformit\u00e0\/Dichiarazioni EEO - Amsted Industries\",\"isPartOf\":{\"@id\":\"https:\/\/www.amsted.com\/it\/#website\"},\"datePublished\":\"2022-06-02T02:36:25+00:00\",\"dateModified\":\"2022-10-31T12:24:40+00:00\",\"breadcrumb\":{\"@id\":\"https:\/\/www.amsted.com\/it\/carriere\/conformita-dichiarazioni-eeo\/#breadcrumb\"},\"inLanguage\":\"it-IT\",\"potentialAction\":[{\"@type\":\"ReadAction\",\"target\":[\"https:\/\/www.amsted.com\/it\/carriere\/conformita-dichiarazioni-eeo\/\"]}]},{\"@type\":\"BreadcrumbList\",\"@id\":\"https:\/\/www.amsted.com\/it\/carriere\/conformita-dichiarazioni-eeo\/#breadcrumb\",\"itemListElement\":[{\"@type\":\"ListItem\",\"position\":1,\"name\":\"Home\",\"item\":\"https:\/\/www.amsted.com\/it\/homepage\/\"},{\"@type\":\"ListItem\",\"position\":2,\"name\":\"Carriere\",\"item\":\"https:\/\/www.amsted.com\/it\/carriere\/\"},{\"@type\":\"ListItem\",\"position\":3,\"name\":\"Conformit\u00e0\/Dichiarazioni EEO\"}]},{\"@type\":\"WebSite\",\"@id\":\"https:\/\/www.amsted.com\/it\/#website\",\"url\":\"https:\/\/www.amsted.com\/it\/\",\"name\":\"Amsted Industries\",\"description\":\"Just another WordPress site\",\"potentialAction\":[{\"@type\":\"SearchAction\",\"target\":{\"@type\":\"EntryPoint\",\"urlTemplate\":\"https:\/\/www.amsted.com\/it\/?s={search_term_string}\"},\"query-input\":{\"@type\":\"PropertyValueSpecification\",\"valueRequired\":true,\"valueName\":\"search_term_string\"}}],\"inLanguage\":\"it-IT\"}]}<\/script>\n<!-- \/ Yoast SEO plugin. -->","yoast_head_json":{"title":"Conformit\u00e0\/Dichiarazioni EEO - Amsted Industries","robots":{"index":"index","follow":"follow","max-snippet":"max-snippet:-1","max-image-preview":"max-image-preview:large","max-video-preview":"max-video-preview:-1"},"canonical":"https:\/\/www.amsted.com\/it\/carriere\/conformita-dichiarazioni-eeo\/","og_locale":"it_IT","og_type":"article","og_title":"Conformit\u00e0\/Dichiarazioni EEO - Amsted Industries","og_description":"Conformit\u00e0\/Dichiarazioni EEO Dichiarazione EEO Amsted Industries \u00e8 un datore di lavoro che offre pari opportunit\u00e0. Amsted Industries offre pari opportunit\u00e0 di impiego (EEO) a tutti i dipendenti e ai candidati all&#8217;impiego senza tener conto di razza, colore, religione, sesso, orientamento sessuale, identit\u00e0 di genere, origine nazionale, et\u00e0, disabilit\u00e0, informazioni genetiche, stato civile, amnistia o status [&hellip;]","og_url":"https:\/\/www.amsted.com\/it\/carriere\/conformita-dichiarazioni-eeo\/","og_site_name":"Amsted Industries","article_modified_time":"2022-10-31T12:24:40+00:00","twitter_card":"summary_large_image","twitter_misc":{"Est. reading time":"1 minute"},"schema":{"@context":"https:\/\/schema.org","@graph":[{"@type":"WebPage","@id":"https:\/\/www.amsted.com\/it\/carriere\/conformita-dichiarazioni-eeo\/","url":"https:\/\/www.amsted.com\/it\/carriere\/conformita-dichiarazioni-eeo\/","name":"Conformit\u00e0\/Dichiarazioni EEO - Amsted Industries","isPartOf":{"@id":"https:\/\/www.amsted.com\/it\/#website"},"datePublished":"2022-06-02T02:36:25+00:00","dateModified":"2022-10-31T12:24:40+00:00","breadcrumb":{"@id":"https:\/\/www.amsted.com\/it\/carriere\/conformita-dichiarazioni-eeo\/#breadcrumb"},"inLanguage":"it-IT","potentialAction":[{"@type":"ReadAction","target":["https:\/\/www.amsted.com\/it\/carriere\/conformita-dichiarazioni-eeo\/"]}]},{"@type":"BreadcrumbList","@id":"https:\/\/www.amsted.com\/it\/carriere\/conformita-dichiarazioni-eeo\/#breadcrumb","itemListElement":[{"@type":"ListItem","position":1,"name":"Home","item":"https:\/\/www.amsted.com\/it\/homepage\/"},{"@type":"ListItem","position":2,"name":"Carriere","item":"https:\/\/www.amsted.com\/it\/carriere\/"},{"@type":"ListItem","position":3,"name":"Conformit\u00e0\/Dichiarazioni EEO"}]},{"@type":"WebSite","@id":"https:\/\/www.amsted.com\/it\/#website","url":"https:\/\/www.amsted.com\/it\/","name":"Amsted Industries","description":"Just another WordPress site","potentialAction":[{"@type":"SearchAction","target":{"@type":"EntryPoint","urlTemplate":"https:\/\/www.amsted.com\/it\/?s={search_term_string}"},"query-input":{"@type":"PropertyValueSpecification","valueRequired":true,"valueName":"search_term_string"}}],"inLanguage":"it-IT"}]}},"_links":{"self":[{"href":"https:\/\/www.amsted.com\/it\/wp-json\/wp\/v2\/pages\/6414","targetHints":{"allow":["GET"]}}],"collection":[{"href":"https:\/\/www.amsted.com\/it\/wp-json\/wp\/v2\/pages"}],"about":[{"href":"https:\/\/www.amsted.com\/it\/wp-json\/wp\/v2\/types\/page"}],"author":[{"embeddable":true,"href":"https:\/\/www.amsted.com\/it\/wp-json\/wp\/v2\/users\/1"}],"replies":[{"embeddable":true,"href":"https:\/\/www.amsted.com\/it\/wp-json\/wp\/v2\/comments?post=6414"}],"version-history":[{"count":3,"href":"https:\/\/www.amsted.com\/it\/wp-json\/wp\/v2\/pages\/6414\/revisions"}],"predecessor-version":[{"id":7405,"href":"https:\/\/www.amsted.com\/it\/wp-json\/wp\/v2\/pages\/6414\/revisions\/7405"}],"up":[{"embeddable":true,"href":"https:\/\/www.amsted.com\/it\/wp-json\/wp\/v2\/pages\/5436"}],"wp:attachment":[{"href":"https:\/\/www.amsted.com\/it\/wp-json\/wp\/v2\/media?parent=6414"}],"wp:term":[{"taxonomy":"search-category","embeddable":true,"href":"https:\/\/www.amsted.com\/it\/wp-json\/wp\/v2\/search-category?post=6414"}],"curies":[{"name":"wp","href":"https:\/\/api.w.org\/{rel}","templated":true}]}}