{"id":5652,"date":"2022-06-02T02:36:00","date_gmt":"2022-06-02T02:36:00","guid":{"rendered":"https:\/\/live-amsted-industries.pantheonsite.io\/carriere\/tirocinio\/"},"modified":"2022-09-15T19:14:39","modified_gmt":"2022-09-15T19:14:39","slug":"tirocinio","status":"publish","type":"page","link":"https:\/\/www.amsted.com\/it\/carriere\/tirocinio\/","title":{"rendered":"Tirocinio"},"content":{"rendered":"\t\t<div data-elementor-type=\"wp-page\" data-elementor-id=\"5652\" class=\"elementor elementor-5652 elementor-212\" data-elementor-post-type=\"page\">\n\t\t\t\t\t\t<section class=\"elementor-section elementor-top-section elementor-element elementor-element-b0d9b4c elementor-section-boxed elementor-section-height-default elementor-section-height-default\" data-id=\"b0d9b4c\" data-element_type=\"section\" data-e-type=\"section\">\n\t\t\t\t\t\t<div class=\"elementor-container elementor-column-gap-default\">\n\t\t\t\t\t<div class=\"elementor-column elementor-col-100 elementor-top-column elementor-element elementor-element-4a2fd0c\" data-id=\"4a2fd0c\" data-element_type=\"column\" data-e-type=\"column\">\n\t\t\t<div class=\"elementor-widget-wrap elementor-element-populated\">\n\t\t\t\t\t\t<section class=\"elementor-section elementor-inner-section elementor-element elementor-element-7422511 elementor-section-boxed elementor-section-height-default elementor-section-height-default\" data-id=\"7422511\" data-element_type=\"section\" data-e-type=\"section\" data-settings=\"{&quot;background_background&quot;:&quot;video&quot;}\">\n\t\t\t\t\t\t<div class=\"elementor-container elementor-column-gap-default\">\n\t\t\t\t\t<div class=\"elementor-column elementor-col-100 elementor-inner-column elementor-element elementor-element-60199eb\" data-id=\"60199eb\" data-element_type=\"column\" data-e-type=\"column\">\n\t\t\t<div class=\"elementor-widget-wrap elementor-element-populated\">\n\t\t\t\t\t\t<div class=\"elementor-element elementor-element-a59d176 elementor-widget elementor-widget-heading\" data-id=\"a59d176\" data-element_type=\"widget\" data-e-type=\"widget\" data-widget_type=\"heading.default\">\n\t\t\t\t<div class=\"elementor-widget-container\">\n\t\t\t\t\t<h1 class=\"elementor-heading-title elementor-size-default\">Tirocinio<\/h1>\t\t\t\t<\/div>\n\t\t\t\t<\/div>\n\t\t\t\t\t<\/div>\n\t\t<\/div>\n\t\t\t\t\t<\/div>\n\t\t<\/section>\n\t\t\t\t\t<\/div>\n\t\t<\/div>\n\t\t\t\t\t<\/div>\n\t\t<\/section>\n\t\t\t\t<section class=\"elementor-section elementor-top-section elementor-element elementor-element-e4fc83f elementor-section-boxed elementor-section-height-default elementor-section-height-default\" data-id=\"e4fc83f\" data-element_type=\"section\" data-e-type=\"section\" data-settings=\"{&quot;background_background&quot;:&quot;classic&quot;}\">\n\t\t\t\t\t\t<div class=\"elementor-container elementor-column-gap-default\">\n\t\t\t\t\t<div class=\"elementor-column elementor-col-100 elementor-top-column elementor-element elementor-element-0e75b66\" data-id=\"0e75b66\" data-element_type=\"column\" data-e-type=\"column\">\n\t\t\t<div class=\"elementor-widget-wrap elementor-element-populated\">\n\t\t\t\t\t\t<section class=\"elementor-section elementor-inner-section elementor-element elementor-element-2921078 main-content elementor-section-boxed elementor-section-height-default elementor-section-height-default\" data-id=\"2921078\" data-element_type=\"section\" data-e-type=\"section\">\n\t\t\t\t\t\t<div class=\"elementor-container elementor-column-gap-default\">\n\t\t\t\t\t<div class=\"elementor-column elementor-col-50 elementor-inner-column elementor-element elementor-element-ca9289d\" data-id=\"ca9289d\" data-element_type=\"column\" data-e-type=\"column\">\n\t\t\t<div class=\"elementor-widget-wrap elementor-element-populated\">\n\t\t\t\t\t\t<div class=\"elementor-element elementor-element-4aa372e elementor-widget elementor-widget-heading\" data-id=\"4aa372e\" data-element_type=\"widget\" data-e-type=\"widget\" data-widget_type=\"heading.default\">\n\t\t\t\t<div class=\"elementor-widget-container\">\n\t\t\t\t\t<h2 class=\"elementor-heading-title elementor-size-default\">Innovatori di persone e prodotti<\/h2>\t\t\t\t<\/div>\n\t\t\t\t<\/div>\n\t\t\t\t<div class=\"elementor-element elementor-element-34f5afa elementor-widget elementor-widget-text-editor\" data-id=\"34f5afa\" data-element_type=\"widget\" data-e-type=\"widget\" data-widget_type=\"text-editor.default\">\n\t\t\t\t<div class=\"elementor-widget-container\">\n\t\t\t\t\t\t\t\t\t<p>Avete il desiderio e la capacit\u00e0 di essere creativi e innovativi? Siete alla ricerca di un&#8217;organizzazione che sostenga e coltivi questa capacit\u00e0? Promuovere e sostenere una cultura innovativa \u00e8 una priorit\u00e0 per Amsted. Per continuare a innovare all&#8217;interno della nostra organizzazione, dobbiamo costruire una cultura che abbracci la creativit\u00e0 a tutti i livelli.<\/p>\n\t\t\t\t\t\t\t\t<\/div>\n\t\t\t\t<\/div>\n\t\t\t\t\t<\/div>\n\t\t<\/div>\n\t\t\t\t<div class=\"elementor-column elementor-col-50 elementor-inner-column elementor-element elementor-element-144805d\" data-id=\"144805d\" data-element_type=\"column\" data-e-type=\"column\">\n\t\t\t<div class=\"elementor-widget-wrap elementor-element-populated\">\n\t\t\t\t\t\t<div class=\"elementor-element elementor-element-0db5be5 elementor-widget elementor-widget-image\" data-id=\"0db5be5\" data-element_type=\"widget\" data-e-type=\"widget\" data-widget_type=\"image.default\">\n\t\t\t\t<div class=\"elementor-widget-container\">\n\t\t\t\t\t\t\t\t\t\t\t\t\t\t\t<img fetchpriority=\"high\" decoding=\"async\" width=\"800\" height=\"534\" src=\"https:\/\/www.amsted.com\/wp-content\/uploads\/2022\/08\/bac-internship-1024x683.jpg\" class=\"attachment-large size-large wp-image-2961\" alt=\"\" srcset=\"https:\/\/www.amsted.com\/wp-content\/uploads\/2022\/08\/bac-internship-1024x683.jpg 1024w, https:\/\/www.amsted.com\/wp-content\/uploads\/2022\/08\/bac-internship-300x200.jpg 300w, https:\/\/www.amsted.com\/wp-content\/uploads\/2022\/08\/bac-internship-768x512.jpg 768w, https:\/\/www.amsted.com\/wp-content\/uploads\/2022\/08\/bac-internship.jpg 1200w\" sizes=\"(max-width: 800px) 100vw, 800px\" \/>\t\t\t\t\t\t\t\t\t\t\t\t\t\t\t<\/div>\n\t\t\t\t<\/div>\n\t\t\t\t\t<\/div>\n\t\t<\/div>\n\t\t\t\t\t<\/div>\n\t\t<\/section>\n\t\t\t\t\t<\/div>\n\t\t<\/div>\n\t\t\t\t\t<\/div>\n\t\t<\/section>\n\t\t\t\t<section class=\"elementor-section elementor-top-section elementor-element elementor-element-d516888 elementor-section-full_width elementor-section-height-min-height elementor-section-height-default elementor-section-items-middle\" data-id=\"d516888\" data-element_type=\"section\" data-e-type=\"section\" data-settings=\"{&quot;background_background&quot;:&quot;classic&quot;}\">\n\t\t\t\t\t\t\t<div class=\"elementor-background-overlay\"><\/div>\n\t\t\t\t\t\t\t<div class=\"elementor-container elementor-column-gap-default\">\n\t\t\t\t\t<div class=\"elementor-column elementor-col-100 elementor-top-column elementor-element elementor-element-6d8d537\" data-id=\"6d8d537\" data-element_type=\"column\" data-e-type=\"column\">\n\t\t\t<div class=\"elementor-widget-wrap elementor-element-populated\">\n\t\t\t\t\t\t<section class=\"elementor-section elementor-inner-section elementor-element elementor-element-922d265 main-content elementor-section-boxed elementor-section-height-default elementor-section-height-default\" data-id=\"922d265\" data-element_type=\"section\" data-e-type=\"section\">\n\t\t\t\t\t\t<div class=\"elementor-container elementor-column-gap-default\">\n\t\t\t\t\t<div class=\"elementor-column elementor-col-50 elementor-inner-column elementor-element elementor-element-d724e85\" data-id=\"d724e85\" data-element_type=\"column\" data-e-type=\"column\">\n\t\t\t<div class=\"elementor-widget-wrap elementor-element-populated\">\n\t\t\t\t\t\t<div class=\"elementor-element elementor-element-8e4e9f9 elementor-widget elementor-widget-heading\" data-id=\"8e4e9f9\" data-element_type=\"widget\" data-e-type=\"widget\" data-widget_type=\"heading.default\">\n\t\t\t\t<div class=\"elementor-widget-container\">\n\t\t\t\t\t<h2 class=\"elementor-heading-title elementor-size-default\">Tirocini aziendali<\/h2>\t\t\t\t<\/div>\n\t\t\t\t<\/div>\n\t\t\t\t<div class=\"elementor-element elementor-element-fad10d4 elementor-widget elementor-widget-text-editor\" data-id=\"fad10d4\" data-element_type=\"widget\" data-e-type=\"widget\" data-widget_type=\"text-editor.default\">\n\t\t\t\t<div class=\"elementor-widget-container\">\n\t\t\t\t\t\t\t\t\t<p>Un tirocinio \u00e8 un modo grandioso per iniziare una carriera ed essere sicuri di intraprendere il percorso professionale giusto. Amsted Industries offre agli studenti universitari tirocini nei settori delle risorse umane, della contabilit\u00e0 e delle finanze. Potrete apprendere in prima persona dai professionisti del settore e immergervi nelle sfide del mondo reale.<\/p>\n\t\t\t\t\t\t\t\t<\/div>\n\t\t\t\t<\/div>\n\t\t\t\t\t<\/div>\n\t\t<\/div>\n\t\t\t\t<div class=\"elementor-column elementor-col-50 elementor-inner-column elementor-element elementor-element-7962841\" data-id=\"7962841\" data-element_type=\"column\" data-e-type=\"column\">\n\t\t\t<div class=\"elementor-widget-wrap\">\n\t\t\t\t\t\t\t<\/div>\n\t\t<\/div>\n\t\t\t\t\t<\/div>\n\t\t<\/section>\n\t\t\t\t\t<\/div>\n\t\t<\/div>\n\t\t\t\t\t<\/div>\n\t\t<\/section>\n\t\t\t\t<section class=\"elementor-section elementor-top-section elementor-element elementor-element-30d31ae elementor-section-full_width elementor-section-height-default elementor-section-height-default\" data-id=\"30d31ae\" data-element_type=\"section\" data-e-type=\"section\" data-settings=\"{&quot;background_background&quot;:&quot;classic&quot;}\">\n\t\t\t\t\t\t<div class=\"elementor-container elementor-column-gap-default\">\n\t\t\t\t\t<div class=\"elementor-column elementor-col-100 elementor-top-column elementor-element elementor-element-07b2a2f\" data-id=\"07b2a2f\" data-element_type=\"column\" data-e-type=\"column\">\n\t\t\t<div class=\"elementor-widget-wrap elementor-element-populated\">\n\t\t\t\t\t\t<section class=\"elementor-section elementor-inner-section elementor-element elementor-element-686b9cb main-content elementor-section-boxed elementor-section-height-default elementor-section-height-default\" data-id=\"686b9cb\" data-element_type=\"section\" data-e-type=\"section\">\n\t\t\t\t\t\t<div class=\"elementor-container elementor-column-gap-default\">\n\t\t\t\t\t<div class=\"elementor-column elementor-col-50 elementor-inner-column elementor-element elementor-element-528f687\" data-id=\"528f687\" data-element_type=\"column\" data-e-type=\"column\">\n\t\t\t<div class=\"elementor-widget-wrap elementor-element-populated\">\n\t\t\t\t\t\t<div class=\"elementor-element elementor-element-f96065c elementor-widget elementor-widget-heading\" data-id=\"f96065c\" data-element_type=\"widget\" data-e-type=\"widget\" data-widget_type=\"heading.default\">\n\t\t\t\t<div class=\"elementor-widget-container\">\n\t\t\t\t\t<h2 class=\"elementor-heading-title elementor-size-default\">Tirocinio delle unit\u00e0 di business<\/h2>\t\t\t\t<\/div>\n\t\t\t\t<\/div>\n\t\t\t\t<div class=\"elementor-element elementor-element-eea7a5e elementor-widget elementor-widget-text-editor\" data-id=\"eea7a5e\" data-element_type=\"widget\" data-e-type=\"widget\" data-widget_type=\"text-editor.default\">\n\t\t\t\t<div class=\"elementor-widget-container\">\n\t\t\t\t\t\t\t\t\t<p>Ciascuna delle nostre attivit\u00e0 gode di posizioni di leadership sul mercato grazie a un approccio unico nel promuovere la crescita e lo sviluppo del nostro personale. Sono disponibili opportunit\u00e0 di tirocinio in Ingegneria meccanica ed elettrica, Ingegneria dei sistemi industriali, Global Supply Chain e Scienza dei materiali, Miglioramento continuo e Project Management e altro ancora. Sfogliate le nostre attivit\u00e0 per vedere quale vi entusiasma di pi\u00f9 e date il via alla vostra carriera oggi stesso.<\/p>\n\t\t\t\t\t\t\t\t<\/div>\n\t\t\t\t<\/div>\n\t\t\t\t\t<\/div>\n\t\t<\/div>\n\t\t\t\t<div class=\"elementor-column elementor-col-50 elementor-inner-column elementor-element elementor-element-f633d4a\" data-id=\"f633d4a\" data-element_type=\"column\" data-e-type=\"column\">\n\t\t\t<div class=\"elementor-widget-wrap elementor-element-populated\">\n\t\t\t\t\t\t<div class=\"elementor-element elementor-element-6d77aa6 elementor-widget elementor-widget-image\" data-id=\"6d77aa6\" data-element_type=\"widget\" data-e-type=\"widget\" data-widget_type=\"image.default\">\n\t\t\t\t<div class=\"elementor-widget-container\">\n\t\t\t\t\t\t\t\t\t\t\t\t\t\t\t<img decoding=\"async\" width=\"800\" height=\"470\" src=\"https:\/\/www.amsted.com\/wp-content\/uploads\/2022\/06\/ai-bu-logos-1024x602.png\" class=\"attachment-large size-large wp-image-1644\" alt=\"\" srcset=\"https:\/\/www.amsted.com\/wp-content\/uploads\/2022\/06\/ai-bu-logos-1024x602.png 1024w, https:\/\/www.amsted.com\/wp-content\/uploads\/2022\/06\/ai-bu-logos-300x176.png 300w, https:\/\/www.amsted.com\/wp-content\/uploads\/2022\/06\/ai-bu-logos-768x452.png 768w, https:\/\/www.amsted.com\/wp-content\/uploads\/2022\/06\/ai-bu-logos.png 1285w\" sizes=\"(max-width: 800px) 100vw, 800px\" \/>\t\t\t\t\t\t\t\t\t\t\t\t\t\t\t<\/div>\n\t\t\t\t<\/div>\n\t\t\t\t\t<\/div>\n\t\t<\/div>\n\t\t\t\t\t<\/div>\n\t\t<\/section>\n\t\t\t\t\t<\/div>\n\t\t<\/div>\n\t\t\t\t\t<\/div>\n\t\t<\/section>\n\t\t\t\t<section class=\"elementor-section elementor-top-section elementor-element elementor-element-a226bb2 elementor-section-boxed elementor-section-height-default elementor-section-height-default\" data-id=\"a226bb2\" data-element_type=\"section\" data-e-type=\"section\" data-settings=\"{&quot;background_background&quot;:&quot;classic&quot;}\">\n\t\t\t\t\t\t<div class=\"elementor-container elementor-column-gap-default\">\n\t\t\t\t\t<div class=\"elementor-column elementor-col-100 elementor-top-column elementor-element elementor-element-1097ae7\" data-id=\"1097ae7\" data-element_type=\"column\" data-e-type=\"column\">\n\t\t\t<div class=\"elementor-widget-wrap elementor-element-populated\">\n\t\t\t\t\t\t<div class=\"elementor-element elementor-element-6db51db elementor-widget elementor-widget-shortcode\" data-id=\"6db51db\" data-element_type=\"widget\" data-e-type=\"widget\" data-widget_type=\"shortcode.default\">\n\t\t\t\t<div class=\"elementor-widget-container\">\n\t\t\t\t\t\t\t<div class=\"elementor-shortcode\"><\/div>\n\t\t\t\t\t\t<\/div>\n\t\t\t\t<\/div>\n\t\t\t\t\t<\/div>\n\t\t<\/div>\n\t\t\t\t\t<\/div>\n\t\t<\/section>\n\t\t\t\t<\/div>\n\t\t","protected":false},"excerpt":{"rendered":"<p>Tirocinio Innovatori di persone e prodotti Avete il desiderio e la capacit\u00e0 di essere creativi e innovativi? Siete alla ricerca di un&#8217;organizzazione che sostenga e coltivi questa capacit\u00e0? Promuovere e sostenere una cultura innovativa \u00e8 una priorit\u00e0 per Amsted. Per continuare a innovare all&#8217;interno della nostra organizzazione, dobbiamo costruire una cultura che abbracci la creativit\u00e0 [&hellip;]<\/p>\n","protected":false},"author":1,"featured_media":0,"parent":5436,"menu_order":0,"comment_status":"closed","ping_status":"closed","template":"","meta":{"_acf_changed":false,"footnotes":""},"search-category":[18],"class_list":["post-5652","page","type-page","status-publish","hentry","search-category-careers"],"acf":[],"yoast_head":"<!-- This site is optimized with the Yoast SEO plugin v27.2 - https:\/\/yoast.com\/product\/yoast-seo-wordpress\/ -->\n<title>Tirocinio - Amsted Industries<\/title>\n<meta name=\"robots\" content=\"index, follow, max-snippet:-1, max-image-preview:large, max-video-preview:-1\" \/>\n<link rel=\"canonical\" href=\"https:\/\/www.amsted.com\/it\/carriere\/tirocinio\/\" \/>\n<meta property=\"og:locale\" content=\"it_IT\" \/>\n<meta property=\"og:type\" content=\"article\" \/>\n<meta property=\"og:title\" content=\"Tirocinio - Amsted Industries\" \/>\n<meta property=\"og:description\" content=\"Tirocinio Innovatori di persone e prodotti Avete il desiderio e la capacit\u00e0 di essere creativi e innovativi? Siete alla ricerca di un&#8217;organizzazione che sostenga e coltivi questa capacit\u00e0? Promuovere e sostenere una cultura innovativa \u00e8 una priorit\u00e0 per Amsted. Per continuare a innovare all&#8217;interno della nostra organizzazione, dobbiamo costruire una cultura che abbracci la creativit\u00e0 [&hellip;]\" \/>\n<meta property=\"og:url\" content=\"https:\/\/www.amsted.com\/it\/carriere\/tirocinio\/\" \/>\n<meta property=\"og:site_name\" content=\"Amsted Industries\" \/>\n<meta property=\"article:modified_time\" content=\"2022-09-15T19:14:39+00:00\" \/>\n<meta property=\"og:image\" content=\"https:\/\/live-amsted-industries.pantheonsite.io\/wp-content\/uploads\/2022\/08\/bac-internship-1024x683.jpg\" \/>\n<meta name=\"twitter:card\" content=\"summary_large_image\" \/>\n<meta name=\"twitter:label1\" content=\"Est. reading time\" \/>\n\t<meta name=\"twitter:data1\" content=\"1 minute\" \/>\n<script type=\"application\/ld+json\" class=\"yoast-schema-graph\">{\"@context\":\"https:\/\/schema.org\",\"@graph\":[{\"@type\":\"WebPage\",\"@id\":\"https:\/\/www.amsted.com\/it\/carriere\/tirocinio\/\",\"url\":\"https:\/\/www.amsted.com\/it\/carriere\/tirocinio\/\",\"name\":\"Tirocinio - Amsted Industries\",\"isPartOf\":{\"@id\":\"https:\/\/www.amsted.com\/it\/#website\"},\"primaryImageOfPage\":{\"@id\":\"https:\/\/www.amsted.com\/it\/carriere\/tirocinio\/#primaryimage\"},\"image\":{\"@id\":\"https:\/\/www.amsted.com\/it\/carriere\/tirocinio\/#primaryimage\"},\"thumbnailUrl\":\"https:\/\/live-amsted-industries.pantheonsite.io\/wp-content\/uploads\/2022\/08\/bac-internship-1024x683.jpg\",\"datePublished\":\"2022-06-02T02:36:00+00:00\",\"dateModified\":\"2022-09-15T19:14:39+00:00\",\"breadcrumb\":{\"@id\":\"https:\/\/www.amsted.com\/it\/carriere\/tirocinio\/#breadcrumb\"},\"inLanguage\":\"it-IT\",\"potentialAction\":[{\"@type\":\"ReadAction\",\"target\":[\"https:\/\/www.amsted.com\/it\/carriere\/tirocinio\/\"]}]},{\"@type\":\"ImageObject\",\"inLanguage\":\"it-IT\",\"@id\":\"https:\/\/www.amsted.com\/it\/carriere\/tirocinio\/#primaryimage\",\"url\":\"https:\/\/live-amsted-industries.pantheonsite.io\/wp-content\/uploads\/2022\/08\/bac-internship-1024x683.jpg\",\"contentUrl\":\"https:\/\/live-amsted-industries.pantheonsite.io\/wp-content\/uploads\/2022\/08\/bac-internship-1024x683.jpg\"},{\"@type\":\"BreadcrumbList\",\"@id\":\"https:\/\/www.amsted.com\/it\/carriere\/tirocinio\/#breadcrumb\",\"itemListElement\":[{\"@type\":\"ListItem\",\"position\":1,\"name\":\"Home\",\"item\":\"https:\/\/www.amsted.com\/it\/homepage\/\"},{\"@type\":\"ListItem\",\"position\":2,\"name\":\"Carriere\",\"item\":\"https:\/\/www.amsted.com\/it\/carriere\/\"},{\"@type\":\"ListItem\",\"position\":3,\"name\":\"Tirocinio\"}]},{\"@type\":\"WebSite\",\"@id\":\"https:\/\/www.amsted.com\/it\/#website\",\"url\":\"https:\/\/www.amsted.com\/it\/\",\"name\":\"Amsted Industries\",\"description\":\"Just another WordPress site\",\"potentialAction\":[{\"@type\":\"SearchAction\",\"target\":{\"@type\":\"EntryPoint\",\"urlTemplate\":\"https:\/\/www.amsted.com\/it\/?s={search_term_string}\"},\"query-input\":{\"@type\":\"PropertyValueSpecification\",\"valueRequired\":true,\"valueName\":\"search_term_string\"}}],\"inLanguage\":\"it-IT\"}]}<\/script>\n<!-- \/ Yoast SEO plugin. -->","yoast_head_json":{"title":"Tirocinio - Amsted Industries","robots":{"index":"index","follow":"follow","max-snippet":"max-snippet:-1","max-image-preview":"max-image-preview:large","max-video-preview":"max-video-preview:-1"},"canonical":"https:\/\/www.amsted.com\/it\/carriere\/tirocinio\/","og_locale":"it_IT","og_type":"article","og_title":"Tirocinio - Amsted Industries","og_description":"Tirocinio Innovatori di persone e prodotti Avete il desiderio e la capacit\u00e0 di essere creativi e innovativi? Siete alla ricerca di un&#8217;organizzazione che sostenga e coltivi questa capacit\u00e0? Promuovere e sostenere una cultura innovativa \u00e8 una priorit\u00e0 per Amsted. Per continuare a innovare all&#8217;interno della nostra organizzazione, dobbiamo costruire una cultura che abbracci la creativit\u00e0 [&hellip;]","og_url":"https:\/\/www.amsted.com\/it\/carriere\/tirocinio\/","og_site_name":"Amsted Industries","article_modified_time":"2022-09-15T19:14:39+00:00","og_image":[{"url":"https:\/\/live-amsted-industries.pantheonsite.io\/wp-content\/uploads\/2022\/08\/bac-internship-1024x683.jpg","type":"","width":"","height":""}],"twitter_card":"summary_large_image","twitter_misc":{"Est. reading time":"1 minute"},"schema":{"@context":"https:\/\/schema.org","@graph":[{"@type":"WebPage","@id":"https:\/\/www.amsted.com\/it\/carriere\/tirocinio\/","url":"https:\/\/www.amsted.com\/it\/carriere\/tirocinio\/","name":"Tirocinio - Amsted Industries","isPartOf":{"@id":"https:\/\/www.amsted.com\/it\/#website"},"primaryImageOfPage":{"@id":"https:\/\/www.amsted.com\/it\/carriere\/tirocinio\/#primaryimage"},"image":{"@id":"https:\/\/www.amsted.com\/it\/carriere\/tirocinio\/#primaryimage"},"thumbnailUrl":"https:\/\/live-amsted-industries.pantheonsite.io\/wp-content\/uploads\/2022\/08\/bac-internship-1024x683.jpg","datePublished":"2022-06-02T02:36:00+00:00","dateModified":"2022-09-15T19:14:39+00:00","breadcrumb":{"@id":"https:\/\/www.amsted.com\/it\/carriere\/tirocinio\/#breadcrumb"},"inLanguage":"it-IT","potentialAction":[{"@type":"ReadAction","target":["https:\/\/www.amsted.com\/it\/carriere\/tirocinio\/"]}]},{"@type":"ImageObject","inLanguage":"it-IT","@id":"https:\/\/www.amsted.com\/it\/carriere\/tirocinio\/#primaryimage","url":"https:\/\/live-amsted-industries.pantheonsite.io\/wp-content\/uploads\/2022\/08\/bac-internship-1024x683.jpg","contentUrl":"https:\/\/live-amsted-industries.pantheonsite.io\/wp-content\/uploads\/2022\/08\/bac-internship-1024x683.jpg"},{"@type":"BreadcrumbList","@id":"https:\/\/www.amsted.com\/it\/carriere\/tirocinio\/#breadcrumb","itemListElement":[{"@type":"ListItem","position":1,"name":"Home","item":"https:\/\/www.amsted.com\/it\/homepage\/"},{"@type":"ListItem","position":2,"name":"Carriere","item":"https:\/\/www.amsted.com\/it\/carriere\/"},{"@type":"ListItem","position":3,"name":"Tirocinio"}]},{"@type":"WebSite","@id":"https:\/\/www.amsted.com\/it\/#website","url":"https:\/\/www.amsted.com\/it\/","name":"Amsted Industries","description":"Just another WordPress site","potentialAction":[{"@type":"SearchAction","target":{"@type":"EntryPoint","urlTemplate":"https:\/\/www.amsted.com\/it\/?s={search_term_string}"},"query-input":{"@type":"PropertyValueSpecification","valueRequired":true,"valueName":"search_term_string"}}],"inLanguage":"it-IT"}]}},"_links":{"self":[{"href":"https:\/\/www.amsted.com\/it\/wp-json\/wp\/v2\/pages\/5652","targetHints":{"allow":["GET"]}}],"collection":[{"href":"https:\/\/www.amsted.com\/it\/wp-json\/wp\/v2\/pages"}],"about":[{"href":"https:\/\/www.amsted.com\/it\/wp-json\/wp\/v2\/types\/page"}],"author":[{"embeddable":true,"href":"https:\/\/www.amsted.com\/it\/wp-json\/wp\/v2\/users\/1"}],"replies":[{"embeddable":true,"href":"https:\/\/www.amsted.com\/it\/wp-json\/wp\/v2\/comments?post=5652"}],"version-history":[{"count":1,"href":"https:\/\/www.amsted.com\/it\/wp-json\/wp\/v2\/pages\/5652\/revisions"}],"predecessor-version":[{"id":5653,"href":"https:\/\/www.amsted.com\/it\/wp-json\/wp\/v2\/pages\/5652\/revisions\/5653"}],"up":[{"embeddable":true,"href":"https:\/\/www.amsted.com\/it\/wp-json\/wp\/v2\/pages\/5436"}],"wp:attachment":[{"href":"https:\/\/www.amsted.com\/it\/wp-json\/wp\/v2\/media?parent=5652"}],"wp:term":[{"taxonomy":"search-category","embeddable":true,"href":"https:\/\/www.amsted.com\/it\/wp-json\/wp\/v2\/search-category?post=5652"}],"curies":[{"name":"wp","href":"https:\/\/api.w.org\/{rel}","templated":true}]}}