{"id":5498,"date":"2022-06-13T22:39:06","date_gmt":"2022-06-13T22:39:06","guid":{"rendered":"https:\/\/live-amsted-industries.pantheonsite.io\/chi-siamo\/team-di-leadership\/marilyn-d-franson\/"},"modified":"2022-09-15T17:26:23","modified_gmt":"2022-09-15T17:26:23","slug":"marilyn-d-franson","status":"publish","type":"page","link":"https:\/\/www.amsted.com\/it\/chi-siamo\/team-di-leadership\/marilyn-d-franson\/","title":{"rendered":"Marilyn D. Franson"},"content":{"rendered":"\t\t<div data-elementor-type=\"wp-page\" data-elementor-id=\"5498\" class=\"elementor elementor-5498 elementor-1255\" data-elementor-post-type=\"page\">\n\t\t\t\t\t\t<section class=\"elementor-section elementor-top-section elementor-element elementor-element-7a050669 elementor-section-full_width elementor-section-height-default elementor-section-height-default\" data-id=\"7a050669\" data-element_type=\"section\" data-e-type=\"section\">\n\t\t\t\t\t\t<div class=\"elementor-container elementor-column-gap-default\">\n\t\t\t\t\t<div class=\"elementor-column elementor-col-100 elementor-top-column elementor-element elementor-element-5c17208\" data-id=\"5c17208\" data-element_type=\"column\" data-e-type=\"column\">\n\t\t\t<div class=\"elementor-widget-wrap elementor-element-populated\">\n\t\t\t\t\t\t<section class=\"elementor-section elementor-inner-section elementor-element elementor-element-6ebb646b elementor-reverse-mobile elementor-section-boxed elementor-section-height-default elementor-section-height-default\" data-id=\"6ebb646b\" data-element_type=\"section\" data-e-type=\"section\" data-settings=\"{&quot;background_background&quot;:&quot;video&quot;}\">\n\t\t\t\t\t\t<div class=\"elementor-container elementor-column-gap-default\">\n\t\t\t\t\t<div class=\"elementor-column elementor-col-50 elementor-inner-column elementor-element elementor-element-331dce95\" data-id=\"331dce95\" data-element_type=\"column\" data-e-type=\"column\">\n\t\t\t<div class=\"elementor-widget-wrap elementor-element-populated\">\n\t\t\t\t\t\t<div class=\"elementor-element elementor-element-4bb1286b elementor-widget elementor-widget-heading\" data-id=\"4bb1286b\" data-element_type=\"widget\" data-e-type=\"widget\" data-widget_type=\"heading.default\">\n\t\t\t\t<div class=\"elementor-widget-container\">\n\t\t\t\t\t<h1 class=\"elementor-heading-title elementor-size-default\">Marilyn D. Franson<\/h1>\t\t\t\t<\/div>\n\t\t\t\t<\/div>\n\t\t\t\t<div class=\"elementor-element elementor-element-66c904d6 elementor-widget elementor-widget-text-editor\" data-id=\"66c904d6\" data-element_type=\"widget\" data-e-type=\"widget\" data-widget_type=\"text-editor.default\">\n\t\t\t\t<div class=\"elementor-widget-container\">\n\t\t\t\t\t\t\t\t\t<p><strong>Vicepresidente e Consulente Fiscale Senior<\/strong><\/p>\n\t\t\t\t\t\t\t\t<\/div>\n\t\t\t\t<\/div>\n\t\t\t\t<div class=\"elementor-element elementor-element-4713c190 elementor-widget elementor-widget-text-editor\" data-id=\"4713c190\" data-element_type=\"widget\" data-e-type=\"widget\" data-widget_type=\"text-editor.default\">\n\t\t\t\t<div class=\"elementor-widget-container\">\n\t\t\t\t\t\t\t\t\t<p>Marilyn Franson \u00e8 vicepresidente e consulente fiscale senior presso Amsted Industries. La sig.ra Franson \u00e8 entrata in Amsted nel 1999 come assistente del controllore fiscale. Prima di entrare in Amsted, Franson \u00e8 stata partner dello studio legale Hopkins &amp; Sutter (ora Foley &amp; Lardner) di Chicago, dove ha praticato il diritto tributario dal 1986 al 1999. In precedenza, Franson \u00e8 stata consulente fiscale per Ernst &amp; Young e controllore di una societ\u00e0 di forniture petrolifere offshore. Ha conseguito una laurea in contabilit\u00e0 e finanza, summa cum laude, presso la Loyola University e un dottorato di ricerca cum laude presso la Northwestern University School of Law. \u00c8 anche un agente contabile pubblico certificato.<\/p>\n\t\t\t\t\t\t\t\t<\/div>\n\t\t\t\t<\/div>\n\t\t\t\t\t<\/div>\n\t\t<\/div>\n\t\t\t\t<div class=\"elementor-column elementor-col-50 elementor-inner-column elementor-element elementor-element-2dd2711\" data-id=\"2dd2711\" data-element_type=\"column\" data-e-type=\"column\">\n\t\t\t<div class=\"elementor-widget-wrap elementor-element-populated\">\n\t\t\t\t\t\t<div class=\"elementor-element elementor-element-7b7bb34e elementor-widget elementor-widget-image\" data-id=\"7b7bb34e\" data-element_type=\"widget\" data-e-type=\"widget\" data-widget_type=\"image.default\">\n\t\t\t\t<div class=\"elementor-widget-container\">\n\t\t\t\t\t\t\t\t\t\t\t\t\t\t\t<img fetchpriority=\"high\" decoding=\"async\" width=\"738\" height=\"946\" src=\"https:\/\/www.amsted.com\/wp-content\/uploads\/2022\/06\/marilyn-franson.jpg\" class=\"attachment-full size-full wp-image-677\" alt=\"\" srcset=\"https:\/\/www.amsted.com\/wp-content\/uploads\/2022\/06\/marilyn-franson.jpg 738w, https:\/\/www.amsted.com\/wp-content\/uploads\/2022\/06\/marilyn-franson-234x300.jpg 234w\" sizes=\"(max-width: 738px) 100vw, 738px\" \/>\t\t\t\t\t\t\t\t\t\t\t\t\t\t\t<\/div>\n\t\t\t\t<\/div>\n\t\t\t\t\t<\/div>\n\t\t<\/div>\n\t\t\t\t\t<\/div>\n\t\t<\/section>\n\t\t\t\t\t<\/div>\n\t\t<\/div>\n\t\t\t\t\t<\/div>\n\t\t<\/section>\n\t\t\t\t<section class=\"elementor-section elementor-top-section elementor-element elementor-element-2d3a6134 elementor-section-boxed elementor-section-height-default elementor-section-height-default\" data-id=\"2d3a6134\" data-element_type=\"section\" data-e-type=\"section\" data-settings=\"{&quot;background_background&quot;:&quot;classic&quot;}\">\n\t\t\t\t\t\t<div class=\"elementor-container elementor-column-gap-default\">\n\t\t\t\t\t<div class=\"elementor-column elementor-col-100 elementor-top-column elementor-element elementor-element-7e2405e0\" data-id=\"7e2405e0\" data-element_type=\"column\" data-e-type=\"column\">\n\t\t\t<div class=\"elementor-widget-wrap elementor-element-populated\">\n\t\t\t\t\t\t<div class=\"elementor-element elementor-element-de9c584 elementor-widget elementor-widget-shortcode\" data-id=\"de9c584\" data-element_type=\"widget\" data-e-type=\"widget\" data-widget_type=\"shortcode.default\">\n\t\t\t\t<div class=\"elementor-widget-container\">\n\t\t\t\t\t\t\t<div class=\"elementor-shortcode\"><\/div>\n\t\t\t\t\t\t<\/div>\n\t\t\t\t<\/div>\n\t\t\t\t\t<\/div>\n\t\t<\/div>\n\t\t\t\t\t<\/div>\n\t\t<\/section>\n\t\t\t\t<\/div>\n\t\t","protected":false},"excerpt":{"rendered":"<p>Vicepresidente e Consulente Fiscale Senior Marilyn Franson \u00e8 vicepresidente e consulente fiscale senior presso Amsted Industries. La sig.ra Franson \u00e8 entrata in Amsted nel 1999 come assistente del controllore fiscale. Prima di entrare in Amsted, Franson \u00e8 stata partner dello studio legale Hopkins &amp; Sutter (ora Foley &amp; Lardner) di Chicago, dove ha praticato il [&hellip;]<\/p>\n","protected":false},"author":1,"featured_media":0,"parent":5402,"menu_order":0,"comment_status":"closed","ping_status":"closed","template":"","meta":{"_acf_changed":false,"footnotes":""},"search-category":[16],"class_list":["post-5498","page","type-page","status-publish","hentry","search-category-about"],"acf":[],"yoast_head":"<!-- This site is optimized with the Yoast SEO plugin v27.2 - https:\/\/yoast.com\/product\/yoast-seo-wordpress\/ -->\n<title>Marilyn D. Franson - Amsted Industries<\/title>\n<meta name=\"robots\" content=\"index, follow, max-snippet:-1, max-image-preview:large, max-video-preview:-1\" \/>\n<link rel=\"canonical\" href=\"https:\/\/www.amsted.com\/it\/chi-siamo\/team-di-leadership\/marilyn-d-franson\/\" \/>\n<meta property=\"og:locale\" content=\"it_IT\" \/>\n<meta property=\"og:type\" content=\"article\" \/>\n<meta property=\"og:title\" content=\"Marilyn D. Franson - Amsted Industries\" \/>\n<meta property=\"og:description\" content=\"Vicepresidente e Consulente Fiscale Senior Marilyn Franson \u00e8 vicepresidente e consulente fiscale senior presso Amsted Industries. La sig.ra Franson \u00e8 entrata in Amsted nel 1999 come assistente del controllore fiscale. Prima di entrare in Amsted, Franson \u00e8 stata partner dello studio legale Hopkins &amp; Sutter (ora Foley &amp; Lardner) di Chicago, dove ha praticato il [&hellip;]\" \/>\n<meta property=\"og:url\" content=\"https:\/\/www.amsted.com\/it\/chi-siamo\/team-di-leadership\/marilyn-d-franson\/\" \/>\n<meta property=\"og:site_name\" content=\"Amsted Industries\" \/>\n<meta property=\"article:modified_time\" content=\"2022-09-15T17:26:23+00:00\" \/>\n<meta property=\"og:image\" content=\"https:\/\/live-amsted-industries.pantheonsite.io\/wp-content\/uploads\/2022\/06\/marilyn-franson.jpg\" \/>\n<meta name=\"twitter:card\" content=\"summary_large_image\" \/>\n<meta name=\"twitter:label1\" content=\"Est. reading time\" \/>\n\t<meta name=\"twitter:data1\" content=\"1 minute\" \/>\n<script type=\"application\/ld+json\" class=\"yoast-schema-graph\">{\"@context\":\"https:\/\/schema.org\",\"@graph\":[{\"@type\":\"WebPage\",\"@id\":\"https:\/\/www.amsted.com\/it\/chi-siamo\/team-di-leadership\/marilyn-d-franson\/\",\"url\":\"https:\/\/www.amsted.com\/it\/chi-siamo\/team-di-leadership\/marilyn-d-franson\/\",\"name\":\"Marilyn D. Franson - Amsted Industries\",\"isPartOf\":{\"@id\":\"https:\/\/www.amsted.com\/it\/#website\"},\"primaryImageOfPage\":{\"@id\":\"https:\/\/www.amsted.com\/it\/chi-siamo\/team-di-leadership\/marilyn-d-franson\/#primaryimage\"},\"image\":{\"@id\":\"https:\/\/www.amsted.com\/it\/chi-siamo\/team-di-leadership\/marilyn-d-franson\/#primaryimage\"},\"thumbnailUrl\":\"https:\/\/live-amsted-industries.pantheonsite.io\/wp-content\/uploads\/2022\/06\/marilyn-franson.jpg\",\"datePublished\":\"2022-06-13T22:39:06+00:00\",\"dateModified\":\"2022-09-15T17:26:23+00:00\",\"breadcrumb\":{\"@id\":\"https:\/\/www.amsted.com\/it\/chi-siamo\/team-di-leadership\/marilyn-d-franson\/#breadcrumb\"},\"inLanguage\":\"it-IT\",\"potentialAction\":[{\"@type\":\"ReadAction\",\"target\":[\"https:\/\/www.amsted.com\/it\/chi-siamo\/team-di-leadership\/marilyn-d-franson\/\"]}]},{\"@type\":\"ImageObject\",\"inLanguage\":\"it-IT\",\"@id\":\"https:\/\/www.amsted.com\/it\/chi-siamo\/team-di-leadership\/marilyn-d-franson\/#primaryimage\",\"url\":\"https:\/\/live-amsted-industries.pantheonsite.io\/wp-content\/uploads\/2022\/06\/marilyn-franson.jpg\",\"contentUrl\":\"https:\/\/live-amsted-industries.pantheonsite.io\/wp-content\/uploads\/2022\/06\/marilyn-franson.jpg\"},{\"@type\":\"BreadcrumbList\",\"@id\":\"https:\/\/www.amsted.com\/it\/chi-siamo\/team-di-leadership\/marilyn-d-franson\/#breadcrumb\",\"itemListElement\":[{\"@type\":\"ListItem\",\"position\":1,\"name\":\"Home\",\"item\":\"https:\/\/www.amsted.com\/it\/homepage\/\"},{\"@type\":\"ListItem\",\"position\":2,\"name\":\"Chi siamo\",\"item\":\"https:\/\/www.amsted.com\/it\/chi-siamo\/\"},{\"@type\":\"ListItem\",\"position\":3,\"name\":\"Team di leadership\",\"item\":\"https:\/\/www.amsted.com\/it\/chi-siamo\/team-di-leadership\/\"},{\"@type\":\"ListItem\",\"position\":4,\"name\":\"Marilyn D. Franson\"}]},{\"@type\":\"WebSite\",\"@id\":\"https:\/\/www.amsted.com\/it\/#website\",\"url\":\"https:\/\/www.amsted.com\/it\/\",\"name\":\"Amsted Industries\",\"description\":\"Just another WordPress site\",\"potentialAction\":[{\"@type\":\"SearchAction\",\"target\":{\"@type\":\"EntryPoint\",\"urlTemplate\":\"https:\/\/www.amsted.com\/it\/?s={search_term_string}\"},\"query-input\":{\"@type\":\"PropertyValueSpecification\",\"valueRequired\":true,\"valueName\":\"search_term_string\"}}],\"inLanguage\":\"it-IT\"}]}<\/script>\n<!-- \/ Yoast SEO plugin. -->","yoast_head_json":{"title":"Marilyn D. Franson - Amsted Industries","robots":{"index":"index","follow":"follow","max-snippet":"max-snippet:-1","max-image-preview":"max-image-preview:large","max-video-preview":"max-video-preview:-1"},"canonical":"https:\/\/www.amsted.com\/it\/chi-siamo\/team-di-leadership\/marilyn-d-franson\/","og_locale":"it_IT","og_type":"article","og_title":"Marilyn D. Franson - Amsted Industries","og_description":"Vicepresidente e Consulente Fiscale Senior Marilyn Franson \u00e8 vicepresidente e consulente fiscale senior presso Amsted Industries. La sig.ra Franson \u00e8 entrata in Amsted nel 1999 come assistente del controllore fiscale. Prima di entrare in Amsted, Franson \u00e8 stata partner dello studio legale Hopkins &amp; Sutter (ora Foley &amp; Lardner) di Chicago, dove ha praticato il [&hellip;]","og_url":"https:\/\/www.amsted.com\/it\/chi-siamo\/team-di-leadership\/marilyn-d-franson\/","og_site_name":"Amsted Industries","article_modified_time":"2022-09-15T17:26:23+00:00","og_image":[{"url":"https:\/\/live-amsted-industries.pantheonsite.io\/wp-content\/uploads\/2022\/06\/marilyn-franson.jpg","type":"","width":"","height":""}],"twitter_card":"summary_large_image","twitter_misc":{"Est. reading time":"1 minute"},"schema":{"@context":"https:\/\/schema.org","@graph":[{"@type":"WebPage","@id":"https:\/\/www.amsted.com\/it\/chi-siamo\/team-di-leadership\/marilyn-d-franson\/","url":"https:\/\/www.amsted.com\/it\/chi-siamo\/team-di-leadership\/marilyn-d-franson\/","name":"Marilyn D. Franson - Amsted Industries","isPartOf":{"@id":"https:\/\/www.amsted.com\/it\/#website"},"primaryImageOfPage":{"@id":"https:\/\/www.amsted.com\/it\/chi-siamo\/team-di-leadership\/marilyn-d-franson\/#primaryimage"},"image":{"@id":"https:\/\/www.amsted.com\/it\/chi-siamo\/team-di-leadership\/marilyn-d-franson\/#primaryimage"},"thumbnailUrl":"https:\/\/live-amsted-industries.pantheonsite.io\/wp-content\/uploads\/2022\/06\/marilyn-franson.jpg","datePublished":"2022-06-13T22:39:06+00:00","dateModified":"2022-09-15T17:26:23+00:00","breadcrumb":{"@id":"https:\/\/www.amsted.com\/it\/chi-siamo\/team-di-leadership\/marilyn-d-franson\/#breadcrumb"},"inLanguage":"it-IT","potentialAction":[{"@type":"ReadAction","target":["https:\/\/www.amsted.com\/it\/chi-siamo\/team-di-leadership\/marilyn-d-franson\/"]}]},{"@type":"ImageObject","inLanguage":"it-IT","@id":"https:\/\/www.amsted.com\/it\/chi-siamo\/team-di-leadership\/marilyn-d-franson\/#primaryimage","url":"https:\/\/live-amsted-industries.pantheonsite.io\/wp-content\/uploads\/2022\/06\/marilyn-franson.jpg","contentUrl":"https:\/\/live-amsted-industries.pantheonsite.io\/wp-content\/uploads\/2022\/06\/marilyn-franson.jpg"},{"@type":"BreadcrumbList","@id":"https:\/\/www.amsted.com\/it\/chi-siamo\/team-di-leadership\/marilyn-d-franson\/#breadcrumb","itemListElement":[{"@type":"ListItem","position":1,"name":"Home","item":"https:\/\/www.amsted.com\/it\/homepage\/"},{"@type":"ListItem","position":2,"name":"Chi siamo","item":"https:\/\/www.amsted.com\/it\/chi-siamo\/"},{"@type":"ListItem","position":3,"name":"Team di leadership","item":"https:\/\/www.amsted.com\/it\/chi-siamo\/team-di-leadership\/"},{"@type":"ListItem","position":4,"name":"Marilyn D. Franson"}]},{"@type":"WebSite","@id":"https:\/\/www.amsted.com\/it\/#website","url":"https:\/\/www.amsted.com\/it\/","name":"Amsted Industries","description":"Just another WordPress site","potentialAction":[{"@type":"SearchAction","target":{"@type":"EntryPoint","urlTemplate":"https:\/\/www.amsted.com\/it\/?s={search_term_string}"},"query-input":{"@type":"PropertyValueSpecification","valueRequired":true,"valueName":"search_term_string"}}],"inLanguage":"it-IT"}]}},"_links":{"self":[{"href":"https:\/\/www.amsted.com\/it\/wp-json\/wp\/v2\/pages\/5498","targetHints":{"allow":["GET"]}}],"collection":[{"href":"https:\/\/www.amsted.com\/it\/wp-json\/wp\/v2\/pages"}],"about":[{"href":"https:\/\/www.amsted.com\/it\/wp-json\/wp\/v2\/types\/page"}],"author":[{"embeddable":true,"href":"https:\/\/www.amsted.com\/it\/wp-json\/wp\/v2\/users\/1"}],"replies":[{"embeddable":true,"href":"https:\/\/www.amsted.com\/it\/wp-json\/wp\/v2\/comments?post=5498"}],"version-history":[{"count":1,"href":"https:\/\/www.amsted.com\/it\/wp-json\/wp\/v2\/pages\/5498\/revisions"}],"predecessor-version":[{"id":5499,"href":"https:\/\/www.amsted.com\/it\/wp-json\/wp\/v2\/pages\/5498\/revisions\/5499"}],"up":[{"embeddable":true,"href":"https:\/\/www.amsted.com\/it\/wp-json\/wp\/v2\/pages\/5402"}],"wp:attachment":[{"href":"https:\/\/www.amsted.com\/it\/wp-json\/wp\/v2\/media?parent=5498"}],"wp:term":[{"taxonomy":"search-category","embeddable":true,"href":"https:\/\/www.amsted.com\/it\/wp-json\/wp\/v2\/search-category?post=5498"}],"curies":[{"name":"wp","href":"https:\/\/api.w.org\/{rel}","templated":true}]}}