{"id":5486,"date":"2022-06-13T22:42:23","date_gmt":"2022-06-13T22:42:23","guid":{"rendered":"https:\/\/live-amsted-industries.pantheonsite.io\/chi-siamo\/team-di-leadership\/christina-e-kmiec\/"},"modified":"2022-09-15T17:23:26","modified_gmt":"2022-09-15T17:23:26","slug":"christina-e-kmiec","status":"publish","type":"page","link":"https:\/\/www.amsted.com\/it\/chi-siamo\/team-di-leadership\/christina-e-kmiec\/","title":{"rendered":"Christina E. Kmiec"},"content":{"rendered":"\t\t<div data-elementor-type=\"wp-page\" data-elementor-id=\"5486\" class=\"elementor elementor-5486 elementor-1261\" data-elementor-post-type=\"page\">\n\t\t\t\t\t\t<section class=\"elementor-section elementor-top-section elementor-element elementor-element-10e3a79a elementor-section-full_width elementor-section-height-default elementor-section-height-default\" data-id=\"10e3a79a\" data-element_type=\"section\" data-e-type=\"section\">\n\t\t\t\t\t\t<div class=\"elementor-container elementor-column-gap-default\">\n\t\t\t\t\t<div class=\"elementor-column elementor-col-100 elementor-top-column elementor-element elementor-element-55bd76d3\" data-id=\"55bd76d3\" data-element_type=\"column\" data-e-type=\"column\">\n\t\t\t<div class=\"elementor-widget-wrap elementor-element-populated\">\n\t\t\t\t\t\t<section class=\"elementor-section elementor-inner-section elementor-element elementor-element-28dc2760 elementor-reverse-mobile elementor-section-boxed elementor-section-height-default elementor-section-height-default\" data-id=\"28dc2760\" data-element_type=\"section\" data-e-type=\"section\" data-settings=\"{&quot;background_background&quot;:&quot;video&quot;}\">\n\t\t\t\t\t\t<div class=\"elementor-container elementor-column-gap-default\">\n\t\t\t\t\t<div class=\"elementor-column elementor-col-50 elementor-inner-column elementor-element elementor-element-e5be2ca\" data-id=\"e5be2ca\" data-element_type=\"column\" data-e-type=\"column\">\n\t\t\t<div class=\"elementor-widget-wrap elementor-element-populated\">\n\t\t\t\t\t\t<div class=\"elementor-element elementor-element-4c1f3624 elementor-widget elementor-widget-heading\" data-id=\"4c1f3624\" data-element_type=\"widget\" data-e-type=\"widget\" data-widget_type=\"heading.default\">\n\t\t\t\t<div class=\"elementor-widget-container\">\n\t\t\t\t\t<h1 class=\"elementor-heading-title elementor-size-default\">Christina E. Kmiec<\/h1>\t\t\t\t<\/div>\n\t\t\t\t<\/div>\n\t\t\t\t<div class=\"elementor-element elementor-element-38b9881d elementor-widget elementor-widget-text-editor\" data-id=\"38b9881d\" data-element_type=\"widget\" data-e-type=\"widget\" data-widget_type=\"text-editor.default\">\n\t\t\t\t<div class=\"elementor-widget-container\">\n\t\t\t\t\t\t\t\t\t<p><strong>Tesoriere<\/strong><\/p>\n\t\t\t\t\t\t\t\t<\/div>\n\t\t\t\t<\/div>\n\t\t\t\t<div class=\"elementor-element elementor-element-6d4d4da7 elementor-widget elementor-widget-text-editor\" data-id=\"6d4d4da7\" data-element_type=\"widget\" data-e-type=\"widget\" data-widget_type=\"text-editor.default\">\n\t\t\t\t<div class=\"elementor-widget-container\">\n\t\t\t\t\t\t\t\t\t<p>Christina Kmiec \u00e8 il tesoriere di Amsted Industries. La Sig.ra Kmiec \u00e8 entrata in Amsted nel 2004 e recentemente \u00e8 stata Vicepresidente &#8211; Finanza internazionale e pianificazione strategica di Amsted Rail. Nel corso della sua carriera in Amsted e Amsted Rail, la Sig.ra Kmiec ha ricoperto numerosi ruoli nei settori della pianificazione finanziaria e dell&#8217;analisi, della finanza aziendale, della tesoreria, degli acquisti e dello sviluppo commerciale. Prima di Amsted, la Sig.ra Kmiec \u00e8 stata analista finanziario senior per Aon Corporation. Kmiec ha conseguito la laurea in economia aziendale, settore finanza presso l&#8217;Universit\u00e0 dell&#8217;Illinois a Urbana-Champaign e il Master of Business Administration presso la DePaul University.<\/p>\n\t\t\t\t\t\t\t\t<\/div>\n\t\t\t\t<\/div>\n\t\t\t\t\t<\/div>\n\t\t<\/div>\n\t\t\t\t<div class=\"elementor-column elementor-col-50 elementor-inner-column elementor-element elementor-element-8e28b9a\" data-id=\"8e28b9a\" data-element_type=\"column\" data-e-type=\"column\">\n\t\t\t<div class=\"elementor-widget-wrap elementor-element-populated\">\n\t\t\t\t\t\t<div class=\"elementor-element elementor-element-54f8bf5d elementor-widget elementor-widget-image\" data-id=\"54f8bf5d\" data-element_type=\"widget\" data-e-type=\"widget\" data-widget_type=\"image.default\">\n\t\t\t\t<div class=\"elementor-widget-container\">\n\t\t\t\t\t\t\t\t\t\t\t\t\t\t\t<img fetchpriority=\"high\" decoding=\"async\" width=\"738\" height=\"946\" src=\"https:\/\/www.amsted.com\/wp-content\/uploads\/2022\/06\/christina-k.jpg\" class=\"attachment-full size-full wp-image-680\" alt=\"\" srcset=\"https:\/\/www.amsted.com\/wp-content\/uploads\/2022\/06\/christina-k.jpg 738w, https:\/\/www.amsted.com\/wp-content\/uploads\/2022\/06\/christina-k-234x300.jpg 234w\" sizes=\"(max-width: 738px) 100vw, 738px\" \/>\t\t\t\t\t\t\t\t\t\t\t\t\t\t\t<\/div>\n\t\t\t\t<\/div>\n\t\t\t\t\t<\/div>\n\t\t<\/div>\n\t\t\t\t\t<\/div>\n\t\t<\/section>\n\t\t\t\t\t<\/div>\n\t\t<\/div>\n\t\t\t\t\t<\/div>\n\t\t<\/section>\n\t\t\t\t<section class=\"elementor-section elementor-top-section elementor-element elementor-element-7e57de86 elementor-section-boxed elementor-section-height-default elementor-section-height-default\" data-id=\"7e57de86\" data-element_type=\"section\" data-e-type=\"section\" data-settings=\"{&quot;background_background&quot;:&quot;classic&quot;}\">\n\t\t\t\t\t\t<div class=\"elementor-container elementor-column-gap-default\">\n\t\t\t\t\t<div class=\"elementor-column elementor-col-100 elementor-top-column elementor-element elementor-element-668d2484\" data-id=\"668d2484\" data-element_type=\"column\" data-e-type=\"column\">\n\t\t\t<div class=\"elementor-widget-wrap elementor-element-populated\">\n\t\t\t\t\t\t<div class=\"elementor-element elementor-element-2711ac65 elementor-widget elementor-widget-shortcode\" data-id=\"2711ac65\" data-element_type=\"widget\" data-e-type=\"widget\" data-widget_type=\"shortcode.default\">\n\t\t\t\t<div class=\"elementor-widget-container\">\n\t\t\t\t\t\t\t<div class=\"elementor-shortcode\"><\/div>\n\t\t\t\t\t\t<\/div>\n\t\t\t\t<\/div>\n\t\t\t\t\t<\/div>\n\t\t<\/div>\n\t\t\t\t\t<\/div>\n\t\t<\/section>\n\t\t\t\t<\/div>\n\t\t","protected":false},"excerpt":{"rendered":"<p>Tesoriere Christina Kmiec \u00e8 il tesoriere di Amsted Industries. La Sig.ra Kmiec \u00e8 entrata in Amsted nel 2004 e recentemente \u00e8 stata Vicepresidente &#8211; Finanza internazionale e pianificazione strategica di Amsted Rail. Nel corso della sua carriera in Amsted e Amsted Rail, la Sig.ra Kmiec ha ricoperto numerosi ruoli nei settori della pianificazione finanziaria e [&hellip;]<\/p>\n","protected":false},"author":1,"featured_media":0,"parent":5402,"menu_order":0,"comment_status":"closed","ping_status":"closed","template":"","meta":{"_acf_changed":false,"footnotes":""},"search-category":[16],"class_list":["post-5486","page","type-page","status-publish","hentry","search-category-about"],"acf":[],"yoast_head":"<!-- This site is optimized with the Yoast SEO plugin v27.2 - https:\/\/yoast.com\/product\/yoast-seo-wordpress\/ -->\n<title>Christina E. Kmiec - Amsted Industries<\/title>\n<meta name=\"robots\" content=\"index, follow, max-snippet:-1, max-image-preview:large, max-video-preview:-1\" \/>\n<link rel=\"canonical\" href=\"https:\/\/www.amsted.com\/it\/chi-siamo\/team-di-leadership\/christina-e-kmiec\/\" \/>\n<meta property=\"og:locale\" content=\"it_IT\" \/>\n<meta property=\"og:type\" content=\"article\" \/>\n<meta property=\"og:title\" content=\"Christina E. Kmiec - Amsted Industries\" \/>\n<meta property=\"og:description\" content=\"Tesoriere Christina Kmiec \u00e8 il tesoriere di Amsted Industries. La Sig.ra Kmiec \u00e8 entrata in Amsted nel 2004 e recentemente \u00e8 stata Vicepresidente &#8211; Finanza internazionale e pianificazione strategica di Amsted Rail. Nel corso della sua carriera in Amsted e Amsted Rail, la Sig.ra Kmiec ha ricoperto numerosi ruoli nei settori della pianificazione finanziaria e [&hellip;]\" \/>\n<meta property=\"og:url\" content=\"https:\/\/www.amsted.com\/it\/chi-siamo\/team-di-leadership\/christina-e-kmiec\/\" \/>\n<meta property=\"og:site_name\" content=\"Amsted Industries\" \/>\n<meta property=\"article:modified_time\" content=\"2022-09-15T17:23:26+00:00\" \/>\n<meta property=\"og:image\" content=\"https:\/\/live-amsted-industries.pantheonsite.io\/wp-content\/uploads\/2022\/06\/christina-k.jpg\" \/>\n<meta name=\"twitter:card\" content=\"summary_large_image\" \/>\n<meta name=\"twitter:label1\" content=\"Est. reading time\" \/>\n\t<meta name=\"twitter:data1\" content=\"1 minute\" \/>\n<script type=\"application\/ld+json\" class=\"yoast-schema-graph\">{\"@context\":\"https:\/\/schema.org\",\"@graph\":[{\"@type\":\"WebPage\",\"@id\":\"https:\/\/www.amsted.com\/it\/chi-siamo\/team-di-leadership\/christina-e-kmiec\/\",\"url\":\"https:\/\/www.amsted.com\/it\/chi-siamo\/team-di-leadership\/christina-e-kmiec\/\",\"name\":\"Christina E. Kmiec - Amsted Industries\",\"isPartOf\":{\"@id\":\"https:\/\/www.amsted.com\/it\/#website\"},\"primaryImageOfPage\":{\"@id\":\"https:\/\/www.amsted.com\/it\/chi-siamo\/team-di-leadership\/christina-e-kmiec\/#primaryimage\"},\"image\":{\"@id\":\"https:\/\/www.amsted.com\/it\/chi-siamo\/team-di-leadership\/christina-e-kmiec\/#primaryimage\"},\"thumbnailUrl\":\"https:\/\/live-amsted-industries.pantheonsite.io\/wp-content\/uploads\/2022\/06\/christina-k.jpg\",\"datePublished\":\"2022-06-13T22:42:23+00:00\",\"dateModified\":\"2022-09-15T17:23:26+00:00\",\"breadcrumb\":{\"@id\":\"https:\/\/www.amsted.com\/it\/chi-siamo\/team-di-leadership\/christina-e-kmiec\/#breadcrumb\"},\"inLanguage\":\"it-IT\",\"potentialAction\":[{\"@type\":\"ReadAction\",\"target\":[\"https:\/\/www.amsted.com\/it\/chi-siamo\/team-di-leadership\/christina-e-kmiec\/\"]}]},{\"@type\":\"ImageObject\",\"inLanguage\":\"it-IT\",\"@id\":\"https:\/\/www.amsted.com\/it\/chi-siamo\/team-di-leadership\/christina-e-kmiec\/#primaryimage\",\"url\":\"https:\/\/live-amsted-industries.pantheonsite.io\/wp-content\/uploads\/2022\/06\/christina-k.jpg\",\"contentUrl\":\"https:\/\/live-amsted-industries.pantheonsite.io\/wp-content\/uploads\/2022\/06\/christina-k.jpg\"},{\"@type\":\"BreadcrumbList\",\"@id\":\"https:\/\/www.amsted.com\/it\/chi-siamo\/team-di-leadership\/christina-e-kmiec\/#breadcrumb\",\"itemListElement\":[{\"@type\":\"ListItem\",\"position\":1,\"name\":\"Home\",\"item\":\"https:\/\/www.amsted.com\/it\/homepage\/\"},{\"@type\":\"ListItem\",\"position\":2,\"name\":\"Chi siamo\",\"item\":\"https:\/\/www.amsted.com\/it\/chi-siamo\/\"},{\"@type\":\"ListItem\",\"position\":3,\"name\":\"Team di leadership\",\"item\":\"https:\/\/www.amsted.com\/it\/chi-siamo\/team-di-leadership\/\"},{\"@type\":\"ListItem\",\"position\":4,\"name\":\"Christina E. Kmiec\"}]},{\"@type\":\"WebSite\",\"@id\":\"https:\/\/www.amsted.com\/it\/#website\",\"url\":\"https:\/\/www.amsted.com\/it\/\",\"name\":\"Amsted Industries\",\"description\":\"Just another WordPress site\",\"potentialAction\":[{\"@type\":\"SearchAction\",\"target\":{\"@type\":\"EntryPoint\",\"urlTemplate\":\"https:\/\/www.amsted.com\/it\/?s={search_term_string}\"},\"query-input\":{\"@type\":\"PropertyValueSpecification\",\"valueRequired\":true,\"valueName\":\"search_term_string\"}}],\"inLanguage\":\"it-IT\"}]}<\/script>\n<!-- \/ Yoast SEO plugin. -->","yoast_head_json":{"title":"Christina E. Kmiec - Amsted Industries","robots":{"index":"index","follow":"follow","max-snippet":"max-snippet:-1","max-image-preview":"max-image-preview:large","max-video-preview":"max-video-preview:-1"},"canonical":"https:\/\/www.amsted.com\/it\/chi-siamo\/team-di-leadership\/christina-e-kmiec\/","og_locale":"it_IT","og_type":"article","og_title":"Christina E. Kmiec - Amsted Industries","og_description":"Tesoriere Christina Kmiec \u00e8 il tesoriere di Amsted Industries. La Sig.ra Kmiec \u00e8 entrata in Amsted nel 2004 e recentemente \u00e8 stata Vicepresidente &#8211; Finanza internazionale e pianificazione strategica di Amsted Rail. Nel corso della sua carriera in Amsted e Amsted Rail, la Sig.ra Kmiec ha ricoperto numerosi ruoli nei settori della pianificazione finanziaria e [&hellip;]","og_url":"https:\/\/www.amsted.com\/it\/chi-siamo\/team-di-leadership\/christina-e-kmiec\/","og_site_name":"Amsted Industries","article_modified_time":"2022-09-15T17:23:26+00:00","og_image":[{"url":"https:\/\/live-amsted-industries.pantheonsite.io\/wp-content\/uploads\/2022\/06\/christina-k.jpg","type":"","width":"","height":""}],"twitter_card":"summary_large_image","twitter_misc":{"Est. reading time":"1 minute"},"schema":{"@context":"https:\/\/schema.org","@graph":[{"@type":"WebPage","@id":"https:\/\/www.amsted.com\/it\/chi-siamo\/team-di-leadership\/christina-e-kmiec\/","url":"https:\/\/www.amsted.com\/it\/chi-siamo\/team-di-leadership\/christina-e-kmiec\/","name":"Christina E. Kmiec - Amsted Industries","isPartOf":{"@id":"https:\/\/www.amsted.com\/it\/#website"},"primaryImageOfPage":{"@id":"https:\/\/www.amsted.com\/it\/chi-siamo\/team-di-leadership\/christina-e-kmiec\/#primaryimage"},"image":{"@id":"https:\/\/www.amsted.com\/it\/chi-siamo\/team-di-leadership\/christina-e-kmiec\/#primaryimage"},"thumbnailUrl":"https:\/\/live-amsted-industries.pantheonsite.io\/wp-content\/uploads\/2022\/06\/christina-k.jpg","datePublished":"2022-06-13T22:42:23+00:00","dateModified":"2022-09-15T17:23:26+00:00","breadcrumb":{"@id":"https:\/\/www.amsted.com\/it\/chi-siamo\/team-di-leadership\/christina-e-kmiec\/#breadcrumb"},"inLanguage":"it-IT","potentialAction":[{"@type":"ReadAction","target":["https:\/\/www.amsted.com\/it\/chi-siamo\/team-di-leadership\/christina-e-kmiec\/"]}]},{"@type":"ImageObject","inLanguage":"it-IT","@id":"https:\/\/www.amsted.com\/it\/chi-siamo\/team-di-leadership\/christina-e-kmiec\/#primaryimage","url":"https:\/\/live-amsted-industries.pantheonsite.io\/wp-content\/uploads\/2022\/06\/christina-k.jpg","contentUrl":"https:\/\/live-amsted-industries.pantheonsite.io\/wp-content\/uploads\/2022\/06\/christina-k.jpg"},{"@type":"BreadcrumbList","@id":"https:\/\/www.amsted.com\/it\/chi-siamo\/team-di-leadership\/christina-e-kmiec\/#breadcrumb","itemListElement":[{"@type":"ListItem","position":1,"name":"Home","item":"https:\/\/www.amsted.com\/it\/homepage\/"},{"@type":"ListItem","position":2,"name":"Chi siamo","item":"https:\/\/www.amsted.com\/it\/chi-siamo\/"},{"@type":"ListItem","position":3,"name":"Team di leadership","item":"https:\/\/www.amsted.com\/it\/chi-siamo\/team-di-leadership\/"},{"@type":"ListItem","position":4,"name":"Christina E. Kmiec"}]},{"@type":"WebSite","@id":"https:\/\/www.amsted.com\/it\/#website","url":"https:\/\/www.amsted.com\/it\/","name":"Amsted Industries","description":"Just another WordPress site","potentialAction":[{"@type":"SearchAction","target":{"@type":"EntryPoint","urlTemplate":"https:\/\/www.amsted.com\/it\/?s={search_term_string}"},"query-input":{"@type":"PropertyValueSpecification","valueRequired":true,"valueName":"search_term_string"}}],"inLanguage":"it-IT"}]}},"_links":{"self":[{"href":"https:\/\/www.amsted.com\/it\/wp-json\/wp\/v2\/pages\/5486","targetHints":{"allow":["GET"]}}],"collection":[{"href":"https:\/\/www.amsted.com\/it\/wp-json\/wp\/v2\/pages"}],"about":[{"href":"https:\/\/www.amsted.com\/it\/wp-json\/wp\/v2\/types\/page"}],"author":[{"embeddable":true,"href":"https:\/\/www.amsted.com\/it\/wp-json\/wp\/v2\/users\/1"}],"replies":[{"embeddable":true,"href":"https:\/\/www.amsted.com\/it\/wp-json\/wp\/v2\/comments?post=5486"}],"version-history":[{"count":1,"href":"https:\/\/www.amsted.com\/it\/wp-json\/wp\/v2\/pages\/5486\/revisions"}],"predecessor-version":[{"id":5488,"href":"https:\/\/www.amsted.com\/it\/wp-json\/wp\/v2\/pages\/5486\/revisions\/5488"}],"up":[{"embeddable":true,"href":"https:\/\/www.amsted.com\/it\/wp-json\/wp\/v2\/pages\/5402"}],"wp:attachment":[{"href":"https:\/\/www.amsted.com\/it\/wp-json\/wp\/v2\/media?parent=5486"}],"wp:term":[{"taxonomy":"search-category","embeddable":true,"href":"https:\/\/www.amsted.com\/it\/wp-json\/wp\/v2\/search-category?post=5486"}],"curies":[{"name":"wp","href":"https:\/\/api.w.org\/{rel}","templated":true}]}}