{"id":5484,"date":"2022-06-13T22:35:36","date_gmt":"2022-06-13T22:35:36","guid":{"rendered":"https:\/\/live-amsted-industries.pantheonsite.io\/chi-siamo\/team-di-leadership\/chris-p-meyers\/"},"modified":"2022-09-15T17:22:12","modified_gmt":"2022-09-15T17:22:12","slug":"chris-p-meyers","status":"publish","type":"page","link":"https:\/\/www.amsted.com\/it\/chi-siamo\/team-di-leadership\/chris-p-meyers\/","title":{"rendered":"Chris P. Meyers"},"content":{"rendered":"\t\t<div data-elementor-type=\"wp-page\" data-elementor-id=\"5484\" class=\"elementor elementor-5484 elementor-1249\" data-elementor-post-type=\"page\">\n\t\t\t\t\t\t<section class=\"elementor-section elementor-top-section elementor-element elementor-element-14ec5b0f elementor-section-full_width elementor-section-height-default elementor-section-height-default\" data-id=\"14ec5b0f\" data-element_type=\"section\" data-e-type=\"section\">\n\t\t\t\t\t\t<div class=\"elementor-container elementor-column-gap-default\">\n\t\t\t\t\t<div class=\"elementor-column elementor-col-100 elementor-top-column elementor-element elementor-element-3976df11\" data-id=\"3976df11\" data-element_type=\"column\" data-e-type=\"column\">\n\t\t\t<div class=\"elementor-widget-wrap elementor-element-populated\">\n\t\t\t\t\t\t<section class=\"elementor-section elementor-inner-section elementor-element elementor-element-6b1798fa elementor-reverse-mobile elementor-section-boxed elementor-section-height-default elementor-section-height-default\" data-id=\"6b1798fa\" data-element_type=\"section\" data-e-type=\"section\" data-settings=\"{&quot;background_background&quot;:&quot;video&quot;}\">\n\t\t\t\t\t\t<div class=\"elementor-container elementor-column-gap-default\">\n\t\t\t\t\t<div class=\"elementor-column elementor-col-50 elementor-inner-column elementor-element elementor-element-638e322\" data-id=\"638e322\" data-element_type=\"column\" data-e-type=\"column\">\n\t\t\t<div class=\"elementor-widget-wrap elementor-element-populated\">\n\t\t\t\t\t\t<div class=\"elementor-element elementor-element-ea7385e elementor-widget elementor-widget-heading\" data-id=\"ea7385e\" data-element_type=\"widget\" data-e-type=\"widget\" data-widget_type=\"heading.default\">\n\t\t\t\t<div class=\"elementor-widget-container\">\n\t\t\t\t\t<h1 class=\"elementor-heading-title elementor-size-default\">Chris P. Meyers<\/h1>\t\t\t\t<\/div>\n\t\t\t\t<\/div>\n\t\t\t\t<div class=\"elementor-element elementor-element-2dd02213 elementor-widget elementor-widget-text-editor\" data-id=\"2dd02213\" data-element_type=\"widget\" data-e-type=\"widget\" data-widget_type=\"text-editor.default\">\n\t\t\t\t<div class=\"elementor-widget-container\">\n\t\t\t\t\t\t\t\t\t<p><strong>Vicepresidente \u2013 Responsabile e Direttore Finanziario<\/strong><\/p>\n\t\t\t\t\t\t\t\t<\/div>\n\t\t\t\t<\/div>\n\t\t\t\t<div class=\"elementor-element elementor-element-1f45b718 elementor-widget elementor-widget-text-editor\" data-id=\"1f45b718\" data-element_type=\"widget\" data-e-type=\"widget\" data-widget_type=\"text-editor.default\">\n\t\t\t\t<div class=\"elementor-widget-container\">\n\t\t\t\t\t\t\t\t\t<p>Chris Meyers \u00e8 Vicepresidente, Responsabile Finanziario e Direttore Finanziario della Amsted Industries. Il Sig. Meyers \u00e8 entrato in Amsted nel 2017. Precedentemente ha lavorato in qualit\u00e0 di Vicepresidente e Responsabile Finanziario della Spartan Nash Company e ha ricoperto il ruolo di Responsabile Finanziario e di Sviluppo della KeHE Distributors. Chris ha anche lavorato in qualit\u00e0 di Direttore, Vicepresidente e Senior Associate della Navigant Capital Advisors. Il Sig. Meyers ha conseguito urea in finanza aziendale presso la Western Michigan University e il master in finanza aziendale presso la J. L. Kellogg School of Management ed \u00e8 contabile pubblico certificato.    <\/p>\n\t\t\t\t\t\t\t\t<\/div>\n\t\t\t\t<\/div>\n\t\t\t\t\t<\/div>\n\t\t<\/div>\n\t\t\t\t<div class=\"elementor-column elementor-col-50 elementor-inner-column elementor-element elementor-element-43ff4946\" data-id=\"43ff4946\" data-element_type=\"column\" data-e-type=\"column\">\n\t\t\t<div class=\"elementor-widget-wrap elementor-element-populated\">\n\t\t\t\t\t\t<div class=\"elementor-element elementor-element-54685a3b elementor-widget elementor-widget-image\" data-id=\"54685a3b\" data-element_type=\"widget\" data-e-type=\"widget\" data-widget_type=\"image.default\">\n\t\t\t\t<div class=\"elementor-widget-container\">\n\t\t\t\t\t\t\t\t\t\t\t\t\t\t\t<img fetchpriority=\"high\" decoding=\"async\" width=\"738\" height=\"946\" src=\"https:\/\/www.amsted.com\/wp-content\/uploads\/2022\/06\/chris-meyers.jpg\" class=\"attachment-full size-full wp-image-676\" alt=\"\" srcset=\"https:\/\/www.amsted.com\/wp-content\/uploads\/2022\/06\/chris-meyers.jpg 738w, https:\/\/www.amsted.com\/wp-content\/uploads\/2022\/06\/chris-meyers-234x300.jpg 234w\" sizes=\"(max-width: 738px) 100vw, 738px\" \/>\t\t\t\t\t\t\t\t\t\t\t\t\t\t\t<\/div>\n\t\t\t\t<\/div>\n\t\t\t\t\t<\/div>\n\t\t<\/div>\n\t\t\t\t\t<\/div>\n\t\t<\/section>\n\t\t\t\t\t<\/div>\n\t\t<\/div>\n\t\t\t\t\t<\/div>\n\t\t<\/section>\n\t\t\t\t<section class=\"elementor-section elementor-top-section elementor-element elementor-element-627d3658 elementor-section-boxed elementor-section-height-default elementor-section-height-default\" data-id=\"627d3658\" data-element_type=\"section\" data-e-type=\"section\" data-settings=\"{&quot;background_background&quot;:&quot;classic&quot;}\">\n\t\t\t\t\t\t<div class=\"elementor-container elementor-column-gap-default\">\n\t\t\t\t\t<div class=\"elementor-column elementor-col-100 elementor-top-column elementor-element elementor-element-77dbfd45\" data-id=\"77dbfd45\" data-element_type=\"column\" data-e-type=\"column\">\n\t\t\t<div class=\"elementor-widget-wrap elementor-element-populated\">\n\t\t\t\t\t\t<div class=\"elementor-element elementor-element-18f32691 elementor-widget elementor-widget-shortcode\" data-id=\"18f32691\" data-element_type=\"widget\" data-e-type=\"widget\" data-widget_type=\"shortcode.default\">\n\t\t\t\t<div class=\"elementor-widget-container\">\n\t\t\t\t\t\t\t<div class=\"elementor-shortcode\"><\/div>\n\t\t\t\t\t\t<\/div>\n\t\t\t\t<\/div>\n\t\t\t\t\t<\/div>\n\t\t<\/div>\n\t\t\t\t\t<\/div>\n\t\t<\/section>\n\t\t\t\t<\/div>\n\t\t","protected":false},"excerpt":{"rendered":"<p>Vicepresidente \u2013 Responsabile e Direttore Finanziario Chris Meyers \u00e8 Vicepresidente, Responsabile Finanziario e Direttore Finanziario della Amsted Industries. Il Sig. Meyers \u00e8 entrato in Amsted nel 2017. Precedentemente ha lavorato in qualit\u00e0 di Vicepresidente e Responsabile Finanziario della Spartan Nash Company e ha ricoperto il ruolo di Responsabile Finanziario e di Sviluppo della KeHE Distributors. [&hellip;]<\/p>\n","protected":false},"author":1,"featured_media":0,"parent":5402,"menu_order":0,"comment_status":"closed","ping_status":"closed","template":"","meta":{"_acf_changed":false,"footnotes":""},"search-category":[16],"class_list":["post-5484","page","type-page","status-publish","hentry","search-category-about"],"acf":[],"yoast_head":"<!-- This site is optimized with the Yoast SEO plugin v27.5 - https:\/\/yoast.com\/product\/yoast-seo-wordpress\/ -->\n<title>Chris P. Meyers - Amsted Industries<\/title>\n<meta name=\"robots\" content=\"index, follow, max-snippet:-1, max-image-preview:large, max-video-preview:-1\" \/>\n<link rel=\"canonical\" href=\"https:\/\/www.amsted.com\/it\/chi-siamo\/team-di-leadership\/chris-p-meyers\/\" \/>\n<meta property=\"og:locale\" content=\"it_IT\" \/>\n<meta property=\"og:type\" content=\"article\" \/>\n<meta property=\"og:title\" content=\"Chris P. Meyers - Amsted Industries\" \/>\n<meta property=\"og:description\" content=\"Vicepresidente \u2013 Responsabile e Direttore Finanziario Chris Meyers \u00e8 Vicepresidente, Responsabile Finanziario e Direttore Finanziario della Amsted Industries. Il Sig. Meyers \u00e8 entrato in Amsted nel 2017. Precedentemente ha lavorato in qualit\u00e0 di Vicepresidente e Responsabile Finanziario della Spartan Nash Company e ha ricoperto il ruolo di Responsabile Finanziario e di Sviluppo della KeHE Distributors. [&hellip;]\" \/>\n<meta property=\"og:url\" content=\"https:\/\/www.amsted.com\/it\/chi-siamo\/team-di-leadership\/chris-p-meyers\/\" \/>\n<meta property=\"og:site_name\" content=\"Amsted Industries\" \/>\n<meta property=\"article:modified_time\" content=\"2022-09-15T17:22:12+00:00\" \/>\n<meta property=\"og:image\" content=\"https:\/\/live-amsted-industries.pantheonsite.io\/wp-content\/uploads\/2022\/06\/chris-meyers.jpg\" \/>\n<meta name=\"twitter:card\" content=\"summary_large_image\" \/>\n<meta name=\"twitter:label1\" content=\"Est. reading time\" \/>\n\t<meta name=\"twitter:data1\" content=\"1 minute\" \/>\n<script type=\"application\/ld+json\" class=\"yoast-schema-graph\">{\"@context\":\"https:\\\/\\\/schema.org\",\"@graph\":[{\"@type\":\"WebPage\",\"@id\":\"https:\\\/\\\/www.amsted.com\\\/it\\\/chi-siamo\\\/team-di-leadership\\\/chris-p-meyers\\\/\",\"url\":\"https:\\\/\\\/www.amsted.com\\\/it\\\/chi-siamo\\\/team-di-leadership\\\/chris-p-meyers\\\/\",\"name\":\"Chris P. Meyers - Amsted Industries\",\"isPartOf\":{\"@id\":\"https:\\\/\\\/www.amsted.com\\\/it\\\/#website\"},\"primaryImageOfPage\":{\"@id\":\"https:\\\/\\\/www.amsted.com\\\/it\\\/chi-siamo\\\/team-di-leadership\\\/chris-p-meyers\\\/#primaryimage\"},\"image\":{\"@id\":\"https:\\\/\\\/www.amsted.com\\\/it\\\/chi-siamo\\\/team-di-leadership\\\/chris-p-meyers\\\/#primaryimage\"},\"thumbnailUrl\":\"https:\\\/\\\/live-amsted-industries.pantheonsite.io\\\/wp-content\\\/uploads\\\/2022\\\/06\\\/chris-meyers.jpg\",\"datePublished\":\"2022-06-13T22:35:36+00:00\",\"dateModified\":\"2022-09-15T17:22:12+00:00\",\"breadcrumb\":{\"@id\":\"https:\\\/\\\/www.amsted.com\\\/it\\\/chi-siamo\\\/team-di-leadership\\\/chris-p-meyers\\\/#breadcrumb\"},\"inLanguage\":\"it-IT\",\"potentialAction\":[{\"@type\":\"ReadAction\",\"target\":[\"https:\\\/\\\/www.amsted.com\\\/it\\\/chi-siamo\\\/team-di-leadership\\\/chris-p-meyers\\\/\"]}]},{\"@type\":\"ImageObject\",\"inLanguage\":\"it-IT\",\"@id\":\"https:\\\/\\\/www.amsted.com\\\/it\\\/chi-siamo\\\/team-di-leadership\\\/chris-p-meyers\\\/#primaryimage\",\"url\":\"https:\\\/\\\/live-amsted-industries.pantheonsite.io\\\/wp-content\\\/uploads\\\/2022\\\/06\\\/chris-meyers.jpg\",\"contentUrl\":\"https:\\\/\\\/live-amsted-industries.pantheonsite.io\\\/wp-content\\\/uploads\\\/2022\\\/06\\\/chris-meyers.jpg\"},{\"@type\":\"BreadcrumbList\",\"@id\":\"https:\\\/\\\/www.amsted.com\\\/it\\\/chi-siamo\\\/team-di-leadership\\\/chris-p-meyers\\\/#breadcrumb\",\"itemListElement\":[{\"@type\":\"ListItem\",\"position\":1,\"name\":\"Home\",\"item\":\"https:\\\/\\\/www.amsted.com\\\/it\\\/homepage\\\/\"},{\"@type\":\"ListItem\",\"position\":2,\"name\":\"Chi siamo\",\"item\":\"https:\\\/\\\/www.amsted.com\\\/it\\\/chi-siamo\\\/\"},{\"@type\":\"ListItem\",\"position\":3,\"name\":\"Team di leadership\",\"item\":\"https:\\\/\\\/www.amsted.com\\\/it\\\/chi-siamo\\\/team-di-leadership\\\/\"},{\"@type\":\"ListItem\",\"position\":4,\"name\":\"Chris P. Meyers\"}]},{\"@type\":\"WebSite\",\"@id\":\"https:\\\/\\\/www.amsted.com\\\/it\\\/#website\",\"url\":\"https:\\\/\\\/www.amsted.com\\\/it\\\/\",\"name\":\"Amsted Industries\",\"description\":\"Just another WordPress site\",\"potentialAction\":[{\"@type\":\"SearchAction\",\"target\":{\"@type\":\"EntryPoint\",\"urlTemplate\":\"https:\\\/\\\/www.amsted.com\\\/it\\\/?s={search_term_string}\"},\"query-input\":{\"@type\":\"PropertyValueSpecification\",\"valueRequired\":true,\"valueName\":\"search_term_string\"}}],\"inLanguage\":\"it-IT\"}]}<\/script>\n<!-- \/ Yoast SEO plugin. -->","yoast_head_json":{"title":"Chris P. Meyers - Amsted Industries","robots":{"index":"index","follow":"follow","max-snippet":"max-snippet:-1","max-image-preview":"max-image-preview:large","max-video-preview":"max-video-preview:-1"},"canonical":"https:\/\/www.amsted.com\/it\/chi-siamo\/team-di-leadership\/chris-p-meyers\/","og_locale":"it_IT","og_type":"article","og_title":"Chris P. Meyers - Amsted Industries","og_description":"Vicepresidente \u2013 Responsabile e Direttore Finanziario Chris Meyers \u00e8 Vicepresidente, Responsabile Finanziario e Direttore Finanziario della Amsted Industries. Il Sig. Meyers \u00e8 entrato in Amsted nel 2017. Precedentemente ha lavorato in qualit\u00e0 di Vicepresidente e Responsabile Finanziario della Spartan Nash Company e ha ricoperto il ruolo di Responsabile Finanziario e di Sviluppo della KeHE Distributors. [&hellip;]","og_url":"https:\/\/www.amsted.com\/it\/chi-siamo\/team-di-leadership\/chris-p-meyers\/","og_site_name":"Amsted Industries","article_modified_time":"2022-09-15T17:22:12+00:00","og_image":[{"url":"https:\/\/live-amsted-industries.pantheonsite.io\/wp-content\/uploads\/2022\/06\/chris-meyers.jpg","type":"","width":"","height":""}],"twitter_card":"summary_large_image","twitter_misc":{"Est. reading time":"1 minute"},"schema":{"@context":"https:\/\/schema.org","@graph":[{"@type":"WebPage","@id":"https:\/\/www.amsted.com\/it\/chi-siamo\/team-di-leadership\/chris-p-meyers\/","url":"https:\/\/www.amsted.com\/it\/chi-siamo\/team-di-leadership\/chris-p-meyers\/","name":"Chris P. Meyers - Amsted Industries","isPartOf":{"@id":"https:\/\/www.amsted.com\/it\/#website"},"primaryImageOfPage":{"@id":"https:\/\/www.amsted.com\/it\/chi-siamo\/team-di-leadership\/chris-p-meyers\/#primaryimage"},"image":{"@id":"https:\/\/www.amsted.com\/it\/chi-siamo\/team-di-leadership\/chris-p-meyers\/#primaryimage"},"thumbnailUrl":"https:\/\/live-amsted-industries.pantheonsite.io\/wp-content\/uploads\/2022\/06\/chris-meyers.jpg","datePublished":"2022-06-13T22:35:36+00:00","dateModified":"2022-09-15T17:22:12+00:00","breadcrumb":{"@id":"https:\/\/www.amsted.com\/it\/chi-siamo\/team-di-leadership\/chris-p-meyers\/#breadcrumb"},"inLanguage":"it-IT","potentialAction":[{"@type":"ReadAction","target":["https:\/\/www.amsted.com\/it\/chi-siamo\/team-di-leadership\/chris-p-meyers\/"]}]},{"@type":"ImageObject","inLanguage":"it-IT","@id":"https:\/\/www.amsted.com\/it\/chi-siamo\/team-di-leadership\/chris-p-meyers\/#primaryimage","url":"https:\/\/live-amsted-industries.pantheonsite.io\/wp-content\/uploads\/2022\/06\/chris-meyers.jpg","contentUrl":"https:\/\/live-amsted-industries.pantheonsite.io\/wp-content\/uploads\/2022\/06\/chris-meyers.jpg"},{"@type":"BreadcrumbList","@id":"https:\/\/www.amsted.com\/it\/chi-siamo\/team-di-leadership\/chris-p-meyers\/#breadcrumb","itemListElement":[{"@type":"ListItem","position":1,"name":"Home","item":"https:\/\/www.amsted.com\/it\/homepage\/"},{"@type":"ListItem","position":2,"name":"Chi siamo","item":"https:\/\/www.amsted.com\/it\/chi-siamo\/"},{"@type":"ListItem","position":3,"name":"Team di leadership","item":"https:\/\/www.amsted.com\/it\/chi-siamo\/team-di-leadership\/"},{"@type":"ListItem","position":4,"name":"Chris P. Meyers"}]},{"@type":"WebSite","@id":"https:\/\/www.amsted.com\/it\/#website","url":"https:\/\/www.amsted.com\/it\/","name":"Amsted Industries","description":"Just another WordPress site","potentialAction":[{"@type":"SearchAction","target":{"@type":"EntryPoint","urlTemplate":"https:\/\/www.amsted.com\/it\/?s={search_term_string}"},"query-input":{"@type":"PropertyValueSpecification","valueRequired":true,"valueName":"search_term_string"}}],"inLanguage":"it-IT"}]}},"_links":{"self":[{"href":"https:\/\/www.amsted.com\/it\/wp-json\/wp\/v2\/pages\/5484","targetHints":{"allow":["GET"]}}],"collection":[{"href":"https:\/\/www.amsted.com\/it\/wp-json\/wp\/v2\/pages"}],"about":[{"href":"https:\/\/www.amsted.com\/it\/wp-json\/wp\/v2\/types\/page"}],"author":[{"embeddable":true,"href":"https:\/\/www.amsted.com\/it\/wp-json\/wp\/v2\/users\/1"}],"replies":[{"embeddable":true,"href":"https:\/\/www.amsted.com\/it\/wp-json\/wp\/v2\/comments?post=5484"}],"version-history":[{"count":1,"href":"https:\/\/www.amsted.com\/it\/wp-json\/wp\/v2\/pages\/5484\/revisions"}],"predecessor-version":[{"id":5485,"href":"https:\/\/www.amsted.com\/it\/wp-json\/wp\/v2\/pages\/5484\/revisions\/5485"}],"up":[{"embeddable":true,"href":"https:\/\/www.amsted.com\/it\/wp-json\/wp\/v2\/pages\/5402"}],"wp:attachment":[{"href":"https:\/\/www.amsted.com\/it\/wp-json\/wp\/v2\/media?parent=5484"}],"wp:term":[{"taxonomy":"search-category","embeddable":true,"href":"https:\/\/www.amsted.com\/it\/wp-json\/wp\/v2\/search-category?post=5484"}],"curies":[{"name":"wp","href":"https:\/\/api.w.org\/{rel}","templated":true}]}}