{"id":5444,"date":"2022-06-02T02:31:51","date_gmt":"2022-06-02T02:31:51","guid":{"rendered":"https:\/\/live-amsted-industries.pantheonsite.io\/unita-di-business\/"},"modified":"2022-09-22T18:23:06","modified_gmt":"2022-09-22T18:23:06","slug":"unita-di-business","status":"publish","type":"page","link":"https:\/\/www.amsted.com\/it\/unita-di-business\/","title":{"rendered":"Unit\u00e0 di business"},"content":{"rendered":"\t\t<div data-elementor-type=\"wp-page\" data-elementor-id=\"5444\" class=\"elementor elementor-5444 elementor-190\" data-elementor-post-type=\"page\">\n\t\t\t\t\t\t<section class=\"elementor-section elementor-top-section elementor-element elementor-element-981e7e5 elementor-section-boxed elementor-section-height-default elementor-section-height-default\" data-id=\"981e7e5\" data-element_type=\"section\" data-e-type=\"section\">\n\t\t\t\t\t\t<div class=\"elementor-container elementor-column-gap-default\">\n\t\t\t\t\t<div class=\"elementor-column elementor-col-100 elementor-top-column elementor-element elementor-element-39a9464\" data-id=\"39a9464\" data-element_type=\"column\" data-e-type=\"column\">\n\t\t\t<div class=\"elementor-widget-wrap elementor-element-populated\">\n\t\t\t\t\t\t<section class=\"elementor-section elementor-inner-section elementor-element elementor-element-ee356a9 elementor-section-boxed elementor-section-height-default elementor-section-height-default\" data-id=\"ee356a9\" data-element_type=\"section\" data-e-type=\"section\" data-settings=\"{&quot;background_background&quot;:&quot;video&quot;}\">\n\t\t\t\t\t\t<div class=\"elementor-container elementor-column-gap-default\">\n\t\t\t\t\t<div class=\"elementor-column elementor-col-50 elementor-inner-column elementor-element elementor-element-3cf6a9d\" data-id=\"3cf6a9d\" data-element_type=\"column\" data-e-type=\"column\">\n\t\t\t<div class=\"elementor-widget-wrap elementor-element-populated\">\n\t\t\t\t\t\t<div class=\"elementor-element elementor-element-ef719a7 elementor-widget elementor-widget-heading\" data-id=\"ef719a7\" data-element_type=\"widget\" data-e-type=\"widget\" data-widget_type=\"heading.default\">\n\t\t\t\t<div class=\"elementor-widget-container\">\n\t\t\t\t\t<h1 class=\"elementor-heading-title elementor-size-default\">Unit\u00e0 di business<\/h1>\t\t\t\t<\/div>\n\t\t\t\t<\/div>\n\t\t\t\t\t<\/div>\n\t\t<\/div>\n\t\t\t\t<div class=\"elementor-column elementor-col-50 elementor-inner-column elementor-element elementor-element-b4b1e2c\" data-id=\"b4b1e2c\" data-element_type=\"column\" data-e-type=\"column\">\n\t\t\t<div class=\"elementor-widget-wrap elementor-element-populated\">\n\t\t\t\t\t\t<div class=\"elementor-element elementor-element-a923bfe elementor-widget elementor-widget-text-editor\" data-id=\"a923bfe\" data-element_type=\"widget\" data-e-type=\"widget\" data-widget_type=\"text-editor.default\">\n\t\t\t\t<div class=\"elementor-widget-container\">\n\t\t\t\t\t\t\t\t\t<p><span style=\"font-weight: 400;\">Nessuno conosce i nostri clienti e i nostri settori meglio di chi \u00e8 coinvolto nelle operazioni quotidiane. Per questo motivo, ciascuna delle nostre unit\u00e0 di business ha la possibilit\u00e0 di operare in modo indipendente, in modo da poter mettere in atto le persone e i processi che le porteranno al massimo successo. Di conseguenza, tutte le nostre unit\u00e0 di business principali sono fornitori pluripremiati e leader nei rispettivi settori.  <\/span><\/p>\n\t\t\t\t\t\t\t\t<\/div>\n\t\t\t\t<\/div>\n\t\t\t\t\t<\/div>\n\t\t<\/div>\n\t\t\t\t\t<\/div>\n\t\t<\/section>\n\t\t\t\t\t<\/div>\n\t\t<\/div>\n\t\t\t\t\t<\/div>\n\t\t<\/section>\n\t\t\t\t<section class=\"elementor-section elementor-top-section elementor-element elementor-element-7623fc83 elementor-section-full_width elementor-section-height-default elementor-section-height-default\" data-id=\"7623fc83\" data-element_type=\"section\" data-e-type=\"section\" data-settings=\"{&quot;background_background&quot;:&quot;classic&quot;}\">\n\t\t\t\t\t\t<div class=\"elementor-container elementor-column-gap-default\">\n\t\t\t\t\t<div class=\"elementor-column elementor-col-100 elementor-top-column elementor-element elementor-element-6c4b92c2\" data-id=\"6c4b92c2\" data-element_type=\"column\" data-e-type=\"column\">\n\t\t\t<div class=\"elementor-widget-wrap elementor-element-populated\">\n\t\t\t\t\t\t<section class=\"elementor-section elementor-inner-section elementor-element elementor-element-465f38b4 elementor-section-height-min-height elementor-section-boxed elementor-section-height-default\" data-id=\"465f38b4\" data-element_type=\"section\" data-e-type=\"section\">\n\t\t\t\t\t\t<div class=\"elementor-container elementor-column-gap-default\">\n\t\t\t\t\t<div class=\"elementor-column elementor-col-50 elementor-inner-column elementor-element elementor-element-32c1a2d1\" data-id=\"32c1a2d1\" data-element_type=\"column\" data-e-type=\"column\" data-settings=\"{&quot;background_background&quot;:&quot;classic&quot;}\">\n\t\t\t<div class=\"elementor-widget-wrap elementor-element-populated\">\n\t\t\t\t\t<div class=\"elementor-background-overlay\"><\/div>\n\t\t\t\t\t\t<div class=\"elementor-element elementor-element-4f610f6 elementor-widget__width-auto elementor-widget elementor-widget-image\" data-id=\"4f610f6\" data-element_type=\"widget\" data-e-type=\"widget\" data-widget_type=\"image.default\">\n\t\t\t\t<div class=\"elementor-widget-container\">\n\t\t\t\t\t\t\t\t\t\t\t\t\t\t\t<img fetchpriority=\"high\" decoding=\"async\" width=\"733\" height=\"226\" src=\"https:\/\/live-amsted-industries.pantheonsite.io\/wp-content\/uploads\/2022\/08\/aag-logo.png\" class=\"attachment-full size-full wp-image-3189\" alt=\"\" srcset=\"https:\/\/live-amsted-industries.pantheonsite.io\/wp-content\/uploads\/2022\/08\/aag-logo.png 733w, https:\/\/live-amsted-industries.pantheonsite.io\/wp-content\/uploads\/2022\/08\/aag-logo-300x92.png 300w\" sizes=\"(max-width: 733px) 100vw, 733px\" \/>\t\t\t\t\t\t\t\t\t\t\t\t\t\t\t<\/div>\n\t\t\t\t<\/div>\n\t\t\t\t<div class=\"elementor-element elementor-element-65489fef elementor-invisible elementor-widget elementor-widget-heading\" data-id=\"65489fef\" data-element_type=\"widget\" data-e-type=\"widget\" data-settings=\"{&quot;_animation&quot;:&quot;fadeIn&quot;}\" data-widget_type=\"heading.default\">\n\t\t\t\t<div class=\"elementor-widget-container\">\n\t\t\t\t\t<h2 class=\"elementor-heading-title elementor-size-default\">Amsted Automotive Group<\/h2>\t\t\t\t<\/div>\n\t\t\t\t<\/div>\n\t\t\t\t<div class=\"elementor-element elementor-element-50f023c2 elementor-invisible elementor-widget elementor-widget-text-editor\" data-id=\"50f023c2\" data-element_type=\"widget\" data-e-type=\"widget\" data-settings=\"{&quot;_animation&quot;:&quot;fadeIn&quot;,&quot;_animation_delay&quot;:300}\" data-widget_type=\"text-editor.default\">\n\t\t\t\t<div class=\"elementor-widget-container\">\n\t\t\t\t\t\t\t\t\t<p>Saginaw, MI<\/p>\n\t\t\t\t\t\t\t\t<\/div>\n\t\t\t\t<\/div>\n\t\t\t\t<div class=\"elementor-element elementor-element-5da60b19 ai-blue-btn elementor-align-right elementor-widget elementor-widget-button\" data-id=\"5da60b19\" data-element_type=\"widget\" data-e-type=\"widget\" data-widget_type=\"button.default\">\n\t\t\t\t<div class=\"elementor-widget-container\">\n\t\t\t\t\t\t\t\t\t<div class=\"elementor-button-wrapper\">\n\t\t\t\t\t<a class=\"elementor-button elementor-button-link elementor-size-sm elementor-animation-float\" href=\"https:\/\/www.amsted.com\/it\/unita-di-business\/amsted-automotive-group\/\">\n\t\t\t\t\t\t<span class=\"elementor-button-content-wrapper\">\n\t\t\t\t\t\t<span class=\"elementor-button-icon\">\n\t\t\t\t<i aria-hidden=\"true\" class=\"fas fa-long-arrow-alt-right\"><\/i>\t\t\t<\/span>\n\t\t\t\t\t\t\t\t<\/span>\n\t\t\t\t\t<\/a>\n\t\t\t\t<\/div>\n\t\t\t\t\t\t\t\t<\/div>\n\t\t\t\t<\/div>\n\t\t\t\t\t<\/div>\n\t\t<\/div>\n\t\t\t\t<div class=\"elementor-column elementor-col-50 elementor-inner-column elementor-element elementor-element-13c8067\" data-id=\"13c8067\" data-element_type=\"column\" data-e-type=\"column\" data-settings=\"{&quot;background_background&quot;:&quot;classic&quot;}\">\n\t\t\t<div class=\"elementor-widget-wrap elementor-element-populated\">\n\t\t\t\t\t<div class=\"elementor-background-overlay\"><\/div>\n\t\t\t\t\t\t<div class=\"elementor-element elementor-element-1ae2acfb elementor-invisible elementor-widget elementor-widget-heading\" data-id=\"1ae2acfb\" data-element_type=\"widget\" data-e-type=\"widget\" data-settings=\"{&quot;_animation&quot;:&quot;fadeIn&quot;}\" data-widget_type=\"heading.default\">\n\t\t\t\t<div class=\"elementor-widget-container\">\n\t\t\t\t\t<h2 class=\"elementor-heading-title elementor-size-default\">Amsted Rail<\/h2>\t\t\t\t<\/div>\n\t\t\t\t<\/div>\n\t\t\t\t<div class=\"elementor-element elementor-element-555bcb42 elementor-invisible elementor-widget elementor-widget-text-editor\" data-id=\"555bcb42\" data-element_type=\"widget\" data-e-type=\"widget\" data-settings=\"{&quot;_animation&quot;:&quot;fadeIn&quot;,&quot;_animation_delay&quot;:300}\" data-widget_type=\"text-editor.default\">\n\t\t\t\t<div class=\"elementor-widget-container\">\n\t\t\t\t\t\t\t\t\t<p>Chicago, IL<\/p>\n\t\t\t\t\t\t\t\t<\/div>\n\t\t\t\t<\/div>\n\t\t\t\t<div class=\"elementor-element elementor-element-11b4f195 ai-blue-btn elementor-align-right elementor-widget elementor-widget-button\" data-id=\"11b4f195\" data-element_type=\"widget\" data-e-type=\"widget\" data-widget_type=\"button.default\">\n\t\t\t\t<div class=\"elementor-widget-container\">\n\t\t\t\t\t\t\t\t\t<div class=\"elementor-button-wrapper\">\n\t\t\t\t\t<a class=\"elementor-button elementor-button-link elementor-size-sm elementor-animation-float\" href=\"https:\/\/www.amsted.com\/it\/unita-di-business\/amsted-rail\/\">\n\t\t\t\t\t\t<span class=\"elementor-button-content-wrapper\">\n\t\t\t\t\t\t<span class=\"elementor-button-icon\">\n\t\t\t\t<i aria-hidden=\"true\" class=\"fas fa-long-arrow-alt-right\"><\/i>\t\t\t<\/span>\n\t\t\t\t\t\t\t\t<\/span>\n\t\t\t\t\t<\/a>\n\t\t\t\t<\/div>\n\t\t\t\t\t\t\t\t<\/div>\n\t\t\t\t<\/div>\n\t\t\t\t<div class=\"elementor-element elementor-element-2931393 elementor-widget__width-auto elementor-widget elementor-widget-image\" data-id=\"2931393\" data-element_type=\"widget\" data-e-type=\"widget\" data-widget_type=\"image.default\">\n\t\t\t\t<div class=\"elementor-widget-container\">\n\t\t\t\t\t\t\t\t\t\t\t\t\t\t\t<img decoding=\"async\" width=\"800\" height=\"209\" src=\"https:\/\/live-amsted-industries.pantheonsite.io\/wp-content\/uploads\/2022\/08\/ar-logo-white.png\" class=\"attachment-full size-full wp-image-3193\" alt=\"\" srcset=\"https:\/\/live-amsted-industries.pantheonsite.io\/wp-content\/uploads\/2022\/08\/ar-logo-white.png 800w, https:\/\/live-amsted-industries.pantheonsite.io\/wp-content\/uploads\/2022\/08\/ar-logo-white-300x78.png 300w, https:\/\/live-amsted-industries.pantheonsite.io\/wp-content\/uploads\/2022\/08\/ar-logo-white-768x201.png 768w\" sizes=\"(max-width: 800px) 100vw, 800px\" \/>\t\t\t\t\t\t\t\t\t\t\t\t\t\t\t<\/div>\n\t\t\t\t<\/div>\n\t\t\t\t\t<\/div>\n\t\t<\/div>\n\t\t\t\t\t<\/div>\n\t\t<\/section>\n\t\t\t\t<section class=\"elementor-section elementor-inner-section elementor-element elementor-element-32c5fbf elementor-section-height-min-height elementor-section-boxed elementor-section-height-default\" data-id=\"32c5fbf\" data-element_type=\"section\" data-e-type=\"section\">\n\t\t\t\t\t\t<div class=\"elementor-container elementor-column-gap-default\">\n\t\t\t\t\t<div class=\"elementor-column elementor-col-50 elementor-inner-column elementor-element elementor-element-1f163805\" data-id=\"1f163805\" data-element_type=\"column\" data-e-type=\"column\" data-settings=\"{&quot;background_background&quot;:&quot;classic&quot;}\">\n\t\t\t<div class=\"elementor-widget-wrap elementor-element-populated\">\n\t\t\t\t\t<div class=\"elementor-background-overlay\"><\/div>\n\t\t\t\t\t\t<div class=\"elementor-element elementor-element-5c66b254 elementor-invisible elementor-widget elementor-widget-heading\" data-id=\"5c66b254\" data-element_type=\"widget\" data-e-type=\"widget\" data-settings=\"{&quot;_animation&quot;:&quot;fadeIn&quot;}\" data-widget_type=\"heading.default\">\n\t\t\t\t<div class=\"elementor-widget-container\">\n\t\t\t\t\t<h2 class=\"elementor-heading-title elementor-size-default\">Baltimore Aircoil Company<\/h2>\t\t\t\t<\/div>\n\t\t\t\t<\/div>\n\t\t\t\t<div class=\"elementor-element elementor-element-7556da2f elementor-invisible elementor-widget elementor-widget-text-editor\" data-id=\"7556da2f\" data-element_type=\"widget\" data-e-type=\"widget\" data-settings=\"{&quot;_animation&quot;:&quot;fadeIn&quot;,&quot;_animation_delay&quot;:300}\" data-widget_type=\"text-editor.default\">\n\t\t\t\t<div class=\"elementor-widget-container\">\n\t\t\t\t\t\t\t\t\t<p>Jessup, MD<\/p>\n\t\t\t\t\t\t\t\t<\/div>\n\t\t\t\t<\/div>\n\t\t\t\t<div class=\"elementor-element elementor-element-58aea4e2 ai-blue-btn elementor-align-right elementor-widget elementor-widget-button\" data-id=\"58aea4e2\" data-element_type=\"widget\" data-e-type=\"widget\" data-widget_type=\"button.default\">\n\t\t\t\t<div class=\"elementor-widget-container\">\n\t\t\t\t\t\t\t\t\t<div class=\"elementor-button-wrapper\">\n\t\t\t\t\t<a class=\"elementor-button elementor-button-link elementor-size-sm elementor-animation-float\" href=\"https:\/\/www.amsted.com\/it\/unita-di-business\/baltimore-aircoil-company\/\">\n\t\t\t\t\t\t<span class=\"elementor-button-content-wrapper\">\n\t\t\t\t\t\t<span class=\"elementor-button-icon\">\n\t\t\t\t<i aria-hidden=\"true\" class=\"fas fa-long-arrow-alt-right\"><\/i>\t\t\t<\/span>\n\t\t\t\t\t\t\t\t<\/span>\n\t\t\t\t\t<\/a>\n\t\t\t\t<\/div>\n\t\t\t\t\t\t\t\t<\/div>\n\t\t\t\t<\/div>\n\t\t\t\t<div class=\"elementor-element elementor-element-30e7b92 elementor-widget__width-auto elementor-widget elementor-widget-image\" data-id=\"30e7b92\" data-element_type=\"widget\" data-e-type=\"widget\" data-widget_type=\"image.default\">\n\t\t\t\t<div class=\"elementor-widget-container\">\n\t\t\t\t\t\t\t\t\t\t\t\t\t\t\t<img decoding=\"async\" width=\"508\" height=\"513\" src=\"https:\/\/live-amsted-industries.pantheonsite.io\/wp-content\/uploads\/2022\/06\/bac-logo.png\" class=\"attachment-full size-full wp-image-1850\" alt=\"\" srcset=\"https:\/\/live-amsted-industries.pantheonsite.io\/wp-content\/uploads\/2022\/06\/bac-logo.png 508w, https:\/\/live-amsted-industries.pantheonsite.io\/wp-content\/uploads\/2022\/06\/bac-logo-297x300.png 297w, https:\/\/live-amsted-industries.pantheonsite.io\/wp-content\/uploads\/2022\/06\/bac-logo-150x150.png 150w\" sizes=\"(max-width: 508px) 100vw, 508px\" \/>\t\t\t\t\t\t\t\t\t\t\t\t\t\t\t<\/div>\n\t\t\t\t<\/div>\n\t\t\t\t\t<\/div>\n\t\t<\/div>\n\t\t\t\t<div class=\"elementor-column elementor-col-50 elementor-inner-column elementor-element elementor-element-5a1b9c17\" data-id=\"5a1b9c17\" data-element_type=\"column\" data-e-type=\"column\" data-settings=\"{&quot;background_background&quot;:&quot;classic&quot;}\">\n\t\t\t<div class=\"elementor-widget-wrap elementor-element-populated\">\n\t\t\t\t\t<div class=\"elementor-background-overlay\"><\/div>\n\t\t\t\t\t\t<div class=\"elementor-element elementor-element-401d0589 elementor-invisible elementor-widget elementor-widget-heading\" data-id=\"401d0589\" data-element_type=\"widget\" data-e-type=\"widget\" data-settings=\"{&quot;_animation&quot;:&quot;fadeIn&quot;}\" data-widget_type=\"heading.default\">\n\t\t\t\t<div class=\"elementor-widget-container\">\n\t\t\t\t\t<h2 class=\"elementor-heading-title elementor-size-default\">ConMet<\/h2>\t\t\t\t<\/div>\n\t\t\t\t<\/div>\n\t\t\t\t<div class=\"elementor-element elementor-element-58a9d695 elementor-invisible elementor-widget elementor-widget-text-editor\" data-id=\"58a9d695\" data-element_type=\"widget\" data-e-type=\"widget\" data-settings=\"{&quot;_animation&quot;:&quot;fadeIn&quot;,&quot;_animation_delay&quot;:300}\" data-widget_type=\"text-editor.default\">\n\t\t\t\t<div class=\"elementor-widget-container\">\n\t\t\t\t\t\t\t\t\t<p>Vancouver, WA<\/p>\n\t\t\t\t\t\t\t\t<\/div>\n\t\t\t\t<\/div>\n\t\t\t\t<div class=\"elementor-element elementor-element-5985bc34 ai-blue-btn elementor-align-right elementor-widget elementor-widget-button\" data-id=\"5985bc34\" data-element_type=\"widget\" data-e-type=\"widget\" data-widget_type=\"button.default\">\n\t\t\t\t<div class=\"elementor-widget-container\">\n\t\t\t\t\t\t\t\t\t<div class=\"elementor-button-wrapper\">\n\t\t\t\t\t<a class=\"elementor-button elementor-button-link elementor-size-sm elementor-animation-float\" href=\"https:\/\/www.amsted.com\/it\/unita-di-business\/conmet\/\">\n\t\t\t\t\t\t<span class=\"elementor-button-content-wrapper\">\n\t\t\t\t\t\t<span class=\"elementor-button-icon\">\n\t\t\t\t<i aria-hidden=\"true\" class=\"fas fa-long-arrow-alt-right\"><\/i>\t\t\t<\/span>\n\t\t\t\t\t\t\t\t<\/span>\n\t\t\t\t\t<\/a>\n\t\t\t\t<\/div>\n\t\t\t\t\t\t\t\t<\/div>\n\t\t\t\t<\/div>\n\t\t\t\t<div class=\"elementor-element elementor-element-20706f1 elementor-widget__width-auto elementor-widget elementor-widget-image\" data-id=\"20706f1\" data-element_type=\"widget\" data-e-type=\"widget\" data-widget_type=\"image.default\">\n\t\t\t\t<div class=\"elementor-widget-container\">\n\t\t\t\t\t\t\t\t\t\t\t\t\t\t\t<img loading=\"lazy\" decoding=\"async\" width=\"800\" height=\"362\" src=\"https:\/\/live-amsted-industries.pantheonsite.io\/wp-content\/uploads\/2022\/08\/conmet-logo.png\" class=\"attachment-full size-full wp-image-3495\" alt=\"\" srcset=\"https:\/\/live-amsted-industries.pantheonsite.io\/wp-content\/uploads\/2022\/08\/conmet-logo.png 800w, https:\/\/live-amsted-industries.pantheonsite.io\/wp-content\/uploads\/2022\/08\/conmet-logo-300x136.png 300w, https:\/\/live-amsted-industries.pantheonsite.io\/wp-content\/uploads\/2022\/08\/conmet-logo-768x348.png 768w\" sizes=\"(max-width: 800px) 100vw, 800px\" \/>\t\t\t\t\t\t\t\t\t\t\t\t\t\t\t<\/div>\n\t\t\t\t<\/div>\n\t\t\t\t\t<\/div>\n\t\t<\/div>\n\t\t\t\t\t<\/div>\n\t\t<\/section>\n\t\t\t\t\t<\/div>\n\t\t<\/div>\n\t\t\t\t\t<\/div>\n\t\t<\/section>\n\t\t\t\t<section class=\"elementor-section elementor-top-section elementor-element elementor-element-7f61b61c elementor-section-boxed elementor-section-height-default elementor-section-height-default\" data-id=\"7f61b61c\" data-element_type=\"section\" data-e-type=\"section\" data-settings=\"{&quot;motion_fx_motion_fx_scrolling&quot;:&quot;yes&quot;,&quot;motion_fx_translateY_effect&quot;:&quot;yes&quot;,&quot;motion_fx_translateY_speed&quot;:{&quot;unit&quot;:&quot;px&quot;,&quot;size&quot;:4,&quot;sizes&quot;:[]},&quot;motion_fx_translateY_affectedRange&quot;:{&quot;unit&quot;:&quot;%&quot;,&quot;size&quot;:&quot;&quot;,&quot;sizes&quot;:{&quot;start&quot;:0,&quot;end&quot;:100}},&quot;motion_fx_devices&quot;:[&quot;widescreen&quot;,&quot;desktop&quot;,&quot;laptop&quot;,&quot;tablet_extra&quot;,&quot;tablet&quot;,&quot;mobile&quot;]}\">\n\t\t\t\t\t\t<div class=\"elementor-container elementor-column-gap-default\">\n\t\t\t\t\t<div class=\"elementor-column elementor-col-100 elementor-top-column elementor-element elementor-element-7c3b041e\" data-id=\"7c3b041e\" data-element_type=\"column\" data-e-type=\"column\">\n\t\t\t<div class=\"elementor-widget-wrap\">\n\t\t\t\t\t\t\t<\/div>\n\t\t<\/div>\n\t\t\t\t\t<\/div>\n\t\t<\/section>\n\t\t\t\t<\/div>\n\t\t","protected":false},"excerpt":{"rendered":"<p>Unit\u00e0 di business Nessuno conosce i nostri clienti e i nostri settori meglio di chi \u00e8 coinvolto nelle operazioni quotidiane. Per questo motivo, ciascuna delle nostre unit\u00e0 di business ha la possibilit\u00e0 di operare in modo indipendente, in modo da poter mettere in atto le persone e i processi che le porteranno al massimo successo. [&hellip;]<\/p>\n","protected":false},"author":1,"featured_media":0,"parent":0,"menu_order":0,"comment_status":"closed","ping_status":"closed","template":"","meta":{"_acf_changed":false,"footnotes":""},"search-category":[],"class_list":["post-5444","page","type-page","status-publish","hentry"],"acf":[],"yoast_head":"<!-- This site is optimized with the Yoast SEO plugin v27.2 - https:\/\/yoast.com\/product\/yoast-seo-wordpress\/ -->\n<title>Unit\u00e0 di business - Amsted Industries<\/title>\n<meta name=\"robots\" content=\"index, follow, max-snippet:-1, max-image-preview:large, max-video-preview:-1\" \/>\n<link rel=\"canonical\" href=\"https:\/\/www.amsted.com\/it\/unita-di-business\/\" \/>\n<meta property=\"og:locale\" content=\"it_IT\" \/>\n<meta property=\"og:type\" content=\"article\" \/>\n<meta property=\"og:title\" content=\"Unit\u00e0 di business - Amsted Industries\" \/>\n<meta property=\"og:description\" content=\"Unit\u00e0 di business Nessuno conosce i nostri clienti e i nostri settori meglio di chi \u00e8 coinvolto nelle operazioni quotidiane. Per questo motivo, ciascuna delle nostre unit\u00e0 di business ha la possibilit\u00e0 di operare in modo indipendente, in modo da poter mettere in atto le persone e i processi che le porteranno al massimo successo. [&hellip;]\" \/>\n<meta property=\"og:url\" content=\"https:\/\/www.amsted.com\/it\/unita-di-business\/\" \/>\n<meta property=\"og:site_name\" content=\"Amsted Industries\" \/>\n<meta property=\"article:modified_time\" content=\"2022-09-22T18:23:06+00:00\" \/>\n<meta property=\"og:image\" content=\"https:\/\/live-amsted-industries.pantheonsite.io\/wp-content\/uploads\/2022\/08\/aag-logo.png\" \/>\n<meta name=\"twitter:card\" content=\"summary_large_image\" \/>\n<script type=\"application\/ld+json\" class=\"yoast-schema-graph\">{\"@context\":\"https:\/\/schema.org\",\"@graph\":[{\"@type\":\"WebPage\",\"@id\":\"https:\/\/www.amsted.com\/it\/unita-di-business\/\",\"url\":\"https:\/\/www.amsted.com\/it\/unita-di-business\/\",\"name\":\"Unit\u00e0 di business - Amsted Industries\",\"isPartOf\":{\"@id\":\"https:\/\/www.amsted.com\/it\/#website\"},\"primaryImageOfPage\":{\"@id\":\"https:\/\/www.amsted.com\/it\/unita-di-business\/#primaryimage\"},\"image\":{\"@id\":\"https:\/\/www.amsted.com\/it\/unita-di-business\/#primaryimage\"},\"thumbnailUrl\":\"https:\/\/live-amsted-industries.pantheonsite.io\/wp-content\/uploads\/2022\/08\/aag-logo.png\",\"datePublished\":\"2022-06-02T02:31:51+00:00\",\"dateModified\":\"2022-09-22T18:23:06+00:00\",\"breadcrumb\":{\"@id\":\"https:\/\/www.amsted.com\/it\/unita-di-business\/#breadcrumb\"},\"inLanguage\":\"it-IT\",\"potentialAction\":[{\"@type\":\"ReadAction\",\"target\":[\"https:\/\/www.amsted.com\/it\/unita-di-business\/\"]}]},{\"@type\":\"ImageObject\",\"inLanguage\":\"it-IT\",\"@id\":\"https:\/\/www.amsted.com\/it\/unita-di-business\/#primaryimage\",\"url\":\"https:\/\/live-amsted-industries.pantheonsite.io\/wp-content\/uploads\/2022\/08\/aag-logo.png\",\"contentUrl\":\"https:\/\/live-amsted-industries.pantheonsite.io\/wp-content\/uploads\/2022\/08\/aag-logo.png\"},{\"@type\":\"BreadcrumbList\",\"@id\":\"https:\/\/www.amsted.com\/it\/unita-di-business\/#breadcrumb\",\"itemListElement\":[{\"@type\":\"ListItem\",\"position\":1,\"name\":\"Home\",\"item\":\"https:\/\/www.amsted.com\/it\/homepage\/\"},{\"@type\":\"ListItem\",\"position\":2,\"name\":\"Unit\u00e0 di business\"}]},{\"@type\":\"WebSite\",\"@id\":\"https:\/\/www.amsted.com\/it\/#website\",\"url\":\"https:\/\/www.amsted.com\/it\/\",\"name\":\"Amsted Industries\",\"description\":\"Just another WordPress site\",\"potentialAction\":[{\"@type\":\"SearchAction\",\"target\":{\"@type\":\"EntryPoint\",\"urlTemplate\":\"https:\/\/www.amsted.com\/it\/?s={search_term_string}\"},\"query-input\":{\"@type\":\"PropertyValueSpecification\",\"valueRequired\":true,\"valueName\":\"search_term_string\"}}],\"inLanguage\":\"it-IT\"}]}<\/script>\n<!-- \/ Yoast SEO plugin. -->","yoast_head_json":{"title":"Unit\u00e0 di business - Amsted Industries","robots":{"index":"index","follow":"follow","max-snippet":"max-snippet:-1","max-image-preview":"max-image-preview:large","max-video-preview":"max-video-preview:-1"},"canonical":"https:\/\/www.amsted.com\/it\/unita-di-business\/","og_locale":"it_IT","og_type":"article","og_title":"Unit\u00e0 di business - Amsted Industries","og_description":"Unit\u00e0 di business Nessuno conosce i nostri clienti e i nostri settori meglio di chi \u00e8 coinvolto nelle operazioni quotidiane. Per questo motivo, ciascuna delle nostre unit\u00e0 di business ha la possibilit\u00e0 di operare in modo indipendente, in modo da poter mettere in atto le persone e i processi che le porteranno al massimo successo. [&hellip;]","og_url":"https:\/\/www.amsted.com\/it\/unita-di-business\/","og_site_name":"Amsted Industries","article_modified_time":"2022-09-22T18:23:06+00:00","og_image":[{"url":"https:\/\/live-amsted-industries.pantheonsite.io\/wp-content\/uploads\/2022\/08\/aag-logo.png","type":"","width":"","height":""}],"twitter_card":"summary_large_image","schema":{"@context":"https:\/\/schema.org","@graph":[{"@type":"WebPage","@id":"https:\/\/www.amsted.com\/it\/unita-di-business\/","url":"https:\/\/www.amsted.com\/it\/unita-di-business\/","name":"Unit\u00e0 di business - Amsted Industries","isPartOf":{"@id":"https:\/\/www.amsted.com\/it\/#website"},"primaryImageOfPage":{"@id":"https:\/\/www.amsted.com\/it\/unita-di-business\/#primaryimage"},"image":{"@id":"https:\/\/www.amsted.com\/it\/unita-di-business\/#primaryimage"},"thumbnailUrl":"https:\/\/live-amsted-industries.pantheonsite.io\/wp-content\/uploads\/2022\/08\/aag-logo.png","datePublished":"2022-06-02T02:31:51+00:00","dateModified":"2022-09-22T18:23:06+00:00","breadcrumb":{"@id":"https:\/\/www.amsted.com\/it\/unita-di-business\/#breadcrumb"},"inLanguage":"it-IT","potentialAction":[{"@type":"ReadAction","target":["https:\/\/www.amsted.com\/it\/unita-di-business\/"]}]},{"@type":"ImageObject","inLanguage":"it-IT","@id":"https:\/\/www.amsted.com\/it\/unita-di-business\/#primaryimage","url":"https:\/\/live-amsted-industries.pantheonsite.io\/wp-content\/uploads\/2022\/08\/aag-logo.png","contentUrl":"https:\/\/live-amsted-industries.pantheonsite.io\/wp-content\/uploads\/2022\/08\/aag-logo.png"},{"@type":"BreadcrumbList","@id":"https:\/\/www.amsted.com\/it\/unita-di-business\/#breadcrumb","itemListElement":[{"@type":"ListItem","position":1,"name":"Home","item":"https:\/\/www.amsted.com\/it\/homepage\/"},{"@type":"ListItem","position":2,"name":"Unit\u00e0 di business"}]},{"@type":"WebSite","@id":"https:\/\/www.amsted.com\/it\/#website","url":"https:\/\/www.amsted.com\/it\/","name":"Amsted Industries","description":"Just another WordPress site","potentialAction":[{"@type":"SearchAction","target":{"@type":"EntryPoint","urlTemplate":"https:\/\/www.amsted.com\/it\/?s={search_term_string}"},"query-input":{"@type":"PropertyValueSpecification","valueRequired":true,"valueName":"search_term_string"}}],"inLanguage":"it-IT"}]}},"_links":{"self":[{"href":"https:\/\/www.amsted.com\/it\/wp-json\/wp\/v2\/pages\/5444","targetHints":{"allow":["GET"]}}],"collection":[{"href":"https:\/\/www.amsted.com\/it\/wp-json\/wp\/v2\/pages"}],"about":[{"href":"https:\/\/www.amsted.com\/it\/wp-json\/wp\/v2\/types\/page"}],"author":[{"embeddable":true,"href":"https:\/\/www.amsted.com\/it\/wp-json\/wp\/v2\/users\/1"}],"replies":[{"embeddable":true,"href":"https:\/\/www.amsted.com\/it\/wp-json\/wp\/v2\/comments?post=5444"}],"version-history":[{"count":5,"href":"https:\/\/www.amsted.com\/it\/wp-json\/wp\/v2\/pages\/5444\/revisions"}],"predecessor-version":[{"id":6726,"href":"https:\/\/www.amsted.com\/it\/wp-json\/wp\/v2\/pages\/5444\/revisions\/6726"}],"wp:attachment":[{"href":"https:\/\/www.amsted.com\/it\/wp-json\/wp\/v2\/media?parent=5444"}],"wp:term":[{"taxonomy":"search-category","embeddable":true,"href":"https:\/\/www.amsted.com\/it\/wp-json\/wp\/v2\/search-category?post=5444"}],"curies":[{"name":"wp","href":"https:\/\/api.w.org\/{rel}","templated":true}]}}