{"id":5422,"date":"2022-06-02T02:29:36","date_gmt":"2022-06-02T02:29:36","guid":{"rendered":"https:\/\/live-amsted-industries.pantheonsite.io\/comunita\/"},"modified":"2022-09-15T15:10:28","modified_gmt":"2022-09-15T15:10:28","slug":"comunita","status":"publish","type":"page","link":"https:\/\/www.amsted.com\/it\/comunita\/","title":{"rendered":"Comunit\u00e0"},"content":{"rendered":"\t\t<div data-elementor-type=\"wp-page\" data-elementor-id=\"5422\" class=\"elementor elementor-5422 elementor-170\" data-elementor-post-type=\"page\">\n\t\t\t\t\t\t<section class=\"elementor-section elementor-top-section elementor-element elementor-element-bceb1cc elementor-section-boxed elementor-section-height-default elementor-section-height-default\" data-id=\"bceb1cc\" data-element_type=\"section\" data-e-type=\"section\">\n\t\t\t\t\t\t<div class=\"elementor-container elementor-column-gap-default\">\n\t\t\t\t\t<div class=\"elementor-column elementor-col-100 elementor-top-column elementor-element elementor-element-c0dd11b\" data-id=\"c0dd11b\" data-element_type=\"column\" data-e-type=\"column\">\n\t\t\t<div class=\"elementor-widget-wrap elementor-element-populated\">\n\t\t\t\t\t\t<section class=\"elementor-section elementor-inner-section elementor-element elementor-element-8efd741 elementor-section-boxed elementor-section-height-default elementor-section-height-default\" data-id=\"8efd741\" data-element_type=\"section\" data-e-type=\"section\" data-settings=\"{&quot;background_background&quot;:&quot;video&quot;}\">\n\t\t\t\t\t\t<div class=\"elementor-container elementor-column-gap-default\">\n\t\t\t\t\t<div class=\"elementor-column elementor-col-50 elementor-inner-column elementor-element elementor-element-7c6b326\" data-id=\"7c6b326\" data-element_type=\"column\" data-e-type=\"column\">\n\t\t\t<div class=\"elementor-widget-wrap elementor-element-populated\">\n\t\t\t\t\t\t<div class=\"elementor-element elementor-element-39a6879 elementor-widget elementor-widget-heading\" data-id=\"39a6879\" data-element_type=\"widget\" data-e-type=\"widget\" data-widget_type=\"heading.default\">\n\t\t\t\t<div class=\"elementor-widget-container\">\n\t\t\t\t\t<h1 class=\"elementor-heading-title elementor-size-default\">Un impatto che va oltre il business\n<\/h1>\t\t\t\t<\/div>\n\t\t\t\t<\/div>\n\t\t\t\t\t<\/div>\n\t\t<\/div>\n\t\t\t\t<div class=\"elementor-column elementor-col-50 elementor-inner-column elementor-element elementor-element-da8d493\" data-id=\"da8d493\" data-element_type=\"column\" data-e-type=\"column\">\n\t\t\t<div class=\"elementor-widget-wrap elementor-element-populated\">\n\t\t\t\t\t\t<div class=\"elementor-element elementor-element-877e2d6 elementor-widget elementor-widget-text-editor\" data-id=\"877e2d6\" data-element_type=\"widget\" data-e-type=\"widget\" data-widget_type=\"text-editor.default\">\n\t\t\t\t<div class=\"elementor-widget-container\">\n\t\t\t\t\t\t\t\t\t<p><span style=\"font-weight: 400;\">I lavoratori di Amsted Industries in tutto il mondo sono al servizio delle nostre comunit\u00e0 locali. Tutte le nostre aziende partecipano a programmi di sensibilizzazione della comunit\u00e0 che includono progetti di volontariato, raccolte di donazioni, eventi di beneficenza e altro ancora. Toys for Tots, Boys &amp; Girls Clubs, Habitat for Humanity e banche alimentari comunitarie sono solo un piccolo esempio delle organizzazioni con cui abbiamo collaborato per contribuire a rendere il nostro mondo un posto migliore per tutti. <\/span><\/p>\n\t\t\t\t\t\t\t\t<\/div>\n\t\t\t\t<\/div>\n\t\t\t\t\t<\/div>\n\t\t<\/div>\n\t\t\t\t\t<\/div>\n\t\t<\/section>\n\t\t\t\t\t<\/div>\n\t\t<\/div>\n\t\t\t\t\t<\/div>\n\t\t<\/section>\n\t\t\t\t<section class=\"elementor-section elementor-top-section elementor-element elementor-element-af377dc elementor-section-boxed elementor-section-height-default elementor-section-height-default\" data-id=\"af377dc\" data-element_type=\"section\" data-e-type=\"section\">\n\t\t\t\t\t\t<div class=\"elementor-container elementor-column-gap-default\">\n\t\t\t\t\t<div class=\"elementor-column elementor-col-100 elementor-top-column elementor-element elementor-element-e5d1399\" data-id=\"e5d1399\" data-element_type=\"column\" data-e-type=\"column\">\n\t\t\t<div class=\"elementor-widget-wrap elementor-element-populated\">\n\t\t\t\t\t\t<section class=\"elementor-section elementor-inner-section elementor-element elementor-element-4b3b7a0 elementor-section-height-min-height elementor-section-boxed elementor-section-height-default\" data-id=\"4b3b7a0\" data-element_type=\"section\" data-e-type=\"section\">\n\t\t\t\t\t\t<div class=\"elementor-container elementor-column-gap-default\">\n\t\t\t\t\t<div class=\"elementor-column elementor-col-50 elementor-inner-column elementor-element elementor-element-ab8ad60\" data-id=\"ab8ad60\" data-element_type=\"column\" data-e-type=\"column\" data-settings=\"{&quot;background_background&quot;:&quot;classic&quot;}\">\n\t\t\t<div class=\"elementor-widget-wrap elementor-element-populated\">\n\t\t\t\t\t<div class=\"elementor-background-overlay\"><\/div>\n\t\t\t\t\t\t<div class=\"elementor-element elementor-element-173dbd3 elementor-invisible elementor-widget elementor-widget-heading\" data-id=\"173dbd3\" data-element_type=\"widget\" data-e-type=\"widget\" data-settings=\"{&quot;_animation&quot;:&quot;fadeIn&quot;}\" data-widget_type=\"heading.default\">\n\t\t\t\t<div class=\"elementor-widget-container\">\n\t\t\t\t\t<h2 class=\"elementor-heading-title elementor-size-default\">Programma Matching Gift della Fondazione Amsted\n<\/h2>\t\t\t\t<\/div>\n\t\t\t\t<\/div>\n\t\t\t\t<div class=\"elementor-element elementor-element-95f0cb4 elementor-invisible elementor-widget elementor-widget-text-editor\" data-id=\"95f0cb4\" data-element_type=\"widget\" data-e-type=\"widget\" data-settings=\"{&quot;_animation&quot;:&quot;fadeIn&quot;,&quot;_animation_delay&quot;:300}\" data-widget_type=\"text-editor.default\">\n\t\t\t\t<div class=\"elementor-widget-container\">\n\t\t\t\t\t\t\t\t\t<p><span style=\"font-weight: 400;\">Il programma Matching Gift indirizza una parte delle risorse della Fondazione Amsted verso le organizzazioni di valore pi\u00f9 importanti per i nostri dipendenti. Qualsiasi combinazione di donazioni a favore di organizzazioni qualificate nei settori dell&#8217;istruzione, della sanit\u00e0 e dei servizi umani, dei giovani, della societ\u00e0 civile, della cultura e delle arti sar\u00e0 equiparata dollaro per dollaro dalla Fondazione Amsted, fino a un massimo di 5.000 dollari per dipendente all&#8217;anno. <\/span><\/p>\n\t\t\t\t\t\t\t\t<\/div>\n\t\t\t\t<\/div>\n\t\t\t\t\t<\/div>\n\t\t<\/div>\n\t\t\t\t<div class=\"elementor-column elementor-col-50 elementor-inner-column elementor-element elementor-element-c0f3228\" data-id=\"c0f3228\" data-element_type=\"column\" data-e-type=\"column\" data-settings=\"{&quot;background_background&quot;:&quot;classic&quot;}\">\n\t\t\t<div class=\"elementor-widget-wrap elementor-element-populated\">\n\t\t\t\t\t\t<div class=\"elementor-element elementor-element-27a58f0 elementor-widget elementor-widget-spacer\" data-id=\"27a58f0\" data-element_type=\"widget\" data-e-type=\"widget\" data-widget_type=\"spacer.default\">\n\t\t\t\t<div class=\"elementor-widget-container\">\n\t\t\t\t\t\t\t<div class=\"elementor-spacer\">\n\t\t\t<div class=\"elementor-spacer-inner\"><\/div>\n\t\t<\/div>\n\t\t\t\t\t\t<\/div>\n\t\t\t\t<\/div>\n\t\t\t\t\t<\/div>\n\t\t<\/div>\n\t\t\t\t\t<\/div>\n\t\t<\/section>\n\t\t\t\t<section class=\"elementor-section elementor-inner-section elementor-element elementor-element-c7ac355 elementor-section-height-min-height elementor-section-boxed elementor-section-height-default\" data-id=\"c7ac355\" data-element_type=\"section\" data-e-type=\"section\" data-settings=\"{&quot;background_background&quot;:&quot;classic&quot;}\">\n\t\t\t\t\t\t<div class=\"elementor-container elementor-column-gap-default\">\n\t\t\t\t\t<div class=\"elementor-column elementor-col-50 elementor-inner-column elementor-element elementor-element-d7ec274\" data-id=\"d7ec274\" data-element_type=\"column\" data-e-type=\"column\" data-settings=\"{&quot;background_background&quot;:&quot;classic&quot;}\">\n\t\t\t<div class=\"elementor-widget-wrap elementor-element-populated\">\n\t\t\t\t\t<div class=\"elementor-background-overlay\"><\/div>\n\t\t\t\t\t\t<div class=\"elementor-element elementor-element-25e1785 elementor-invisible elementor-widget elementor-widget-heading\" data-id=\"25e1785\" data-element_type=\"widget\" data-e-type=\"widget\" data-settings=\"{&quot;_animation&quot;:&quot;fadeIn&quot;}\" data-widget_type=\"heading.default\">\n\t\t\t\t<div class=\"elementor-widget-container\">\n\t\t\t\t\t<h2 class=\"elementor-heading-title elementor-size-default\">BAC: Just a Drop\n<\/h2>\t\t\t\t<\/div>\n\t\t\t\t<\/div>\n\t\t\t\t<div class=\"elementor-element elementor-element-889bd2e elementor-invisible elementor-widget elementor-widget-text-editor\" data-id=\"889bd2e\" data-element_type=\"widget\" data-e-type=\"widget\" data-settings=\"{&quot;_animation&quot;:&quot;fadeIn&quot;,&quot;_animation_delay&quot;:300}\" data-widget_type=\"text-editor.default\">\n\t\t\t\t<div class=\"elementor-widget-container\">\n\t\t\t\t\t\t\t\t\t<p><span style=\"font-weight: 400;\">La disponibilit\u00e0 di acqua pulita \u00e8 fondamentale per il funzionamento sicuro delle apparecchiature di raffreddamento evaporativo sostenibili. BAC si impegna a garantire che l&#8217;acqua pulita e sicura sia disponibile per le persone in tutto il mondo, in quanto \u00e8 essenziale per lo sviluppo umano.<\/span><\/p>\n<p><span style=\"font-weight: 400;\">BAC ha collaborato con Just a Drop in occasione della Giornata Mondiale dell&#8217;Acqua nel marzo 2018 per portare acqua sicura e servizi igienici alle comunit\u00e0 di tutto il mondo. Dall&#8217;inizio della collaborazione, migliaia di persone sono state raggiunte dall&#8217;accesso all&#8217;acqua potabile, ai servizi igienici e all&#8217;igiene.<\/span><\/p>\n\t\t\t\t\t\t\t\t<\/div>\n\t\t\t\t<\/div>\n\t\t\t\t\t<\/div>\n\t\t<\/div>\n\t\t\t\t<div class=\"elementor-column elementor-col-50 elementor-inner-column elementor-element elementor-element-e92c428\" data-id=\"e92c428\" data-element_type=\"column\" data-e-type=\"column\" data-settings=\"{&quot;background_background&quot;:&quot;classic&quot;}\">\n\t\t\t<div class=\"elementor-widget-wrap elementor-element-populated\">\n\t\t\t\t\t<div class=\"elementor-background-overlay\"><\/div>\n\t\t\t\t\t\t<div class=\"elementor-element elementor-element-9c0ae88 elementor-widget elementor-widget-spacer\" data-id=\"9c0ae88\" data-element_type=\"widget\" data-e-type=\"widget\" data-widget_type=\"spacer.default\">\n\t\t\t\t<div class=\"elementor-widget-container\">\n\t\t\t\t\t\t\t<div class=\"elementor-spacer\">\n\t\t\t<div class=\"elementor-spacer-inner\"><\/div>\n\t\t<\/div>\n\t\t\t\t\t\t<\/div>\n\t\t\t\t<\/div>\n\t\t\t\t\t<\/div>\n\t\t<\/div>\n\t\t\t\t\t<\/div>\n\t\t<\/section>\n\t\t\t\t<section class=\"elementor-section elementor-inner-section elementor-element elementor-element-e50a44e elementor-section-height-min-height elementor-section-boxed elementor-section-height-default\" data-id=\"e50a44e\" data-element_type=\"section\" data-e-type=\"section\">\n\t\t\t\t\t\t<div class=\"elementor-container elementor-column-gap-default\">\n\t\t\t\t\t<div class=\"elementor-column elementor-col-50 elementor-inner-column elementor-element elementor-element-5f298db\" data-id=\"5f298db\" data-element_type=\"column\" data-e-type=\"column\" data-settings=\"{&quot;background_background&quot;:&quot;classic&quot;}\">\n\t\t\t<div class=\"elementor-widget-wrap elementor-element-populated\">\n\t\t\t\t\t\t<div class=\"elementor-element elementor-element-3952bf6 elementor-invisible elementor-widget elementor-widget-heading\" data-id=\"3952bf6\" data-element_type=\"widget\" data-e-type=\"widget\" data-settings=\"{&quot;_animation&quot;:&quot;fadeIn&quot;}\" data-widget_type=\"heading.default\">\n\t\t\t\t<div class=\"elementor-widget-container\">\n\t\t\t\t\t<h2 class=\"elementor-heading-title elementor-size-default\">Spirito di ConMet\n<\/h2>\t\t\t\t<\/div>\n\t\t\t\t<\/div>\n\t\t\t\t<div class=\"elementor-element elementor-element-d977ae6 elementor-invisible elementor-widget elementor-widget-text-editor\" data-id=\"d977ae6\" data-element_type=\"widget\" data-e-type=\"widget\" data-settings=\"{&quot;_animation&quot;:&quot;fadeIn&quot;,&quot;_animation_delay&quot;:300}\" data-widget_type=\"text-editor.default\">\n\t\t\t\t<div class=\"elementor-widget-container\">\n\t\t\t\t\t\t\t\t\t<p><span style=\"font-weight: 400;\">Il Comitato per i Servizi alla Comunit\u00e0 di ConMet \u00e8 stato istituito per aiutare l&#8217;azienda a guardare al di l\u00e0 delle pratiche commerciali verso una mentalit\u00e0 di &#8220;Servizio agli altri&#8221;, coordinando il volontariato locale e altre opportunit\u00e0 di servizio a cui i dipendenti possono partecipare. Il comitato lavora per trovare progetti che risuonino tra i nostri dipendenti e incoraggino l&#8217;azione, tra cui il salvataggio degli animali, il miglioramento dell&#8217;ambiente, i programmi per i giovani e l&#8217;aiuto agli altri in caso di necessit\u00e0 economiche.<\/span><\/p>\n<p><span style=\"font-weight: 400;\">Ai dipendenti di ConMet viene chiesto di dedicare al servizio 8-16 ore di lavoro all&#8217;anno. Sebbene si tratti di un&#8217;attivit\u00e0 completamente volontaria, ConMet ha riscontrato che l&#8217;impegno dei suoi dipendenti \u00e8 andato oltre le aspettative, e lo riconosce con un premio annuale &#8220;Spirit of ConMet&#8221;, assegnato a un volontario eccezionale che incarna la mentalit\u00e0 del &#8220;Servizio agli altri&#8221;.<\/span><\/p>\n\t\t\t\t\t\t\t\t<\/div>\n\t\t\t\t<\/div>\n\t\t\t\t\t<\/div>\n\t\t<\/div>\n\t\t\t\t<div class=\"elementor-column elementor-col-50 elementor-inner-column elementor-element elementor-element-f2d1ce2\" data-id=\"f2d1ce2\" data-element_type=\"column\" data-e-type=\"column\" data-settings=\"{&quot;background_background&quot;:&quot;classic&quot;}\">\n\t\t\t<div class=\"elementor-widget-wrap elementor-element-populated\">\n\t\t\t\t\t\t<div class=\"elementor-element elementor-element-f324355 elementor-widget elementor-widget-spacer\" data-id=\"f324355\" data-element_type=\"widget\" data-e-type=\"widget\" data-widget_type=\"spacer.default\">\n\t\t\t\t<div class=\"elementor-widget-container\">\n\t\t\t\t\t\t\t<div class=\"elementor-spacer\">\n\t\t\t<div class=\"elementor-spacer-inner\"><\/div>\n\t\t<\/div>\n\t\t\t\t\t\t<\/div>\n\t\t\t\t<\/div>\n\t\t\t\t\t<\/div>\n\t\t<\/div>\n\t\t\t\t\t<\/div>\n\t\t<\/section>\n\t\t\t\t\t<\/div>\n\t\t<\/div>\n\t\t\t\t\t<\/div>\n\t\t<\/section>\n\t\t\t\t<\/div>\n\t\t","protected":false},"excerpt":{"rendered":"<p>Un impatto che va oltre il business I lavoratori di Amsted Industries in tutto il mondo sono al servizio delle nostre comunit\u00e0 locali. Tutte le nostre aziende partecipano a programmi di sensibilizzazione della comunit\u00e0 che includono progetti di volontariato, raccolte di donazioni, eventi di beneficenza e altro ancora. Toys for Tots, Boys &amp; Girls Clubs, [&hellip;]<\/p>\n","protected":false},"author":1,"featured_media":0,"parent":0,"menu_order":0,"comment_status":"closed","ping_status":"closed","template":"","meta":{"_acf_changed":false,"footnotes":""},"search-category":[19],"class_list":["post-5422","page","type-page","status-publish","hentry","search-category-company"],"acf":[],"yoast_head":"<!-- This site is optimized with the Yoast SEO plugin v27.2 - https:\/\/yoast.com\/product\/yoast-seo-wordpress\/ -->\n<title>Comunit\u00e0 - Amsted Industries<\/title>\n<meta name=\"robots\" content=\"index, follow, max-snippet:-1, max-image-preview:large, max-video-preview:-1\" \/>\n<link rel=\"canonical\" href=\"https:\/\/www.amsted.com\/it\/comunita\/\" \/>\n<meta property=\"og:locale\" content=\"it_IT\" \/>\n<meta property=\"og:type\" content=\"article\" \/>\n<meta property=\"og:title\" content=\"Comunit\u00e0 - Amsted Industries\" \/>\n<meta property=\"og:description\" content=\"Un impatto che va oltre il business I lavoratori di Amsted Industries in tutto il mondo sono al servizio delle nostre comunit\u00e0 locali. Tutte le nostre aziende partecipano a programmi di sensibilizzazione della comunit\u00e0 che includono progetti di volontariato, raccolte di donazioni, eventi di beneficenza e altro ancora. Toys for Tots, Boys &amp; Girls Clubs, [&hellip;]\" \/>\n<meta property=\"og:url\" content=\"https:\/\/www.amsted.com\/it\/comunita\/\" \/>\n<meta property=\"og:site_name\" content=\"Amsted Industries\" \/>\n<meta property=\"article:modified_time\" content=\"2022-09-15T15:10:28+00:00\" \/>\n<meta name=\"twitter:card\" content=\"summary_large_image\" \/>\n<meta name=\"twitter:label1\" content=\"Est. reading time\" \/>\n\t<meta name=\"twitter:data1\" content=\"2 minutes\" \/>\n<script type=\"application\/ld+json\" class=\"yoast-schema-graph\">{\"@context\":\"https:\/\/schema.org\",\"@graph\":[{\"@type\":\"WebPage\",\"@id\":\"https:\/\/www.amsted.com\/it\/comunita\/\",\"url\":\"https:\/\/www.amsted.com\/it\/comunita\/\",\"name\":\"Comunit\u00e0 - Amsted Industries\",\"isPartOf\":{\"@id\":\"https:\/\/www.amsted.com\/it\/#website\"},\"datePublished\":\"2022-06-02T02:29:36+00:00\",\"dateModified\":\"2022-09-15T15:10:28+00:00\",\"breadcrumb\":{\"@id\":\"https:\/\/www.amsted.com\/it\/comunita\/#breadcrumb\"},\"inLanguage\":\"it-IT\",\"potentialAction\":[{\"@type\":\"ReadAction\",\"target\":[\"https:\/\/www.amsted.com\/it\/comunita\/\"]}]},{\"@type\":\"BreadcrumbList\",\"@id\":\"https:\/\/www.amsted.com\/it\/comunita\/#breadcrumb\",\"itemListElement\":[{\"@type\":\"ListItem\",\"position\":1,\"name\":\"Home\",\"item\":\"https:\/\/www.amsted.com\/it\/homepage\/\"},{\"@type\":\"ListItem\",\"position\":2,\"name\":\"Comunit\u00e0\"}]},{\"@type\":\"WebSite\",\"@id\":\"https:\/\/www.amsted.com\/it\/#website\",\"url\":\"https:\/\/www.amsted.com\/it\/\",\"name\":\"Amsted Industries\",\"description\":\"Just another WordPress site\",\"potentialAction\":[{\"@type\":\"SearchAction\",\"target\":{\"@type\":\"EntryPoint\",\"urlTemplate\":\"https:\/\/www.amsted.com\/it\/?s={search_term_string}\"},\"query-input\":{\"@type\":\"PropertyValueSpecification\",\"valueRequired\":true,\"valueName\":\"search_term_string\"}}],\"inLanguage\":\"it-IT\"}]}<\/script>\n<!-- \/ Yoast SEO plugin. -->","yoast_head_json":{"title":"Comunit\u00e0 - Amsted Industries","robots":{"index":"index","follow":"follow","max-snippet":"max-snippet:-1","max-image-preview":"max-image-preview:large","max-video-preview":"max-video-preview:-1"},"canonical":"https:\/\/www.amsted.com\/it\/comunita\/","og_locale":"it_IT","og_type":"article","og_title":"Comunit\u00e0 - Amsted Industries","og_description":"Un impatto che va oltre il business I lavoratori di Amsted Industries in tutto il mondo sono al servizio delle nostre comunit\u00e0 locali. Tutte le nostre aziende partecipano a programmi di sensibilizzazione della comunit\u00e0 che includono progetti di volontariato, raccolte di donazioni, eventi di beneficenza e altro ancora. Toys for Tots, Boys &amp; Girls Clubs, [&hellip;]","og_url":"https:\/\/www.amsted.com\/it\/comunita\/","og_site_name":"Amsted Industries","article_modified_time":"2022-09-15T15:10:28+00:00","twitter_card":"summary_large_image","twitter_misc":{"Est. reading time":"2 minutes"},"schema":{"@context":"https:\/\/schema.org","@graph":[{"@type":"WebPage","@id":"https:\/\/www.amsted.com\/it\/comunita\/","url":"https:\/\/www.amsted.com\/it\/comunita\/","name":"Comunit\u00e0 - Amsted Industries","isPartOf":{"@id":"https:\/\/www.amsted.com\/it\/#website"},"datePublished":"2022-06-02T02:29:36+00:00","dateModified":"2022-09-15T15:10:28+00:00","breadcrumb":{"@id":"https:\/\/www.amsted.com\/it\/comunita\/#breadcrumb"},"inLanguage":"it-IT","potentialAction":[{"@type":"ReadAction","target":["https:\/\/www.amsted.com\/it\/comunita\/"]}]},{"@type":"BreadcrumbList","@id":"https:\/\/www.amsted.com\/it\/comunita\/#breadcrumb","itemListElement":[{"@type":"ListItem","position":1,"name":"Home","item":"https:\/\/www.amsted.com\/it\/homepage\/"},{"@type":"ListItem","position":2,"name":"Comunit\u00e0"}]},{"@type":"WebSite","@id":"https:\/\/www.amsted.com\/it\/#website","url":"https:\/\/www.amsted.com\/it\/","name":"Amsted Industries","description":"Just another WordPress site","potentialAction":[{"@type":"SearchAction","target":{"@type":"EntryPoint","urlTemplate":"https:\/\/www.amsted.com\/it\/?s={search_term_string}"},"query-input":{"@type":"PropertyValueSpecification","valueRequired":true,"valueName":"search_term_string"}}],"inLanguage":"it-IT"}]}},"_links":{"self":[{"href":"https:\/\/www.amsted.com\/it\/wp-json\/wp\/v2\/pages\/5422","targetHints":{"allow":["GET"]}}],"collection":[{"href":"https:\/\/www.amsted.com\/it\/wp-json\/wp\/v2\/pages"}],"about":[{"href":"https:\/\/www.amsted.com\/it\/wp-json\/wp\/v2\/types\/page"}],"author":[{"embeddable":true,"href":"https:\/\/www.amsted.com\/it\/wp-json\/wp\/v2\/users\/1"}],"replies":[{"embeddable":true,"href":"https:\/\/www.amsted.com\/it\/wp-json\/wp\/v2\/comments?post=5422"}],"version-history":[{"count":1,"href":"https:\/\/www.amsted.com\/it\/wp-json\/wp\/v2\/pages\/5422\/revisions"}],"predecessor-version":[{"id":5423,"href":"https:\/\/www.amsted.com\/it\/wp-json\/wp\/v2\/pages\/5422\/revisions\/5423"}],"wp:attachment":[{"href":"https:\/\/www.amsted.com\/it\/wp-json\/wp\/v2\/media?parent=5422"}],"wp:term":[{"taxonomy":"search-category","embeddable":true,"href":"https:\/\/www.amsted.com\/it\/wp-json\/wp\/v2\/search-category?post=5422"}],"curies":[{"name":"wp","href":"https:\/\/api.w.org\/{rel}","templated":true}]}}