{"id":5408,"date":"2022-06-02T02:33:33","date_gmt":"2022-06-02T02:33:33","guid":{"rendered":"https:\/\/live-amsted-industries.pantheonsite.io\/innovazione\/"},"modified":"2022-09-23T18:05:44","modified_gmt":"2022-09-23T18:05:44","slug":"innovazione","status":"publish","type":"page","link":"https:\/\/www.amsted.com\/it\/innovazione\/","title":{"rendered":"Innovazione"},"content":{"rendered":"\t\t<div data-elementor-type=\"wp-page\" data-elementor-id=\"5408\" class=\"elementor elementor-5408 elementor-200\" data-elementor-post-type=\"page\">\n\t\t\t\t\t\t<section class=\"elementor-section elementor-top-section elementor-element elementor-element-362a907 elementor-section-height-min-height elementor-section-full_width elementor-section-height-default elementor-section-items-middle\" data-id=\"362a907\" data-element_type=\"section\" data-e-type=\"section\" data-settings=\"{&quot;background_background&quot;:&quot;classic&quot;}\">\n\t\t\t\t\t\t\t<div class=\"elementor-background-overlay\"><\/div>\n\t\t\t\t\t\t\t<div class=\"elementor-container elementor-column-gap-default\">\n\t\t\t\t\t<div class=\"elementor-column elementor-col-100 elementor-top-column elementor-element elementor-element-35f6754\" data-id=\"35f6754\" data-element_type=\"column\" data-e-type=\"column\">\n\t\t\t<div class=\"elementor-widget-wrap elementor-element-populated\">\n\t\t\t\t\t\t<section class=\"elementor-section elementor-inner-section elementor-element elementor-element-3e111c7 elementor-section-boxed elementor-section-height-default elementor-section-height-default\" data-id=\"3e111c7\" data-element_type=\"section\" data-e-type=\"section\" data-settings=\"{&quot;background_background&quot;:&quot;video&quot;}\">\n\t\t\t\t\t\t<div class=\"elementor-container elementor-column-gap-default\">\n\t\t\t\t\t<div class=\"elementor-column elementor-col-50 elementor-inner-column elementor-element elementor-element-737162f\" data-id=\"737162f\" data-element_type=\"column\" data-e-type=\"column\">\n\t\t\t<div class=\"elementor-widget-wrap elementor-element-populated\">\n\t\t\t\t\t\t<div class=\"elementor-element elementor-element-f1c38b7 animated-slow elementor-invisible elementor-widget elementor-widget-heading\" data-id=\"f1c38b7\" data-element_type=\"widget\" data-e-type=\"widget\" data-settings=\"{&quot;_animation&quot;:&quot;fadeIn&quot;}\" data-widget_type=\"heading.default\">\n\t\t\t\t<div class=\"elementor-widget-container\">\n\t\t\t\t\t<h1 class=\"elementor-heading-title elementor-size-default\">Sfruttare la nostra tradizione di innovazione per guidare, trasformare e ridefinire le aziende globali<\/h1>\t\t\t\t<\/div>\n\t\t\t\t<\/div>\n\t\t\t\t\t<\/div>\n\t\t<\/div>\n\t\t\t\t<div class=\"elementor-column elementor-col-50 elementor-inner-column elementor-element elementor-element-43c687d\" data-id=\"43c687d\" data-element_type=\"column\" data-e-type=\"column\">\n\t\t\t<div class=\"elementor-widget-wrap\">\n\t\t\t\t\t\t\t<\/div>\n\t\t<\/div>\n\t\t\t\t\t<\/div>\n\t\t<\/section>\n\t\t\t\t\t<\/div>\n\t\t<\/div>\n\t\t\t\t\t<\/div>\n\t\t<\/section>\n\t\t\t\t<section class=\"elementor-section elementor-top-section elementor-element elementor-element-125ffb2 elementor-section-full_width elementor-section-height-default elementor-section-height-default\" data-id=\"125ffb2\" data-element_type=\"section\" data-e-type=\"section\" data-settings=\"{&quot;background_background&quot;:&quot;classic&quot;}\">\n\t\t\t\t\t\t<div class=\"elementor-container elementor-column-gap-default\">\n\t\t\t\t\t<div class=\"elementor-column elementor-col-100 elementor-top-column elementor-element elementor-element-307193c\" data-id=\"307193c\" data-element_type=\"column\" data-e-type=\"column\">\n\t\t\t<div class=\"elementor-widget-wrap elementor-element-populated\">\n\t\t\t\t\t\t<section class=\"elementor-section elementor-inner-section elementor-element elementor-element-1ae1087 main-content elementor-section-boxed elementor-section-height-default elementor-section-height-default\" data-id=\"1ae1087\" data-element_type=\"section\" data-e-type=\"section\">\n\t\t\t\t\t\t<div class=\"elementor-container elementor-column-gap-default\">\n\t\t\t\t\t<div class=\"elementor-column elementor-col-50 elementor-inner-column elementor-element elementor-element-4f4caac\" data-id=\"4f4caac\" data-element_type=\"column\" data-e-type=\"column\">\n\t\t\t<div class=\"elementor-widget-wrap elementor-element-populated\">\n\t\t\t\t\t\t<div class=\"elementor-element elementor-element-fa81575 elementor-widget elementor-widget-heading\" data-id=\"fa81575\" data-element_type=\"widget\" data-e-type=\"widget\" data-widget_type=\"heading.default\">\n\t\t\t\t<div class=\"elementor-widget-container\">\n\t\t\t\t\t<h2 class=\"elementor-heading-title elementor-size-default\">Gli Amsted Technology Panels promuovono la collaborazione e il progresso tra le aziende<\/h2>\t\t\t\t<\/div>\n\t\t\t\t<\/div>\n\t\t\t\t<div class=\"elementor-element elementor-element-58c5e5d elementor-widget elementor-widget-text-editor\" data-id=\"58c5e5d\" data-element_type=\"widget\" data-e-type=\"widget\" data-widget_type=\"text-editor.default\">\n\t\t\t\t<div class=\"elementor-widget-container\">\n\t\t\t\t\t\t\t\t\t<p>Ci sforziamo di creare un ambiente che faciliti la comunicazione aperta e la condivisione delle conoscenze in tutta Amsted Industries. Quando usciamo dai nostri silos lavorativi e apriamo le nostre menti a nuovi e diversi modi di pensare, diventiamo pi\u00f9 grandi della somma delle parti. Ecco perch\u00e9 abbiamo implementato gli Amsted Technology Panels, un ecosistema di collaborazione tra le entit\u00e0 di Amsted Industries che ci permette di identificare collettivamente le tendenze del mercato, diffondere informazioni e creare un&#8217;unica visione futura per le attivit\u00e0 di Amsted.  <\/p>\n\t\t\t\t\t\t\t\t<\/div>\n\t\t\t\t<\/div>\n\t\t\t\t\t<\/div>\n\t\t<\/div>\n\t\t\t\t<div class=\"elementor-column elementor-col-50 elementor-inner-column elementor-element elementor-element-fda72eb\" data-id=\"fda72eb\" data-element_type=\"column\" data-e-type=\"column\">\n\t\t\t<div class=\"elementor-widget-wrap elementor-element-populated\">\n\t\t\t\t\t\t<div class=\"elementor-element elementor-element-5bd6bfb elementor-invisible elementor-widget elementor-widget-text-editor\" data-id=\"5bd6bfb\" data-element_type=\"widget\" data-e-type=\"widget\" data-settings=\"{&quot;_animation&quot;:&quot;fadeIn&quot;,&quot;_animation_delay&quot;:100}\" data-widget_type=\"text-editor.default\">\n\t\t\t\t<div class=\"elementor-widget-container\">\n\t\t\t\t\t\t\t\t\t<p>Con le nuove tecnologie arrivano le opportunit\u00e0. L&#8217;innovazione \u00e8 un principio fondamentale di Amsted Industries: tutti i nostri dipendenti sono autorizzati a fare domande, a pensare fuori dagli schemi e a sfidare lo status quo. Utilizziamo l&#8217;innovazione per migliorare i nostri prodotti esistenti, sviluppare nuove soluzioni innovative per servire meglio i nostri clienti, migliorare i nostri processi produttivi e ridurre l&#8217;impatto ambientale complessivo.  <\/p>\n\t\t\t\t\t\t\t\t<\/div>\n\t\t\t\t<\/div>\n\t\t\t\t<div class=\"elementor-element elementor-element-e1845c2 elementor-widget elementor-widget-text-editor\" data-id=\"e1845c2\" data-element_type=\"widget\" data-e-type=\"widget\" data-widget_type=\"text-editor.default\">\n\t\t\t\t<div class=\"elementor-widget-container\">\n\t\t\t\t\t\t\t\t\t<ul>\n<li>Pannello Internet di cose<\/li>\n<li>Panel Tecnologie per la produzione di additivi<\/li>\n<li>Gruppo di esperti di metallurgia e tecnologia dei materiali<\/li>\n<li>Pannello Sistemi di visione<\/li>\n<li>Consiglio Innovazione\/Automazione<\/li>\n<li>Pannello Operazioni<\/li>\n<\/ul>\n\t\t\t\t\t\t\t\t<\/div>\n\t\t\t\t<\/div>\n\t\t\t\t\t<\/div>\n\t\t<\/div>\n\t\t\t\t\t<\/div>\n\t\t<\/section>\n\t\t\t\t\t<\/div>\n\t\t<\/div>\n\t\t\t\t\t<\/div>\n\t\t<\/section>\n\t\t\t\t<section class=\"elementor-section elementor-top-section elementor-element elementor-element-0981b73 elementor-section-boxed elementor-section-height-default elementor-section-height-default\" data-id=\"0981b73\" data-element_type=\"section\" data-e-type=\"section\" data-settings=\"{&quot;background_background&quot;:&quot;classic&quot;}\">\n\t\t\t\t\t\t<div class=\"elementor-container elementor-column-gap-default\">\n\t\t\t\t\t<div class=\"elementor-column elementor-col-100 elementor-top-column elementor-element elementor-element-93a67a6\" data-id=\"93a67a6\" data-element_type=\"column\" data-e-type=\"column\">\n\t\t\t<div class=\"elementor-widget-wrap elementor-element-populated\">\n\t\t\t\t\t\t<section class=\"elementor-section elementor-inner-section elementor-element elementor-element-caadf32 elementor-section-boxed elementor-section-height-default elementor-section-height-default\" data-id=\"caadf32\" data-element_type=\"section\" data-e-type=\"section\">\n\t\t\t\t\t\t<div class=\"elementor-container elementor-column-gap-default\">\n\t\t\t\t\t<div class=\"elementor-column elementor-col-100 elementor-inner-column elementor-element elementor-element-fd39e7f\" data-id=\"fd39e7f\" data-element_type=\"column\" data-e-type=\"column\">\n\t\t\t<div class=\"elementor-widget-wrap elementor-element-populated\">\n\t\t\t\t\t\t<div class=\"elementor-element elementor-element-d82750c elementor-widget elementor-widget-heading\" data-id=\"d82750c\" data-element_type=\"widget\" data-e-type=\"widget\" data-widget_type=\"heading.default\">\n\t\t\t\t<div class=\"elementor-widget-container\">\n\t\t\t\t\t<h2 class=\"elementor-heading-title elementor-size-default\">I nostri partner per l'innovazione<\/h2>\t\t\t\t<\/div>\n\t\t\t\t<\/div>\n\t\t\t\t\t<\/div>\n\t\t<\/div>\n\t\t\t\t\t<\/div>\n\t\t<\/section>\n\t\t\t\t<section class=\"elementor-section elementor-inner-section elementor-element elementor-element-6a7e8cf elementor-section-boxed elementor-section-height-default elementor-section-height-default\" data-id=\"6a7e8cf\" data-element_type=\"section\" data-e-type=\"section\">\n\t\t\t\t\t\t<div class=\"elementor-container elementor-column-gap-default\">\n\t\t\t\t\t<div class=\"elementor-column elementor-col-50 elementor-inner-column elementor-element elementor-element-c246c0b\" data-id=\"c246c0b\" data-element_type=\"column\" data-e-type=\"column\">\n\t\t\t<div class=\"elementor-widget-wrap elementor-element-populated\">\n\t\t\t\t\t\t<div class=\"elementor-element elementor-element-911a9a3 elementor-widget elementor-widget-image\" data-id=\"911a9a3\" data-element_type=\"widget\" data-e-type=\"widget\" data-widget_type=\"image.default\">\n\t\t\t\t<div class=\"elementor-widget-container\">\n\t\t\t\t\t\t\t\t\t\t\t\t\t\t\t<img fetchpriority=\"high\" decoding=\"async\" width=\"800\" height=\"314\" src=\"https:\/\/www.amsted.com\/wp-content\/uploads\/2022\/08\/upeishield.png\" class=\"attachment-large size-large wp-image-3001\" alt=\"\" srcset=\"https:\/\/www.amsted.com\/wp-content\/uploads\/2022\/08\/upeishield.png 800w, https:\/\/www.amsted.com\/wp-content\/uploads\/2022\/08\/upeishield-300x118.png 300w, https:\/\/www.amsted.com\/wp-content\/uploads\/2022\/08\/upeishield-768x301.png 768w\" sizes=\"(max-width: 800px) 100vw, 800px\" \/>\t\t\t\t\t\t\t\t\t\t\t\t\t\t\t<\/div>\n\t\t\t\t<\/div>\n\t\t\t\t\t<\/div>\n\t\t<\/div>\n\t\t\t\t<div class=\"elementor-column elementor-col-50 elementor-inner-column elementor-element elementor-element-8f312a2\" data-id=\"8f312a2\" data-element_type=\"column\" data-e-type=\"column\">\n\t\t\t<div class=\"elementor-widget-wrap elementor-element-populated\">\n\t\t\t\t\t\t<div class=\"elementor-element elementor-element-5a33a5e elementor-widget elementor-widget-heading\" data-id=\"5a33a5e\" data-element_type=\"widget\" data-e-type=\"widget\" data-widget_type=\"heading.default\">\n\t\t\t\t<div class=\"elementor-widget-container\">\n\t\t\t\t\t<h3 class=\"elementor-heading-title elementor-size-default\">The University of Prince Edward Island<\/h3>\t\t\t\t<\/div>\n\t\t\t\t<\/div>\n\t\t\t\t<div class=\"elementor-element elementor-element-87c756c elementor-widget elementor-widget-text-editor\" data-id=\"87c756c\" data-element_type=\"widget\" data-e-type=\"widget\" data-widget_type=\"text-editor.default\">\n\t\t\t\t<div class=\"elementor-widget-container\">\n\t\t\t\t\t\t\t\t\t<p><a href=\"https:\/\/www.upei.ca\/\" target=\"_blank\" rel=\"noopener\"><span style=\"font-weight: 400;\">UPEI<\/span><\/a><span style=\"font-weight: 400;\"> Abbiamo collaborato con i talentuosi studenti e docenti dell&#8217;UPEI in progetti di progettazione Sr in cui hanno affrontato le nostre sfide ingegneristiche per produrre risultati realmente implementabili per la nostra azienda. L&#8217;ottimo lavoro e la visibilit\u00e0 degli studenti attraverso questi progetti hanno aperto le porte al reclutamento e all&#8217;inserimento degli studenti dopo il diploma in ruoli a tempo pieno presso Amsted. <\/span><\/p>\n\t\t\t\t\t\t\t\t<\/div>\n\t\t\t\t<\/div>\n\t\t\t\t\t<\/div>\n\t\t<\/div>\n\t\t\t\t\t<\/div>\n\t\t<\/section>\n\t\t\t\t<section class=\"elementor-section elementor-inner-section elementor-element elementor-element-d3f66b7 elementor-section-boxed elementor-section-height-default elementor-section-height-default\" data-id=\"d3f66b7\" data-element_type=\"section\" data-e-type=\"section\">\n\t\t\t\t\t\t<div class=\"elementor-container elementor-column-gap-default\">\n\t\t\t\t\t<div class=\"elementor-column elementor-col-50 elementor-inner-column elementor-element elementor-element-b0f2645\" data-id=\"b0f2645\" data-element_type=\"column\" data-e-type=\"column\">\n\t\t\t<div class=\"elementor-widget-wrap elementor-element-populated\">\n\t\t\t\t\t\t<div class=\"elementor-element elementor-element-9fb585f elementor-widget elementor-widget-image\" data-id=\"9fb585f\" data-element_type=\"widget\" data-e-type=\"widget\" data-widget_type=\"image.default\">\n\t\t\t\t<div class=\"elementor-widget-container\">\n\t\t\t\t\t\t\t\t\t\t\t\t\t\t\t<img decoding=\"async\" width=\"800\" height=\"175\" src=\"https:\/\/www.amsted.com\/wp-content\/uploads\/2022\/08\/3color.png\" class=\"attachment-large size-large wp-image-3006\" alt=\"\" srcset=\"https:\/\/www.amsted.com\/wp-content\/uploads\/2022\/08\/3color.png 800w, https:\/\/www.amsted.com\/wp-content\/uploads\/2022\/08\/3color-300x66.png 300w, https:\/\/www.amsted.com\/wp-content\/uploads\/2022\/08\/3color-768x168.png 768w\" sizes=\"(max-width: 800px) 100vw, 800px\" \/>\t\t\t\t\t\t\t\t\t\t\t\t\t\t\t<\/div>\n\t\t\t\t<\/div>\n\t\t\t\t\t<\/div>\n\t\t<\/div>\n\t\t\t\t<div class=\"elementor-column elementor-col-50 elementor-inner-column elementor-element elementor-element-8ea4c34\" data-id=\"8ea4c34\" data-element_type=\"column\" data-e-type=\"column\">\n\t\t\t<div class=\"elementor-widget-wrap elementor-element-populated\">\n\t\t\t\t\t\t<div class=\"elementor-element elementor-element-15f79c0 elementor-widget elementor-widget-heading\" data-id=\"15f79c0\" data-element_type=\"widget\" data-e-type=\"widget\" data-widget_type=\"heading.default\">\n\t\t\t\t<div class=\"elementor-widget-container\">\n\t\t\t\t\t<h3 class=\"elementor-heading-title elementor-size-default\">Greentown Labs<\/h3>\t\t\t\t<\/div>\n\t\t\t\t<\/div>\n\t\t\t\t<div class=\"elementor-element elementor-element-4ed07fa elementor-widget elementor-widget-text-editor\" data-id=\"4ed07fa\" data-element_type=\"widget\" data-e-type=\"widget\" data-widget_type=\"text-editor.default\">\n\t\t\t\t<div class=\"elementor-widget-container\">\n\t\t\t\t\t\t\t\t\t<p><a href=\"https:\/\/greentownlabs.com\/\" target=\"_blank\" rel=\"noopener\"><span style=\"font-weight: 400;\">Greentown Labs<\/span><\/a><span style=\"font-weight: 400;\"> L&#8217;appartenenza di Amsted Industries al MIT ILP ha permesso a BAC di costruire una forte presenza nell&#8217;ecosistema dell&#8217;innovazione tecnologica di Boston-Cambridge, che ha portato allo sviluppo di una solida relazione con Greentown Labs, il pi\u00f9 grande incubatore di startup di tecnologia pulita del Nord America. L&#8217;impegno con Greentown Labs ci consente di accedere in anticipo a tecnologie all&#8217;avanguardia e a opportunit\u00e0 di partnership con sviluppatori tecnologici di primo piano, e rappresenta una risorsa fondamentale nella nostra missione di reinventare il raffreddamento per sostenere il mondo. <\/span><\/p>\n\t\t\t\t\t\t\t\t<\/div>\n\t\t\t\t<\/div>\n\t\t\t\t\t<\/div>\n\t\t<\/div>\n\t\t\t\t\t<\/div>\n\t\t<\/section>\n\t\t\t\t\t<\/div>\n\t\t<\/div>\n\t\t\t\t\t<\/div>\n\t\t<\/section>\n\t\t\t\t<\/div>\n\t\t","protected":false},"excerpt":{"rendered":"<p>Sfruttare la nostra tradizione di innovazione per guidare, trasformare e ridefinire le aziende globali Gli Amsted Technology Panels promuovono la collaborazione e il progresso tra le aziende Ci sforziamo di creare un ambiente che faciliti la comunicazione aperta e la condivisione delle conoscenze in tutta Amsted Industries. Quando usciamo dai nostri silos lavorativi e apriamo [&hellip;]<\/p>\n","protected":false},"author":1,"featured_media":0,"parent":0,"menu_order":0,"comment_status":"closed","ping_status":"closed","template":"","meta":{"_acf_changed":false,"footnotes":""},"search-category":[],"class_list":["post-5408","page","type-page","status-publish","hentry"],"acf":[],"yoast_head":"<!-- This site is optimized with the Yoast SEO plugin v27.2 - https:\/\/yoast.com\/product\/yoast-seo-wordpress\/ -->\n<title>Innovazione - Amsted Industries<\/title>\n<meta name=\"robots\" content=\"index, follow, max-snippet:-1, max-image-preview:large, max-video-preview:-1\" \/>\n<link rel=\"canonical\" href=\"https:\/\/www.amsted.com\/it\/innovazione\/\" \/>\n<meta property=\"og:locale\" content=\"it_IT\" \/>\n<meta property=\"og:type\" content=\"article\" \/>\n<meta property=\"og:title\" content=\"Innovazione - Amsted Industries\" \/>\n<meta property=\"og:description\" content=\"Sfruttare la nostra tradizione di innovazione per guidare, trasformare e ridefinire le aziende globali Gli Amsted Technology Panels promuovono la collaborazione e il progresso tra le aziende Ci sforziamo di creare un ambiente che faciliti la comunicazione aperta e la condivisione delle conoscenze in tutta Amsted Industries. Quando usciamo dai nostri silos lavorativi e apriamo [&hellip;]\" \/>\n<meta property=\"og:url\" content=\"https:\/\/www.amsted.com\/it\/innovazione\/\" \/>\n<meta property=\"og:site_name\" content=\"Amsted Industries\" \/>\n<meta property=\"article:modified_time\" content=\"2022-09-23T18:05:44+00:00\" \/>\n<meta property=\"og:image\" content=\"https:\/\/live-amsted-industries.pantheonsite.io\/wp-content\/uploads\/2022\/08\/upeishield.png\" \/>\n<meta name=\"twitter:card\" content=\"summary_large_image\" \/>\n<meta name=\"twitter:label1\" content=\"Est. reading time\" \/>\n\t<meta name=\"twitter:data1\" content=\"2 minutes\" \/>\n<script type=\"application\/ld+json\" class=\"yoast-schema-graph\">{\"@context\":\"https:\/\/schema.org\",\"@graph\":[{\"@type\":\"WebPage\",\"@id\":\"https:\/\/www.amsted.com\/it\/innovazione\/\",\"url\":\"https:\/\/www.amsted.com\/it\/innovazione\/\",\"name\":\"Innovazione - Amsted Industries\",\"isPartOf\":{\"@id\":\"https:\/\/www.amsted.com\/it\/#website\"},\"primaryImageOfPage\":{\"@id\":\"https:\/\/www.amsted.com\/it\/innovazione\/#primaryimage\"},\"image\":{\"@id\":\"https:\/\/www.amsted.com\/it\/innovazione\/#primaryimage\"},\"thumbnailUrl\":\"https:\/\/live-amsted-industries.pantheonsite.io\/wp-content\/uploads\/2022\/08\/upeishield.png\",\"datePublished\":\"2022-06-02T02:33:33+00:00\",\"dateModified\":\"2022-09-23T18:05:44+00:00\",\"breadcrumb\":{\"@id\":\"https:\/\/www.amsted.com\/it\/innovazione\/#breadcrumb\"},\"inLanguage\":\"it-IT\",\"potentialAction\":[{\"@type\":\"ReadAction\",\"target\":[\"https:\/\/www.amsted.com\/it\/innovazione\/\"]}]},{\"@type\":\"ImageObject\",\"inLanguage\":\"it-IT\",\"@id\":\"https:\/\/www.amsted.com\/it\/innovazione\/#primaryimage\",\"url\":\"https:\/\/live-amsted-industries.pantheonsite.io\/wp-content\/uploads\/2022\/08\/upeishield.png\",\"contentUrl\":\"https:\/\/live-amsted-industries.pantheonsite.io\/wp-content\/uploads\/2022\/08\/upeishield.png\"},{\"@type\":\"BreadcrumbList\",\"@id\":\"https:\/\/www.amsted.com\/it\/innovazione\/#breadcrumb\",\"itemListElement\":[{\"@type\":\"ListItem\",\"position\":1,\"name\":\"Home\",\"item\":\"https:\/\/www.amsted.com\/it\/homepage\/\"},{\"@type\":\"ListItem\",\"position\":2,\"name\":\"Innovazione\"}]},{\"@type\":\"WebSite\",\"@id\":\"https:\/\/www.amsted.com\/it\/#website\",\"url\":\"https:\/\/www.amsted.com\/it\/\",\"name\":\"Amsted Industries\",\"description\":\"Just another WordPress site\",\"potentialAction\":[{\"@type\":\"SearchAction\",\"target\":{\"@type\":\"EntryPoint\",\"urlTemplate\":\"https:\/\/www.amsted.com\/it\/?s={search_term_string}\"},\"query-input\":{\"@type\":\"PropertyValueSpecification\",\"valueRequired\":true,\"valueName\":\"search_term_string\"}}],\"inLanguage\":\"it-IT\"}]}<\/script>\n<!-- \/ Yoast SEO plugin. -->","yoast_head_json":{"title":"Innovazione - Amsted Industries","robots":{"index":"index","follow":"follow","max-snippet":"max-snippet:-1","max-image-preview":"max-image-preview:large","max-video-preview":"max-video-preview:-1"},"canonical":"https:\/\/www.amsted.com\/it\/innovazione\/","og_locale":"it_IT","og_type":"article","og_title":"Innovazione - Amsted Industries","og_description":"Sfruttare la nostra tradizione di innovazione per guidare, trasformare e ridefinire le aziende globali Gli Amsted Technology Panels promuovono la collaborazione e il progresso tra le aziende Ci sforziamo di creare un ambiente che faciliti la comunicazione aperta e la condivisione delle conoscenze in tutta Amsted Industries. Quando usciamo dai nostri silos lavorativi e apriamo [&hellip;]","og_url":"https:\/\/www.amsted.com\/it\/innovazione\/","og_site_name":"Amsted Industries","article_modified_time":"2022-09-23T18:05:44+00:00","og_image":[{"url":"https:\/\/live-amsted-industries.pantheonsite.io\/wp-content\/uploads\/2022\/08\/upeishield.png","type":"","width":"","height":""}],"twitter_card":"summary_large_image","twitter_misc":{"Est. reading time":"2 minutes"},"schema":{"@context":"https:\/\/schema.org","@graph":[{"@type":"WebPage","@id":"https:\/\/www.amsted.com\/it\/innovazione\/","url":"https:\/\/www.amsted.com\/it\/innovazione\/","name":"Innovazione - Amsted Industries","isPartOf":{"@id":"https:\/\/www.amsted.com\/it\/#website"},"primaryImageOfPage":{"@id":"https:\/\/www.amsted.com\/it\/innovazione\/#primaryimage"},"image":{"@id":"https:\/\/www.amsted.com\/it\/innovazione\/#primaryimage"},"thumbnailUrl":"https:\/\/live-amsted-industries.pantheonsite.io\/wp-content\/uploads\/2022\/08\/upeishield.png","datePublished":"2022-06-02T02:33:33+00:00","dateModified":"2022-09-23T18:05:44+00:00","breadcrumb":{"@id":"https:\/\/www.amsted.com\/it\/innovazione\/#breadcrumb"},"inLanguage":"it-IT","potentialAction":[{"@type":"ReadAction","target":["https:\/\/www.amsted.com\/it\/innovazione\/"]}]},{"@type":"ImageObject","inLanguage":"it-IT","@id":"https:\/\/www.amsted.com\/it\/innovazione\/#primaryimage","url":"https:\/\/live-amsted-industries.pantheonsite.io\/wp-content\/uploads\/2022\/08\/upeishield.png","contentUrl":"https:\/\/live-amsted-industries.pantheonsite.io\/wp-content\/uploads\/2022\/08\/upeishield.png"},{"@type":"BreadcrumbList","@id":"https:\/\/www.amsted.com\/it\/innovazione\/#breadcrumb","itemListElement":[{"@type":"ListItem","position":1,"name":"Home","item":"https:\/\/www.amsted.com\/it\/homepage\/"},{"@type":"ListItem","position":2,"name":"Innovazione"}]},{"@type":"WebSite","@id":"https:\/\/www.amsted.com\/it\/#website","url":"https:\/\/www.amsted.com\/it\/","name":"Amsted Industries","description":"Just another WordPress site","potentialAction":[{"@type":"SearchAction","target":{"@type":"EntryPoint","urlTemplate":"https:\/\/www.amsted.com\/it\/?s={search_term_string}"},"query-input":{"@type":"PropertyValueSpecification","valueRequired":true,"valueName":"search_term_string"}}],"inLanguage":"it-IT"}]}},"_links":{"self":[{"href":"https:\/\/www.amsted.com\/it\/wp-json\/wp\/v2\/pages\/5408","targetHints":{"allow":["GET"]}}],"collection":[{"href":"https:\/\/www.amsted.com\/it\/wp-json\/wp\/v2\/pages"}],"about":[{"href":"https:\/\/www.amsted.com\/it\/wp-json\/wp\/v2\/types\/page"}],"author":[{"embeddable":true,"href":"https:\/\/www.amsted.com\/it\/wp-json\/wp\/v2\/users\/1"}],"replies":[{"embeddable":true,"href":"https:\/\/www.amsted.com\/it\/wp-json\/wp\/v2\/comments?post=5408"}],"version-history":[{"count":2,"href":"https:\/\/www.amsted.com\/it\/wp-json\/wp\/v2\/pages\/5408\/revisions"}],"predecessor-version":[{"id":6755,"href":"https:\/\/www.amsted.com\/it\/wp-json\/wp\/v2\/pages\/5408\/revisions\/6755"}],"wp:attachment":[{"href":"https:\/\/www.amsted.com\/it\/wp-json\/wp\/v2\/media?parent=5408"}],"wp:term":[{"taxonomy":"search-category","embeddable":true,"href":"https:\/\/www.amsted.com\/it\/wp-json\/wp\/v2\/search-category?post=5408"}],"curies":[{"name":"wp","href":"https:\/\/api.w.org\/{rel}","templated":true}]}}