{"id":5301,"date":"2022-06-02T02:27:44","date_gmt":"2022-06-02T02:27:44","guid":{"rendered":"https:\/\/live-amsted-industries.pantheonsite.io\/chi-siamo\/esg\/"},"modified":"2022-09-14T18:43:27","modified_gmt":"2022-09-14T18:43:27","slug":"esg","status":"publish","type":"page","link":"https:\/\/www.amsted.com\/it\/chi-siamo\/esg\/","title":{"rendered":"ESG"},"content":{"rendered":"\t\t<div data-elementor-type=\"wp-page\" data-elementor-id=\"5301\" class=\"elementor elementor-5301 elementor-158\" data-elementor-post-type=\"page\">\n\t\t\t\t\t\t<section class=\"elementor-section elementor-top-section elementor-element elementor-element-e02cbbb elementor-section-height-min-height elementor-section-full_width elementor-section-height-default elementor-section-items-middle\" data-id=\"e02cbbb\" data-element_type=\"section\" data-e-type=\"section\" data-settings=\"{&quot;background_background&quot;:&quot;classic&quot;}\">\n\t\t\t\t\t\t\t<div class=\"elementor-background-overlay\"><\/div>\n\t\t\t\t\t\t\t<div class=\"elementor-container elementor-column-gap-default\">\n\t\t\t\t\t<div class=\"elementor-column elementor-col-100 elementor-top-column elementor-element elementor-element-a19d866\" data-id=\"a19d866\" data-element_type=\"column\" data-e-type=\"column\">\n\t\t\t<div class=\"elementor-widget-wrap elementor-element-populated\">\n\t\t\t\t\t\t<section class=\"elementor-section elementor-inner-section elementor-element elementor-element-3d1998f elementor-section-boxed elementor-section-height-default elementor-section-height-default\" data-id=\"3d1998f\" data-element_type=\"section\" data-e-type=\"section\" data-settings=\"{&quot;background_background&quot;:&quot;video&quot;}\">\n\t\t\t\t\t\t<div class=\"elementor-container elementor-column-gap-custom\">\n\t\t\t\t\t<div class=\"elementor-column elementor-col-50 elementor-inner-column elementor-element elementor-element-805f8e3\" data-id=\"805f8e3\" data-element_type=\"column\" data-e-type=\"column\">\n\t\t\t<div class=\"elementor-widget-wrap elementor-element-populated\">\n\t\t\t\t\t\t<div class=\"elementor-element elementor-element-3382f85 animated-slow elementor-invisible elementor-widget elementor-widget-heading\" data-id=\"3382f85\" data-element_type=\"widget\" data-e-type=\"widget\" data-settings=\"{&quot;_animation&quot;:&quot;fadeIn&quot;}\" data-widget_type=\"heading.default\">\n\t\t\t\t<div class=\"elementor-widget-container\">\n\t\t\t\t\t<h1 class=\"elementor-heading-title elementor-size-default\">Ambiente, sociale e governance aziendale<\/h1>\t\t\t\t<\/div>\n\t\t\t\t<\/div>\n\t\t\t\t<div class=\"elementor-element elementor-element-ffb242a elementor-invisible elementor-widget elementor-widget-text-editor\" data-id=\"ffb242a\" data-element_type=\"widget\" data-e-type=\"widget\" data-settings=\"{&quot;_animation&quot;:&quot;fadeIn&quot;,&quot;_animation_delay&quot;:100}\" data-widget_type=\"text-editor.default\">\n\t\t\t\t<div class=\"elementor-widget-container\">\n\t\t\t\t\t\t\t\t\t<p>In Amsted Industries agiamo con i pi\u00f9 alti standard di integrit\u00e0 in tutto ci\u00f2 che facciamo. La nostra attenzione alla sostenibilit\u00e0 ambientale, all&#8217;equit\u00e0 sociale, alla diversit\u00e0 e alla governance aziendale rimane la pietra miliare del nostro successo. <\/p>\n\t\t\t\t\t\t\t\t<\/div>\n\t\t\t\t<\/div>\n\t\t\t\t\t<\/div>\n\t\t<\/div>\n\t\t\t\t<div class=\"elementor-column elementor-col-50 elementor-inner-column elementor-element elementor-element-2f53f7c\" data-id=\"2f53f7c\" data-element_type=\"column\" data-e-type=\"column\">\n\t\t\t<div class=\"elementor-widget-wrap\">\n\t\t\t\t\t\t\t<\/div>\n\t\t<\/div>\n\t\t\t\t\t<\/div>\n\t\t<\/section>\n\t\t\t\t\t<\/div>\n\t\t<\/div>\n\t\t\t\t\t<\/div>\n\t\t<\/section>\n\t\t\t\t<section class=\"elementor-section elementor-top-section elementor-element elementor-element-4bda5c0 elementor-section-full_width elementor-section-height-default elementor-section-height-default\" data-id=\"4bda5c0\" data-element_type=\"section\" data-e-type=\"section\" data-settings=\"{&quot;background_background&quot;:&quot;classic&quot;}\">\n\t\t\t\t\t\t<div class=\"elementor-container elementor-column-gap-default\">\n\t\t\t\t\t<div class=\"elementor-column elementor-col-100 elementor-top-column elementor-element elementor-element-b6395e5\" data-id=\"b6395e5\" data-element_type=\"column\" data-e-type=\"column\">\n\t\t\t<div class=\"elementor-widget-wrap elementor-element-populated\">\n\t\t\t\t\t\t<section class=\"elementor-section elementor-inner-section elementor-element elementor-element-6ed81b2 main-content elementor-section-boxed elementor-section-height-default elementor-section-height-default\" data-id=\"6ed81b2\" data-element_type=\"section\" data-e-type=\"section\">\n\t\t\t\t\t\t<div class=\"elementor-container elementor-column-gap-default\">\n\t\t\t\t\t<div class=\"elementor-column elementor-col-50 elementor-inner-column elementor-element elementor-element-c6c85c3\" data-id=\"c6c85c3\" data-element_type=\"column\" data-e-type=\"column\">\n\t\t\t<div class=\"elementor-widget-wrap elementor-element-populated\">\n\t\t\t\t\t\t<div class=\"elementor-element elementor-element-ce9102c elementor-widget elementor-widget-heading\" data-id=\"ce9102c\" data-element_type=\"widget\" data-e-type=\"widget\" data-widget_type=\"heading.default\">\n\t\t\t\t<div class=\"elementor-widget-container\">\n\t\t\t\t\t<h2 class=\"elementor-heading-title elementor-size-default\">Lo spirito di propriet\u00e0 <\/h2>\t\t\t\t<\/div>\n\t\t\t\t<\/div>\n\t\t\t\t<div class=\"elementor-element elementor-element-f9f825e elementor-widget elementor-widget-text-editor\" data-id=\"f9f825e\" data-element_type=\"widget\" data-e-type=\"widget\" data-widget_type=\"text-editor.default\">\n\t\t\t\t<div class=\"elementor-widget-container\">\n\t\t\t\t\t\t\t\t\t<p>La nostra cultura unica, basata sulla propriet\u00e0 dei dipendenti (ESOP), infonde un senso di orgoglio in tutta la nostra forza lavoro. L&#8217;ESOP crea uno strumento di risparmio per la pensione che colma il divario di ricchezza dei nostri dipendenti-proprietari negli Stati Uniti, promuovendo l&#8217;impegno dei nostri dipendenti-proprietari nei confronti dei nostri stakeholder e delle nostre comunit\u00e0. Allo stesso modo, impieghiamo una struttura decisionale autonoma nelle nostre quattro diverse attivit\u00e0. Guidate dai nostri valori fondamentali di integrit\u00e0, rispetto per le persone e responsabilit\u00e0 sociale, ciascuna delle nostre aziende ha la possibilit\u00e0 di operare in modo da ottenere il successo.   <\/p>\n\t\t\t\t\t\t\t\t<\/div>\n\t\t\t\t<\/div>\n\t\t\t\t\t<\/div>\n\t\t<\/div>\n\t\t\t\t<div class=\"elementor-column elementor-col-50 elementor-inner-column elementor-element elementor-element-dedeffd\" data-id=\"dedeffd\" data-element_type=\"column\" data-e-type=\"column\">\n\t\t\t<div class=\"elementor-widget-wrap elementor-element-populated\">\n\t\t\t\t\t\t<div class=\"elementor-element elementor-element-b2c48f2 elementor-widget elementor-widget-heading\" data-id=\"b2c48f2\" data-element_type=\"widget\" data-e-type=\"widget\" data-widget_type=\"heading.default\">\n\t\t\t\t<div class=\"elementor-widget-container\">\n\t\t\t\t\t<h2 class=\"elementor-heading-title elementor-size-default\">Ambiente<\/h2>\t\t\t\t<\/div>\n\t\t\t\t<\/div>\n\t\t\t\t<div class=\"elementor-element elementor-element-3168e4b elementor-widget elementor-widget-text-editor\" data-id=\"3168e4b\" data-element_type=\"widget\" data-e-type=\"widget\" data-widget_type=\"text-editor.default\">\n\t\t\t\t<div class=\"elementor-widget-container\">\n\t\t\t\t\t\t\t\t\t<p>Da oltre 25 anni utilizziamo un programma ambientale interno, che comprende un programma di riduzione del rischio chimico sviluppato per la prima volta nel 2002. Nel 2022 abbiamo lanciato un programma per misurare le emissioni di gas serra in tutte le nostre attivit\u00e0 e continueremo a guidare i nostri settori nell&#8217;innovazione dei processi per ridurre al minimo il nostro impatto ambientale. Inoltre, siamo allineati con le tendenze dei clienti e del settore verso l&#8217;elettrificazione e i prodotti sostenibili. Investiamo nello sviluppo di nuovi prodotti che non solo migliorano le prestazioni, ma limitano l&#8217;impronta di carbonio degli utenti finali.   <\/p>\n\t\t\t\t\t\t\t\t<\/div>\n\t\t\t\t<\/div>\n\t\t\t\t<div class=\"elementor-element elementor-element-8ed78cd ai-blue-btn elementor-widget elementor-widget-button\" data-id=\"8ed78cd\" data-element_type=\"widget\" data-e-type=\"widget\" data-widget_type=\"button.default\">\n\t\t\t\t<div class=\"elementor-widget-container\">\n\t\t\t\t\t\t\t\t\t<div class=\"elementor-button-wrapper\">\n\t\t\t\t\t<a class=\"elementor-button elementor-button-link elementor-size-sm elementor-animation-float\" href=\"https:\/\/www.amsted.com\/culture\/environmental-sustainability\/\">\n\t\t\t\t\t\t<span class=\"elementor-button-content-wrapper\">\n\t\t\t\t\t\t<span class=\"elementor-button-icon\">\n\t\t\t\t<i aria-hidden=\"true\" class=\"fas fa-long-arrow-alt-right\"><\/i>\t\t\t<\/span>\n\t\t\t\t\t\t\t\t\t<span class=\"elementor-button-text\">Sforzi di sostenibilit\u00e0<\/span>\n\t\t\t\t\t<\/span>\n\t\t\t\t\t<\/a>\n\t\t\t\t<\/div>\n\t\t\t\t\t\t\t\t<\/div>\n\t\t\t\t<\/div>\n\t\t\t\t\t<\/div>\n\t\t<\/div>\n\t\t\t\t\t<\/div>\n\t\t<\/section>\n\t\t\t\t\t<\/div>\n\t\t<\/div>\n\t\t\t\t\t<\/div>\n\t\t<\/section>\n\t\t\t\t<section class=\"elementor-section elementor-top-section elementor-element elementor-element-9ec4b74 elementor-section-full_width elementor-section-height-default elementor-section-height-default\" data-id=\"9ec4b74\" data-element_type=\"section\" data-e-type=\"section\" data-settings=\"{&quot;background_background&quot;:&quot;classic&quot;}\">\n\t\t\t\t\t\t\t<div class=\"elementor-background-overlay\"><\/div>\n\t\t\t\t\t\t\t<div class=\"elementor-container elementor-column-gap-default\">\n\t\t\t\t\t<div class=\"elementor-column elementor-col-100 elementor-top-column elementor-element elementor-element-300a58a\" data-id=\"300a58a\" data-element_type=\"column\" data-e-type=\"column\">\n\t\t\t<div class=\"elementor-widget-wrap elementor-element-populated\">\n\t\t\t\t\t\t<section class=\"elementor-section elementor-inner-section elementor-element elementor-element-dd97e0e main-content elementor-section-boxed elementor-section-height-default elementor-section-height-default\" data-id=\"dd97e0e\" data-element_type=\"section\" data-e-type=\"section\">\n\t\t\t\t\t\t<div class=\"elementor-container elementor-column-gap-default\">\n\t\t\t\t\t<div class=\"elementor-column elementor-col-50 elementor-inner-column elementor-element elementor-element-76d9033\" data-id=\"76d9033\" data-element_type=\"column\" data-e-type=\"column\">\n\t\t\t<div class=\"elementor-widget-wrap elementor-element-populated\">\n\t\t\t\t\t\t<div class=\"elementor-element elementor-element-f9a753e elementor-widget elementor-widget-heading\" data-id=\"f9a753e\" data-element_type=\"widget\" data-e-type=\"widget\" data-widget_type=\"heading.default\">\n\t\t\t\t<div class=\"elementor-widget-container\">\n\t\t\t\t\t<h2 class=\"elementor-heading-title elementor-size-default\">Sociale<\/h2>\t\t\t\t<\/div>\n\t\t\t\t<\/div>\n\t\t\t\t<div class=\"elementor-element elementor-element-9d3cf11 elementor-widget elementor-widget-text-editor\" data-id=\"9d3cf11\" data-element_type=\"widget\" data-e-type=\"widget\" data-widget_type=\"text-editor.default\">\n\t\t\t\t<div class=\"elementor-widget-container\">\n\t\t\t\t\t\t\t\t\t<p>La nostra missione aziendale consiste nel fornire un valore superiore ai nostri clienti per il miglioramento dei nostri dipendenti e delle loro comunit\u00e0. Tutto ci\u00f2 inizia con l&#8217;attenzione alle nostre persone, al loro benessere e allo sviluppo della loro carriera. Attraverso il nostro programma di leadership RISE, un programma di apprendimento esecutivo personalizzato e pluriennale curato con la Booth School of Business dell&#8217;Universit\u00e0 di Chicago, aiutiamo a liberare il potenziale dei nostri dipendenti fornendo un quadro potente per raggiungere la leadership in tutte le competenze fondamentali. Offriamo inoltre programmi di formazione cooperativa ai dipendenti e stage ai futuri dipendenti per favorire la crescita e le opportunit\u00e0 di carriera.   <\/p>\n<p>Tutte le nostre aziende hanno un impegno nei confronti delle comunit\u00e0 in cui vivono e lavorano. Attraverso la Fondazione Amsted Industries e i programmi di volontariato, siamo in grado di sostenere e mobilitare le nostre comunit\u00e0 in tutto il mondo. <\/p>\t\t\t\t\t\t\t\t<\/div>\n\t\t\t\t<\/div>\n\t\t\t\t\t<\/div>\n\t\t<\/div>\n\t\t\t\t<div class=\"elementor-column elementor-col-50 elementor-inner-column elementor-element elementor-element-2344154\" data-id=\"2344154\" data-element_type=\"column\" data-e-type=\"column\">\n\t\t\t<div class=\"elementor-widget-wrap\">\n\t\t\t\t\t\t\t<\/div>\n\t\t<\/div>\n\t\t\t\t\t<\/div>\n\t\t<\/section>\n\t\t\t\t\t<\/div>\n\t\t<\/div>\n\t\t\t\t\t<\/div>\n\t\t<\/section>\n\t\t\t\t<section class=\"elementor-section elementor-top-section elementor-element elementor-element-34a82bc8 elementor-section-full_width elementor-section-height-default elementor-section-height-default\" data-id=\"34a82bc8\" data-element_type=\"section\" data-e-type=\"section\" data-settings=\"{&quot;background_background&quot;:&quot;classic&quot;}\">\n\t\t\t\t\t\t<div class=\"elementor-container elementor-column-gap-default\">\n\t\t\t\t\t<div class=\"elementor-column elementor-col-100 elementor-top-column elementor-element elementor-element-64c79e66\" data-id=\"64c79e66\" data-element_type=\"column\" data-e-type=\"column\">\n\t\t\t<div class=\"elementor-widget-wrap elementor-element-populated\">\n\t\t\t\t\t\t<section class=\"elementor-section elementor-inner-section elementor-element elementor-element-2b514b5b main-content elementor-section-boxed elementor-section-height-default elementor-section-height-default\" data-id=\"2b514b5b\" data-element_type=\"section\" data-e-type=\"section\">\n\t\t\t\t\t\t<div class=\"elementor-container elementor-column-gap-default\">\n\t\t\t\t\t<div class=\"elementor-column elementor-col-50 elementor-inner-column elementor-element elementor-element-54b73506\" data-id=\"54b73506\" data-element_type=\"column\" data-e-type=\"column\">\n\t\t\t<div class=\"elementor-widget-wrap elementor-element-populated\">\n\t\t\t\t\t\t<div class=\"elementor-element elementor-element-44f21224 elementor-widget elementor-widget-heading\" data-id=\"44f21224\" data-element_type=\"widget\" data-e-type=\"widget\" data-widget_type=\"heading.default\">\n\t\t\t\t<div class=\"elementor-widget-container\">\n\t\t\t\t\t<h2 class=\"elementor-heading-title elementor-size-default\">Corporate Governance<\/h2>\t\t\t\t<\/div>\n\t\t\t\t<\/div>\n\t\t\t\t<div class=\"elementor-element elementor-element-489575f7 elementor-widget elementor-widget-text-editor\" data-id=\"489575f7\" data-element_type=\"widget\" data-e-type=\"widget\" data-widget_type=\"text-editor.default\">\n\t\t\t\t<div class=\"elementor-widget-container\">\n\t\t\t\t\t\t\t\t\t<p>Amsted \u00e8 regolata da un consiglio di amministrazione con un&#8217;ampia esperienza, come spesso accade nelle societ\u00e0 quotate in borsa. Il nostro consiglio di amministrazione bilancia gli interessi dei numerosi stakeholder dell&#8217;azienda, tra cui i dipendenti, i dirigenti, i clienti, i fornitori e la comunit\u00e0. <\/p>\n\t\t\t\t\t\t\t\t<\/div>\n\t\t\t\t<\/div>\n\t\t\t\t<div class=\"elementor-element elementor-element-12fc3fb ai-blue-btn elementor-widget elementor-widget-button\" data-id=\"12fc3fb\" data-element_type=\"widget\" data-e-type=\"widget\" data-widget_type=\"button.default\">\n\t\t\t\t<div class=\"elementor-widget-container\">\n\t\t\t\t\t\t\t\t\t<div class=\"elementor-button-wrapper\">\n\t\t\t\t\t<a class=\"elementor-button elementor-button-link elementor-size-sm elementor-animation-float\" href=\"https:\/\/www.amsted.com\/it\/chi-siamo\/consiglio-di-amministrazione\/\">\n\t\t\t\t\t\t<span class=\"elementor-button-content-wrapper\">\n\t\t\t\t\t\t<span class=\"elementor-button-icon\">\n\t\t\t\t<i aria-hidden=\"true\" class=\"fas fa-long-arrow-alt-right\"><\/i>\t\t\t<\/span>\n\t\t\t\t\t\t\t\t\t<span class=\"elementor-button-text\">Incontra il nostro Consiglio di amministrazione<\/span>\n\t\t\t\t\t<\/span>\n\t\t\t\t\t<\/a>\n\t\t\t\t<\/div>\n\t\t\t\t\t\t\t\t<\/div>\n\t\t\t\t<\/div>\n\t\t\t\t\t<\/div>\n\t\t<\/div>\n\t\t\t\t<div class=\"elementor-column elementor-col-50 elementor-inner-column elementor-element elementor-element-2d55d4f2\" data-id=\"2d55d4f2\" data-element_type=\"column\" data-e-type=\"column\">\n\t\t\t<div class=\"elementor-widget-wrap elementor-element-populated\">\n\t\t\t\t\t\t<div class=\"elementor-element elementor-element-f455968 elementor-widget elementor-widget-heading\" data-id=\"f455968\" data-element_type=\"widget\" data-e-type=\"widget\" data-widget_type=\"heading.default\">\n\t\t\t\t<div class=\"elementor-widget-container\">\n\t\t\t\t\t<span class=\"elementor-heading-title elementor-size-default\">7<\/span>\t\t\t\t<\/div>\n\t\t\t\t<\/div>\n\t\t\t\t<div class=\"elementor-element elementor-element-218a039 elementor-absolute elementor-widget elementor-widget-heading\" data-id=\"218a039\" data-element_type=\"widget\" data-e-type=\"widget\" data-settings=\"{&quot;_position&quot;:&quot;absolute&quot;}\" data-widget_type=\"heading.default\">\n\t\t\t\t<div class=\"elementor-widget-container\">\n\t\t\t\t\t<span class=\"elementor-heading-title elementor-size-default\">Amministratori indipendenti<\/span>\t\t\t\t<\/div>\n\t\t\t\t<\/div>\n\t\t\t\t<div class=\"elementor-element elementor-element-2b61a8e3 elementor-widget elementor-widget-heading\" data-id=\"2b61a8e3\" data-element_type=\"widget\" data-e-type=\"widget\" data-widget_type=\"heading.default\">\n\t\t\t\t<div class=\"elementor-widget-container\">\n\t\t\t\t\t<span class=\"elementor-heading-title elementor-size-default\">5 anni<\/span>\t\t\t\t<\/div>\n\t\t\t\t<\/div>\n\t\t\t\t<div class=\"elementor-element elementor-element-addea2e elementor-widget elementor-widget-heading\" data-id=\"addea2e\" data-element_type=\"widget\" data-e-type=\"widget\" data-widget_type=\"heading.default\">\n\t\t\t\t<div class=\"elementor-widget-container\">\n\t\t\t\t\t<span class=\"elementor-heading-title elementor-size-default\">Durata media<\/span>\t\t\t\t<\/div>\n\t\t\t\t<\/div>\n\t\t\t\t<div class=\"elementor-element elementor-element-d573d9b elementor-widget elementor-widget-text-editor\" data-id=\"d573d9b\" data-element_type=\"widget\" data-e-type=\"widget\" data-widget_type=\"text-editor.default\">\n\t\t\t\t<div class=\"elementor-widget-container\">\n\t\t\t\t\t\t\t\t\t<ul>\n<li>Comitati formali del consiglio di amministrazione: Audit, governance, retribuzione e sviluppo manageriale<\/li>\n<li>Programmi di verifica e conformit\u00e0 dei controlli finanziari e operativi<\/li>\n<li>Certificazione e formazione sul Codice di Condotta per tutti i dipendenti ogni anno<\/li>\n<li>Linea telefonica di assistenza per la conformit\u00e0 aziendale in tutto il mondo<\/li>\n<\/ul>\n\t\t\t\t\t\t\t\t<\/div>\n\t\t\t\t<\/div>\n\t\t\t\t\t<\/div>\n\t\t<\/div>\n\t\t\t\t\t<\/div>\n\t\t<\/section>\n\t\t\t\t\t<\/div>\n\t\t<\/div>\n\t\t\t\t\t<\/div>\n\t\t<\/section>\n\t\t\t\t<section class=\"elementor-section elementor-top-section elementor-element elementor-element-66831226 elementor-section-boxed elementor-section-height-default elementor-section-height-default\" data-id=\"66831226\" data-element_type=\"section\" data-e-type=\"section\" data-settings=\"{&quot;background_background&quot;:&quot;classic&quot;}\">\n\t\t\t\t\t\t<div class=\"elementor-container elementor-column-gap-default\">\n\t\t\t\t\t<div class=\"elementor-column elementor-col-100 elementor-top-column elementor-element elementor-element-648af61e\" data-id=\"648af61e\" data-element_type=\"column\" data-e-type=\"column\">\n\t\t\t<div class=\"elementor-widget-wrap elementor-element-populated\">\n\t\t\t\t\t\t<div class=\"elementor-element elementor-element-4e58f1b elementor-widget elementor-widget-shortcode\" data-id=\"4e58f1b\" data-element_type=\"widget\" data-e-type=\"widget\" data-widget_type=\"shortcode.default\">\n\t\t\t\t<div class=\"elementor-widget-container\">\n\t\t\t\t\t\t\t<div class=\"elementor-shortcode\"><\/div>\n\t\t\t\t\t\t<\/div>\n\t\t\t\t<\/div>\n\t\t\t\t\t<\/div>\n\t\t<\/div>\n\t\t\t\t\t<\/div>\n\t\t<\/section>\n\t\t\t\t<\/div>\n\t\t","protected":false},"excerpt":{"rendered":"<p>Ambiente, sociale e governance aziendale In Amsted Industries agiamo con i pi\u00f9 alti standard di integrit\u00e0 in tutto ci\u00f2 che facciamo. La nostra attenzione alla sostenibilit\u00e0 ambientale, all&#8217;equit\u00e0 sociale, alla diversit\u00e0 e alla governance aziendale rimane la pietra miliare del nostro successo. Lo spirito di propriet\u00e0 La nostra cultura unica, basata sulla propriet\u00e0 dei dipendenti [&hellip;]<\/p>\n","protected":false},"author":1,"featured_media":0,"parent":5271,"menu_order":0,"comment_status":"closed","ping_status":"closed","template":"","meta":{"_acf_changed":false,"footnotes":""},"search-category":[16],"class_list":["post-5301","page","type-page","status-publish","hentry","search-category-about"],"acf":[],"yoast_head":"<!-- This site is optimized with the Yoast SEO plugin v27.2 - https:\/\/yoast.com\/product\/yoast-seo-wordpress\/ -->\n<title>ESG - Amsted Industries<\/title>\n<meta name=\"robots\" content=\"index, follow, max-snippet:-1, max-image-preview:large, max-video-preview:-1\" \/>\n<link rel=\"canonical\" href=\"https:\/\/www.amsted.com\/it\/chi-siamo\/esg\/\" \/>\n<meta property=\"og:locale\" content=\"it_IT\" \/>\n<meta property=\"og:type\" content=\"article\" \/>\n<meta property=\"og:title\" content=\"ESG - Amsted Industries\" \/>\n<meta property=\"og:description\" content=\"Ambiente, sociale e governance aziendale In Amsted Industries agiamo con i pi\u00f9 alti standard di integrit\u00e0 in tutto ci\u00f2 che facciamo. La nostra attenzione alla sostenibilit\u00e0 ambientale, all&#8217;equit\u00e0 sociale, alla diversit\u00e0 e alla governance aziendale rimane la pietra miliare del nostro successo. Lo spirito di propriet\u00e0 La nostra cultura unica, basata sulla propriet\u00e0 dei dipendenti [&hellip;]\" \/>\n<meta property=\"og:url\" content=\"https:\/\/www.amsted.com\/it\/chi-siamo\/esg\/\" \/>\n<meta property=\"og:site_name\" content=\"Amsted Industries\" \/>\n<meta property=\"article:modified_time\" content=\"2022-09-14T18:43:27+00:00\" \/>\n<meta name=\"twitter:card\" content=\"summary_large_image\" \/>\n<meta name=\"twitter:label1\" content=\"Est. reading time\" \/>\n\t<meta name=\"twitter:data1\" content=\"2 minutes\" \/>\n<script type=\"application\/ld+json\" class=\"yoast-schema-graph\">{\"@context\":\"https:\/\/schema.org\",\"@graph\":[{\"@type\":\"WebPage\",\"@id\":\"https:\/\/www.amsted.com\/it\/chi-siamo\/esg\/\",\"url\":\"https:\/\/www.amsted.com\/it\/chi-siamo\/esg\/\",\"name\":\"ESG - Amsted Industries\",\"isPartOf\":{\"@id\":\"https:\/\/www.amsted.com\/it\/#website\"},\"datePublished\":\"2022-06-02T02:27:44+00:00\",\"dateModified\":\"2022-09-14T18:43:27+00:00\",\"breadcrumb\":{\"@id\":\"https:\/\/www.amsted.com\/it\/chi-siamo\/esg\/#breadcrumb\"},\"inLanguage\":\"it-IT\",\"potentialAction\":[{\"@type\":\"ReadAction\",\"target\":[\"https:\/\/www.amsted.com\/it\/chi-siamo\/esg\/\"]}]},{\"@type\":\"BreadcrumbList\",\"@id\":\"https:\/\/www.amsted.com\/it\/chi-siamo\/esg\/#breadcrumb\",\"itemListElement\":[{\"@type\":\"ListItem\",\"position\":1,\"name\":\"Home\",\"item\":\"https:\/\/www.amsted.com\/it\/homepage\/\"},{\"@type\":\"ListItem\",\"position\":2,\"name\":\"Chi siamo\",\"item\":\"https:\/\/www.amsted.com\/it\/chi-siamo\/\"},{\"@type\":\"ListItem\",\"position\":3,\"name\":\"ESG\"}]},{\"@type\":\"WebSite\",\"@id\":\"https:\/\/www.amsted.com\/it\/#website\",\"url\":\"https:\/\/www.amsted.com\/it\/\",\"name\":\"Amsted Industries\",\"description\":\"Just another WordPress site\",\"potentialAction\":[{\"@type\":\"SearchAction\",\"target\":{\"@type\":\"EntryPoint\",\"urlTemplate\":\"https:\/\/www.amsted.com\/it\/?s={search_term_string}\"},\"query-input\":{\"@type\":\"PropertyValueSpecification\",\"valueRequired\":true,\"valueName\":\"search_term_string\"}}],\"inLanguage\":\"it-IT\"}]}<\/script>\n<!-- \/ Yoast SEO plugin. -->","yoast_head_json":{"title":"ESG - Amsted Industries","robots":{"index":"index","follow":"follow","max-snippet":"max-snippet:-1","max-image-preview":"max-image-preview:large","max-video-preview":"max-video-preview:-1"},"canonical":"https:\/\/www.amsted.com\/it\/chi-siamo\/esg\/","og_locale":"it_IT","og_type":"article","og_title":"ESG - Amsted Industries","og_description":"Ambiente, sociale e governance aziendale In Amsted Industries agiamo con i pi\u00f9 alti standard di integrit\u00e0 in tutto ci\u00f2 che facciamo. La nostra attenzione alla sostenibilit\u00e0 ambientale, all&#8217;equit\u00e0 sociale, alla diversit\u00e0 e alla governance aziendale rimane la pietra miliare del nostro successo. Lo spirito di propriet\u00e0 La nostra cultura unica, basata sulla propriet\u00e0 dei dipendenti [&hellip;]","og_url":"https:\/\/www.amsted.com\/it\/chi-siamo\/esg\/","og_site_name":"Amsted Industries","article_modified_time":"2022-09-14T18:43:27+00:00","twitter_card":"summary_large_image","twitter_misc":{"Est. reading time":"2 minutes"},"schema":{"@context":"https:\/\/schema.org","@graph":[{"@type":"WebPage","@id":"https:\/\/www.amsted.com\/it\/chi-siamo\/esg\/","url":"https:\/\/www.amsted.com\/it\/chi-siamo\/esg\/","name":"ESG - Amsted Industries","isPartOf":{"@id":"https:\/\/www.amsted.com\/it\/#website"},"datePublished":"2022-06-02T02:27:44+00:00","dateModified":"2022-09-14T18:43:27+00:00","breadcrumb":{"@id":"https:\/\/www.amsted.com\/it\/chi-siamo\/esg\/#breadcrumb"},"inLanguage":"it-IT","potentialAction":[{"@type":"ReadAction","target":["https:\/\/www.amsted.com\/it\/chi-siamo\/esg\/"]}]},{"@type":"BreadcrumbList","@id":"https:\/\/www.amsted.com\/it\/chi-siamo\/esg\/#breadcrumb","itemListElement":[{"@type":"ListItem","position":1,"name":"Home","item":"https:\/\/www.amsted.com\/it\/homepage\/"},{"@type":"ListItem","position":2,"name":"Chi siamo","item":"https:\/\/www.amsted.com\/it\/chi-siamo\/"},{"@type":"ListItem","position":3,"name":"ESG"}]},{"@type":"WebSite","@id":"https:\/\/www.amsted.com\/it\/#website","url":"https:\/\/www.amsted.com\/it\/","name":"Amsted Industries","description":"Just another WordPress site","potentialAction":[{"@type":"SearchAction","target":{"@type":"EntryPoint","urlTemplate":"https:\/\/www.amsted.com\/it\/?s={search_term_string}"},"query-input":{"@type":"PropertyValueSpecification","valueRequired":true,"valueName":"search_term_string"}}],"inLanguage":"it-IT"}]}},"_links":{"self":[{"href":"https:\/\/www.amsted.com\/it\/wp-json\/wp\/v2\/pages\/5301","targetHints":{"allow":["GET"]}}],"collection":[{"href":"https:\/\/www.amsted.com\/it\/wp-json\/wp\/v2\/pages"}],"about":[{"href":"https:\/\/www.amsted.com\/it\/wp-json\/wp\/v2\/types\/page"}],"author":[{"embeddable":true,"href":"https:\/\/www.amsted.com\/it\/wp-json\/wp\/v2\/users\/1"}],"replies":[{"embeddable":true,"href":"https:\/\/www.amsted.com\/it\/wp-json\/wp\/v2\/comments?post=5301"}],"version-history":[{"count":3,"href":"https:\/\/www.amsted.com\/it\/wp-json\/wp\/v2\/pages\/5301\/revisions"}],"predecessor-version":[{"id":5314,"href":"https:\/\/www.amsted.com\/it\/wp-json\/wp\/v2\/pages\/5301\/revisions\/5314"}],"up":[{"embeddable":true,"href":"https:\/\/www.amsted.com\/it\/wp-json\/wp\/v2\/pages\/5271"}],"wp:attachment":[{"href":"https:\/\/www.amsted.com\/it\/wp-json\/wp\/v2\/media?parent=5301"}],"wp:term":[{"taxonomy":"search-category","embeddable":true,"href":"https:\/\/www.amsted.com\/it\/wp-json\/wp\/v2\/search-category?post=5301"}],"curies":[{"name":"wp","href":"https:\/\/api.w.org\/{rel}","templated":true}]}}