{"id":5271,"date":"2022-05-31T15:33:23","date_gmt":"2022-05-31T15:33:23","guid":{"rendered":"https:\/\/live-amsted-industries.pantheonsite.io\/chi-siamo\/"},"modified":"2022-09-15T00:57:23","modified_gmt":"2022-09-15T00:57:23","slug":"chi-siamo","status":"publish","type":"page","link":"https:\/\/www.amsted.com\/it\/chi-siamo\/","title":{"rendered":"Chi siamo"},"content":{"rendered":"\t\t<div data-elementor-type=\"wp-page\" data-elementor-id=\"5271\" class=\"elementor elementor-5271 elementor-138\" data-elementor-post-type=\"page\">\n\t\t\t\t\t\t<section class=\"elementor-section elementor-top-section elementor-element elementor-element-e078c95 elementor-section-height-min-height elementor-section-full_width elementor-section-height-default elementor-section-items-middle\" data-id=\"e078c95\" data-element_type=\"section\" data-e-type=\"section\" data-settings=\"{&quot;background_background&quot;:&quot;classic&quot;}\">\n\t\t\t\t\t\t\t<div class=\"elementor-background-overlay\"><\/div>\n\t\t\t\t\t\t\t<div class=\"elementor-container elementor-column-gap-default\">\n\t\t\t\t\t<div class=\"elementor-column elementor-col-100 elementor-top-column elementor-element elementor-element-d9e9cbd\" data-id=\"d9e9cbd\" data-element_type=\"column\" data-e-type=\"column\">\n\t\t\t<div class=\"elementor-widget-wrap elementor-element-populated\">\n\t\t\t\t\t\t<section class=\"elementor-section elementor-inner-section elementor-element elementor-element-710120f elementor-section-boxed elementor-section-height-default elementor-section-height-default\" data-id=\"710120f\" data-element_type=\"section\" data-e-type=\"section\" data-settings=\"{&quot;background_background&quot;:&quot;video&quot;}\">\n\t\t\t\t\t\t<div class=\"elementor-container elementor-column-gap-default\">\n\t\t\t\t\t<div class=\"elementor-column elementor-col-50 elementor-inner-column elementor-element elementor-element-f478e0a\" data-id=\"f478e0a\" data-element_type=\"column\" data-e-type=\"column\">\n\t\t\t<div class=\"elementor-widget-wrap elementor-element-populated\">\n\t\t\t\t\t\t<div class=\"elementor-element elementor-element-28d3575 animated-slow elementor-invisible elementor-widget elementor-widget-heading\" data-id=\"28d3575\" data-element_type=\"widget\" data-e-type=\"widget\" data-settings=\"{&quot;_animation&quot;:&quot;fadeIn&quot;}\" data-widget_type=\"heading.default\">\n\t\t\t\t<div class=\"elementor-widget-container\">\n\t\t\t\t\t<h1 class=\"elementor-heading-title elementor-size-default\">Chi Siamo Amsted Industries<\/h1>\t\t\t\t<\/div>\n\t\t\t\t<\/div>\n\t\t\t\t<div class=\"elementor-element elementor-element-fb58c64 animated-slow elementor-invisible elementor-widget elementor-widget-text-editor\" data-id=\"fb58c64\" data-element_type=\"widget\" data-e-type=\"widget\" data-settings=\"{&quot;_animation&quot;:&quot;fadeIn&quot;,&quot;_animation_delay&quot;:100}\" data-widget_type=\"text-editor.default\">\n\t\t\t\t<div class=\"elementor-widget-container\">\n\t\t\t\t\t\t\t\t\t<p>Amsted Industries \u00e8 un produttore globale diversificato di componenti industriali che serve principalmente i mercati ferroviario, automobilistico, dei veicoli commerciali, delle costruzioni e dell&#8217;edilizia. Combinando processi di produzione d&#8217;avanguardia ad una storia di innovazione continua siamo orgogliosi di essere leader in ogni segmento di mercato che serviamo. <\/p><\/p>\n\t\t\t\t\t\t\t\t<\/div>\n\t\t\t\t<\/div>\n\t\t\t\t\t<\/div>\n\t\t<\/div>\n\t\t\t\t<div class=\"elementor-column elementor-col-50 elementor-inner-column elementor-element elementor-element-3c6c758\" data-id=\"3c6c758\" data-element_type=\"column\" data-e-type=\"column\">\n\t\t\t<div class=\"elementor-widget-wrap\">\n\t\t\t\t\t\t\t<\/div>\n\t\t<\/div>\n\t\t\t\t\t<\/div>\n\t\t<\/section>\n\t\t\t\t\t<\/div>\n\t\t<\/div>\n\t\t\t\t\t<\/div>\n\t\t<\/section>\n\t\t\t\t<section class=\"elementor-section elementor-top-section elementor-element elementor-element-78240e9 elementor-section-full_width elementor-section-height-default elementor-section-height-default\" data-id=\"78240e9\" data-element_type=\"section\" data-e-type=\"section\" data-settings=\"{&quot;background_background&quot;:&quot;classic&quot;}\">\n\t\t\t\t\t\t<div class=\"elementor-container elementor-column-gap-default\">\n\t\t\t\t\t<div class=\"elementor-column elementor-col-100 elementor-top-column elementor-element elementor-element-7e337f0\" data-id=\"7e337f0\" data-element_type=\"column\" data-e-type=\"column\">\n\t\t\t<div class=\"elementor-widget-wrap elementor-element-populated\">\n\t\t\t\t\t\t<section class=\"elementor-section elementor-inner-section elementor-element elementor-element-f29ff6a main-content elementor-reverse-mobile elementor-section-boxed elementor-section-height-default elementor-section-height-default\" data-id=\"f29ff6a\" data-element_type=\"section\" data-e-type=\"section\">\n\t\t\t\t\t\t<div class=\"elementor-container elementor-column-gap-default\">\n\t\t\t\t\t<div class=\"elementor-column elementor-col-50 elementor-inner-column elementor-element elementor-element-b3adbfe\" data-id=\"b3adbfe\" data-element_type=\"column\" data-e-type=\"column\">\n\t\t\t<div class=\"elementor-widget-wrap elementor-element-populated\">\n\t\t\t\t\t\t<div class=\"elementor-element elementor-element-2ae8cf0 elementor-widget elementor-widget-text-editor\" data-id=\"2ae8cf0\" data-element_type=\"widget\" data-e-type=\"widget\" data-widget_type=\"text-editor.default\">\n\t\t\t\t<div class=\"elementor-widget-container\">\n\t\t\t\t\t\t\t\t\t<p>Operando con il nome di Amsted Industries dal 1962, oggi soddisfiamo le crescenti esigenze di un mercato globale con oltre 75 sedi in 13 paesi in 6 continenti. Amsted \u00e8 al 100% di propriet\u00e0 dei dipendenti, il che consente ai nostri dipendenti-proprietari di partecipare al successo dell&#8217;azienda e crea una cultura della propriet\u00e0 a cui partecipano tutti i nostri dipendenti. <\/p>\n\t\t\t\t\t\t\t\t<\/div>\n\t\t\t\t<\/div>\n\t\t\t\t<div class=\"elementor-element elementor-element-680d040 elementor-widget elementor-widget-heading\" data-id=\"680d040\" data-element_type=\"widget\" data-e-type=\"widget\" data-widget_type=\"heading.default\">\n\t\t\t\t<div class=\"elementor-widget-container\">\n\t\t\t\t\t<h2 class=\"elementor-heading-title elementor-size-default\">Missione<\/h2>\t\t\t\t<\/div>\n\t\t\t\t<\/div>\n\t\t\t\t<div class=\"elementor-element elementor-element-594c138 elementor-widget elementor-widget-text-editor\" data-id=\"594c138\" data-element_type=\"widget\" data-e-type=\"widget\" data-widget_type=\"text-editor.default\">\n\t\t\t\t<div class=\"elementor-widget-container\">\n\t\t\t\t\t\t\t\t\t<p>Fornire un valore aggiunto ai nostri clienti per il miglioramento dei nostri dipendenti e delle loro comunit\u00e0<\/p>\n\t\t\t\t\t\t\t\t<\/div>\n\t\t\t\t<\/div>\n\t\t\t\t\t<\/div>\n\t\t<\/div>\n\t\t\t\t<div class=\"elementor-column elementor-col-50 elementor-inner-column elementor-element elementor-element-6e43331\" data-id=\"6e43331\" data-element_type=\"column\" data-e-type=\"column\">\n\t\t\t<div class=\"elementor-widget-wrap elementor-element-populated\">\n\t\t\t\t\t\t<div class=\"elementor-element elementor-element-b7851b0 elementor-widget elementor-widget-heading\" data-id=\"b7851b0\" data-element_type=\"widget\" data-e-type=\"widget\" data-widget_type=\"heading.default\">\n\t\t\t\t<div class=\"elementor-widget-container\">\n\t\t\t\t\t<h2 class=\"elementor-heading-title elementor-size-default\">Valori fondamentali<\/h2>\t\t\t\t<\/div>\n\t\t\t\t<\/div>\n\t\t\t\t<div class=\"elementor-element elementor-element-1846f6c elementor-widget elementor-widget-text-editor\" data-id=\"1846f6c\" data-element_type=\"widget\" data-e-type=\"widget\" data-widget_type=\"text-editor.default\">\n\t\t\t\t<div class=\"elementor-widget-container\">\n\t\t\t\t\t\t\t\t\t<ul>\n<li>Integrit\u00e0: Sosteniamo i pi\u00f9 alti standard di etica e integrit\u00e0 in tutte le azioni.<\/li>\n<li>Rispetto per le persone: Apprezziamo le nostre persone, ne incoraggiamo lo sviluppo, le riteniamo responsabili degli impegni personali e premiamo le loro prestazioni.<\/li>\n<li>Responsabilit\u00e0 sociale: Siamo buoni cittadini nelle comunit\u00e0 in cui viviamo e lavoriamo.<\/li>\n<li>Sostenibilit\u00e0: Ci impegniamo per un futuro sostenibile e per migliorare la nostra impronta ambientale.<\/li>\n<li>Divertimento: Manteniamo un&#8217;atmosfera in cui il duro lavoro e l&#8217;impegno vengono premiati con un divertimento spensierato.<\/li>\n<\/ul>\n\t\t\t\t\t\t\t\t<\/div>\n\t\t\t\t<\/div>\n\t\t\t\t\t<\/div>\n\t\t<\/div>\n\t\t\t\t\t<\/div>\n\t\t<\/section>\n\t\t\t\t\t<\/div>\n\t\t<\/div>\n\t\t\t\t\t<\/div>\n\t\t<\/section>\n\t\t\t\t<section class=\"elementor-section elementor-top-section elementor-element elementor-element-c4995b5 elementor-section-boxed elementor-section-height-default elementor-section-height-default\" data-id=\"c4995b5\" data-element_type=\"section\" data-e-type=\"section\" data-settings=\"{&quot;background_background&quot;:&quot;classic&quot;}\">\n\t\t\t\t\t\t<div class=\"elementor-container elementor-column-gap-default\">\n\t\t\t\t\t<div class=\"elementor-column elementor-col-100 elementor-top-column elementor-element elementor-element-7d5fdf6\" data-id=\"7d5fdf6\" data-element_type=\"column\" data-e-type=\"column\">\n\t\t\t<div class=\"elementor-widget-wrap elementor-element-populated\">\n\t\t\t\t\t\t<div class=\"elementor-element elementor-element-fe3438d elementor-widget elementor-widget-shortcode\" data-id=\"fe3438d\" data-element_type=\"widget\" data-e-type=\"widget\" data-widget_type=\"shortcode.default\">\n\t\t\t\t<div class=\"elementor-widget-container\">\n\t\t\t\t\t\t\t<div class=\"elementor-shortcode\"><h3 class=\"ai-child-pages-title\">Per saperne di pi\u00f9<\/h3><ul class=\"ai-child-pages\"><li class=\"page_item page-item-5400\"><a href=\"https:\/\/www.amsted.com\/it\/chi-siamo\/storia\/\">Storia<\/a><\/li>\n<li class=\"page_item page-item-5402 page_item_has_children\"><a href=\"https:\/\/www.amsted.com\/it\/chi-siamo\/team-di-leadership\/\">Team di leadership<\/a><\/li>\n<li class=\"page_item page-item-5273\"><a href=\"https:\/\/www.amsted.com\/it\/chi-siamo\/consiglio-di-amministrazione\/\">Consiglio di amministrazione<\/a><\/li>\n<li class=\"page_item page-item-5293\"><a href=\"https:\/\/www.amsted.com\/it\/chi-siamo\/codice-di-condotta\/\">Codice di condotta<\/a><\/li>\n<li class=\"page_item page-item-5301\"><a href=\"https:\/\/www.amsted.com\/it\/chi-siamo\/esg\/\">ESG<\/a><\/li>\n<\/ul><\/div>\n\t\t\t\t\t\t<\/div>\n\t\t\t\t<\/div>\n\t\t\t\t\t<\/div>\n\t\t<\/div>\n\t\t\t\t\t<\/div>\n\t\t<\/section>\n\t\t\t\t<\/div>\n\t\t","protected":false},"excerpt":{"rendered":"<p>Chi Siamo Amsted Industries Amsted Industries \u00e8 un produttore globale diversificato di componenti industriali che serve principalmente i mercati ferroviario, automobilistico, dei veicoli commerciali, delle costruzioni e dell&#8217;edilizia. Combinando processi di produzione d&#8217;avanguardia ad una storia di innovazione continua siamo orgogliosi di essere leader in ogni segmento di mercato che serviamo. Operando con il nome [&hellip;]<\/p>\n","protected":false},"author":1,"featured_media":0,"parent":0,"menu_order":0,"comment_status":"closed","ping_status":"closed","template":"","meta":{"_acf_changed":false,"footnotes":""},"search-category":[],"class_list":["post-5271","page","type-page","status-publish","hentry"],"acf":[],"yoast_head":"<!-- This site is optimized with the Yoast SEO plugin v27.2 - https:\/\/yoast.com\/product\/yoast-seo-wordpress\/ -->\n<title>Chi siamo - Amsted Industries<\/title>\n<meta name=\"robots\" content=\"index, follow, max-snippet:-1, max-image-preview:large, max-video-preview:-1\" \/>\n<link rel=\"canonical\" href=\"https:\/\/www.amsted.com\/it\/chi-siamo\/\" \/>\n<meta property=\"og:locale\" content=\"it_IT\" \/>\n<meta property=\"og:type\" content=\"article\" \/>\n<meta property=\"og:title\" content=\"Chi siamo - Amsted Industries\" \/>\n<meta property=\"og:description\" content=\"Chi Siamo Amsted Industries Amsted Industries \u00e8 un produttore globale diversificato di componenti industriali che serve principalmente i mercati ferroviario, automobilistico, dei veicoli commerciali, delle costruzioni e dell&#8217;edilizia. Combinando processi di produzione d&#8217;avanguardia ad una storia di innovazione continua siamo orgogliosi di essere leader in ogni segmento di mercato che serviamo. Operando con il nome [&hellip;]\" \/>\n<meta property=\"og:url\" content=\"https:\/\/www.amsted.com\/it\/chi-siamo\/\" \/>\n<meta property=\"og:site_name\" content=\"Amsted Industries\" \/>\n<meta property=\"article:modified_time\" content=\"2022-09-15T00:57:23+00:00\" \/>\n<meta name=\"twitter:card\" content=\"summary_large_image\" \/>\n<meta name=\"twitter:label1\" content=\"Est. reading time\" \/>\n\t<meta name=\"twitter:data1\" content=\"1 minute\" \/>\n<script type=\"application\/ld+json\" class=\"yoast-schema-graph\">{\"@context\":\"https:\/\/schema.org\",\"@graph\":[{\"@type\":\"WebPage\",\"@id\":\"https:\/\/www.amsted.com\/it\/chi-siamo\/\",\"url\":\"https:\/\/www.amsted.com\/it\/chi-siamo\/\",\"name\":\"Chi siamo - Amsted Industries\",\"isPartOf\":{\"@id\":\"https:\/\/www.amsted.com\/it\/#website\"},\"datePublished\":\"2022-05-31T15:33:23+00:00\",\"dateModified\":\"2022-09-15T00:57:23+00:00\",\"breadcrumb\":{\"@id\":\"https:\/\/www.amsted.com\/it\/chi-siamo\/#breadcrumb\"},\"inLanguage\":\"it-IT\",\"potentialAction\":[{\"@type\":\"ReadAction\",\"target\":[\"https:\/\/www.amsted.com\/it\/chi-siamo\/\"]}]},{\"@type\":\"BreadcrumbList\",\"@id\":\"https:\/\/www.amsted.com\/it\/chi-siamo\/#breadcrumb\",\"itemListElement\":[{\"@type\":\"ListItem\",\"position\":1,\"name\":\"Home\",\"item\":\"https:\/\/www.amsted.com\/it\/homepage\/\"},{\"@type\":\"ListItem\",\"position\":2,\"name\":\"Chi siamo\"}]},{\"@type\":\"WebSite\",\"@id\":\"https:\/\/www.amsted.com\/it\/#website\",\"url\":\"https:\/\/www.amsted.com\/it\/\",\"name\":\"Amsted Industries\",\"description\":\"Just another WordPress site\",\"potentialAction\":[{\"@type\":\"SearchAction\",\"target\":{\"@type\":\"EntryPoint\",\"urlTemplate\":\"https:\/\/www.amsted.com\/it\/?s={search_term_string}\"},\"query-input\":{\"@type\":\"PropertyValueSpecification\",\"valueRequired\":true,\"valueName\":\"search_term_string\"}}],\"inLanguage\":\"it-IT\"}]}<\/script>\n<!-- \/ Yoast SEO plugin. -->","yoast_head_json":{"title":"Chi siamo - Amsted Industries","robots":{"index":"index","follow":"follow","max-snippet":"max-snippet:-1","max-image-preview":"max-image-preview:large","max-video-preview":"max-video-preview:-1"},"canonical":"https:\/\/www.amsted.com\/it\/chi-siamo\/","og_locale":"it_IT","og_type":"article","og_title":"Chi siamo - Amsted Industries","og_description":"Chi Siamo Amsted Industries Amsted Industries \u00e8 un produttore globale diversificato di componenti industriali che serve principalmente i mercati ferroviario, automobilistico, dei veicoli commerciali, delle costruzioni e dell&#8217;edilizia. Combinando processi di produzione d&#8217;avanguardia ad una storia di innovazione continua siamo orgogliosi di essere leader in ogni segmento di mercato che serviamo. Operando con il nome [&hellip;]","og_url":"https:\/\/www.amsted.com\/it\/chi-siamo\/","og_site_name":"Amsted Industries","article_modified_time":"2022-09-15T00:57:23+00:00","twitter_card":"summary_large_image","twitter_misc":{"Est. reading time":"1 minute"},"schema":{"@context":"https:\/\/schema.org","@graph":[{"@type":"WebPage","@id":"https:\/\/www.amsted.com\/it\/chi-siamo\/","url":"https:\/\/www.amsted.com\/it\/chi-siamo\/","name":"Chi siamo - Amsted Industries","isPartOf":{"@id":"https:\/\/www.amsted.com\/it\/#website"},"datePublished":"2022-05-31T15:33:23+00:00","dateModified":"2022-09-15T00:57:23+00:00","breadcrumb":{"@id":"https:\/\/www.amsted.com\/it\/chi-siamo\/#breadcrumb"},"inLanguage":"it-IT","potentialAction":[{"@type":"ReadAction","target":["https:\/\/www.amsted.com\/it\/chi-siamo\/"]}]},{"@type":"BreadcrumbList","@id":"https:\/\/www.amsted.com\/it\/chi-siamo\/#breadcrumb","itemListElement":[{"@type":"ListItem","position":1,"name":"Home","item":"https:\/\/www.amsted.com\/it\/homepage\/"},{"@type":"ListItem","position":2,"name":"Chi siamo"}]},{"@type":"WebSite","@id":"https:\/\/www.amsted.com\/it\/#website","url":"https:\/\/www.amsted.com\/it\/","name":"Amsted Industries","description":"Just another WordPress site","potentialAction":[{"@type":"SearchAction","target":{"@type":"EntryPoint","urlTemplate":"https:\/\/www.amsted.com\/it\/?s={search_term_string}"},"query-input":{"@type":"PropertyValueSpecification","valueRequired":true,"valueName":"search_term_string"}}],"inLanguage":"it-IT"}]}},"_links":{"self":[{"href":"https:\/\/www.amsted.com\/it\/wp-json\/wp\/v2\/pages\/5271","targetHints":{"allow":["GET"]}}],"collection":[{"href":"https:\/\/www.amsted.com\/it\/wp-json\/wp\/v2\/pages"}],"about":[{"href":"https:\/\/www.amsted.com\/it\/wp-json\/wp\/v2\/types\/page"}],"author":[{"embeddable":true,"href":"https:\/\/www.amsted.com\/it\/wp-json\/wp\/v2\/users\/1"}],"replies":[{"embeddable":true,"href":"https:\/\/www.amsted.com\/it\/wp-json\/wp\/v2\/comments?post=5271"}],"version-history":[{"count":5,"href":"https:\/\/www.amsted.com\/it\/wp-json\/wp\/v2\/pages\/5271\/revisions"}],"predecessor-version":[{"id":5407,"href":"https:\/\/www.amsted.com\/it\/wp-json\/wp\/v2\/pages\/5271\/revisions\/5407"}],"wp:attachment":[{"href":"https:\/\/www.amsted.com\/it\/wp-json\/wp\/v2\/media?parent=5271"}],"wp:term":[{"taxonomy":"search-category","embeddable":true,"href":"https:\/\/www.amsted.com\/it\/wp-json\/wp\/v2\/search-category?post=5271"}],"curies":[{"name":"wp","href":"https:\/\/api.w.org\/{rel}","templated":true}]}}