{"id":6331,"date":"2022-06-02T02:36:25","date_gmt":"2022-06-02T02:36:25","guid":{"rendered":"https:\/\/live-amsted-industries.pantheonsite.io\/carrieres\/conformite-eeo-declarations\/"},"modified":"2022-10-31T12:30:13","modified_gmt":"2022-10-31T12:30:13","slug":"conformite-eeo-declarations","status":"publish","type":"page","link":"https:\/\/www.amsted.com\/fr\/carrieres\/conformite-eeo-declarations\/","title":{"rendered":"Conformit\u00e9 EEO \/ D\u00e9clarations"},"content":{"rendered":"\t\t<div data-elementor-type=\"wp-page\" data-elementor-id=\"6331\" class=\"elementor elementor-6331 elementor-216\" data-elementor-post-type=\"page\">\n\t\t\t\t\t\t<section class=\"elementor-section elementor-top-section elementor-element elementor-element-e132bb1 elementor-section-boxed elementor-section-height-default elementor-section-height-default\" data-id=\"e132bb1\" data-element_type=\"section\" data-e-type=\"section\">\n\t\t\t\t\t\t<div class=\"elementor-container elementor-column-gap-default\">\n\t\t\t\t\t<div class=\"elementor-column elementor-col-100 elementor-top-column elementor-element elementor-element-262dc4f\" data-id=\"262dc4f\" data-element_type=\"column\" data-e-type=\"column\">\n\t\t\t<div class=\"elementor-widget-wrap elementor-element-populated\">\n\t\t\t\t\t\t<section class=\"elementor-section elementor-inner-section elementor-element elementor-element-4730550 elementor-section-boxed elementor-section-height-default elementor-section-height-default\" data-id=\"4730550\" data-element_type=\"section\" data-e-type=\"section\" data-settings=\"{&quot;background_background&quot;:&quot;video&quot;}\">\n\t\t\t\t\t\t<div class=\"elementor-container elementor-column-gap-default\">\n\t\t\t\t\t<div class=\"elementor-column elementor-col-50 elementor-inner-column elementor-element elementor-element-d7f07f6\" data-id=\"d7f07f6\" data-element_type=\"column\" data-e-type=\"column\">\n\t\t\t<div class=\"elementor-widget-wrap elementor-element-populated\">\n\t\t\t\t\t\t<div class=\"elementor-element elementor-element-c4f5b4a elementor-widget elementor-widget-heading\" data-id=\"c4f5b4a\" data-element_type=\"widget\" data-e-type=\"widget\" data-widget_type=\"heading.default\">\n\t\t\t\t<div class=\"elementor-widget-container\">\n\t\t\t\t\t<h1 class=\"elementor-heading-title elementor-size-default\">Conformit\u00e9 EEO \/ D\u00e9clarations<\/h1>\t\t\t\t<\/div>\n\t\t\t\t<\/div>\n\t\t\t\t\t<\/div>\n\t\t<\/div>\n\t\t\t\t<div class=\"elementor-column elementor-col-50 elementor-inner-column elementor-element elementor-element-e3ce21e\" data-id=\"e3ce21e\" data-element_type=\"column\" data-e-type=\"column\">\n\t\t\t<div class=\"elementor-widget-wrap\">\n\t\t\t\t\t\t\t<\/div>\n\t\t<\/div>\n\t\t\t\t\t<\/div>\n\t\t<\/section>\n\t\t\t\t\t<\/div>\n\t\t<\/div>\n\t\t\t\t\t<\/div>\n\t\t<\/section>\n\t\t\t\t<section class=\"elementor-section elementor-top-section elementor-element elementor-element-9e25542 elementor-section-full_width elementor-section-height-default elementor-section-height-default\" data-id=\"9e25542\" data-element_type=\"section\" data-e-type=\"section\" data-settings=\"{&quot;background_background&quot;:&quot;classic&quot;}\">\n\t\t\t\t\t\t<div class=\"elementor-container elementor-column-gap-default\">\n\t\t\t\t\t<div class=\"elementor-column elementor-col-100 elementor-top-column elementor-element elementor-element-1a370cb\" data-id=\"1a370cb\" data-element_type=\"column\" data-e-type=\"column\">\n\t\t\t<div class=\"elementor-widget-wrap elementor-element-populated\">\n\t\t\t\t\t\t<section class=\"elementor-section elementor-inner-section elementor-element elementor-element-d37f3aa main-content elementor-section-boxed elementor-section-height-default elementor-section-height-default\" data-id=\"d37f3aa\" data-element_type=\"section\" data-e-type=\"section\">\n\t\t\t\t\t\t<div class=\"elementor-container elementor-column-gap-default\">\n\t\t\t\t\t<div class=\"elementor-column elementor-col-50 elementor-inner-column elementor-element elementor-element-45660b1\" data-id=\"45660b1\" data-element_type=\"column\" data-e-type=\"column\">\n\t\t\t<div class=\"elementor-widget-wrap elementor-element-populated\">\n\t\t\t\t\t\t<div class=\"elementor-element elementor-element-c89128b elementor-widget elementor-widget-heading\" data-id=\"c89128b\" data-element_type=\"widget\" data-e-type=\"widget\" data-widget_type=\"heading.default\">\n\t\t\t\t<div class=\"elementor-widget-container\">\n\t\t\t\t\t<h2 class=\"elementor-heading-title elementor-size-default\">D\u00e9claration de l'EEO<\/h2>\t\t\t\t<\/div>\n\t\t\t\t<\/div>\n\t\t\t\t<div class=\"elementor-element elementor-element-e97710c elementor-widget elementor-widget-text-editor\" data-id=\"e97710c\" data-element_type=\"widget\" data-e-type=\"widget\" data-widget_type=\"text-editor.default\">\n\t\t\t\t<div class=\"elementor-widget-container\">\n\t\t\t\t\t\t\t\t\t<p>Amsted Industries est un employeur qui respecte l&#8217;\u00e9galit\u00e9 des chances. Amsted Industries offre des chances \u00e9gales en mati\u00e8re d&#8217;emploi (EEO) \u00e0 tous les employ\u00e9s et candidats \u00e0 l&#8217;embauche, sans consid\u00e9ration de race, de couleur, de religion, de sexe, d&#8217;orientation sexuelle, d&#8217;identit\u00e9 de genre, d&#8217;origine nationale, d&#8217;\u00e2ge, de handicap, d&#8217;information g\u00e9n\u00e9tique, d&#8217;\u00e9tat civil, d&#8217;amnistie ou de statut de v\u00e9t\u00e9ran couvert, conform\u00e9ment aux lois f\u00e9d\u00e9rales, \u00e9tatiques et locales applicables. Amsted se conforme aux lois \u00e9tatiques et locales applicables en mati\u00e8re de non-discrimination \u00e0 l&#8217;embauche dans tous les sites o\u00f9 l&#8217;entreprise est implant\u00e9e. Cette politique s&#8217;applique \u00e0 toutes les conditions d&#8217;emploi, y compris l&#8217;embauche, le placement, la promotion, le licenciement, le rappel, le transfert, les cong\u00e9s, la r\u00e9mun\u00e9ration et la formation.   <\/p>\n\t\t\t\t\t\t\t\t<\/div>\n\t\t\t\t<\/div>\n\t\t\t\t\t<\/div>\n\t\t<\/div>\n\t\t\t\t<div class=\"elementor-column elementor-col-50 elementor-inner-column elementor-element elementor-element-0134024\" data-id=\"0134024\" data-element_type=\"column\" data-e-type=\"column\">\n\t\t\t<div class=\"elementor-widget-wrap elementor-element-populated\">\n\t\t\t\t\t\t<div class=\"elementor-element elementor-element-1f3ad3e elementor-widget elementor-widget-heading\" data-id=\"1f3ad3e\" data-element_type=\"widget\" data-e-type=\"widget\" data-widget_type=\"heading.default\">\n\t\t\t\t<div class=\"elementor-widget-container\">\n\t\t\t\t\t<h2 class=\"elementor-heading-title elementor-size-default\">Validation des informations sur l'emploi<\/h2>\t\t\t\t<\/div>\n\t\t\t\t<\/div>\n\t\t\t\t<div class=\"elementor-element elementor-element-546b309 elementor-widget elementor-widget-text-editor\" data-id=\"546b309\" data-element_type=\"widget\" data-e-type=\"widget\" data-widget_type=\"text-editor.default\">\n\t\t\t\t<div class=\"elementor-widget-container\">\n\t\t\t\t\t\t\t\t\t<p>Lorsqu&#8217;ils se voient proposer un emploi aux \u00c9tats-Unis, les futurs employ\u00e9s d&#8217;Amsted Industries sont invit\u00e9s \u00e0 se soumettre \u00e0 un d\u00e9pistage de drogues, \u00e0 un examen m\u00e9dical et \u00e0 une v\u00e9rification des ant\u00e9c\u00e9dents. La v\u00e9rification des ant\u00e9c\u00e9dents comprend une v\u00e9rification de l&#8217;emploi, une v\u00e9rification des ant\u00e9c\u00e9dents criminels et, le cas \u00e9ch\u00e9ant, la v\u00e9rification que les dipl\u00f4mes ont \u00e9t\u00e9 d\u00e9livr\u00e9s par des institutions accr\u00e9dit\u00e9es et que les certifications professionnelles sont \u00e0 jour. Une preuve d&#8217;identit\u00e9 et une autorisation l\u00e9gale de travailler sont demand\u00e9es au moment de se pr\u00e9senter au travail. Utilisez les liens fournis ci-dessous pour t\u00e9l\u00e9charger les brochures en format PDF pour chaque \u00e9l\u00e9ment ci-dessous.   <\/p>\n\t\t\t\t\t\t\t\t<\/div>\n\t\t\t\t<\/div>\n\t\t\t\t\t<\/div>\n\t\t<\/div>\n\t\t\t\t\t<\/div>\n\t\t<\/section>\n\t\t\t\t\t<\/div>\n\t\t<\/div>\n\t\t\t\t\t<\/div>\n\t\t<\/section>\n\t\t\t\t<section class=\"elementor-section elementor-top-section elementor-element elementor-element-3fd8da1 elementor-section-boxed elementor-section-height-default elementor-section-height-default\" data-id=\"3fd8da1\" data-element_type=\"section\" data-e-type=\"section\" data-settings=\"{&quot;background_background&quot;:&quot;classic&quot;}\">\n\t\t\t\t\t\t<div class=\"elementor-container elementor-column-gap-default\">\n\t\t\t\t\t<div class=\"elementor-column elementor-col-100 elementor-top-column elementor-element elementor-element-1afbc88\" data-id=\"1afbc88\" data-element_type=\"column\" data-e-type=\"column\">\n\t\t\t<div class=\"elementor-widget-wrap elementor-element-populated\">\n\t\t\t\t\t\t<section class=\"elementor-section elementor-inner-section elementor-element elementor-element-04bbf64 main-content elementor-section-boxed elementor-section-height-default elementor-section-height-default\" data-id=\"04bbf64\" data-element_type=\"section\" data-e-type=\"section\">\n\t\t\t\t\t\t<div class=\"elementor-container elementor-column-gap-default\">\n\t\t\t\t\t<div class=\"elementor-column elementor-col-100 elementor-inner-column elementor-element elementor-element-36f0f45\" data-id=\"36f0f45\" data-element_type=\"column\" data-e-type=\"column\">\n\t\t\t<div class=\"elementor-widget-wrap elementor-element-populated\">\n\t\t\t\t\t\t<div class=\"elementor-element elementor-element-59c6f8d elementor-widget elementor-widget-heading\" data-id=\"59c6f8d\" data-element_type=\"widget\" data-e-type=\"widget\" data-widget_type=\"heading.default\">\n\t\t\t\t<div class=\"elementor-widget-container\">\n\t\t\t\t\t<h2 class=\"elementor-heading-title elementor-size-default\">T\u00e9l\u00e9chargements<\/h2>\t\t\t\t<\/div>\n\t\t\t\t<\/div>\n\t\t\t\t<div class=\"elementor-element elementor-element-28bbc08 elementor-widget elementor-widget-text-editor\" data-id=\"28bbc08\" data-element_type=\"widget\" data-e-type=\"widget\" data-widget_type=\"text-editor.default\">\n\t\t\t\t<div class=\"elementor-widget-container\">\n\t\t\t\t\t\t\t\t\t<b>Utilisez les liens fournis ci-dessous pour t\u00e9l\u00e9charger des brochures PDF compl\u00e8tes pour chaque \u00e9l\u00e9ment ci-dessous.<\/b>\n<p>\n<\/p><ul>\n \t<li><a href=\"https:\/\/www.amsted.com\/wp-content\/uploads\/2022\/10\/EEOC_KnowYourRights_Poster.pdf\" target=\"_blank\" rel=\"noopener\">Connais tes droits<\/a><\/li>\n \t<li><a href=\"https:\/\/www.amsted.com\/wp-content\/uploads\/2022\/10\/EEOC_KnowYourRights_Poster_Spanish.pdf\" target=\"_blank\" rel=\"noopener\">Connais tes droits (Espa\u00f1ol)<\/a><\/li>\n<\/ul>\n\t\t\t\t\t\t\t\t<\/div>\n\t\t\t\t<\/div>\n\t\t\t\t\t<\/div>\n\t\t<\/div>\n\t\t\t\t\t<\/div>\n\t\t<\/section>\n\t\t\t\t\t<\/div>\n\t\t<\/div>\n\t\t\t\t\t<\/div>\n\t\t<\/section>\n\t\t\t\t<section class=\"elementor-section elementor-top-section elementor-element elementor-element-a212bb5 elementor-section-boxed elementor-section-height-default elementor-section-height-default\" data-id=\"a212bb5\" data-element_type=\"section\" data-e-type=\"section\" data-settings=\"{&quot;background_background&quot;:&quot;classic&quot;}\">\n\t\t\t\t\t\t<div class=\"elementor-container elementor-column-gap-default\">\n\t\t\t\t\t<div class=\"elementor-column elementor-col-100 elementor-top-column elementor-element elementor-element-4d9134b\" data-id=\"4d9134b\" data-element_type=\"column\" data-e-type=\"column\">\n\t\t\t<div class=\"elementor-widget-wrap elementor-element-populated\">\n\t\t\t\t\t\t<div class=\"elementor-element elementor-element-a1b3369 elementor-widget elementor-widget-shortcode\" data-id=\"a1b3369\" data-element_type=\"widget\" data-e-type=\"widget\" data-widget_type=\"shortcode.default\">\n\t\t\t\t<div class=\"elementor-widget-container\">\n\t\t\t\t\t\t\t<div class=\"elementor-shortcode\"><\/div>\n\t\t\t\t\t\t<\/div>\n\t\t\t\t<\/div>\n\t\t\t\t\t<\/div>\n\t\t<\/div>\n\t\t\t\t\t<\/div>\n\t\t<\/section>\n\t\t\t\t<\/div>\n\t\t","protected":false},"excerpt":{"rendered":"<p>Conformit\u00e9 EEO \/ D\u00e9clarations D\u00e9claration de l&#8217;EEO Amsted Industries est un employeur qui respecte l&#8217;\u00e9galit\u00e9 des chances. Amsted Industries offre des chances \u00e9gales en mati\u00e8re d&#8217;emploi (EEO) \u00e0 tous les employ\u00e9s et candidats \u00e0 l&#8217;embauche, sans consid\u00e9ration de race, de couleur, de religion, de sexe, d&#8217;orientation sexuelle, d&#8217;identit\u00e9 de genre, d&#8217;origine nationale, d&#8217;\u00e2ge, de handicap, [&hellip;]<\/p>\n","protected":false},"author":1,"featured_media":0,"parent":5550,"menu_order":0,"comment_status":"closed","ping_status":"closed","template":"","meta":{"_acf_changed":false,"footnotes":""},"search-category":[18],"class_list":["post-6331","page","type-page","status-publish","hentry","search-category-careers"],"acf":[],"yoast_head":"<!-- This site is optimized with the Yoast SEO plugin v27.2 - https:\/\/yoast.com\/product\/yoast-seo-wordpress\/ -->\n<title>Conformit\u00e9 EEO \/ D\u00e9clarations - Amsted Industries<\/title>\n<meta name=\"robots\" content=\"index, follow, max-snippet:-1, max-image-preview:large, max-video-preview:-1\" \/>\n<link rel=\"canonical\" href=\"https:\/\/www.amsted.com\/fr\/carrieres\/conformite-eeo-declarations\/\" \/>\n<meta property=\"og:locale\" content=\"fr_FR\" \/>\n<meta property=\"og:type\" content=\"article\" \/>\n<meta property=\"og:title\" content=\"Conformit\u00e9 EEO \/ D\u00e9clarations - Amsted Industries\" \/>\n<meta property=\"og:description\" content=\"Conformit\u00e9 EEO \/ D\u00e9clarations D\u00e9claration de l&#8217;EEO Amsted Industries est un employeur qui respecte l&#8217;\u00e9galit\u00e9 des chances. Amsted Industries offre des chances \u00e9gales en mati\u00e8re d&#8217;emploi (EEO) \u00e0 tous les employ\u00e9s et candidats \u00e0 l&#8217;embauche, sans consid\u00e9ration de race, de couleur, de religion, de sexe, d&#8217;orientation sexuelle, d&#8217;identit\u00e9 de genre, d&#8217;origine nationale, d&#8217;\u00e2ge, de handicap, [&hellip;]\" \/>\n<meta property=\"og:url\" content=\"https:\/\/www.amsted.com\/fr\/carrieres\/conformite-eeo-declarations\/\" \/>\n<meta property=\"og:site_name\" content=\"Amsted Industries\" \/>\n<meta property=\"article:modified_time\" content=\"2022-10-31T12:30:13+00:00\" \/>\n<meta name=\"twitter:card\" content=\"summary_large_image\" \/>\n<meta name=\"twitter:label1\" content=\"Est. reading time\" \/>\n\t<meta name=\"twitter:data1\" content=\"2 minutes\" \/>\n<script type=\"application\/ld+json\" class=\"yoast-schema-graph\">{\"@context\":\"https:\/\/schema.org\",\"@graph\":[{\"@type\":\"WebPage\",\"@id\":\"https:\/\/www.amsted.com\/fr\/carrieres\/conformite-eeo-declarations\/\",\"url\":\"https:\/\/www.amsted.com\/fr\/carrieres\/conformite-eeo-declarations\/\",\"name\":\"Conformit\u00e9 EEO \/ D\u00e9clarations - Amsted Industries\",\"isPartOf\":{\"@id\":\"https:\/\/www.amsted.com\/fr\/#website\"},\"datePublished\":\"2022-06-02T02:36:25+00:00\",\"dateModified\":\"2022-10-31T12:30:13+00:00\",\"breadcrumb\":{\"@id\":\"https:\/\/www.amsted.com\/fr\/carrieres\/conformite-eeo-declarations\/#breadcrumb\"},\"inLanguage\":\"fr-FR\",\"potentialAction\":[{\"@type\":\"ReadAction\",\"target\":[\"https:\/\/www.amsted.com\/fr\/carrieres\/conformite-eeo-declarations\/\"]}]},{\"@type\":\"BreadcrumbList\",\"@id\":\"https:\/\/www.amsted.com\/fr\/carrieres\/conformite-eeo-declarations\/#breadcrumb\",\"itemListElement\":[{\"@type\":\"ListItem\",\"position\":1,\"name\":\"Home\",\"item\":\"https:\/\/www.amsted.com\/fr\/homepage\/\"},{\"@type\":\"ListItem\",\"position\":2,\"name\":\"Carri\u00e8res\",\"item\":\"https:\/\/www.amsted.com\/fr\/carrieres\/\"},{\"@type\":\"ListItem\",\"position\":3,\"name\":\"Conformit\u00e9 EEO \/ D\u00e9clarations\"}]},{\"@type\":\"WebSite\",\"@id\":\"https:\/\/www.amsted.com\/fr\/#website\",\"url\":\"https:\/\/www.amsted.com\/fr\/\",\"name\":\"Amsted Industries\",\"description\":\"Just another WordPress site\",\"potentialAction\":[{\"@type\":\"SearchAction\",\"target\":{\"@type\":\"EntryPoint\",\"urlTemplate\":\"https:\/\/www.amsted.com\/fr\/?s={search_term_string}\"},\"query-input\":{\"@type\":\"PropertyValueSpecification\",\"valueRequired\":true,\"valueName\":\"search_term_string\"}}],\"inLanguage\":\"fr-FR\"}]}<\/script>\n<!-- \/ Yoast SEO plugin. -->","yoast_head_json":{"title":"Conformit\u00e9 EEO \/ D\u00e9clarations - Amsted Industries","robots":{"index":"index","follow":"follow","max-snippet":"max-snippet:-1","max-image-preview":"max-image-preview:large","max-video-preview":"max-video-preview:-1"},"canonical":"https:\/\/www.amsted.com\/fr\/carrieres\/conformite-eeo-declarations\/","og_locale":"fr_FR","og_type":"article","og_title":"Conformit\u00e9 EEO \/ D\u00e9clarations - Amsted Industries","og_description":"Conformit\u00e9 EEO \/ D\u00e9clarations D\u00e9claration de l&#8217;EEO Amsted Industries est un employeur qui respecte l&#8217;\u00e9galit\u00e9 des chances. Amsted Industries offre des chances \u00e9gales en mati\u00e8re d&#8217;emploi (EEO) \u00e0 tous les employ\u00e9s et candidats \u00e0 l&#8217;embauche, sans consid\u00e9ration de race, de couleur, de religion, de sexe, d&#8217;orientation sexuelle, d&#8217;identit\u00e9 de genre, d&#8217;origine nationale, d&#8217;\u00e2ge, de handicap, [&hellip;]","og_url":"https:\/\/www.amsted.com\/fr\/carrieres\/conformite-eeo-declarations\/","og_site_name":"Amsted Industries","article_modified_time":"2022-10-31T12:30:13+00:00","twitter_card":"summary_large_image","twitter_misc":{"Est. reading time":"2 minutes"},"schema":{"@context":"https:\/\/schema.org","@graph":[{"@type":"WebPage","@id":"https:\/\/www.amsted.com\/fr\/carrieres\/conformite-eeo-declarations\/","url":"https:\/\/www.amsted.com\/fr\/carrieres\/conformite-eeo-declarations\/","name":"Conformit\u00e9 EEO \/ D\u00e9clarations - Amsted Industries","isPartOf":{"@id":"https:\/\/www.amsted.com\/fr\/#website"},"datePublished":"2022-06-02T02:36:25+00:00","dateModified":"2022-10-31T12:30:13+00:00","breadcrumb":{"@id":"https:\/\/www.amsted.com\/fr\/carrieres\/conformite-eeo-declarations\/#breadcrumb"},"inLanguage":"fr-FR","potentialAction":[{"@type":"ReadAction","target":["https:\/\/www.amsted.com\/fr\/carrieres\/conformite-eeo-declarations\/"]}]},{"@type":"BreadcrumbList","@id":"https:\/\/www.amsted.com\/fr\/carrieres\/conformite-eeo-declarations\/#breadcrumb","itemListElement":[{"@type":"ListItem","position":1,"name":"Home","item":"https:\/\/www.amsted.com\/fr\/homepage\/"},{"@type":"ListItem","position":2,"name":"Carri\u00e8res","item":"https:\/\/www.amsted.com\/fr\/carrieres\/"},{"@type":"ListItem","position":3,"name":"Conformit\u00e9 EEO \/ D\u00e9clarations"}]},{"@type":"WebSite","@id":"https:\/\/www.amsted.com\/fr\/#website","url":"https:\/\/www.amsted.com\/fr\/","name":"Amsted Industries","description":"Just another WordPress site","potentialAction":[{"@type":"SearchAction","target":{"@type":"EntryPoint","urlTemplate":"https:\/\/www.amsted.com\/fr\/?s={search_term_string}"},"query-input":{"@type":"PropertyValueSpecification","valueRequired":true,"valueName":"search_term_string"}}],"inLanguage":"fr-FR"}]}},"_links":{"self":[{"href":"https:\/\/www.amsted.com\/fr\/wp-json\/wp\/v2\/pages\/6331","targetHints":{"allow":["GET"]}}],"collection":[{"href":"https:\/\/www.amsted.com\/fr\/wp-json\/wp\/v2\/pages"}],"about":[{"href":"https:\/\/www.amsted.com\/fr\/wp-json\/wp\/v2\/types\/page"}],"author":[{"embeddable":true,"href":"https:\/\/www.amsted.com\/fr\/wp-json\/wp\/v2\/users\/1"}],"replies":[{"embeddable":true,"href":"https:\/\/www.amsted.com\/fr\/wp-json\/wp\/v2\/comments?post=6331"}],"version-history":[{"count":3,"href":"https:\/\/www.amsted.com\/fr\/wp-json\/wp\/v2\/pages\/6331\/revisions"}],"predecessor-version":[{"id":7407,"href":"https:\/\/www.amsted.com\/fr\/wp-json\/wp\/v2\/pages\/6331\/revisions\/7407"}],"up":[{"embeddable":true,"href":"https:\/\/www.amsted.com\/fr\/wp-json\/wp\/v2\/pages\/5550"}],"wp:attachment":[{"href":"https:\/\/www.amsted.com\/fr\/wp-json\/wp\/v2\/media?parent=6331"}],"wp:term":[{"taxonomy":"search-category","embeddable":true,"href":"https:\/\/www.amsted.com\/fr\/wp-json\/wp\/v2\/search-category?post=6331"}],"curies":[{"name":"wp","href":"https:\/\/api.w.org\/{rel}","templated":true}]}}