{"id":5678,"date":"2022-06-02T02:37:02","date_gmt":"2022-06-02T02:37:02","guid":{"rendered":"https:\/\/live-amsted-industries.pantheonsite.io\/politique-de-confidentialite\/"},"modified":"2022-09-15T19:45:10","modified_gmt":"2022-09-15T19:45:10","slug":"politique-de-confidentialite","status":"publish","type":"page","link":"https:\/\/www.amsted.com\/fr\/politique-de-confidentialite\/","title":{"rendered":"Politique de confidentialit\u00e9"},"content":{"rendered":"\t\t<div data-elementor-type=\"wp-page\" data-elementor-id=\"5678\" class=\"elementor elementor-5678 elementor-220\" data-elementor-post-type=\"page\">\n\t\t\t\t\t\t<section class=\"elementor-section elementor-top-section elementor-element elementor-element-d6307f5 elementor-section-boxed elementor-section-height-default elementor-section-height-default\" data-id=\"d6307f5\" data-element_type=\"section\" data-e-type=\"section\">\n\t\t\t\t\t\t<div class=\"elementor-container elementor-column-gap-default\">\n\t\t\t\t\t<div class=\"elementor-column elementor-col-100 elementor-top-column elementor-element elementor-element-642d1df\" data-id=\"642d1df\" data-element_type=\"column\" data-e-type=\"column\">\n\t\t\t<div class=\"elementor-widget-wrap elementor-element-populated\">\n\t\t\t\t\t\t<section class=\"elementor-section elementor-inner-section elementor-element elementor-element-a2878a2 elementor-section-boxed elementor-section-height-default elementor-section-height-default\" data-id=\"a2878a2\" data-element_type=\"section\" data-e-type=\"section\" data-settings=\"{&quot;background_background&quot;:&quot;video&quot;}\">\n\t\t\t\t\t\t<div class=\"elementor-container elementor-column-gap-default\">\n\t\t\t\t\t<div class=\"elementor-column elementor-col-50 elementor-inner-column elementor-element elementor-element-a926fcd\" data-id=\"a926fcd\" data-element_type=\"column\" data-e-type=\"column\">\n\t\t\t<div class=\"elementor-widget-wrap elementor-element-populated\">\n\t\t\t\t\t\t<div class=\"elementor-element elementor-element-2b29944 elementor-widget elementor-widget-heading\" data-id=\"2b29944\" data-element_type=\"widget\" data-e-type=\"widget\" data-widget_type=\"heading.default\">\n\t\t\t\t<div class=\"elementor-widget-container\">\n\t\t\t\t\t<h1 class=\"elementor-heading-title elementor-size-default\">Politique de confidentialit\u00e9<\/h1>\t\t\t\t<\/div>\n\t\t\t\t<\/div>\n\t\t\t\t\t<\/div>\n\t\t<\/div>\n\t\t\t\t<div class=\"elementor-column elementor-col-50 elementor-inner-column elementor-element elementor-element-ffde90f\" data-id=\"ffde90f\" data-element_type=\"column\" data-e-type=\"column\">\n\t\t\t<div class=\"elementor-widget-wrap\">\n\t\t\t\t\t\t\t<\/div>\n\t\t<\/div>\n\t\t\t\t\t<\/div>\n\t\t<\/section>\n\t\t\t\t\t<\/div>\n\t\t<\/div>\n\t\t\t\t\t<\/div>\n\t\t<\/section>\n\t\t\t\t<section class=\"elementor-section elementor-top-section elementor-element elementor-element-47f7e01 elementor-section-boxed elementor-section-height-default elementor-section-height-default\" data-id=\"47f7e01\" data-element_type=\"section\" data-e-type=\"section\">\n\t\t\t\t\t\t<div class=\"elementor-container elementor-column-gap-default\">\n\t\t\t\t\t<div class=\"elementor-column elementor-col-100 elementor-top-column elementor-element elementor-element-2d50d56\" data-id=\"2d50d56\" data-element_type=\"column\" data-e-type=\"column\">\n\t\t\t<div class=\"elementor-widget-wrap elementor-element-populated\">\n\t\t\t\t\t\t<div class=\"elementor-element elementor-element-cd72076 elementor-widget elementor-widget-text-editor\" data-id=\"cd72076\" data-element_type=\"widget\" data-e-type=\"widget\" data-widget_type=\"text-editor.default\">\n\t\t\t\t<div class=\"elementor-widget-container\">\n\t\t\t\t\t\t\t\t\t<p><span style=\"font-weight: 400;\">Amsted Industries s&#8217;engage \u00e0 prot\u00e9ger votre vie priv\u00e9e et \u00e0 d\u00e9velopper une technologie qui vous offre l&#8217;exp\u00e9rience en ligne la plus puissante et la plus s\u00fbre possible. La pr\u00e9sente d\u00e9claration de confidentialit\u00e9 s&#8217;applique au site Web d&#8217;Amsted Industries et r\u00e9git la collecte et l&#8217;utilisation des donn\u00e9es. En utilisant le site Web d&#8217;Amsted Industries, vous acceptez les pratiques en mati\u00e8re de donn\u00e9es d\u00e9crites dans la pr\u00e9sente d\u00e9claration.  <\/span><\/p>\n<p><b>Collecte de vos informations personnelles<\/b><\/p>\n<p><span style=\"font-weight: 400;\">Amsted Industries recueille des informations personnelles identifiables, telles que votre adresse \u00e9lectronique, votre nom, votre adresse personnelle ou professionnelle ou votre num\u00e9ro de t\u00e9l\u00e9phone. Amsted Industries recueille \u00e9galement des informations d\u00e9mographiques anonymes, qui ne vous sont pas propres, telles que votre code postal, votre \u00e2ge, votre sexe, vos pr\u00e9f\u00e9rences, vos int\u00e9r\u00eats et vos favoris. <\/span><\/p>\n<p><span style=\"font-weight: 400;\">Amsted Industries recueille aussi automatiquement des informations sur votre mat\u00e9riel informatique et vos logiciels. Ces informations peuvent inclure : votre adresse IP, le type de navigateur, les noms de domaine, les temps d&#8217;acc\u00e8s et les adresses des sites Web de r\u00e9f\u00e9rence. Ces informations sont utilis\u00e9es par Amsted Industries pour le fonctionnement du service, pour maintenir la qualit\u00e9 du service et pour fournir des statistiques g\u00e9n\u00e9rales concernant l&#8217;utilisation du site Web d&#8217;Amsted Industries.  <\/span><\/p>\n<p><span style=\"font-weight: 400;\">Veuillez garder \u00e0 l&#8217;esprit que si vous divulguez directement des informations personnellement identifiables ou des donn\u00e9es sensibles sur les forums publics d&#8217;Amsted Industries, ces informations peuvent \u00eatre collect\u00e9es et utilis\u00e9es par d&#8217;autres. Remarque : Amsted Industries ne lit aucune de vos communications priv\u00e9es en ligne. <\/span><\/p>\n<p><span style=\"font-weight: 400;\">Amsted Industries vous encourage \u00e0 consulter les d\u00e9clarations de confidentialit\u00e9 des sites Web auxquels vous choisissez de vous connecter \u00e0 partir d&#8217;Amsted Industries afin de comprendre comment ces sites Web recueillent, utilisent et partagent vos informations. Amsted Industries n&#8217;est pas responsable des d\u00e9clarations de confidentialit\u00e9 ou de tout autre contenu des sites Web n&#8217;appartenant pas \u00e0 Amsted Industries et \u00e0 la famille de sites Web d&#8217;Amsted Industries. <\/span><\/p>\n<p><b>Utilisation de vos informations personnelles<\/b><\/p>\n<p><span style=\"font-weight: 400;\">Amsted Industries recueille et utilise vos informations personnelles pour faire fonctionner le site Web d&#8217;Amsted Industries et fournir les services que vous avez demand\u00e9s. Amsted Industries utilise \u00e9galement vos informations personnelles pour vous informer sur d&#8217;autres produits ou services disponibles chez Amsted Industries et ses filiales. Amsted Industries peut \u00e9galement vous contacter par le biais d&#8217;enqu\u00eates pour effectuer des recherches sur votre opinion concernant les services actuels ou les nouveaux services potentiels qui pourraient \u00eatre propos\u00e9s.  <\/span><\/p>\n<p><span style=\"font-weight: 400;\">Amsted Industries ne vend, ni ne loue ses listes de clients \u00e0 des tiers. Amsted Industries peut, de temps \u00e0 autre, vous contacter au nom de partenaires commerciaux externes au sujet d&#8217;une offre particuli\u00e8re qui pourrait vous int\u00e9resser. Dans ce cas, vos informations personnelles identifiables (e-mail, nom, adresse, num\u00e9ro de t\u00e9l\u00e9phone) ne sont pas transmises \u00e0 la tierce partie. En outre, Amsted Industries peut partager des donn\u00e9es avec des partenaires de confiance pour nous aider \u00e0 effectuer des analyses statistiques, vous envoyer des courriers \u00e9lectroniques ou postaux, fournir une assistance \u00e0 la client\u00e8le ou organiser des livraisons. Tous ces tiers n&#8217;ont pas le droit d&#8217;utiliser vos informations personnelles, sauf pour fournir ces services \u00e0 Amsted Industries, et ils sont tenus de pr\u00e9server la confidentialit\u00e9 de vos informations.    <\/span><\/p>\n<p><span style=\"font-weight: 400;\">Amsted Industries n&#8217;utilise pas et ne divulgue pas d&#8217;informations personnelles sensibles, telles que la race, la religion ou les affiliations politiques, sans votre consentement explicite.<\/span><\/p>\n<p><span style=\"font-weight: 400;\">Amsted Industries garde trace des sites et pages Web que ses clients visitent au sein d&#8217;Amsted Industries, afin de d\u00e9terminer quels sont les services Amsted Industries les plus populaires. Ces donn\u00e9es sont utilis\u00e9es pour fournir un contenu et une publicit\u00e9 personnalis\u00e9s au sein d&#8217;Amsted Industries aux clients dont le comportement indique qu&#8217;ils sont int\u00e9ress\u00e9s par un domaine particulier. <\/span><\/p>\n<p><span style=\"font-weight: 400;\">Les sites Web d&#8217;Amsted Industries ne divulgueront vos informations personnelles, sans pr\u00e9avis, que si la loi l&#8217;exige ou si elle estime de bonne foi qu&#8217;une telle action est n\u00e9cessaire pour : (a) se conformer aux prescriptions de la loi ou \u00e0 une proc\u00e9dure l\u00e9gale \u00e0 l&#8217;encontre d&#8217;Amsted Industries ou du site ; (b) prot\u00e9ger et d\u00e9fendre les droits ou les biens d&#8217;Amsted Industries ; et (c) agir dans des circonstances exceptionnelles pour prot\u00e9ger la s\u00e9curit\u00e9 personnelle des utilisateurs d&#8217;Amsted Industries ou du public.   <\/span><\/p>\n<p><b>Utilisation des cookies<\/b><\/p>\n<p><span style=\"font-weight: 400;\">Le site Web d&#8217;Amsted Industries utilise des &#8220;cookies&#8221; pour vous aider \u00e0 personnaliser votre exp\u00e9rience en ligne. Un cookie est un fichier texte qui est plac\u00e9 sur votre disque dur par un serveur de pages Web. Les cookies ne peuvent pas \u00eatre utilis\u00e9s pour ex\u00e9cuter des programmes ou transmettre des virus \u00e0 votre ordinateur. Les cookies vous sont attribu\u00e9s de mani\u00e8re unique et ne peuvent \u00eatre lus que par un serveur Web du domaine qui a \u00e9mis le cookie \u00e0 votre intention.   <\/span><\/p>\n<p><span style=\"font-weight: 400;\">L&#8217;un des principaux objectifs des cookies est de fournir une fonction pratique pour vous faire gagner du temps. Le but d&#8217;un cookie est d&#8217;indiquer au serveur Web que vous \u00eates revenu sur une page sp\u00e9cifique. Par exemple, si vous personnalisez les pages d&#8217;Amsted Industries, ou si vous vous inscrivez au site ou aux services d&#8217;Amsted Industries, un cookie permet \u00e0 Amsted Industries de rappeler vos informations sp\u00e9cifiques lors de vos visites ult\u00e9rieures. Cela simplifie le processus d&#8217;enregistrement de vos informations personnelles, telles que les adresses de facturation, les adresses d&#8217;exp\u00e9dition, etc. Lorsque vous revenez sur le m\u00eame site Web d&#8217;Amsted Industries, les informations que vous avez fournies pr\u00e9c\u00e9demment peuvent \u00eatre r\u00e9cup\u00e9r\u00e9es, afin que vous puissiez facilement utiliser les fonctions d&#8217;Amsted Industries que vous avez personnalis\u00e9es.    <\/span><\/p>\n<p><span style=\"font-weight: 400;\">Vous avez la possibilit\u00e9 d&#8217;accepter ou de refuser les cookies. La plupart des navigateurs Web acceptent automatiquement les cookies, mais vous pouvez g\u00e9n\u00e9ralement modifier les param\u00e8tres de votre navigateur pour refuser les cookies si vous le souhaitez. Si vous choisissez de refuser les cookies, vous ne pourrez peut-\u00eatre pas profiter pleinement des fonctions interactives des services Amsted Industries ou des sites Web que vous visitez.  <\/span><\/p>\n<p><b>S\u00e9curit\u00e9 de vos informations personnelles<\/b><\/p>\n<p><span style=\"font-weight: 400;\">Amsted Industries prot\u00e8ge vos informations personnelles contre tout acc\u00e8s, utilisation ou divulgation non autoris\u00e9s. Amsted Industries s\u00e9curise les informations personnelles identifiables que vous fournissez sur des serveurs informatiques dans un environnement contr\u00f4l\u00e9 et s\u00e9curis\u00e9, prot\u00e9g\u00e9 contre tout acc\u00e8s, utilisation ou divulgation non autoris\u00e9s. Lorsque des informations personnelles (telles qu&#8217;un num\u00e9ro de carte de cr\u00e9dit) sont transmises \u00e0 d&#8217;autres sites Web, elles sont prot\u00e9g\u00e9es par un syst\u00e8me de cryptage, tel que le protocole SSL (Secure Socket Layer).  <\/span><\/p>\n<p><b>Modifications de la pr\u00e9sente d\u00e9claration<\/b><\/p>\n<p><span style=\"font-weight: 400;\">Amsted Industries mettra occasionnellement \u00e0 jour cette d\u00e9claration de confidentialit\u00e9 pour refl\u00e9ter les r\u00e9actions de l&#8217;entreprise et des clients. Amsted Industries vous encourage \u00e0 consulter p\u00e9riodiquement cette d\u00e9claration pour \u00eatre inform\u00e9 de la mani\u00e8re dont Amsted Industries prot\u00e8ge vos informations. <\/span><\/p>\n<p><b>Informations de contact<\/b><\/p>\n<p><span style=\"font-weight: 400;\">Amsted Industries vous invite \u00e0 lui faire part de vos commentaires concernant la pr\u00e9sente d\u00e9claration de confidentialit\u00e9. Si vous pensez qu&#8217;Amsted Industries n&#8217;a pas respect\u00e9 cette d\u00e9claration, veuillez contacter Amsted Industries \u00e0 l&#8217;adresse wluce@amsted.com. Nous mettrons en \u0153uvre tous les efforts commercialement raisonnables pour d\u00e9terminer et r\u00e9soudre rapidement le probl\u00e8me.   <\/span><\/p><\/p>\n\t\t\t\t\t\t\t\t<\/div>\n\t\t\t\t<\/div>\n\t\t\t\t\t<\/div>\n\t\t<\/div>\n\t\t\t\t\t<\/div>\n\t\t<\/section>\n\t\t\t\t<\/div>\n\t\t","protected":false},"excerpt":{"rendered":"<p>Amsted Industries s&#8217;engage \u00e0 prot\u00e9ger votre vie priv\u00e9e et \u00e0 d\u00e9velopper une technologie qui vous offre l&#8217;exp\u00e9rience en ligne la plus puissante et la plus s\u00fbre possible. La pr\u00e9sente d\u00e9claration de confidentialit\u00e9 s&#8217;applique au site Web d&#8217;Amsted Industries et r\u00e9git la collecte et l&#8217;utilisation des donn\u00e9es. En utilisant le site Web d&#8217;Amsted Industries, vous acceptez [&hellip;]<\/p>\n","protected":false},"author":1,"featured_media":0,"parent":0,"menu_order":0,"comment_status":"closed","ping_status":"closed","template":"","meta":{"_acf_changed":false,"footnotes":""},"search-category":[],"class_list":["post-5678","page","type-page","status-publish","hentry"],"acf":[],"yoast_head":"<!-- This site is optimized with the Yoast SEO plugin v27.2 - https:\/\/yoast.com\/product\/yoast-seo-wordpress\/ -->\n<title>Politique de confidentialit\u00e9 - Amsted Industries<\/title>\n<meta name=\"robots\" content=\"index, follow, max-snippet:-1, max-image-preview:large, max-video-preview:-1\" \/>\n<link rel=\"canonical\" href=\"https:\/\/www.amsted.com\/fr\/politique-de-confidentialite\/\" \/>\n<meta property=\"og:locale\" content=\"fr_FR\" \/>\n<meta property=\"og:type\" content=\"article\" \/>\n<meta property=\"og:title\" content=\"Politique de confidentialit\u00e9 - Amsted Industries\" \/>\n<meta property=\"og:description\" content=\"Amsted Industries s&#8217;engage \u00e0 prot\u00e9ger votre vie priv\u00e9e et \u00e0 d\u00e9velopper une technologie qui vous offre l&#8217;exp\u00e9rience en ligne la plus puissante et la plus s\u00fbre possible. La pr\u00e9sente d\u00e9claration de confidentialit\u00e9 s&#8217;applique au site Web d&#8217;Amsted Industries et r\u00e9git la collecte et l&#8217;utilisation des donn\u00e9es. En utilisant le site Web d&#8217;Amsted Industries, vous acceptez [&hellip;]\" \/>\n<meta property=\"og:url\" content=\"https:\/\/www.amsted.com\/fr\/politique-de-confidentialite\/\" \/>\n<meta property=\"og:site_name\" content=\"Amsted Industries\" \/>\n<meta property=\"article:modified_time\" content=\"2022-09-15T19:45:10+00:00\" \/>\n<meta name=\"twitter:card\" content=\"summary_large_image\" \/>\n<meta name=\"twitter:label1\" content=\"Est. reading time\" \/>\n\t<meta name=\"twitter:data1\" content=\"6 minutes\" \/>\n<script type=\"application\/ld+json\" class=\"yoast-schema-graph\">{\"@context\":\"https:\/\/schema.org\",\"@graph\":[{\"@type\":\"WebPage\",\"@id\":\"https:\/\/www.amsted.com\/fr\/politique-de-confidentialite\/\",\"url\":\"https:\/\/www.amsted.com\/fr\/politique-de-confidentialite\/\",\"name\":\"Politique de confidentialit\u00e9 - Amsted Industries\",\"isPartOf\":{\"@id\":\"https:\/\/www.amsted.com\/fr\/#website\"},\"datePublished\":\"2022-06-02T02:37:02+00:00\",\"dateModified\":\"2022-09-15T19:45:10+00:00\",\"breadcrumb\":{\"@id\":\"https:\/\/www.amsted.com\/fr\/politique-de-confidentialite\/#breadcrumb\"},\"inLanguage\":\"fr-FR\",\"potentialAction\":[{\"@type\":\"ReadAction\",\"target\":[\"https:\/\/www.amsted.com\/fr\/politique-de-confidentialite\/\"]}]},{\"@type\":\"BreadcrumbList\",\"@id\":\"https:\/\/www.amsted.com\/fr\/politique-de-confidentialite\/#breadcrumb\",\"itemListElement\":[{\"@type\":\"ListItem\",\"position\":1,\"name\":\"Home\",\"item\":\"https:\/\/www.amsted.com\/fr\/homepage\/\"},{\"@type\":\"ListItem\",\"position\":2,\"name\":\"Politique de confidentialit\u00e9\"}]},{\"@type\":\"WebSite\",\"@id\":\"https:\/\/www.amsted.com\/fr\/#website\",\"url\":\"https:\/\/www.amsted.com\/fr\/\",\"name\":\"Amsted Industries\",\"description\":\"Just another WordPress site\",\"potentialAction\":[{\"@type\":\"SearchAction\",\"target\":{\"@type\":\"EntryPoint\",\"urlTemplate\":\"https:\/\/www.amsted.com\/fr\/?s={search_term_string}\"},\"query-input\":{\"@type\":\"PropertyValueSpecification\",\"valueRequired\":true,\"valueName\":\"search_term_string\"}}],\"inLanguage\":\"fr-FR\"}]}<\/script>\n<!-- \/ Yoast SEO plugin. -->","yoast_head_json":{"title":"Politique de confidentialit\u00e9 - Amsted Industries","robots":{"index":"index","follow":"follow","max-snippet":"max-snippet:-1","max-image-preview":"max-image-preview:large","max-video-preview":"max-video-preview:-1"},"canonical":"https:\/\/www.amsted.com\/fr\/politique-de-confidentialite\/","og_locale":"fr_FR","og_type":"article","og_title":"Politique de confidentialit\u00e9 - Amsted Industries","og_description":"Amsted Industries s&#8217;engage \u00e0 prot\u00e9ger votre vie priv\u00e9e et \u00e0 d\u00e9velopper une technologie qui vous offre l&#8217;exp\u00e9rience en ligne la plus puissante et la plus s\u00fbre possible. La pr\u00e9sente d\u00e9claration de confidentialit\u00e9 s&#8217;applique au site Web d&#8217;Amsted Industries et r\u00e9git la collecte et l&#8217;utilisation des donn\u00e9es. En utilisant le site Web d&#8217;Amsted Industries, vous acceptez [&hellip;]","og_url":"https:\/\/www.amsted.com\/fr\/politique-de-confidentialite\/","og_site_name":"Amsted Industries","article_modified_time":"2022-09-15T19:45:10+00:00","twitter_card":"summary_large_image","twitter_misc":{"Est. reading time":"6 minutes"},"schema":{"@context":"https:\/\/schema.org","@graph":[{"@type":"WebPage","@id":"https:\/\/www.amsted.com\/fr\/politique-de-confidentialite\/","url":"https:\/\/www.amsted.com\/fr\/politique-de-confidentialite\/","name":"Politique de confidentialit\u00e9 - Amsted Industries","isPartOf":{"@id":"https:\/\/www.amsted.com\/fr\/#website"},"datePublished":"2022-06-02T02:37:02+00:00","dateModified":"2022-09-15T19:45:10+00:00","breadcrumb":{"@id":"https:\/\/www.amsted.com\/fr\/politique-de-confidentialite\/#breadcrumb"},"inLanguage":"fr-FR","potentialAction":[{"@type":"ReadAction","target":["https:\/\/www.amsted.com\/fr\/politique-de-confidentialite\/"]}]},{"@type":"BreadcrumbList","@id":"https:\/\/www.amsted.com\/fr\/politique-de-confidentialite\/#breadcrumb","itemListElement":[{"@type":"ListItem","position":1,"name":"Home","item":"https:\/\/www.amsted.com\/fr\/homepage\/"},{"@type":"ListItem","position":2,"name":"Politique de confidentialit\u00e9"}]},{"@type":"WebSite","@id":"https:\/\/www.amsted.com\/fr\/#website","url":"https:\/\/www.amsted.com\/fr\/","name":"Amsted Industries","description":"Just another WordPress site","potentialAction":[{"@type":"SearchAction","target":{"@type":"EntryPoint","urlTemplate":"https:\/\/www.amsted.com\/fr\/?s={search_term_string}"},"query-input":{"@type":"PropertyValueSpecification","valueRequired":true,"valueName":"search_term_string"}}],"inLanguage":"fr-FR"}]}},"_links":{"self":[{"href":"https:\/\/www.amsted.com\/fr\/wp-json\/wp\/v2\/pages\/5678","targetHints":{"allow":["GET"]}}],"collection":[{"href":"https:\/\/www.amsted.com\/fr\/wp-json\/wp\/v2\/pages"}],"about":[{"href":"https:\/\/www.amsted.com\/fr\/wp-json\/wp\/v2\/types\/page"}],"author":[{"embeddable":true,"href":"https:\/\/www.amsted.com\/fr\/wp-json\/wp\/v2\/users\/1"}],"replies":[{"embeddable":true,"href":"https:\/\/www.amsted.com\/fr\/wp-json\/wp\/v2\/comments?post=5678"}],"version-history":[{"count":1,"href":"https:\/\/www.amsted.com\/fr\/wp-json\/wp\/v2\/pages\/5678\/revisions"}],"predecessor-version":[{"id":5679,"href":"https:\/\/www.amsted.com\/fr\/wp-json\/wp\/v2\/pages\/5678\/revisions\/5679"}],"wp:attachment":[{"href":"https:\/\/www.amsted.com\/fr\/wp-json\/wp\/v2\/media?parent=5678"}],"wp:term":[{"taxonomy":"search-category","embeddable":true,"href":"https:\/\/www.amsted.com\/fr\/wp-json\/wp\/v2\/search-category?post=5678"}],"curies":[{"name":"wp","href":"https:\/\/api.w.org\/{rel}","templated":true}]}}