{"id":5672,"date":"2022-06-02T02:33:33","date_gmt":"2022-06-02T02:33:33","guid":{"rendered":"https:\/\/live-amsted-industries.pantheonsite.io\/innovation\/"},"modified":"2022-09-23T18:03:02","modified_gmt":"2022-09-23T18:03:02","slug":"innovation","status":"publish","type":"page","link":"https:\/\/www.amsted.com\/fr\/innovation\/","title":{"rendered":"Innovation"},"content":{"rendered":"\t\t<div data-elementor-type=\"wp-page\" data-elementor-id=\"5672\" class=\"elementor elementor-5672 elementor-200\" data-elementor-post-type=\"page\">\n\t\t\t\t\t\t<section class=\"elementor-section elementor-top-section elementor-element elementor-element-362a907 elementor-section-height-min-height elementor-section-full_width elementor-section-height-default elementor-section-items-middle\" data-id=\"362a907\" data-element_type=\"section\" data-e-type=\"section\" data-settings=\"{&quot;background_background&quot;:&quot;classic&quot;}\">\n\t\t\t\t\t\t\t<div class=\"elementor-background-overlay\"><\/div>\n\t\t\t\t\t\t\t<div class=\"elementor-container elementor-column-gap-default\">\n\t\t\t\t\t<div class=\"elementor-column elementor-col-100 elementor-top-column elementor-element elementor-element-35f6754\" data-id=\"35f6754\" data-element_type=\"column\" data-e-type=\"column\">\n\t\t\t<div class=\"elementor-widget-wrap elementor-element-populated\">\n\t\t\t\t\t\t<section class=\"elementor-section elementor-inner-section elementor-element elementor-element-3e111c7 elementor-section-boxed elementor-section-height-default elementor-section-height-default\" data-id=\"3e111c7\" data-element_type=\"section\" data-e-type=\"section\" data-settings=\"{&quot;background_background&quot;:&quot;video&quot;}\">\n\t\t\t\t\t\t<div class=\"elementor-container elementor-column-gap-default\">\n\t\t\t\t\t<div class=\"elementor-column elementor-col-50 elementor-inner-column elementor-element elementor-element-737162f\" data-id=\"737162f\" data-element_type=\"column\" data-e-type=\"column\">\n\t\t\t<div class=\"elementor-widget-wrap elementor-element-populated\">\n\t\t\t\t\t\t<div class=\"elementor-element elementor-element-f1c38b7 animated-slow elementor-invisible elementor-widget elementor-widget-heading\" data-id=\"f1c38b7\" data-element_type=\"widget\" data-e-type=\"widget\" data-settings=\"{&quot;_animation&quot;:&quot;fadeIn&quot;}\" data-widget_type=\"heading.default\">\n\t\t\t\t<div class=\"elementor-widget-container\">\n\t\t\t\t\t<h1 class=\"elementor-heading-title elementor-size-default\">Innovation<\/h1>\t\t\t\t<\/div>\n\t\t\t\t<\/div>\n\t\t\t\t\t<\/div>\n\t\t<\/div>\n\t\t\t\t<div class=\"elementor-column elementor-col-50 elementor-inner-column elementor-element elementor-element-43c687d\" data-id=\"43c687d\" data-element_type=\"column\" data-e-type=\"column\">\n\t\t\t<div class=\"elementor-widget-wrap\">\n\t\t\t\t\t\t\t<\/div>\n\t\t<\/div>\n\t\t\t\t\t<\/div>\n\t\t<\/section>\n\t\t\t\t\t<\/div>\n\t\t<\/div>\n\t\t\t\t\t<\/div>\n\t\t<\/section>\n\t\t\t\t<section class=\"elementor-section elementor-top-section elementor-element elementor-element-125ffb2 elementor-section-full_width elementor-section-height-default elementor-section-height-default\" data-id=\"125ffb2\" data-element_type=\"section\" data-e-type=\"section\" data-settings=\"{&quot;background_background&quot;:&quot;classic&quot;}\">\n\t\t\t\t\t\t<div class=\"elementor-container elementor-column-gap-default\">\n\t\t\t\t\t<div class=\"elementor-column elementor-col-100 elementor-top-column elementor-element elementor-element-307193c\" data-id=\"307193c\" data-element_type=\"column\" data-e-type=\"column\">\n\t\t\t<div class=\"elementor-widget-wrap elementor-element-populated\">\n\t\t\t\t\t\t<section class=\"elementor-section elementor-inner-section elementor-element elementor-element-1ae1087 main-content elementor-section-boxed elementor-section-height-default elementor-section-height-default\" data-id=\"1ae1087\" data-element_type=\"section\" data-e-type=\"section\">\n\t\t\t\t\t\t<div class=\"elementor-container elementor-column-gap-default\">\n\t\t\t\t\t<div class=\"elementor-column elementor-col-50 elementor-inner-column elementor-element elementor-element-4f4caac\" data-id=\"4f4caac\" data-element_type=\"column\" data-e-type=\"column\">\n\t\t\t<div class=\"elementor-widget-wrap elementor-element-populated\">\n\t\t\t\t\t\t<div class=\"elementor-element elementor-element-fa81575 elementor-widget elementor-widget-heading\" data-id=\"fa81575\" data-element_type=\"widget\" data-e-type=\"widget\" data-widget_type=\"heading.default\">\n\t\t\t\t<div class=\"elementor-widget-container\">\n\t\t\t\t\t<h2 class=\"elementor-heading-title elementor-size-default\">Les panels technologiques d'Amsted favorisent la collaboration et le progr\u00e8s au sein des entreprises.<\/h2>\t\t\t\t<\/div>\n\t\t\t\t<\/div>\n\t\t\t\t<div class=\"elementor-element elementor-element-58c5e5d elementor-widget elementor-widget-text-editor\" data-id=\"58c5e5d\" data-element_type=\"widget\" data-e-type=\"widget\" data-widget_type=\"text-editor.default\">\n\t\t\t\t<div class=\"elementor-widget-container\">\n\t\t\t\t\t\t\t\t\t<p>Nous nous effor\u00e7ons de cr\u00e9er un environnement qui facilite la communication ouverte et le partage des connaissances au sein d&#8217;Amsted Industries. Lorsque nous sortons de nos cloisonnements professionnels et que nous ouvrons nos esprits \u00e0 des modes de pens\u00e9e nouveaux et diff\u00e9rents, nous devenons plus grands que la somme de nos parties. C&#8217;est pourquoi nous avons mis en place les Amsted Technology Panels, un \u00e9cosyst\u00e8me de collaboration \u00e0 travers les entit\u00e9s d&#8217;Amsted Industries qui nous permet d&#8217;identifier collectivement les tendances du march\u00e9, de diffuser l&#8217;information et de cr\u00e9er une vision future unique pour les entreprises d&#8217;Amsted.  <\/p>\n\t\t\t\t\t\t\t\t<\/div>\n\t\t\t\t<\/div>\n\t\t\t\t\t<\/div>\n\t\t<\/div>\n\t\t\t\t<div class=\"elementor-column elementor-col-50 elementor-inner-column elementor-element elementor-element-fda72eb\" data-id=\"fda72eb\" data-element_type=\"column\" data-e-type=\"column\">\n\t\t\t<div class=\"elementor-widget-wrap elementor-element-populated\">\n\t\t\t\t\t\t<div class=\"elementor-element elementor-element-5bd6bfb elementor-invisible elementor-widget elementor-widget-text-editor\" data-id=\"5bd6bfb\" data-element_type=\"widget\" data-e-type=\"widget\" data-settings=\"{&quot;_animation&quot;:&quot;fadeIn&quot;,&quot;_animation_delay&quot;:100}\" data-widget_type=\"text-editor.default\">\n\t\t\t\t<div class=\"elementor-widget-container\">\n\t\t\t\t\t\t\t\t\t<p>Avec les nouvelles technologies viennent les opportunit\u00e9s. L&#8217;innovation est un principe fondamental d&#8217;Amsted Industries &#8211; tous nos employ\u00e9s sont encourag\u00e9s \u00e0 poser des questions, \u00e0 sortir des sentiers battus et \u00e0 remettre en question le statu quo. Nous utilisons l&#8217;innovation pour am\u00e9liorer nos produits existants, d\u00e9velopper de nouvelles solutions qui changent la donne pour mieux servir nos clients, am\u00e9liorer nos processus de fabrication et r\u00e9duire l&#8217;impact environnemental global.  <\/p>\n\t\t\t\t\t\t\t\t<\/div>\n\t\t\t\t<\/div>\n\t\t\t\t<div class=\"elementor-element elementor-element-e1845c2 elementor-widget elementor-widget-text-editor\" data-id=\"e1845c2\" data-element_type=\"widget\" data-e-type=\"widget\" data-widget_type=\"text-editor.default\">\n\t\t\t\t<div class=\"elementor-widget-container\">\n\t\t\t\t\t\t\t\t\t<ul>\n<li>Panel sur l&#8217;Internet des objets<\/li>\n<li>Panel sur les technologies de fabrication additive<\/li>\n<li>Panel sur la m\u00e9tallurgie et la technologie des mat\u00e9riaux<\/li>\n<li>Panneau des syst\u00e8mes de vision<\/li>\n<li>Conseil Innovation\/Automatisation<\/li>\n<li>Panneau des op\u00e9rations<\/li>\n<\/ul>\n\t\t\t\t\t\t\t\t<\/div>\n\t\t\t\t<\/div>\n\t\t\t\t\t<\/div>\n\t\t<\/div>\n\t\t\t\t\t<\/div>\n\t\t<\/section>\n\t\t\t\t\t<\/div>\n\t\t<\/div>\n\t\t\t\t\t<\/div>\n\t\t<\/section>\n\t\t\t\t<section class=\"elementor-section elementor-top-section elementor-element elementor-element-0981b73 elementor-section-boxed elementor-section-height-default elementor-section-height-default\" data-id=\"0981b73\" data-element_type=\"section\" data-e-type=\"section\" data-settings=\"{&quot;background_background&quot;:&quot;classic&quot;}\">\n\t\t\t\t\t\t<div class=\"elementor-container elementor-column-gap-default\">\n\t\t\t\t\t<div class=\"elementor-column elementor-col-100 elementor-top-column elementor-element elementor-element-93a67a6\" data-id=\"93a67a6\" data-element_type=\"column\" data-e-type=\"column\">\n\t\t\t<div class=\"elementor-widget-wrap elementor-element-populated\">\n\t\t\t\t\t\t<section class=\"elementor-section elementor-inner-section elementor-element elementor-element-caadf32 elementor-section-boxed elementor-section-height-default elementor-section-height-default\" data-id=\"caadf32\" data-element_type=\"section\" data-e-type=\"section\">\n\t\t\t\t\t\t<div class=\"elementor-container elementor-column-gap-default\">\n\t\t\t\t\t<div class=\"elementor-column elementor-col-100 elementor-inner-column elementor-element elementor-element-fd39e7f\" data-id=\"fd39e7f\" data-element_type=\"column\" data-e-type=\"column\">\n\t\t\t<div class=\"elementor-widget-wrap elementor-element-populated\">\n\t\t\t\t\t\t<div class=\"elementor-element elementor-element-d82750c elementor-widget elementor-widget-heading\" data-id=\"d82750c\" data-element_type=\"widget\" data-e-type=\"widget\" data-widget_type=\"heading.default\">\n\t\t\t\t<div class=\"elementor-widget-container\">\n\t\t\t\t\t<h2 class=\"elementor-heading-title elementor-size-default\">Nos partenaires d'innovation<\/h2>\t\t\t\t<\/div>\n\t\t\t\t<\/div>\n\t\t\t\t\t<\/div>\n\t\t<\/div>\n\t\t\t\t\t<\/div>\n\t\t<\/section>\n\t\t\t\t<section class=\"elementor-section elementor-inner-section elementor-element elementor-element-6a7e8cf elementor-section-boxed elementor-section-height-default elementor-section-height-default\" data-id=\"6a7e8cf\" data-element_type=\"section\" data-e-type=\"section\">\n\t\t\t\t\t\t<div class=\"elementor-container elementor-column-gap-default\">\n\t\t\t\t\t<div class=\"elementor-column elementor-col-50 elementor-inner-column elementor-element elementor-element-c246c0b\" data-id=\"c246c0b\" data-element_type=\"column\" data-e-type=\"column\">\n\t\t\t<div class=\"elementor-widget-wrap elementor-element-populated\">\n\t\t\t\t\t\t<div class=\"elementor-element elementor-element-911a9a3 elementor-widget elementor-widget-image\" data-id=\"911a9a3\" data-element_type=\"widget\" data-e-type=\"widget\" data-widget_type=\"image.default\">\n\t\t\t\t<div class=\"elementor-widget-container\">\n\t\t\t\t\t\t\t\t\t\t\t\t\t\t\t<img fetchpriority=\"high\" decoding=\"async\" width=\"800\" height=\"314\" src=\"https:\/\/www.amsted.com\/wp-content\/uploads\/2022\/08\/upeishield.png\" class=\"attachment-large size-large wp-image-3001\" alt=\"\" srcset=\"https:\/\/www.amsted.com\/wp-content\/uploads\/2022\/08\/upeishield.png 800w, https:\/\/www.amsted.com\/wp-content\/uploads\/2022\/08\/upeishield-300x118.png 300w, https:\/\/www.amsted.com\/wp-content\/uploads\/2022\/08\/upeishield-768x301.png 768w\" sizes=\"(max-width: 800px) 100vw, 800px\" \/>\t\t\t\t\t\t\t\t\t\t\t\t\t\t\t<\/div>\n\t\t\t\t<\/div>\n\t\t\t\t\t<\/div>\n\t\t<\/div>\n\t\t\t\t<div class=\"elementor-column elementor-col-50 elementor-inner-column elementor-element elementor-element-8f312a2\" data-id=\"8f312a2\" data-element_type=\"column\" data-e-type=\"column\">\n\t\t\t<div class=\"elementor-widget-wrap elementor-element-populated\">\n\t\t\t\t\t\t<div class=\"elementor-element elementor-element-5a33a5e elementor-widget elementor-widget-heading\" data-id=\"5a33a5e\" data-element_type=\"widget\" data-e-type=\"widget\" data-widget_type=\"heading.default\">\n\t\t\t\t<div class=\"elementor-widget-container\">\n\t\t\t\t\t<h3 class=\"elementor-heading-title elementor-size-default\">L'Universit\u00e9 de l'\u00cele-du-Prince-\u00c9douard<\/h3>\t\t\t\t<\/div>\n\t\t\t\t<\/div>\n\t\t\t\t<div class=\"elementor-element elementor-element-87c756c elementor-widget elementor-widget-text-editor\" data-id=\"87c756c\" data-element_type=\"widget\" data-e-type=\"widget\" data-widget_type=\"text-editor.default\">\n\t\t\t\t<div class=\"elementor-widget-container\">\n\t\t\t\t\t\t\t\t\t<p><a href=\"https:\/\/www.upei.ca\/\" target=\"_blank\" rel=\"noopener\"><span style=\"font-weight: 400;\">UPEI<\/span><\/a><span style=\"font-weight: 400;\"> Nous avons collabor\u00e9 avec les talentueux \u00e9tudiants et professeurs de l&#8217;UPEI sur des projets de conception de Sr o\u00f9 ils ont relev\u00e9 nos d\u00e9fis d&#8217;ing\u00e9nierie afin de produire des r\u00e9sultats concrets pour notre entreprise. L&#8217;excellent travail et la visibilit\u00e9 des \u00e9tudiants dans le cadre de ces projets ont ouvert la voie au recrutement et \u00e0 l&#8217;int\u00e9gration des \u00e9tudiants apr\u00e8s l&#8217;obtention de leur dipl\u00f4me dans des postes \u00e0 temps plein chez Amsted. <\/span><\/p>\n\t\t\t\t\t\t\t\t<\/div>\n\t\t\t\t<\/div>\n\t\t\t\t\t<\/div>\n\t\t<\/div>\n\t\t\t\t\t<\/div>\n\t\t<\/section>\n\t\t\t\t<section class=\"elementor-section elementor-inner-section elementor-element elementor-element-d3f66b7 elementor-section-boxed elementor-section-height-default elementor-section-height-default\" data-id=\"d3f66b7\" data-element_type=\"section\" data-e-type=\"section\">\n\t\t\t\t\t\t<div class=\"elementor-container elementor-column-gap-default\">\n\t\t\t\t\t<div class=\"elementor-column elementor-col-50 elementor-inner-column elementor-element elementor-element-b0f2645\" data-id=\"b0f2645\" data-element_type=\"column\" data-e-type=\"column\">\n\t\t\t<div class=\"elementor-widget-wrap elementor-element-populated\">\n\t\t\t\t\t\t<div class=\"elementor-element elementor-element-9fb585f elementor-widget elementor-widget-image\" data-id=\"9fb585f\" data-element_type=\"widget\" data-e-type=\"widget\" data-widget_type=\"image.default\">\n\t\t\t\t<div class=\"elementor-widget-container\">\n\t\t\t\t\t\t\t\t\t\t\t\t\t\t\t<img decoding=\"async\" width=\"800\" height=\"175\" src=\"https:\/\/www.amsted.com\/wp-content\/uploads\/2022\/08\/3color.png\" class=\"attachment-large size-large wp-image-3006\" alt=\"\" srcset=\"https:\/\/www.amsted.com\/wp-content\/uploads\/2022\/08\/3color.png 800w, https:\/\/www.amsted.com\/wp-content\/uploads\/2022\/08\/3color-300x66.png 300w, https:\/\/www.amsted.com\/wp-content\/uploads\/2022\/08\/3color-768x168.png 768w\" sizes=\"(max-width: 800px) 100vw, 800px\" \/>\t\t\t\t\t\t\t\t\t\t\t\t\t\t\t<\/div>\n\t\t\t\t<\/div>\n\t\t\t\t\t<\/div>\n\t\t<\/div>\n\t\t\t\t<div class=\"elementor-column elementor-col-50 elementor-inner-column elementor-element elementor-element-8ea4c34\" data-id=\"8ea4c34\" data-element_type=\"column\" data-e-type=\"column\">\n\t\t\t<div class=\"elementor-widget-wrap elementor-element-populated\">\n\t\t\t\t\t\t<div class=\"elementor-element elementor-element-15f79c0 elementor-widget elementor-widget-heading\" data-id=\"15f79c0\" data-element_type=\"widget\" data-e-type=\"widget\" data-widget_type=\"heading.default\">\n\t\t\t\t<div class=\"elementor-widget-container\">\n\t\t\t\t\t<h3 class=\"elementor-heading-title elementor-size-default\">Laboratoires Greentown<\/h3>\t\t\t\t<\/div>\n\t\t\t\t<\/div>\n\t\t\t\t<div class=\"elementor-element elementor-element-4ed07fa elementor-widget elementor-widget-text-editor\" data-id=\"4ed07fa\" data-element_type=\"widget\" data-e-type=\"widget\" data-widget_type=\"text-editor.default\">\n\t\t\t\t<div class=\"elementor-widget-container\">\n\t\t\t\t\t\t\t\t\t<p><a href=\"https:\/\/greentownlabs.com\/\" target=\"_blank\" rel=\"noopener\"><span style=\"font-weight: 400;\">Laboratoires Greentown<\/span><\/a><span style=\"font-weight: 400;\"> L&#8217;adh\u00e9sion d&#8217;Amsted Industries au MIT ILP a permis \u00e0 BAC d&#8217;\u00e9tablir une forte pr\u00e9sence dans l&#8217;\u00e9cosyst\u00e8me d&#8217;innovation technologique de Boston-Cambridge, ce qui a conduit au d\u00e9veloppement d&#8217;une relation \u00e9troite avec Greentown Labs, le plus grand incubateur de start-ups de technologies propres en Am\u00e9rique du Nord. Cet engagement avec Greentown Labs nous donne un acc\u00e8s pr\u00e9coce aux technologies de pointe et aux opportunit\u00e9s de partenariat avec des d\u00e9veloppeurs de technologies de pointe, et constitue un atout essentiel dans notre mission de r\u00e9inventer le refroidissement pour soutenir le monde. <\/span><\/p>\n\t\t\t\t\t\t\t\t<\/div>\n\t\t\t\t<\/div>\n\t\t\t\t\t<\/div>\n\t\t<\/div>\n\t\t\t\t\t<\/div>\n\t\t<\/section>\n\t\t\t\t\t<\/div>\n\t\t<\/div>\n\t\t\t\t\t<\/div>\n\t\t<\/section>\n\t\t\t\t<\/div>\n\t\t","protected":false},"excerpt":{"rendered":"<p>Innovation Les panels technologiques d&#8217;Amsted favorisent la collaboration et le progr\u00e8s au sein des entreprises. Nous nous effor\u00e7ons de cr\u00e9er un environnement qui facilite la communication ouverte et le partage des connaissances au sein d&#8217;Amsted Industries. Lorsque nous sortons de nos cloisonnements professionnels et que nous ouvrons nos esprits \u00e0 des modes de pens\u00e9e nouveaux [&hellip;]<\/p>\n","protected":false},"author":1,"featured_media":0,"parent":0,"menu_order":0,"comment_status":"closed","ping_status":"closed","template":"","meta":{"_acf_changed":false,"footnotes":""},"search-category":[],"class_list":["post-5672","page","type-page","status-publish","hentry"],"acf":[],"yoast_head":"<!-- This site is optimized with the Yoast SEO plugin v27.2 - https:\/\/yoast.com\/product\/yoast-seo-wordpress\/ -->\n<title>Innovation - Amsted Industries<\/title>\n<meta name=\"robots\" content=\"index, follow, max-snippet:-1, max-image-preview:large, max-video-preview:-1\" \/>\n<link rel=\"canonical\" href=\"https:\/\/www.amsted.com\/fr\/innovation\/\" \/>\n<meta property=\"og:locale\" content=\"fr_FR\" \/>\n<meta property=\"og:type\" content=\"article\" \/>\n<meta property=\"og:title\" content=\"Innovation - Amsted Industries\" \/>\n<meta property=\"og:description\" content=\"Innovation Les panels technologiques d&#8217;Amsted favorisent la collaboration et le progr\u00e8s au sein des entreprises. Nous nous effor\u00e7ons de cr\u00e9er un environnement qui facilite la communication ouverte et le partage des connaissances au sein d&#8217;Amsted Industries. Lorsque nous sortons de nos cloisonnements professionnels et que nous ouvrons nos esprits \u00e0 des modes de pens\u00e9e nouveaux [&hellip;]\" \/>\n<meta property=\"og:url\" content=\"https:\/\/www.amsted.com\/fr\/innovation\/\" \/>\n<meta property=\"og:site_name\" content=\"Amsted Industries\" \/>\n<meta property=\"article:modified_time\" content=\"2022-09-23T18:03:02+00:00\" \/>\n<meta property=\"og:image\" content=\"https:\/\/live-amsted-industries.pantheonsite.io\/wp-content\/uploads\/2022\/08\/upeishield.png\" \/>\n<meta name=\"twitter:card\" content=\"summary_large_image\" \/>\n<meta name=\"twitter:label1\" content=\"Est. reading time\" \/>\n\t<meta name=\"twitter:data1\" content=\"2 minutes\" \/>\n<script type=\"application\/ld+json\" class=\"yoast-schema-graph\">{\"@context\":\"https:\/\/schema.org\",\"@graph\":[{\"@type\":\"WebPage\",\"@id\":\"https:\/\/www.amsted.com\/fr\/innovation\/\",\"url\":\"https:\/\/www.amsted.com\/fr\/innovation\/\",\"name\":\"Innovation - Amsted Industries\",\"isPartOf\":{\"@id\":\"https:\/\/www.amsted.com\/fr\/#website\"},\"primaryImageOfPage\":{\"@id\":\"https:\/\/www.amsted.com\/fr\/innovation\/#primaryimage\"},\"image\":{\"@id\":\"https:\/\/www.amsted.com\/fr\/innovation\/#primaryimage\"},\"thumbnailUrl\":\"https:\/\/live-amsted-industries.pantheonsite.io\/wp-content\/uploads\/2022\/08\/upeishield.png\",\"datePublished\":\"2022-06-02T02:33:33+00:00\",\"dateModified\":\"2022-09-23T18:03:02+00:00\",\"breadcrumb\":{\"@id\":\"https:\/\/www.amsted.com\/fr\/innovation\/#breadcrumb\"},\"inLanguage\":\"fr-FR\",\"potentialAction\":[{\"@type\":\"ReadAction\",\"target\":[\"https:\/\/www.amsted.com\/fr\/innovation\/\"]}]},{\"@type\":\"ImageObject\",\"inLanguage\":\"fr-FR\",\"@id\":\"https:\/\/www.amsted.com\/fr\/innovation\/#primaryimage\",\"url\":\"https:\/\/live-amsted-industries.pantheonsite.io\/wp-content\/uploads\/2022\/08\/upeishield.png\",\"contentUrl\":\"https:\/\/live-amsted-industries.pantheonsite.io\/wp-content\/uploads\/2022\/08\/upeishield.png\"},{\"@type\":\"BreadcrumbList\",\"@id\":\"https:\/\/www.amsted.com\/fr\/innovation\/#breadcrumb\",\"itemListElement\":[{\"@type\":\"ListItem\",\"position\":1,\"name\":\"Home\",\"item\":\"https:\/\/www.amsted.com\/fr\/homepage\/\"},{\"@type\":\"ListItem\",\"position\":2,\"name\":\"Innovation\"}]},{\"@type\":\"WebSite\",\"@id\":\"https:\/\/www.amsted.com\/fr\/#website\",\"url\":\"https:\/\/www.amsted.com\/fr\/\",\"name\":\"Amsted Industries\",\"description\":\"Just another WordPress site\",\"potentialAction\":[{\"@type\":\"SearchAction\",\"target\":{\"@type\":\"EntryPoint\",\"urlTemplate\":\"https:\/\/www.amsted.com\/fr\/?s={search_term_string}\"},\"query-input\":{\"@type\":\"PropertyValueSpecification\",\"valueRequired\":true,\"valueName\":\"search_term_string\"}}],\"inLanguage\":\"fr-FR\"}]}<\/script>\n<!-- \/ Yoast SEO plugin. -->","yoast_head_json":{"title":"Innovation - Amsted Industries","robots":{"index":"index","follow":"follow","max-snippet":"max-snippet:-1","max-image-preview":"max-image-preview:large","max-video-preview":"max-video-preview:-1"},"canonical":"https:\/\/www.amsted.com\/fr\/innovation\/","og_locale":"fr_FR","og_type":"article","og_title":"Innovation - Amsted Industries","og_description":"Innovation Les panels technologiques d&#8217;Amsted favorisent la collaboration et le progr\u00e8s au sein des entreprises. Nous nous effor\u00e7ons de cr\u00e9er un environnement qui facilite la communication ouverte et le partage des connaissances au sein d&#8217;Amsted Industries. Lorsque nous sortons de nos cloisonnements professionnels et que nous ouvrons nos esprits \u00e0 des modes de pens\u00e9e nouveaux [&hellip;]","og_url":"https:\/\/www.amsted.com\/fr\/innovation\/","og_site_name":"Amsted Industries","article_modified_time":"2022-09-23T18:03:02+00:00","og_image":[{"url":"https:\/\/live-amsted-industries.pantheonsite.io\/wp-content\/uploads\/2022\/08\/upeishield.png","type":"","width":"","height":""}],"twitter_card":"summary_large_image","twitter_misc":{"Est. reading time":"2 minutes"},"schema":{"@context":"https:\/\/schema.org","@graph":[{"@type":"WebPage","@id":"https:\/\/www.amsted.com\/fr\/innovation\/","url":"https:\/\/www.amsted.com\/fr\/innovation\/","name":"Innovation - Amsted Industries","isPartOf":{"@id":"https:\/\/www.amsted.com\/fr\/#website"},"primaryImageOfPage":{"@id":"https:\/\/www.amsted.com\/fr\/innovation\/#primaryimage"},"image":{"@id":"https:\/\/www.amsted.com\/fr\/innovation\/#primaryimage"},"thumbnailUrl":"https:\/\/live-amsted-industries.pantheonsite.io\/wp-content\/uploads\/2022\/08\/upeishield.png","datePublished":"2022-06-02T02:33:33+00:00","dateModified":"2022-09-23T18:03:02+00:00","breadcrumb":{"@id":"https:\/\/www.amsted.com\/fr\/innovation\/#breadcrumb"},"inLanguage":"fr-FR","potentialAction":[{"@type":"ReadAction","target":["https:\/\/www.amsted.com\/fr\/innovation\/"]}]},{"@type":"ImageObject","inLanguage":"fr-FR","@id":"https:\/\/www.amsted.com\/fr\/innovation\/#primaryimage","url":"https:\/\/live-amsted-industries.pantheonsite.io\/wp-content\/uploads\/2022\/08\/upeishield.png","contentUrl":"https:\/\/live-amsted-industries.pantheonsite.io\/wp-content\/uploads\/2022\/08\/upeishield.png"},{"@type":"BreadcrumbList","@id":"https:\/\/www.amsted.com\/fr\/innovation\/#breadcrumb","itemListElement":[{"@type":"ListItem","position":1,"name":"Home","item":"https:\/\/www.amsted.com\/fr\/homepage\/"},{"@type":"ListItem","position":2,"name":"Innovation"}]},{"@type":"WebSite","@id":"https:\/\/www.amsted.com\/fr\/#website","url":"https:\/\/www.amsted.com\/fr\/","name":"Amsted Industries","description":"Just another WordPress site","potentialAction":[{"@type":"SearchAction","target":{"@type":"EntryPoint","urlTemplate":"https:\/\/www.amsted.com\/fr\/?s={search_term_string}"},"query-input":{"@type":"PropertyValueSpecification","valueRequired":true,"valueName":"search_term_string"}}],"inLanguage":"fr-FR"}]}},"_links":{"self":[{"href":"https:\/\/www.amsted.com\/fr\/wp-json\/wp\/v2\/pages\/5672","targetHints":{"allow":["GET"]}}],"collection":[{"href":"https:\/\/www.amsted.com\/fr\/wp-json\/wp\/v2\/pages"}],"about":[{"href":"https:\/\/www.amsted.com\/fr\/wp-json\/wp\/v2\/types\/page"}],"author":[{"embeddable":true,"href":"https:\/\/www.amsted.com\/fr\/wp-json\/wp\/v2\/users\/1"}],"replies":[{"embeddable":true,"href":"https:\/\/www.amsted.com\/fr\/wp-json\/wp\/v2\/comments?post=5672"}],"version-history":[{"count":2,"href":"https:\/\/www.amsted.com\/fr\/wp-json\/wp\/v2\/pages\/5672\/revisions"}],"predecessor-version":[{"id":6754,"href":"https:\/\/www.amsted.com\/fr\/wp-json\/wp\/v2\/pages\/5672\/revisions\/6754"}],"wp:attachment":[{"href":"https:\/\/www.amsted.com\/fr\/wp-json\/wp\/v2\/media?parent=5672"}],"wp:term":[{"taxonomy":"search-category","embeddable":true,"href":"https:\/\/www.amsted.com\/fr\/wp-json\/wp\/v2\/search-category?post=5672"}],"curies":[{"name":"wp","href":"https:\/\/api.w.org\/{rel}","templated":true}]}}