{"id":5664,"date":"2022-06-02T02:28:56","date_gmt":"2022-06-02T02:28:56","guid":{"rendered":"https:\/\/live-amsted-industries.pantheonsite.io\/culture\/durabilite\/"},"modified":"2022-09-15T19:25:53","modified_gmt":"2022-09-15T19:25:53","slug":"durabilite","status":"publish","type":"page","link":"https:\/\/www.amsted.com\/fr\/culture\/durabilite\/","title":{"rendered":"Durabilit\u00e9"},"content":{"rendered":"\t\t<div data-elementor-type=\"wp-page\" data-elementor-id=\"5664\" class=\"elementor elementor-5664 elementor-164\" data-elementor-post-type=\"page\">\n\t\t\t\t\t\t<section class=\"elementor-section elementor-top-section elementor-element elementor-element-4c2cbd6 elementor-section-boxed elementor-section-height-default elementor-section-height-default\" data-id=\"4c2cbd6\" data-element_type=\"section\" data-e-type=\"section\">\n\t\t\t\t\t\t<div class=\"elementor-container elementor-column-gap-default\">\n\t\t\t\t\t<div class=\"elementor-column elementor-col-100 elementor-top-column elementor-element elementor-element-9b7492d\" data-id=\"9b7492d\" data-element_type=\"column\" data-e-type=\"column\">\n\t\t\t<div class=\"elementor-widget-wrap elementor-element-populated\">\n\t\t\t\t\t\t<section class=\"elementor-section elementor-inner-section elementor-element elementor-element-1f1a219 elementor-section-boxed elementor-section-height-default elementor-section-height-default\" data-id=\"1f1a219\" data-element_type=\"section\" data-e-type=\"section\" data-settings=\"{&quot;background_background&quot;:&quot;video&quot;}\">\n\t\t\t\t\t\t<div class=\"elementor-container elementor-column-gap-default\">\n\t\t\t\t\t<div class=\"elementor-column elementor-col-50 elementor-inner-column elementor-element elementor-element-164f5f2\" data-id=\"164f5f2\" data-element_type=\"column\" data-e-type=\"column\">\n\t\t\t<div class=\"elementor-widget-wrap elementor-element-populated\">\n\t\t\t\t\t\t<div class=\"elementor-element elementor-element-77c71cf elementor-widget elementor-widget-heading\" data-id=\"77c71cf\" data-element_type=\"widget\" data-e-type=\"widget\" data-widget_type=\"heading.default\">\n\t\t\t\t<div class=\"elementor-widget-container\">\n\t\t\t\t\t<h1 class=\"elementor-heading-title elementor-size-default\">Faire notre part pour des lendemains qui chantent<\/h1>\t\t\t\t<\/div>\n\t\t\t\t<\/div>\n\t\t\t\t\t<\/div>\n\t\t<\/div>\n\t\t\t\t<div class=\"elementor-column elementor-col-50 elementor-inner-column elementor-element elementor-element-644e180\" data-id=\"644e180\" data-element_type=\"column\" data-e-type=\"column\">\n\t\t\t<div class=\"elementor-widget-wrap elementor-element-populated\">\n\t\t\t\t\t\t<div class=\"elementor-element elementor-element-97f9090 elementor-widget elementor-widget-text-editor\" data-id=\"97f9090\" data-element_type=\"widget\" data-e-type=\"widget\" data-widget_type=\"text-editor.default\">\n\t\t\t\t<div class=\"elementor-widget-container\">\n\t\t\t\t\t\t\t\t\t<p>En tant que leader mondial, Amsted Industries s&#8217;engage \u00e0 mener ses activit\u00e9s d&#8217;une mani\u00e8re responsable sur le plan environnemental et conforme \u00e0 celle d&#8217;un bon voisin et d&#8217;un bon citoyen. L&#8217;exp\u00e9rience nous a appris qu&#8217;il est essentiel pour toutes nos parties prenantes d&#8217;\u00eatre de bons gestionnaires de l&#8217;environnement.<\/p>\n\t\t\t\t\t\t\t\t<\/div>\n\t\t\t\t<\/div>\n\t\t\t\t\t<\/div>\n\t\t<\/div>\n\t\t\t\t\t<\/div>\n\t\t<\/section>\n\t\t\t\t\t<\/div>\n\t\t<\/div>\n\t\t\t\t\t<\/div>\n\t\t<\/section>\n\t\t\t\t<section class=\"elementor-section elementor-top-section elementor-element elementor-element-a893a22 elementor-section-boxed elementor-section-height-default elementor-section-height-default\" data-id=\"a893a22\" data-element_type=\"section\" data-e-type=\"section\" data-settings=\"{&quot;background_background&quot;:&quot;classic&quot;}\">\n\t\t\t\t\t\t<div class=\"elementor-container elementor-column-gap-default\">\n\t\t\t\t\t<div class=\"elementor-column elementor-col-100 elementor-top-column elementor-element elementor-element-91f88c2\" data-id=\"91f88c2\" data-element_type=\"column\" data-e-type=\"column\">\n\t\t\t<div class=\"elementor-widget-wrap elementor-element-populated\">\n\t\t\t\t\t\t<section class=\"elementor-section elementor-inner-section elementor-element elementor-element-53921ed main-content elementor-section-boxed elementor-section-height-default elementor-section-height-default\" data-id=\"53921ed\" data-element_type=\"section\" data-e-type=\"section\">\n\t\t\t\t\t\t<div class=\"elementor-container elementor-column-gap-default\">\n\t\t\t\t\t<div class=\"elementor-column elementor-col-50 elementor-inner-column elementor-element elementor-element-db039e3\" data-id=\"db039e3\" data-element_type=\"column\" data-e-type=\"column\">\n\t\t\t<div class=\"elementor-widget-wrap elementor-element-populated\">\n\t\t\t\t\t\t<div class=\"elementor-element elementor-element-80185c2 elementor-widget elementor-widget-text-editor\" data-id=\"80185c2\" data-element_type=\"widget\" data-e-type=\"widget\" data-widget_type=\"text-editor.default\">\n\t\t\t\t<div class=\"elementor-widget-container\">\n\t\t\t\t\t\t\t\t\t<ul>\n<li>Comit\u00e9s formels du conseil : Audit, gouvernance, et r\u00e9mun\u00e9ration et d\u00e9veloppement de la gestion<\/li>\n<li>Programmes de conformit\u00e9 et d&#8217;audit des contr\u00f4les financiers et op\u00e9rationnels<\/li>\n<li>Certification et formation au code de conduite pour tous les employ\u00e9s chaque ann\u00e9e<\/li>\n<li>Ligne d&#8217;assistance mondiale sur la conformit\u00e9 des entreprises<\/li>\n<\/ul>\n\t\t\t\t\t\t\t\t<\/div>\n\t\t\t\t<\/div>\n\t\t\t\t\t<\/div>\n\t\t<\/div>\n\t\t\t\t<div class=\"elementor-column elementor-col-50 elementor-inner-column elementor-element elementor-element-8a09766\" data-id=\"8a09766\" data-element_type=\"column\" data-e-type=\"column\">\n\t\t\t<div class=\"elementor-widget-wrap elementor-element-populated\">\n\t\t\t\t\t\t<div class=\"elementor-element elementor-element-26e9431 elementor-widget elementor-widget-image\" data-id=\"26e9431\" data-element_type=\"widget\" data-e-type=\"widget\" data-widget_type=\"image.default\">\n\t\t\t\t<div class=\"elementor-widget-container\">\n\t\t\t\t\t\t\t\t\t\t\t\t\t\t\t<img fetchpriority=\"high\" decoding=\"async\" width=\"800\" height=\"534\" src=\"https:\/\/www.amsted.com\/wp-content\/uploads\/2022\/08\/aa-sustainability-1024x683.jpg\" class=\"attachment-large size-large wp-image-3557\" alt=\"\" srcset=\"https:\/\/www.amsted.com\/wp-content\/uploads\/2022\/08\/aa-sustainability-1024x683.jpg 1024w, https:\/\/www.amsted.com\/wp-content\/uploads\/2022\/08\/aa-sustainability-300x200.jpg 300w, https:\/\/www.amsted.com\/wp-content\/uploads\/2022\/08\/aa-sustainability-768x512.jpg 768w, https:\/\/www.amsted.com\/wp-content\/uploads\/2022\/08\/aa-sustainability.jpg 1200w\" sizes=\"(max-width: 800px) 100vw, 800px\" \/>\t\t\t\t\t\t\t\t\t\t\t\t\t\t\t<\/div>\n\t\t\t\t<\/div>\n\t\t\t\t\t<\/div>\n\t\t<\/div>\n\t\t\t\t\t<\/div>\n\t\t<\/section>\n\t\t\t\t\t<\/div>\n\t\t<\/div>\n\t\t\t\t\t<\/div>\n\t\t<\/section>\n\t\t\t\t<section class=\"elementor-section elementor-top-section elementor-element elementor-element-d2b2f5a elementor-section-full_width elementor-section-height-default elementor-section-height-default\" data-id=\"d2b2f5a\" data-element_type=\"section\" data-e-type=\"section\" data-settings=\"{&quot;background_background&quot;:&quot;classic&quot;}\">\n\t\t\t\t\t\t\t<div class=\"elementor-background-overlay\"><\/div>\n\t\t\t\t\t\t\t<div class=\"elementor-container elementor-column-gap-default\">\n\t\t\t\t\t<div class=\"elementor-column elementor-col-100 elementor-top-column elementor-element elementor-element-681c5b3\" data-id=\"681c5b3\" data-element_type=\"column\" data-e-type=\"column\">\n\t\t\t<div class=\"elementor-widget-wrap elementor-element-populated\">\n\t\t\t\t\t\t<section class=\"elementor-section elementor-inner-section elementor-element elementor-element-efd9eea main-content elementor-section-boxed elementor-section-height-default elementor-section-height-default\" data-id=\"efd9eea\" data-element_type=\"section\" data-e-type=\"section\">\n\t\t\t\t\t\t<div class=\"elementor-container elementor-column-gap-default\">\n\t\t\t\t\t<div class=\"elementor-column elementor-col-50 elementor-inner-column elementor-element elementor-element-6b1273d\" data-id=\"6b1273d\" data-element_type=\"column\" data-e-type=\"column\">\n\t\t\t<div class=\"elementor-widget-wrap elementor-element-populated\">\n\t\t\t\t\t\t<div class=\"elementor-element elementor-element-c160ca8 elementor-widget elementor-widget-heading\" data-id=\"c160ca8\" data-element_type=\"widget\" data-e-type=\"widget\" data-widget_type=\"heading.default\">\n\t\t\t\t<div class=\"elementor-widget-container\">\n\t\t\t\t\t<h2 class=\"elementor-heading-title elementor-size-default\">Limiter notre empreinte carbone<\/h2>\t\t\t\t<\/div>\n\t\t\t\t<\/div>\n\t\t\t\t<div class=\"elementor-element elementor-element-582973e elementor-widget elementor-widget-text-editor\" data-id=\"582973e\" data-element_type=\"widget\" data-e-type=\"widget\" data-widget_type=\"text-editor.default\">\n\t\t\t\t<div class=\"elementor-widget-container\">\n\t\t\t\t\t\t\t\t\t<p>Nous nous engageons \u00e0 pr\u00e9server les ressources et \u00e0 recycler chaque fois que cela est possible dans nos usines et bureaux du monde entier. Chaque gallon de carburant que nous pouvons \u00e9liminer, chaque kilowattheure que nous \u00e9conomisons et chaque once de ferraille que nous recyclons contribuent au succ\u00e8s de notre strat\u00e9gie de durabilit\u00e9. Toutes nos divisions continuent d&#8217;\u00eatre \u00e0 la pointe de leur secteur en mati\u00e8re d&#8217;innovation des processus afin de r\u00e9duire notre impact sur l&#8217;environnement.  <\/p><\/p>\n\t\t\t\t\t\t\t\t<\/div>\n\t\t\t\t<\/div>\n\t\t\t\t\t<\/div>\n\t\t<\/div>\n\t\t\t\t<div class=\"elementor-column elementor-col-50 elementor-inner-column elementor-element elementor-element-f790a6d\" data-id=\"f790a6d\" data-element_type=\"column\" data-e-type=\"column\">\n\t\t\t<div class=\"elementor-widget-wrap\">\n\t\t\t\t\t\t\t<\/div>\n\t\t<\/div>\n\t\t\t\t\t<\/div>\n\t\t<\/section>\n\t\t\t\t\t<\/div>\n\t\t<\/div>\n\t\t\t\t\t<\/div>\n\t\t<\/section>\n\t\t\t\t<section class=\"elementor-section elementor-top-section elementor-element elementor-element-17d5ee4 elementor-section-full_width elementor-section-height-default elementor-section-height-default\" data-id=\"17d5ee4\" data-element_type=\"section\" data-e-type=\"section\" data-settings=\"{&quot;background_background&quot;:&quot;classic&quot;}\">\n\t\t\t\t\t\t<div class=\"elementor-container elementor-column-gap-default\">\n\t\t\t\t\t<div class=\"elementor-column elementor-col-100 elementor-top-column elementor-element elementor-element-6127399\" data-id=\"6127399\" data-element_type=\"column\" data-e-type=\"column\">\n\t\t\t<div class=\"elementor-widget-wrap elementor-element-populated\">\n\t\t\t\t\t\t<section class=\"elementor-section elementor-inner-section elementor-element elementor-element-1c49c2d main-content elementor-section-boxed elementor-section-height-default elementor-section-height-default\" data-id=\"1c49c2d\" data-element_type=\"section\" data-e-type=\"section\">\n\t\t\t\t\t\t<div class=\"elementor-container elementor-column-gap-default\">\n\t\t\t\t\t<div class=\"elementor-column elementor-col-50 elementor-inner-column elementor-element elementor-element-55655e5\" data-id=\"55655e5\" data-element_type=\"column\" data-e-type=\"column\">\n\t\t\t<div class=\"elementor-widget-wrap elementor-element-populated\">\n\t\t\t\t\t\t<div class=\"elementor-element elementor-element-83b1a79 elementor-widget elementor-widget-heading\" data-id=\"83b1a79\" data-element_type=\"widget\" data-e-type=\"widget\" data-widget_type=\"heading.default\">\n\t\t\t\t<div class=\"elementor-widget-container\">\n\t\t\t\t\t<h2 class=\"elementor-heading-title elementor-size-default\">Cr\u00e9er des produits plus propres et plus efficaces<\/h2>\t\t\t\t<\/div>\n\t\t\t\t<\/div>\n\t\t\t\t<div class=\"elementor-element elementor-element-021a41a elementor-widget elementor-widget-text-editor\" data-id=\"021a41a\" data-element_type=\"widget\" data-e-type=\"widget\" data-widget_type=\"text-editor.default\">\n\t\t\t\t<div class=\"elementor-widget-container\">\n\t\t\t\t\t\t\t\t\t<p>Toutes nos activit\u00e9s sont align\u00e9es sur les tendances des clients et du secteur en mati\u00e8re d&#8217;\u00e9lectrification et de produits durables. Nous investissons dans le d\u00e9veloppement de nouveaux produits qui non seulement am\u00e9liorent les performances mais limitent aussi l&#8217;empreinte carbone de l&#8217;utilisateur final. <\/p>\n\t\t\t\t\t\t\t\t<\/div>\n\t\t\t\t<\/div>\n\t\t\t\t\t<\/div>\n\t\t<\/div>\n\t\t\t\t<div class=\"elementor-column elementor-col-50 elementor-inner-column elementor-element elementor-element-1d37932\" data-id=\"1d37932\" data-element_type=\"column\" data-e-type=\"column\">\n\t\t\t<div class=\"elementor-widget-wrap elementor-element-populated\">\n\t\t\t\t\t\t<div class=\"elementor-element elementor-element-8ce9305 elementor-widget elementor-widget-text-editor\" data-id=\"8ce9305\" data-element_type=\"widget\" data-e-type=\"widget\" data-widget_type=\"text-editor.default\">\n\t\t\t\t<div class=\"elementor-widget-container\">\n\t\t\t\t\t\t\t\t\t<ul>\n<li>Nos principales offres de produits sont continuellement innov\u00e9es pour devenir plus l\u00e9g\u00e8res et plus efficaces, ce qui permet de r\u00e9duire la consommation de carburant.<\/li>\n<li>Nous investissons dans le d\u00e9veloppement de produits de nouvelle g\u00e9n\u00e9ration dans les domaines de la mobilit\u00e9 \u00e9lectrique, des technologies num\u00e9riques, etc.<\/li>\n<\/ul>\n\t\t\t\t\t\t\t\t<\/div>\n\t\t\t\t<\/div>\n\t\t\t\t\t<\/div>\n\t\t<\/div>\n\t\t\t\t\t<\/div>\n\t\t<\/section>\n\t\t\t\t\t<\/div>\n\t\t<\/div>\n\t\t\t\t\t<\/div>\n\t\t<\/section>\n\t\t\t\t<section class=\"elementor-section elementor-top-section elementor-element elementor-element-7dcc5e7 elementor-section-boxed elementor-section-height-default elementor-section-height-default\" data-id=\"7dcc5e7\" data-element_type=\"section\" data-e-type=\"section\" data-settings=\"{&quot;background_background&quot;:&quot;classic&quot;}\">\n\t\t\t\t\t\t<div class=\"elementor-container elementor-column-gap-default\">\n\t\t\t\t\t<div class=\"elementor-column elementor-col-100 elementor-top-column elementor-element elementor-element-9007152\" data-id=\"9007152\" data-element_type=\"column\" data-e-type=\"column\">\n\t\t\t<div class=\"elementor-widget-wrap elementor-element-populated\">\n\t\t\t\t\t\t<div class=\"elementor-element elementor-element-340927b elementor-widget elementor-widget-shortcode\" data-id=\"340927b\" data-element_type=\"widget\" data-e-type=\"widget\" data-widget_type=\"shortcode.default\">\n\t\t\t\t<div class=\"elementor-widget-container\">\n\t\t\t\t\t\t\t<div class=\"elementor-shortcode\"><\/div>\n\t\t\t\t\t\t<\/div>\n\t\t\t\t<\/div>\n\t\t\t\t\t<\/div>\n\t\t<\/div>\n\t\t\t\t\t<\/div>\n\t\t<\/section>\n\t\t\t\t<\/div>\n\t\t","protected":false},"excerpt":{"rendered":"<p>Faire notre part pour des lendemains qui chantent En tant que leader mondial, Amsted Industries s&#8217;engage \u00e0 mener ses activit\u00e9s d&#8217;une mani\u00e8re responsable sur le plan environnemental et conforme \u00e0 celle d&#8217;un bon voisin et d&#8217;un bon citoyen. L&#8217;exp\u00e9rience nous a appris qu&#8217;il est essentiel pour toutes nos parties prenantes d&#8217;\u00eatre de bons gestionnaires de [&hellip;]<\/p>\n","protected":false},"author":1,"featured_media":0,"parent":5646,"menu_order":0,"comment_status":"closed","ping_status":"closed","template":"","meta":{"_acf_changed":false,"footnotes":""},"search-category":[20],"class_list":["post-5664","page","type-page","status-publish","hentry","search-category-culture"],"acf":[],"yoast_head":"<!-- This site is optimized with the Yoast SEO plugin v27.2 - https:\/\/yoast.com\/product\/yoast-seo-wordpress\/ -->\n<title>Durabilit\u00e9 - Amsted Industries<\/title>\n<meta name=\"robots\" content=\"index, follow, max-snippet:-1, max-image-preview:large, max-video-preview:-1\" \/>\n<link rel=\"canonical\" href=\"https:\/\/www.amsted.com\/fr\/culture\/durabilite\/\" \/>\n<meta property=\"og:locale\" content=\"fr_FR\" \/>\n<meta property=\"og:type\" content=\"article\" \/>\n<meta property=\"og:title\" content=\"Durabilit\u00e9 - Amsted Industries\" \/>\n<meta property=\"og:description\" content=\"Faire notre part pour des lendemains qui chantent En tant que leader mondial, Amsted Industries s&#8217;engage \u00e0 mener ses activit\u00e9s d&#8217;une mani\u00e8re responsable sur le plan environnemental et conforme \u00e0 celle d&#8217;un bon voisin et d&#8217;un bon citoyen. L&#8217;exp\u00e9rience nous a appris qu&#8217;il est essentiel pour toutes nos parties prenantes d&#8217;\u00eatre de bons gestionnaires de [&hellip;]\" \/>\n<meta property=\"og:url\" content=\"https:\/\/www.amsted.com\/fr\/culture\/durabilite\/\" \/>\n<meta property=\"og:site_name\" content=\"Amsted Industries\" \/>\n<meta property=\"article:modified_time\" content=\"2022-09-15T19:25:53+00:00\" \/>\n<meta property=\"og:image\" content=\"https:\/\/live-amsted-industries.pantheonsite.io\/wp-content\/uploads\/2022\/08\/aa-sustainability-1024x683.jpg\" \/>\n<meta name=\"twitter:card\" content=\"summary_large_image\" \/>\n<meta name=\"twitter:label1\" content=\"Est. reading time\" \/>\n\t<meta name=\"twitter:data1\" content=\"2 minutes\" \/>\n<script type=\"application\/ld+json\" class=\"yoast-schema-graph\">{\"@context\":\"https:\/\/schema.org\",\"@graph\":[{\"@type\":\"WebPage\",\"@id\":\"https:\/\/www.amsted.com\/fr\/culture\/durabilite\/\",\"url\":\"https:\/\/www.amsted.com\/fr\/culture\/durabilite\/\",\"name\":\"Durabilit\u00e9 - Amsted Industries\",\"isPartOf\":{\"@id\":\"https:\/\/www.amsted.com\/fr\/#website\"},\"primaryImageOfPage\":{\"@id\":\"https:\/\/www.amsted.com\/fr\/culture\/durabilite\/#primaryimage\"},\"image\":{\"@id\":\"https:\/\/www.amsted.com\/fr\/culture\/durabilite\/#primaryimage\"},\"thumbnailUrl\":\"https:\/\/live-amsted-industries.pantheonsite.io\/wp-content\/uploads\/2022\/08\/aa-sustainability-1024x683.jpg\",\"datePublished\":\"2022-06-02T02:28:56+00:00\",\"dateModified\":\"2022-09-15T19:25:53+00:00\",\"breadcrumb\":{\"@id\":\"https:\/\/www.amsted.com\/fr\/culture\/durabilite\/#breadcrumb\"},\"inLanguage\":\"fr-FR\",\"potentialAction\":[{\"@type\":\"ReadAction\",\"target\":[\"https:\/\/www.amsted.com\/fr\/culture\/durabilite\/\"]}]},{\"@type\":\"ImageObject\",\"inLanguage\":\"fr-FR\",\"@id\":\"https:\/\/www.amsted.com\/fr\/culture\/durabilite\/#primaryimage\",\"url\":\"https:\/\/live-amsted-industries.pantheonsite.io\/wp-content\/uploads\/2022\/08\/aa-sustainability-1024x683.jpg\",\"contentUrl\":\"https:\/\/live-amsted-industries.pantheonsite.io\/wp-content\/uploads\/2022\/08\/aa-sustainability-1024x683.jpg\"},{\"@type\":\"BreadcrumbList\",\"@id\":\"https:\/\/www.amsted.com\/fr\/culture\/durabilite\/#breadcrumb\",\"itemListElement\":[{\"@type\":\"ListItem\",\"position\":1,\"name\":\"Home\",\"item\":\"https:\/\/www.amsted.com\/fr\/homepage\/\"},{\"@type\":\"ListItem\",\"position\":2,\"name\":\"Culture\",\"item\":\"https:\/\/www.amsted.com\/fr\/culture\/\"},{\"@type\":\"ListItem\",\"position\":3,\"name\":\"Durabilit\u00e9\"}]},{\"@type\":\"WebSite\",\"@id\":\"https:\/\/www.amsted.com\/fr\/#website\",\"url\":\"https:\/\/www.amsted.com\/fr\/\",\"name\":\"Amsted Industries\",\"description\":\"Just another WordPress site\",\"potentialAction\":[{\"@type\":\"SearchAction\",\"target\":{\"@type\":\"EntryPoint\",\"urlTemplate\":\"https:\/\/www.amsted.com\/fr\/?s={search_term_string}\"},\"query-input\":{\"@type\":\"PropertyValueSpecification\",\"valueRequired\":true,\"valueName\":\"search_term_string\"}}],\"inLanguage\":\"fr-FR\"}]}<\/script>\n<!-- \/ Yoast SEO plugin. -->","yoast_head_json":{"title":"Durabilit\u00e9 - Amsted Industries","robots":{"index":"index","follow":"follow","max-snippet":"max-snippet:-1","max-image-preview":"max-image-preview:large","max-video-preview":"max-video-preview:-1"},"canonical":"https:\/\/www.amsted.com\/fr\/culture\/durabilite\/","og_locale":"fr_FR","og_type":"article","og_title":"Durabilit\u00e9 - Amsted Industries","og_description":"Faire notre part pour des lendemains qui chantent En tant que leader mondial, Amsted Industries s&#8217;engage \u00e0 mener ses activit\u00e9s d&#8217;une mani\u00e8re responsable sur le plan environnemental et conforme \u00e0 celle d&#8217;un bon voisin et d&#8217;un bon citoyen. L&#8217;exp\u00e9rience nous a appris qu&#8217;il est essentiel pour toutes nos parties prenantes d&#8217;\u00eatre de bons gestionnaires de [&hellip;]","og_url":"https:\/\/www.amsted.com\/fr\/culture\/durabilite\/","og_site_name":"Amsted Industries","article_modified_time":"2022-09-15T19:25:53+00:00","og_image":[{"url":"https:\/\/live-amsted-industries.pantheonsite.io\/wp-content\/uploads\/2022\/08\/aa-sustainability-1024x683.jpg","type":"","width":"","height":""}],"twitter_card":"summary_large_image","twitter_misc":{"Est. reading time":"2 minutes"},"schema":{"@context":"https:\/\/schema.org","@graph":[{"@type":"WebPage","@id":"https:\/\/www.amsted.com\/fr\/culture\/durabilite\/","url":"https:\/\/www.amsted.com\/fr\/culture\/durabilite\/","name":"Durabilit\u00e9 - Amsted Industries","isPartOf":{"@id":"https:\/\/www.amsted.com\/fr\/#website"},"primaryImageOfPage":{"@id":"https:\/\/www.amsted.com\/fr\/culture\/durabilite\/#primaryimage"},"image":{"@id":"https:\/\/www.amsted.com\/fr\/culture\/durabilite\/#primaryimage"},"thumbnailUrl":"https:\/\/live-amsted-industries.pantheonsite.io\/wp-content\/uploads\/2022\/08\/aa-sustainability-1024x683.jpg","datePublished":"2022-06-02T02:28:56+00:00","dateModified":"2022-09-15T19:25:53+00:00","breadcrumb":{"@id":"https:\/\/www.amsted.com\/fr\/culture\/durabilite\/#breadcrumb"},"inLanguage":"fr-FR","potentialAction":[{"@type":"ReadAction","target":["https:\/\/www.amsted.com\/fr\/culture\/durabilite\/"]}]},{"@type":"ImageObject","inLanguage":"fr-FR","@id":"https:\/\/www.amsted.com\/fr\/culture\/durabilite\/#primaryimage","url":"https:\/\/live-amsted-industries.pantheonsite.io\/wp-content\/uploads\/2022\/08\/aa-sustainability-1024x683.jpg","contentUrl":"https:\/\/live-amsted-industries.pantheonsite.io\/wp-content\/uploads\/2022\/08\/aa-sustainability-1024x683.jpg"},{"@type":"BreadcrumbList","@id":"https:\/\/www.amsted.com\/fr\/culture\/durabilite\/#breadcrumb","itemListElement":[{"@type":"ListItem","position":1,"name":"Home","item":"https:\/\/www.amsted.com\/fr\/homepage\/"},{"@type":"ListItem","position":2,"name":"Culture","item":"https:\/\/www.amsted.com\/fr\/culture\/"},{"@type":"ListItem","position":3,"name":"Durabilit\u00e9"}]},{"@type":"WebSite","@id":"https:\/\/www.amsted.com\/fr\/#website","url":"https:\/\/www.amsted.com\/fr\/","name":"Amsted Industries","description":"Just another WordPress site","potentialAction":[{"@type":"SearchAction","target":{"@type":"EntryPoint","urlTemplate":"https:\/\/www.amsted.com\/fr\/?s={search_term_string}"},"query-input":{"@type":"PropertyValueSpecification","valueRequired":true,"valueName":"search_term_string"}}],"inLanguage":"fr-FR"}]}},"_links":{"self":[{"href":"https:\/\/www.amsted.com\/fr\/wp-json\/wp\/v2\/pages\/5664","targetHints":{"allow":["GET"]}}],"collection":[{"href":"https:\/\/www.amsted.com\/fr\/wp-json\/wp\/v2\/pages"}],"about":[{"href":"https:\/\/www.amsted.com\/fr\/wp-json\/wp\/v2\/types\/page"}],"author":[{"embeddable":true,"href":"https:\/\/www.amsted.com\/fr\/wp-json\/wp\/v2\/users\/1"}],"replies":[{"embeddable":true,"href":"https:\/\/www.amsted.com\/fr\/wp-json\/wp\/v2\/comments?post=5664"}],"version-history":[{"count":1,"href":"https:\/\/www.amsted.com\/fr\/wp-json\/wp\/v2\/pages\/5664\/revisions"}],"predecessor-version":[{"id":5665,"href":"https:\/\/www.amsted.com\/fr\/wp-json\/wp\/v2\/pages\/5664\/revisions\/5665"}],"up":[{"embeddable":true,"href":"https:\/\/www.amsted.com\/fr\/wp-json\/wp\/v2\/pages\/5646"}],"wp:attachment":[{"href":"https:\/\/www.amsted.com\/fr\/wp-json\/wp\/v2\/media?parent=5664"}],"wp:term":[{"taxonomy":"search-category","embeddable":true,"href":"https:\/\/www.amsted.com\/fr\/wp-json\/wp\/v2\/search-category?post=5664"}],"curies":[{"name":"wp","href":"https:\/\/api.w.org\/{rel}","templated":true}]}}