{"id":5654,"date":"2022-06-02T02:28:41","date_gmt":"2022-06-02T02:28:41","guid":{"rendered":"https:\/\/live-amsted-industries.pantheonsite.io\/culture\/lactionnariat-salarie\/"},"modified":"2022-09-15T19:19:35","modified_gmt":"2022-09-15T19:19:35","slug":"lactionnariat-salarie","status":"publish","type":"page","link":"https:\/\/www.amsted.com\/fr\/culture\/lactionnariat-salarie\/","title":{"rendered":"L&#8217;actionnariat salari\u00e9"},"content":{"rendered":"\t\t<div data-elementor-type=\"wp-page\" data-elementor-id=\"5654\" class=\"elementor elementor-5654 elementor-162\" data-elementor-post-type=\"page\">\n\t\t\t\t\t\t<section class=\"elementor-section elementor-top-section elementor-element elementor-element-5967dd3 elementor-section-height-min-height elementor-section-boxed elementor-section-height-default elementor-section-items-middle\" data-id=\"5967dd3\" data-element_type=\"section\" data-e-type=\"section\">\n\t\t\t\t\t\t<div class=\"elementor-container elementor-column-gap-default\">\n\t\t\t\t\t<div class=\"elementor-column elementor-col-100 elementor-top-column elementor-element elementor-element-f90fabc\" data-id=\"f90fabc\" data-element_type=\"column\" data-e-type=\"column\">\n\t\t\t<div class=\"elementor-widget-wrap elementor-element-populated\">\n\t\t\t\t\t\t<section class=\"elementor-section elementor-inner-section elementor-element elementor-element-04164f4 elementor-section-boxed elementor-section-height-default elementor-section-height-default\" data-id=\"04164f4\" data-element_type=\"section\" data-e-type=\"section\" data-settings=\"{&quot;background_background&quot;:&quot;video&quot;}\">\n\t\t\t\t\t\t<div class=\"elementor-container elementor-column-gap-default\">\n\t\t\t\t\t<div class=\"elementor-column elementor-col-50 elementor-inner-column elementor-element elementor-element-e07a723\" data-id=\"e07a723\" data-element_type=\"column\" data-e-type=\"column\">\n\t\t\t<div class=\"elementor-widget-wrap elementor-element-populated\">\n\t\t\t\t\t\t<div class=\"elementor-element elementor-element-3e811fb elementor-widget elementor-widget-heading\" data-id=\"3e811fb\" data-element_type=\"widget\" data-e-type=\"widget\" data-widget_type=\"heading.default\">\n\t\t\t\t<div class=\"elementor-widget-container\">\n\t\t\t\t\t<h1 class=\"elementor-heading-title elementor-size-default\">L'actionnariat salari\u00e9<\/h1>\t\t\t\t<\/div>\n\t\t\t\t<\/div>\n\t\t\t\t\t<\/div>\n\t\t<\/div>\n\t\t\t\t<div class=\"elementor-column elementor-col-50 elementor-inner-column elementor-element elementor-element-80c626b\" data-id=\"80c626b\" data-element_type=\"column\" data-e-type=\"column\">\n\t\t\t<div class=\"elementor-widget-wrap elementor-element-populated\">\n\t\t\t\t\t\t<div class=\"elementor-element elementor-element-d09214d elementor-widget elementor-widget-text-editor\" data-id=\"d09214d\" data-element_type=\"widget\" data-e-type=\"widget\" data-widget_type=\"text-editor.default\">\n\t\t\t\t<div class=\"elementor-widget-container\">\n\t\t\t\t\t\t\t\t\t<p>Amsted Industries appartient \u00e0 100 % \u00e0 ses employ\u00e9s et est la quatri\u00e8me plus grande entreprise ESOP (Employee Stock Ownership Plan) des \u00c9tats-Unis, selon le National Center for Employee Ownership.<\/p><\/p>\n\t\t\t\t\t\t\t\t<\/div>\n\t\t\t\t<\/div>\n\t\t\t\t\t<\/div>\n\t\t<\/div>\n\t\t\t\t\t<\/div>\n\t\t<\/section>\n\t\t\t\t\t<\/div>\n\t\t<\/div>\n\t\t\t\t\t<\/div>\n\t\t<\/section>\n\t\t\t\t<section class=\"elementor-section elementor-top-section elementor-element elementor-element-94582fd elementor-section-full_width elementor-section-height-default elementor-section-height-default\" data-id=\"94582fd\" data-element_type=\"section\" data-e-type=\"section\" data-settings=\"{&quot;background_background&quot;:&quot;classic&quot;}\">\n\t\t\t\t\t\t<div class=\"elementor-container elementor-column-gap-default\">\n\t\t\t\t\t<div class=\"elementor-column elementor-col-100 elementor-top-column elementor-element elementor-element-70ee1b9\" data-id=\"70ee1b9\" data-element_type=\"column\" data-e-type=\"column\">\n\t\t\t<div class=\"elementor-widget-wrap elementor-element-populated\">\n\t\t\t\t\t\t<section class=\"elementor-section elementor-inner-section elementor-element elementor-element-ab5aad4 elementor-section-height-min-height elementor-section-boxed elementor-section-height-default\" data-id=\"ab5aad4\" data-element_type=\"section\" data-e-type=\"section\">\n\t\t\t\t\t\t<div class=\"elementor-container elementor-column-gap-default\">\n\t\t\t\t\t<div class=\"elementor-column elementor-col-50 elementor-inner-column elementor-element elementor-element-50a9931\" data-id=\"50a9931\" data-element_type=\"column\" data-e-type=\"column\" data-settings=\"{&quot;background_background&quot;:&quot;classic&quot;}\">\n\t\t\t<div class=\"elementor-widget-wrap elementor-element-populated\">\n\t\t\t\t\t<div class=\"elementor-background-overlay\"><\/div>\n\t\t\t\t\t\t<div class=\"elementor-element elementor-element-8eb456e elementor-widget elementor-widget-heading\" data-id=\"8eb456e\" data-element_type=\"widget\" data-e-type=\"widget\" data-widget_type=\"heading.default\">\n\t\t\t\t<div class=\"elementor-widget-container\">\n\t\t\t\t\t<h2 class=\"elementor-heading-title elementor-size-default\">Programme ESOP<\/h2>\t\t\t\t<\/div>\n\t\t\t\t<\/div>\n\t\t\t\t<div class=\"elementor-element elementor-element-5727491 elementor-invisible elementor-widget elementor-widget-text-editor\" data-id=\"5727491\" data-element_type=\"widget\" data-e-type=\"widget\" data-settings=\"{&quot;_animation&quot;:&quot;fadeIn&quot;,&quot;_animation_delay&quot;:300}\" data-widget_type=\"text-editor.default\">\n\t\t\t\t<div class=\"elementor-widget-container\">\n\t\t\t\t\t\t\t\t\t<p>Notre structure unique est un moyen pour Amsted Industries de rendre la pareille \u00e0 ceux qui sont \u00e0 l&#8217;origine de notre succ\u00e8s. Le programme ESOP fonctionne comme un v\u00e9hicule d&#8217;\u00e9pargne-retraite qui aide \u00e0 combler l&#8217;\u00e9cart de richesse pour nos employ\u00e9s-propri\u00e9taires am\u00e9ricains. Bien qu&#8217;il s&#8217;agisse avant tout d&#8217;un avantage financier, il suscite \u00e9galement un sentiment de fiert\u00e9 et de d\u00e9termination. Un esprit de propri\u00e9t\u00e9 impr\u00e8gne toutes nos entreprises, et tous nos travailleurs sont d\u00e9vou\u00e9s \u00e0 nos parties prenantes et \u00e0 nos communaut\u00e9s.   <\/p>\n\t\t\t\t\t\t\t\t<\/div>\n\t\t\t\t<\/div>\n\t\t\t\t\t<\/div>\n\t\t<\/div>\n\t\t\t\t<div class=\"elementor-column elementor-col-50 elementor-inner-column elementor-element elementor-element-046b25b\" data-id=\"046b25b\" data-element_type=\"column\" data-e-type=\"column\" data-settings=\"{&quot;background_background&quot;:&quot;classic&quot;}\">\n\t\t\t<div class=\"elementor-widget-wrap elementor-element-populated\">\n\t\t\t\t\t\t<div class=\"elementor-element elementor-element-f668574 elementor-widget elementor-widget-spacer\" data-id=\"f668574\" data-element_type=\"widget\" data-e-type=\"widget\" data-widget_type=\"spacer.default\">\n\t\t\t\t<div class=\"elementor-widget-container\">\n\t\t\t\t\t\t\t<div class=\"elementor-spacer\">\n\t\t\t<div class=\"elementor-spacer-inner\"><\/div>\n\t\t<\/div>\n\t\t\t\t\t\t<\/div>\n\t\t\t\t<\/div>\n\t\t\t\t\t<\/div>\n\t\t<\/div>\n\t\t\t\t\t<\/div>\n\t\t<\/section>\n\t\t\t\t\t<\/div>\n\t\t<\/div>\n\t\t\t\t\t<\/div>\n\t\t<\/section>\n\t\t\t\t<section class=\"elementor-section elementor-top-section elementor-element elementor-element-3dcfc3f elementor-section-boxed elementor-section-height-default elementor-section-height-default\" data-id=\"3dcfc3f\" data-element_type=\"section\" data-e-type=\"section\" data-settings=\"{&quot;background_background&quot;:&quot;classic&quot;}\">\n\t\t\t\t\t\t<div class=\"elementor-container elementor-column-gap-default\">\n\t\t\t\t\t<div class=\"elementor-column elementor-col-100 elementor-top-column elementor-element elementor-element-570997d\" data-id=\"570997d\" data-element_type=\"column\" data-e-type=\"column\">\n\t\t\t<div class=\"elementor-widget-wrap elementor-element-populated\">\n\t\t\t\t\t\t<div class=\"elementor-element elementor-element-b36071b elementor-widget elementor-widget-shortcode\" data-id=\"b36071b\" data-element_type=\"widget\" data-e-type=\"widget\" data-widget_type=\"shortcode.default\">\n\t\t\t\t<div class=\"elementor-widget-container\">\n\t\t\t\t\t\t\t<div class=\"elementor-shortcode\"><\/div>\n\t\t\t\t\t\t<\/div>\n\t\t\t\t<\/div>\n\t\t\t\t\t<\/div>\n\t\t<\/div>\n\t\t\t\t\t<\/div>\n\t\t<\/section>\n\t\t\t\t<\/div>\n\t\t","protected":false},"excerpt":{"rendered":"<p>L&#8217;actionnariat salari\u00e9 Amsted Industries appartient \u00e0 100 % \u00e0 ses employ\u00e9s et est la quatri\u00e8me plus grande entreprise ESOP (Employee Stock Ownership Plan) des \u00c9tats-Unis, selon le National Center for Employee Ownership. Programme ESOP Notre structure unique est un moyen pour Amsted Industries de rendre la pareille \u00e0 ceux qui sont \u00e0 l&#8217;origine de notre [&hellip;]<\/p>\n","protected":false},"author":1,"featured_media":0,"parent":5646,"menu_order":0,"comment_status":"closed","ping_status":"closed","template":"","meta":{"_acf_changed":false,"footnotes":""},"search-category":[20],"class_list":["post-5654","page","type-page","status-publish","hentry","search-category-culture"],"acf":[],"yoast_head":"<!-- This site is optimized with the Yoast SEO plugin v27.2 - https:\/\/yoast.com\/product\/yoast-seo-wordpress\/ -->\n<title>L&#039;actionnariat salari\u00e9 - Amsted Industries<\/title>\n<meta name=\"robots\" content=\"index, follow, max-snippet:-1, max-image-preview:large, max-video-preview:-1\" \/>\n<link rel=\"canonical\" href=\"https:\/\/www.amsted.com\/fr\/culture\/lactionnariat-salarie\/\" \/>\n<meta property=\"og:locale\" content=\"fr_FR\" \/>\n<meta property=\"og:type\" content=\"article\" \/>\n<meta property=\"og:title\" content=\"L&#039;actionnariat salari\u00e9 - Amsted Industries\" \/>\n<meta property=\"og:description\" content=\"L&#8217;actionnariat salari\u00e9 Amsted Industries appartient \u00e0 100 % \u00e0 ses employ\u00e9s et est la quatri\u00e8me plus grande entreprise ESOP (Employee Stock Ownership Plan) des \u00c9tats-Unis, selon le National Center for Employee Ownership. Programme ESOP Notre structure unique est un moyen pour Amsted Industries de rendre la pareille \u00e0 ceux qui sont \u00e0 l&#8217;origine de notre [&hellip;]\" \/>\n<meta property=\"og:url\" content=\"https:\/\/www.amsted.com\/fr\/culture\/lactionnariat-salarie\/\" \/>\n<meta property=\"og:site_name\" content=\"Amsted Industries\" \/>\n<meta property=\"article:modified_time\" content=\"2022-09-15T19:19:35+00:00\" \/>\n<meta name=\"twitter:card\" content=\"summary_large_image\" \/>\n<meta name=\"twitter:label1\" content=\"Est. reading time\" \/>\n\t<meta name=\"twitter:data1\" content=\"1 minute\" \/>\n<script type=\"application\/ld+json\" class=\"yoast-schema-graph\">{\"@context\":\"https:\/\/schema.org\",\"@graph\":[{\"@type\":\"WebPage\",\"@id\":\"https:\/\/www.amsted.com\/fr\/culture\/lactionnariat-salarie\/\",\"url\":\"https:\/\/www.amsted.com\/fr\/culture\/lactionnariat-salarie\/\",\"name\":\"L'actionnariat salari\u00e9 - Amsted Industries\",\"isPartOf\":{\"@id\":\"https:\/\/www.amsted.com\/fr\/#website\"},\"datePublished\":\"2022-06-02T02:28:41+00:00\",\"dateModified\":\"2022-09-15T19:19:35+00:00\",\"breadcrumb\":{\"@id\":\"https:\/\/www.amsted.com\/fr\/culture\/lactionnariat-salarie\/#breadcrumb\"},\"inLanguage\":\"fr-FR\",\"potentialAction\":[{\"@type\":\"ReadAction\",\"target\":[\"https:\/\/www.amsted.com\/fr\/culture\/lactionnariat-salarie\/\"]}]},{\"@type\":\"BreadcrumbList\",\"@id\":\"https:\/\/www.amsted.com\/fr\/culture\/lactionnariat-salarie\/#breadcrumb\",\"itemListElement\":[{\"@type\":\"ListItem\",\"position\":1,\"name\":\"Home\",\"item\":\"https:\/\/www.amsted.com\/fr\/homepage\/\"},{\"@type\":\"ListItem\",\"position\":2,\"name\":\"Culture\",\"item\":\"https:\/\/www.amsted.com\/fr\/culture\/\"},{\"@type\":\"ListItem\",\"position\":3,\"name\":\"L&#8217;actionnariat salari\u00e9\"}]},{\"@type\":\"WebSite\",\"@id\":\"https:\/\/www.amsted.com\/fr\/#website\",\"url\":\"https:\/\/www.amsted.com\/fr\/\",\"name\":\"Amsted Industries\",\"description\":\"Just another WordPress site\",\"potentialAction\":[{\"@type\":\"SearchAction\",\"target\":{\"@type\":\"EntryPoint\",\"urlTemplate\":\"https:\/\/www.amsted.com\/fr\/?s={search_term_string}\"},\"query-input\":{\"@type\":\"PropertyValueSpecification\",\"valueRequired\":true,\"valueName\":\"search_term_string\"}}],\"inLanguage\":\"fr-FR\"}]}<\/script>\n<!-- \/ Yoast SEO plugin. -->","yoast_head_json":{"title":"L'actionnariat salari\u00e9 - Amsted Industries","robots":{"index":"index","follow":"follow","max-snippet":"max-snippet:-1","max-image-preview":"max-image-preview:large","max-video-preview":"max-video-preview:-1"},"canonical":"https:\/\/www.amsted.com\/fr\/culture\/lactionnariat-salarie\/","og_locale":"fr_FR","og_type":"article","og_title":"L'actionnariat salari\u00e9 - Amsted Industries","og_description":"L&#8217;actionnariat salari\u00e9 Amsted Industries appartient \u00e0 100 % \u00e0 ses employ\u00e9s et est la quatri\u00e8me plus grande entreprise ESOP (Employee Stock Ownership Plan) des \u00c9tats-Unis, selon le National Center for Employee Ownership. Programme ESOP Notre structure unique est un moyen pour Amsted Industries de rendre la pareille \u00e0 ceux qui sont \u00e0 l&#8217;origine de notre [&hellip;]","og_url":"https:\/\/www.amsted.com\/fr\/culture\/lactionnariat-salarie\/","og_site_name":"Amsted Industries","article_modified_time":"2022-09-15T19:19:35+00:00","twitter_card":"summary_large_image","twitter_misc":{"Est. reading time":"1 minute"},"schema":{"@context":"https:\/\/schema.org","@graph":[{"@type":"WebPage","@id":"https:\/\/www.amsted.com\/fr\/culture\/lactionnariat-salarie\/","url":"https:\/\/www.amsted.com\/fr\/culture\/lactionnariat-salarie\/","name":"L'actionnariat salari\u00e9 - Amsted Industries","isPartOf":{"@id":"https:\/\/www.amsted.com\/fr\/#website"},"datePublished":"2022-06-02T02:28:41+00:00","dateModified":"2022-09-15T19:19:35+00:00","breadcrumb":{"@id":"https:\/\/www.amsted.com\/fr\/culture\/lactionnariat-salarie\/#breadcrumb"},"inLanguage":"fr-FR","potentialAction":[{"@type":"ReadAction","target":["https:\/\/www.amsted.com\/fr\/culture\/lactionnariat-salarie\/"]}]},{"@type":"BreadcrumbList","@id":"https:\/\/www.amsted.com\/fr\/culture\/lactionnariat-salarie\/#breadcrumb","itemListElement":[{"@type":"ListItem","position":1,"name":"Home","item":"https:\/\/www.amsted.com\/fr\/homepage\/"},{"@type":"ListItem","position":2,"name":"Culture","item":"https:\/\/www.amsted.com\/fr\/culture\/"},{"@type":"ListItem","position":3,"name":"L&#8217;actionnariat salari\u00e9"}]},{"@type":"WebSite","@id":"https:\/\/www.amsted.com\/fr\/#website","url":"https:\/\/www.amsted.com\/fr\/","name":"Amsted Industries","description":"Just another WordPress site","potentialAction":[{"@type":"SearchAction","target":{"@type":"EntryPoint","urlTemplate":"https:\/\/www.amsted.com\/fr\/?s={search_term_string}"},"query-input":{"@type":"PropertyValueSpecification","valueRequired":true,"valueName":"search_term_string"}}],"inLanguage":"fr-FR"}]}},"_links":{"self":[{"href":"https:\/\/www.amsted.com\/fr\/wp-json\/wp\/v2\/pages\/5654","targetHints":{"allow":["GET"]}}],"collection":[{"href":"https:\/\/www.amsted.com\/fr\/wp-json\/wp\/v2\/pages"}],"about":[{"href":"https:\/\/www.amsted.com\/fr\/wp-json\/wp\/v2\/types\/page"}],"author":[{"embeddable":true,"href":"https:\/\/www.amsted.com\/fr\/wp-json\/wp\/v2\/users\/1"}],"replies":[{"embeddable":true,"href":"https:\/\/www.amsted.com\/fr\/wp-json\/wp\/v2\/comments?post=5654"}],"version-history":[{"count":1,"href":"https:\/\/www.amsted.com\/fr\/wp-json\/wp\/v2\/pages\/5654\/revisions"}],"predecessor-version":[{"id":5655,"href":"https:\/\/www.amsted.com\/fr\/wp-json\/wp\/v2\/pages\/5654\/revisions\/5655"}],"up":[{"embeddable":true,"href":"https:\/\/www.amsted.com\/fr\/wp-json\/wp\/v2\/pages\/5646"}],"wp:attachment":[{"href":"https:\/\/www.amsted.com\/fr\/wp-json\/wp\/v2\/media?parent=5654"}],"wp:term":[{"taxonomy":"search-category","embeddable":true,"href":"https:\/\/www.amsted.com\/fr\/wp-json\/wp\/v2\/search-category?post=5654"}],"curies":[{"name":"wp","href":"https:\/\/api.w.org\/{rel}","templated":true}]}}