{"id":5638,"date":"2022-06-02T02:29:36","date_gmt":"2022-06-02T02:29:36","guid":{"rendered":"https:\/\/live-amsted-industries.pantheonsite.io\/communaute\/"},"modified":"2022-09-15T18:58:38","modified_gmt":"2022-09-15T18:58:38","slug":"communaute","status":"publish","type":"page","link":"https:\/\/www.amsted.com\/fr\/communaute\/","title":{"rendered":"Communaut\u00e9"},"content":{"rendered":"\t\t<div data-elementor-type=\"wp-page\" data-elementor-id=\"5638\" class=\"elementor elementor-5638 elementor-170\" data-elementor-post-type=\"page\">\n\t\t\t\t\t\t<section class=\"elementor-section elementor-top-section elementor-element elementor-element-bceb1cc elementor-section-boxed elementor-section-height-default elementor-section-height-default\" data-id=\"bceb1cc\" data-element_type=\"section\" data-e-type=\"section\">\n\t\t\t\t\t\t<div class=\"elementor-container elementor-column-gap-default\">\n\t\t\t\t\t<div class=\"elementor-column elementor-col-100 elementor-top-column elementor-element elementor-element-c0dd11b\" data-id=\"c0dd11b\" data-element_type=\"column\" data-e-type=\"column\">\n\t\t\t<div class=\"elementor-widget-wrap elementor-element-populated\">\n\t\t\t\t\t\t<section class=\"elementor-section elementor-inner-section elementor-element elementor-element-8efd741 elementor-section-boxed elementor-section-height-default elementor-section-height-default\" data-id=\"8efd741\" data-element_type=\"section\" data-e-type=\"section\" data-settings=\"{&quot;background_background&quot;:&quot;video&quot;}\">\n\t\t\t\t\t\t<div class=\"elementor-container elementor-column-gap-default\">\n\t\t\t\t\t<div class=\"elementor-column elementor-col-50 elementor-inner-column elementor-element elementor-element-7c6b326\" data-id=\"7c6b326\" data-element_type=\"column\" data-e-type=\"column\">\n\t\t\t<div class=\"elementor-widget-wrap elementor-element-populated\">\n\t\t\t\t\t\t<div class=\"elementor-element elementor-element-39a6879 elementor-widget elementor-widget-heading\" data-id=\"39a6879\" data-element_type=\"widget\" data-e-type=\"widget\" data-widget_type=\"heading.default\">\n\t\t\t\t<div class=\"elementor-widget-container\">\n\t\t\t\t\t<h1 class=\"elementor-heading-title elementor-size-default\">Avoir un impact au-del\u00e0 des affaires\n<\/h1>\t\t\t\t<\/div>\n\t\t\t\t<\/div>\n\t\t\t\t\t<\/div>\n\t\t<\/div>\n\t\t\t\t<div class=\"elementor-column elementor-col-50 elementor-inner-column elementor-element elementor-element-da8d493\" data-id=\"da8d493\" data-element_type=\"column\" data-e-type=\"column\">\n\t\t\t<div class=\"elementor-widget-wrap elementor-element-populated\">\n\t\t\t\t\t\t<div class=\"elementor-element elementor-element-877e2d6 elementor-widget elementor-widget-text-editor\" data-id=\"877e2d6\" data-element_type=\"widget\" data-e-type=\"widget\" data-widget_type=\"text-editor.default\">\n\t\t\t\t<div class=\"elementor-widget-container\">\n\t\t\t\t\t\t\t\t\t<p><span style=\"font-weight: 400;\">Les travailleurs d&#8217;Amsted Industries dans le monde entier sont au service de nos communaut\u00e9s locales. Toutes nos entreprises participent \u00e0 des programmes de proximit\u00e9 qui comprennent des projets de b\u00e9n\u00e9volat, des collectes de dons, des \u00e9v\u00e9nements caritatifs, etc. Toys for Tots, Boys &amp; Girls Clubs, Habitat for Humanity, et les banques alimentaires communautaires ne sont qu&#8217;un petit \u00e9chantillon des organisations avec lesquelles nous avons travaill\u00e9 pour aider \u00e0 faire de notre monde un meilleur endroit pour tous.   <\/span><\/p>\n\t\t\t\t\t\t\t\t<\/div>\n\t\t\t\t<\/div>\n\t\t\t\t\t<\/div>\n\t\t<\/div>\n\t\t\t\t\t<\/div>\n\t\t<\/section>\n\t\t\t\t\t<\/div>\n\t\t<\/div>\n\t\t\t\t\t<\/div>\n\t\t<\/section>\n\t\t\t\t<section class=\"elementor-section elementor-top-section elementor-element elementor-element-af377dc elementor-section-boxed elementor-section-height-default elementor-section-height-default\" data-id=\"af377dc\" data-element_type=\"section\" data-e-type=\"section\">\n\t\t\t\t\t\t<div class=\"elementor-container elementor-column-gap-default\">\n\t\t\t\t\t<div class=\"elementor-column elementor-col-100 elementor-top-column elementor-element elementor-element-e5d1399\" data-id=\"e5d1399\" data-element_type=\"column\" data-e-type=\"column\">\n\t\t\t<div class=\"elementor-widget-wrap elementor-element-populated\">\n\t\t\t\t\t\t<section class=\"elementor-section elementor-inner-section elementor-element elementor-element-4b3b7a0 elementor-section-height-min-height elementor-section-boxed elementor-section-height-default\" data-id=\"4b3b7a0\" data-element_type=\"section\" data-e-type=\"section\">\n\t\t\t\t\t\t<div class=\"elementor-container elementor-column-gap-default\">\n\t\t\t\t\t<div class=\"elementor-column elementor-col-50 elementor-inner-column elementor-element elementor-element-ab8ad60\" data-id=\"ab8ad60\" data-element_type=\"column\" data-e-type=\"column\" data-settings=\"{&quot;background_background&quot;:&quot;classic&quot;}\">\n\t\t\t<div class=\"elementor-widget-wrap elementor-element-populated\">\n\t\t\t\t\t<div class=\"elementor-background-overlay\"><\/div>\n\t\t\t\t\t\t<div class=\"elementor-element elementor-element-173dbd3 elementor-invisible elementor-widget elementor-widget-heading\" data-id=\"173dbd3\" data-element_type=\"widget\" data-e-type=\"widget\" data-settings=\"{&quot;_animation&quot;:&quot;fadeIn&quot;}\" data-widget_type=\"heading.default\">\n\t\t\t\t<div class=\"elementor-widget-container\">\n\t\t\t\t\t<h2 class=\"elementor-heading-title elementor-size-default\">Programme de dons jumel\u00e9s de la Fondation Amsted\n<\/h2>\t\t\t\t<\/div>\n\t\t\t\t<\/div>\n\t\t\t\t<div class=\"elementor-element elementor-element-95f0cb4 elementor-invisible elementor-widget elementor-widget-text-editor\" data-id=\"95f0cb4\" data-element_type=\"widget\" data-e-type=\"widget\" data-settings=\"{&quot;_animation&quot;:&quot;fadeIn&quot;,&quot;_animation_delay&quot;:300}\" data-widget_type=\"text-editor.default\">\n\t\t\t\t<div class=\"elementor-widget-container\">\n\t\t\t\t\t\t\t\t\t<p><span style=\"font-weight: 400;\">Le programme de dons jumel\u00e9s permet de diriger une partie des ressources de la Fondation Amsted vers des organisations utiles qui sont de la plus haute importance pour nos employ\u00e9s. Toute combinaison de dons \u00e0 des organisations qualifi\u00e9es dans les domaines de l&#8217;\u00e9ducation, de la sant\u00e9 et des services sociaux, de la jeunesse, du civisme, de la culture et des arts sera \u00e9gal\u00e9e par la Fondation Amsted, \u00e0 hauteur de 5 000 dollars par employ\u00e9 et par an.  <\/span><\/p>\n\t\t\t\t\t\t\t\t<\/div>\n\t\t\t\t<\/div>\n\t\t\t\t\t<\/div>\n\t\t<\/div>\n\t\t\t\t<div class=\"elementor-column elementor-col-50 elementor-inner-column elementor-element elementor-element-c0f3228\" data-id=\"c0f3228\" data-element_type=\"column\" data-e-type=\"column\" data-settings=\"{&quot;background_background&quot;:&quot;classic&quot;}\">\n\t\t\t<div class=\"elementor-widget-wrap elementor-element-populated\">\n\t\t\t\t\t\t<div class=\"elementor-element elementor-element-27a58f0 elementor-widget elementor-widget-spacer\" data-id=\"27a58f0\" data-element_type=\"widget\" data-e-type=\"widget\" data-widget_type=\"spacer.default\">\n\t\t\t\t<div class=\"elementor-widget-container\">\n\t\t\t\t\t\t\t<div class=\"elementor-spacer\">\n\t\t\t<div class=\"elementor-spacer-inner\"><\/div>\n\t\t<\/div>\n\t\t\t\t\t\t<\/div>\n\t\t\t\t<\/div>\n\t\t\t\t\t<\/div>\n\t\t<\/div>\n\t\t\t\t\t<\/div>\n\t\t<\/section>\n\t\t\t\t<section class=\"elementor-section elementor-inner-section elementor-element elementor-element-c7ac355 elementor-section-height-min-height elementor-section-boxed elementor-section-height-default\" data-id=\"c7ac355\" data-element_type=\"section\" data-e-type=\"section\" data-settings=\"{&quot;background_background&quot;:&quot;classic&quot;}\">\n\t\t\t\t\t\t<div class=\"elementor-container elementor-column-gap-default\">\n\t\t\t\t\t<div class=\"elementor-column elementor-col-50 elementor-inner-column elementor-element elementor-element-d7ec274\" data-id=\"d7ec274\" data-element_type=\"column\" data-e-type=\"column\" data-settings=\"{&quot;background_background&quot;:&quot;classic&quot;}\">\n\t\t\t<div class=\"elementor-widget-wrap elementor-element-populated\">\n\t\t\t\t\t<div class=\"elementor-background-overlay\"><\/div>\n\t\t\t\t\t\t<div class=\"elementor-element elementor-element-25e1785 elementor-invisible elementor-widget elementor-widget-heading\" data-id=\"25e1785\" data-element_type=\"widget\" data-e-type=\"widget\" data-settings=\"{&quot;_animation&quot;:&quot;fadeIn&quot;}\" data-widget_type=\"heading.default\">\n\t\t\t\t<div class=\"elementor-widget-container\">\n\t\t\t\t\t<h2 class=\"elementor-heading-title elementor-size-default\">BAC : Juste une goutte\n<\/h2>\t\t\t\t<\/div>\n\t\t\t\t<\/div>\n\t\t\t\t<div class=\"elementor-element elementor-element-889bd2e elementor-invisible elementor-widget elementor-widget-text-editor\" data-id=\"889bd2e\" data-element_type=\"widget\" data-e-type=\"widget\" data-settings=\"{&quot;_animation&quot;:&quot;fadeIn&quot;,&quot;_animation_delay&quot;:300}\" data-widget_type=\"text-editor.default\">\n\t\t\t\t<div class=\"elementor-widget-container\">\n\t\t\t\t\t\t\t\t\t<p><span style=\"font-weight: 400;\">La disponibilit\u00e9 d&#8217;une eau propre est essentielle au fonctionnement s\u00fbr d&#8217;un \u00e9quipement de refroidissement par \u00e9vaporation durable. BAC s&#8217;engage \u00e0 faire en sorte que l&#8217;eau propre et s\u00fbre soit disponible pour les populations du monde entier, car elle est essentielle au d\u00e9veloppement humain. <\/span><\/p>\n<p><span style=\"font-weight: 400;\">BAC s&#8217;est associ\u00e9 \u00e0 Just a Drop lors de la Journ\u00e9e mondiale de l&#8217;eau en mars 2018 pour apporter de l&#8217;eau potable et des services d&#8217;assainissement aux communaut\u00e9s du monde entier. Depuis le d\u00e9but du partenariat, des milliers de personnes ont b\u00e9n\u00e9fici\u00e9 d&#8217;un acc\u00e8s \u00e0 l&#8217;eau potable, \u00e0 l&#8217;assainissement et \u00e0 l&#8217;hygi\u00e8ne. <\/span><\/p>\n\t\t\t\t\t\t\t\t<\/div>\n\t\t\t\t<\/div>\n\t\t\t\t\t<\/div>\n\t\t<\/div>\n\t\t\t\t<div class=\"elementor-column elementor-col-50 elementor-inner-column elementor-element elementor-element-e92c428\" data-id=\"e92c428\" data-element_type=\"column\" data-e-type=\"column\" data-settings=\"{&quot;background_background&quot;:&quot;classic&quot;}\">\n\t\t\t<div class=\"elementor-widget-wrap elementor-element-populated\">\n\t\t\t\t\t<div class=\"elementor-background-overlay\"><\/div>\n\t\t\t\t\t\t<div class=\"elementor-element elementor-element-9c0ae88 elementor-widget elementor-widget-spacer\" data-id=\"9c0ae88\" data-element_type=\"widget\" data-e-type=\"widget\" data-widget_type=\"spacer.default\">\n\t\t\t\t<div class=\"elementor-widget-container\">\n\t\t\t\t\t\t\t<div class=\"elementor-spacer\">\n\t\t\t<div class=\"elementor-spacer-inner\"><\/div>\n\t\t<\/div>\n\t\t\t\t\t\t<\/div>\n\t\t\t\t<\/div>\n\t\t\t\t\t<\/div>\n\t\t<\/div>\n\t\t\t\t\t<\/div>\n\t\t<\/section>\n\t\t\t\t<section class=\"elementor-section elementor-inner-section elementor-element elementor-element-e50a44e elementor-section-height-min-height elementor-section-boxed elementor-section-height-default\" data-id=\"e50a44e\" data-element_type=\"section\" data-e-type=\"section\">\n\t\t\t\t\t\t<div class=\"elementor-container elementor-column-gap-default\">\n\t\t\t\t\t<div class=\"elementor-column elementor-col-50 elementor-inner-column elementor-element elementor-element-5f298db\" data-id=\"5f298db\" data-element_type=\"column\" data-e-type=\"column\" data-settings=\"{&quot;background_background&quot;:&quot;classic&quot;}\">\n\t\t\t<div class=\"elementor-widget-wrap elementor-element-populated\">\n\t\t\t\t\t\t<div class=\"elementor-element elementor-element-3952bf6 elementor-invisible elementor-widget elementor-widget-heading\" data-id=\"3952bf6\" data-element_type=\"widget\" data-e-type=\"widget\" data-settings=\"{&quot;_animation&quot;:&quot;fadeIn&quot;}\" data-widget_type=\"heading.default\">\n\t\t\t\t<div class=\"elementor-widget-container\">\n\t\t\t\t\t<h2 class=\"elementor-heading-title elementor-size-default\">L'esprit de ConMet\n<\/h2>\t\t\t\t<\/div>\n\t\t\t\t<\/div>\n\t\t\t\t<div class=\"elementor-element elementor-element-d977ae6 elementor-invisible elementor-widget elementor-widget-text-editor\" data-id=\"d977ae6\" data-element_type=\"widget\" data-e-type=\"widget\" data-settings=\"{&quot;_animation&quot;:&quot;fadeIn&quot;,&quot;_animation_delay&quot;:300}\" data-widget_type=\"text-editor.default\">\n\t\t\t\t<div class=\"elementor-widget-container\">\n\t\t\t\t\t\t\t\t\t<p><span style=\"font-weight: 400;\">Le comit\u00e9 des services communautaires de ConMet a \u00e9t\u00e9 cr\u00e9\u00e9 pour aider l&#8217;entreprise \u00e0 aller au-del\u00e0 des pratiques commerciales et \u00e0 adopter un \u00e9tat d&#8217;esprit de &#8220;service aux autres&#8221; en coordonnant le b\u00e9n\u00e9volat local et d&#8217;autres possibilit\u00e9s de service auxquelles les employ\u00e9s peuvent participer. Le comit\u00e9 s&#8217;efforce de trouver des projets qui trouvent un \u00e9cho aupr\u00e8s de nos employ\u00e9s et les encouragent \u00e0 agir, notamment le sauvetage d&#8217;animaux, l&#8217;am\u00e9lioration de l&#8217;environnement, les programmes pour la jeunesse et l&#8217;aide aux personnes ayant des besoins \u00e9conomiques. <\/span><\/p>\n<p><span style=\"font-weight: 400;\">Les employ\u00e9s de ConMet sont invit\u00e9s \u00e0 consacrer 8 \u00e0 16 heures de leur temps de travail par an au service. Bien qu&#8217;il s&#8217;agisse d&#8217;un engagement totalement volontaire, ConMet a constat\u00e9 que l&#8217;engagement de ses employ\u00e9s allait au-del\u00e0 des attentes, ce qu&#8217;elle reconna\u00eet en d\u00e9cernant un prix annuel &#8220;Spirit of ConMet&#8221; \u00e0 un employ\u00e9 b\u00e9n\u00e9vole exceptionnel qui incarne l&#8217;\u00e9tat d&#8217;esprit du &#8220;Service aux autres&#8221;. <\/span><\/p>\n\t\t\t\t\t\t\t\t<\/div>\n\t\t\t\t<\/div>\n\t\t\t\t\t<\/div>\n\t\t<\/div>\n\t\t\t\t<div class=\"elementor-column elementor-col-50 elementor-inner-column elementor-element elementor-element-f2d1ce2\" data-id=\"f2d1ce2\" data-element_type=\"column\" data-e-type=\"column\" data-settings=\"{&quot;background_background&quot;:&quot;classic&quot;}\">\n\t\t\t<div class=\"elementor-widget-wrap elementor-element-populated\">\n\t\t\t\t\t\t<div class=\"elementor-element elementor-element-f324355 elementor-widget elementor-widget-spacer\" data-id=\"f324355\" data-element_type=\"widget\" data-e-type=\"widget\" data-widget_type=\"spacer.default\">\n\t\t\t\t<div class=\"elementor-widget-container\">\n\t\t\t\t\t\t\t<div class=\"elementor-spacer\">\n\t\t\t<div class=\"elementor-spacer-inner\"><\/div>\n\t\t<\/div>\n\t\t\t\t\t\t<\/div>\n\t\t\t\t<\/div>\n\t\t\t\t\t<\/div>\n\t\t<\/div>\n\t\t\t\t\t<\/div>\n\t\t<\/section>\n\t\t\t\t\t<\/div>\n\t\t<\/div>\n\t\t\t\t\t<\/div>\n\t\t<\/section>\n\t\t\t\t<\/div>\n\t\t","protected":false},"excerpt":{"rendered":"<p>Avoir un impact au-del\u00e0 des affaires Les travailleurs d&#8217;Amsted Industries dans le monde entier sont au service de nos communaut\u00e9s locales. Toutes nos entreprises participent \u00e0 des programmes de proximit\u00e9 qui comprennent des projets de b\u00e9n\u00e9volat, des collectes de dons, des \u00e9v\u00e9nements caritatifs, etc. Toys for Tots, Boys &amp; Girls Clubs, Habitat for Humanity, et [&hellip;]<\/p>\n","protected":false},"author":1,"featured_media":0,"parent":0,"menu_order":0,"comment_status":"closed","ping_status":"closed","template":"","meta":{"_acf_changed":false,"footnotes":""},"search-category":[19],"class_list":["post-5638","page","type-page","status-publish","hentry","search-category-company"],"acf":[],"yoast_head":"<!-- This site is optimized with the Yoast SEO plugin v27.2 - https:\/\/yoast.com\/product\/yoast-seo-wordpress\/ -->\n<title>Communaut\u00e9 - Amsted Industries<\/title>\n<meta name=\"robots\" content=\"index, follow, max-snippet:-1, max-image-preview:large, max-video-preview:-1\" \/>\n<link rel=\"canonical\" href=\"https:\/\/www.amsted.com\/fr\/communaute\/\" \/>\n<meta property=\"og:locale\" content=\"fr_FR\" \/>\n<meta property=\"og:type\" content=\"article\" \/>\n<meta property=\"og:title\" content=\"Communaut\u00e9 - Amsted Industries\" \/>\n<meta property=\"og:description\" content=\"Avoir un impact au-del\u00e0 des affaires Les travailleurs d&#8217;Amsted Industries dans le monde entier sont au service de nos communaut\u00e9s locales. Toutes nos entreprises participent \u00e0 des programmes de proximit\u00e9 qui comprennent des projets de b\u00e9n\u00e9volat, des collectes de dons, des \u00e9v\u00e9nements caritatifs, etc. Toys for Tots, Boys &amp; Girls Clubs, Habitat for Humanity, et [&hellip;]\" \/>\n<meta property=\"og:url\" content=\"https:\/\/www.amsted.com\/fr\/communaute\/\" \/>\n<meta property=\"og:site_name\" content=\"Amsted Industries\" \/>\n<meta property=\"article:modified_time\" content=\"2022-09-15T18:58:38+00:00\" \/>\n<meta name=\"twitter:card\" content=\"summary_large_image\" \/>\n<meta name=\"twitter:label1\" content=\"Est. reading time\" \/>\n\t<meta name=\"twitter:data1\" content=\"2 minutes\" \/>\n<script type=\"application\/ld+json\" class=\"yoast-schema-graph\">{\"@context\":\"https:\/\/schema.org\",\"@graph\":[{\"@type\":\"WebPage\",\"@id\":\"https:\/\/www.amsted.com\/fr\/communaute\/\",\"url\":\"https:\/\/www.amsted.com\/fr\/communaute\/\",\"name\":\"Communaut\u00e9 - Amsted Industries\",\"isPartOf\":{\"@id\":\"https:\/\/www.amsted.com\/fr\/#website\"},\"datePublished\":\"2022-06-02T02:29:36+00:00\",\"dateModified\":\"2022-09-15T18:58:38+00:00\",\"breadcrumb\":{\"@id\":\"https:\/\/www.amsted.com\/fr\/communaute\/#breadcrumb\"},\"inLanguage\":\"fr-FR\",\"potentialAction\":[{\"@type\":\"ReadAction\",\"target\":[\"https:\/\/www.amsted.com\/fr\/communaute\/\"]}]},{\"@type\":\"BreadcrumbList\",\"@id\":\"https:\/\/www.amsted.com\/fr\/communaute\/#breadcrumb\",\"itemListElement\":[{\"@type\":\"ListItem\",\"position\":1,\"name\":\"Home\",\"item\":\"https:\/\/www.amsted.com\/fr\/homepage\/\"},{\"@type\":\"ListItem\",\"position\":2,\"name\":\"Communaut\u00e9\"}]},{\"@type\":\"WebSite\",\"@id\":\"https:\/\/www.amsted.com\/fr\/#website\",\"url\":\"https:\/\/www.amsted.com\/fr\/\",\"name\":\"Amsted Industries\",\"description\":\"Just another WordPress site\",\"potentialAction\":[{\"@type\":\"SearchAction\",\"target\":{\"@type\":\"EntryPoint\",\"urlTemplate\":\"https:\/\/www.amsted.com\/fr\/?s={search_term_string}\"},\"query-input\":{\"@type\":\"PropertyValueSpecification\",\"valueRequired\":true,\"valueName\":\"search_term_string\"}}],\"inLanguage\":\"fr-FR\"}]}<\/script>\n<!-- \/ Yoast SEO plugin. -->","yoast_head_json":{"title":"Communaut\u00e9 - Amsted Industries","robots":{"index":"index","follow":"follow","max-snippet":"max-snippet:-1","max-image-preview":"max-image-preview:large","max-video-preview":"max-video-preview:-1"},"canonical":"https:\/\/www.amsted.com\/fr\/communaute\/","og_locale":"fr_FR","og_type":"article","og_title":"Communaut\u00e9 - Amsted Industries","og_description":"Avoir un impact au-del\u00e0 des affaires Les travailleurs d&#8217;Amsted Industries dans le monde entier sont au service de nos communaut\u00e9s locales. Toutes nos entreprises participent \u00e0 des programmes de proximit\u00e9 qui comprennent des projets de b\u00e9n\u00e9volat, des collectes de dons, des \u00e9v\u00e9nements caritatifs, etc. Toys for Tots, Boys &amp; Girls Clubs, Habitat for Humanity, et [&hellip;]","og_url":"https:\/\/www.amsted.com\/fr\/communaute\/","og_site_name":"Amsted Industries","article_modified_time":"2022-09-15T18:58:38+00:00","twitter_card":"summary_large_image","twitter_misc":{"Est. reading time":"2 minutes"},"schema":{"@context":"https:\/\/schema.org","@graph":[{"@type":"WebPage","@id":"https:\/\/www.amsted.com\/fr\/communaute\/","url":"https:\/\/www.amsted.com\/fr\/communaute\/","name":"Communaut\u00e9 - Amsted Industries","isPartOf":{"@id":"https:\/\/www.amsted.com\/fr\/#website"},"datePublished":"2022-06-02T02:29:36+00:00","dateModified":"2022-09-15T18:58:38+00:00","breadcrumb":{"@id":"https:\/\/www.amsted.com\/fr\/communaute\/#breadcrumb"},"inLanguage":"fr-FR","potentialAction":[{"@type":"ReadAction","target":["https:\/\/www.amsted.com\/fr\/communaute\/"]}]},{"@type":"BreadcrumbList","@id":"https:\/\/www.amsted.com\/fr\/communaute\/#breadcrumb","itemListElement":[{"@type":"ListItem","position":1,"name":"Home","item":"https:\/\/www.amsted.com\/fr\/homepage\/"},{"@type":"ListItem","position":2,"name":"Communaut\u00e9"}]},{"@type":"WebSite","@id":"https:\/\/www.amsted.com\/fr\/#website","url":"https:\/\/www.amsted.com\/fr\/","name":"Amsted Industries","description":"Just another WordPress site","potentialAction":[{"@type":"SearchAction","target":{"@type":"EntryPoint","urlTemplate":"https:\/\/www.amsted.com\/fr\/?s={search_term_string}"},"query-input":{"@type":"PropertyValueSpecification","valueRequired":true,"valueName":"search_term_string"}}],"inLanguage":"fr-FR"}]}},"_links":{"self":[{"href":"https:\/\/www.amsted.com\/fr\/wp-json\/wp\/v2\/pages\/5638","targetHints":{"allow":["GET"]}}],"collection":[{"href":"https:\/\/www.amsted.com\/fr\/wp-json\/wp\/v2\/pages"}],"about":[{"href":"https:\/\/www.amsted.com\/fr\/wp-json\/wp\/v2\/types\/page"}],"author":[{"embeddable":true,"href":"https:\/\/www.amsted.com\/fr\/wp-json\/wp\/v2\/users\/1"}],"replies":[{"embeddable":true,"href":"https:\/\/www.amsted.com\/fr\/wp-json\/wp\/v2\/comments?post=5638"}],"version-history":[{"count":1,"href":"https:\/\/www.amsted.com\/fr\/wp-json\/wp\/v2\/pages\/5638\/revisions"}],"predecessor-version":[{"id":5639,"href":"https:\/\/www.amsted.com\/fr\/wp-json\/wp\/v2\/pages\/5638\/revisions\/5639"}],"wp:attachment":[{"href":"https:\/\/www.amsted.com\/fr\/wp-json\/wp\/v2\/media?parent=5638"}],"wp:term":[{"taxonomy":"search-category","embeddable":true,"href":"https:\/\/www.amsted.com\/fr\/wp-json\/wp\/v2\/search-category?post=5638"}],"curies":[{"name":"wp","href":"https:\/\/api.w.org\/{rel}","templated":true}]}}