{"id":5554,"date":"2022-06-02T02:35:12","date_gmt":"2022-06-02T02:35:12","guid":{"rendered":"https:\/\/live-amsted-industries.pantheonsite.io\/carrieres\/avantages\/"},"modified":"2022-09-15T18:06:54","modified_gmt":"2022-09-15T18:06:54","slug":"avantages","status":"publish","type":"page","link":"https:\/\/www.amsted.com\/fr\/carrieres\/avantages\/","title":{"rendered":"Avantages"},"content":{"rendered":"\t\t<div data-elementor-type=\"wp-page\" data-elementor-id=\"5554\" class=\"elementor elementor-5554 elementor-210\" data-elementor-post-type=\"page\">\n\t\t\t\t\t\t<section class=\"elementor-section elementor-top-section elementor-element elementor-element-0860ea9 elementor-section-boxed elementor-section-height-default elementor-section-height-default\" data-id=\"0860ea9\" data-element_type=\"section\" data-e-type=\"section\">\n\t\t\t\t\t\t<div class=\"elementor-container elementor-column-gap-default\">\n\t\t\t\t\t<div class=\"elementor-column elementor-col-100 elementor-top-column elementor-element elementor-element-fa36fa2\" data-id=\"fa36fa2\" data-element_type=\"column\" data-e-type=\"column\">\n\t\t\t<div class=\"elementor-widget-wrap elementor-element-populated\">\n\t\t\t\t\t\t<section class=\"elementor-section elementor-inner-section elementor-element elementor-element-c2085b0 elementor-section-boxed elementor-section-height-default elementor-section-height-default\" data-id=\"c2085b0\" data-element_type=\"section\" data-e-type=\"section\" data-settings=\"{&quot;background_background&quot;:&quot;video&quot;}\">\n\t\t\t\t\t\t<div class=\"elementor-container elementor-column-gap-default\">\n\t\t\t\t\t<div class=\"elementor-column elementor-col-50 elementor-inner-column elementor-element elementor-element-91f35f5\" data-id=\"91f35f5\" data-element_type=\"column\" data-e-type=\"column\">\n\t\t\t<div class=\"elementor-widget-wrap elementor-element-populated\">\n\t\t\t\t\t\t<div class=\"elementor-element elementor-element-03556aa elementor-widget elementor-widget-heading\" data-id=\"03556aa\" data-element_type=\"widget\" data-e-type=\"widget\" data-widget_type=\"heading.default\">\n\t\t\t\t<div class=\"elementor-widget-container\">\n\t\t\t\t\t<h1 class=\"elementor-heading-title elementor-size-default\">Avantages<\/h1>\t\t\t\t<\/div>\n\t\t\t\t<\/div>\n\t\t\t\t\t<\/div>\n\t\t<\/div>\n\t\t\t\t<div class=\"elementor-column elementor-col-50 elementor-inner-column elementor-element elementor-element-f7b1dcc\" data-id=\"f7b1dcc\" data-element_type=\"column\" data-e-type=\"column\">\n\t\t\t<div class=\"elementor-widget-wrap elementor-element-populated\">\n\t\t\t\t\t\t<div class=\"elementor-element elementor-element-1699d9c elementor-widget elementor-widget-text-editor\" data-id=\"1699d9c\" data-element_type=\"widget\" data-e-type=\"widget\" data-widget_type=\"text-editor.default\">\n\t\t\t\t<div class=\"elementor-widget-container\">\n\t\t\t\t\t\t\t\t\t<p><span style=\"font-weight: 400;\">Chez Amsted, notre personnel est notre principal atout. Gr\u00e2ce \u00e0 des salaires comp\u00e9titifs, des possibilit\u00e9s de d\u00e9veloppement de carri\u00e8re et un ensemble d&#8217;avantages sociaux solides, nous nous effor\u00e7ons d&#8217;\u00eatre un employeur de choix qui rend la pareille \u00e0 ses employ\u00e9s. <\/span><\/p>\n\t\t\t\t\t\t\t\t<\/div>\n\t\t\t\t<\/div>\n\t\t\t\t\t<\/div>\n\t\t<\/div>\n\t\t\t\t\t<\/div>\n\t\t<\/section>\n\t\t\t\t\t<\/div>\n\t\t<\/div>\n\t\t\t\t\t<\/div>\n\t\t<\/section>\n\t\t\t\t<section class=\"elementor-section elementor-top-section elementor-element elementor-element-6d3f0df elementor-section-full_width main-content elementor-section-height-default elementor-section-height-default\" data-id=\"6d3f0df\" data-element_type=\"section\" data-e-type=\"section\" data-settings=\"{&quot;background_background&quot;:&quot;classic&quot;}\">\n\t\t\t\t\t\t<div class=\"elementor-container elementor-column-gap-default\">\n\t\t\t\t\t<div class=\"elementor-column elementor-col-100 elementor-top-column elementor-element elementor-element-95a09ed\" data-id=\"95a09ed\" data-element_type=\"column\" data-e-type=\"column\">\n\t\t\t<div class=\"elementor-widget-wrap elementor-element-populated\">\n\t\t\t\t\t\t<section class=\"elementor-section elementor-inner-section elementor-element elementor-element-3dfb818 elementor-section-height-min-height elementor-section-boxed elementor-section-height-default\" data-id=\"3dfb818\" data-element_type=\"section\" data-e-type=\"section\">\n\t\t\t\t\t\t<div class=\"elementor-container elementor-column-gap-default\">\n\t\t\t\t\t<div class=\"elementor-column elementor-col-50 elementor-inner-column elementor-element elementor-element-943fce7\" data-id=\"943fce7\" data-element_type=\"column\" data-e-type=\"column\" data-settings=\"{&quot;background_background&quot;:&quot;classic&quot;}\">\n\t\t\t<div class=\"elementor-widget-wrap elementor-element-populated\">\n\t\t\t\t\t<div class=\"elementor-background-overlay\"><\/div>\n\t\t\t\t\t\t<div class=\"elementor-element elementor-element-8f1b831 elementor-invisible elementor-widget elementor-widget-text-editor\" data-id=\"8f1b831\" data-element_type=\"widget\" data-e-type=\"widget\" data-settings=\"{&quot;_animation&quot;:&quot;fadeIn&quot;,&quot;_animation_delay&quot;:300}\" data-widget_type=\"text-editor.default\">\n\t\t\t\t<div class=\"elementor-widget-container\">\n\t\t\t\t\t\t\t\t\t<ul>\n<li style=\"font-weight: 400;\" aria-level=\"1\"><span style=\"font-weight: 400;\">Programme d&#8217;actionnariat des employ\u00e9s financ\u00e9 \u00e0 100 % par l&#8217;entreprise.<\/span><\/li>\n<li style=\"font-weight: 400;\" aria-level=\"1\"><span style=\"font-weight: 400;\">Un ensemble d&#8217;avantages sociaux comp\u00e9titifs comprenant des soins m\u00e9dicaux, dentaires et de la vue.<\/span><\/li>\n<li style=\"font-weight: 400;\" aria-level=\"1\"><span style=\"font-weight: 400;\">Invalidit\u00e9 de courte dur\u00e9e pay\u00e9e \u00e0 100 % par l&#8217;entreprise.<\/span><\/li>\n<li style=\"font-weight: 400;\" aria-level=\"1\"><span style=\"font-weight: 400;\">Le programme 401K est assorti d&#8217;une contribution de l&#8217;employeur de 4 %.<\/span><\/li>\n<li style=\"font-weight: 400;\" aria-level=\"1\"><span style=\"font-weight: 400;\">Police d&#8217;assurance-vie pay\u00e9e par l&#8217;entreprise, 2x le salaire annuel<\/span><\/li>\n<li style=\"font-weight: 400;\" aria-level=\"1\"><span style=\"font-weight: 400;\">Remboursements des frais de sant\u00e9, de bien-\u00eatre et d&#8217;\u00e9ducation<\/span><\/li>\n<li style=\"font-weight: 400;\" aria-level=\"1\"><span style=\"font-weight: 400;\">Une contrepartie de 100 % sur vos dons de charit\u00e9<\/span><\/li>\n<li style=\"font-weight: 400;\" aria-level=\"1\"><span style=\"font-weight: 400;\">Possibilit\u00e9s de b\u00e9n\u00e9volat<\/span><\/li>\n<\/ul>\n\t\t\t\t\t\t\t\t<\/div>\n\t\t\t\t<\/div>\n\t\t\t\t\t<\/div>\n\t\t<\/div>\n\t\t\t\t<div class=\"elementor-column elementor-col-50 elementor-inner-column elementor-element elementor-element-fbf3b3c\" data-id=\"fbf3b3c\" data-element_type=\"column\" data-e-type=\"column\" data-settings=\"{&quot;background_background&quot;:&quot;classic&quot;}\">\n\t\t\t<div class=\"elementor-widget-wrap elementor-element-populated\">\n\t\t\t\t\t<div class=\"elementor-background-overlay\"><\/div>\n\t\t\t\t\t\t<div class=\"elementor-element elementor-element-bffd299 elementor-widget elementor-widget-spacer\" data-id=\"bffd299\" data-element_type=\"widget\" data-e-type=\"widget\" data-widget_type=\"spacer.default\">\n\t\t\t\t<div class=\"elementor-widget-container\">\n\t\t\t\t\t\t\t<div class=\"elementor-spacer\">\n\t\t\t<div class=\"elementor-spacer-inner\"><\/div>\n\t\t<\/div>\n\t\t\t\t\t\t<\/div>\n\t\t\t\t<\/div>\n\t\t\t\t\t<\/div>\n\t\t<\/div>\n\t\t\t\t\t<\/div>\n\t\t<\/section>\n\t\t\t\t\t<\/div>\n\t\t<\/div>\n\t\t\t\t\t<\/div>\n\t\t<\/section>\n\t\t\t\t<\/div>\n\t\t","protected":false},"excerpt":{"rendered":"<p>Avantages Chez Amsted, notre personnel est notre principal atout. Gr\u00e2ce \u00e0 des salaires comp\u00e9titifs, des possibilit\u00e9s de d\u00e9veloppement de carri\u00e8re et un ensemble d&#8217;avantages sociaux solides, nous nous effor\u00e7ons d&#8217;\u00eatre un employeur de choix qui rend la pareille \u00e0 ses employ\u00e9s. Programme d&#8217;actionnariat des employ\u00e9s financ\u00e9 \u00e0 100 % par l&#8217;entreprise. Un ensemble d&#8217;avantages sociaux [&hellip;]<\/p>\n","protected":false},"author":1,"featured_media":0,"parent":5550,"menu_order":0,"comment_status":"closed","ping_status":"closed","template":"","meta":{"_acf_changed":false,"footnotes":""},"search-category":[18],"class_list":["post-5554","page","type-page","status-publish","hentry","search-category-careers"],"acf":[],"yoast_head":"<!-- This site is optimized with the Yoast SEO plugin v27.2 - https:\/\/yoast.com\/product\/yoast-seo-wordpress\/ -->\n<title>Avantages - Amsted Industries<\/title>\n<meta name=\"robots\" content=\"index, follow, max-snippet:-1, max-image-preview:large, max-video-preview:-1\" \/>\n<link rel=\"canonical\" href=\"https:\/\/www.amsted.com\/fr\/carrieres\/avantages\/\" \/>\n<meta property=\"og:locale\" content=\"fr_FR\" \/>\n<meta property=\"og:type\" content=\"article\" \/>\n<meta property=\"og:title\" content=\"Avantages - Amsted Industries\" \/>\n<meta property=\"og:description\" content=\"Avantages Chez Amsted, notre personnel est notre principal atout. Gr\u00e2ce \u00e0 des salaires comp\u00e9titifs, des possibilit\u00e9s de d\u00e9veloppement de carri\u00e8re et un ensemble d&#8217;avantages sociaux solides, nous nous effor\u00e7ons d&#8217;\u00eatre un employeur de choix qui rend la pareille \u00e0 ses employ\u00e9s. Programme d&#8217;actionnariat des employ\u00e9s financ\u00e9 \u00e0 100 % par l&#8217;entreprise. Un ensemble d&#8217;avantages sociaux [&hellip;]\" \/>\n<meta property=\"og:url\" content=\"https:\/\/www.amsted.com\/fr\/carrieres\/avantages\/\" \/>\n<meta property=\"og:site_name\" content=\"Amsted Industries\" \/>\n<meta property=\"article:modified_time\" content=\"2022-09-15T18:06:54+00:00\" \/>\n<meta name=\"twitter:card\" content=\"summary_large_image\" \/>\n<meta name=\"twitter:label1\" content=\"Est. reading time\" \/>\n\t<meta name=\"twitter:data1\" content=\"1 minute\" \/>\n<script type=\"application\/ld+json\" class=\"yoast-schema-graph\">{\"@context\":\"https:\/\/schema.org\",\"@graph\":[{\"@type\":\"WebPage\",\"@id\":\"https:\/\/www.amsted.com\/fr\/carrieres\/avantages\/\",\"url\":\"https:\/\/www.amsted.com\/fr\/carrieres\/avantages\/\",\"name\":\"Avantages - Amsted Industries\",\"isPartOf\":{\"@id\":\"https:\/\/www.amsted.com\/fr\/#website\"},\"datePublished\":\"2022-06-02T02:35:12+00:00\",\"dateModified\":\"2022-09-15T18:06:54+00:00\",\"breadcrumb\":{\"@id\":\"https:\/\/www.amsted.com\/fr\/carrieres\/avantages\/#breadcrumb\"},\"inLanguage\":\"fr-FR\",\"potentialAction\":[{\"@type\":\"ReadAction\",\"target\":[\"https:\/\/www.amsted.com\/fr\/carrieres\/avantages\/\"]}]},{\"@type\":\"BreadcrumbList\",\"@id\":\"https:\/\/www.amsted.com\/fr\/carrieres\/avantages\/#breadcrumb\",\"itemListElement\":[{\"@type\":\"ListItem\",\"position\":1,\"name\":\"Home\",\"item\":\"https:\/\/www.amsted.com\/fr\/homepage\/\"},{\"@type\":\"ListItem\",\"position\":2,\"name\":\"Carri\u00e8res\",\"item\":\"https:\/\/www.amsted.com\/fr\/carrieres\/\"},{\"@type\":\"ListItem\",\"position\":3,\"name\":\"Avantages\"}]},{\"@type\":\"WebSite\",\"@id\":\"https:\/\/www.amsted.com\/fr\/#website\",\"url\":\"https:\/\/www.amsted.com\/fr\/\",\"name\":\"Amsted Industries\",\"description\":\"Just another WordPress site\",\"potentialAction\":[{\"@type\":\"SearchAction\",\"target\":{\"@type\":\"EntryPoint\",\"urlTemplate\":\"https:\/\/www.amsted.com\/fr\/?s={search_term_string}\"},\"query-input\":{\"@type\":\"PropertyValueSpecification\",\"valueRequired\":true,\"valueName\":\"search_term_string\"}}],\"inLanguage\":\"fr-FR\"}]}<\/script>\n<!-- \/ Yoast SEO plugin. -->","yoast_head_json":{"title":"Avantages - Amsted Industries","robots":{"index":"index","follow":"follow","max-snippet":"max-snippet:-1","max-image-preview":"max-image-preview:large","max-video-preview":"max-video-preview:-1"},"canonical":"https:\/\/www.amsted.com\/fr\/carrieres\/avantages\/","og_locale":"fr_FR","og_type":"article","og_title":"Avantages - Amsted Industries","og_description":"Avantages Chez Amsted, notre personnel est notre principal atout. Gr\u00e2ce \u00e0 des salaires comp\u00e9titifs, des possibilit\u00e9s de d\u00e9veloppement de carri\u00e8re et un ensemble d&#8217;avantages sociaux solides, nous nous effor\u00e7ons d&#8217;\u00eatre un employeur de choix qui rend la pareille \u00e0 ses employ\u00e9s. Programme d&#8217;actionnariat des employ\u00e9s financ\u00e9 \u00e0 100 % par l&#8217;entreprise. Un ensemble d&#8217;avantages sociaux [&hellip;]","og_url":"https:\/\/www.amsted.com\/fr\/carrieres\/avantages\/","og_site_name":"Amsted Industries","article_modified_time":"2022-09-15T18:06:54+00:00","twitter_card":"summary_large_image","twitter_misc":{"Est. reading time":"1 minute"},"schema":{"@context":"https:\/\/schema.org","@graph":[{"@type":"WebPage","@id":"https:\/\/www.amsted.com\/fr\/carrieres\/avantages\/","url":"https:\/\/www.amsted.com\/fr\/carrieres\/avantages\/","name":"Avantages - Amsted Industries","isPartOf":{"@id":"https:\/\/www.amsted.com\/fr\/#website"},"datePublished":"2022-06-02T02:35:12+00:00","dateModified":"2022-09-15T18:06:54+00:00","breadcrumb":{"@id":"https:\/\/www.amsted.com\/fr\/carrieres\/avantages\/#breadcrumb"},"inLanguage":"fr-FR","potentialAction":[{"@type":"ReadAction","target":["https:\/\/www.amsted.com\/fr\/carrieres\/avantages\/"]}]},{"@type":"BreadcrumbList","@id":"https:\/\/www.amsted.com\/fr\/carrieres\/avantages\/#breadcrumb","itemListElement":[{"@type":"ListItem","position":1,"name":"Home","item":"https:\/\/www.amsted.com\/fr\/homepage\/"},{"@type":"ListItem","position":2,"name":"Carri\u00e8res","item":"https:\/\/www.amsted.com\/fr\/carrieres\/"},{"@type":"ListItem","position":3,"name":"Avantages"}]},{"@type":"WebSite","@id":"https:\/\/www.amsted.com\/fr\/#website","url":"https:\/\/www.amsted.com\/fr\/","name":"Amsted Industries","description":"Just another WordPress site","potentialAction":[{"@type":"SearchAction","target":{"@type":"EntryPoint","urlTemplate":"https:\/\/www.amsted.com\/fr\/?s={search_term_string}"},"query-input":{"@type":"PropertyValueSpecification","valueRequired":true,"valueName":"search_term_string"}}],"inLanguage":"fr-FR"}]}},"_links":{"self":[{"href":"https:\/\/www.amsted.com\/fr\/wp-json\/wp\/v2\/pages\/5554","targetHints":{"allow":["GET"]}}],"collection":[{"href":"https:\/\/www.amsted.com\/fr\/wp-json\/wp\/v2\/pages"}],"about":[{"href":"https:\/\/www.amsted.com\/fr\/wp-json\/wp\/v2\/types\/page"}],"author":[{"embeddable":true,"href":"https:\/\/www.amsted.com\/fr\/wp-json\/wp\/v2\/users\/1"}],"replies":[{"embeddable":true,"href":"https:\/\/www.amsted.com\/fr\/wp-json\/wp\/v2\/comments?post=5554"}],"version-history":[{"count":1,"href":"https:\/\/www.amsted.com\/fr\/wp-json\/wp\/v2\/pages\/5554\/revisions"}],"predecessor-version":[{"id":5555,"href":"https:\/\/www.amsted.com\/fr\/wp-json\/wp\/v2\/pages\/5554\/revisions\/5555"}],"up":[{"embeddable":true,"href":"https:\/\/www.amsted.com\/fr\/wp-json\/wp\/v2\/pages\/5550"}],"wp:attachment":[{"href":"https:\/\/www.amsted.com\/fr\/wp-json\/wp\/v2\/media?parent=5554"}],"wp:term":[{"taxonomy":"search-category","embeddable":true,"href":"https:\/\/www.amsted.com\/fr\/wp-json\/wp\/v2\/search-category?post=5554"}],"curies":[{"name":"wp","href":"https:\/\/api.w.org\/{rel}","templated":true}]}}