{"id":5490,"date":"2022-06-13T22:46:18","date_gmt":"2022-06-13T22:46:18","guid":{"rendered":"https:\/\/live-amsted-industries.pantheonsite.io\/a-propos\/equipe-de-direction\/janet-joy\/"},"modified":"2022-09-15T17:24:17","modified_gmt":"2022-09-15T17:24:17","slug":"janet-joy","status":"publish","type":"page","link":"https:\/\/www.amsted.com\/fr\/a-propos\/equipe-de-direction\/janet-joy\/","title":{"rendered":"Janet Joy"},"content":{"rendered":"\t\t<div data-elementor-type=\"wp-page\" data-elementor-id=\"5490\" class=\"elementor elementor-5490 elementor-1273\" data-elementor-post-type=\"page\">\n\t\t\t\t\t\t<section class=\"elementor-section elementor-top-section elementor-element elementor-element-61fa3524 elementor-section-full_width elementor-section-height-default elementor-section-height-default\" data-id=\"61fa3524\" data-element_type=\"section\" data-e-type=\"section\">\n\t\t\t\t\t\t<div class=\"elementor-container elementor-column-gap-default\">\n\t\t\t\t\t<div class=\"elementor-column elementor-col-100 elementor-top-column elementor-element elementor-element-650b674b\" data-id=\"650b674b\" data-element_type=\"column\" data-e-type=\"column\">\n\t\t\t<div class=\"elementor-widget-wrap elementor-element-populated\">\n\t\t\t\t\t\t<section class=\"elementor-section elementor-inner-section elementor-element elementor-element-1150f057 elementor-reverse-mobile elementor-section-boxed elementor-section-height-default elementor-section-height-default\" data-id=\"1150f057\" data-element_type=\"section\" data-e-type=\"section\" data-settings=\"{&quot;background_background&quot;:&quot;video&quot;}\">\n\t\t\t\t\t\t<div class=\"elementor-container elementor-column-gap-default\">\n\t\t\t\t\t<div class=\"elementor-column elementor-col-50 elementor-inner-column elementor-element elementor-element-17e9c4fc\" data-id=\"17e9c4fc\" data-element_type=\"column\" data-e-type=\"column\">\n\t\t\t<div class=\"elementor-widget-wrap elementor-element-populated\">\n\t\t\t\t\t\t<div class=\"elementor-element elementor-element-5bb9dcf5 elementor-widget elementor-widget-heading\" data-id=\"5bb9dcf5\" data-element_type=\"widget\" data-e-type=\"widget\" data-widget_type=\"heading.default\">\n\t\t\t\t<div class=\"elementor-widget-container\">\n\t\t\t\t\t<h1 class=\"elementor-heading-title elementor-size-default\">Janet Joy<\/h1>\t\t\t\t<\/div>\n\t\t\t\t<\/div>\n\t\t\t\t<div class=\"elementor-element elementor-element-53bca52f elementor-widget elementor-widget-text-editor\" data-id=\"53bca52f\" data-element_type=\"widget\" data-e-type=\"widget\" data-widget_type=\"text-editor.default\">\n\t\t\t\t<div class=\"elementor-widget-container\">\n\t\t\t\t\t\t\t\t\t<p><strong>Directrice ex\u00e9cutive &#8211; Responsable de l&#8217;audit interne<\/strong><\/p>\n\t\t\t\t\t\t\t\t<\/div>\n\t\t\t\t<\/div>\n\t\t\t\t<div class=\"elementor-element elementor-element-55dfaa5 elementor-widget elementor-widget-text-editor\" data-id=\"55dfaa5\" data-element_type=\"widget\" data-e-type=\"widget\" data-widget_type=\"text-editor.default\">\n\t\t\t\t<div class=\"elementor-widget-container\">\n\t\t\t\t\t\t\t\t\t<p>Janet Joy est directrice ex\u00e9cutive &#8211; responsable de l&#8217;audit interne. Mme Joy a rejoint Amsted en 2011. Au cours de sa carri\u00e8re chez Amsted, elle a occup\u00e9 divers postes financiers, notamment ceux d&#8217;auditrice interne principale, de directrice principale de la comptabilit\u00e9 et des rapports financiers, de directrice de l&#8217;audit interne et de directrice de la gestion des risques. Avant de rejoindre Amsted, Mme Joy \u00e9tait associ\u00e9e principale en charge de l&#8217;audit chez RSM US, LLP \u00e0 Chicago, o\u00f9 elle s&#8217;occupait de clients du secteur manufacturier du march\u00e9 interm\u00e9diaire. Mme Joy est titulaire d&#8217;une licence en comptabilit\u00e9 de l&#8217;Universit\u00e9 de l&#8217;Illinois \u00e0 Urbana-Champaign.    <\/p>\n\t\t\t\t\t\t\t\t<\/div>\n\t\t\t\t<\/div>\n\t\t\t\t\t<\/div>\n\t\t<\/div>\n\t\t\t\t<div class=\"elementor-column elementor-col-50 elementor-inner-column elementor-element elementor-element-7e3acbc1\" data-id=\"7e3acbc1\" data-element_type=\"column\" data-e-type=\"column\">\n\t\t\t<div class=\"elementor-widget-wrap elementor-element-populated\">\n\t\t\t\t\t\t<div class=\"elementor-element elementor-element-66199169 elementor-widget elementor-widget-image\" data-id=\"66199169\" data-element_type=\"widget\" data-e-type=\"widget\" data-widget_type=\"image.default\">\n\t\t\t\t<div class=\"elementor-widget-container\">\n\t\t\t\t\t\t\t\t\t\t\t\t\t\t\t<img fetchpriority=\"high\" decoding=\"async\" width=\"738\" height=\"946\" src=\"https:\/\/www.amsted.com\/wp-content\/uploads\/2022\/06\/janet-joy.jpg\" class=\"attachment-full size-full wp-image-681\" alt=\"\" srcset=\"https:\/\/www.amsted.com\/wp-content\/uploads\/2022\/06\/janet-joy.jpg 738w, https:\/\/www.amsted.com\/wp-content\/uploads\/2022\/06\/janet-joy-234x300.jpg 234w\" sizes=\"(max-width: 738px) 100vw, 738px\" \/>\t\t\t\t\t\t\t\t\t\t\t\t\t\t\t<\/div>\n\t\t\t\t<\/div>\n\t\t\t\t\t<\/div>\n\t\t<\/div>\n\t\t\t\t\t<\/div>\n\t\t<\/section>\n\t\t\t\t\t<\/div>\n\t\t<\/div>\n\t\t\t\t\t<\/div>\n\t\t<\/section>\n\t\t\t\t<section class=\"elementor-section elementor-top-section elementor-element elementor-element-169f9918 elementor-section-boxed elementor-section-height-default elementor-section-height-default\" data-id=\"169f9918\" data-element_type=\"section\" data-e-type=\"section\" data-settings=\"{&quot;background_background&quot;:&quot;classic&quot;}\">\n\t\t\t\t\t\t<div class=\"elementor-container elementor-column-gap-default\">\n\t\t\t\t\t<div class=\"elementor-column elementor-col-100 elementor-top-column elementor-element elementor-element-348f9b8b\" data-id=\"348f9b8b\" data-element_type=\"column\" data-e-type=\"column\">\n\t\t\t<div class=\"elementor-widget-wrap elementor-element-populated\">\n\t\t\t\t\t\t<div class=\"elementor-element elementor-element-6a56d1a4 elementor-widget elementor-widget-shortcode\" data-id=\"6a56d1a4\" data-element_type=\"widget\" data-e-type=\"widget\" data-widget_type=\"shortcode.default\">\n\t\t\t\t<div class=\"elementor-widget-container\">\n\t\t\t\t\t\t\t<div class=\"elementor-shortcode\"><\/div>\n\t\t\t\t\t\t<\/div>\n\t\t\t\t<\/div>\n\t\t\t\t\t<\/div>\n\t\t<\/div>\n\t\t\t\t\t<\/div>\n\t\t<\/section>\n\t\t\t\t<\/div>\n\t\t","protected":false},"excerpt":{"rendered":"<p>Directrice ex\u00e9cutive &#8211; Responsable de l&#8217;audit interne Janet Joy est directrice ex\u00e9cutive &#8211; responsable de l&#8217;audit interne. Mme Joy a rejoint Amsted en 2011. Au cours de sa carri\u00e8re chez Amsted, elle a occup\u00e9 divers postes financiers, notamment ceux d&#8217;auditrice interne principale, de directrice principale de la comptabilit\u00e9 et des rapports financiers, de directrice de [&hellip;]<\/p>\n","protected":false},"author":1,"featured_media":0,"parent":5474,"menu_order":0,"comment_status":"closed","ping_status":"closed","template":"","meta":{"_acf_changed":false,"footnotes":""},"search-category":[16],"class_list":["post-5490","page","type-page","status-publish","hentry","search-category-about"],"acf":[],"yoast_head":"<!-- This site is optimized with the Yoast SEO plugin v27.2 - https:\/\/yoast.com\/product\/yoast-seo-wordpress\/ -->\n<title>Janet Joy - Amsted Industries<\/title>\n<meta name=\"robots\" content=\"index, follow, max-snippet:-1, max-image-preview:large, max-video-preview:-1\" \/>\n<link rel=\"canonical\" href=\"https:\/\/www.amsted.com\/fr\/a-propos\/equipe-de-direction\/janet-joy\/\" \/>\n<meta property=\"og:locale\" content=\"fr_FR\" \/>\n<meta property=\"og:type\" content=\"article\" \/>\n<meta property=\"og:title\" content=\"Janet Joy - Amsted Industries\" \/>\n<meta property=\"og:description\" content=\"Directrice ex\u00e9cutive &#8211; Responsable de l&#8217;audit interne Janet Joy est directrice ex\u00e9cutive &#8211; responsable de l&#8217;audit interne. Mme Joy a rejoint Amsted en 2011. Au cours de sa carri\u00e8re chez Amsted, elle a occup\u00e9 divers postes financiers, notamment ceux d&#8217;auditrice interne principale, de directrice principale de la comptabilit\u00e9 et des rapports financiers, de directrice de [&hellip;]\" \/>\n<meta property=\"og:url\" content=\"https:\/\/www.amsted.com\/fr\/a-propos\/equipe-de-direction\/janet-joy\/\" \/>\n<meta property=\"og:site_name\" content=\"Amsted Industries\" \/>\n<meta property=\"article:modified_time\" content=\"2022-09-15T17:24:17+00:00\" \/>\n<meta property=\"og:image\" content=\"https:\/\/live-amsted-industries.pantheonsite.io\/wp-content\/uploads\/2022\/06\/janet-joy.jpg\" \/>\n<meta name=\"twitter:card\" content=\"summary_large_image\" \/>\n<meta name=\"twitter:label1\" content=\"Est. reading time\" \/>\n\t<meta name=\"twitter:data1\" content=\"1 minute\" \/>\n<script type=\"application\/ld+json\" class=\"yoast-schema-graph\">{\"@context\":\"https:\/\/schema.org\",\"@graph\":[{\"@type\":\"WebPage\",\"@id\":\"https:\/\/www.amsted.com\/fr\/a-propos\/equipe-de-direction\/janet-joy\/\",\"url\":\"https:\/\/www.amsted.com\/fr\/a-propos\/equipe-de-direction\/janet-joy\/\",\"name\":\"Janet Joy - Amsted Industries\",\"isPartOf\":{\"@id\":\"https:\/\/www.amsted.com\/fr\/#website\"},\"primaryImageOfPage\":{\"@id\":\"https:\/\/www.amsted.com\/fr\/a-propos\/equipe-de-direction\/janet-joy\/#primaryimage\"},\"image\":{\"@id\":\"https:\/\/www.amsted.com\/fr\/a-propos\/equipe-de-direction\/janet-joy\/#primaryimage\"},\"thumbnailUrl\":\"https:\/\/live-amsted-industries.pantheonsite.io\/wp-content\/uploads\/2022\/06\/janet-joy.jpg\",\"datePublished\":\"2022-06-13T22:46:18+00:00\",\"dateModified\":\"2022-09-15T17:24:17+00:00\",\"breadcrumb\":{\"@id\":\"https:\/\/www.amsted.com\/fr\/a-propos\/equipe-de-direction\/janet-joy\/#breadcrumb\"},\"inLanguage\":\"fr-FR\",\"potentialAction\":[{\"@type\":\"ReadAction\",\"target\":[\"https:\/\/www.amsted.com\/fr\/a-propos\/equipe-de-direction\/janet-joy\/\"]}]},{\"@type\":\"ImageObject\",\"inLanguage\":\"fr-FR\",\"@id\":\"https:\/\/www.amsted.com\/fr\/a-propos\/equipe-de-direction\/janet-joy\/#primaryimage\",\"url\":\"https:\/\/live-amsted-industries.pantheonsite.io\/wp-content\/uploads\/2022\/06\/janet-joy.jpg\",\"contentUrl\":\"https:\/\/live-amsted-industries.pantheonsite.io\/wp-content\/uploads\/2022\/06\/janet-joy.jpg\"},{\"@type\":\"BreadcrumbList\",\"@id\":\"https:\/\/www.amsted.com\/fr\/a-propos\/equipe-de-direction\/janet-joy\/#breadcrumb\",\"itemListElement\":[{\"@type\":\"ListItem\",\"position\":1,\"name\":\"Home\",\"item\":\"https:\/\/www.amsted.com\/fr\/homepage\/\"},{\"@type\":\"ListItem\",\"position\":2,\"name\":\"\u00c0 propos\",\"item\":\"https:\/\/www.amsted.com\/fr\/a-propos\/\"},{\"@type\":\"ListItem\",\"position\":3,\"name\":\"\u00c9quipe de direction\",\"item\":\"https:\/\/www.amsted.com\/fr\/a-propos\/equipe-de-direction\/\"},{\"@type\":\"ListItem\",\"position\":4,\"name\":\"Janet Joy\"}]},{\"@type\":\"WebSite\",\"@id\":\"https:\/\/www.amsted.com\/fr\/#website\",\"url\":\"https:\/\/www.amsted.com\/fr\/\",\"name\":\"Amsted Industries\",\"description\":\"Just another WordPress site\",\"potentialAction\":[{\"@type\":\"SearchAction\",\"target\":{\"@type\":\"EntryPoint\",\"urlTemplate\":\"https:\/\/www.amsted.com\/fr\/?s={search_term_string}\"},\"query-input\":{\"@type\":\"PropertyValueSpecification\",\"valueRequired\":true,\"valueName\":\"search_term_string\"}}],\"inLanguage\":\"fr-FR\"}]}<\/script>\n<!-- \/ Yoast SEO plugin. -->","yoast_head_json":{"title":"Janet Joy - Amsted Industries","robots":{"index":"index","follow":"follow","max-snippet":"max-snippet:-1","max-image-preview":"max-image-preview:large","max-video-preview":"max-video-preview:-1"},"canonical":"https:\/\/www.amsted.com\/fr\/a-propos\/equipe-de-direction\/janet-joy\/","og_locale":"fr_FR","og_type":"article","og_title":"Janet Joy - Amsted Industries","og_description":"Directrice ex\u00e9cutive &#8211; Responsable de l&#8217;audit interne Janet Joy est directrice ex\u00e9cutive &#8211; responsable de l&#8217;audit interne. Mme Joy a rejoint Amsted en 2011. Au cours de sa carri\u00e8re chez Amsted, elle a occup\u00e9 divers postes financiers, notamment ceux d&#8217;auditrice interne principale, de directrice principale de la comptabilit\u00e9 et des rapports financiers, de directrice de [&hellip;]","og_url":"https:\/\/www.amsted.com\/fr\/a-propos\/equipe-de-direction\/janet-joy\/","og_site_name":"Amsted Industries","article_modified_time":"2022-09-15T17:24:17+00:00","og_image":[{"url":"https:\/\/live-amsted-industries.pantheonsite.io\/wp-content\/uploads\/2022\/06\/janet-joy.jpg","type":"","width":"","height":""}],"twitter_card":"summary_large_image","twitter_misc":{"Est. reading time":"1 minute"},"schema":{"@context":"https:\/\/schema.org","@graph":[{"@type":"WebPage","@id":"https:\/\/www.amsted.com\/fr\/a-propos\/equipe-de-direction\/janet-joy\/","url":"https:\/\/www.amsted.com\/fr\/a-propos\/equipe-de-direction\/janet-joy\/","name":"Janet Joy - Amsted Industries","isPartOf":{"@id":"https:\/\/www.amsted.com\/fr\/#website"},"primaryImageOfPage":{"@id":"https:\/\/www.amsted.com\/fr\/a-propos\/equipe-de-direction\/janet-joy\/#primaryimage"},"image":{"@id":"https:\/\/www.amsted.com\/fr\/a-propos\/equipe-de-direction\/janet-joy\/#primaryimage"},"thumbnailUrl":"https:\/\/live-amsted-industries.pantheonsite.io\/wp-content\/uploads\/2022\/06\/janet-joy.jpg","datePublished":"2022-06-13T22:46:18+00:00","dateModified":"2022-09-15T17:24:17+00:00","breadcrumb":{"@id":"https:\/\/www.amsted.com\/fr\/a-propos\/equipe-de-direction\/janet-joy\/#breadcrumb"},"inLanguage":"fr-FR","potentialAction":[{"@type":"ReadAction","target":["https:\/\/www.amsted.com\/fr\/a-propos\/equipe-de-direction\/janet-joy\/"]}]},{"@type":"ImageObject","inLanguage":"fr-FR","@id":"https:\/\/www.amsted.com\/fr\/a-propos\/equipe-de-direction\/janet-joy\/#primaryimage","url":"https:\/\/live-amsted-industries.pantheonsite.io\/wp-content\/uploads\/2022\/06\/janet-joy.jpg","contentUrl":"https:\/\/live-amsted-industries.pantheonsite.io\/wp-content\/uploads\/2022\/06\/janet-joy.jpg"},{"@type":"BreadcrumbList","@id":"https:\/\/www.amsted.com\/fr\/a-propos\/equipe-de-direction\/janet-joy\/#breadcrumb","itemListElement":[{"@type":"ListItem","position":1,"name":"Home","item":"https:\/\/www.amsted.com\/fr\/homepage\/"},{"@type":"ListItem","position":2,"name":"\u00c0 propos","item":"https:\/\/www.amsted.com\/fr\/a-propos\/"},{"@type":"ListItem","position":3,"name":"\u00c9quipe de direction","item":"https:\/\/www.amsted.com\/fr\/a-propos\/equipe-de-direction\/"},{"@type":"ListItem","position":4,"name":"Janet Joy"}]},{"@type":"WebSite","@id":"https:\/\/www.amsted.com\/fr\/#website","url":"https:\/\/www.amsted.com\/fr\/","name":"Amsted Industries","description":"Just another WordPress site","potentialAction":[{"@type":"SearchAction","target":{"@type":"EntryPoint","urlTemplate":"https:\/\/www.amsted.com\/fr\/?s={search_term_string}"},"query-input":{"@type":"PropertyValueSpecification","valueRequired":true,"valueName":"search_term_string"}}],"inLanguage":"fr-FR"}]}},"_links":{"self":[{"href":"https:\/\/www.amsted.com\/fr\/wp-json\/wp\/v2\/pages\/5490","targetHints":{"allow":["GET"]}}],"collection":[{"href":"https:\/\/www.amsted.com\/fr\/wp-json\/wp\/v2\/pages"}],"about":[{"href":"https:\/\/www.amsted.com\/fr\/wp-json\/wp\/v2\/types\/page"}],"author":[{"embeddable":true,"href":"https:\/\/www.amsted.com\/fr\/wp-json\/wp\/v2\/users\/1"}],"replies":[{"embeddable":true,"href":"https:\/\/www.amsted.com\/fr\/wp-json\/wp\/v2\/comments?post=5490"}],"version-history":[{"count":1,"href":"https:\/\/www.amsted.com\/fr\/wp-json\/wp\/v2\/pages\/5490\/revisions"}],"predecessor-version":[{"id":5491,"href":"https:\/\/www.amsted.com\/fr\/wp-json\/wp\/v2\/pages\/5490\/revisions\/5491"}],"up":[{"embeddable":true,"href":"https:\/\/www.amsted.com\/fr\/wp-json\/wp\/v2\/pages\/5474"}],"wp:attachment":[{"href":"https:\/\/www.amsted.com\/fr\/wp-json\/wp\/v2\/media?parent=5490"}],"wp:term":[{"taxonomy":"search-category","embeddable":true,"href":"https:\/\/www.amsted.com\/fr\/wp-json\/wp\/v2\/search-category?post=5490"}],"curies":[{"name":"wp","href":"https:\/\/api.w.org\/{rel}","templated":true}]}}