{"id":5482,"date":"2022-06-13T22:42:23","date_gmt":"2022-06-13T22:42:23","guid":{"rendered":"https:\/\/live-amsted-industries.pantheonsite.io\/a-propos\/equipe-de-direction\/christina-e-kmiec\/"},"modified":"2022-09-15T17:22:07","modified_gmt":"2022-09-15T17:22:07","slug":"christina-e-kmiec","status":"publish","type":"page","link":"https:\/\/www.amsted.com\/fr\/a-propos\/equipe-de-direction\/christina-e-kmiec\/","title":{"rendered":"Christina E. Kmiec"},"content":{"rendered":"\t\t<div data-elementor-type=\"wp-page\" data-elementor-id=\"5482\" class=\"elementor elementor-5482 elementor-1261\" data-elementor-post-type=\"page\">\n\t\t\t\t\t\t<section class=\"elementor-section elementor-top-section elementor-element elementor-element-10e3a79a elementor-section-full_width elementor-section-height-default elementor-section-height-default\" data-id=\"10e3a79a\" data-element_type=\"section\" data-e-type=\"section\">\n\t\t\t\t\t\t<div class=\"elementor-container elementor-column-gap-default\">\n\t\t\t\t\t<div class=\"elementor-column elementor-col-100 elementor-top-column elementor-element elementor-element-55bd76d3\" data-id=\"55bd76d3\" data-element_type=\"column\" data-e-type=\"column\">\n\t\t\t<div class=\"elementor-widget-wrap elementor-element-populated\">\n\t\t\t\t\t\t<section class=\"elementor-section elementor-inner-section elementor-element elementor-element-28dc2760 elementor-reverse-mobile elementor-section-boxed elementor-section-height-default elementor-section-height-default\" data-id=\"28dc2760\" data-element_type=\"section\" data-e-type=\"section\" data-settings=\"{&quot;background_background&quot;:&quot;video&quot;}\">\n\t\t\t\t\t\t<div class=\"elementor-container elementor-column-gap-default\">\n\t\t\t\t\t<div class=\"elementor-column elementor-col-50 elementor-inner-column elementor-element elementor-element-e5be2ca\" data-id=\"e5be2ca\" data-element_type=\"column\" data-e-type=\"column\">\n\t\t\t<div class=\"elementor-widget-wrap elementor-element-populated\">\n\t\t\t\t\t\t<div class=\"elementor-element elementor-element-4c1f3624 elementor-widget elementor-widget-heading\" data-id=\"4c1f3624\" data-element_type=\"widget\" data-e-type=\"widget\" data-widget_type=\"heading.default\">\n\t\t\t\t<div class=\"elementor-widget-container\">\n\t\t\t\t\t<h1 class=\"elementor-heading-title elementor-size-default\">Christina E. Kmiec<\/h1>\t\t\t\t<\/div>\n\t\t\t\t<\/div>\n\t\t\t\t<div class=\"elementor-element elementor-element-38b9881d elementor-widget elementor-widget-text-editor\" data-id=\"38b9881d\" data-element_type=\"widget\" data-e-type=\"widget\" data-widget_type=\"text-editor.default\">\n\t\t\t\t<div class=\"elementor-widget-container\">\n\t\t\t\t\t\t\t\t\t<p><strong>Tr\u00e9sori\u00e8re<\/strong><\/p>\n\t\t\t\t\t\t\t\t<\/div>\n\t\t\t\t<\/div>\n\t\t\t\t<div class=\"elementor-element elementor-element-6d4d4da7 elementor-widget elementor-widget-text-editor\" data-id=\"6d4d4da7\" data-element_type=\"widget\" data-e-type=\"widget\" data-widget_type=\"text-editor.default\">\n\t\t\t\t<div class=\"elementor-widget-container\">\n\t\t\t\t\t\t\t\t\t<p>Christina Kmiec est la tr\u00e9sori\u00e8re d&#8217;Amsted Industries. Mme Kmiec a rejoint Amsted en 2004 et \u00e9tait derni\u00e8rement vice-pr\u00e9sidente &#8211; Finances internationales et planification strat\u00e9gique chez Amsted Rail. Mme Kmiec a occup\u00e9 de nombreux postes chez Amsted et Amsted Rail dans les domaines de la planification et de l&#8217;analyse financi\u00e8res, des finances d&#8217;entreprise, de la tr\u00e9sorerie, des achats et du d\u00e9veloppement commercial. Avant de rejoindre Amsted, Mme Kmiec \u00e9tait analyste financi\u00e8re principale chez Aon Corporation. Mme Kmiec est titulaire d&#8217;un baccalaur\u00e9at en administration des affaires (finances) de l&#8217;Universit\u00e9 de l&#8217;Illinois \u00e0 Urbana-Champaign et d&#8217;une ma\u00eetrise en administration des affaires de l&#8217;Universit\u00e9 DePaul.    <\/p>\n\t\t\t\t\t\t\t\t<\/div>\n\t\t\t\t<\/div>\n\t\t\t\t\t<\/div>\n\t\t<\/div>\n\t\t\t\t<div class=\"elementor-column elementor-col-50 elementor-inner-column elementor-element elementor-element-8e28b9a\" data-id=\"8e28b9a\" data-element_type=\"column\" data-e-type=\"column\">\n\t\t\t<div class=\"elementor-widget-wrap elementor-element-populated\">\n\t\t\t\t\t\t<div class=\"elementor-element elementor-element-54f8bf5d elementor-widget elementor-widget-image\" data-id=\"54f8bf5d\" data-element_type=\"widget\" data-e-type=\"widget\" data-widget_type=\"image.default\">\n\t\t\t\t<div class=\"elementor-widget-container\">\n\t\t\t\t\t\t\t\t\t\t\t\t\t\t\t<img fetchpriority=\"high\" decoding=\"async\" width=\"738\" height=\"946\" src=\"https:\/\/www.amsted.com\/wp-content\/uploads\/2022\/06\/christina-k.jpg\" class=\"attachment-full size-full wp-image-680\" alt=\"\" srcset=\"https:\/\/www.amsted.com\/wp-content\/uploads\/2022\/06\/christina-k.jpg 738w, https:\/\/www.amsted.com\/wp-content\/uploads\/2022\/06\/christina-k-234x300.jpg 234w\" sizes=\"(max-width: 738px) 100vw, 738px\" \/>\t\t\t\t\t\t\t\t\t\t\t\t\t\t\t<\/div>\n\t\t\t\t<\/div>\n\t\t\t\t\t<\/div>\n\t\t<\/div>\n\t\t\t\t\t<\/div>\n\t\t<\/section>\n\t\t\t\t\t<\/div>\n\t\t<\/div>\n\t\t\t\t\t<\/div>\n\t\t<\/section>\n\t\t\t\t<section class=\"elementor-section elementor-top-section elementor-element elementor-element-7e57de86 elementor-section-boxed elementor-section-height-default elementor-section-height-default\" data-id=\"7e57de86\" data-element_type=\"section\" data-e-type=\"section\" data-settings=\"{&quot;background_background&quot;:&quot;classic&quot;}\">\n\t\t\t\t\t\t<div class=\"elementor-container elementor-column-gap-default\">\n\t\t\t\t\t<div class=\"elementor-column elementor-col-100 elementor-top-column elementor-element elementor-element-668d2484\" data-id=\"668d2484\" data-element_type=\"column\" data-e-type=\"column\">\n\t\t\t<div class=\"elementor-widget-wrap elementor-element-populated\">\n\t\t\t\t\t\t<div class=\"elementor-element elementor-element-2711ac65 elementor-widget elementor-widget-shortcode\" data-id=\"2711ac65\" data-element_type=\"widget\" data-e-type=\"widget\" data-widget_type=\"shortcode.default\">\n\t\t\t\t<div class=\"elementor-widget-container\">\n\t\t\t\t\t\t\t<div class=\"elementor-shortcode\"><\/div>\n\t\t\t\t\t\t<\/div>\n\t\t\t\t<\/div>\n\t\t\t\t\t<\/div>\n\t\t<\/div>\n\t\t\t\t\t<\/div>\n\t\t<\/section>\n\t\t\t\t<\/div>\n\t\t","protected":false},"excerpt":{"rendered":"<p>Tr\u00e9sori\u00e8re Christina Kmiec est la tr\u00e9sori\u00e8re d&#8217;Amsted Industries. Mme Kmiec a rejoint Amsted en 2004 et \u00e9tait derni\u00e8rement vice-pr\u00e9sidente &#8211; Finances internationales et planification strat\u00e9gique chez Amsted Rail. Mme Kmiec a occup\u00e9 de nombreux postes chez Amsted et Amsted Rail dans les domaines de la planification et de l&#8217;analyse financi\u00e8res, des finances d&#8217;entreprise, de la [&hellip;]<\/p>\n","protected":false},"author":1,"featured_media":0,"parent":5474,"menu_order":0,"comment_status":"closed","ping_status":"closed","template":"","meta":{"_acf_changed":false,"footnotes":""},"search-category":[16],"class_list":["post-5482","page","type-page","status-publish","hentry","search-category-about"],"acf":[],"yoast_head":"<!-- This site is optimized with the Yoast SEO plugin v27.2 - https:\/\/yoast.com\/product\/yoast-seo-wordpress\/ -->\n<title>Christina E. Kmiec - Amsted Industries<\/title>\n<meta name=\"robots\" content=\"index, follow, max-snippet:-1, max-image-preview:large, max-video-preview:-1\" \/>\n<link rel=\"canonical\" href=\"https:\/\/www.amsted.com\/fr\/a-propos\/equipe-de-direction\/christina-e-kmiec\/\" \/>\n<meta property=\"og:locale\" content=\"fr_FR\" \/>\n<meta property=\"og:type\" content=\"article\" \/>\n<meta property=\"og:title\" content=\"Christina E. Kmiec - Amsted Industries\" \/>\n<meta property=\"og:description\" content=\"Tr\u00e9sori\u00e8re Christina Kmiec est la tr\u00e9sori\u00e8re d&#8217;Amsted Industries. Mme Kmiec a rejoint Amsted en 2004 et \u00e9tait derni\u00e8rement vice-pr\u00e9sidente &#8211; Finances internationales et planification strat\u00e9gique chez Amsted Rail. Mme Kmiec a occup\u00e9 de nombreux postes chez Amsted et Amsted Rail dans les domaines de la planification et de l&#8217;analyse financi\u00e8res, des finances d&#8217;entreprise, de la [&hellip;]\" \/>\n<meta property=\"og:url\" content=\"https:\/\/www.amsted.com\/fr\/a-propos\/equipe-de-direction\/christina-e-kmiec\/\" \/>\n<meta property=\"og:site_name\" content=\"Amsted Industries\" \/>\n<meta property=\"article:modified_time\" content=\"2022-09-15T17:22:07+00:00\" \/>\n<meta property=\"og:image\" content=\"https:\/\/live-amsted-industries.pantheonsite.io\/wp-content\/uploads\/2022\/06\/christina-k.jpg\" \/>\n<meta name=\"twitter:card\" content=\"summary_large_image\" \/>\n<meta name=\"twitter:label1\" content=\"Est. reading time\" \/>\n\t<meta name=\"twitter:data1\" content=\"1 minute\" \/>\n<script type=\"application\/ld+json\" class=\"yoast-schema-graph\">{\"@context\":\"https:\/\/schema.org\",\"@graph\":[{\"@type\":\"WebPage\",\"@id\":\"https:\/\/www.amsted.com\/fr\/a-propos\/equipe-de-direction\/christina-e-kmiec\/\",\"url\":\"https:\/\/www.amsted.com\/fr\/a-propos\/equipe-de-direction\/christina-e-kmiec\/\",\"name\":\"Christina E. Kmiec - Amsted Industries\",\"isPartOf\":{\"@id\":\"https:\/\/www.amsted.com\/fr\/#website\"},\"primaryImageOfPage\":{\"@id\":\"https:\/\/www.amsted.com\/fr\/a-propos\/equipe-de-direction\/christina-e-kmiec\/#primaryimage\"},\"image\":{\"@id\":\"https:\/\/www.amsted.com\/fr\/a-propos\/equipe-de-direction\/christina-e-kmiec\/#primaryimage\"},\"thumbnailUrl\":\"https:\/\/live-amsted-industries.pantheonsite.io\/wp-content\/uploads\/2022\/06\/christina-k.jpg\",\"datePublished\":\"2022-06-13T22:42:23+00:00\",\"dateModified\":\"2022-09-15T17:22:07+00:00\",\"breadcrumb\":{\"@id\":\"https:\/\/www.amsted.com\/fr\/a-propos\/equipe-de-direction\/christina-e-kmiec\/#breadcrumb\"},\"inLanguage\":\"fr-FR\",\"potentialAction\":[{\"@type\":\"ReadAction\",\"target\":[\"https:\/\/www.amsted.com\/fr\/a-propos\/equipe-de-direction\/christina-e-kmiec\/\"]}]},{\"@type\":\"ImageObject\",\"inLanguage\":\"fr-FR\",\"@id\":\"https:\/\/www.amsted.com\/fr\/a-propos\/equipe-de-direction\/christina-e-kmiec\/#primaryimage\",\"url\":\"https:\/\/live-amsted-industries.pantheonsite.io\/wp-content\/uploads\/2022\/06\/christina-k.jpg\",\"contentUrl\":\"https:\/\/live-amsted-industries.pantheonsite.io\/wp-content\/uploads\/2022\/06\/christina-k.jpg\"},{\"@type\":\"BreadcrumbList\",\"@id\":\"https:\/\/www.amsted.com\/fr\/a-propos\/equipe-de-direction\/christina-e-kmiec\/#breadcrumb\",\"itemListElement\":[{\"@type\":\"ListItem\",\"position\":1,\"name\":\"Home\",\"item\":\"https:\/\/www.amsted.com\/fr\/homepage\/\"},{\"@type\":\"ListItem\",\"position\":2,\"name\":\"\u00c0 propos\",\"item\":\"https:\/\/www.amsted.com\/fr\/a-propos\/\"},{\"@type\":\"ListItem\",\"position\":3,\"name\":\"\u00c9quipe de direction\",\"item\":\"https:\/\/www.amsted.com\/fr\/a-propos\/equipe-de-direction\/\"},{\"@type\":\"ListItem\",\"position\":4,\"name\":\"Christina E. Kmiec\"}]},{\"@type\":\"WebSite\",\"@id\":\"https:\/\/www.amsted.com\/fr\/#website\",\"url\":\"https:\/\/www.amsted.com\/fr\/\",\"name\":\"Amsted Industries\",\"description\":\"Just another WordPress site\",\"potentialAction\":[{\"@type\":\"SearchAction\",\"target\":{\"@type\":\"EntryPoint\",\"urlTemplate\":\"https:\/\/www.amsted.com\/fr\/?s={search_term_string}\"},\"query-input\":{\"@type\":\"PropertyValueSpecification\",\"valueRequired\":true,\"valueName\":\"search_term_string\"}}],\"inLanguage\":\"fr-FR\"}]}<\/script>\n<!-- \/ Yoast SEO plugin. -->","yoast_head_json":{"title":"Christina E. Kmiec - Amsted Industries","robots":{"index":"index","follow":"follow","max-snippet":"max-snippet:-1","max-image-preview":"max-image-preview:large","max-video-preview":"max-video-preview:-1"},"canonical":"https:\/\/www.amsted.com\/fr\/a-propos\/equipe-de-direction\/christina-e-kmiec\/","og_locale":"fr_FR","og_type":"article","og_title":"Christina E. Kmiec - Amsted Industries","og_description":"Tr\u00e9sori\u00e8re Christina Kmiec est la tr\u00e9sori\u00e8re d&#8217;Amsted Industries. Mme Kmiec a rejoint Amsted en 2004 et \u00e9tait derni\u00e8rement vice-pr\u00e9sidente &#8211; Finances internationales et planification strat\u00e9gique chez Amsted Rail. Mme Kmiec a occup\u00e9 de nombreux postes chez Amsted et Amsted Rail dans les domaines de la planification et de l&#8217;analyse financi\u00e8res, des finances d&#8217;entreprise, de la [&hellip;]","og_url":"https:\/\/www.amsted.com\/fr\/a-propos\/equipe-de-direction\/christina-e-kmiec\/","og_site_name":"Amsted Industries","article_modified_time":"2022-09-15T17:22:07+00:00","og_image":[{"url":"https:\/\/live-amsted-industries.pantheonsite.io\/wp-content\/uploads\/2022\/06\/christina-k.jpg","type":"","width":"","height":""}],"twitter_card":"summary_large_image","twitter_misc":{"Est. reading time":"1 minute"},"schema":{"@context":"https:\/\/schema.org","@graph":[{"@type":"WebPage","@id":"https:\/\/www.amsted.com\/fr\/a-propos\/equipe-de-direction\/christina-e-kmiec\/","url":"https:\/\/www.amsted.com\/fr\/a-propos\/equipe-de-direction\/christina-e-kmiec\/","name":"Christina E. Kmiec - Amsted Industries","isPartOf":{"@id":"https:\/\/www.amsted.com\/fr\/#website"},"primaryImageOfPage":{"@id":"https:\/\/www.amsted.com\/fr\/a-propos\/equipe-de-direction\/christina-e-kmiec\/#primaryimage"},"image":{"@id":"https:\/\/www.amsted.com\/fr\/a-propos\/equipe-de-direction\/christina-e-kmiec\/#primaryimage"},"thumbnailUrl":"https:\/\/live-amsted-industries.pantheonsite.io\/wp-content\/uploads\/2022\/06\/christina-k.jpg","datePublished":"2022-06-13T22:42:23+00:00","dateModified":"2022-09-15T17:22:07+00:00","breadcrumb":{"@id":"https:\/\/www.amsted.com\/fr\/a-propos\/equipe-de-direction\/christina-e-kmiec\/#breadcrumb"},"inLanguage":"fr-FR","potentialAction":[{"@type":"ReadAction","target":["https:\/\/www.amsted.com\/fr\/a-propos\/equipe-de-direction\/christina-e-kmiec\/"]}]},{"@type":"ImageObject","inLanguage":"fr-FR","@id":"https:\/\/www.amsted.com\/fr\/a-propos\/equipe-de-direction\/christina-e-kmiec\/#primaryimage","url":"https:\/\/live-amsted-industries.pantheonsite.io\/wp-content\/uploads\/2022\/06\/christina-k.jpg","contentUrl":"https:\/\/live-amsted-industries.pantheonsite.io\/wp-content\/uploads\/2022\/06\/christina-k.jpg"},{"@type":"BreadcrumbList","@id":"https:\/\/www.amsted.com\/fr\/a-propos\/equipe-de-direction\/christina-e-kmiec\/#breadcrumb","itemListElement":[{"@type":"ListItem","position":1,"name":"Home","item":"https:\/\/www.amsted.com\/fr\/homepage\/"},{"@type":"ListItem","position":2,"name":"\u00c0 propos","item":"https:\/\/www.amsted.com\/fr\/a-propos\/"},{"@type":"ListItem","position":3,"name":"\u00c9quipe de direction","item":"https:\/\/www.amsted.com\/fr\/a-propos\/equipe-de-direction\/"},{"@type":"ListItem","position":4,"name":"Christina E. Kmiec"}]},{"@type":"WebSite","@id":"https:\/\/www.amsted.com\/fr\/#website","url":"https:\/\/www.amsted.com\/fr\/","name":"Amsted Industries","description":"Just another WordPress site","potentialAction":[{"@type":"SearchAction","target":{"@type":"EntryPoint","urlTemplate":"https:\/\/www.amsted.com\/fr\/?s={search_term_string}"},"query-input":{"@type":"PropertyValueSpecification","valueRequired":true,"valueName":"search_term_string"}}],"inLanguage":"fr-FR"}]}},"_links":{"self":[{"href":"https:\/\/www.amsted.com\/fr\/wp-json\/wp\/v2\/pages\/5482","targetHints":{"allow":["GET"]}}],"collection":[{"href":"https:\/\/www.amsted.com\/fr\/wp-json\/wp\/v2\/pages"}],"about":[{"href":"https:\/\/www.amsted.com\/fr\/wp-json\/wp\/v2\/types\/page"}],"author":[{"embeddable":true,"href":"https:\/\/www.amsted.com\/fr\/wp-json\/wp\/v2\/users\/1"}],"replies":[{"embeddable":true,"href":"https:\/\/www.amsted.com\/fr\/wp-json\/wp\/v2\/comments?post=5482"}],"version-history":[{"count":1,"href":"https:\/\/www.amsted.com\/fr\/wp-json\/wp\/v2\/pages\/5482\/revisions"}],"predecessor-version":[{"id":5483,"href":"https:\/\/www.amsted.com\/fr\/wp-json\/wp\/v2\/pages\/5482\/revisions\/5483"}],"up":[{"embeddable":true,"href":"https:\/\/www.amsted.com\/fr\/wp-json\/wp\/v2\/pages\/5474"}],"wp:attachment":[{"href":"https:\/\/www.amsted.com\/fr\/wp-json\/wp\/v2\/media?parent=5482"}],"wp:term":[{"taxonomy":"search-category","embeddable":true,"href":"https:\/\/www.amsted.com\/fr\/wp-json\/wp\/v2\/search-category?post=5482"}],"curies":[{"name":"wp","href":"https:\/\/api.w.org\/{rel}","templated":true}]}}