{"id":5476,"date":"2022-06-13T22:44:54","date_gmt":"2022-06-13T22:44:54","guid":{"rendered":"https:\/\/live-amsted-industries.pantheonsite.io\/a-propos\/equipe-de-direction\/annette-m-oconnor\/"},"modified":"2022-09-25T11:58:12","modified_gmt":"2022-09-25T11:58:12","slug":"annette-m-oconnor","status":"publish","type":"page","link":"https:\/\/www.amsted.com\/fr\/a-propos\/equipe-de-direction\/annette-m-oconnor\/","title":{"rendered":"Annette O\u2019Connor"},"content":{"rendered":"\t\t<div data-elementor-type=\"wp-page\" data-elementor-id=\"5476\" class=\"elementor elementor-5476 elementor-1267\" data-elementor-post-type=\"page\">\n\t\t\t\t\t\t<section class=\"elementor-section elementor-top-section elementor-element elementor-element-4c8f0071 elementor-section-full_width elementor-section-height-default elementor-section-height-default\" data-id=\"4c8f0071\" data-element_type=\"section\" data-e-type=\"section\">\n\t\t\t\t\t\t<div class=\"elementor-container elementor-column-gap-default\">\n\t\t\t\t\t<div class=\"elementor-column elementor-col-100 elementor-top-column elementor-element elementor-element-35509b71\" data-id=\"35509b71\" data-element_type=\"column\" data-e-type=\"column\">\n\t\t\t<div class=\"elementor-widget-wrap elementor-element-populated\">\n\t\t\t\t\t\t<section class=\"elementor-section elementor-inner-section elementor-element elementor-element-2acd0ccf elementor-reverse-mobile elementor-section-boxed elementor-section-height-default elementor-section-height-default\" data-id=\"2acd0ccf\" data-element_type=\"section\" data-e-type=\"section\" data-settings=\"{&quot;background_background&quot;:&quot;video&quot;}\">\n\t\t\t\t\t\t<div class=\"elementor-container elementor-column-gap-default\">\n\t\t\t\t\t<div class=\"elementor-column elementor-col-50 elementor-inner-column elementor-element elementor-element-3afe480f\" data-id=\"3afe480f\" data-element_type=\"column\" data-e-type=\"column\">\n\t\t\t<div class=\"elementor-widget-wrap elementor-element-populated\">\n\t\t\t\t\t\t<div class=\"elementor-element elementor-element-43fcea77 elementor-widget elementor-widget-heading\" data-id=\"43fcea77\" data-element_type=\"widget\" data-e-type=\"widget\" data-widget_type=\"heading.default\">\n\t\t\t\t<div class=\"elementor-widget-container\">\n\t\t\t\t\t<h1 class=\"elementor-heading-title elementor-size-default\">Annette O\u2019Connor<\/h1>\t\t\t\t<\/div>\n\t\t\t\t<\/div>\n\t\t\t\t<div class=\"elementor-element elementor-element-9b7b0b6 elementor-widget elementor-widget-text-editor\" data-id=\"9b7b0b6\" data-element_type=\"widget\" data-e-type=\"widget\" data-widget_type=\"text-editor.default\">\n\t\t\t\t<div class=\"elementor-widget-container\">\n\t\t\t\t\t\t\t\t\t<p><strong>Contr\u00f4leur<\/strong><\/p>\n\t\t\t\t\t\t\t\t<\/div>\n\t\t\t\t<\/div>\n\t\t\t\t<div class=\"elementor-element elementor-element-33d9f4a8 elementor-widget elementor-widget-text-editor\" data-id=\"33d9f4a8\" data-element_type=\"widget\" data-e-type=\"widget\" data-widget_type=\"text-editor.default\">\n\t\t\t\t<div class=\"elementor-widget-container\">\n\t\t\t\t\t\t\t\t\t<p>Annette O&#8217;Connor est contr\u00f4leur d&#8217;entreprise. Mme O&#8217;Connor a rejoint Amsted en 2018. Mme O&#8217;Connor arrive \u00e0 Amsted apr\u00e8s avoir travaill\u00e9 pour RR Donnelley &amp; Sons Company \u00e0 Chicago, o\u00f9 elle \u00e9tait vice-pr\u00e9sidente des finances, responsable de l&#8217;audit interne. Au cours de son mandat chez RR Donnelley, elle a progress\u00e9 dans divers r\u00f4les financiers, notamment dans les domaines des relations avec les investisseurs, de la planification et de l&#8217;analyse financi\u00e8res et des finances op\u00e9rationnelles. Annette a commenc\u00e9 sa carri\u00e8re de comptable chez Ernst &amp; Young LLP, puis est pass\u00e9e chez McDonald&#8217;s et Follett Corporation avant de poursuivre une carri\u00e8re r\u00e9ussie chez RR Donnelley. Mme O&#8217;Connor a obtenu une licence en comptabilit\u00e9 \u00e0 l&#8217;universit\u00e9 de Notre Dame et est \u00e9galement expert-comptable.     <\/p>\n\t\t\t\t\t\t\t\t<\/div>\n\t\t\t\t<\/div>\n\t\t\t\t\t<\/div>\n\t\t<\/div>\n\t\t\t\t<div class=\"elementor-column elementor-col-50 elementor-inner-column elementor-element elementor-element-7f293bbc\" data-id=\"7f293bbc\" data-element_type=\"column\" data-e-type=\"column\">\n\t\t\t<div class=\"elementor-widget-wrap elementor-element-populated\">\n\t\t\t\t\t\t<div class=\"elementor-element elementor-element-14415ed0 elementor-widget elementor-widget-image\" data-id=\"14415ed0\" data-element_type=\"widget\" data-e-type=\"widget\" data-widget_type=\"image.default\">\n\t\t\t\t<div class=\"elementor-widget-container\">\n\t\t\t\t\t\t\t\t\t\t\t\t\t\t\t<img fetchpriority=\"high\" decoding=\"async\" width=\"738\" height=\"946\" src=\"https:\/\/www.amsted.com\/wp-content\/uploads\/2022\/06\/anette-oconnor.jpg\" class=\"attachment-full size-full wp-image-679\" alt=\"\" srcset=\"https:\/\/www.amsted.com\/wp-content\/uploads\/2022\/06\/anette-oconnor.jpg 738w, https:\/\/www.amsted.com\/wp-content\/uploads\/2022\/06\/anette-oconnor-234x300.jpg 234w\" sizes=\"(max-width: 738px) 100vw, 738px\" \/>\t\t\t\t\t\t\t\t\t\t\t\t\t\t\t<\/div>\n\t\t\t\t<\/div>\n\t\t\t\t\t<\/div>\n\t\t<\/div>\n\t\t\t\t\t<\/div>\n\t\t<\/section>\n\t\t\t\t\t<\/div>\n\t\t<\/div>\n\t\t\t\t\t<\/div>\n\t\t<\/section>\n\t\t\t\t<section class=\"elementor-section elementor-top-section elementor-element elementor-element-19f06fc4 elementor-section-boxed elementor-section-height-default elementor-section-height-default\" data-id=\"19f06fc4\" data-element_type=\"section\" data-e-type=\"section\" data-settings=\"{&quot;background_background&quot;:&quot;classic&quot;}\">\n\t\t\t\t\t\t<div class=\"elementor-container elementor-column-gap-default\">\n\t\t\t\t\t<div class=\"elementor-column elementor-col-100 elementor-top-column elementor-element elementor-element-3e06bca9\" data-id=\"3e06bca9\" data-element_type=\"column\" data-e-type=\"column\">\n\t\t\t<div class=\"elementor-widget-wrap elementor-element-populated\">\n\t\t\t\t\t\t<div class=\"elementor-element elementor-element-433d7e20 elementor-widget elementor-widget-shortcode\" data-id=\"433d7e20\" data-element_type=\"widget\" data-e-type=\"widget\" data-widget_type=\"shortcode.default\">\n\t\t\t\t<div class=\"elementor-widget-container\">\n\t\t\t\t\t\t\t<div class=\"elementor-shortcode\"><\/div>\n\t\t\t\t\t\t<\/div>\n\t\t\t\t<\/div>\n\t\t\t\t\t<\/div>\n\t\t<\/div>\n\t\t\t\t\t<\/div>\n\t\t<\/section>\n\t\t\t\t<\/div>\n\t\t","protected":false},"excerpt":{"rendered":"<p>Contr\u00f4leur Annette O&#8217;Connor est contr\u00f4leur d&#8217;entreprise. Mme O&#8217;Connor a rejoint Amsted en 2018. Mme O&#8217;Connor arrive \u00e0 Amsted apr\u00e8s avoir travaill\u00e9 pour RR Donnelley &amp; Sons Company \u00e0 Chicago, o\u00f9 elle \u00e9tait vice-pr\u00e9sidente des finances, responsable de l&#8217;audit interne. Au cours de son mandat chez RR Donnelley, elle a progress\u00e9 dans divers r\u00f4les financiers, notamment [&hellip;]<\/p>\n","protected":false},"author":1,"featured_media":0,"parent":5474,"menu_order":0,"comment_status":"closed","ping_status":"closed","template":"","meta":{"_acf_changed":false,"footnotes":""},"search-category":[16],"class_list":["post-5476","page","type-page","status-publish","hentry","search-category-about"],"acf":[],"yoast_head":"<!-- This site is optimized with the Yoast SEO plugin v27.2 - https:\/\/yoast.com\/product\/yoast-seo-wordpress\/ -->\n<title>Annette O\u2019Connor - Amsted Industries<\/title>\n<meta name=\"robots\" content=\"index, follow, max-snippet:-1, max-image-preview:large, max-video-preview:-1\" \/>\n<link rel=\"canonical\" href=\"https:\/\/www.amsted.com\/fr\/a-propos\/equipe-de-direction\/annette-m-oconnor\/\" \/>\n<meta property=\"og:locale\" content=\"fr_FR\" \/>\n<meta property=\"og:type\" content=\"article\" \/>\n<meta property=\"og:title\" content=\"Annette O\u2019Connor - Amsted Industries\" \/>\n<meta property=\"og:description\" content=\"Contr\u00f4leur Annette O&#8217;Connor est contr\u00f4leur d&#8217;entreprise. Mme O&#8217;Connor a rejoint Amsted en 2018. Mme O&#8217;Connor arrive \u00e0 Amsted apr\u00e8s avoir travaill\u00e9 pour RR Donnelley &amp; Sons Company \u00e0 Chicago, o\u00f9 elle \u00e9tait vice-pr\u00e9sidente des finances, responsable de l&#8217;audit interne. Au cours de son mandat chez RR Donnelley, elle a progress\u00e9 dans divers r\u00f4les financiers, notamment [&hellip;]\" \/>\n<meta property=\"og:url\" content=\"https:\/\/www.amsted.com\/fr\/a-propos\/equipe-de-direction\/annette-m-oconnor\/\" \/>\n<meta property=\"og:site_name\" content=\"Amsted Industries\" \/>\n<meta property=\"article:modified_time\" content=\"2022-09-25T11:58:12+00:00\" \/>\n<meta property=\"og:image\" content=\"https:\/\/www.amsted.com\/wp-content\/uploads\/2022\/06\/anette-oconnor.jpg\" \/>\n<meta name=\"twitter:card\" content=\"summary_large_image\" \/>\n<meta name=\"twitter:label1\" content=\"Est. reading time\" \/>\n\t<meta name=\"twitter:data1\" content=\"1 minute\" \/>\n<script type=\"application\/ld+json\" class=\"yoast-schema-graph\">{\"@context\":\"https:\/\/schema.org\",\"@graph\":[{\"@type\":\"WebPage\",\"@id\":\"https:\/\/www.amsted.com\/fr\/a-propos\/equipe-de-direction\/annette-m-oconnor\/\",\"url\":\"https:\/\/www.amsted.com\/fr\/a-propos\/equipe-de-direction\/annette-m-oconnor\/\",\"name\":\"Annette O\u2019Connor - Amsted Industries\",\"isPartOf\":{\"@id\":\"https:\/\/www.amsted.com\/fr\/#website\"},\"primaryImageOfPage\":{\"@id\":\"https:\/\/www.amsted.com\/fr\/a-propos\/equipe-de-direction\/annette-m-oconnor\/#primaryimage\"},\"image\":{\"@id\":\"https:\/\/www.amsted.com\/fr\/a-propos\/equipe-de-direction\/annette-m-oconnor\/#primaryimage\"},\"thumbnailUrl\":\"https:\/\/www.amsted.com\/wp-content\/uploads\/2022\/06\/anette-oconnor.jpg\",\"datePublished\":\"2022-06-13T22:44:54+00:00\",\"dateModified\":\"2022-09-25T11:58:12+00:00\",\"breadcrumb\":{\"@id\":\"https:\/\/www.amsted.com\/fr\/a-propos\/equipe-de-direction\/annette-m-oconnor\/#breadcrumb\"},\"inLanguage\":\"fr-FR\",\"potentialAction\":[{\"@type\":\"ReadAction\",\"target\":[\"https:\/\/www.amsted.com\/fr\/a-propos\/equipe-de-direction\/annette-m-oconnor\/\"]}]},{\"@type\":\"ImageObject\",\"inLanguage\":\"fr-FR\",\"@id\":\"https:\/\/www.amsted.com\/fr\/a-propos\/equipe-de-direction\/annette-m-oconnor\/#primaryimage\",\"url\":\"https:\/\/www.amsted.com\/wp-content\/uploads\/2022\/06\/anette-oconnor.jpg\",\"contentUrl\":\"https:\/\/www.amsted.com\/wp-content\/uploads\/2022\/06\/anette-oconnor.jpg\"},{\"@type\":\"BreadcrumbList\",\"@id\":\"https:\/\/www.amsted.com\/fr\/a-propos\/equipe-de-direction\/annette-m-oconnor\/#breadcrumb\",\"itemListElement\":[{\"@type\":\"ListItem\",\"position\":1,\"name\":\"Home\",\"item\":\"https:\/\/www.amsted.com\/fr\/homepage\/\"},{\"@type\":\"ListItem\",\"position\":2,\"name\":\"\u00c0 propos\",\"item\":\"https:\/\/www.amsted.com\/fr\/a-propos\/\"},{\"@type\":\"ListItem\",\"position\":3,\"name\":\"\u00c9quipe de direction\",\"item\":\"https:\/\/www.amsted.com\/fr\/a-propos\/equipe-de-direction\/\"},{\"@type\":\"ListItem\",\"position\":4,\"name\":\"Annette O\u2019Connor\"}]},{\"@type\":\"WebSite\",\"@id\":\"https:\/\/www.amsted.com\/fr\/#website\",\"url\":\"https:\/\/www.amsted.com\/fr\/\",\"name\":\"Amsted Industries\",\"description\":\"Just another WordPress site\",\"potentialAction\":[{\"@type\":\"SearchAction\",\"target\":{\"@type\":\"EntryPoint\",\"urlTemplate\":\"https:\/\/www.amsted.com\/fr\/?s={search_term_string}\"},\"query-input\":{\"@type\":\"PropertyValueSpecification\",\"valueRequired\":true,\"valueName\":\"search_term_string\"}}],\"inLanguage\":\"fr-FR\"}]}<\/script>\n<!-- \/ Yoast SEO plugin. -->","yoast_head_json":{"title":"Annette O\u2019Connor - Amsted Industries","robots":{"index":"index","follow":"follow","max-snippet":"max-snippet:-1","max-image-preview":"max-image-preview:large","max-video-preview":"max-video-preview:-1"},"canonical":"https:\/\/www.amsted.com\/fr\/a-propos\/equipe-de-direction\/annette-m-oconnor\/","og_locale":"fr_FR","og_type":"article","og_title":"Annette O\u2019Connor - Amsted Industries","og_description":"Contr\u00f4leur Annette O&#8217;Connor est contr\u00f4leur d&#8217;entreprise. Mme O&#8217;Connor a rejoint Amsted en 2018. Mme O&#8217;Connor arrive \u00e0 Amsted apr\u00e8s avoir travaill\u00e9 pour RR Donnelley &amp; Sons Company \u00e0 Chicago, o\u00f9 elle \u00e9tait vice-pr\u00e9sidente des finances, responsable de l&#8217;audit interne. Au cours de son mandat chez RR Donnelley, elle a progress\u00e9 dans divers r\u00f4les financiers, notamment [&hellip;]","og_url":"https:\/\/www.amsted.com\/fr\/a-propos\/equipe-de-direction\/annette-m-oconnor\/","og_site_name":"Amsted Industries","article_modified_time":"2022-09-25T11:58:12+00:00","og_image":[{"url":"https:\/\/www.amsted.com\/wp-content\/uploads\/2022\/06\/anette-oconnor.jpg","type":"","width":"","height":""}],"twitter_card":"summary_large_image","twitter_misc":{"Est. reading time":"1 minute"},"schema":{"@context":"https:\/\/schema.org","@graph":[{"@type":"WebPage","@id":"https:\/\/www.amsted.com\/fr\/a-propos\/equipe-de-direction\/annette-m-oconnor\/","url":"https:\/\/www.amsted.com\/fr\/a-propos\/equipe-de-direction\/annette-m-oconnor\/","name":"Annette O\u2019Connor - Amsted Industries","isPartOf":{"@id":"https:\/\/www.amsted.com\/fr\/#website"},"primaryImageOfPage":{"@id":"https:\/\/www.amsted.com\/fr\/a-propos\/equipe-de-direction\/annette-m-oconnor\/#primaryimage"},"image":{"@id":"https:\/\/www.amsted.com\/fr\/a-propos\/equipe-de-direction\/annette-m-oconnor\/#primaryimage"},"thumbnailUrl":"https:\/\/www.amsted.com\/wp-content\/uploads\/2022\/06\/anette-oconnor.jpg","datePublished":"2022-06-13T22:44:54+00:00","dateModified":"2022-09-25T11:58:12+00:00","breadcrumb":{"@id":"https:\/\/www.amsted.com\/fr\/a-propos\/equipe-de-direction\/annette-m-oconnor\/#breadcrumb"},"inLanguage":"fr-FR","potentialAction":[{"@type":"ReadAction","target":["https:\/\/www.amsted.com\/fr\/a-propos\/equipe-de-direction\/annette-m-oconnor\/"]}]},{"@type":"ImageObject","inLanguage":"fr-FR","@id":"https:\/\/www.amsted.com\/fr\/a-propos\/equipe-de-direction\/annette-m-oconnor\/#primaryimage","url":"https:\/\/www.amsted.com\/wp-content\/uploads\/2022\/06\/anette-oconnor.jpg","contentUrl":"https:\/\/www.amsted.com\/wp-content\/uploads\/2022\/06\/anette-oconnor.jpg"},{"@type":"BreadcrumbList","@id":"https:\/\/www.amsted.com\/fr\/a-propos\/equipe-de-direction\/annette-m-oconnor\/#breadcrumb","itemListElement":[{"@type":"ListItem","position":1,"name":"Home","item":"https:\/\/www.amsted.com\/fr\/homepage\/"},{"@type":"ListItem","position":2,"name":"\u00c0 propos","item":"https:\/\/www.amsted.com\/fr\/a-propos\/"},{"@type":"ListItem","position":3,"name":"\u00c9quipe de direction","item":"https:\/\/www.amsted.com\/fr\/a-propos\/equipe-de-direction\/"},{"@type":"ListItem","position":4,"name":"Annette O\u2019Connor"}]},{"@type":"WebSite","@id":"https:\/\/www.amsted.com\/fr\/#website","url":"https:\/\/www.amsted.com\/fr\/","name":"Amsted Industries","description":"Just another WordPress site","potentialAction":[{"@type":"SearchAction","target":{"@type":"EntryPoint","urlTemplate":"https:\/\/www.amsted.com\/fr\/?s={search_term_string}"},"query-input":{"@type":"PropertyValueSpecification","valueRequired":true,"valueName":"search_term_string"}}],"inLanguage":"fr-FR"}]}},"_links":{"self":[{"href":"https:\/\/www.amsted.com\/fr\/wp-json\/wp\/v2\/pages\/5476","targetHints":{"allow":["GET"]}}],"collection":[{"href":"https:\/\/www.amsted.com\/fr\/wp-json\/wp\/v2\/pages"}],"about":[{"href":"https:\/\/www.amsted.com\/fr\/wp-json\/wp\/v2\/types\/page"}],"author":[{"embeddable":true,"href":"https:\/\/www.amsted.com\/fr\/wp-json\/wp\/v2\/users\/1"}],"replies":[{"embeddable":true,"href":"https:\/\/www.amsted.com\/fr\/wp-json\/wp\/v2\/comments?post=5476"}],"version-history":[{"count":3,"href":"https:\/\/www.amsted.com\/fr\/wp-json\/wp\/v2\/pages\/5476\/revisions"}],"predecessor-version":[{"id":6902,"href":"https:\/\/www.amsted.com\/fr\/wp-json\/wp\/v2\/pages\/5476\/revisions\/6902"}],"up":[{"embeddable":true,"href":"https:\/\/www.amsted.com\/fr\/wp-json\/wp\/v2\/pages\/5474"}],"wp:attachment":[{"href":"https:\/\/www.amsted.com\/fr\/wp-json\/wp\/v2\/media?parent=5476"}],"wp:term":[{"taxonomy":"search-category","embeddable":true,"href":"https:\/\/www.amsted.com\/fr\/wp-json\/wp\/v2\/search-category?post=5476"}],"curies":[{"name":"wp","href":"https:\/\/api.w.org\/{rel}","templated":true}]}}