{"id":5472,"date":"2022-05-31T15:33:41","date_gmt":"2022-05-31T15:33:41","guid":{"rendered":"https:\/\/live-amsted-industries.pantheonsite.io\/a-propos\/histoire\/"},"modified":"2022-09-21T17:01:54","modified_gmt":"2022-09-21T17:01:54","slug":"histoire","status":"publish","type":"page","link":"https:\/\/www.amsted.com\/fr\/a-propos\/histoire\/","title":{"rendered":"Histoire"},"content":{"rendered":"\t\t<div data-elementor-type=\"wp-page\" data-elementor-id=\"5472\" class=\"elementor elementor-5472 elementor-140\" data-elementor-post-type=\"page\">\n\t\t\t\t\t\t<section class=\"elementor-section elementor-top-section elementor-element elementor-element-9ff11ab elementor-section-boxed elementor-section-height-default elementor-section-height-default\" data-id=\"9ff11ab\" data-element_type=\"section\" data-e-type=\"section\">\n\t\t\t\t\t\t<div class=\"elementor-container elementor-column-gap-default\">\n\t\t\t\t\t<div class=\"elementor-column elementor-col-100 elementor-top-column elementor-element elementor-element-743a331\" data-id=\"743a331\" data-element_type=\"column\" data-e-type=\"column\">\n\t\t\t<div class=\"elementor-widget-wrap elementor-element-populated\">\n\t\t\t\t\t\t<section class=\"elementor-section elementor-inner-section elementor-element elementor-element-6e3ca50 elementor-section-boxed elementor-section-height-default elementor-section-height-default\" data-id=\"6e3ca50\" data-element_type=\"section\" data-e-type=\"section\" data-settings=\"{&quot;background_background&quot;:&quot;video&quot;}\">\n\t\t\t\t\t\t<div class=\"elementor-container elementor-column-gap-default\">\n\t\t\t\t\t<div class=\"elementor-column elementor-col-50 elementor-inner-column elementor-element elementor-element-79b67ec\" data-id=\"79b67ec\" data-element_type=\"column\" data-e-type=\"column\">\n\t\t\t<div class=\"elementor-widget-wrap elementor-element-populated\">\n\t\t\t\t\t\t<div class=\"elementor-element elementor-element-4b0c06b elementor-widget elementor-widget-heading\" data-id=\"4b0c06b\" data-element_type=\"widget\" data-e-type=\"widget\" data-widget_type=\"heading.default\">\n\t\t\t\t<div class=\"elementor-widget-container\">\n\t\t\t\t\t<h1 class=\"elementor-heading-title elementor-size-default\">L'histoire d' <br>Amsted Industries<\/h1>\t\t\t\t<\/div>\n\t\t\t\t<\/div>\n\t\t\t\t\t<\/div>\n\t\t<\/div>\n\t\t\t\t<div class=\"elementor-column elementor-col-50 elementor-inner-column elementor-element elementor-element-46579ee\" data-id=\"46579ee\" data-element_type=\"column\" data-e-type=\"column\">\n\t\t\t<div class=\"elementor-widget-wrap elementor-element-populated\">\n\t\t\t\t\t\t<div class=\"elementor-element elementor-element-bf793f6 elementor-widget elementor-widget-text-editor\" data-id=\"bf793f6\" data-element_type=\"widget\" data-e-type=\"widget\" data-widget_type=\"text-editor.default\">\n\t\t\t\t<div class=\"elementor-widget-container\">\n\t\t\t\t\t\t\t\t\t<p>Fond\u00e9e sous le nom d&#8217;American Steel Foundries en 1902 par le regroupement de huit fonderies d&#8217;acier dans l&#8217;Est et le Midwest des \u00c9tats-Unis, la soci\u00e9t\u00e9 a chang\u00e9 de nom pour devenir Amsted Industries en 1962. \u00c0 une \u00e9poque, Amsted traitait principalement avec les compagnies de chemin de fer, produisant une vari\u00e9t\u00e9 de composants en acier moul\u00e9. Aujourd&#8217;hui, la gamme de produits de la soci\u00e9t\u00e9 comprend un large \u00e9ventail de solutions innovantes pour les applications ferroviaires, les v\u00e9hicules commerciaux, l&#8217;automobile et la construction.  <\/p>\n\t\t\t\t\t\t\t\t<\/div>\n\t\t\t\t<\/div>\n\t\t\t\t\t<\/div>\n\t\t<\/div>\n\t\t\t\t\t<\/div>\n\t\t<\/section>\n\t\t\t\t\t<\/div>\n\t\t<\/div>\n\t\t\t\t\t<\/div>\n\t\t<\/section>\n\t\t\t\t<section class=\"elementor-section elementor-top-section elementor-element elementor-element-476a8dc elementor-section-full_width elementor-section-height-default elementor-section-height-default\" data-id=\"476a8dc\" data-element_type=\"section\" data-e-type=\"section\" data-settings=\"{&quot;background_background&quot;:&quot;classic&quot;}\">\n\t\t\t\t\t\t<div class=\"elementor-container elementor-column-gap-default\">\n\t\t\t\t\t<div class=\"elementor-column elementor-col-100 elementor-top-column elementor-element elementor-element-8eb8473\" data-id=\"8eb8473\" data-element_type=\"column\" data-e-type=\"column\">\n\t\t\t<div class=\"elementor-widget-wrap elementor-element-populated\">\n\t\t\t\t\t\t<section class=\"elementor-section elementor-inner-section elementor-element elementor-element-825efae elementor-section-height-min-height elementor-section-boxed elementor-section-height-default\" data-id=\"825efae\" data-element_type=\"section\" data-e-type=\"section\">\n\t\t\t\t\t\t<div class=\"elementor-container elementor-column-gap-default\">\n\t\t\t\t\t<div class=\"elementor-column elementor-col-50 elementor-inner-column elementor-element elementor-element-f7a85ef\" data-id=\"f7a85ef\" data-element_type=\"column\" data-e-type=\"column\" data-settings=\"{&quot;background_background&quot;:&quot;classic&quot;}\">\n\t\t\t<div class=\"elementor-widget-wrap elementor-element-populated\">\n\t\t\t\t\t<div class=\"elementor-background-overlay\"><\/div>\n\t\t\t\t\t\t<div class=\"elementor-element elementor-element-9d2606f elementor-widget elementor-widget-heading\" data-id=\"9d2606f\" data-element_type=\"widget\" data-e-type=\"widget\" data-widget_type=\"heading.default\">\n\t\t\t\t<div class=\"elementor-widget-container\">\n\t\t\t\t\t<h2 class=\"elementor-heading-title elementor-size-default\">Croissance durable<\/h2>\t\t\t\t<\/div>\n\t\t\t\t<\/div>\n\t\t\t\t<div class=\"elementor-element elementor-element-7b17a09 elementor-invisible elementor-widget elementor-widget-text-editor\" data-id=\"7b17a09\" data-element_type=\"widget\" data-e-type=\"widget\" data-settings=\"{&quot;_animation&quot;:&quot;fadeIn&quot;,&quot;_animation_delay&quot;:300}\" data-widget_type=\"text-editor.default\">\n\t\t\t\t<div class=\"elementor-widget-container\">\n\t\t\t\t\t\t\t\t\t<p>Amsted s&#8217;est d\u00e9velopp\u00e9e gr\u00e2ce \u00e0 l&#8217;innovation des produits et \u00e0 des acquisitions strat\u00e9giques pour devenir le leader dans les industries que nous servons. En 1986, Amsted est devenue une entreprise priv\u00e9e par le biais d&#8217;un rachat d&#8217;actions par les employ\u00e9s, \u00e9tablissant ainsi notre plan d&#8217;actionnariat des employ\u00e9s (ESOP). En 1998, nous sommes devenus une entreprise d\u00e9tenue \u00e0 100% par les employ\u00e9s. Chez Amsted, nous nous r\u00e9jouissons de la responsabilit\u00e9 qui nous est confi\u00e9e de fournir des produits fiables et bien faits aux march\u00e9s du monde entier, et nous nous effor\u00e7ons constamment de d\u00e9passer des normes de r\u00e9ussite encore plus \u00e9lev\u00e9es pour y parvenir.  <\/p>\n\t\t\t\t\t\t\t\t<\/div>\n\t\t\t\t<\/div>\n\t\t\t\t\t<\/div>\n\t\t<\/div>\n\t\t\t\t<div class=\"elementor-column elementor-col-50 elementor-inner-column elementor-element elementor-element-1a87ecf\" data-id=\"1a87ecf\" data-element_type=\"column\" data-e-type=\"column\" data-settings=\"{&quot;background_background&quot;:&quot;classic&quot;}\">\n\t\t\t<div class=\"elementor-widget-wrap elementor-element-populated\">\n\t\t\t\t\t\t<div class=\"elementor-element elementor-element-22984d7 elementor-widget elementor-widget-spacer\" data-id=\"22984d7\" data-element_type=\"widget\" data-e-type=\"widget\" data-widget_type=\"spacer.default\">\n\t\t\t\t<div class=\"elementor-widget-container\">\n\t\t\t\t\t\t\t<div class=\"elementor-spacer\">\n\t\t\t<div class=\"elementor-spacer-inner\"><\/div>\n\t\t<\/div>\n\t\t\t\t\t\t<\/div>\n\t\t\t\t<\/div>\n\t\t\t\t\t<\/div>\n\t\t<\/div>\n\t\t\t\t\t<\/div>\n\t\t<\/section>\n\t\t\t\t\t<\/div>\n\t\t<\/div>\n\t\t\t\t\t<\/div>\n\t\t<\/section>\n\t\t\t\t<section class=\"elementor-section elementor-top-section elementor-element elementor-element-f41ecfb elementor-section-boxed elementor-section-height-default elementor-section-height-default\" data-id=\"f41ecfb\" data-element_type=\"section\" data-e-type=\"section\">\n\t\t\t\t\t\t<div class=\"elementor-container elementor-column-gap-default\">\n\t\t\t\t\t<div class=\"elementor-column elementor-col-100 elementor-top-column elementor-element elementor-element-e47f204\" data-id=\"e47f204\" data-element_type=\"column\" data-e-type=\"column\">\n\t\t\t<div class=\"elementor-widget-wrap elementor-element-populated\">\n\t\t\t\t\t\t<div class=\"elementor-element elementor-element-fb5462d elementor-widget elementor-widget-html\" data-id=\"fb5462d\" data-element_type=\"widget\" data-e-type=\"widget\" data-widget_type=\"html.default\">\n\t\t\t\t<div class=\"elementor-widget-container\">\n\t\t\t\t\t<section class=\"timeline\">\n  <ul>\n    <li>\n      <div>\n        <time>1877<\/time> <!--flag--> Thomas F. Griffin cr\u00e9e la Griffin Car Wheel Company.\n      <\/div>\n    <\/li>\n    <li>\n      <div>\n        <time>1902<\/time> Cr\u00e9ation d'American Steel Foundries par le regroupement de huit fonderies d'acier dans l'Est et le Midwest des \u00c9tats-Unis.\n      <\/div>\n    <\/li>\n    <li>\n      <div>\n        <time>1903<\/time> <!--flag--> La soci\u00e9t\u00e9 Burgess-Norton MFG est fond\u00e9e par Frank A. Burgess et Henry W. Norton \u00e0 Geneva, IL.\n      <\/div>\n    <\/li>\n    <li>\n      <div>\n        <time>1938<\/time> <!--flag--> La Baltimore Aircoil Company est fond\u00e9e par John Engalitcheff Jr. et lance le premier condenseur \u00e9vaporatif \u00e0 circulation forc\u00e9e.\n      <\/div>\n    <\/li>\n    <li>\n      <div>\n        <time>1949<\/time> <!--flag--> Cr\u00e9ation de Brenco, fabricant de paliers \u00e0 friction ou \"lisses\" pour les tourillons des wagons de marchandises.\n      <\/div>\n    <\/li>\n    <li>\n      <div>\n        <time>1962<\/time> La soci\u00e9t\u00e9 change de nom et devient Amsted Industries.\n      <\/div>\n    <\/li>\n    <li>\n      <div>\n        <time>1964<\/time> <!--flag--> ConMet fait partie de Portland Freightliner, une filiale de Consolidated Freightways, et construit sa premi\u00e8re fonderie d'aluminium.\n      <\/div>\n    <\/li>\n    <li>\n      <div>\n        <time>1968<\/time> Amsted Industries ach\u00e8te Burgess-Norton MFG.\n      <\/div>\n    <\/li>\n    <li>\n      <div>\n        <time>1985<\/time> Amsted Industries ach\u00e8te la Baltimore Aircoil Company.\n      <\/div>\n    <\/li>\n    <li>\n      <div>\n        <time>1986<\/time> Amsted Industries devient une soci\u00e9t\u00e9 priv\u00e9e par le biais d'un rachat d'actions par les employ\u00e9s.\n      <\/div>\n    <\/li>\n    <li>\n      <div>\n        <time>1998<\/time> Amsted Industries devient une entreprise d\u00e9tenue \u00e0 100% par ses employ\u00e9s.\n      <\/div>\n    <\/li>\n    <li>\n      <div>\n        <time>1999<\/time> Amsted Industries acquiert Varlen Corporation (ancien propri\u00e9taire de ConMet), faisant de la soci\u00e9t\u00e9 un leader sur trois march\u00e9s : les wagons de marchandises et les locomotives, les camions et les remorques de gros tonnage, et les v\u00e9hicules automobiles et les camionnettes.\n2021 Amsted Automotive Group est cr\u00e9\u00e9, combinant deux des principales unit\u00e9s commerciales centenaires d'Amsted, Means Industries et Burgess-Norton, sp\u00e9cialis\u00e9es dans les fournitures automobiles de niveau 1.\n      <\/div>\n    <\/li>\n    <li>\n      <div>\n        <time>2021<\/time> Amsted Automotive Group est cr\u00e9\u00e9, combinant deux des principales unit\u00e9s commerciales centenaires d'Amsted, Means Industries et Burgess-Norton, sp\u00e9cialis\u00e9es dans les fournitures automobiles de niveau 1.\n      <\/div>\n    <\/li>\n  <\/ul>\n<\/section>\n<script>\n\n(function () {\n  \"use strict\";\n\n  \/\/ define variables\n  var items = document.querySelectorAll(\".timeline li\");\n\n  \/\/ check if an element is in viewport\n  \/\/ http:\/\/stackoverflow.com\/questions\/123999\/how-to-tell-if-a-dom-element-is-visible-in-the-current-viewport\n  function isElementInViewport(el) {\n    var rect = el.getBoundingClientRect();\n    return (\n      rect.top >= 0 &&\n      rect.left >= 0 &&\n      rect.bottom <=\n        (window.innerHeight || document.documentElement.clientHeight) &&\n      rect.right <= (window.innerWidth || document.documentElement.clientWidth)\n    );\n  }\n\n  function callbackFunc() {\n    for (var i = 0; i < items.length; i++) {\n      if (isElementInViewport(items[i])) {\n        items[i].classList.add(\"in-view\");\n      }\n    }\n  }\n\n  \/\/ listen for events\n  window.addEventListener(\"load\", callbackFunc);\n  window.addEventListener(\"resize\", callbackFunc);\n  window.addEventListener(\"scroll\", callbackFunc);\n})();\n\n<\/script>\t\t\t\t<\/div>\n\t\t\t\t<\/div>\n\t\t\t\t\t<\/div>\n\t\t<\/div>\n\t\t\t\t\t<\/div>\n\t\t<\/section>\n\t\t\t\t<section class=\"elementor-section elementor-top-section elementor-element elementor-element-67f7dfe elementor-section-boxed elementor-section-height-default elementor-section-height-default\" data-id=\"67f7dfe\" data-element_type=\"section\" data-e-type=\"section\" data-settings=\"{&quot;background_background&quot;:&quot;classic&quot;}\">\n\t\t\t\t\t\t<div class=\"elementor-container elementor-column-gap-default\">\n\t\t\t\t\t<div class=\"elementor-column elementor-col-100 elementor-top-column elementor-element elementor-element-1691c35\" data-id=\"1691c35\" data-element_type=\"column\" data-e-type=\"column\">\n\t\t\t<div class=\"elementor-widget-wrap elementor-element-populated\">\n\t\t\t\t\t\t<div class=\"elementor-element elementor-element-7d1b161 elementor-widget elementor-widget-shortcode\" data-id=\"7d1b161\" data-element_type=\"widget\" data-e-type=\"widget\" data-widget_type=\"shortcode.default\">\n\t\t\t\t<div class=\"elementor-widget-container\">\n\t\t\t\t\t\t\t<div class=\"elementor-shortcode\"><\/div>\n\t\t\t\t\t\t<\/div>\n\t\t\t\t<\/div>\n\t\t\t\t\t<\/div>\n\t\t<\/div>\n\t\t\t\t\t<\/div>\n\t\t<\/section>\n\t\t\t\t<\/div>\n\t\t","protected":false},"excerpt":{"rendered":"<p>L&#8217;histoire d&#8217; Amsted Industries Fond\u00e9e sous le nom d&#8217;American Steel Foundries en 1902 par le regroupement de huit fonderies d&#8217;acier dans l&#8217;Est et le Midwest des \u00c9tats-Unis, la soci\u00e9t\u00e9 a chang\u00e9 de nom pour devenir Amsted Industries en 1962. \u00c0 une \u00e9poque, Amsted traitait principalement avec les compagnies de chemin de fer, produisant une vari\u00e9t\u00e9 [&hellip;]<\/p>\n","protected":false},"author":1,"featured_media":0,"parent":5426,"menu_order":0,"comment_status":"closed","ping_status":"closed","template":"","meta":{"_acf_changed":false,"footnotes":""},"search-category":[16],"class_list":["post-5472","page","type-page","status-publish","hentry","search-category-about"],"acf":[],"yoast_head":"<!-- This site is optimized with the Yoast SEO plugin v27.2 - https:\/\/yoast.com\/product\/yoast-seo-wordpress\/ -->\n<title>Histoire - Amsted Industries<\/title>\n<meta name=\"robots\" content=\"index, follow, max-snippet:-1, max-image-preview:large, max-video-preview:-1\" \/>\n<link rel=\"canonical\" href=\"https:\/\/www.amsted.com\/fr\/a-propos\/histoire\/\" \/>\n<meta property=\"og:locale\" content=\"fr_FR\" \/>\n<meta property=\"og:type\" content=\"article\" \/>\n<meta property=\"og:title\" content=\"Histoire - Amsted Industries\" \/>\n<meta property=\"og:description\" content=\"L&#8217;histoire d&#8217; Amsted Industries Fond\u00e9e sous le nom d&#8217;American Steel Foundries en 1902 par le regroupement de huit fonderies d&#8217;acier dans l&#8217;Est et le Midwest des \u00c9tats-Unis, la soci\u00e9t\u00e9 a chang\u00e9 de nom pour devenir Amsted Industries en 1962. \u00c0 une \u00e9poque, Amsted traitait principalement avec les compagnies de chemin de fer, produisant une vari\u00e9t\u00e9 [&hellip;]\" \/>\n<meta property=\"og:url\" content=\"https:\/\/www.amsted.com\/fr\/a-propos\/histoire\/\" \/>\n<meta property=\"og:site_name\" content=\"Amsted Industries\" \/>\n<meta property=\"article:modified_time\" content=\"2022-09-21T17:01:54+00:00\" \/>\n<meta name=\"twitter:card\" content=\"summary_large_image\" \/>\n<meta name=\"twitter:label1\" content=\"Est. reading time\" \/>\n\t<meta name=\"twitter:data1\" content=\"3 minutes\" \/>\n<script type=\"application\/ld+json\" class=\"yoast-schema-graph\">{\"@context\":\"https:\/\/schema.org\",\"@graph\":[{\"@type\":\"WebPage\",\"@id\":\"https:\/\/www.amsted.com\/fr\/a-propos\/histoire\/\",\"url\":\"https:\/\/www.amsted.com\/fr\/a-propos\/histoire\/\",\"name\":\"Histoire - Amsted Industries\",\"isPartOf\":{\"@id\":\"https:\/\/www.amsted.com\/fr\/#website\"},\"datePublished\":\"2022-05-31T15:33:41+00:00\",\"dateModified\":\"2022-09-21T17:01:54+00:00\",\"breadcrumb\":{\"@id\":\"https:\/\/www.amsted.com\/fr\/a-propos\/histoire\/#breadcrumb\"},\"inLanguage\":\"fr-FR\",\"potentialAction\":[{\"@type\":\"ReadAction\",\"target\":[\"https:\/\/www.amsted.com\/fr\/a-propos\/histoire\/\"]}]},{\"@type\":\"BreadcrumbList\",\"@id\":\"https:\/\/www.amsted.com\/fr\/a-propos\/histoire\/#breadcrumb\",\"itemListElement\":[{\"@type\":\"ListItem\",\"position\":1,\"name\":\"Home\",\"item\":\"https:\/\/www.amsted.com\/fr\/homepage\/\"},{\"@type\":\"ListItem\",\"position\":2,\"name\":\"\u00c0 propos\",\"item\":\"https:\/\/www.amsted.com\/fr\/a-propos\/\"},{\"@type\":\"ListItem\",\"position\":3,\"name\":\"Histoire\"}]},{\"@type\":\"WebSite\",\"@id\":\"https:\/\/www.amsted.com\/fr\/#website\",\"url\":\"https:\/\/www.amsted.com\/fr\/\",\"name\":\"Amsted Industries\",\"description\":\"Just another WordPress site\",\"potentialAction\":[{\"@type\":\"SearchAction\",\"target\":{\"@type\":\"EntryPoint\",\"urlTemplate\":\"https:\/\/www.amsted.com\/fr\/?s={search_term_string}\"},\"query-input\":{\"@type\":\"PropertyValueSpecification\",\"valueRequired\":true,\"valueName\":\"search_term_string\"}}],\"inLanguage\":\"fr-FR\"}]}<\/script>\n<!-- \/ Yoast SEO plugin. -->","yoast_head_json":{"title":"Histoire - Amsted Industries","robots":{"index":"index","follow":"follow","max-snippet":"max-snippet:-1","max-image-preview":"max-image-preview:large","max-video-preview":"max-video-preview:-1"},"canonical":"https:\/\/www.amsted.com\/fr\/a-propos\/histoire\/","og_locale":"fr_FR","og_type":"article","og_title":"Histoire - Amsted Industries","og_description":"L&#8217;histoire d&#8217; Amsted Industries Fond\u00e9e sous le nom d&#8217;American Steel Foundries en 1902 par le regroupement de huit fonderies d&#8217;acier dans l&#8217;Est et le Midwest des \u00c9tats-Unis, la soci\u00e9t\u00e9 a chang\u00e9 de nom pour devenir Amsted Industries en 1962. \u00c0 une \u00e9poque, Amsted traitait principalement avec les compagnies de chemin de fer, produisant une vari\u00e9t\u00e9 [&hellip;]","og_url":"https:\/\/www.amsted.com\/fr\/a-propos\/histoire\/","og_site_name":"Amsted Industries","article_modified_time":"2022-09-21T17:01:54+00:00","twitter_card":"summary_large_image","twitter_misc":{"Est. reading time":"3 minutes"},"schema":{"@context":"https:\/\/schema.org","@graph":[{"@type":"WebPage","@id":"https:\/\/www.amsted.com\/fr\/a-propos\/histoire\/","url":"https:\/\/www.amsted.com\/fr\/a-propos\/histoire\/","name":"Histoire - Amsted Industries","isPartOf":{"@id":"https:\/\/www.amsted.com\/fr\/#website"},"datePublished":"2022-05-31T15:33:41+00:00","dateModified":"2022-09-21T17:01:54+00:00","breadcrumb":{"@id":"https:\/\/www.amsted.com\/fr\/a-propos\/histoire\/#breadcrumb"},"inLanguage":"fr-FR","potentialAction":[{"@type":"ReadAction","target":["https:\/\/www.amsted.com\/fr\/a-propos\/histoire\/"]}]},{"@type":"BreadcrumbList","@id":"https:\/\/www.amsted.com\/fr\/a-propos\/histoire\/#breadcrumb","itemListElement":[{"@type":"ListItem","position":1,"name":"Home","item":"https:\/\/www.amsted.com\/fr\/homepage\/"},{"@type":"ListItem","position":2,"name":"\u00c0 propos","item":"https:\/\/www.amsted.com\/fr\/a-propos\/"},{"@type":"ListItem","position":3,"name":"Histoire"}]},{"@type":"WebSite","@id":"https:\/\/www.amsted.com\/fr\/#website","url":"https:\/\/www.amsted.com\/fr\/","name":"Amsted Industries","description":"Just another WordPress site","potentialAction":[{"@type":"SearchAction","target":{"@type":"EntryPoint","urlTemplate":"https:\/\/www.amsted.com\/fr\/?s={search_term_string}"},"query-input":{"@type":"PropertyValueSpecification","valueRequired":true,"valueName":"search_term_string"}}],"inLanguage":"fr-FR"}]}},"_links":{"self":[{"href":"https:\/\/www.amsted.com\/fr\/wp-json\/wp\/v2\/pages\/5472","targetHints":{"allow":["GET"]}}],"collection":[{"href":"https:\/\/www.amsted.com\/fr\/wp-json\/wp\/v2\/pages"}],"about":[{"href":"https:\/\/www.amsted.com\/fr\/wp-json\/wp\/v2\/types\/page"}],"author":[{"embeddable":true,"href":"https:\/\/www.amsted.com\/fr\/wp-json\/wp\/v2\/users\/1"}],"replies":[{"embeddable":true,"href":"https:\/\/www.amsted.com\/fr\/wp-json\/wp\/v2\/comments?post=5472"}],"version-history":[{"count":7,"href":"https:\/\/www.amsted.com\/fr\/wp-json\/wp\/v2\/pages\/5472\/revisions"}],"predecessor-version":[{"id":6486,"href":"https:\/\/www.amsted.com\/fr\/wp-json\/wp\/v2\/pages\/5472\/revisions\/6486"}],"up":[{"embeddable":true,"href":"https:\/\/www.amsted.com\/fr\/wp-json\/wp\/v2\/pages\/5426"}],"wp:attachment":[{"href":"https:\/\/www.amsted.com\/fr\/wp-json\/wp\/v2\/media?parent=5472"}],"wp:term":[{"taxonomy":"search-category","embeddable":true,"href":"https:\/\/www.amsted.com\/fr\/wp-json\/wp\/v2\/search-category?post=5472"}],"curies":[{"name":"wp","href":"https:\/\/api.w.org\/{rel}","templated":true}]}}