{"id":5426,"date":"2022-05-31T15:33:23","date_gmt":"2022-05-31T15:33:23","guid":{"rendered":"https:\/\/live-amsted-industries.pantheonsite.io\/a-propos\/"},"modified":"2022-09-15T15:24:13","modified_gmt":"2022-09-15T15:24:13","slug":"a-propos","status":"publish","type":"page","link":"https:\/\/www.amsted.com\/fr\/a-propos\/","title":{"rendered":"\u00c0 propos"},"content":{"rendered":"\t\t<div data-elementor-type=\"wp-page\" data-elementor-id=\"5426\" class=\"elementor elementor-5426 elementor-138\" data-elementor-post-type=\"page\">\n\t\t\t\t\t\t<section class=\"elementor-section elementor-top-section elementor-element elementor-element-e078c95 elementor-section-height-min-height elementor-section-full_width elementor-section-height-default elementor-section-items-middle\" data-id=\"e078c95\" data-element_type=\"section\" data-e-type=\"section\" data-settings=\"{&quot;background_background&quot;:&quot;classic&quot;}\">\n\t\t\t\t\t\t\t<div class=\"elementor-background-overlay\"><\/div>\n\t\t\t\t\t\t\t<div class=\"elementor-container elementor-column-gap-default\">\n\t\t\t\t\t<div class=\"elementor-column elementor-col-100 elementor-top-column elementor-element elementor-element-d9e9cbd\" data-id=\"d9e9cbd\" data-element_type=\"column\" data-e-type=\"column\">\n\t\t\t<div class=\"elementor-widget-wrap elementor-element-populated\">\n\t\t\t\t\t\t<section class=\"elementor-section elementor-inner-section elementor-element elementor-element-710120f elementor-section-boxed elementor-section-height-default elementor-section-height-default\" data-id=\"710120f\" data-element_type=\"section\" data-e-type=\"section\" data-settings=\"{&quot;background_background&quot;:&quot;video&quot;}\">\n\t\t\t\t\t\t<div class=\"elementor-container elementor-column-gap-default\">\n\t\t\t\t\t<div class=\"elementor-column elementor-col-50 elementor-inner-column elementor-element elementor-element-f478e0a\" data-id=\"f478e0a\" data-element_type=\"column\" data-e-type=\"column\">\n\t\t\t<div class=\"elementor-widget-wrap elementor-element-populated\">\n\t\t\t\t\t\t<div class=\"elementor-element elementor-element-28d3575 animated-slow elementor-invisible elementor-widget elementor-widget-heading\" data-id=\"28d3575\" data-element_type=\"widget\" data-e-type=\"widget\" data-settings=\"{&quot;_animation&quot;:&quot;fadeIn&quot;}\" data-widget_type=\"heading.default\">\n\t\t\t\t<div class=\"elementor-widget-container\">\n\t\t\t\t\t<h1 class=\"elementor-heading-title elementor-size-default\">\u00c0 propos d'Amsted Industries<\/h1>\t\t\t\t<\/div>\n\t\t\t\t<\/div>\n\t\t\t\t<div class=\"elementor-element elementor-element-fb58c64 animated-slow elementor-invisible elementor-widget elementor-widget-text-editor\" data-id=\"fb58c64\" data-element_type=\"widget\" data-e-type=\"widget\" data-settings=\"{&quot;_animation&quot;:&quot;fadeIn&quot;,&quot;_animation_delay&quot;:100}\" data-widget_type=\"text-editor.default\">\n\t\t\t\t<div class=\"elementor-widget-container\">\n\t\t\t\t\t\t\t\t\t<p>Amsted Industries est un fabricant mondial diversifi\u00e9 de composants industriels servant principalement les march\u00e9s du chemin de fer, de l&#8217;automobile, des v\u00e9hicules commerciaux, de la construction et du b\u00e2timent. En combinant des processus de fabrication de pointe avec une histoire d&#8217;innovation continue, nous sommes fiers d&#8217;\u00eatre des leaders dans chacun des segments de march\u00e9 que nous servons. <\/p><\/p>\n\t\t\t\t\t\t\t\t<\/div>\n\t\t\t\t<\/div>\n\t\t\t\t\t<\/div>\n\t\t<\/div>\n\t\t\t\t<div class=\"elementor-column elementor-col-50 elementor-inner-column elementor-element elementor-element-3c6c758\" data-id=\"3c6c758\" data-element_type=\"column\" data-e-type=\"column\">\n\t\t\t<div class=\"elementor-widget-wrap\">\n\t\t\t\t\t\t\t<\/div>\n\t\t<\/div>\n\t\t\t\t\t<\/div>\n\t\t<\/section>\n\t\t\t\t\t<\/div>\n\t\t<\/div>\n\t\t\t\t\t<\/div>\n\t\t<\/section>\n\t\t\t\t<section class=\"elementor-section elementor-top-section elementor-element elementor-element-78240e9 elementor-section-full_width elementor-section-height-default elementor-section-height-default\" data-id=\"78240e9\" data-element_type=\"section\" data-e-type=\"section\" data-settings=\"{&quot;background_background&quot;:&quot;classic&quot;}\">\n\t\t\t\t\t\t<div class=\"elementor-container elementor-column-gap-default\">\n\t\t\t\t\t<div class=\"elementor-column elementor-col-100 elementor-top-column elementor-element elementor-element-7e337f0\" data-id=\"7e337f0\" data-element_type=\"column\" data-e-type=\"column\">\n\t\t\t<div class=\"elementor-widget-wrap elementor-element-populated\">\n\t\t\t\t\t\t<section class=\"elementor-section elementor-inner-section elementor-element elementor-element-f29ff6a main-content elementor-reverse-mobile elementor-section-boxed elementor-section-height-default elementor-section-height-default\" data-id=\"f29ff6a\" data-element_type=\"section\" data-e-type=\"section\">\n\t\t\t\t\t\t<div class=\"elementor-container elementor-column-gap-default\">\n\t\t\t\t\t<div class=\"elementor-column elementor-col-50 elementor-inner-column elementor-element elementor-element-b3adbfe\" data-id=\"b3adbfe\" data-element_type=\"column\" data-e-type=\"column\">\n\t\t\t<div class=\"elementor-widget-wrap elementor-element-populated\">\n\t\t\t\t\t\t<div class=\"elementor-element elementor-element-2ae8cf0 elementor-widget elementor-widget-text-editor\" data-id=\"2ae8cf0\" data-element_type=\"widget\" data-e-type=\"widget\" data-widget_type=\"text-editor.default\">\n\t\t\t\t<div class=\"elementor-widget-container\">\n\t\t\t\t\t\t\t\t\t<p>Op\u00e9rant sous le nom d&#8217;Amsted Industries depuis 1962, nous r\u00e9pondons aujourd&#8217;hui aux besoins croissants d&#8217;un march\u00e9 mondial avec plus de 75 sites r\u00e9partis dans 13 pays sur 6 continents. Amsted est d\u00e9tenue \u00e0 100% par ses employ\u00e9s, ce qui permet \u00e0 nos employ\u00e9s-propri\u00e9taires de participer au succ\u00e8s de l&#8217;entreprise et cr\u00e9e une culture de propri\u00e9t\u00e9 partag\u00e9e par tous nos employ\u00e9s. <\/p>\n\t\t\t\t\t\t\t\t<\/div>\n\t\t\t\t<\/div>\n\t\t\t\t<div class=\"elementor-element elementor-element-680d040 elementor-widget elementor-widget-heading\" data-id=\"680d040\" data-element_type=\"widget\" data-e-type=\"widget\" data-widget_type=\"heading.default\">\n\t\t\t\t<div class=\"elementor-widget-container\">\n\t\t\t\t\t<h2 class=\"elementor-heading-title elementor-size-default\">Mission<\/h2>\t\t\t\t<\/div>\n\t\t\t\t<\/div>\n\t\t\t\t<div class=\"elementor-element elementor-element-594c138 elementor-widget elementor-widget-text-editor\" data-id=\"594c138\" data-element_type=\"widget\" data-e-type=\"widget\" data-widget_type=\"text-editor.default\">\n\t\t\t\t<div class=\"elementor-widget-container\">\n\t\t\t\t\t\t\t\t\t<p>Offrir une valeur ajout\u00e9e \u00e0 nos clients pour le bien de nos employ\u00e9s et de leurs communaut\u00e9s<\/p>\n\t\t\t\t\t\t\t\t<\/div>\n\t\t\t\t<\/div>\n\t\t\t\t\t<\/div>\n\t\t<\/div>\n\t\t\t\t<div class=\"elementor-column elementor-col-50 elementor-inner-column elementor-element elementor-element-6e43331\" data-id=\"6e43331\" data-element_type=\"column\" data-e-type=\"column\">\n\t\t\t<div class=\"elementor-widget-wrap elementor-element-populated\">\n\t\t\t\t\t\t<div class=\"elementor-element elementor-element-b7851b0 elementor-widget elementor-widget-heading\" data-id=\"b7851b0\" data-element_type=\"widget\" data-e-type=\"widget\" data-widget_type=\"heading.default\">\n\t\t\t\t<div class=\"elementor-widget-container\">\n\t\t\t\t\t<h2 class=\"elementor-heading-title elementor-size-default\">Valeurs fondamentales<\/h2>\t\t\t\t<\/div>\n\t\t\t\t<\/div>\n\t\t\t\t<div class=\"elementor-element elementor-element-1846f6c elementor-widget elementor-widget-text-editor\" data-id=\"1846f6c\" data-element_type=\"widget\" data-e-type=\"widget\" data-widget_type=\"text-editor.default\">\n\t\t\t\t<div class=\"elementor-widget-container\">\n\t\t\t\t\t\t\t\t\t<ul>\n<li>Int\u00e9grit\u00e9 : Nous respectons les normes les plus \u00e9lev\u00e9es en mati\u00e8re d&#8217;\u00e9thique et d&#8217;int\u00e9grit\u00e9 dans toutes nos actions.<\/li>\n<li>Le respect des personnes : Nous appr\u00e9cions nos collaborateurs, encourageons leur d\u00e9veloppement, les tenons responsables de leurs engagements personnels et r\u00e9compensons leurs performances.<\/li>\n<li>Responsabilit\u00e9 sociale : Nous sommes de bons citoyens dans les communaut\u00e9s dans lesquelles nous vivons et travaillons.<\/li>\n<li>Durabilit\u00e9 : Nous nous engageons \u00e0 assurer un avenir durable et \u00e0 am\u00e9liorer notre empreinte \u00e9cologique.<\/li>\n<li>Le plaisir : Nous maintenons une atmosph\u00e8re o\u00f9 le travail et l&#8217;engagement sont r\u00e9compens\u00e9s par un plaisir l\u00e9ger.<\/li>\n<\/ul>\n\t\t\t\t\t\t\t\t<\/div>\n\t\t\t\t<\/div>\n\t\t\t\t\t<\/div>\n\t\t<\/div>\n\t\t\t\t\t<\/div>\n\t\t<\/section>\n\t\t\t\t\t<\/div>\n\t\t<\/div>\n\t\t\t\t\t<\/div>\n\t\t<\/section>\n\t\t\t\t<section class=\"elementor-section elementor-top-section elementor-element elementor-element-c4995b5 elementor-section-boxed elementor-section-height-default elementor-section-height-default\" data-id=\"c4995b5\" data-element_type=\"section\" data-e-type=\"section\" data-settings=\"{&quot;background_background&quot;:&quot;classic&quot;}\">\n\t\t\t\t\t\t<div class=\"elementor-container elementor-column-gap-default\">\n\t\t\t\t\t<div class=\"elementor-column elementor-col-100 elementor-top-column elementor-element elementor-element-7d5fdf6\" data-id=\"7d5fdf6\" data-element_type=\"column\" data-e-type=\"column\">\n\t\t\t<div class=\"elementor-widget-wrap elementor-element-populated\">\n\t\t\t\t\t\t<div class=\"elementor-element elementor-element-fe3438d elementor-widget elementor-widget-shortcode\" data-id=\"fe3438d\" data-element_type=\"widget\" data-e-type=\"widget\" data-widget_type=\"shortcode.default\">\n\t\t\t\t<div class=\"elementor-widget-container\">\n\t\t\t\t\t\t\t<div class=\"elementor-shortcode\"><h3 class=\"ai-child-pages-title\">Explorer plus<\/h3><ul class=\"ai-child-pages\"><li class=\"page_item page-item-5442\"><a href=\"https:\/\/www.amsted.com\/fr\/a-propos\/conseil-dadministration\/\">Conseil d&#8217;administration<\/a><\/li>\n<li class=\"page_item page-item-5448\"><a href=\"https:\/\/www.amsted.com\/fr\/a-propos\/code-de-conduite\/\">Code de conduite<\/a><\/li>\n<li class=\"page_item page-item-5460\"><a href=\"https:\/\/www.amsted.com\/fr\/a-propos\/esg\/\">ESG<\/a><\/li>\n<li class=\"page_item page-item-5472\"><a href=\"https:\/\/www.amsted.com\/fr\/a-propos\/histoire\/\">Histoire<\/a><\/li>\n<li class=\"page_item page-item-5474 page_item_has_children\"><a href=\"https:\/\/www.amsted.com\/fr\/a-propos\/equipe-de-direction\/\">\u00c9quipe de direction<\/a><\/li>\n<\/ul><\/div>\n\t\t\t\t\t\t<\/div>\n\t\t\t\t<\/div>\n\t\t\t\t\t<\/div>\n\t\t<\/div>\n\t\t\t\t\t<\/div>\n\t\t<\/section>\n\t\t\t\t<\/div>\n\t\t","protected":false},"excerpt":{"rendered":"<p>\u00c0 propos d&#8217;Amsted Industries Amsted Industries est un fabricant mondial diversifi\u00e9 de composants industriels servant principalement les march\u00e9s du chemin de fer, de l&#8217;automobile, des v\u00e9hicules commerciaux, de la construction et du b\u00e2timent. En combinant des processus de fabrication de pointe avec une histoire d&#8217;innovation continue, nous sommes fiers d&#8217;\u00eatre des leaders dans chacun des [&hellip;]<\/p>\n","protected":false},"author":1,"featured_media":0,"parent":0,"menu_order":0,"comment_status":"closed","ping_status":"closed","template":"","meta":{"_acf_changed":false,"footnotes":""},"search-category":[],"class_list":["post-5426","page","type-page","status-publish","hentry"],"acf":[],"yoast_head":"<!-- This site is optimized with the Yoast SEO plugin v27.5 - https:\/\/yoast.com\/product\/yoast-seo-wordpress\/ -->\n<title>\u00c0 propos - Amsted Industries<\/title>\n<meta name=\"robots\" content=\"index, follow, max-snippet:-1, max-image-preview:large, max-video-preview:-1\" \/>\n<link rel=\"canonical\" href=\"https:\/\/www.amsted.com\/fr\/a-propos\/\" \/>\n<meta property=\"og:locale\" content=\"fr_FR\" \/>\n<meta property=\"og:type\" content=\"article\" \/>\n<meta property=\"og:title\" content=\"\u00c0 propos - Amsted Industries\" \/>\n<meta property=\"og:description\" content=\"\u00c0 propos d&#8217;Amsted Industries Amsted Industries est un fabricant mondial diversifi\u00e9 de composants industriels servant principalement les march\u00e9s du chemin de fer, de l&#8217;automobile, des v\u00e9hicules commerciaux, de la construction et du b\u00e2timent. En combinant des processus de fabrication de pointe avec une histoire d&#8217;innovation continue, nous sommes fiers d&#8217;\u00eatre des leaders dans chacun des [&hellip;]\" \/>\n<meta property=\"og:url\" content=\"https:\/\/www.amsted.com\/fr\/a-propos\/\" \/>\n<meta property=\"og:site_name\" content=\"Amsted Industries\" \/>\n<meta property=\"article:modified_time\" content=\"2022-09-15T15:24:13+00:00\" \/>\n<meta name=\"twitter:card\" content=\"summary_large_image\" \/>\n<meta name=\"twitter:label1\" content=\"Est. reading time\" \/>\n\t<meta name=\"twitter:data1\" content=\"1 minute\" \/>\n<script type=\"application\/ld+json\" class=\"yoast-schema-graph\">{\"@context\":\"https:\\\/\\\/schema.org\",\"@graph\":[{\"@type\":\"WebPage\",\"@id\":\"https:\\\/\\\/www.amsted.com\\\/fr\\\/a-propos\\\/\",\"url\":\"https:\\\/\\\/www.amsted.com\\\/fr\\\/a-propos\\\/\",\"name\":\"\u00c0 propos - Amsted Industries\",\"isPartOf\":{\"@id\":\"https:\\\/\\\/www.amsted.com\\\/fr\\\/#website\"},\"datePublished\":\"2022-05-31T15:33:23+00:00\",\"dateModified\":\"2022-09-15T15:24:13+00:00\",\"breadcrumb\":{\"@id\":\"https:\\\/\\\/www.amsted.com\\\/fr\\\/a-propos\\\/#breadcrumb\"},\"inLanguage\":\"fr-FR\",\"potentialAction\":[{\"@type\":\"ReadAction\",\"target\":[\"https:\\\/\\\/www.amsted.com\\\/fr\\\/a-propos\\\/\"]}]},{\"@type\":\"BreadcrumbList\",\"@id\":\"https:\\\/\\\/www.amsted.com\\\/fr\\\/a-propos\\\/#breadcrumb\",\"itemListElement\":[{\"@type\":\"ListItem\",\"position\":1,\"name\":\"Home\",\"item\":\"https:\\\/\\\/www.amsted.com\\\/fr\\\/homepage\\\/\"},{\"@type\":\"ListItem\",\"position\":2,\"name\":\"\u00c0 propos\"}]},{\"@type\":\"WebSite\",\"@id\":\"https:\\\/\\\/www.amsted.com\\\/fr\\\/#website\",\"url\":\"https:\\\/\\\/www.amsted.com\\\/fr\\\/\",\"name\":\"Amsted Industries\",\"description\":\"Just another WordPress site\",\"potentialAction\":[{\"@type\":\"SearchAction\",\"target\":{\"@type\":\"EntryPoint\",\"urlTemplate\":\"https:\\\/\\\/www.amsted.com\\\/fr\\\/?s={search_term_string}\"},\"query-input\":{\"@type\":\"PropertyValueSpecification\",\"valueRequired\":true,\"valueName\":\"search_term_string\"}}],\"inLanguage\":\"fr-FR\"}]}<\/script>\n<!-- \/ Yoast SEO plugin. -->","yoast_head_json":{"title":"\u00c0 propos - Amsted Industries","robots":{"index":"index","follow":"follow","max-snippet":"max-snippet:-1","max-image-preview":"max-image-preview:large","max-video-preview":"max-video-preview:-1"},"canonical":"https:\/\/www.amsted.com\/fr\/a-propos\/","og_locale":"fr_FR","og_type":"article","og_title":"\u00c0 propos - Amsted Industries","og_description":"\u00c0 propos d&#8217;Amsted Industries Amsted Industries est un fabricant mondial diversifi\u00e9 de composants industriels servant principalement les march\u00e9s du chemin de fer, de l&#8217;automobile, des v\u00e9hicules commerciaux, de la construction et du b\u00e2timent. En combinant des processus de fabrication de pointe avec une histoire d&#8217;innovation continue, nous sommes fiers d&#8217;\u00eatre des leaders dans chacun des [&hellip;]","og_url":"https:\/\/www.amsted.com\/fr\/a-propos\/","og_site_name":"Amsted Industries","article_modified_time":"2022-09-15T15:24:13+00:00","twitter_card":"summary_large_image","twitter_misc":{"Est. reading time":"1 minute"},"schema":{"@context":"https:\/\/schema.org","@graph":[{"@type":"WebPage","@id":"https:\/\/www.amsted.com\/fr\/a-propos\/","url":"https:\/\/www.amsted.com\/fr\/a-propos\/","name":"\u00c0 propos - Amsted Industries","isPartOf":{"@id":"https:\/\/www.amsted.com\/fr\/#website"},"datePublished":"2022-05-31T15:33:23+00:00","dateModified":"2022-09-15T15:24:13+00:00","breadcrumb":{"@id":"https:\/\/www.amsted.com\/fr\/a-propos\/#breadcrumb"},"inLanguage":"fr-FR","potentialAction":[{"@type":"ReadAction","target":["https:\/\/www.amsted.com\/fr\/a-propos\/"]}]},{"@type":"BreadcrumbList","@id":"https:\/\/www.amsted.com\/fr\/a-propos\/#breadcrumb","itemListElement":[{"@type":"ListItem","position":1,"name":"Home","item":"https:\/\/www.amsted.com\/fr\/homepage\/"},{"@type":"ListItem","position":2,"name":"\u00c0 propos"}]},{"@type":"WebSite","@id":"https:\/\/www.amsted.com\/fr\/#website","url":"https:\/\/www.amsted.com\/fr\/","name":"Amsted Industries","description":"Just another WordPress site","potentialAction":[{"@type":"SearchAction","target":{"@type":"EntryPoint","urlTemplate":"https:\/\/www.amsted.com\/fr\/?s={search_term_string}"},"query-input":{"@type":"PropertyValueSpecification","valueRequired":true,"valueName":"search_term_string"}}],"inLanguage":"fr-FR"}]}},"_links":{"self":[{"href":"https:\/\/www.amsted.com\/fr\/wp-json\/wp\/v2\/pages\/5426","targetHints":{"allow":["GET"]}}],"collection":[{"href":"https:\/\/www.amsted.com\/fr\/wp-json\/wp\/v2\/pages"}],"about":[{"href":"https:\/\/www.amsted.com\/fr\/wp-json\/wp\/v2\/types\/page"}],"author":[{"embeddable":true,"href":"https:\/\/www.amsted.com\/fr\/wp-json\/wp\/v2\/users\/1"}],"replies":[{"embeddable":true,"href":"https:\/\/www.amsted.com\/fr\/wp-json\/wp\/v2\/comments?post=5426"}],"version-history":[{"count":1,"href":"https:\/\/www.amsted.com\/fr\/wp-json\/wp\/v2\/pages\/5426\/revisions"}],"predecessor-version":[{"id":5427,"href":"https:\/\/www.amsted.com\/fr\/wp-json\/wp\/v2\/pages\/5426\/revisions\/5427"}],"wp:attachment":[{"href":"https:\/\/www.amsted.com\/fr\/wp-json\/wp\/v2\/media?parent=5426"}],"wp:term":[{"taxonomy":"search-category","embeddable":true,"href":"https:\/\/www.amsted.com\/fr\/wp-json\/wp\/v2\/search-category?post=5426"}],"curies":[{"name":"wp","href":"https:\/\/api.w.org\/{rel}","templated":true}]}}