{"id":5848,"date":"2022-06-02T02:31:40","date_gmt":"2022-06-02T02:31:40","guid":{"rendered":"https:\/\/live-amsted-industries.pantheonsite.io\/productos-y-servicios\/movilidad-electrica\/"},"modified":"2022-09-16T15:15:09","modified_gmt":"2022-09-16T15:15:09","slug":"movilidad-electrica","status":"publish","type":"page","link":"https:\/\/www.amsted.com\/es\/productos-y-servicios\/movilidad-electrica\/","title":{"rendered":"Movilidad el\u00e9ctrica"},"content":{"rendered":"\t\t<div data-elementor-type=\"wp-page\" data-elementor-id=\"5848\" class=\"elementor elementor-5848 elementor-188\" data-elementor-post-type=\"page\">\n\t\t\t\t\t\t<section class=\"elementor-section elementor-top-section elementor-element elementor-element-fe7b55d elementor-section-height-min-height elementor-section-full_width elementor-section-height-default elementor-section-items-middle\" data-id=\"fe7b55d\" data-element_type=\"section\" data-e-type=\"section\" data-settings=\"{&quot;background_background&quot;:&quot;classic&quot;}\">\n\t\t\t\t\t\t\t<div class=\"elementor-background-overlay\"><\/div>\n\t\t\t\t\t\t\t<div class=\"elementor-container elementor-column-gap-default\">\n\t\t\t\t\t<div class=\"elementor-column elementor-col-100 elementor-top-column elementor-element elementor-element-66d0745\" data-id=\"66d0745\" data-element_type=\"column\" data-e-type=\"column\">\n\t\t\t<div class=\"elementor-widget-wrap elementor-element-populated\">\n\t\t\t\t\t\t<section class=\"elementor-section elementor-inner-section elementor-element elementor-element-31f8df5 elementor-section-boxed elementor-section-height-default elementor-section-height-default\" data-id=\"31f8df5\" data-element_type=\"section\" data-e-type=\"section\" data-settings=\"{&quot;background_background&quot;:&quot;video&quot;}\">\n\t\t\t\t\t\t<div class=\"elementor-container elementor-column-gap-default\">\n\t\t\t\t\t<div class=\"elementor-column elementor-col-50 elementor-inner-column elementor-element elementor-element-3f2d0ad\" data-id=\"3f2d0ad\" data-element_type=\"column\" data-e-type=\"column\">\n\t\t\t<div class=\"elementor-widget-wrap elementor-element-populated\">\n\t\t\t\t\t\t<div class=\"elementor-element elementor-element-4987f28 animated-slow elementor-invisible elementor-widget elementor-widget-heading\" data-id=\"4987f28\" data-element_type=\"widget\" data-e-type=\"widget\" data-settings=\"{&quot;_animation&quot;:&quot;fadeIn&quot;}\" data-widget_type=\"heading.default\">\n\t\t\t\t<div class=\"elementor-widget-container\">\n\t\t\t\t\t<h3 class=\"elementor-heading-title elementor-size-default\"><a href=\"https:\/\/www.amsted.com\/es\/productos-y-servicios\/\">Productos y servicios<\/a><\/h3>\t\t\t\t<\/div>\n\t\t\t\t<\/div>\n\t\t\t\t<div class=\"elementor-element elementor-element-f36d510 animated-slow elementor-invisible elementor-widget elementor-widget-heading\" data-id=\"f36d510\" data-element_type=\"widget\" data-e-type=\"widget\" data-settings=\"{&quot;_animation&quot;:&quot;fadeIn&quot;}\" data-widget_type=\"heading.default\">\n\t\t\t\t<div class=\"elementor-widget-container\">\n\t\t\t\t\t<h1 class=\"elementor-heading-title elementor-size-default\">Movilidad el\u00e9ctrica<\/h1>\t\t\t\t<\/div>\n\t\t\t\t<\/div>\n\t\t\t\t<div class=\"elementor-element elementor-element-607a55b elementor-invisible elementor-widget elementor-widget-text-editor\" data-id=\"607a55b\" data-element_type=\"widget\" data-e-type=\"widget\" data-settings=\"{&quot;_animation&quot;:&quot;fadeIn&quot;,&quot;_animation_delay&quot;:100}\" data-widget_type=\"text-editor.default\">\n\t\t\t\t<div class=\"elementor-widget-container\">\n\t\t\t\t\t\t\t\t\t<p>Nuestra inversi\u00f3n en tecnolog\u00eda con visi\u00f3n de futuro se alinea con la evoluci\u00f3n de los negocios de nuestros clientes, as\u00ed como con nuestra visi\u00f3n de un futuro m\u00e1s limpio y eficiente.<\/p>\n\t\t\t\t\t\t\t\t<\/div>\n\t\t\t\t<\/div>\n\t\t\t\t\t<\/div>\n\t\t<\/div>\n\t\t\t\t<div class=\"elementor-column elementor-col-50 elementor-inner-column elementor-element elementor-element-49c775b\" data-id=\"49c775b\" data-element_type=\"column\" data-e-type=\"column\">\n\t\t\t<div class=\"elementor-widget-wrap\">\n\t\t\t\t\t\t\t<\/div>\n\t\t<\/div>\n\t\t\t\t\t<\/div>\n\t\t<\/section>\n\t\t\t\t\t<\/div>\n\t\t<\/div>\n\t\t\t\t\t<\/div>\n\t\t<\/section>\n\t\t\t\t<section class=\"elementor-section elementor-top-section elementor-element elementor-element-3e42443 elementor-section-full_width elementor-section-height-default elementor-section-height-default\" data-id=\"3e42443\" data-element_type=\"section\" data-e-type=\"section\" data-settings=\"{&quot;background_background&quot;:&quot;classic&quot;}\">\n\t\t\t\t\t\t<div class=\"elementor-container elementor-column-gap-default\">\n\t\t\t\t\t<div class=\"elementor-column elementor-col-100 elementor-top-column elementor-element elementor-element-86264da\" data-id=\"86264da\" data-element_type=\"column\" data-e-type=\"column\">\n\t\t\t<div class=\"elementor-widget-wrap elementor-element-populated\">\n\t\t\t\t\t\t<section class=\"elementor-section elementor-inner-section elementor-element elementor-element-c8413ce main-content elementor-section-boxed elementor-section-height-default elementor-section-height-default\" data-id=\"c8413ce\" data-element_type=\"section\" data-e-type=\"section\">\n\t\t\t\t\t\t<div class=\"elementor-container elementor-column-gap-default\">\n\t\t\t\t\t<div class=\"elementor-column elementor-col-50 elementor-inner-column elementor-element elementor-element-28da50c\" data-id=\"28da50c\" data-element_type=\"column\" data-e-type=\"column\">\n\t\t\t<div class=\"elementor-widget-wrap elementor-element-populated\">\n\t\t\t\t\t\t<div class=\"elementor-element elementor-element-793ea33 elementor-widget elementor-widget-heading\" data-id=\"793ea33\" data-element_type=\"widget\" data-e-type=\"widget\" data-widget_type=\"heading.default\">\n\t\t\t\t<div class=\"elementor-widget-container\">\n\t\t\t\t\t<h2 class=\"elementor-heading-title elementor-size-default\">Soluciones el\u00e9ctricas para la automoci\u00f3n<\/h2>\t\t\t\t<\/div>\n\t\t\t\t<\/div>\n\t\t\t\t<div class=\"elementor-element elementor-element-427e322 elementor-widget elementor-widget-text-editor\" data-id=\"427e322\" data-element_type=\"widget\" data-e-type=\"widget\" data-widget_type=\"text-editor.default\">\n\t\t\t\t<div class=\"elementor-widget-container\">\n\t\t\t\t\t\t\t\t\t<p>Amsted Automotive est\u00e1 integrando soluciones de tecnolog\u00eda de procesos y productos para Veh\u00edculos El\u00e9ctricos H\u00edbridos (HEV, por sus siglas en ingl\u00e9s) y Veh\u00edculo El\u00e9ctricos de Bater\u00eda (BEV, por sus siglas en ingl\u00e9s).<\/p>\n<ul>\n<li>\u25cf Sistemas de cambio de varias velocidades<\/li>\n<li>\u25cf Sistemas de bloqueo de parqueo el\u00e9ctrico<\/li>\n<li>\u25cf Soluciones de sistemas para cambio de aceleraci\u00f3n de propulsi\u00f3n<\/li>\n<li>\u25cf Soluciones de componentes para motores el\u00e9ctricos<\/li>\n<li>\u25cf Sistemas y componentes de desconexi\u00f3n de la transmisi\u00f3n<\/li>\n<li>\u25cf Componentes de suspensi\u00f3n<\/li>\n<li>\u25cf Componentes de frenos<\/li>\n<li>\u25cf Estructuras, seguridad y peso ligero del veh\u00edculo<\/li>\n<\/ul>\n\t\t\t\t\t\t\t\t<\/div>\n\t\t\t\t<\/div>\n\t\t\t\t<div class=\"elementor-element elementor-element-e9fcf5a ai-blue-btn elementor-widget elementor-widget-button\" data-id=\"e9fcf5a\" data-element_type=\"widget\" data-e-type=\"widget\" data-widget_type=\"button.default\">\n\t\t\t\t<div class=\"elementor-widget-container\">\n\t\t\t\t\t\t\t\t\t<div class=\"elementor-button-wrapper\">\n\t\t\t\t\t<a class=\"elementor-button elementor-button-link elementor-size-sm elementor-animation-float\" href=\"https:\/\/amstedauto.com\" target=\"_blank\">\n\t\t\t\t\t\t<span class=\"elementor-button-content-wrapper\">\n\t\t\t\t\t\t<span class=\"elementor-button-icon\">\n\t\t\t\t<i aria-hidden=\"true\" class=\"fas fa-long-arrow-alt-right\"><\/i>\t\t\t<\/span>\n\t\t\t\t\t\t\t\t\t<span class=\"elementor-button-text\">M\u00e1s informaci\u00f3n<\/span>\n\t\t\t\t\t<\/span>\n\t\t\t\t\t<\/a>\n\t\t\t\t<\/div>\n\t\t\t\t\t\t\t\t<\/div>\n\t\t\t\t<\/div>\n\t\t\t\t\t<\/div>\n\t\t<\/div>\n\t\t\t\t<div class=\"elementor-column elementor-col-50 elementor-inner-column elementor-element elementor-element-f87002a\" data-id=\"f87002a\" data-element_type=\"column\" data-e-type=\"column\">\n\t\t\t<div class=\"elementor-widget-wrap elementor-element-populated\">\n\t\t\t\t\t\t<div class=\"elementor-element elementor-element-76e8a8c elementor-widget elementor-widget-image\" data-id=\"76e8a8c\" data-element_type=\"widget\" data-e-type=\"widget\" data-widget_type=\"image.default\">\n\t\t\t\t<div class=\"elementor-widget-container\">\n\t\t\t\t\t\t\t\t\t\t\t\t\t\t\t<img fetchpriority=\"high\" decoding=\"async\" width=\"800\" height=\"800\" src=\"https:\/\/www.amsted.com\/wp-content\/uploads\/2022\/08\/aa-ev-product.jpg\" class=\"attachment-large size-large wp-image-3769\" alt=\"\" srcset=\"https:\/\/www.amsted.com\/wp-content\/uploads\/2022\/08\/aa-ev-product.jpg 800w, https:\/\/www.amsted.com\/wp-content\/uploads\/2022\/08\/aa-ev-product-300x300.jpg 300w, https:\/\/www.amsted.com\/wp-content\/uploads\/2022\/08\/aa-ev-product-150x150.jpg 150w, https:\/\/www.amsted.com\/wp-content\/uploads\/2022\/08\/aa-ev-product-768x768.jpg 768w\" sizes=\"(max-width: 800px) 100vw, 800px\" \/>\t\t\t\t\t\t\t\t\t\t\t\t\t\t\t<\/div>\n\t\t\t\t<\/div>\n\t\t\t\t\t<\/div>\n\t\t<\/div>\n\t\t\t\t\t<\/div>\n\t\t<\/section>\n\t\t\t\t<section class=\"elementor-section elementor-inner-section elementor-element elementor-element-7777b1f main-content elementor-section-boxed elementor-section-height-default elementor-section-height-default\" data-id=\"7777b1f\" data-element_type=\"section\" data-e-type=\"section\">\n\t\t\t\t\t\t<div class=\"elementor-container elementor-column-gap-default\">\n\t\t\t\t\t<div class=\"elementor-column elementor-col-50 elementor-inner-column elementor-element elementor-element-fe645ff\" data-id=\"fe645ff\" data-element_type=\"column\" data-e-type=\"column\">\n\t\t\t<div class=\"elementor-widget-wrap elementor-element-populated\">\n\t\t\t\t\t\t<div class=\"elementor-element elementor-element-0a96150 elementor-widget elementor-widget-heading\" data-id=\"0a96150\" data-element_type=\"widget\" data-e-type=\"widget\" data-widget_type=\"heading.default\">\n\t\t\t\t<div class=\"elementor-widget-container\">\n\t\t\t\t\t<h2 class=\"elementor-heading-title elementor-size-default\">Soluciones el\u00e9ctricas para veh\u00edculos comerciales<\/h2>\t\t\t\t<\/div>\n\t\t\t\t<\/div>\n\t\t\t\t<div class=\"elementor-element elementor-element-5bcb2b5 elementor-widget elementor-widget-text-editor\" data-id=\"5bcb2b5\" data-element_type=\"widget\" data-e-type=\"widget\" data-widget_type=\"text-editor.default\">\n\t\t\t\t<div class=\"elementor-widget-container\">\n\t\t\t\t\t\t\t\t\t<p>ConMet eMobility est\u00e1 permitiendo el desarrollo de veh\u00edculos comerciales sin emisiones, ayudando a las flotas a superar los objetivos de sostenibilidad al tiempo que logra el equilibrio adecuado entre la mejora del ahorro de combustible, la reducci\u00f3n de emisiones y el rendimiento.<\/p>\n<ul>\n<li>\u25cf El buje el\u00e9ctrico PreSet Plus (eHub\u2122) integra un motor el\u00e9ctrico con un conjunto de buje PreSet Plus l\u00edder en la industria para capturar energ\u00eda regenerada que se desperdiciar\u00eda de otro modo, como calor de los frenos de fricci\u00f3n, proporcionando energ\u00eda auxiliar y asistencia de propulsi\u00f3n al veh\u00edculo.<\/li>\n<\/ul>\n\t\t\t\t\t\t\t\t<\/div>\n\t\t\t\t<\/div>\n\t\t\t\t<div class=\"elementor-element elementor-element-840aafa ai-blue-btn elementor-widget elementor-widget-button\" data-id=\"840aafa\" data-element_type=\"widget\" data-e-type=\"widget\" data-widget_type=\"button.default\">\n\t\t\t\t<div class=\"elementor-widget-container\">\n\t\t\t\t\t\t\t\t\t<div class=\"elementor-button-wrapper\">\n\t\t\t\t\t<a class=\"elementor-button elementor-button-link elementor-size-sm elementor-animation-float\" href=\"https:\/\/conmet.com\/innovation\/emobility\/\" target=\"_blank\">\n\t\t\t\t\t\t<span class=\"elementor-button-content-wrapper\">\n\t\t\t\t\t\t<span class=\"elementor-button-icon\">\n\t\t\t\t<i aria-hidden=\"true\" class=\"fas fa-long-arrow-alt-right\"><\/i>\t\t\t<\/span>\n\t\t\t\t\t\t\t\t\t<span class=\"elementor-button-text\">M\u00e1s informaci\u00f3n<\/span>\n\t\t\t\t\t<\/span>\n\t\t\t\t\t<\/a>\n\t\t\t\t<\/div>\n\t\t\t\t\t\t\t\t<\/div>\n\t\t\t\t<\/div>\n\t\t\t\t\t<\/div>\n\t\t<\/div>\n\t\t\t\t<div class=\"elementor-column elementor-col-50 elementor-inner-column elementor-element elementor-element-51fe511\" data-id=\"51fe511\" data-element_type=\"column\" data-e-type=\"column\">\n\t\t\t<div class=\"elementor-widget-wrap elementor-element-populated\">\n\t\t\t\t\t\t<div class=\"elementor-element elementor-element-458b0b2 elementor-widget elementor-widget-image\" data-id=\"458b0b2\" data-element_type=\"widget\" data-e-type=\"widget\" data-widget_type=\"image.default\">\n\t\t\t\t<div class=\"elementor-widget-container\">\n\t\t\t\t\t\t\t\t\t\t\t\t\t\t\t<img decoding=\"async\" width=\"800\" height=\"800\" src=\"https:\/\/www.amsted.com\/wp-content\/uploads\/2022\/06\/emobility-conmet.jpg\" class=\"attachment-large size-large wp-image-2045\" alt=\"\" srcset=\"https:\/\/www.amsted.com\/wp-content\/uploads\/2022\/06\/emobility-conmet.jpg 800w, https:\/\/www.amsted.com\/wp-content\/uploads\/2022\/06\/emobility-conmet-300x300.jpg 300w, https:\/\/www.amsted.com\/wp-content\/uploads\/2022\/06\/emobility-conmet-150x150.jpg 150w, https:\/\/www.amsted.com\/wp-content\/uploads\/2022\/06\/emobility-conmet-768x768.jpg 768w\" sizes=\"(max-width: 800px) 100vw, 800px\" \/>\t\t\t\t\t\t\t\t\t\t\t\t\t\t\t<\/div>\n\t\t\t\t<\/div>\n\t\t\t\t\t<\/div>\n\t\t<\/div>\n\t\t\t\t\t<\/div>\n\t\t<\/section>\n\t\t\t\t\t<\/div>\n\t\t<\/div>\n\t\t\t\t\t<\/div>\n\t\t<\/section>\n\t\t\t\t<section class=\"elementor-section elementor-top-section elementor-element elementor-element-6d6febb elementor-section-boxed elementor-section-height-default elementor-section-height-default\" data-id=\"6d6febb\" data-element_type=\"section\" data-e-type=\"section\" data-settings=\"{&quot;background_background&quot;:&quot;classic&quot;}\">\n\t\t\t\t\t\t<div class=\"elementor-container elementor-column-gap-default\">\n\t\t\t\t\t<div class=\"elementor-column elementor-col-100 elementor-top-column elementor-element elementor-element-9c4a4fb\" data-id=\"9c4a4fb\" data-element_type=\"column\" data-e-type=\"column\">\n\t\t\t<div class=\"elementor-widget-wrap elementor-element-populated\">\n\t\t\t\t\t\t<div class=\"elementor-element elementor-element-3933a79 elementor-widget elementor-widget-shortcode\" data-id=\"3933a79\" data-element_type=\"widget\" data-e-type=\"widget\" data-widget_type=\"shortcode.default\">\n\t\t\t\t<div class=\"elementor-widget-container\">\n\t\t\t\t\t\t\t<div class=\"elementor-shortcode\"><\/div>\n\t\t\t\t\t\t<\/div>\n\t\t\t\t<\/div>\n\t\t\t\t\t<\/div>\n\t\t<\/div>\n\t\t\t\t\t<\/div>\n\t\t<\/section>\n\t\t\t\t<\/div>\n\t\t","protected":false},"excerpt":{"rendered":"<p>Productos y servicios Movilidad el\u00e9ctrica Nuestra inversi\u00f3n en tecnolog\u00eda con visi\u00f3n de futuro se alinea con la evoluci\u00f3n de los negocios de nuestros clientes, as\u00ed como con nuestra visi\u00f3n de un futuro m\u00e1s limpio y eficiente. Soluciones el\u00e9ctricas para la automoci\u00f3n Amsted Automotive est\u00e1 integrando soluciones de tecnolog\u00eda de procesos y productos para Veh\u00edculos El\u00e9ctricos [&hellip;]<\/p>\n","protected":false},"author":1,"featured_media":0,"parent":5809,"menu_order":0,"comment_status":"closed","ping_status":"closed","template":"","meta":{"_acf_changed":false,"footnotes":""},"search-category":[21],"class_list":["post-5848","page","type-page","status-publish","hentry","search-category-products-services"],"acf":[],"yoast_head":"<!-- This site is optimized with the Yoast SEO plugin v27.2 - https:\/\/yoast.com\/product\/yoast-seo-wordpress\/ -->\n<title>Movilidad el\u00e9ctrica - Amsted Industries<\/title>\n<meta name=\"robots\" content=\"index, follow, max-snippet:-1, max-image-preview:large, max-video-preview:-1\" \/>\n<link rel=\"canonical\" href=\"https:\/\/www.amsted.com\/es\/productos-y-servicios\/movilidad-electrica\/\" \/>\n<meta property=\"og:locale\" content=\"es_ES\" \/>\n<meta property=\"og:type\" content=\"article\" \/>\n<meta property=\"og:title\" content=\"Movilidad el\u00e9ctrica - Amsted Industries\" \/>\n<meta property=\"og:description\" content=\"Productos y servicios Movilidad el\u00e9ctrica Nuestra inversi\u00f3n en tecnolog\u00eda con visi\u00f3n de futuro se alinea con la evoluci\u00f3n de los negocios de nuestros clientes, as\u00ed como con nuestra visi\u00f3n de un futuro m\u00e1s limpio y eficiente. Soluciones el\u00e9ctricas para la automoci\u00f3n Amsted Automotive est\u00e1 integrando soluciones de tecnolog\u00eda de procesos y productos para Veh\u00edculos El\u00e9ctricos [&hellip;]\" \/>\n<meta property=\"og:url\" content=\"https:\/\/www.amsted.com\/es\/productos-y-servicios\/movilidad-electrica\/\" \/>\n<meta property=\"og:site_name\" content=\"Amsted Industries\" \/>\n<meta property=\"article:modified_time\" content=\"2022-09-16T15:15:09+00:00\" \/>\n<meta property=\"og:image\" content=\"https:\/\/live-amsted-industries.pantheonsite.io\/wp-content\/uploads\/2022\/08\/aa-ev-product.jpg\" \/>\n<meta name=\"twitter:card\" content=\"summary_large_image\" \/>\n<meta name=\"twitter:label1\" content=\"Est. reading time\" \/>\n\t<meta name=\"twitter:data1\" content=\"1 minute\" \/>\n<script type=\"application\/ld+json\" class=\"yoast-schema-graph\">{\"@context\":\"https:\/\/schema.org\",\"@graph\":[{\"@type\":\"WebPage\",\"@id\":\"https:\/\/www.amsted.com\/es\/productos-y-servicios\/movilidad-electrica\/\",\"url\":\"https:\/\/www.amsted.com\/es\/productos-y-servicios\/movilidad-electrica\/\",\"name\":\"Movilidad el\u00e9ctrica - Amsted Industries\",\"isPartOf\":{\"@id\":\"https:\/\/www.amsted.com\/es\/#website\"},\"primaryImageOfPage\":{\"@id\":\"https:\/\/www.amsted.com\/es\/productos-y-servicios\/movilidad-electrica\/#primaryimage\"},\"image\":{\"@id\":\"https:\/\/www.amsted.com\/es\/productos-y-servicios\/movilidad-electrica\/#primaryimage\"},\"thumbnailUrl\":\"https:\/\/live-amsted-industries.pantheonsite.io\/wp-content\/uploads\/2022\/08\/aa-ev-product.jpg\",\"datePublished\":\"2022-06-02T02:31:40+00:00\",\"dateModified\":\"2022-09-16T15:15:09+00:00\",\"breadcrumb\":{\"@id\":\"https:\/\/www.amsted.com\/es\/productos-y-servicios\/movilidad-electrica\/#breadcrumb\"},\"inLanguage\":\"es-ES\",\"potentialAction\":[{\"@type\":\"ReadAction\",\"target\":[\"https:\/\/www.amsted.com\/es\/productos-y-servicios\/movilidad-electrica\/\"]}]},{\"@type\":\"ImageObject\",\"inLanguage\":\"es-ES\",\"@id\":\"https:\/\/www.amsted.com\/es\/productos-y-servicios\/movilidad-electrica\/#primaryimage\",\"url\":\"https:\/\/live-amsted-industries.pantheonsite.io\/wp-content\/uploads\/2022\/08\/aa-ev-product.jpg\",\"contentUrl\":\"https:\/\/live-amsted-industries.pantheonsite.io\/wp-content\/uploads\/2022\/08\/aa-ev-product.jpg\"},{\"@type\":\"BreadcrumbList\",\"@id\":\"https:\/\/www.amsted.com\/es\/productos-y-servicios\/movilidad-electrica\/#breadcrumb\",\"itemListElement\":[{\"@type\":\"ListItem\",\"position\":1,\"name\":\"Home\",\"item\":\"https:\/\/www.amsted.com\/es\/homepage\/\"},{\"@type\":\"ListItem\",\"position\":2,\"name\":\"Productos y servicios\",\"item\":\"https:\/\/www.amsted.com\/es\/productos-y-servicios\/\"},{\"@type\":\"ListItem\",\"position\":3,\"name\":\"Movilidad el\u00e9ctrica\"}]},{\"@type\":\"WebSite\",\"@id\":\"https:\/\/www.amsted.com\/es\/#website\",\"url\":\"https:\/\/www.amsted.com\/es\/\",\"name\":\"Amsted Industries\",\"description\":\"Just another WordPress site\",\"potentialAction\":[{\"@type\":\"SearchAction\",\"target\":{\"@type\":\"EntryPoint\",\"urlTemplate\":\"https:\/\/www.amsted.com\/es\/?s={search_term_string}\"},\"query-input\":{\"@type\":\"PropertyValueSpecification\",\"valueRequired\":true,\"valueName\":\"search_term_string\"}}],\"inLanguage\":\"es-ES\"}]}<\/script>\n<!-- \/ Yoast SEO plugin. -->","yoast_head_json":{"title":"Movilidad el\u00e9ctrica - Amsted Industries","robots":{"index":"index","follow":"follow","max-snippet":"max-snippet:-1","max-image-preview":"max-image-preview:large","max-video-preview":"max-video-preview:-1"},"canonical":"https:\/\/www.amsted.com\/es\/productos-y-servicios\/movilidad-electrica\/","og_locale":"es_ES","og_type":"article","og_title":"Movilidad el\u00e9ctrica - Amsted Industries","og_description":"Productos y servicios Movilidad el\u00e9ctrica Nuestra inversi\u00f3n en tecnolog\u00eda con visi\u00f3n de futuro se alinea con la evoluci\u00f3n de los negocios de nuestros clientes, as\u00ed como con nuestra visi\u00f3n de un futuro m\u00e1s limpio y eficiente. Soluciones el\u00e9ctricas para la automoci\u00f3n Amsted Automotive est\u00e1 integrando soluciones de tecnolog\u00eda de procesos y productos para Veh\u00edculos El\u00e9ctricos [&hellip;]","og_url":"https:\/\/www.amsted.com\/es\/productos-y-servicios\/movilidad-electrica\/","og_site_name":"Amsted Industries","article_modified_time":"2022-09-16T15:15:09+00:00","og_image":[{"url":"https:\/\/live-amsted-industries.pantheonsite.io\/wp-content\/uploads\/2022\/08\/aa-ev-product.jpg","type":"","width":"","height":""}],"twitter_card":"summary_large_image","twitter_misc":{"Est. reading time":"1 minute"},"schema":{"@context":"https:\/\/schema.org","@graph":[{"@type":"WebPage","@id":"https:\/\/www.amsted.com\/es\/productos-y-servicios\/movilidad-electrica\/","url":"https:\/\/www.amsted.com\/es\/productos-y-servicios\/movilidad-electrica\/","name":"Movilidad el\u00e9ctrica - Amsted Industries","isPartOf":{"@id":"https:\/\/www.amsted.com\/es\/#website"},"primaryImageOfPage":{"@id":"https:\/\/www.amsted.com\/es\/productos-y-servicios\/movilidad-electrica\/#primaryimage"},"image":{"@id":"https:\/\/www.amsted.com\/es\/productos-y-servicios\/movilidad-electrica\/#primaryimage"},"thumbnailUrl":"https:\/\/live-amsted-industries.pantheonsite.io\/wp-content\/uploads\/2022\/08\/aa-ev-product.jpg","datePublished":"2022-06-02T02:31:40+00:00","dateModified":"2022-09-16T15:15:09+00:00","breadcrumb":{"@id":"https:\/\/www.amsted.com\/es\/productos-y-servicios\/movilidad-electrica\/#breadcrumb"},"inLanguage":"es-ES","potentialAction":[{"@type":"ReadAction","target":["https:\/\/www.amsted.com\/es\/productos-y-servicios\/movilidad-electrica\/"]}]},{"@type":"ImageObject","inLanguage":"es-ES","@id":"https:\/\/www.amsted.com\/es\/productos-y-servicios\/movilidad-electrica\/#primaryimage","url":"https:\/\/live-amsted-industries.pantheonsite.io\/wp-content\/uploads\/2022\/08\/aa-ev-product.jpg","contentUrl":"https:\/\/live-amsted-industries.pantheonsite.io\/wp-content\/uploads\/2022\/08\/aa-ev-product.jpg"},{"@type":"BreadcrumbList","@id":"https:\/\/www.amsted.com\/es\/productos-y-servicios\/movilidad-electrica\/#breadcrumb","itemListElement":[{"@type":"ListItem","position":1,"name":"Home","item":"https:\/\/www.amsted.com\/es\/homepage\/"},{"@type":"ListItem","position":2,"name":"Productos y servicios","item":"https:\/\/www.amsted.com\/es\/productos-y-servicios\/"},{"@type":"ListItem","position":3,"name":"Movilidad el\u00e9ctrica"}]},{"@type":"WebSite","@id":"https:\/\/www.amsted.com\/es\/#website","url":"https:\/\/www.amsted.com\/es\/","name":"Amsted Industries","description":"Just another WordPress site","potentialAction":[{"@type":"SearchAction","target":{"@type":"EntryPoint","urlTemplate":"https:\/\/www.amsted.com\/es\/?s={search_term_string}"},"query-input":{"@type":"PropertyValueSpecification","valueRequired":true,"valueName":"search_term_string"}}],"inLanguage":"es-ES"}]}},"_links":{"self":[{"href":"https:\/\/www.amsted.com\/es\/wp-json\/wp\/v2\/pages\/5848","targetHints":{"allow":["GET"]}}],"collection":[{"href":"https:\/\/www.amsted.com\/es\/wp-json\/wp\/v2\/pages"}],"about":[{"href":"https:\/\/www.amsted.com\/es\/wp-json\/wp\/v2\/types\/page"}],"author":[{"embeddable":true,"href":"https:\/\/www.amsted.com\/es\/wp-json\/wp\/v2\/users\/1"}],"replies":[{"embeddable":true,"href":"https:\/\/www.amsted.com\/es\/wp-json\/wp\/v2\/comments?post=5848"}],"version-history":[{"count":3,"href":"https:\/\/www.amsted.com\/es\/wp-json\/wp\/v2\/pages\/5848\/revisions"}],"predecessor-version":[{"id":5851,"href":"https:\/\/www.amsted.com\/es\/wp-json\/wp\/v2\/pages\/5848\/revisions\/5851"}],"up":[{"embeddable":true,"href":"https:\/\/www.amsted.com\/es\/wp-json\/wp\/v2\/pages\/5809"}],"wp:attachment":[{"href":"https:\/\/www.amsted.com\/es\/wp-json\/wp\/v2\/media?parent=5848"}],"wp:term":[{"taxonomy":"search-category","embeddable":true,"href":"https:\/\/www.amsted.com\/es\/wp-json\/wp\/v2\/search-category?post=5848"}],"curies":[{"name":"wp","href":"https:\/\/api.w.org\/{rel}","templated":true}]}}