{"id":5807,"date":"2022-06-02T02:37:02","date_gmt":"2022-06-02T02:37:02","guid":{"rendered":"https:\/\/live-amsted-industries.pantheonsite.io\/politica-de-privacidad\/"},"modified":"2022-09-16T14:29:02","modified_gmt":"2022-09-16T14:29:02","slug":"politica-de-privacidad","status":"publish","type":"page","link":"https:\/\/www.amsted.com\/es\/politica-de-privacidad\/","title":{"rendered":"Pol\u00edtica de privacidad"},"content":{"rendered":"\t\t<div data-elementor-type=\"wp-page\" data-elementor-id=\"5807\" class=\"elementor elementor-5807 elementor-220\" data-elementor-post-type=\"page\">\n\t\t\t\t\t\t<section class=\"elementor-section elementor-top-section elementor-element elementor-element-d6307f5 elementor-section-boxed elementor-section-height-default elementor-section-height-default\" data-id=\"d6307f5\" data-element_type=\"section\" data-e-type=\"section\">\n\t\t\t\t\t\t<div class=\"elementor-container elementor-column-gap-default\">\n\t\t\t\t\t<div class=\"elementor-column elementor-col-100 elementor-top-column elementor-element elementor-element-642d1df\" data-id=\"642d1df\" data-element_type=\"column\" data-e-type=\"column\">\n\t\t\t<div class=\"elementor-widget-wrap elementor-element-populated\">\n\t\t\t\t\t\t<section class=\"elementor-section elementor-inner-section elementor-element elementor-element-a2878a2 elementor-section-boxed elementor-section-height-default elementor-section-height-default\" data-id=\"a2878a2\" data-element_type=\"section\" data-e-type=\"section\" data-settings=\"{&quot;background_background&quot;:&quot;video&quot;}\">\n\t\t\t\t\t\t<div class=\"elementor-container elementor-column-gap-default\">\n\t\t\t\t\t<div class=\"elementor-column elementor-col-50 elementor-inner-column elementor-element elementor-element-a926fcd\" data-id=\"a926fcd\" data-element_type=\"column\" data-e-type=\"column\">\n\t\t\t<div class=\"elementor-widget-wrap elementor-element-populated\">\n\t\t\t\t\t\t<div class=\"elementor-element elementor-element-2b29944 elementor-widget elementor-widget-heading\" data-id=\"2b29944\" data-element_type=\"widget\" data-e-type=\"widget\" data-widget_type=\"heading.default\">\n\t\t\t\t<div class=\"elementor-widget-container\">\n\t\t\t\t\t<h1 class=\"elementor-heading-title elementor-size-default\">Pol\u00edtica de privacidad<\/h1>\t\t\t\t<\/div>\n\t\t\t\t<\/div>\n\t\t\t\t\t<\/div>\n\t\t<\/div>\n\t\t\t\t<div class=\"elementor-column elementor-col-50 elementor-inner-column elementor-element elementor-element-ffde90f\" data-id=\"ffde90f\" data-element_type=\"column\" data-e-type=\"column\">\n\t\t\t<div class=\"elementor-widget-wrap\">\n\t\t\t\t\t\t\t<\/div>\n\t\t<\/div>\n\t\t\t\t\t<\/div>\n\t\t<\/section>\n\t\t\t\t\t<\/div>\n\t\t<\/div>\n\t\t\t\t\t<\/div>\n\t\t<\/section>\n\t\t\t\t<section class=\"elementor-section elementor-top-section elementor-element elementor-element-47f7e01 elementor-section-boxed elementor-section-height-default elementor-section-height-default\" data-id=\"47f7e01\" data-element_type=\"section\" data-e-type=\"section\">\n\t\t\t\t\t\t<div class=\"elementor-container elementor-column-gap-default\">\n\t\t\t\t\t<div class=\"elementor-column elementor-col-100 elementor-top-column elementor-element elementor-element-2d50d56\" data-id=\"2d50d56\" data-element_type=\"column\" data-e-type=\"column\">\n\t\t\t<div class=\"elementor-widget-wrap elementor-element-populated\">\n\t\t\t\t\t\t<div class=\"elementor-element elementor-element-cd72076 elementor-widget elementor-widget-text-editor\" data-id=\"cd72076\" data-element_type=\"widget\" data-e-type=\"widget\" data-widget_type=\"text-editor.default\">\n\t\t\t\t<div class=\"elementor-widget-container\">\n\t\t\t\t\t\t\t\t\t<p><span style=\"font-weight: 400;\">Amsted Industries est\u00e1 comprometido a proteger su privacidad y la tecnolog\u00eda de desarrollo que le brinda la experiencia en l\u00ednea m\u00e1s potente y segura. Esta Declaraci\u00f3n de Privacidad se aplica al sitio web de Amsted Industries y rige la recopilaci\u00f3n y el uso de datos. Al utilizar el sitio web de Amsted Industries, usted acepta las pr\u00e1cticas de datos descritas en esta declaraci\u00f3n.  <\/span><\/p>\n<p><b>Obtenci\u00f3n de su informaci\u00f3n personal<\/b><\/p>\n<p><span style=\"font-weight: 400;\">Amsted Industries recopila informaci\u00f3n de identificaci\u00f3n personal, como su direcci\u00f3n de correo electr\u00f3nico, nombre, direcci\u00f3n de casa o trabajo o n\u00famero de tel\u00e9fono. Amsted Industries tambi\u00e9n recopila informaci\u00f3n demogr\u00e1fica an\u00f3nima, que no es exclusiva de usted, como su c\u00f3digo postal, edad, g\u00e9nero, preferencias, intereses y favoritos. <\/span><\/p>\n<p><span style=\"font-weight: 400;\">Tambi\u00e9n hay informaci\u00f3n sobre el hardware y el software de su computador que Amsted Industries recopila autom\u00e1ticamente. Esta informaci\u00f3n puede incluir: su direcci\u00f3n IP, tipo de explorador, nombres de dominio, tiempos de acceso y direcciones de sitios web que hacen referencia a este. Esta informaci\u00f3n es utilizada por Amsted Industries para la operaci\u00f3n del servicio, para mantener la calidad del servicio y para proporcionar estad\u00edsticas generales sobre el uso del sitio web de Amsted Industries.  <\/span><\/p>\n<p><span style=\"font-weight: 400;\">Tenga en cuenta que si divulga directamente informaci\u00f3n de identificaci\u00f3n personal o datos personales confidenciales a trav\u00e9s de los tableros de mensajes p\u00fablicos de Amsted Industries, esta informaci\u00f3n puede ser recopilada y utilizada por otros. Nota: Amsted Industries no lee ninguna de sus comunicaciones privadas en l\u00ednea. <\/span><\/p>\n<p><span style=\"font-weight: 400;\">Amsted Industries le anima a revisar las declaraciones de privacidad de los sitios web a los que elige enlazar desde Amsted Industries para que pueda comprender c\u00f3mo esos sitios web recopilan, usan y comparten su informaci\u00f3n. Amsted Industries no es responsable de las declaraciones de privacidad u otro contenido en sitios web fuera de Amsted Industries y de la familia de sitios web de Amsted Industries. <\/span><\/p>\n<p><b>Uso compartido de su informaci\u00f3n personal<\/b><\/p>\n<p><span style=\"font-weight: 400;\">Amsted Industries recopila y utiliza su informaci\u00f3n personal para operar el sitio web de Amsted Industries y prestar los servicios que ha solicitado. Amsted Industries tambi\u00e9n utiliza su informaci\u00f3n de identificaci\u00f3n personal para informarle de otros productos o servicios disponibles de Amsted Industries y sus afiliados. Amsted Industries tambi\u00e9n puede contactarle a trav\u00e9s de encuestas para realizar investigaciones sobre su opini\u00f3n acerca de los servicios actuales o los nuevos servicios potenciales que puedan ser ofrecidos.  <\/span><\/p>\n<p><span style=\"font-weight: 400;\">Amsted Industries no vende, alquila ni arrienda sus listas de clientes a terceros. Amsted Industries podr\u00e1 contactarle espor\u00e1dicamente en representaci\u00f3n de socios de negocios externos en relaci\u00f3n a alguna oferta particular que pueda ser de su inter\u00e9s. En esos casos, su informaci\u00f3n personal identificable exclusiva (correo electr\u00f3nico, nombre, direcci\u00f3n, n\u00famero de tel\u00e9fono) no es transferida a terceros. Adem\u00e1s, Amsted Industries puede compartir datos con socios confiables para ayudarnos a realizar el an\u00e1lisis estad\u00edstico, enviarle correos electr\u00f3nicos o postales, ofrecer atenci\u00f3n al cliente o planificar entregas. Todos estos terceros tienen prohibida la utilizaci\u00f3n de su informaci\u00f3n personal, a excepci\u00f3n de proporcionar estos servicios a Amsted Industries, y se les pide que mantengan la confidencialidad de su informaci\u00f3n.    <\/span><\/p>\n<p><span style=\"font-weight: 400;\">Amsted Industries no utiliza ni divulga informaci\u00f3n personal privada como raza, religi\u00f3n o afiliaciones pol\u00edticas sin su consentimiento expreso.<\/span><\/p>\n<p><span style=\"font-weight: 400;\">Amsted Industries realiza un seguimiento de los sitios web y p\u00e1ginas que nuestros clientes visitan dentro de Amsted Industries, con el fin de determinar qu\u00e9 servicios de Amsted Industries son los m\u00e1s populares. Estos datos se utilizan para presentar contenido y publicidad personalizados dentro de Amsted Industries a clientes cuyo comportamiento indica que est\u00e1n interesados en un \u00e1rea tem\u00e1tica en particular. <\/span><\/p>\n<p><span style=\"font-weight: 400;\">Los sitios web de Amsted Industries divulgar\u00e1n su informaci\u00f3n personal, sin previo aviso, solo si as\u00ed lo requiere la ley o en la creencia de buena fe de que dicha acci\u00f3n es necesaria para: (a) cumplir con los edictos de la ley o cumplir con el proceso legal realizado a Amsted Industries o el sitio; (b) proteger y defender los derechos o la propiedad de Amsted Industries; y (c) actuar bajo circunstancias exigentes para proteger la seguridad personal de los usuarios de Amsted Industries o el p\u00fablico.   <\/span><\/p>\n<p><b>Uso de cookies<\/b><\/p>\n<p><span style=\"font-weight: 400;\">El sitio web de Amsted Industries utiliza &#8220;cookies&#8221; para ayudarle a personalizar su experiencia en l\u00ednea. Una cookie es un archivo de texto que el servidor de una p\u00e1gina web coloca en su disco duro. Las cookies no pueden ser utilizadas para ejecutar programas o enviar virus a su computadora. Las cookies son asignadas exclusivamente a usted y solo pueden ser le\u00eddas por un servidor del dominio que emiti\u00f3 su cookie.   <\/span><\/p>\n<p><span style=\"font-weight: 400;\">Uno de los principales prop\u00f3sitos de las cookies es proporcionarle funciones convenientes que le ahorren tiempo. El prop\u00f3sito de una cookie es informarle al servidor web que usted ha regresado a una p\u00e1gina espec\u00edfica. Por ejemplo, si personaliza las p\u00e1ginas de Amsted Industries o se registra en el sitio o los servicios de Amsted Industries, una cookie ayuda a Amsted Industries a recordar su informaci\u00f3n espec\u00edfica en visitas posteriores. Esto simplifica el proceso de registro de su informaci\u00f3n personal, como direcciones de facturaci\u00f3n, direcciones de env\u00edo, etc. Cuando regrese al mismo sitio web de Amsted Industries, la informaci\u00f3n que proporcion\u00f3 anteriormente se puede recuperar, para que pueda usar f\u00e1cilmente las caracter\u00edsticas de Amsted Industries que personaliz\u00f3.    <\/span><\/p>\n<p><span style=\"font-weight: 400;\">Usted tiene la potestad de aceptar o rechazar cookies. La mayor\u00eda de los navegadores web aceptan cookies autom\u00e1ticamente, pero si lo prefiere, normalmente puede modificar la configuraci\u00f3n de su navegador para rechazarlas. Si decide rechazar las cookies, es posible que no pueda experimentar completamente las funciones interactivas de los servicios o sitios web de Amsted Industries que visita.  <\/span><\/p>\n<p><b>Seguridad de su informaci\u00f3n personal<\/b><\/p>\n<p><span style=\"font-weight: 400;\">Amsted Industries protege su informaci\u00f3n personal del acceso, el uso o la divulgaci\u00f3n no autorizados. Amsted Industries protege la informaci\u00f3n de identificaci\u00f3n personal que usted proporciona en los servidores inform\u00e1ticos en un entorno controlado y seguro, protegido del acceso, uso o divulgaci\u00f3n no autorizados. Cuando se transmite informaci\u00f3n personal (como por ejemplo un n\u00famero de tarjeta de cr\u00e9dito) a otros sitios web, se protege a trav\u00e9s del uso de la encriptaci\u00f3n, como por ejemplo el protocolo Secure Socket Layer (SSL).  <\/span><\/p>\n<p><b>Cambios a esta declaraci\u00f3n<\/b><\/p>\n<p><span style=\"font-weight: 400;\">Amsted Industries actualizar\u00e1 ocasionalmente esta Declaraci\u00f3n de Privacidad para reflejar los comentarios de la empresa y los clientes. Amsted Industries le anima a revisar peri\u00f3dicamente esta Declaraci\u00f3n para estar informado de c\u00f3mo Amsted Industries est\u00e1 protegiendo su informaci\u00f3n. <\/span><\/p>\n<p><b>Informaci\u00f3n de contacto<\/b><\/p>\n<p><span style=\"font-weight: 400;\">Amsted Industries agradece sus comentarios con respecto a esta Declaraci\u00f3n de Privacidad. Si cree que Amsted Industries no se ha adherido a esta Declaraci\u00f3n, p\u00f3ngase en contacto con Amsted Industries a wluce@amsted.com. Utilizaremos medidas comercialmente razonables para determinar y remediar r\u00e1pidamente el problema.   <\/span><\/p><\/p>\n\t\t\t\t\t\t\t\t<\/div>\n\t\t\t\t<\/div>\n\t\t\t\t\t<\/div>\n\t\t<\/div>\n\t\t\t\t\t<\/div>\n\t\t<\/section>\n\t\t\t\t<\/div>\n\t\t","protected":false},"excerpt":{"rendered":"<p>Amsted Industries est\u00e1 comprometido a proteger su privacidad y la tecnolog\u00eda de desarrollo que le brinda la experiencia en l\u00ednea m\u00e1s potente y segura. Esta Declaraci\u00f3n de Privacidad se aplica al sitio web de Amsted Industries y rige la recopilaci\u00f3n y el uso de datos. Al utilizar el sitio web de Amsted Industries, usted acepta [&hellip;]<\/p>\n","protected":false},"author":1,"featured_media":0,"parent":0,"menu_order":0,"comment_status":"closed","ping_status":"closed","template":"","meta":{"_acf_changed":false,"footnotes":""},"search-category":[],"class_list":["post-5807","page","type-page","status-publish","hentry"],"acf":[],"yoast_head":"<!-- This site is optimized with the Yoast SEO plugin v27.2 - https:\/\/yoast.com\/product\/yoast-seo-wordpress\/ -->\n<title>Pol\u00edtica de privacidad - Amsted Industries<\/title>\n<meta name=\"robots\" content=\"index, follow, max-snippet:-1, max-image-preview:large, max-video-preview:-1\" \/>\n<link rel=\"canonical\" href=\"https:\/\/www.amsted.com\/es\/politica-de-privacidad\/\" \/>\n<meta property=\"og:locale\" content=\"es_ES\" \/>\n<meta property=\"og:type\" content=\"article\" \/>\n<meta property=\"og:title\" content=\"Pol\u00edtica de privacidad - Amsted Industries\" \/>\n<meta property=\"og:description\" content=\"Amsted Industries est\u00e1 comprometido a proteger su privacidad y la tecnolog\u00eda de desarrollo que le brinda la experiencia en l\u00ednea m\u00e1s potente y segura. Esta Declaraci\u00f3n de Privacidad se aplica al sitio web de Amsted Industries y rige la recopilaci\u00f3n y el uso de datos. Al utilizar el sitio web de Amsted Industries, usted acepta [&hellip;]\" \/>\n<meta property=\"og:url\" content=\"https:\/\/www.amsted.com\/es\/politica-de-privacidad\/\" \/>\n<meta property=\"og:site_name\" content=\"Amsted Industries\" \/>\n<meta property=\"article:modified_time\" content=\"2022-09-16T14:29:02+00:00\" \/>\n<meta name=\"twitter:card\" content=\"summary_large_image\" \/>\n<meta name=\"twitter:label1\" content=\"Est. reading time\" \/>\n\t<meta name=\"twitter:data1\" content=\"6 minutes\" \/>\n<script type=\"application\/ld+json\" class=\"yoast-schema-graph\">{\"@context\":\"https:\/\/schema.org\",\"@graph\":[{\"@type\":\"WebPage\",\"@id\":\"https:\/\/www.amsted.com\/es\/politica-de-privacidad\/\",\"url\":\"https:\/\/www.amsted.com\/es\/politica-de-privacidad\/\",\"name\":\"Pol\u00edtica de privacidad - Amsted Industries\",\"isPartOf\":{\"@id\":\"https:\/\/www.amsted.com\/es\/#website\"},\"datePublished\":\"2022-06-02T02:37:02+00:00\",\"dateModified\":\"2022-09-16T14:29:02+00:00\",\"breadcrumb\":{\"@id\":\"https:\/\/www.amsted.com\/es\/politica-de-privacidad\/#breadcrumb\"},\"inLanguage\":\"es-ES\",\"potentialAction\":[{\"@type\":\"ReadAction\",\"target\":[\"https:\/\/www.amsted.com\/es\/politica-de-privacidad\/\"]}]},{\"@type\":\"BreadcrumbList\",\"@id\":\"https:\/\/www.amsted.com\/es\/politica-de-privacidad\/#breadcrumb\",\"itemListElement\":[{\"@type\":\"ListItem\",\"position\":1,\"name\":\"Home\",\"item\":\"https:\/\/www.amsted.com\/es\/homepage\/\"},{\"@type\":\"ListItem\",\"position\":2,\"name\":\"Pol\u00edtica de privacidad\"}]},{\"@type\":\"WebSite\",\"@id\":\"https:\/\/www.amsted.com\/es\/#website\",\"url\":\"https:\/\/www.amsted.com\/es\/\",\"name\":\"Amsted Industries\",\"description\":\"Just another WordPress site\",\"potentialAction\":[{\"@type\":\"SearchAction\",\"target\":{\"@type\":\"EntryPoint\",\"urlTemplate\":\"https:\/\/www.amsted.com\/es\/?s={search_term_string}\"},\"query-input\":{\"@type\":\"PropertyValueSpecification\",\"valueRequired\":true,\"valueName\":\"search_term_string\"}}],\"inLanguage\":\"es-ES\"}]}<\/script>\n<!-- \/ Yoast SEO plugin. -->","yoast_head_json":{"title":"Pol\u00edtica de privacidad - Amsted Industries","robots":{"index":"index","follow":"follow","max-snippet":"max-snippet:-1","max-image-preview":"max-image-preview:large","max-video-preview":"max-video-preview:-1"},"canonical":"https:\/\/www.amsted.com\/es\/politica-de-privacidad\/","og_locale":"es_ES","og_type":"article","og_title":"Pol\u00edtica de privacidad - Amsted Industries","og_description":"Amsted Industries est\u00e1 comprometido a proteger su privacidad y la tecnolog\u00eda de desarrollo que le brinda la experiencia en l\u00ednea m\u00e1s potente y segura. Esta Declaraci\u00f3n de Privacidad se aplica al sitio web de Amsted Industries y rige la recopilaci\u00f3n y el uso de datos. Al utilizar el sitio web de Amsted Industries, usted acepta [&hellip;]","og_url":"https:\/\/www.amsted.com\/es\/politica-de-privacidad\/","og_site_name":"Amsted Industries","article_modified_time":"2022-09-16T14:29:02+00:00","twitter_card":"summary_large_image","twitter_misc":{"Est. reading time":"6 minutes"},"schema":{"@context":"https:\/\/schema.org","@graph":[{"@type":"WebPage","@id":"https:\/\/www.amsted.com\/es\/politica-de-privacidad\/","url":"https:\/\/www.amsted.com\/es\/politica-de-privacidad\/","name":"Pol\u00edtica de privacidad - Amsted Industries","isPartOf":{"@id":"https:\/\/www.amsted.com\/es\/#website"},"datePublished":"2022-06-02T02:37:02+00:00","dateModified":"2022-09-16T14:29:02+00:00","breadcrumb":{"@id":"https:\/\/www.amsted.com\/es\/politica-de-privacidad\/#breadcrumb"},"inLanguage":"es-ES","potentialAction":[{"@type":"ReadAction","target":["https:\/\/www.amsted.com\/es\/politica-de-privacidad\/"]}]},{"@type":"BreadcrumbList","@id":"https:\/\/www.amsted.com\/es\/politica-de-privacidad\/#breadcrumb","itemListElement":[{"@type":"ListItem","position":1,"name":"Home","item":"https:\/\/www.amsted.com\/es\/homepage\/"},{"@type":"ListItem","position":2,"name":"Pol\u00edtica de privacidad"}]},{"@type":"WebSite","@id":"https:\/\/www.amsted.com\/es\/#website","url":"https:\/\/www.amsted.com\/es\/","name":"Amsted Industries","description":"Just another WordPress site","potentialAction":[{"@type":"SearchAction","target":{"@type":"EntryPoint","urlTemplate":"https:\/\/www.amsted.com\/es\/?s={search_term_string}"},"query-input":{"@type":"PropertyValueSpecification","valueRequired":true,"valueName":"search_term_string"}}],"inLanguage":"es-ES"}]}},"_links":{"self":[{"href":"https:\/\/www.amsted.com\/es\/wp-json\/wp\/v2\/pages\/5807","targetHints":{"allow":["GET"]}}],"collection":[{"href":"https:\/\/www.amsted.com\/es\/wp-json\/wp\/v2\/pages"}],"about":[{"href":"https:\/\/www.amsted.com\/es\/wp-json\/wp\/v2\/types\/page"}],"author":[{"embeddable":true,"href":"https:\/\/www.amsted.com\/es\/wp-json\/wp\/v2\/users\/1"}],"replies":[{"embeddable":true,"href":"https:\/\/www.amsted.com\/es\/wp-json\/wp\/v2\/comments?post=5807"}],"version-history":[{"count":1,"href":"https:\/\/www.amsted.com\/es\/wp-json\/wp\/v2\/pages\/5807\/revisions"}],"predecessor-version":[{"id":5808,"href":"https:\/\/www.amsted.com\/es\/wp-json\/wp\/v2\/pages\/5807\/revisions\/5808"}],"wp:attachment":[{"href":"https:\/\/www.amsted.com\/es\/wp-json\/wp\/v2\/media?parent=5807"}],"wp:term":[{"taxonomy":"search-category","embeddable":true,"href":"https:\/\/www.amsted.com\/es\/wp-json\/wp\/v2\/search-category?post=5807"}],"curies":[{"name":"wp","href":"https:\/\/api.w.org\/{rel}","templated":true}]}}