{"id":5795,"date":"2022-06-02T02:33:33","date_gmt":"2022-06-02T02:33:33","guid":{"rendered":"https:\/\/live-amsted-industries.pantheonsite.io\/innovacion\/"},"modified":"2022-09-23T18:10:46","modified_gmt":"2022-09-23T18:10:46","slug":"innovacion","status":"publish","type":"page","link":"https:\/\/www.amsted.com\/es\/innovacion\/","title":{"rendered":"Innovaci\u00f3n"},"content":{"rendered":"\t\t<div data-elementor-type=\"wp-page\" data-elementor-id=\"5795\" class=\"elementor elementor-5795 elementor-200\" data-elementor-post-type=\"page\">\n\t\t\t\t\t\t<section class=\"elementor-section elementor-top-section elementor-element elementor-element-362a907 elementor-section-height-min-height elementor-section-full_width elementor-section-height-default elementor-section-items-middle\" data-id=\"362a907\" data-element_type=\"section\" data-e-type=\"section\" data-settings=\"{&quot;background_background&quot;:&quot;classic&quot;}\">\n\t\t\t\t\t\t\t<div class=\"elementor-background-overlay\"><\/div>\n\t\t\t\t\t\t\t<div class=\"elementor-container elementor-column-gap-default\">\n\t\t\t\t\t<div class=\"elementor-column elementor-col-100 elementor-top-column elementor-element elementor-element-35f6754\" data-id=\"35f6754\" data-element_type=\"column\" data-e-type=\"column\">\n\t\t\t<div class=\"elementor-widget-wrap elementor-element-populated\">\n\t\t\t\t\t\t<section class=\"elementor-section elementor-inner-section elementor-element elementor-element-3e111c7 elementor-section-boxed elementor-section-height-default elementor-section-height-default\" data-id=\"3e111c7\" data-element_type=\"section\" data-e-type=\"section\" data-settings=\"{&quot;background_background&quot;:&quot;video&quot;}\">\n\t\t\t\t\t\t<div class=\"elementor-container elementor-column-gap-default\">\n\t\t\t\t\t<div class=\"elementor-column elementor-col-50 elementor-inner-column elementor-element elementor-element-737162f\" data-id=\"737162f\" data-element_type=\"column\" data-e-type=\"column\">\n\t\t\t<div class=\"elementor-widget-wrap elementor-element-populated\">\n\t\t\t\t\t\t<div class=\"elementor-element elementor-element-f1c38b7 animated-slow elementor-invisible elementor-widget elementor-widget-heading\" data-id=\"f1c38b7\" data-element_type=\"widget\" data-e-type=\"widget\" data-settings=\"{&quot;_animation&quot;:&quot;fadeIn&quot;}\" data-widget_type=\"heading.default\">\n\t\t\t\t<div class=\"elementor-widget-container\">\n\t\t\t\t\t<h1 class=\"elementor-heading-title elementor-size-default\">Aprovechando nuestro legado de innovaci\u00f3n para liderar, transformar y redefinir negocios globales<\/h1>\t\t\t\t<\/div>\n\t\t\t\t<\/div>\n\t\t\t\t\t<\/div>\n\t\t<\/div>\n\t\t\t\t<div class=\"elementor-column elementor-col-50 elementor-inner-column elementor-element elementor-element-43c687d\" data-id=\"43c687d\" data-element_type=\"column\" data-e-type=\"column\">\n\t\t\t<div class=\"elementor-widget-wrap\">\n\t\t\t\t\t\t\t<\/div>\n\t\t<\/div>\n\t\t\t\t\t<\/div>\n\t\t<\/section>\n\t\t\t\t\t<\/div>\n\t\t<\/div>\n\t\t\t\t\t<\/div>\n\t\t<\/section>\n\t\t\t\t<section class=\"elementor-section elementor-top-section elementor-element elementor-element-125ffb2 elementor-section-full_width elementor-section-height-default elementor-section-height-default\" data-id=\"125ffb2\" data-element_type=\"section\" data-e-type=\"section\" data-settings=\"{&quot;background_background&quot;:&quot;classic&quot;}\">\n\t\t\t\t\t\t<div class=\"elementor-container elementor-column-gap-default\">\n\t\t\t\t\t<div class=\"elementor-column elementor-col-100 elementor-top-column elementor-element elementor-element-307193c\" data-id=\"307193c\" data-element_type=\"column\" data-e-type=\"column\">\n\t\t\t<div class=\"elementor-widget-wrap elementor-element-populated\">\n\t\t\t\t\t\t<section class=\"elementor-section elementor-inner-section elementor-element elementor-element-1ae1087 main-content elementor-section-boxed elementor-section-height-default elementor-section-height-default\" data-id=\"1ae1087\" data-element_type=\"section\" data-e-type=\"section\">\n\t\t\t\t\t\t<div class=\"elementor-container elementor-column-gap-default\">\n\t\t\t\t\t<div class=\"elementor-column elementor-col-50 elementor-inner-column elementor-element elementor-element-4f4caac\" data-id=\"4f4caac\" data-element_type=\"column\" data-e-type=\"column\">\n\t\t\t<div class=\"elementor-widget-wrap elementor-element-populated\">\n\t\t\t\t\t\t<div class=\"elementor-element elementor-element-fa81575 elementor-widget elementor-widget-heading\" data-id=\"fa81575\" data-element_type=\"widget\" data-e-type=\"widget\" data-widget_type=\"heading.default\">\n\t\t\t\t<div class=\"elementor-widget-container\">\n\t\t\t\t\t<h2 class=\"elementor-heading-title elementor-size-default\">Los Paneles Tecnol\u00f3gicos de Amsted impulsan la colaboraci\u00f3n y el progreso en todas las empresas<\/h2>\t\t\t\t<\/div>\n\t\t\t\t<\/div>\n\t\t\t\t<div class=\"elementor-element elementor-element-58c5e5d elementor-widget elementor-widget-text-editor\" data-id=\"58c5e5d\" data-element_type=\"widget\" data-e-type=\"widget\" data-widget_type=\"text-editor.default\">\n\t\t\t\t<div class=\"elementor-widget-container\">\n\t\t\t\t\t\t\t\t\t<p>Nos esforzamos por crear un entorno que facilite la comunicaci\u00f3n abierta y el intercambio de conocimientos en todo Amsted Industries. Cuando salimos de nuestros silos de trabajo y abrimos nuestras mentes a nuevas y diferentes formas de pensar, nos volvemos m\u00e1s grandes que la suma de las partes. Es por eso que implementamos los Paneles Tecnol\u00f3gicos de Amsted, un ecosistema de colaboraci\u00f3n entre las entidades de Amsted Industries que nos permite identificar colectivamente las tendencias del mercado, difundir informaci\u00f3n y crear una visi\u00f3n de futuro \u00fanica para los negocios de Amsted.  <\/p>\n\t\t\t\t\t\t\t\t<\/div>\n\t\t\t\t<\/div>\n\t\t\t\t\t<\/div>\n\t\t<\/div>\n\t\t\t\t<div class=\"elementor-column elementor-col-50 elementor-inner-column elementor-element elementor-element-fda72eb\" data-id=\"fda72eb\" data-element_type=\"column\" data-e-type=\"column\">\n\t\t\t<div class=\"elementor-widget-wrap elementor-element-populated\">\n\t\t\t\t\t\t<div class=\"elementor-element elementor-element-5bd6bfb elementor-invisible elementor-widget elementor-widget-text-editor\" data-id=\"5bd6bfb\" data-element_type=\"widget\" data-e-type=\"widget\" data-settings=\"{&quot;_animation&quot;:&quot;fadeIn&quot;,&quot;_animation_delay&quot;:100}\" data-widget_type=\"text-editor.default\">\n\t\t\t\t<div class=\"elementor-widget-container\">\n\t\t\t\t\t\t\t\t\t<p>Con las nuevas tecnolog\u00edas viene la oportunidad. La innovaci\u00f3n es un principio b\u00e1sico de Amsted Industries. Todos nuestros trabajadores est\u00e1n facultados para hacer preguntas, pensar fuera del molde y desafiar el status quo. Utilizamos la innovaci\u00f3n para mejorar nuestros productos existentes, desarrollar nuevas soluciones revolucionarias para servir mejor a nuestros clientes, mejorar nuestros procesos de fabricaci\u00f3n y disminuir el impacto ambiental general.  <\/p>\n\t\t\t\t\t\t\t\t<\/div>\n\t\t\t\t<\/div>\n\t\t\t\t<div class=\"elementor-element elementor-element-e1845c2 elementor-widget elementor-widget-text-editor\" data-id=\"e1845c2\" data-element_type=\"widget\" data-e-type=\"widget\" data-widget_type=\"text-editor.default\">\n\t\t\t\t<div class=\"elementor-widget-container\">\n\t\t\t\t\t\t\t\t\t<ul>\n<li>Panel de Internet de las cosas<\/li>\n<li>Panel de Tecnolog\u00eda de Fabricaci\u00f3n Aditiva<\/li>\n<li>Panel de Tecnolog\u00eda de Metalurgia y Materiales<\/li>\n<li>Panel de Sistemas de Visi\u00f3n<\/li>\n<li>Consejo de Innovaci\u00f3n\/Automatizaci\u00f3n<\/li>\n<li>Panel de operaciones<\/li>\n<\/ul>\n\t\t\t\t\t\t\t\t<\/div>\n\t\t\t\t<\/div>\n\t\t\t\t\t<\/div>\n\t\t<\/div>\n\t\t\t\t\t<\/div>\n\t\t<\/section>\n\t\t\t\t\t<\/div>\n\t\t<\/div>\n\t\t\t\t\t<\/div>\n\t\t<\/section>\n\t\t\t\t<section class=\"elementor-section elementor-top-section elementor-element elementor-element-0981b73 elementor-section-boxed elementor-section-height-default elementor-section-height-default\" data-id=\"0981b73\" data-element_type=\"section\" data-e-type=\"section\" data-settings=\"{&quot;background_background&quot;:&quot;classic&quot;}\">\n\t\t\t\t\t\t<div class=\"elementor-container elementor-column-gap-default\">\n\t\t\t\t\t<div class=\"elementor-column elementor-col-100 elementor-top-column elementor-element elementor-element-93a67a6\" data-id=\"93a67a6\" data-element_type=\"column\" data-e-type=\"column\">\n\t\t\t<div class=\"elementor-widget-wrap elementor-element-populated\">\n\t\t\t\t\t\t<section class=\"elementor-section elementor-inner-section elementor-element elementor-element-caadf32 elementor-section-boxed elementor-section-height-default elementor-section-height-default\" data-id=\"caadf32\" data-element_type=\"section\" data-e-type=\"section\">\n\t\t\t\t\t\t<div class=\"elementor-container elementor-column-gap-default\">\n\t\t\t\t\t<div class=\"elementor-column elementor-col-100 elementor-inner-column elementor-element elementor-element-fd39e7f\" data-id=\"fd39e7f\" data-element_type=\"column\" data-e-type=\"column\">\n\t\t\t<div class=\"elementor-widget-wrap elementor-element-populated\">\n\t\t\t\t\t\t<div class=\"elementor-element elementor-element-d82750c elementor-widget elementor-widget-heading\" data-id=\"d82750c\" data-element_type=\"widget\" data-e-type=\"widget\" data-widget_type=\"heading.default\">\n\t\t\t\t<div class=\"elementor-widget-container\">\n\t\t\t\t\t<h2 class=\"elementor-heading-title elementor-size-default\">Nuestros socios de innovaci\u00f3n<\/h2>\t\t\t\t<\/div>\n\t\t\t\t<\/div>\n\t\t\t\t\t<\/div>\n\t\t<\/div>\n\t\t\t\t\t<\/div>\n\t\t<\/section>\n\t\t\t\t<section class=\"elementor-section elementor-inner-section elementor-element elementor-element-6a7e8cf elementor-section-boxed elementor-section-height-default elementor-section-height-default\" data-id=\"6a7e8cf\" data-element_type=\"section\" data-e-type=\"section\">\n\t\t\t\t\t\t<div class=\"elementor-container elementor-column-gap-default\">\n\t\t\t\t\t<div class=\"elementor-column elementor-col-50 elementor-inner-column elementor-element elementor-element-c246c0b\" data-id=\"c246c0b\" data-element_type=\"column\" data-e-type=\"column\">\n\t\t\t<div class=\"elementor-widget-wrap elementor-element-populated\">\n\t\t\t\t\t\t<div class=\"elementor-element elementor-element-911a9a3 elementor-widget elementor-widget-image\" data-id=\"911a9a3\" data-element_type=\"widget\" data-e-type=\"widget\" data-widget_type=\"image.default\">\n\t\t\t\t<div class=\"elementor-widget-container\">\n\t\t\t\t\t\t\t\t\t\t\t\t\t\t\t<img fetchpriority=\"high\" decoding=\"async\" width=\"800\" height=\"314\" src=\"https:\/\/www.amsted.com\/wp-content\/uploads\/2022\/08\/upeishield.png\" class=\"attachment-large size-large wp-image-3001\" alt=\"\" srcset=\"https:\/\/www.amsted.com\/wp-content\/uploads\/2022\/08\/upeishield.png 800w, https:\/\/www.amsted.com\/wp-content\/uploads\/2022\/08\/upeishield-300x118.png 300w, https:\/\/www.amsted.com\/wp-content\/uploads\/2022\/08\/upeishield-768x301.png 768w\" sizes=\"(max-width: 800px) 100vw, 800px\" \/>\t\t\t\t\t\t\t\t\t\t\t\t\t\t\t<\/div>\n\t\t\t\t<\/div>\n\t\t\t\t\t<\/div>\n\t\t<\/div>\n\t\t\t\t<div class=\"elementor-column elementor-col-50 elementor-inner-column elementor-element elementor-element-8f312a2\" data-id=\"8f312a2\" data-element_type=\"column\" data-e-type=\"column\">\n\t\t\t<div class=\"elementor-widget-wrap elementor-element-populated\">\n\t\t\t\t\t\t<div class=\"elementor-element elementor-element-5a33a5e elementor-widget elementor-widget-heading\" data-id=\"5a33a5e\" data-element_type=\"widget\" data-e-type=\"widget\" data-widget_type=\"heading.default\">\n\t\t\t\t<div class=\"elementor-widget-container\">\n\t\t\t\t\t<h3 class=\"elementor-heading-title elementor-size-default\">Universidad de la Isla del Pr\u00edncipe Eduardo<\/h3>\t\t\t\t<\/div>\n\t\t\t\t<\/div>\n\t\t\t\t<div class=\"elementor-element elementor-element-87c756c elementor-widget elementor-widget-text-editor\" data-id=\"87c756c\" data-element_type=\"widget\" data-e-type=\"widget\" data-widget_type=\"text-editor.default\">\n\t\t\t\t<div class=\"elementor-widget-container\">\n\t\t\t\t\t\t\t\t\t<p><a href=\"https:\/\/www.upei.ca\/\" target=\"_blank\" rel=\"noopener\"><span style=\"font-weight: 400;\">UPEI<\/span><\/a><span style=\"font-weight: 400;\"> Hemos colaborado con los talentosos estudiantes y profesores de la Universidad de la Isla del Pr\u00edncipe Eduardo (UPEI, por sus siglas en ingl\u00e9s) en proyectos de dise\u00f1o s\u00e9nior donde han abordado nuestros desaf\u00edos de ingenier\u00eda para producir resultados reales implementables para nuestro negocio. El gran trabajo y la visibilidad de los estudiantes a trav\u00e9s de estos proyectos han abierto una puerta para reclutar e incorporar a los estudiantes despu\u00e9s de su graduaci\u00f3n en puestos de tiempo completo con Amsted. <\/span><\/p>\n\t\t\t\t\t\t\t\t<\/div>\n\t\t\t\t<\/div>\n\t\t\t\t\t<\/div>\n\t\t<\/div>\n\t\t\t\t\t<\/div>\n\t\t<\/section>\n\t\t\t\t<section class=\"elementor-section elementor-inner-section elementor-element elementor-element-d3f66b7 elementor-section-boxed elementor-section-height-default elementor-section-height-default\" data-id=\"d3f66b7\" data-element_type=\"section\" data-e-type=\"section\">\n\t\t\t\t\t\t<div class=\"elementor-container elementor-column-gap-default\">\n\t\t\t\t\t<div class=\"elementor-column elementor-col-50 elementor-inner-column elementor-element elementor-element-b0f2645\" data-id=\"b0f2645\" data-element_type=\"column\" data-e-type=\"column\">\n\t\t\t<div class=\"elementor-widget-wrap elementor-element-populated\">\n\t\t\t\t\t\t<div class=\"elementor-element elementor-element-9fb585f elementor-widget elementor-widget-image\" data-id=\"9fb585f\" data-element_type=\"widget\" data-e-type=\"widget\" data-widget_type=\"image.default\">\n\t\t\t\t<div class=\"elementor-widget-container\">\n\t\t\t\t\t\t\t\t\t\t\t\t\t\t\t<img decoding=\"async\" width=\"800\" height=\"175\" src=\"https:\/\/www.amsted.com\/wp-content\/uploads\/2022\/08\/3color.png\" class=\"attachment-large size-large wp-image-3006\" alt=\"\" srcset=\"https:\/\/www.amsted.com\/wp-content\/uploads\/2022\/08\/3color.png 800w, https:\/\/www.amsted.com\/wp-content\/uploads\/2022\/08\/3color-300x66.png 300w, https:\/\/www.amsted.com\/wp-content\/uploads\/2022\/08\/3color-768x168.png 768w\" sizes=\"(max-width: 800px) 100vw, 800px\" \/>\t\t\t\t\t\t\t\t\t\t\t\t\t\t\t<\/div>\n\t\t\t\t<\/div>\n\t\t\t\t\t<\/div>\n\t\t<\/div>\n\t\t\t\t<div class=\"elementor-column elementor-col-50 elementor-inner-column elementor-element elementor-element-8ea4c34\" data-id=\"8ea4c34\" data-element_type=\"column\" data-e-type=\"column\">\n\t\t\t<div class=\"elementor-widget-wrap elementor-element-populated\">\n\t\t\t\t\t\t<div class=\"elementor-element elementor-element-15f79c0 elementor-widget elementor-widget-heading\" data-id=\"15f79c0\" data-element_type=\"widget\" data-e-type=\"widget\" data-widget_type=\"heading.default\">\n\t\t\t\t<div class=\"elementor-widget-container\">\n\t\t\t\t\t<h3 class=\"elementor-heading-title elementor-size-default\">Greentown Labs<\/h3>\t\t\t\t<\/div>\n\t\t\t\t<\/div>\n\t\t\t\t<div class=\"elementor-element elementor-element-4ed07fa elementor-widget elementor-widget-text-editor\" data-id=\"4ed07fa\" data-element_type=\"widget\" data-e-type=\"widget\" data-widget_type=\"text-editor.default\">\n\t\t\t\t<div class=\"elementor-widget-container\">\n\t\t\t\t\t\t\t\t\t<p><a href=\"https:\/\/greentownlabs.com\/\" target=\"_blank\" rel=\"noopener\"><span style=\"font-weight: 400;\">Greentown Labs<\/span><\/a><span style=\"font-weight: 400;\"> La membres\u00eda de Amsted Industries en el Programa de Enlace Industrial (ILP, por sus siglas en ingl\u00e9s) de MIT ha permitido a BAC construir una fuerte presencia en el ecosistema de innovaci\u00f3n tecnol\u00f3gica Boston-Cambridge, lo que ha llevado al desarrollo de una fuerte relaci\u00f3n con Greentown Labs, la incubadora de startups de tecnolog\u00eda limpia m\u00e1s grande de Am\u00e9rica del Norte. Este compromiso con Greentown Labs nos est\u00e1 dando acceso temprano a tecnolog\u00edas de vanguardia y oportunidades de asociaci\u00f3n con desarrolladores de tecnolog\u00eda l\u00edderes, y es un activo clave en nuestra misi\u00f3n de reinventar la refrigeraci\u00f3n para sostener el mundo. <\/span><\/p>\n\t\t\t\t\t\t\t\t<\/div>\n\t\t\t\t<\/div>\n\t\t\t\t\t<\/div>\n\t\t<\/div>\n\t\t\t\t\t<\/div>\n\t\t<\/section>\n\t\t\t\t\t<\/div>\n\t\t<\/div>\n\t\t\t\t\t<\/div>\n\t\t<\/section>\n\t\t\t\t<\/div>\n\t\t","protected":false},"excerpt":{"rendered":"<p>Aprovechando nuestro legado de innovaci\u00f3n para liderar, transformar y redefinir negocios globales Los Paneles Tecnol\u00f3gicos de Amsted impulsan la colaboraci\u00f3n y el progreso en todas las empresas Nos esforzamos por crear un entorno que facilite la comunicaci\u00f3n abierta y el intercambio de conocimientos en todo Amsted Industries. Cuando salimos de nuestros silos de trabajo y [&hellip;]<\/p>\n","protected":false},"author":1,"featured_media":0,"parent":0,"menu_order":0,"comment_status":"closed","ping_status":"closed","template":"","meta":{"_acf_changed":false,"footnotes":""},"search-category":[],"class_list":["post-5795","page","type-page","status-publish","hentry"],"acf":[],"yoast_head":"<!-- This site is optimized with the Yoast SEO plugin v27.2 - https:\/\/yoast.com\/product\/yoast-seo-wordpress\/ -->\n<title>Innovaci\u00f3n - Amsted Industries<\/title>\n<meta name=\"robots\" content=\"index, follow, max-snippet:-1, max-image-preview:large, max-video-preview:-1\" \/>\n<link rel=\"canonical\" href=\"https:\/\/www.amsted.com\/es\/innovacion\/\" \/>\n<meta property=\"og:locale\" content=\"es_ES\" \/>\n<meta property=\"og:type\" content=\"article\" \/>\n<meta property=\"og:title\" content=\"Innovaci\u00f3n - Amsted Industries\" \/>\n<meta property=\"og:description\" content=\"Aprovechando nuestro legado de innovaci\u00f3n para liderar, transformar y redefinir negocios globales Los Paneles Tecnol\u00f3gicos de Amsted impulsan la colaboraci\u00f3n y el progreso en todas las empresas Nos esforzamos por crear un entorno que facilite la comunicaci\u00f3n abierta y el intercambio de conocimientos en todo Amsted Industries. Cuando salimos de nuestros silos de trabajo y [&hellip;]\" \/>\n<meta property=\"og:url\" content=\"https:\/\/www.amsted.com\/es\/innovacion\/\" \/>\n<meta property=\"og:site_name\" content=\"Amsted Industries\" \/>\n<meta property=\"article:modified_time\" content=\"2022-09-23T18:10:46+00:00\" \/>\n<meta property=\"og:image\" content=\"https:\/\/live-amsted-industries.pantheonsite.io\/wp-content\/uploads\/2022\/08\/upeishield.png\" \/>\n<meta name=\"twitter:card\" content=\"summary_large_image\" \/>\n<meta name=\"twitter:label1\" content=\"Est. reading time\" \/>\n\t<meta name=\"twitter:data1\" content=\"2 minutes\" \/>\n<script type=\"application\/ld+json\" class=\"yoast-schema-graph\">{\"@context\":\"https:\/\/schema.org\",\"@graph\":[{\"@type\":\"WebPage\",\"@id\":\"https:\/\/www.amsted.com\/es\/innovacion\/\",\"url\":\"https:\/\/www.amsted.com\/es\/innovacion\/\",\"name\":\"Innovaci\u00f3n - Amsted Industries\",\"isPartOf\":{\"@id\":\"https:\/\/www.amsted.com\/es\/#website\"},\"primaryImageOfPage\":{\"@id\":\"https:\/\/www.amsted.com\/es\/innovacion\/#primaryimage\"},\"image\":{\"@id\":\"https:\/\/www.amsted.com\/es\/innovacion\/#primaryimage\"},\"thumbnailUrl\":\"https:\/\/live-amsted-industries.pantheonsite.io\/wp-content\/uploads\/2022\/08\/upeishield.png\",\"datePublished\":\"2022-06-02T02:33:33+00:00\",\"dateModified\":\"2022-09-23T18:10:46+00:00\",\"breadcrumb\":{\"@id\":\"https:\/\/www.amsted.com\/es\/innovacion\/#breadcrumb\"},\"inLanguage\":\"es-ES\",\"potentialAction\":[{\"@type\":\"ReadAction\",\"target\":[\"https:\/\/www.amsted.com\/es\/innovacion\/\"]}]},{\"@type\":\"ImageObject\",\"inLanguage\":\"es-ES\",\"@id\":\"https:\/\/www.amsted.com\/es\/innovacion\/#primaryimage\",\"url\":\"https:\/\/live-amsted-industries.pantheonsite.io\/wp-content\/uploads\/2022\/08\/upeishield.png\",\"contentUrl\":\"https:\/\/live-amsted-industries.pantheonsite.io\/wp-content\/uploads\/2022\/08\/upeishield.png\"},{\"@type\":\"BreadcrumbList\",\"@id\":\"https:\/\/www.amsted.com\/es\/innovacion\/#breadcrumb\",\"itemListElement\":[{\"@type\":\"ListItem\",\"position\":1,\"name\":\"Home\",\"item\":\"https:\/\/www.amsted.com\/es\/homepage\/\"},{\"@type\":\"ListItem\",\"position\":2,\"name\":\"Innovaci\u00f3n\"}]},{\"@type\":\"WebSite\",\"@id\":\"https:\/\/www.amsted.com\/es\/#website\",\"url\":\"https:\/\/www.amsted.com\/es\/\",\"name\":\"Amsted Industries\",\"description\":\"Just another WordPress site\",\"potentialAction\":[{\"@type\":\"SearchAction\",\"target\":{\"@type\":\"EntryPoint\",\"urlTemplate\":\"https:\/\/www.amsted.com\/es\/?s={search_term_string}\"},\"query-input\":{\"@type\":\"PropertyValueSpecification\",\"valueRequired\":true,\"valueName\":\"search_term_string\"}}],\"inLanguage\":\"es-ES\"}]}<\/script>\n<!-- \/ Yoast SEO plugin. -->","yoast_head_json":{"title":"Innovaci\u00f3n - Amsted Industries","robots":{"index":"index","follow":"follow","max-snippet":"max-snippet:-1","max-image-preview":"max-image-preview:large","max-video-preview":"max-video-preview:-1"},"canonical":"https:\/\/www.amsted.com\/es\/innovacion\/","og_locale":"es_ES","og_type":"article","og_title":"Innovaci\u00f3n - Amsted Industries","og_description":"Aprovechando nuestro legado de innovaci\u00f3n para liderar, transformar y redefinir negocios globales Los Paneles Tecnol\u00f3gicos de Amsted impulsan la colaboraci\u00f3n y el progreso en todas las empresas Nos esforzamos por crear un entorno que facilite la comunicaci\u00f3n abierta y el intercambio de conocimientos en todo Amsted Industries. Cuando salimos de nuestros silos de trabajo y [&hellip;]","og_url":"https:\/\/www.amsted.com\/es\/innovacion\/","og_site_name":"Amsted Industries","article_modified_time":"2022-09-23T18:10:46+00:00","og_image":[{"url":"https:\/\/live-amsted-industries.pantheonsite.io\/wp-content\/uploads\/2022\/08\/upeishield.png","type":"","width":"","height":""}],"twitter_card":"summary_large_image","twitter_misc":{"Est. reading time":"2 minutes"},"schema":{"@context":"https:\/\/schema.org","@graph":[{"@type":"WebPage","@id":"https:\/\/www.amsted.com\/es\/innovacion\/","url":"https:\/\/www.amsted.com\/es\/innovacion\/","name":"Innovaci\u00f3n - Amsted Industries","isPartOf":{"@id":"https:\/\/www.amsted.com\/es\/#website"},"primaryImageOfPage":{"@id":"https:\/\/www.amsted.com\/es\/innovacion\/#primaryimage"},"image":{"@id":"https:\/\/www.amsted.com\/es\/innovacion\/#primaryimage"},"thumbnailUrl":"https:\/\/live-amsted-industries.pantheonsite.io\/wp-content\/uploads\/2022\/08\/upeishield.png","datePublished":"2022-06-02T02:33:33+00:00","dateModified":"2022-09-23T18:10:46+00:00","breadcrumb":{"@id":"https:\/\/www.amsted.com\/es\/innovacion\/#breadcrumb"},"inLanguage":"es-ES","potentialAction":[{"@type":"ReadAction","target":["https:\/\/www.amsted.com\/es\/innovacion\/"]}]},{"@type":"ImageObject","inLanguage":"es-ES","@id":"https:\/\/www.amsted.com\/es\/innovacion\/#primaryimage","url":"https:\/\/live-amsted-industries.pantheonsite.io\/wp-content\/uploads\/2022\/08\/upeishield.png","contentUrl":"https:\/\/live-amsted-industries.pantheonsite.io\/wp-content\/uploads\/2022\/08\/upeishield.png"},{"@type":"BreadcrumbList","@id":"https:\/\/www.amsted.com\/es\/innovacion\/#breadcrumb","itemListElement":[{"@type":"ListItem","position":1,"name":"Home","item":"https:\/\/www.amsted.com\/es\/homepage\/"},{"@type":"ListItem","position":2,"name":"Innovaci\u00f3n"}]},{"@type":"WebSite","@id":"https:\/\/www.amsted.com\/es\/#website","url":"https:\/\/www.amsted.com\/es\/","name":"Amsted Industries","description":"Just another WordPress site","potentialAction":[{"@type":"SearchAction","target":{"@type":"EntryPoint","urlTemplate":"https:\/\/www.amsted.com\/es\/?s={search_term_string}"},"query-input":{"@type":"PropertyValueSpecification","valueRequired":true,"valueName":"search_term_string"}}],"inLanguage":"es-ES"}]}},"_links":{"self":[{"href":"https:\/\/www.amsted.com\/es\/wp-json\/wp\/v2\/pages\/5795","targetHints":{"allow":["GET"]}}],"collection":[{"href":"https:\/\/www.amsted.com\/es\/wp-json\/wp\/v2\/pages"}],"about":[{"href":"https:\/\/www.amsted.com\/es\/wp-json\/wp\/v2\/types\/page"}],"author":[{"embeddable":true,"href":"https:\/\/www.amsted.com\/es\/wp-json\/wp\/v2\/users\/1"}],"replies":[{"embeddable":true,"href":"https:\/\/www.amsted.com\/es\/wp-json\/wp\/v2\/comments?post=5795"}],"version-history":[{"count":2,"href":"https:\/\/www.amsted.com\/es\/wp-json\/wp\/v2\/pages\/5795\/revisions"}],"predecessor-version":[{"id":6757,"href":"https:\/\/www.amsted.com\/es\/wp-json\/wp\/v2\/pages\/5795\/revisions\/6757"}],"wp:attachment":[{"href":"https:\/\/www.amsted.com\/es\/wp-json\/wp\/v2\/media?parent=5795"}],"wp:term":[{"taxonomy":"search-category","embeddable":true,"href":"https:\/\/www.amsted.com\/es\/wp-json\/wp\/v2\/search-category?post=5795"}],"curies":[{"name":"wp","href":"https:\/\/api.w.org\/{rel}","templated":true}]}}