{"id":5782,"date":"2022-06-02T02:28:56","date_gmt":"2022-06-02T02:28:56","guid":{"rendered":"https:\/\/live-amsted-industries.pantheonsite.io\/cultura\/sostenibilidad\/"},"modified":"2022-09-15T21:59:44","modified_gmt":"2022-09-15T21:59:44","slug":"sostenibilidad","status":"publish","type":"page","link":"https:\/\/www.amsted.com\/es\/cultura\/sostenibilidad\/","title":{"rendered":"Sostenibilidad"},"content":{"rendered":"\t\t<div data-elementor-type=\"wp-page\" data-elementor-id=\"5782\" class=\"elementor elementor-5782 elementor-164\" data-elementor-post-type=\"page\">\n\t\t\t\t\t\t<section class=\"elementor-section elementor-top-section elementor-element elementor-element-4c2cbd6 elementor-section-boxed elementor-section-height-default elementor-section-height-default\" data-id=\"4c2cbd6\" data-element_type=\"section\" data-e-type=\"section\">\n\t\t\t\t\t\t<div class=\"elementor-container elementor-column-gap-default\">\n\t\t\t\t\t<div class=\"elementor-column elementor-col-100 elementor-top-column elementor-element elementor-element-9b7492d\" data-id=\"9b7492d\" data-element_type=\"column\" data-e-type=\"column\">\n\t\t\t<div class=\"elementor-widget-wrap elementor-element-populated\">\n\t\t\t\t\t\t<section class=\"elementor-section elementor-inner-section elementor-element elementor-element-1f1a219 elementor-section-boxed elementor-section-height-default elementor-section-height-default\" data-id=\"1f1a219\" data-element_type=\"section\" data-e-type=\"section\" data-settings=\"{&quot;background_background&quot;:&quot;video&quot;}\">\n\t\t\t\t\t\t<div class=\"elementor-container elementor-column-gap-default\">\n\t\t\t\t\t<div class=\"elementor-column elementor-col-50 elementor-inner-column elementor-element elementor-element-164f5f2\" data-id=\"164f5f2\" data-element_type=\"column\" data-e-type=\"column\">\n\t\t\t<div class=\"elementor-widget-wrap elementor-element-populated\">\n\t\t\t\t\t\t<div class=\"elementor-element elementor-element-77c71cf elementor-widget elementor-widget-heading\" data-id=\"77c71cf\" data-element_type=\"widget\" data-e-type=\"widget\" data-widget_type=\"heading.default\">\n\t\t\t\t<div class=\"elementor-widget-container\">\n\t\t\t\t\t<h1 class=\"elementor-heading-title elementor-size-default\">Haciendo nuestra parte para un ma\u00f1ana m\u00e1s brillante<\/h1>\t\t\t\t<\/div>\n\t\t\t\t<\/div>\n\t\t\t\t\t<\/div>\n\t\t<\/div>\n\t\t\t\t<div class=\"elementor-column elementor-col-50 elementor-inner-column elementor-element elementor-element-644e180\" data-id=\"644e180\" data-element_type=\"column\" data-e-type=\"column\">\n\t\t\t<div class=\"elementor-widget-wrap elementor-element-populated\">\n\t\t\t\t\t\t<div class=\"elementor-element elementor-element-97f9090 elementor-widget elementor-widget-text-editor\" data-id=\"97f9090\" data-element_type=\"widget\" data-e-type=\"widget\" data-widget_type=\"text-editor.default\">\n\t\t\t\t<div class=\"elementor-widget-container\">\n\t\t\t\t\t\t\t\t\t<p>Como l\u00edder global, Amsted Industries se compromete a llevar a cabo las operaciones de una manera que sea ambientalmente responsable y consistente con la de un buen ciudadano y vecino corporativo. La experiencia nos ha ense\u00f1ado que es esencial para todas nuestras partes interesadas ser buenos asistentes del medio ambiente. <\/p>\n\t\t\t\t\t\t\t\t<\/div>\n\t\t\t\t<\/div>\n\t\t\t\t\t<\/div>\n\t\t<\/div>\n\t\t\t\t\t<\/div>\n\t\t<\/section>\n\t\t\t\t\t<\/div>\n\t\t<\/div>\n\t\t\t\t\t<\/div>\n\t\t<\/section>\n\t\t\t\t<section class=\"elementor-section elementor-top-section elementor-element elementor-element-a893a22 elementor-section-boxed elementor-section-height-default elementor-section-height-default\" data-id=\"a893a22\" data-element_type=\"section\" data-e-type=\"section\" data-settings=\"{&quot;background_background&quot;:&quot;classic&quot;}\">\n\t\t\t\t\t\t<div class=\"elementor-container elementor-column-gap-default\">\n\t\t\t\t\t<div class=\"elementor-column elementor-col-100 elementor-top-column elementor-element elementor-element-91f88c2\" data-id=\"91f88c2\" data-element_type=\"column\" data-e-type=\"column\">\n\t\t\t<div class=\"elementor-widget-wrap elementor-element-populated\">\n\t\t\t\t\t\t<section class=\"elementor-section elementor-inner-section elementor-element elementor-element-53921ed main-content elementor-section-boxed elementor-section-height-default elementor-section-height-default\" data-id=\"53921ed\" data-element_type=\"section\" data-e-type=\"section\">\n\t\t\t\t\t\t<div class=\"elementor-container elementor-column-gap-default\">\n\t\t\t\t\t<div class=\"elementor-column elementor-col-50 elementor-inner-column elementor-element elementor-element-db039e3\" data-id=\"db039e3\" data-element_type=\"column\" data-e-type=\"column\">\n\t\t\t<div class=\"elementor-widget-wrap elementor-element-populated\">\n\t\t\t\t\t\t<div class=\"elementor-element elementor-element-80185c2 elementor-widget elementor-widget-text-editor\" data-id=\"80185c2\" data-element_type=\"widget\" data-e-type=\"widget\" data-widget_type=\"text-editor.default\">\n\t\t\t\t<div class=\"elementor-widget-container\">\n\t\t\t\t\t\t\t\t\t<ul>\n<li>Los comit\u00e9s formales de la Junta incluyen Auditor\u00eda, Gobernanza, y Compensaci\u00f3n y Desarrollo de Gesti\u00f3n.<\/li>\n<li>Cumplimiento de control financiero y operativo y programas de auditor\u00eda<\/li>\n<li>Certificaci\u00f3n y capacitaci\u00f3n del C\u00f3digo de Conducta para todos los empleados anualmente<\/li>\n<li>L\u00ednea de ayuda de cumplimiento corporativo a nivel mundial<\/li>\n<\/ul>\n\t\t\t\t\t\t\t\t<\/div>\n\t\t\t\t<\/div>\n\t\t\t\t\t<\/div>\n\t\t<\/div>\n\t\t\t\t<div class=\"elementor-column elementor-col-50 elementor-inner-column elementor-element elementor-element-8a09766\" data-id=\"8a09766\" data-element_type=\"column\" data-e-type=\"column\">\n\t\t\t<div class=\"elementor-widget-wrap elementor-element-populated\">\n\t\t\t\t\t\t<div class=\"elementor-element elementor-element-26e9431 elementor-widget elementor-widget-image\" data-id=\"26e9431\" data-element_type=\"widget\" data-e-type=\"widget\" data-widget_type=\"image.default\">\n\t\t\t\t<div class=\"elementor-widget-container\">\n\t\t\t\t\t\t\t\t\t\t\t\t\t\t\t<img fetchpriority=\"high\" decoding=\"async\" width=\"800\" height=\"534\" src=\"https:\/\/www.amsted.com\/wp-content\/uploads\/2022\/08\/aa-sustainability-1024x683.jpg\" class=\"attachment-large size-large wp-image-3557\" alt=\"\" srcset=\"https:\/\/www.amsted.com\/wp-content\/uploads\/2022\/08\/aa-sustainability-1024x683.jpg 1024w, https:\/\/www.amsted.com\/wp-content\/uploads\/2022\/08\/aa-sustainability-300x200.jpg 300w, https:\/\/www.amsted.com\/wp-content\/uploads\/2022\/08\/aa-sustainability-768x512.jpg 768w, https:\/\/www.amsted.com\/wp-content\/uploads\/2022\/08\/aa-sustainability.jpg 1200w\" sizes=\"(max-width: 800px) 100vw, 800px\" \/>\t\t\t\t\t\t\t\t\t\t\t\t\t\t\t<\/div>\n\t\t\t\t<\/div>\n\t\t\t\t\t<\/div>\n\t\t<\/div>\n\t\t\t\t\t<\/div>\n\t\t<\/section>\n\t\t\t\t\t<\/div>\n\t\t<\/div>\n\t\t\t\t\t<\/div>\n\t\t<\/section>\n\t\t\t\t<section class=\"elementor-section elementor-top-section elementor-element elementor-element-d2b2f5a elementor-section-full_width elementor-section-height-default elementor-section-height-default\" data-id=\"d2b2f5a\" data-element_type=\"section\" data-e-type=\"section\" data-settings=\"{&quot;background_background&quot;:&quot;classic&quot;}\">\n\t\t\t\t\t\t\t<div class=\"elementor-background-overlay\"><\/div>\n\t\t\t\t\t\t\t<div class=\"elementor-container elementor-column-gap-default\">\n\t\t\t\t\t<div class=\"elementor-column elementor-col-100 elementor-top-column elementor-element elementor-element-681c5b3\" data-id=\"681c5b3\" data-element_type=\"column\" data-e-type=\"column\">\n\t\t\t<div class=\"elementor-widget-wrap elementor-element-populated\">\n\t\t\t\t\t\t<section class=\"elementor-section elementor-inner-section elementor-element elementor-element-efd9eea main-content elementor-section-boxed elementor-section-height-default elementor-section-height-default\" data-id=\"efd9eea\" data-element_type=\"section\" data-e-type=\"section\">\n\t\t\t\t\t\t<div class=\"elementor-container elementor-column-gap-default\">\n\t\t\t\t\t<div class=\"elementor-column elementor-col-50 elementor-inner-column elementor-element elementor-element-6b1273d\" data-id=\"6b1273d\" data-element_type=\"column\" data-e-type=\"column\">\n\t\t\t<div class=\"elementor-widget-wrap elementor-element-populated\">\n\t\t\t\t\t\t<div class=\"elementor-element elementor-element-c160ca8 elementor-widget elementor-widget-heading\" data-id=\"c160ca8\" data-element_type=\"widget\" data-e-type=\"widget\" data-widget_type=\"heading.default\">\n\t\t\t\t<div class=\"elementor-widget-container\">\n\t\t\t\t\t<h2 class=\"elementor-heading-title elementor-size-default\">Limitando nuestra huella de carbono<\/h2>\t\t\t\t<\/div>\n\t\t\t\t<\/div>\n\t\t\t\t<div class=\"elementor-element elementor-element-582973e elementor-widget elementor-widget-text-editor\" data-id=\"582973e\" data-element_type=\"widget\" data-e-type=\"widget\" data-widget_type=\"text-editor.default\">\n\t\t\t\t<div class=\"elementor-widget-container\">\n\t\t\t\t\t\t\t\t\t<p>Nos dedicamos a conservar recursos y reciclar siempre que sea posible en nuestras instalaciones de fabricaci\u00f3n y oficinas en todo el mundo. Cada gal\u00f3n de consumo de combustible que podemos eliminar, cada kilovatio hora que ahorramos y cada onza de chatarra que reciclamos contribuye al \u00e9xito de nuestra estrategia de sostenibilidad. Todas nuestras divisiones contin\u00faan liderando nuestras industrias en innovaci\u00f3n de procesos para mitigar nuestro impacto ambiental.  <\/p><\/p>\n\t\t\t\t\t\t\t\t<\/div>\n\t\t\t\t<\/div>\n\t\t\t\t\t<\/div>\n\t\t<\/div>\n\t\t\t\t<div class=\"elementor-column elementor-col-50 elementor-inner-column elementor-element elementor-element-f790a6d\" data-id=\"f790a6d\" data-element_type=\"column\" data-e-type=\"column\">\n\t\t\t<div class=\"elementor-widget-wrap\">\n\t\t\t\t\t\t\t<\/div>\n\t\t<\/div>\n\t\t\t\t\t<\/div>\n\t\t<\/section>\n\t\t\t\t\t<\/div>\n\t\t<\/div>\n\t\t\t\t\t<\/div>\n\t\t<\/section>\n\t\t\t\t<section class=\"elementor-section elementor-top-section elementor-element elementor-element-17d5ee4 elementor-section-full_width elementor-section-height-default elementor-section-height-default\" data-id=\"17d5ee4\" data-element_type=\"section\" data-e-type=\"section\" data-settings=\"{&quot;background_background&quot;:&quot;classic&quot;}\">\n\t\t\t\t\t\t<div class=\"elementor-container elementor-column-gap-default\">\n\t\t\t\t\t<div class=\"elementor-column elementor-col-100 elementor-top-column elementor-element elementor-element-6127399\" data-id=\"6127399\" data-element_type=\"column\" data-e-type=\"column\">\n\t\t\t<div class=\"elementor-widget-wrap elementor-element-populated\">\n\t\t\t\t\t\t<section class=\"elementor-section elementor-inner-section elementor-element elementor-element-1c49c2d main-content elementor-section-boxed elementor-section-height-default elementor-section-height-default\" data-id=\"1c49c2d\" data-element_type=\"section\" data-e-type=\"section\">\n\t\t\t\t\t\t<div class=\"elementor-container elementor-column-gap-default\">\n\t\t\t\t\t<div class=\"elementor-column elementor-col-50 elementor-inner-column elementor-element elementor-element-55655e5\" data-id=\"55655e5\" data-element_type=\"column\" data-e-type=\"column\">\n\t\t\t<div class=\"elementor-widget-wrap elementor-element-populated\">\n\t\t\t\t\t\t<div class=\"elementor-element elementor-element-83b1a79 elementor-widget elementor-widget-heading\" data-id=\"83b1a79\" data-element_type=\"widget\" data-e-type=\"widget\" data-widget_type=\"heading.default\">\n\t\t\t\t<div class=\"elementor-widget-container\">\n\t\t\t\t\t<h2 class=\"elementor-heading-title elementor-size-default\">Creando productos m\u00e1s limpios y eficientes<\/h2>\t\t\t\t<\/div>\n\t\t\t\t<\/div>\n\t\t\t\t<div class=\"elementor-element elementor-element-021a41a elementor-widget elementor-widget-text-editor\" data-id=\"021a41a\" data-element_type=\"widget\" data-e-type=\"widget\" data-widget_type=\"text-editor.default\">\n\t\t\t\t<div class=\"elementor-widget-container\">\n\t\t\t\t\t\t\t\t\t<p>Todos nuestros negocios est\u00e1n alineados con las tendencias de los clientes y la industria hacia la electrificaci\u00f3n y los productos sostenibles. Invertimos en el desarrollo de nuevos productos que no solo mejoran el rendimiento, sino que limitan la huella de carbono de los usuarios finales. <\/p>\n\t\t\t\t\t\t\t\t<\/div>\n\t\t\t\t<\/div>\n\t\t\t\t\t<\/div>\n\t\t<\/div>\n\t\t\t\t<div class=\"elementor-column elementor-col-50 elementor-inner-column elementor-element elementor-element-1d37932\" data-id=\"1d37932\" data-element_type=\"column\" data-e-type=\"column\">\n\t\t\t<div class=\"elementor-widget-wrap elementor-element-populated\">\n\t\t\t\t\t\t<div class=\"elementor-element elementor-element-8ce9305 elementor-widget elementor-widget-text-editor\" data-id=\"8ce9305\" data-element_type=\"widget\" data-e-type=\"widget\" data-widget_type=\"text-editor.default\">\n\t\t\t\t<div class=\"elementor-widget-container\">\n\t\t\t\t\t\t\t\t\t<ul>\n<li>Nuestras ofertas de productos principales se innovan continuamente para ser m\u00e1s ligeras y eficientes, lo que conduce a un menor consumo de combustible.<\/li>\n<li>Estamos invirtiendo en el desarrollo de productos de pr\u00f3xima generaci\u00f3n en movilidad el\u00e9ctrica, tecnolog\u00edas digitales y m\u00e1s.<\/li>\n<\/ul>\n\t\t\t\t\t\t\t\t<\/div>\n\t\t\t\t<\/div>\n\t\t\t\t\t<\/div>\n\t\t<\/div>\n\t\t\t\t\t<\/div>\n\t\t<\/section>\n\t\t\t\t\t<\/div>\n\t\t<\/div>\n\t\t\t\t\t<\/div>\n\t\t<\/section>\n\t\t\t\t<section class=\"elementor-section elementor-top-section elementor-element elementor-element-7dcc5e7 elementor-section-boxed elementor-section-height-default elementor-section-height-default\" data-id=\"7dcc5e7\" data-element_type=\"section\" data-e-type=\"section\" data-settings=\"{&quot;background_background&quot;:&quot;classic&quot;}\">\n\t\t\t\t\t\t<div class=\"elementor-container elementor-column-gap-default\">\n\t\t\t\t\t<div class=\"elementor-column elementor-col-100 elementor-top-column elementor-element elementor-element-9007152\" data-id=\"9007152\" data-element_type=\"column\" data-e-type=\"column\">\n\t\t\t<div class=\"elementor-widget-wrap elementor-element-populated\">\n\t\t\t\t\t\t<div class=\"elementor-element elementor-element-340927b elementor-widget elementor-widget-shortcode\" data-id=\"340927b\" data-element_type=\"widget\" data-e-type=\"widget\" data-widget_type=\"shortcode.default\">\n\t\t\t\t<div class=\"elementor-widget-container\">\n\t\t\t\t\t\t\t<div class=\"elementor-shortcode\"><\/div>\n\t\t\t\t\t\t<\/div>\n\t\t\t\t<\/div>\n\t\t\t\t\t<\/div>\n\t\t<\/div>\n\t\t\t\t\t<\/div>\n\t\t<\/section>\n\t\t\t\t<\/div>\n\t\t","protected":false},"excerpt":{"rendered":"<p>Haciendo nuestra parte para un ma\u00f1ana m\u00e1s brillante Como l\u00edder global, Amsted Industries se compromete a llevar a cabo las operaciones de una manera que sea ambientalmente responsable y consistente con la de un buen ciudadano y vecino corporativo. La experiencia nos ha ense\u00f1ado que es esencial para todas nuestras partes interesadas ser buenos asistentes [&hellip;]<\/p>\n","protected":false},"author":1,"featured_media":0,"parent":5776,"menu_order":0,"comment_status":"closed","ping_status":"closed","template":"","meta":{"_acf_changed":false,"footnotes":""},"search-category":[20],"class_list":["post-5782","page","type-page","status-publish","hentry","search-category-culture"],"acf":[],"yoast_head":"<!-- This site is optimized with the Yoast SEO plugin v27.2 - https:\/\/yoast.com\/product\/yoast-seo-wordpress\/ -->\n<title>Sostenibilidad - Amsted Industries<\/title>\n<meta name=\"robots\" content=\"index, follow, max-snippet:-1, max-image-preview:large, max-video-preview:-1\" \/>\n<link rel=\"canonical\" href=\"https:\/\/www.amsted.com\/es\/cultura\/sostenibilidad\/\" \/>\n<meta property=\"og:locale\" content=\"es_ES\" \/>\n<meta property=\"og:type\" content=\"article\" \/>\n<meta property=\"og:title\" content=\"Sostenibilidad - Amsted Industries\" \/>\n<meta property=\"og:description\" content=\"Haciendo nuestra parte para un ma\u00f1ana m\u00e1s brillante Como l\u00edder global, Amsted Industries se compromete a llevar a cabo las operaciones de una manera que sea ambientalmente responsable y consistente con la de un buen ciudadano y vecino corporativo. La experiencia nos ha ense\u00f1ado que es esencial para todas nuestras partes interesadas ser buenos asistentes [&hellip;]\" \/>\n<meta property=\"og:url\" content=\"https:\/\/www.amsted.com\/es\/cultura\/sostenibilidad\/\" \/>\n<meta property=\"og:site_name\" content=\"Amsted Industries\" \/>\n<meta property=\"article:modified_time\" content=\"2022-09-15T21:59:44+00:00\" \/>\n<meta property=\"og:image\" content=\"https:\/\/live-amsted-industries.pantheonsite.io\/wp-content\/uploads\/2022\/08\/aa-sustainability-1024x683.jpg\" \/>\n<meta name=\"twitter:card\" content=\"summary_large_image\" \/>\n<meta name=\"twitter:label1\" content=\"Est. reading time\" \/>\n\t<meta name=\"twitter:data1\" content=\"1 minute\" \/>\n<script type=\"application\/ld+json\" class=\"yoast-schema-graph\">{\"@context\":\"https:\/\/schema.org\",\"@graph\":[{\"@type\":\"WebPage\",\"@id\":\"https:\/\/www.amsted.com\/es\/cultura\/sostenibilidad\/\",\"url\":\"https:\/\/www.amsted.com\/es\/cultura\/sostenibilidad\/\",\"name\":\"Sostenibilidad - Amsted Industries\",\"isPartOf\":{\"@id\":\"https:\/\/www.amsted.com\/es\/#website\"},\"primaryImageOfPage\":{\"@id\":\"https:\/\/www.amsted.com\/es\/cultura\/sostenibilidad\/#primaryimage\"},\"image\":{\"@id\":\"https:\/\/www.amsted.com\/es\/cultura\/sostenibilidad\/#primaryimage\"},\"thumbnailUrl\":\"https:\/\/live-amsted-industries.pantheonsite.io\/wp-content\/uploads\/2022\/08\/aa-sustainability-1024x683.jpg\",\"datePublished\":\"2022-06-02T02:28:56+00:00\",\"dateModified\":\"2022-09-15T21:59:44+00:00\",\"breadcrumb\":{\"@id\":\"https:\/\/www.amsted.com\/es\/cultura\/sostenibilidad\/#breadcrumb\"},\"inLanguage\":\"es-ES\",\"potentialAction\":[{\"@type\":\"ReadAction\",\"target\":[\"https:\/\/www.amsted.com\/es\/cultura\/sostenibilidad\/\"]}]},{\"@type\":\"ImageObject\",\"inLanguage\":\"es-ES\",\"@id\":\"https:\/\/www.amsted.com\/es\/cultura\/sostenibilidad\/#primaryimage\",\"url\":\"https:\/\/live-amsted-industries.pantheonsite.io\/wp-content\/uploads\/2022\/08\/aa-sustainability-1024x683.jpg\",\"contentUrl\":\"https:\/\/live-amsted-industries.pantheonsite.io\/wp-content\/uploads\/2022\/08\/aa-sustainability-1024x683.jpg\"},{\"@type\":\"BreadcrumbList\",\"@id\":\"https:\/\/www.amsted.com\/es\/cultura\/sostenibilidad\/#breadcrumb\",\"itemListElement\":[{\"@type\":\"ListItem\",\"position\":1,\"name\":\"Home\",\"item\":\"https:\/\/www.amsted.com\/es\/homepage\/\"},{\"@type\":\"ListItem\",\"position\":2,\"name\":\"Cultura\",\"item\":\"https:\/\/www.amsted.com\/es\/cultura\/\"},{\"@type\":\"ListItem\",\"position\":3,\"name\":\"Sostenibilidad\"}]},{\"@type\":\"WebSite\",\"@id\":\"https:\/\/www.amsted.com\/es\/#website\",\"url\":\"https:\/\/www.amsted.com\/es\/\",\"name\":\"Amsted Industries\",\"description\":\"Just another WordPress site\",\"potentialAction\":[{\"@type\":\"SearchAction\",\"target\":{\"@type\":\"EntryPoint\",\"urlTemplate\":\"https:\/\/www.amsted.com\/es\/?s={search_term_string}\"},\"query-input\":{\"@type\":\"PropertyValueSpecification\",\"valueRequired\":true,\"valueName\":\"search_term_string\"}}],\"inLanguage\":\"es-ES\"}]}<\/script>\n<!-- \/ Yoast SEO plugin. -->","yoast_head_json":{"title":"Sostenibilidad - Amsted Industries","robots":{"index":"index","follow":"follow","max-snippet":"max-snippet:-1","max-image-preview":"max-image-preview:large","max-video-preview":"max-video-preview:-1"},"canonical":"https:\/\/www.amsted.com\/es\/cultura\/sostenibilidad\/","og_locale":"es_ES","og_type":"article","og_title":"Sostenibilidad - Amsted Industries","og_description":"Haciendo nuestra parte para un ma\u00f1ana m\u00e1s brillante Como l\u00edder global, Amsted Industries se compromete a llevar a cabo las operaciones de una manera que sea ambientalmente responsable y consistente con la de un buen ciudadano y vecino corporativo. La experiencia nos ha ense\u00f1ado que es esencial para todas nuestras partes interesadas ser buenos asistentes [&hellip;]","og_url":"https:\/\/www.amsted.com\/es\/cultura\/sostenibilidad\/","og_site_name":"Amsted Industries","article_modified_time":"2022-09-15T21:59:44+00:00","og_image":[{"url":"https:\/\/live-amsted-industries.pantheonsite.io\/wp-content\/uploads\/2022\/08\/aa-sustainability-1024x683.jpg","type":"","width":"","height":""}],"twitter_card":"summary_large_image","twitter_misc":{"Est. reading time":"1 minute"},"schema":{"@context":"https:\/\/schema.org","@graph":[{"@type":"WebPage","@id":"https:\/\/www.amsted.com\/es\/cultura\/sostenibilidad\/","url":"https:\/\/www.amsted.com\/es\/cultura\/sostenibilidad\/","name":"Sostenibilidad - Amsted Industries","isPartOf":{"@id":"https:\/\/www.amsted.com\/es\/#website"},"primaryImageOfPage":{"@id":"https:\/\/www.amsted.com\/es\/cultura\/sostenibilidad\/#primaryimage"},"image":{"@id":"https:\/\/www.amsted.com\/es\/cultura\/sostenibilidad\/#primaryimage"},"thumbnailUrl":"https:\/\/live-amsted-industries.pantheonsite.io\/wp-content\/uploads\/2022\/08\/aa-sustainability-1024x683.jpg","datePublished":"2022-06-02T02:28:56+00:00","dateModified":"2022-09-15T21:59:44+00:00","breadcrumb":{"@id":"https:\/\/www.amsted.com\/es\/cultura\/sostenibilidad\/#breadcrumb"},"inLanguage":"es-ES","potentialAction":[{"@type":"ReadAction","target":["https:\/\/www.amsted.com\/es\/cultura\/sostenibilidad\/"]}]},{"@type":"ImageObject","inLanguage":"es-ES","@id":"https:\/\/www.amsted.com\/es\/cultura\/sostenibilidad\/#primaryimage","url":"https:\/\/live-amsted-industries.pantheonsite.io\/wp-content\/uploads\/2022\/08\/aa-sustainability-1024x683.jpg","contentUrl":"https:\/\/live-amsted-industries.pantheonsite.io\/wp-content\/uploads\/2022\/08\/aa-sustainability-1024x683.jpg"},{"@type":"BreadcrumbList","@id":"https:\/\/www.amsted.com\/es\/cultura\/sostenibilidad\/#breadcrumb","itemListElement":[{"@type":"ListItem","position":1,"name":"Home","item":"https:\/\/www.amsted.com\/es\/homepage\/"},{"@type":"ListItem","position":2,"name":"Cultura","item":"https:\/\/www.amsted.com\/es\/cultura\/"},{"@type":"ListItem","position":3,"name":"Sostenibilidad"}]},{"@type":"WebSite","@id":"https:\/\/www.amsted.com\/es\/#website","url":"https:\/\/www.amsted.com\/es\/","name":"Amsted Industries","description":"Just another WordPress site","potentialAction":[{"@type":"SearchAction","target":{"@type":"EntryPoint","urlTemplate":"https:\/\/www.amsted.com\/es\/?s={search_term_string}"},"query-input":{"@type":"PropertyValueSpecification","valueRequired":true,"valueName":"search_term_string"}}],"inLanguage":"es-ES"}]}},"_links":{"self":[{"href":"https:\/\/www.amsted.com\/es\/wp-json\/wp\/v2\/pages\/5782","targetHints":{"allow":["GET"]}}],"collection":[{"href":"https:\/\/www.amsted.com\/es\/wp-json\/wp\/v2\/pages"}],"about":[{"href":"https:\/\/www.amsted.com\/es\/wp-json\/wp\/v2\/types\/page"}],"author":[{"embeddable":true,"href":"https:\/\/www.amsted.com\/es\/wp-json\/wp\/v2\/users\/1"}],"replies":[{"embeddable":true,"href":"https:\/\/www.amsted.com\/es\/wp-json\/wp\/v2\/comments?post=5782"}],"version-history":[{"count":1,"href":"https:\/\/www.amsted.com\/es\/wp-json\/wp\/v2\/pages\/5782\/revisions"}],"predecessor-version":[{"id":5783,"href":"https:\/\/www.amsted.com\/es\/wp-json\/wp\/v2\/pages\/5782\/revisions\/5783"}],"up":[{"embeddable":true,"href":"https:\/\/www.amsted.com\/es\/wp-json\/wp\/v2\/pages\/5776"}],"wp:attachment":[{"href":"https:\/\/www.amsted.com\/es\/wp-json\/wp\/v2\/media?parent=5782"}],"wp:term":[{"taxonomy":"search-category","embeddable":true,"href":"https:\/\/www.amsted.com\/es\/wp-json\/wp\/v2\/search-category?post=5782"}],"curies":[{"name":"wp","href":"https:\/\/api.w.org\/{rel}","templated":true}]}}