{"id":5776,"date":"2022-06-02T02:28:23","date_gmt":"2022-06-02T02:28:23","guid":{"rendered":"https:\/\/live-amsted-industries.pantheonsite.io\/cultura\/"},"modified":"2022-09-15T21:35:49","modified_gmt":"2022-09-15T21:35:49","slug":"cultura","status":"publish","type":"page","link":"https:\/\/www.amsted.com\/es\/cultura\/","title":{"rendered":"Cultura"},"content":{"rendered":"\t\t<div data-elementor-type=\"wp-page\" data-elementor-id=\"5776\" class=\"elementor elementor-5776 elementor-160\" data-elementor-post-type=\"page\">\n\t\t\t\t\t\t<section class=\"elementor-section elementor-top-section elementor-element elementor-element-6404150 elementor-section-boxed elementor-section-height-default elementor-section-height-default\" data-id=\"6404150\" data-element_type=\"section\" data-e-type=\"section\">\n\t\t\t\t\t\t<div class=\"elementor-container elementor-column-gap-default\">\n\t\t\t\t\t<div class=\"elementor-column elementor-col-100 elementor-top-column elementor-element elementor-element-717586d\" data-id=\"717586d\" data-element_type=\"column\" data-e-type=\"column\">\n\t\t\t<div class=\"elementor-widget-wrap elementor-element-populated\">\n\t\t\t\t\t\t<section class=\"elementor-section elementor-inner-section elementor-element elementor-element-718937d elementor-section-boxed elementor-section-height-default elementor-section-height-default\" data-id=\"718937d\" data-element_type=\"section\" data-e-type=\"section\" data-settings=\"{&quot;background_background&quot;:&quot;video&quot;}\">\n\t\t\t\t\t\t<div class=\"elementor-container elementor-column-gap-default\">\n\t\t\t\t\t<div class=\"elementor-column elementor-col-50 elementor-inner-column elementor-element elementor-element-f39031e\" data-id=\"f39031e\" data-element_type=\"column\" data-e-type=\"column\">\n\t\t\t<div class=\"elementor-widget-wrap elementor-element-populated\">\n\t\t\t\t\t\t<div class=\"elementor-element elementor-element-6175d7c elementor-widget elementor-widget-heading\" data-id=\"6175d7c\" data-element_type=\"widget\" data-e-type=\"widget\" data-widget_type=\"heading.default\">\n\t\t\t\t<div class=\"elementor-widget-container\">\n\t\t\t\t\t<h1 class=\"elementor-heading-title elementor-size-default\">Compartiendo valores comunes entre industrias y fronteras<\/h1>\t\t\t\t<\/div>\n\t\t\t\t<\/div>\n\t\t\t\t\t<\/div>\n\t\t<\/div>\n\t\t\t\t<div class=\"elementor-column elementor-col-50 elementor-inner-column elementor-element elementor-element-3d8f975\" data-id=\"3d8f975\" data-element_type=\"column\" data-e-type=\"column\">\n\t\t\t<div class=\"elementor-widget-wrap elementor-element-populated\">\n\t\t\t\t\t\t<div class=\"elementor-element elementor-element-4da60cf elementor-widget elementor-widget-text-editor\" data-id=\"4da60cf\" data-element_type=\"widget\" data-e-type=\"widget\" data-widget_type=\"text-editor.default\">\n\t\t\t\t<div class=\"elementor-widget-container\">\n\t\t\t\t\t\t\t\t\t<p>Estamos orgullosos de nuestra cultura empresarial \u00fanica que ha surgido de nuestra estructura de propiedad de los empleados. Debido a que cada una de nuestras cuatro empresas opera de forma independiente, todas tienen elementos distintos en la cultura de su empresa, influenciadas por su propia gente, industrias y comunidades. Pero todos compartimos un hilo conductor de lo que significa ser parte de Amsted Industries: estamos dedicados a nuestra gente, dedicados a nuestros clientes y dedicados a la excelencia. Nuestros valores compartidos crean la base y nuestra individualidad nos hace m\u00e1s fuertes.   <\/p>\n\t\t\t\t\t\t\t\t<\/div>\n\t\t\t\t<\/div>\n\t\t\t\t\t<\/div>\n\t\t<\/div>\n\t\t\t\t\t<\/div>\n\t\t<\/section>\n\t\t\t\t\t<\/div>\n\t\t<\/div>\n\t\t\t\t\t<\/div>\n\t\t<\/section>\n\t\t\t\t<section class=\"elementor-section elementor-top-section elementor-element elementor-element-e400f7d elementor-section-boxed elementor-section-height-default elementor-section-height-default\" data-id=\"e400f7d\" data-element_type=\"section\" data-e-type=\"section\">\n\t\t\t\t\t\t<div class=\"elementor-container elementor-column-gap-default\">\n\t\t\t\t\t<div class=\"elementor-column elementor-col-100 elementor-top-column elementor-element elementor-element-50d780b\" data-id=\"50d780b\" data-element_type=\"column\" data-e-type=\"column\">\n\t\t\t<div class=\"elementor-widget-wrap elementor-element-populated\">\n\t\t\t\t\t\t<section class=\"elementor-section elementor-inner-section elementor-element elementor-element-bb98521 elementor-section-height-min-height elementor-section-boxed elementor-section-height-default\" data-id=\"bb98521\" data-element_type=\"section\" data-e-type=\"section\">\n\t\t\t\t\t\t<div class=\"elementor-container elementor-column-gap-default\">\n\t\t\t\t\t<div class=\"elementor-column elementor-col-50 elementor-inner-column elementor-element elementor-element-5974976\" data-id=\"5974976\" data-element_type=\"column\" data-e-type=\"column\" data-settings=\"{&quot;background_background&quot;:&quot;classic&quot;}\">\n\t\t\t<div class=\"elementor-widget-wrap elementor-element-populated\">\n\t\t\t\t\t<div class=\"elementor-background-overlay\"><\/div>\n\t\t\t\t\t\t<div class=\"elementor-element elementor-element-66d66f0 elementor-invisible elementor-widget elementor-widget-heading\" data-id=\"66d66f0\" data-element_type=\"widget\" data-e-type=\"widget\" data-settings=\"{&quot;_animation&quot;:&quot;fadeIn&quot;}\" data-widget_type=\"heading.default\">\n\t\t\t\t<div class=\"elementor-widget-container\">\n\t\t\t\t\t<h2 class=\"elementor-heading-title elementor-size-default\">Propiedad de los empleados<\/h2>\t\t\t\t<\/div>\n\t\t\t\t<\/div>\n\t\t\t\t<div class=\"elementor-element elementor-element-2ef6282 elementor-invisible elementor-widget elementor-widget-text-editor\" data-id=\"2ef6282\" data-element_type=\"widget\" data-e-type=\"widget\" data-settings=\"{&quot;_animation&quot;:&quot;fadeIn&quot;,&quot;_animation_delay&quot;:300}\" data-widget_type=\"text-editor.default\">\n\t\t\t\t<div class=\"elementor-widget-container\">\n\t\t\t\t\t\t\t\t\t<p>Amsted Industries es 100% propiedad de los empleados y es la cuarta empresa con un Plan de Propiedad de Acciones de los Empleados (ESOP, por sus siglas en ingl\u00e9s) m\u00e1s grande de los Estados Unidos, seg\u00fan el National Center for Employee Ownership.<\/p>\n\t\t\t\t\t\t\t\t<\/div>\n\t\t\t\t<\/div>\n\t\t\t\t<div class=\"elementor-element elementor-element-32debef ai-blue-btn elementor-widget elementor-widget-button\" data-id=\"32debef\" data-element_type=\"widget\" data-e-type=\"widget\" data-widget_type=\"button.default\">\n\t\t\t\t<div class=\"elementor-widget-container\">\n\t\t\t\t\t\t\t\t\t<div class=\"elementor-button-wrapper\">\n\t\t\t\t\t<a class=\"elementor-button elementor-button-link elementor-size-sm elementor-animation-float\" href=\"https:\/\/www.amsted.com\/culture\/worker-ownership\/\">\n\t\t\t\t\t\t<span class=\"elementor-button-content-wrapper\">\n\t\t\t\t\t\t<span class=\"elementor-button-icon\">\n\t\t\t\t<i aria-hidden=\"true\" class=\"fas fa-long-arrow-alt-right\"><\/i>\t\t\t<\/span>\n\t\t\t\t\t\t\t\t\t<span class=\"elementor-button-text\">M\u00e1s informaci\u00f3n<\/span>\n\t\t\t\t\t<\/span>\n\t\t\t\t\t<\/a>\n\t\t\t\t<\/div>\n\t\t\t\t\t\t\t\t<\/div>\n\t\t\t\t<\/div>\n\t\t\t\t\t<\/div>\n\t\t<\/div>\n\t\t\t\t<div class=\"elementor-column elementor-col-50 elementor-inner-column elementor-element elementor-element-403deeb\" data-id=\"403deeb\" data-element_type=\"column\" data-e-type=\"column\" data-settings=\"{&quot;background_background&quot;:&quot;classic&quot;}\">\n\t\t\t<div class=\"elementor-widget-wrap elementor-element-populated\">\n\t\t\t\t\t\t<div class=\"elementor-element elementor-element-5b54b45 elementor-invisible elementor-widget elementor-widget-heading\" data-id=\"5b54b45\" data-element_type=\"widget\" data-e-type=\"widget\" data-settings=\"{&quot;_animation&quot;:&quot;fadeIn&quot;}\" data-widget_type=\"heading.default\">\n\t\t\t\t<div class=\"elementor-widget-container\">\n\t\t\t\t\t<h2 class=\"elementor-heading-title elementor-size-default\">Sostenibilidad<\/h2>\t\t\t\t<\/div>\n\t\t\t\t<\/div>\n\t\t\t\t<div class=\"elementor-element elementor-element-59fab88 elementor-invisible elementor-widget elementor-widget-text-editor\" data-id=\"59fab88\" data-element_type=\"widget\" data-e-type=\"widget\" data-settings=\"{&quot;_animation&quot;:&quot;fadeIn&quot;,&quot;_animation_delay&quot;:300}\" data-widget_type=\"text-editor.default\">\n\t\t\t\t<div class=\"elementor-widget-container\">\n\t\t\t\t\t\t\t\t\t<p>Como l\u00edder global, Amsted Industries se compromete a llevar a cabo las operaciones de una manera que sea ambientalmente responsable y consistente con la de un buen ciudadano y vecino corporativo.<\/p>\n\t\t\t\t\t\t\t\t<\/div>\n\t\t\t\t<\/div>\n\t\t\t\t<div class=\"elementor-element elementor-element-feebcdf ai-blue-btn elementor-widget elementor-widget-button\" data-id=\"feebcdf\" data-element_type=\"widget\" data-e-type=\"widget\" data-widget_type=\"button.default\">\n\t\t\t\t<div class=\"elementor-widget-container\">\n\t\t\t\t\t\t\t\t\t<div class=\"elementor-button-wrapper\">\n\t\t\t\t\t<a class=\"elementor-button elementor-button-link elementor-size-sm elementor-animation-float\" href=\"https:\/\/www.amsted.com\/culture\/environmental-sustainability\/\">\n\t\t\t\t\t\t<span class=\"elementor-button-content-wrapper\">\n\t\t\t\t\t\t<span class=\"elementor-button-icon\">\n\t\t\t\t<i aria-hidden=\"true\" class=\"fas fa-long-arrow-alt-right\"><\/i>\t\t\t<\/span>\n\t\t\t\t\t\t\t\t\t<span class=\"elementor-button-text\">M\u00e1s informaci\u00f3n<\/span>\n\t\t\t\t\t<\/span>\n\t\t\t\t\t<\/a>\n\t\t\t\t<\/div>\n\t\t\t\t\t\t\t\t<\/div>\n\t\t\t\t<\/div>\n\t\t\t\t\t<\/div>\n\t\t<\/div>\n\t\t\t\t\t<\/div>\n\t\t<\/section>\n\t\t\t\t<section class=\"elementor-section elementor-inner-section elementor-element elementor-element-ef9c234 elementor-section-height-min-height elementor-section-boxed elementor-section-height-default\" data-id=\"ef9c234\" data-element_type=\"section\" data-e-type=\"section\">\n\t\t\t\t\t\t<div class=\"elementor-container elementor-column-gap-default\">\n\t\t\t\t\t<div class=\"elementor-column elementor-col-50 elementor-inner-column elementor-element elementor-element-4a29712\" data-id=\"4a29712\" data-element_type=\"column\" data-e-type=\"column\" data-settings=\"{&quot;background_background&quot;:&quot;classic&quot;}\">\n\t\t\t<div class=\"elementor-widget-wrap elementor-element-populated\">\n\t\t\t\t\t<div class=\"elementor-background-overlay\"><\/div>\n\t\t\t\t\t\t<div class=\"elementor-element elementor-element-23b1f50 elementor-invisible elementor-widget elementor-widget-heading\" data-id=\"23b1f50\" data-element_type=\"widget\" data-e-type=\"widget\" data-settings=\"{&quot;_animation&quot;:&quot;fadeIn&quot;}\" data-widget_type=\"heading.default\">\n\t\t\t\t<div class=\"elementor-widget-container\">\n\t\t\t\t\t<h2 class=\"elementor-heading-title elementor-size-default\">Seguridad<\/h2>\t\t\t\t<\/div>\n\t\t\t\t<\/div>\n\t\t\t\t<div class=\"elementor-element elementor-element-7cafa02 elementor-invisible elementor-widget elementor-widget-text-editor\" data-id=\"7cafa02\" data-element_type=\"widget\" data-e-type=\"widget\" data-settings=\"{&quot;_animation&quot;:&quot;fadeIn&quot;,&quot;_animation_delay&quot;:300}\" data-widget_type=\"text-editor.default\">\n\t\t\t\t<div class=\"elementor-widget-container\">\n\t\t\t\t\t\t\t\t\t<p>La seguridad y salud de nuestros trabajadores y de aquellos que visitan nuestras instalaciones es siempre nuestra m\u00e1xima prioridad. <\/p>\n\t\t\t\t\t\t\t\t<\/div>\n\t\t\t\t<\/div>\n\t\t\t\t<div class=\"elementor-element elementor-element-7e25864 ai-blue-btn elementor-widget elementor-widget-button\" data-id=\"7e25864\" data-element_type=\"widget\" data-e-type=\"widget\" data-widget_type=\"button.default\">\n\t\t\t\t<div class=\"elementor-widget-container\">\n\t\t\t\t\t\t\t\t\t<div class=\"elementor-button-wrapper\">\n\t\t\t\t\t<a class=\"elementor-button elementor-button-link elementor-size-sm elementor-animation-float\" href=\"https:\/\/www.amsted.com\/culture\/safety\/\">\n\t\t\t\t\t\t<span class=\"elementor-button-content-wrapper\">\n\t\t\t\t\t\t<span class=\"elementor-button-icon\">\n\t\t\t\t<i aria-hidden=\"true\" class=\"fas fa-long-arrow-alt-right\"><\/i>\t\t\t<\/span>\n\t\t\t\t\t\t\t\t\t<span class=\"elementor-button-text\">M\u00e1s informaci\u00f3n<\/span>\n\t\t\t\t\t<\/span>\n\t\t\t\t\t<\/a>\n\t\t\t\t<\/div>\n\t\t\t\t\t\t\t\t<\/div>\n\t\t\t\t<\/div>\n\t\t\t\t\t<\/div>\n\t\t<\/div>\n\t\t\t\t<div class=\"elementor-column elementor-col-50 elementor-inner-column elementor-element elementor-element-b21cf76\" data-id=\"b21cf76\" data-element_type=\"column\" data-e-type=\"column\" data-settings=\"{&quot;background_background&quot;:&quot;classic&quot;}\">\n\t\t\t<div class=\"elementor-widget-wrap elementor-element-populated\">\n\t\t\t\t\t\t<div class=\"elementor-element elementor-element-6f6817c elementor-invisible elementor-widget elementor-widget-heading\" data-id=\"6f6817c\" data-element_type=\"widget\" data-e-type=\"widget\" data-settings=\"{&quot;_animation&quot;:&quot;fadeIn&quot;}\" data-widget_type=\"heading.default\">\n\t\t\t\t<div class=\"elementor-widget-container\">\n\t\t\t\t\t<h2 class=\"elementor-heading-title elementor-size-default\">Desarrollo profesional<\/h2>\t\t\t\t<\/div>\n\t\t\t\t<\/div>\n\t\t\t\t<div class=\"elementor-element elementor-element-20c1e85 elementor-invisible elementor-widget elementor-widget-text-editor\" data-id=\"20c1e85\" data-element_type=\"widget\" data-e-type=\"widget\" data-settings=\"{&quot;_animation&quot;:&quot;fadeIn&quot;,&quot;_animation_delay&quot;:300}\" data-widget_type=\"text-editor.default\">\n\t\t\t\t<div class=\"elementor-widget-container\">\n\t\t\t\t\t\t\t\t\t<div class=\"sc-kmrpro cLHNMg trap-focus-container\" tabindex=\"-1\" role=\"document\" data-ally-id=\"41156661837828\" aria-label=\"Shannon Smith. . 1:29 PM. Professional Development We are only as strong as the people we employ. We invest in our employees\u2019 development from Day 1, providing resources, training, and opportunities to help create careers that unite passion and success. Press Enter to explore message content, then use Escape to shift focus back to navigate through the message stream. Use up and down arrow to navigate to other messages.\" aria-describedby=\"styledConversationActionBarId41156661837828 cardHeaderRightSectionId41156661837828\"><div class=\"sc-ezza-Dz srXCG \" data-name=\"conversation-card\" data-id=\"41156661837828\"><div class=\"conversation-card__right\"><div class=\"sc-ezFbHo fSavwA\" data-name=\"body\"><div class=\"sc-cVvZcD kdPQRw\" data-name=\"text\"><p>Somos tan fuertes como las personas que contratamos. Invertimos en el desarrollo de nuestros empleados desde el primer d\u00eda, proporcionando recursos, capacitaci\u00f3n y oportunidades para ayudar a crear carreras profesionales que unan pasi\u00f3n y \u00e9xito. <\/p><\/div><\/div><\/div><\/div><\/div>\t\t\t\t\t\t\t\t<\/div>\n\t\t\t\t<\/div>\n\t\t\t\t<div class=\"elementor-element elementor-element-d1ba752 ai-white-btn elementor-widget elementor-widget-button\" data-id=\"d1ba752\" data-element_type=\"widget\" data-e-type=\"widget\" data-widget_type=\"button.default\">\n\t\t\t\t<div class=\"elementor-widget-container\">\n\t\t\t\t\t\t\t\t\t<div class=\"elementor-button-wrapper\">\n\t\t\t\t\t<a class=\"elementor-button elementor-button-link elementor-size-sm elementor-animation-float\" href=\"https:\/\/www.amsted.com\/es\/carreras-profesionales\/\">\n\t\t\t\t\t\t<span class=\"elementor-button-content-wrapper\">\n\t\t\t\t\t\t<span class=\"elementor-button-icon\">\n\t\t\t\t<i aria-hidden=\"true\" class=\"fas fa-long-arrow-alt-right\"><\/i>\t\t\t<\/span>\n\t\t\t\t\t\t\t\t\t<span class=\"elementor-button-text\">Carreras profesionales<\/span>\n\t\t\t\t\t<\/span>\n\t\t\t\t\t<\/a>\n\t\t\t\t<\/div>\n\t\t\t\t\t\t\t\t<\/div>\n\t\t\t\t<\/div>\n\t\t\t\t\t<\/div>\n\t\t<\/div>\n\t\t\t\t\t<\/div>\n\t\t<\/section>\n\t\t\t\t\t<\/div>\n\t\t<\/div>\n\t\t\t\t\t<\/div>\n\t\t<\/section>\n\t\t\t\t<section class=\"elementor-section elementor-top-section elementor-element elementor-element-b3093ad elementor-section-boxed elementor-section-height-default elementor-section-height-default\" data-id=\"b3093ad\" data-element_type=\"section\" data-e-type=\"section\" data-settings=\"{&quot;background_background&quot;:&quot;classic&quot;}\">\n\t\t\t\t\t\t<div class=\"elementor-container elementor-column-gap-default\">\n\t\t\t\t\t<div class=\"elementor-column elementor-col-100 elementor-top-column elementor-element elementor-element-da290a7\" data-id=\"da290a7\" data-element_type=\"column\" data-e-type=\"column\">\n\t\t\t<div class=\"elementor-widget-wrap elementor-element-populated\">\n\t\t\t\t\t\t<div class=\"elementor-element elementor-element-2282769 elementor-widget elementor-widget-shortcode\" data-id=\"2282769\" data-element_type=\"widget\" data-e-type=\"widget\" data-widget_type=\"shortcode.default\">\n\t\t\t\t<div class=\"elementor-widget-container\">\n\t\t\t\t\t\t\t<div class=\"elementor-shortcode\"><h3 class=\"ai-child-pages-title\">Explorar m\u00e1s<\/h3><ul class=\"ai-child-pages\"><li class=\"page_item page-item-5780\"><a href=\"https:\/\/www.amsted.com\/es\/cultura\/propiedad-de-los-empleados\/\">Propiedad de los empleados<\/a><\/li>\n<li class=\"page_item page-item-5782\"><a href=\"https:\/\/www.amsted.com\/es\/cultura\/sostenibilidad\/\">Sostenibilidad<\/a><\/li>\n<li class=\"page_item page-item-6309\"><a href=\"https:\/\/www.amsted.com\/es\/cultura\/seguridad\/\">Seguridad<\/a><\/li>\n<\/ul><\/div>\n\t\t\t\t\t\t<\/div>\n\t\t\t\t<\/div>\n\t\t\t\t\t<\/div>\n\t\t<\/div>\n\t\t\t\t\t<\/div>\n\t\t<\/section>\n\t\t\t\t<\/div>\n\t\t","protected":false},"excerpt":{"rendered":"<p>Compartiendo valores comunes entre industrias y fronteras Estamos orgullosos de nuestra cultura empresarial \u00fanica que ha surgido de nuestra estructura de propiedad de los empleados. Debido a que cada una de nuestras cuatro empresas opera de forma independiente, todas tienen elementos distintos en la cultura de su empresa, influenciadas por su propia gente, industrias y [&hellip;]<\/p>\n","protected":false},"author":1,"featured_media":0,"parent":0,"menu_order":0,"comment_status":"closed","ping_status":"closed","template":"","meta":{"_acf_changed":false,"footnotes":""},"search-category":[],"class_list":["post-5776","page","type-page","status-publish","hentry"],"acf":[],"yoast_head":"<!-- This site is optimized with the Yoast SEO plugin v27.2 - https:\/\/yoast.com\/product\/yoast-seo-wordpress\/ -->\n<title>Cultura - Amsted Industries<\/title>\n<meta name=\"robots\" content=\"index, follow, max-snippet:-1, max-image-preview:large, max-video-preview:-1\" \/>\n<link rel=\"canonical\" href=\"https:\/\/www.amsted.com\/es\/cultura\/\" \/>\n<meta property=\"og:locale\" content=\"es_ES\" \/>\n<meta property=\"og:type\" content=\"article\" \/>\n<meta property=\"og:title\" content=\"Cultura - Amsted Industries\" \/>\n<meta property=\"og:description\" content=\"Compartiendo valores comunes entre industrias y fronteras Estamos orgullosos de nuestra cultura empresarial \u00fanica que ha surgido de nuestra estructura de propiedad de los empleados. Debido a que cada una de nuestras cuatro empresas opera de forma independiente, todas tienen elementos distintos en la cultura de su empresa, influenciadas por su propia gente, industrias y [&hellip;]\" \/>\n<meta property=\"og:url\" content=\"https:\/\/www.amsted.com\/es\/cultura\/\" \/>\n<meta property=\"og:site_name\" content=\"Amsted Industries\" \/>\n<meta property=\"article:modified_time\" content=\"2022-09-15T21:35:49+00:00\" \/>\n<meta name=\"twitter:card\" content=\"summary_large_image\" \/>\n<meta name=\"twitter:label1\" content=\"Est. reading time\" \/>\n\t<meta name=\"twitter:data1\" content=\"1 minute\" \/>\n<script type=\"application\/ld+json\" class=\"yoast-schema-graph\">{\"@context\":\"https:\/\/schema.org\",\"@graph\":[{\"@type\":\"WebPage\",\"@id\":\"https:\/\/www.amsted.com\/es\/cultura\/\",\"url\":\"https:\/\/www.amsted.com\/es\/cultura\/\",\"name\":\"Cultura - Amsted Industries\",\"isPartOf\":{\"@id\":\"https:\/\/www.amsted.com\/es\/#website\"},\"datePublished\":\"2022-06-02T02:28:23+00:00\",\"dateModified\":\"2022-09-15T21:35:49+00:00\",\"breadcrumb\":{\"@id\":\"https:\/\/www.amsted.com\/es\/cultura\/#breadcrumb\"},\"inLanguage\":\"es-ES\",\"potentialAction\":[{\"@type\":\"ReadAction\",\"target\":[\"https:\/\/www.amsted.com\/es\/cultura\/\"]}]},{\"@type\":\"BreadcrumbList\",\"@id\":\"https:\/\/www.amsted.com\/es\/cultura\/#breadcrumb\",\"itemListElement\":[{\"@type\":\"ListItem\",\"position\":1,\"name\":\"Home\",\"item\":\"https:\/\/www.amsted.com\/es\/homepage\/\"},{\"@type\":\"ListItem\",\"position\":2,\"name\":\"Cultura\"}]},{\"@type\":\"WebSite\",\"@id\":\"https:\/\/www.amsted.com\/es\/#website\",\"url\":\"https:\/\/www.amsted.com\/es\/\",\"name\":\"Amsted Industries\",\"description\":\"Just another WordPress site\",\"potentialAction\":[{\"@type\":\"SearchAction\",\"target\":{\"@type\":\"EntryPoint\",\"urlTemplate\":\"https:\/\/www.amsted.com\/es\/?s={search_term_string}\"},\"query-input\":{\"@type\":\"PropertyValueSpecification\",\"valueRequired\":true,\"valueName\":\"search_term_string\"}}],\"inLanguage\":\"es-ES\"}]}<\/script>\n<!-- \/ Yoast SEO plugin. -->","yoast_head_json":{"title":"Cultura - Amsted Industries","robots":{"index":"index","follow":"follow","max-snippet":"max-snippet:-1","max-image-preview":"max-image-preview:large","max-video-preview":"max-video-preview:-1"},"canonical":"https:\/\/www.amsted.com\/es\/cultura\/","og_locale":"es_ES","og_type":"article","og_title":"Cultura - Amsted Industries","og_description":"Compartiendo valores comunes entre industrias y fronteras Estamos orgullosos de nuestra cultura empresarial \u00fanica que ha surgido de nuestra estructura de propiedad de los empleados. Debido a que cada una de nuestras cuatro empresas opera de forma independiente, todas tienen elementos distintos en la cultura de su empresa, influenciadas por su propia gente, industrias y [&hellip;]","og_url":"https:\/\/www.amsted.com\/es\/cultura\/","og_site_name":"Amsted Industries","article_modified_time":"2022-09-15T21:35:49+00:00","twitter_card":"summary_large_image","twitter_misc":{"Est. reading time":"1 minute"},"schema":{"@context":"https:\/\/schema.org","@graph":[{"@type":"WebPage","@id":"https:\/\/www.amsted.com\/es\/cultura\/","url":"https:\/\/www.amsted.com\/es\/cultura\/","name":"Cultura - Amsted Industries","isPartOf":{"@id":"https:\/\/www.amsted.com\/es\/#website"},"datePublished":"2022-06-02T02:28:23+00:00","dateModified":"2022-09-15T21:35:49+00:00","breadcrumb":{"@id":"https:\/\/www.amsted.com\/es\/cultura\/#breadcrumb"},"inLanguage":"es-ES","potentialAction":[{"@type":"ReadAction","target":["https:\/\/www.amsted.com\/es\/cultura\/"]}]},{"@type":"BreadcrumbList","@id":"https:\/\/www.amsted.com\/es\/cultura\/#breadcrumb","itemListElement":[{"@type":"ListItem","position":1,"name":"Home","item":"https:\/\/www.amsted.com\/es\/homepage\/"},{"@type":"ListItem","position":2,"name":"Cultura"}]},{"@type":"WebSite","@id":"https:\/\/www.amsted.com\/es\/#website","url":"https:\/\/www.amsted.com\/es\/","name":"Amsted Industries","description":"Just another WordPress site","potentialAction":[{"@type":"SearchAction","target":{"@type":"EntryPoint","urlTemplate":"https:\/\/www.amsted.com\/es\/?s={search_term_string}"},"query-input":{"@type":"PropertyValueSpecification","valueRequired":true,"valueName":"search_term_string"}}],"inLanguage":"es-ES"}]}},"_links":{"self":[{"href":"https:\/\/www.amsted.com\/es\/wp-json\/wp\/v2\/pages\/5776","targetHints":{"allow":["GET"]}}],"collection":[{"href":"https:\/\/www.amsted.com\/es\/wp-json\/wp\/v2\/pages"}],"about":[{"href":"https:\/\/www.amsted.com\/es\/wp-json\/wp\/v2\/types\/page"}],"author":[{"embeddable":true,"href":"https:\/\/www.amsted.com\/es\/wp-json\/wp\/v2\/users\/1"}],"replies":[{"embeddable":true,"href":"https:\/\/www.amsted.com\/es\/wp-json\/wp\/v2\/comments?post=5776"}],"version-history":[{"count":3,"href":"https:\/\/www.amsted.com\/es\/wp-json\/wp\/v2\/pages\/5776\/revisions"}],"predecessor-version":[{"id":5779,"href":"https:\/\/www.amsted.com\/es\/wp-json\/wp\/v2\/pages\/5776\/revisions\/5779"}],"wp:attachment":[{"href":"https:\/\/www.amsted.com\/es\/wp-json\/wp\/v2\/media?parent=5776"}],"wp:term":[{"taxonomy":"search-category","embeddable":true,"href":"https:\/\/www.amsted.com\/es\/wp-json\/wp\/v2\/search-category?post=5776"}],"curies":[{"name":"wp","href":"https:\/\/api.w.org\/{rel}","templated":true}]}}