{"id":5760,"date":"2022-06-02T02:29:36","date_gmt":"2022-06-02T02:29:36","guid":{"rendered":"https:\/\/live-amsted-industries.pantheonsite.io\/comunidad\/"},"modified":"2022-09-15T20:53:48","modified_gmt":"2022-09-15T20:53:48","slug":"comunidad","status":"publish","type":"page","link":"https:\/\/www.amsted.com\/es\/comunidad\/","title":{"rendered":"Comunidad"},"content":{"rendered":"\t\t<div data-elementor-type=\"wp-page\" data-elementor-id=\"5760\" class=\"elementor elementor-5760 elementor-170\" data-elementor-post-type=\"page\">\n\t\t\t\t\t\t<section class=\"elementor-section elementor-top-section elementor-element elementor-element-bceb1cc elementor-section-boxed elementor-section-height-default elementor-section-height-default\" data-id=\"bceb1cc\" data-element_type=\"section\" data-e-type=\"section\">\n\t\t\t\t\t\t<div class=\"elementor-container elementor-column-gap-default\">\n\t\t\t\t\t<div class=\"elementor-column elementor-col-100 elementor-top-column elementor-element elementor-element-c0dd11b\" data-id=\"c0dd11b\" data-element_type=\"column\" data-e-type=\"column\">\n\t\t\t<div class=\"elementor-widget-wrap elementor-element-populated\">\n\t\t\t\t\t\t<section class=\"elementor-section elementor-inner-section elementor-element elementor-element-8efd741 elementor-section-boxed elementor-section-height-default elementor-section-height-default\" data-id=\"8efd741\" data-element_type=\"section\" data-e-type=\"section\" data-settings=\"{&quot;background_background&quot;:&quot;video&quot;}\">\n\t\t\t\t\t\t<div class=\"elementor-container elementor-column-gap-default\">\n\t\t\t\t\t<div class=\"elementor-column elementor-col-50 elementor-inner-column elementor-element elementor-element-7c6b326\" data-id=\"7c6b326\" data-element_type=\"column\" data-e-type=\"column\">\n\t\t\t<div class=\"elementor-widget-wrap elementor-element-populated\">\n\t\t\t\t\t\t<div class=\"elementor-element elementor-element-39a6879 elementor-widget elementor-widget-heading\" data-id=\"39a6879\" data-element_type=\"widget\" data-e-type=\"widget\" data-widget_type=\"heading.default\">\n\t\t\t\t<div class=\"elementor-widget-container\">\n\t\t\t\t\t<h1 class=\"elementor-heading-title elementor-size-default\">Impactar m\u00e1s all\u00e1 de los negocios\n<\/h1>\t\t\t\t<\/div>\n\t\t\t\t<\/div>\n\t\t\t\t\t<\/div>\n\t\t<\/div>\n\t\t\t\t<div class=\"elementor-column elementor-col-50 elementor-inner-column elementor-element elementor-element-da8d493\" data-id=\"da8d493\" data-element_type=\"column\" data-e-type=\"column\">\n\t\t\t<div class=\"elementor-widget-wrap elementor-element-populated\">\n\t\t\t\t\t\t<div class=\"elementor-element elementor-element-877e2d6 elementor-widget elementor-widget-text-editor\" data-id=\"877e2d6\" data-element_type=\"widget\" data-e-type=\"widget\" data-widget_type=\"text-editor.default\">\n\t\t\t\t<div class=\"elementor-widget-container\">\n\t\t\t\t\t\t\t\t\t<p><span style=\"font-weight: 400;\">Los trabajadores de Amsted Industries en todo el mundo sirven a nuestras comunidades locales. Todas nuestras empresas participan en programas de servicio social comunitario que incluyen proyectos de voluntariado, campa\u00f1as de donaci\u00f3n, eventos de caridad y m\u00e1s. Toys for Tots, Boys &amp; Girls Clubs, Habitat for Humanity y los bancos de alimentos comunitarios son solo una peque\u00f1a muestra de las organizaciones con las que hemos trabajado para ayudar a hacer de nuestro mundo un lugar mejor para todos.   <\/span><\/p>\n\t\t\t\t\t\t\t\t<\/div>\n\t\t\t\t<\/div>\n\t\t\t\t\t<\/div>\n\t\t<\/div>\n\t\t\t\t\t<\/div>\n\t\t<\/section>\n\t\t\t\t\t<\/div>\n\t\t<\/div>\n\t\t\t\t\t<\/div>\n\t\t<\/section>\n\t\t\t\t<section class=\"elementor-section elementor-top-section elementor-element elementor-element-af377dc elementor-section-boxed elementor-section-height-default elementor-section-height-default\" data-id=\"af377dc\" data-element_type=\"section\" data-e-type=\"section\">\n\t\t\t\t\t\t<div class=\"elementor-container elementor-column-gap-default\">\n\t\t\t\t\t<div class=\"elementor-column elementor-col-100 elementor-top-column elementor-element elementor-element-e5d1399\" data-id=\"e5d1399\" data-element_type=\"column\" data-e-type=\"column\">\n\t\t\t<div class=\"elementor-widget-wrap elementor-element-populated\">\n\t\t\t\t\t\t<section class=\"elementor-section elementor-inner-section elementor-element elementor-element-4b3b7a0 elementor-section-height-min-height elementor-section-boxed elementor-section-height-default\" data-id=\"4b3b7a0\" data-element_type=\"section\" data-e-type=\"section\">\n\t\t\t\t\t\t<div class=\"elementor-container elementor-column-gap-default\">\n\t\t\t\t\t<div class=\"elementor-column elementor-col-50 elementor-inner-column elementor-element elementor-element-ab8ad60\" data-id=\"ab8ad60\" data-element_type=\"column\" data-e-type=\"column\" data-settings=\"{&quot;background_background&quot;:&quot;classic&quot;}\">\n\t\t\t<div class=\"elementor-widget-wrap elementor-element-populated\">\n\t\t\t\t\t<div class=\"elementor-background-overlay\"><\/div>\n\t\t\t\t\t\t<div class=\"elementor-element elementor-element-173dbd3 elementor-invisible elementor-widget elementor-widget-heading\" data-id=\"173dbd3\" data-element_type=\"widget\" data-e-type=\"widget\" data-settings=\"{&quot;_animation&quot;:&quot;fadeIn&quot;}\" data-widget_type=\"heading.default\">\n\t\t\t\t<div class=\"elementor-widget-container\">\n\t\t\t\t\t<h2 class=\"elementor-heading-title elementor-size-default\">Programa de regalos coincidientes de Amsted Foundation\n<\/h2>\t\t\t\t<\/div>\n\t\t\t\t<\/div>\n\t\t\t\t<div class=\"elementor-element elementor-element-95f0cb4 elementor-invisible elementor-widget elementor-widget-text-editor\" data-id=\"95f0cb4\" data-element_type=\"widget\" data-e-type=\"widget\" data-settings=\"{&quot;_animation&quot;:&quot;fadeIn&quot;,&quot;_animation_delay&quot;:300}\" data-widget_type=\"text-editor.default\">\n\t\t\t\t<div class=\"elementor-widget-container\">\n\t\t\t\t\t\t\t\t\t<p><span style=\"font-weight: 400;\">El Programa de Regalos Coincidentes dirige una parte de los recursos de Amsted Foundation a organizaciones que valen la pena y que son de la mayor importancia para nuestros empleados. Cualquier combinaci\u00f3n de regalos a organizaciones calificadas en las \u00e1reas de educaci\u00f3n, salud y servicios humanos, juventud, civismo, cultura y artes ser\u00e1 igualada d\u00f3lar por d\u00f3lar por Amsted Foundation, hasta $5.000 por empleado por a\u00f1o.  <\/span><\/p>\n\t\t\t\t\t\t\t\t<\/div>\n\t\t\t\t<\/div>\n\t\t\t\t\t<\/div>\n\t\t<\/div>\n\t\t\t\t<div class=\"elementor-column elementor-col-50 elementor-inner-column elementor-element elementor-element-c0f3228\" data-id=\"c0f3228\" data-element_type=\"column\" data-e-type=\"column\" data-settings=\"{&quot;background_background&quot;:&quot;classic&quot;}\">\n\t\t\t<div class=\"elementor-widget-wrap elementor-element-populated\">\n\t\t\t\t\t\t<div class=\"elementor-element elementor-element-27a58f0 elementor-widget elementor-widget-spacer\" data-id=\"27a58f0\" data-element_type=\"widget\" data-e-type=\"widget\" data-widget_type=\"spacer.default\">\n\t\t\t\t<div class=\"elementor-widget-container\">\n\t\t\t\t\t\t\t<div class=\"elementor-spacer\">\n\t\t\t<div class=\"elementor-spacer-inner\"><\/div>\n\t\t<\/div>\n\t\t\t\t\t\t<\/div>\n\t\t\t\t<\/div>\n\t\t\t\t\t<\/div>\n\t\t<\/div>\n\t\t\t\t\t<\/div>\n\t\t<\/section>\n\t\t\t\t<section class=\"elementor-section elementor-inner-section elementor-element elementor-element-c7ac355 elementor-section-height-min-height elementor-section-boxed elementor-section-height-default\" data-id=\"c7ac355\" data-element_type=\"section\" data-e-type=\"section\" data-settings=\"{&quot;background_background&quot;:&quot;classic&quot;}\">\n\t\t\t\t\t\t<div class=\"elementor-container elementor-column-gap-default\">\n\t\t\t\t\t<div class=\"elementor-column elementor-col-50 elementor-inner-column elementor-element elementor-element-d7ec274\" data-id=\"d7ec274\" data-element_type=\"column\" data-e-type=\"column\" data-settings=\"{&quot;background_background&quot;:&quot;classic&quot;}\">\n\t\t\t<div class=\"elementor-widget-wrap elementor-element-populated\">\n\t\t\t\t\t<div class=\"elementor-background-overlay\"><\/div>\n\t\t\t\t\t\t<div class=\"elementor-element elementor-element-25e1785 elementor-invisible elementor-widget elementor-widget-heading\" data-id=\"25e1785\" data-element_type=\"widget\" data-e-type=\"widget\" data-settings=\"{&quot;_animation&quot;:&quot;fadeIn&quot;}\" data-widget_type=\"heading.default\">\n\t\t\t\t<div class=\"elementor-widget-container\">\n\t\t\t\t\t<h2 class=\"elementor-heading-title elementor-size-default\">BAC: Just a Drop\n<\/h2>\t\t\t\t<\/div>\n\t\t\t\t<\/div>\n\t\t\t\t<div class=\"elementor-element elementor-element-889bd2e elementor-invisible elementor-widget elementor-widget-text-editor\" data-id=\"889bd2e\" data-element_type=\"widget\" data-e-type=\"widget\" data-settings=\"{&quot;_animation&quot;:&quot;fadeIn&quot;,&quot;_animation_delay&quot;:300}\" data-widget_type=\"text-editor.default\">\n\t\t\t\t<div class=\"elementor-widget-container\">\n\t\t\t\t\t\t\t\t\t<p><span style=\"font-weight: 400;\">La disponibilidad de agua limpia es fundamental para el funcionamiento seguro de los equipos de refrigeraci\u00f3n por evaporaci\u00f3n sostenibles. BAC se compromete a garantizar que el agua limpia y segura est\u00e9 disponible para las personas en todo el mundo, ya que es esencial para el desarrollo humano. <\/span><\/p>\n<p><span style=\"font-weight: 400;\">BAC se asoci\u00f3 con Just a Drop en el D\u00eda Mundial del Agua en marzo de 2018 para llevar agua potable y saneamiento a las comunidades de todo el mundo. Desde el inicio de la asociaci\u00f3n, miles de personas han tenido acceso a agua potable, saneamiento e higiene. <\/span><\/p>\n\t\t\t\t\t\t\t\t<\/div>\n\t\t\t\t<\/div>\n\t\t\t\t\t<\/div>\n\t\t<\/div>\n\t\t\t\t<div class=\"elementor-column elementor-col-50 elementor-inner-column elementor-element elementor-element-e92c428\" data-id=\"e92c428\" data-element_type=\"column\" data-e-type=\"column\" data-settings=\"{&quot;background_background&quot;:&quot;classic&quot;}\">\n\t\t\t<div class=\"elementor-widget-wrap elementor-element-populated\">\n\t\t\t\t\t<div class=\"elementor-background-overlay\"><\/div>\n\t\t\t\t\t\t<div class=\"elementor-element elementor-element-9c0ae88 elementor-widget elementor-widget-spacer\" data-id=\"9c0ae88\" data-element_type=\"widget\" data-e-type=\"widget\" data-widget_type=\"spacer.default\">\n\t\t\t\t<div class=\"elementor-widget-container\">\n\t\t\t\t\t\t\t<div class=\"elementor-spacer\">\n\t\t\t<div class=\"elementor-spacer-inner\"><\/div>\n\t\t<\/div>\n\t\t\t\t\t\t<\/div>\n\t\t\t\t<\/div>\n\t\t\t\t\t<\/div>\n\t\t<\/div>\n\t\t\t\t\t<\/div>\n\t\t<\/section>\n\t\t\t\t<section class=\"elementor-section elementor-inner-section elementor-element elementor-element-e50a44e elementor-section-height-min-height elementor-section-boxed elementor-section-height-default\" data-id=\"e50a44e\" data-element_type=\"section\" data-e-type=\"section\">\n\t\t\t\t\t\t<div class=\"elementor-container elementor-column-gap-default\">\n\t\t\t\t\t<div class=\"elementor-column elementor-col-50 elementor-inner-column elementor-element elementor-element-5f298db\" data-id=\"5f298db\" data-element_type=\"column\" data-e-type=\"column\" data-settings=\"{&quot;background_background&quot;:&quot;classic&quot;}\">\n\t\t\t<div class=\"elementor-widget-wrap elementor-element-populated\">\n\t\t\t\t\t\t<div class=\"elementor-element elementor-element-3952bf6 elementor-invisible elementor-widget elementor-widget-heading\" data-id=\"3952bf6\" data-element_type=\"widget\" data-e-type=\"widget\" data-settings=\"{&quot;_animation&quot;:&quot;fadeIn&quot;}\" data-widget_type=\"heading.default\">\n\t\t\t\t<div class=\"elementor-widget-container\">\n\t\t\t\t\t<h2 class=\"elementor-heading-title elementor-size-default\">Esp\u00edritu de ConMet\n<\/h2>\t\t\t\t<\/div>\n\t\t\t\t<\/div>\n\t\t\t\t<div class=\"elementor-element elementor-element-d977ae6 elementor-invisible elementor-widget elementor-widget-text-editor\" data-id=\"d977ae6\" data-element_type=\"widget\" data-e-type=\"widget\" data-settings=\"{&quot;_animation&quot;:&quot;fadeIn&quot;,&quot;_animation_delay&quot;:300}\" data-widget_type=\"text-editor.default\">\n\t\t\t\t<div class=\"elementor-widget-container\">\n\t\t\t\t\t\t\t\t\t<p><span style=\"font-weight: 400;\">El Comit\u00e9 de Servicios Comunitarios de ConMet se estableci\u00f3 para ayudar a la empresa a mirar m\u00e1s all\u00e1 de las pr\u00e1cticas comerciales hacia una mentalidad de &#8220;Servicio a los dem\u00e1s&#8221; mediante la coordinaci\u00f3n del voluntariado local y otras oportunidades de servicio para que los empleados participen. El comit\u00e9 trabaja para encontrar proyectos que resuenan entre nuestra gente y fomentar la acci\u00f3n, incluyendo el rescate de animales, la mejora del medio ambiente, los programas juveniles y ayudar a otros con necesidades econ\u00f3micas. <\/span><\/p>\n<p><span style=\"font-weight: 400;\">Se pide a los empleados de ConMet que dediquen de 8 a 16 horas de tiempo de trabajo al a\u00f1o al servicio. Aunque esto es completamente voluntario, ConMet ha encontrado que el compromiso de sus empleados ha ido m\u00e1s all\u00e1 de las expectativas. Esto lo reconocen con un premio anual &#8220;Esp\u00edritu de ConMet&#8221; entregado a un excelente empleado voluntario que encarna la mentalidad de &#8220;Servicio a los dem\u00e1s&#8221;. <\/span><\/p>\n\t\t\t\t\t\t\t\t<\/div>\n\t\t\t\t<\/div>\n\t\t\t\t\t<\/div>\n\t\t<\/div>\n\t\t\t\t<div class=\"elementor-column elementor-col-50 elementor-inner-column elementor-element elementor-element-f2d1ce2\" data-id=\"f2d1ce2\" data-element_type=\"column\" data-e-type=\"column\" data-settings=\"{&quot;background_background&quot;:&quot;classic&quot;}\">\n\t\t\t<div class=\"elementor-widget-wrap elementor-element-populated\">\n\t\t\t\t\t\t<div class=\"elementor-element elementor-element-f324355 elementor-widget elementor-widget-spacer\" data-id=\"f324355\" data-element_type=\"widget\" data-e-type=\"widget\" data-widget_type=\"spacer.default\">\n\t\t\t\t<div class=\"elementor-widget-container\">\n\t\t\t\t\t\t\t<div class=\"elementor-spacer\">\n\t\t\t<div class=\"elementor-spacer-inner\"><\/div>\n\t\t<\/div>\n\t\t\t\t\t\t<\/div>\n\t\t\t\t<\/div>\n\t\t\t\t\t<\/div>\n\t\t<\/div>\n\t\t\t\t\t<\/div>\n\t\t<\/section>\n\t\t\t\t\t<\/div>\n\t\t<\/div>\n\t\t\t\t\t<\/div>\n\t\t<\/section>\n\t\t\t\t<\/div>\n\t\t","protected":false},"excerpt":{"rendered":"<p>Impactar m\u00e1s all\u00e1 de los negocios Los trabajadores de Amsted Industries en todo el mundo sirven a nuestras comunidades locales. Todas nuestras empresas participan en programas de servicio social comunitario que incluyen proyectos de voluntariado, campa\u00f1as de donaci\u00f3n, eventos de caridad y m\u00e1s. Toys for Tots, Boys &amp; Girls Clubs, Habitat for Humanity y los [&hellip;]<\/p>\n","protected":false},"author":1,"featured_media":0,"parent":0,"menu_order":0,"comment_status":"closed","ping_status":"closed","template":"","meta":{"_acf_changed":false,"footnotes":""},"search-category":[19],"class_list":["post-5760","page","type-page","status-publish","hentry","search-category-company"],"acf":[],"yoast_head":"<!-- This site is optimized with the Yoast SEO plugin v27.2 - https:\/\/yoast.com\/product\/yoast-seo-wordpress\/ -->\n<title>Comunidad - Amsted Industries<\/title>\n<meta name=\"robots\" content=\"index, follow, max-snippet:-1, max-image-preview:large, max-video-preview:-1\" \/>\n<link rel=\"canonical\" href=\"https:\/\/www.amsted.com\/es\/comunidad\/\" \/>\n<meta property=\"og:locale\" content=\"es_ES\" \/>\n<meta property=\"og:type\" content=\"article\" \/>\n<meta property=\"og:title\" content=\"Comunidad - Amsted Industries\" \/>\n<meta property=\"og:description\" content=\"Impactar m\u00e1s all\u00e1 de los negocios Los trabajadores de Amsted Industries en todo el mundo sirven a nuestras comunidades locales. Todas nuestras empresas participan en programas de servicio social comunitario que incluyen proyectos de voluntariado, campa\u00f1as de donaci\u00f3n, eventos de caridad y m\u00e1s. Toys for Tots, Boys &amp; Girls Clubs, Habitat for Humanity y los [&hellip;]\" \/>\n<meta property=\"og:url\" content=\"https:\/\/www.amsted.com\/es\/comunidad\/\" \/>\n<meta property=\"og:site_name\" content=\"Amsted Industries\" \/>\n<meta property=\"article:modified_time\" content=\"2022-09-15T20:53:48+00:00\" \/>\n<meta name=\"twitter:card\" content=\"summary_large_image\" \/>\n<meta name=\"twitter:label1\" content=\"Est. reading time\" \/>\n\t<meta name=\"twitter:data1\" content=\"2 minutes\" \/>\n<script type=\"application\/ld+json\" class=\"yoast-schema-graph\">{\"@context\":\"https:\/\/schema.org\",\"@graph\":[{\"@type\":\"WebPage\",\"@id\":\"https:\/\/www.amsted.com\/es\/comunidad\/\",\"url\":\"https:\/\/www.amsted.com\/es\/comunidad\/\",\"name\":\"Comunidad - Amsted Industries\",\"isPartOf\":{\"@id\":\"https:\/\/www.amsted.com\/es\/#website\"},\"datePublished\":\"2022-06-02T02:29:36+00:00\",\"dateModified\":\"2022-09-15T20:53:48+00:00\",\"breadcrumb\":{\"@id\":\"https:\/\/www.amsted.com\/es\/comunidad\/#breadcrumb\"},\"inLanguage\":\"es-ES\",\"potentialAction\":[{\"@type\":\"ReadAction\",\"target\":[\"https:\/\/www.amsted.com\/es\/comunidad\/\"]}]},{\"@type\":\"BreadcrumbList\",\"@id\":\"https:\/\/www.amsted.com\/es\/comunidad\/#breadcrumb\",\"itemListElement\":[{\"@type\":\"ListItem\",\"position\":1,\"name\":\"Home\",\"item\":\"https:\/\/www.amsted.com\/es\/homepage\/\"},{\"@type\":\"ListItem\",\"position\":2,\"name\":\"Comunidad\"}]},{\"@type\":\"WebSite\",\"@id\":\"https:\/\/www.amsted.com\/es\/#website\",\"url\":\"https:\/\/www.amsted.com\/es\/\",\"name\":\"Amsted Industries\",\"description\":\"Just another WordPress site\",\"potentialAction\":[{\"@type\":\"SearchAction\",\"target\":{\"@type\":\"EntryPoint\",\"urlTemplate\":\"https:\/\/www.amsted.com\/es\/?s={search_term_string}\"},\"query-input\":{\"@type\":\"PropertyValueSpecification\",\"valueRequired\":true,\"valueName\":\"search_term_string\"}}],\"inLanguage\":\"es-ES\"}]}<\/script>\n<!-- \/ Yoast SEO plugin. -->","yoast_head_json":{"title":"Comunidad - Amsted Industries","robots":{"index":"index","follow":"follow","max-snippet":"max-snippet:-1","max-image-preview":"max-image-preview:large","max-video-preview":"max-video-preview:-1"},"canonical":"https:\/\/www.amsted.com\/es\/comunidad\/","og_locale":"es_ES","og_type":"article","og_title":"Comunidad - Amsted Industries","og_description":"Impactar m\u00e1s all\u00e1 de los negocios Los trabajadores de Amsted Industries en todo el mundo sirven a nuestras comunidades locales. Todas nuestras empresas participan en programas de servicio social comunitario que incluyen proyectos de voluntariado, campa\u00f1as de donaci\u00f3n, eventos de caridad y m\u00e1s. Toys for Tots, Boys &amp; Girls Clubs, Habitat for Humanity y los [&hellip;]","og_url":"https:\/\/www.amsted.com\/es\/comunidad\/","og_site_name":"Amsted Industries","article_modified_time":"2022-09-15T20:53:48+00:00","twitter_card":"summary_large_image","twitter_misc":{"Est. reading time":"2 minutes"},"schema":{"@context":"https:\/\/schema.org","@graph":[{"@type":"WebPage","@id":"https:\/\/www.amsted.com\/es\/comunidad\/","url":"https:\/\/www.amsted.com\/es\/comunidad\/","name":"Comunidad - Amsted Industries","isPartOf":{"@id":"https:\/\/www.amsted.com\/es\/#website"},"datePublished":"2022-06-02T02:29:36+00:00","dateModified":"2022-09-15T20:53:48+00:00","breadcrumb":{"@id":"https:\/\/www.amsted.com\/es\/comunidad\/#breadcrumb"},"inLanguage":"es-ES","potentialAction":[{"@type":"ReadAction","target":["https:\/\/www.amsted.com\/es\/comunidad\/"]}]},{"@type":"BreadcrumbList","@id":"https:\/\/www.amsted.com\/es\/comunidad\/#breadcrumb","itemListElement":[{"@type":"ListItem","position":1,"name":"Home","item":"https:\/\/www.amsted.com\/es\/homepage\/"},{"@type":"ListItem","position":2,"name":"Comunidad"}]},{"@type":"WebSite","@id":"https:\/\/www.amsted.com\/es\/#website","url":"https:\/\/www.amsted.com\/es\/","name":"Amsted Industries","description":"Just another WordPress site","potentialAction":[{"@type":"SearchAction","target":{"@type":"EntryPoint","urlTemplate":"https:\/\/www.amsted.com\/es\/?s={search_term_string}"},"query-input":{"@type":"PropertyValueSpecification","valueRequired":true,"valueName":"search_term_string"}}],"inLanguage":"es-ES"}]}},"_links":{"self":[{"href":"https:\/\/www.amsted.com\/es\/wp-json\/wp\/v2\/pages\/5760","targetHints":{"allow":["GET"]}}],"collection":[{"href":"https:\/\/www.amsted.com\/es\/wp-json\/wp\/v2\/pages"}],"about":[{"href":"https:\/\/www.amsted.com\/es\/wp-json\/wp\/v2\/types\/page"}],"author":[{"embeddable":true,"href":"https:\/\/www.amsted.com\/es\/wp-json\/wp\/v2\/users\/1"}],"replies":[{"embeddable":true,"href":"https:\/\/www.amsted.com\/es\/wp-json\/wp\/v2\/comments?post=5760"}],"version-history":[{"count":1,"href":"https:\/\/www.amsted.com\/es\/wp-json\/wp\/v2\/pages\/5760\/revisions"}],"predecessor-version":[{"id":5761,"href":"https:\/\/www.amsted.com\/es\/wp-json\/wp\/v2\/pages\/5760\/revisions\/5761"}],"wp:attachment":[{"href":"https:\/\/www.amsted.com\/es\/wp-json\/wp\/v2\/media?parent=5760"}],"wp:term":[{"taxonomy":"search-category","embeddable":true,"href":"https:\/\/www.amsted.com\/es\/wp-json\/wp\/v2\/search-category?post=5760"}],"curies":[{"name":"wp","href":"https:\/\/api.w.org\/{rel}","templated":true}]}}