{"id":5262,"date":"2022-06-02T02:36:25","date_gmt":"2022-06-02T02:36:25","guid":{"rendered":"https:\/\/live-amsted-industries.pantheonsite.io\/carreras-profesionales\/cumplimiento-declaraciones-de-igualdad-de-oportunidades-de-empleo\/"},"modified":"2022-10-31T12:22:54","modified_gmt":"2022-10-31T12:22:54","slug":"cumplimiento-declaraciones-de-igualdad-de-oportunidades-de-empleo","status":"publish","type":"page","link":"https:\/\/www.amsted.com\/es\/carreras-profesionales\/cumplimiento-declaraciones-de-igualdad-de-oportunidades-de-empleo\/","title":{"rendered":"Cumplimiento\/Declaraciones de igualdad de oportunidades de empleo"},"content":{"rendered":"\t\t<div data-elementor-type=\"wp-page\" data-elementor-id=\"5262\" class=\"elementor elementor-5262 elementor-216\" data-elementor-post-type=\"page\">\n\t\t\t\t\t\t<section class=\"elementor-section elementor-top-section elementor-element elementor-element-e132bb1 elementor-section-boxed elementor-section-height-default elementor-section-height-default\" data-id=\"e132bb1\" data-element_type=\"section\" data-e-type=\"section\">\n\t\t\t\t\t\t<div class=\"elementor-container elementor-column-gap-default\">\n\t\t\t\t\t<div class=\"elementor-column elementor-col-100 elementor-top-column elementor-element elementor-element-262dc4f\" data-id=\"262dc4f\" data-element_type=\"column\" data-e-type=\"column\">\n\t\t\t<div class=\"elementor-widget-wrap elementor-element-populated\">\n\t\t\t\t\t\t<section class=\"elementor-section elementor-inner-section elementor-element elementor-element-4730550 elementor-section-boxed elementor-section-height-default elementor-section-height-default\" data-id=\"4730550\" data-element_type=\"section\" data-e-type=\"section\" data-settings=\"{&quot;background_background&quot;:&quot;video&quot;}\">\n\t\t\t\t\t\t<div class=\"elementor-container elementor-column-gap-default\">\n\t\t\t\t\t<div class=\"elementor-column elementor-col-50 elementor-inner-column elementor-element elementor-element-d7f07f6\" data-id=\"d7f07f6\" data-element_type=\"column\" data-e-type=\"column\">\n\t\t\t<div class=\"elementor-widget-wrap elementor-element-populated\">\n\t\t\t\t\t\t<div class=\"elementor-element elementor-element-c4f5b4a elementor-widget elementor-widget-heading\" data-id=\"c4f5b4a\" data-element_type=\"widget\" data-e-type=\"widget\" data-widget_type=\"heading.default\">\n\t\t\t\t<div class=\"elementor-widget-container\">\n\t\t\t\t\t<h1 class=\"elementor-heading-title elementor-size-default\">Cumplimiento\/Declaraciones de igualdad de oportunidades de empleo<\/h1>\t\t\t\t<\/div>\n\t\t\t\t<\/div>\n\t\t\t\t\t<\/div>\n\t\t<\/div>\n\t\t\t\t<div class=\"elementor-column elementor-col-50 elementor-inner-column elementor-element elementor-element-e3ce21e\" data-id=\"e3ce21e\" data-element_type=\"column\" data-e-type=\"column\">\n\t\t\t<div class=\"elementor-widget-wrap\">\n\t\t\t\t\t\t\t<\/div>\n\t\t<\/div>\n\t\t\t\t\t<\/div>\n\t\t<\/section>\n\t\t\t\t\t<\/div>\n\t\t<\/div>\n\t\t\t\t\t<\/div>\n\t\t<\/section>\n\t\t\t\t<section class=\"elementor-section elementor-top-section elementor-element elementor-element-9e25542 elementor-section-full_width elementor-section-height-default elementor-section-height-default\" data-id=\"9e25542\" data-element_type=\"section\" data-e-type=\"section\" data-settings=\"{&quot;background_background&quot;:&quot;classic&quot;}\">\n\t\t\t\t\t\t<div class=\"elementor-container elementor-column-gap-default\">\n\t\t\t\t\t<div class=\"elementor-column elementor-col-100 elementor-top-column elementor-element elementor-element-1a370cb\" data-id=\"1a370cb\" data-element_type=\"column\" data-e-type=\"column\">\n\t\t\t<div class=\"elementor-widget-wrap elementor-element-populated\">\n\t\t\t\t\t\t<section class=\"elementor-section elementor-inner-section elementor-element elementor-element-d37f3aa main-content elementor-section-boxed elementor-section-height-default elementor-section-height-default\" data-id=\"d37f3aa\" data-element_type=\"section\" data-e-type=\"section\">\n\t\t\t\t\t\t<div class=\"elementor-container elementor-column-gap-default\">\n\t\t\t\t\t<div class=\"elementor-column elementor-col-50 elementor-inner-column elementor-element elementor-element-45660b1\" data-id=\"45660b1\" data-element_type=\"column\" data-e-type=\"column\">\n\t\t\t<div class=\"elementor-widget-wrap elementor-element-populated\">\n\t\t\t\t\t\t<div class=\"elementor-element elementor-element-c89128b elementor-widget elementor-widget-heading\" data-id=\"c89128b\" data-element_type=\"widget\" data-e-type=\"widget\" data-widget_type=\"heading.default\">\n\t\t\t\t<div class=\"elementor-widget-container\">\n\t\t\t\t\t<h2 class=\"elementor-heading-title elementor-size-default\">Declaraci\u00f3n de igualdad de oportunidades de empleo<\/h2>\t\t\t\t<\/div>\n\t\t\t\t<\/div>\n\t\t\t\t<div class=\"elementor-element elementor-element-e97710c elementor-widget elementor-widget-text-editor\" data-id=\"e97710c\" data-element_type=\"widget\" data-e-type=\"widget\" data-widget_type=\"text-editor.default\">\n\t\t\t\t<div class=\"elementor-widget-container\">\n\t\t\t\t\t\t\t\t\t<p>Amsted Industries es un empleador con igualdad de oportunidades. Amsted Industries proporciona Igualdad de Oportunidades de Empleo (EEO, por sus siglas en ingl\u00e9s) a todos los empleados y solicitantes de empleo sin distinci\u00f3n de raza, color, religi\u00f3n, g\u00e9nero, orientaci\u00f3n sexual, identidad de g\u00e9nero, origen nacional, edad, discapacidad, informaci\u00f3n gen\u00e9tica, estado civil, amnist\u00eda o estado como veterano cubierto de acuerdo con las leyes federales, estatales y locales aplicables. Amsted cumple con las leyes estatales y locales aplicables que rigen la no discriminaci\u00f3n en el empleo en cada lugar en el que la empresa tiene instalaciones. Esta pol\u00edtica se aplica a todos los t\u00e9rminos y condiciones de empleo, incluida la contrataci\u00f3n, colocaci\u00f3n, promoci\u00f3n, terminaci\u00f3n, despido, retiro, transferencia, permisos de ausencia, compensaci\u00f3n y capacitaci\u00f3n.   <\/p>\n\t\t\t\t\t\t\t\t<\/div>\n\t\t\t\t<\/div>\n\t\t\t\t\t<\/div>\n\t\t<\/div>\n\t\t\t\t<div class=\"elementor-column elementor-col-50 elementor-inner-column elementor-element elementor-element-0134024\" data-id=\"0134024\" data-element_type=\"column\" data-e-type=\"column\">\n\t\t\t<div class=\"elementor-widget-wrap elementor-element-populated\">\n\t\t\t\t\t\t<div class=\"elementor-element elementor-element-1f3ad3e elementor-widget elementor-widget-heading\" data-id=\"1f3ad3e\" data-element_type=\"widget\" data-e-type=\"widget\" data-widget_type=\"heading.default\">\n\t\t\t\t<div class=\"elementor-widget-container\">\n\t\t\t\t\t<h2 class=\"elementor-heading-title elementor-size-default\">Validaci\u00f3n de informaci\u00f3n de empleo<\/h2>\t\t\t\t<\/div>\n\t\t\t\t<\/div>\n\t\t\t\t<div class=\"elementor-element elementor-element-546b309 elementor-widget elementor-widget-text-editor\" data-id=\"546b309\" data-element_type=\"widget\" data-e-type=\"widget\" data-widget_type=\"text-editor.default\">\n\t\t\t\t<div class=\"elementor-widget-container\">\n\t\t\t\t\t\t\t\t\t<p>Cuando se le ofrezca empleo en los Estados Unidos, a los posibles empleados de Amsted Industries se les pedir\u00e1 que hagan una prueba de detecci\u00f3n de drogas, una evaluaci\u00f3n f\u00edsica y de antecedentes. La verificaci\u00f3n de antecedentes incluye la verificaci\u00f3n de empleo, una verificaci\u00f3n de antecedentes penales y, si corresponde, la verificaci\u00f3n de que los t\u00edtulos educativos provienen de instituciones acreditadas y que las certificaciones profesionales est\u00e1n vigentes. La prueba de identidad y autorizaci\u00f3n legal para trabajar se solicitan al presentarse al trabajo. Utilice los enlaces proporcionados a continuaci\u00f3n para descargar los folletos de llenado de PDF para cada elemento a continuaci\u00f3n.   <\/p>\n\t\t\t\t\t\t\t\t<\/div>\n\t\t\t\t<\/div>\n\t\t\t\t\t<\/div>\n\t\t<\/div>\n\t\t\t\t\t<\/div>\n\t\t<\/section>\n\t\t\t\t\t<\/div>\n\t\t<\/div>\n\t\t\t\t\t<\/div>\n\t\t<\/section>\n\t\t\t\t<section class=\"elementor-section elementor-top-section elementor-element elementor-element-3fd8da1 elementor-section-boxed elementor-section-height-default elementor-section-height-default\" data-id=\"3fd8da1\" data-element_type=\"section\" data-e-type=\"section\" data-settings=\"{&quot;background_background&quot;:&quot;classic&quot;}\">\n\t\t\t\t\t\t<div class=\"elementor-container elementor-column-gap-default\">\n\t\t\t\t\t<div class=\"elementor-column elementor-col-100 elementor-top-column elementor-element elementor-element-1afbc88\" data-id=\"1afbc88\" data-element_type=\"column\" data-e-type=\"column\">\n\t\t\t<div class=\"elementor-widget-wrap elementor-element-populated\">\n\t\t\t\t\t\t<section class=\"elementor-section elementor-inner-section elementor-element elementor-element-04bbf64 main-content elementor-section-boxed elementor-section-height-default elementor-section-height-default\" data-id=\"04bbf64\" data-element_type=\"section\" data-e-type=\"section\">\n\t\t\t\t\t\t<div class=\"elementor-container elementor-column-gap-default\">\n\t\t\t\t\t<div class=\"elementor-column elementor-col-100 elementor-inner-column elementor-element elementor-element-36f0f45\" data-id=\"36f0f45\" data-element_type=\"column\" data-e-type=\"column\">\n\t\t\t<div class=\"elementor-widget-wrap elementor-element-populated\">\n\t\t\t\t\t\t<div class=\"elementor-element elementor-element-59c6f8d elementor-widget elementor-widget-heading\" data-id=\"59c6f8d\" data-element_type=\"widget\" data-e-type=\"widget\" data-widget_type=\"heading.default\">\n\t\t\t\t<div class=\"elementor-widget-container\">\n\t\t\t\t\t<h2 class=\"elementor-heading-title elementor-size-default\">Descargas<\/h2>\t\t\t\t<\/div>\n\t\t\t\t<\/div>\n\t\t\t\t<div class=\"elementor-element elementor-element-28bbc08 elementor-widget elementor-widget-text-editor\" data-id=\"28bbc08\" data-element_type=\"widget\" data-e-type=\"widget\" data-widget_type=\"text-editor.default\">\n\t\t\t\t<div class=\"elementor-widget-container\">\n\t\t\t\t\t\t\t\t\t<b>Utilice los enlaces proporcionados a continuaci\u00f3n para descargar los folletos de llenado de PDF para cada elemento a continuaci\u00f3n.<\/b>\n<p>\n<\/p><ul>\n \t<li><a href=\"https:\/\/www.amsted.com\/wp-content\/uploads\/2022\/10\/EEOC_KnowYourRights_Poster.pdf\" target=\"_blank\" rel=\"noopener\">Conoce Tus Derechos<\/a><\/li>\n \t<li><a href=\"https:\/\/www.amsted.com\/wp-content\/uploads\/2022\/10\/EEOC_KnowYourRights_Poster_Spanish.pdf\" target=\"_blank\" rel=\"noopener\">Conoce Tus Derechos (Espa\u00f1ol)<\/a><\/li>\n<\/ul>\n\t\t\t\t\t\t\t\t<\/div>\n\t\t\t\t<\/div>\n\t\t\t\t\t<\/div>\n\t\t<\/div>\n\t\t\t\t\t<\/div>\n\t\t<\/section>\n\t\t\t\t\t<\/div>\n\t\t<\/div>\n\t\t\t\t\t<\/div>\n\t\t<\/section>\n\t\t\t\t<section class=\"elementor-section elementor-top-section elementor-element elementor-element-a212bb5 elementor-section-boxed elementor-section-height-default elementor-section-height-default\" data-id=\"a212bb5\" data-element_type=\"section\" data-e-type=\"section\" data-settings=\"{&quot;background_background&quot;:&quot;classic&quot;}\">\n\t\t\t\t\t\t<div class=\"elementor-container elementor-column-gap-default\">\n\t\t\t\t\t<div class=\"elementor-column elementor-col-100 elementor-top-column elementor-element elementor-element-4d9134b\" data-id=\"4d9134b\" data-element_type=\"column\" data-e-type=\"column\">\n\t\t\t<div class=\"elementor-widget-wrap elementor-element-populated\">\n\t\t\t\t\t\t<div class=\"elementor-element elementor-element-a1b3369 elementor-widget elementor-widget-shortcode\" data-id=\"a1b3369\" data-element_type=\"widget\" data-e-type=\"widget\" data-widget_type=\"shortcode.default\">\n\t\t\t\t<div class=\"elementor-widget-container\">\n\t\t\t\t\t\t\t<div class=\"elementor-shortcode\"><\/div>\n\t\t\t\t\t\t<\/div>\n\t\t\t\t<\/div>\n\t\t\t\t\t<\/div>\n\t\t<\/div>\n\t\t\t\t\t<\/div>\n\t\t<\/section>\n\t\t\t\t<\/div>\n\t\t","protected":false},"excerpt":{"rendered":"<p>Cumplimiento\/Declaraciones de igualdad de oportunidades de empleo Declaraci\u00f3n de igualdad de oportunidades de empleo Amsted Industries es un empleador con igualdad de oportunidades. Amsted Industries proporciona Igualdad de Oportunidades de Empleo (EEO, por sus siglas en ingl\u00e9s) a todos los empleados y solicitantes de empleo sin distinci\u00f3n de raza, color, religi\u00f3n, g\u00e9nero, orientaci\u00f3n sexual, identidad [&hellip;]<\/p>\n","protected":false},"author":1,"featured_media":0,"parent":5254,"menu_order":0,"comment_status":"closed","ping_status":"closed","template":"","meta":{"_acf_changed":false,"footnotes":""},"search-category":[18],"class_list":["post-5262","page","type-page","status-publish","hentry","search-category-careers"],"acf":[],"yoast_head":"<!-- This site is optimized with the Yoast SEO plugin v27.2 - https:\/\/yoast.com\/product\/yoast-seo-wordpress\/ -->\n<title>Cumplimiento\/Declaraciones de igualdad de oportunidades de empleo - Amsted Industries<\/title>\n<meta name=\"robots\" content=\"index, follow, max-snippet:-1, max-image-preview:large, max-video-preview:-1\" \/>\n<link rel=\"canonical\" href=\"https:\/\/www.amsted.com\/es\/carreras-profesionales\/cumplimiento-declaraciones-de-igualdad-de-oportunidades-de-empleo\/\" \/>\n<meta property=\"og:locale\" content=\"es_ES\" \/>\n<meta property=\"og:type\" content=\"article\" \/>\n<meta property=\"og:title\" content=\"Cumplimiento\/Declaraciones de igualdad de oportunidades de empleo - Amsted Industries\" \/>\n<meta property=\"og:description\" content=\"Cumplimiento\/Declaraciones de igualdad de oportunidades de empleo Declaraci\u00f3n de igualdad de oportunidades de empleo Amsted Industries es un empleador con igualdad de oportunidades. Amsted Industries proporciona Igualdad de Oportunidades de Empleo (EEO, por sus siglas en ingl\u00e9s) a todos los empleados y solicitantes de empleo sin distinci\u00f3n de raza, color, religi\u00f3n, g\u00e9nero, orientaci\u00f3n sexual, identidad [&hellip;]\" \/>\n<meta property=\"og:url\" content=\"https:\/\/www.amsted.com\/es\/carreras-profesionales\/cumplimiento-declaraciones-de-igualdad-de-oportunidades-de-empleo\/\" \/>\n<meta property=\"og:site_name\" content=\"Amsted Industries\" \/>\n<meta property=\"article:modified_time\" content=\"2022-10-31T12:22:54+00:00\" \/>\n<meta name=\"twitter:card\" content=\"summary_large_image\" \/>\n<meta name=\"twitter:label1\" content=\"Est. reading time\" \/>\n\t<meta name=\"twitter:data1\" content=\"2 minutes\" \/>\n<script type=\"application\/ld+json\" class=\"yoast-schema-graph\">{\"@context\":\"https:\/\/schema.org\",\"@graph\":[{\"@type\":\"WebPage\",\"@id\":\"https:\/\/www.amsted.com\/es\/carreras-profesionales\/cumplimiento-declaraciones-de-igualdad-de-oportunidades-de-empleo\/\",\"url\":\"https:\/\/www.amsted.com\/es\/carreras-profesionales\/cumplimiento-declaraciones-de-igualdad-de-oportunidades-de-empleo\/\",\"name\":\"Cumplimiento\/Declaraciones de igualdad de oportunidades de empleo - Amsted Industries\",\"isPartOf\":{\"@id\":\"https:\/\/www.amsted.com\/es\/#website\"},\"datePublished\":\"2022-06-02T02:36:25+00:00\",\"dateModified\":\"2022-10-31T12:22:54+00:00\",\"breadcrumb\":{\"@id\":\"https:\/\/www.amsted.com\/es\/carreras-profesionales\/cumplimiento-declaraciones-de-igualdad-de-oportunidades-de-empleo\/#breadcrumb\"},\"inLanguage\":\"es-ES\",\"potentialAction\":[{\"@type\":\"ReadAction\",\"target\":[\"https:\/\/www.amsted.com\/es\/carreras-profesionales\/cumplimiento-declaraciones-de-igualdad-de-oportunidades-de-empleo\/\"]}]},{\"@type\":\"BreadcrumbList\",\"@id\":\"https:\/\/www.amsted.com\/es\/carreras-profesionales\/cumplimiento-declaraciones-de-igualdad-de-oportunidades-de-empleo\/#breadcrumb\",\"itemListElement\":[{\"@type\":\"ListItem\",\"position\":1,\"name\":\"Home\",\"item\":\"https:\/\/www.amsted.com\/es\/homepage\/\"},{\"@type\":\"ListItem\",\"position\":2,\"name\":\"Carreras profesionales\",\"item\":\"https:\/\/www.amsted.com\/es\/carreras-profesionales\/\"},{\"@type\":\"ListItem\",\"position\":3,\"name\":\"Cumplimiento\/Declaraciones de igualdad de oportunidades de empleo\"}]},{\"@type\":\"WebSite\",\"@id\":\"https:\/\/www.amsted.com\/es\/#website\",\"url\":\"https:\/\/www.amsted.com\/es\/\",\"name\":\"Amsted Industries\",\"description\":\"Just another WordPress site\",\"potentialAction\":[{\"@type\":\"SearchAction\",\"target\":{\"@type\":\"EntryPoint\",\"urlTemplate\":\"https:\/\/www.amsted.com\/es\/?s={search_term_string}\"},\"query-input\":{\"@type\":\"PropertyValueSpecification\",\"valueRequired\":true,\"valueName\":\"search_term_string\"}}],\"inLanguage\":\"es-ES\"}]}<\/script>\n<!-- \/ Yoast SEO plugin. -->","yoast_head_json":{"title":"Cumplimiento\/Declaraciones de igualdad de oportunidades de empleo - Amsted Industries","robots":{"index":"index","follow":"follow","max-snippet":"max-snippet:-1","max-image-preview":"max-image-preview:large","max-video-preview":"max-video-preview:-1"},"canonical":"https:\/\/www.amsted.com\/es\/carreras-profesionales\/cumplimiento-declaraciones-de-igualdad-de-oportunidades-de-empleo\/","og_locale":"es_ES","og_type":"article","og_title":"Cumplimiento\/Declaraciones de igualdad de oportunidades de empleo - Amsted Industries","og_description":"Cumplimiento\/Declaraciones de igualdad de oportunidades de empleo Declaraci\u00f3n de igualdad de oportunidades de empleo Amsted Industries es un empleador con igualdad de oportunidades. Amsted Industries proporciona Igualdad de Oportunidades de Empleo (EEO, por sus siglas en ingl\u00e9s) a todos los empleados y solicitantes de empleo sin distinci\u00f3n de raza, color, religi\u00f3n, g\u00e9nero, orientaci\u00f3n sexual, identidad [&hellip;]","og_url":"https:\/\/www.amsted.com\/es\/carreras-profesionales\/cumplimiento-declaraciones-de-igualdad-de-oportunidades-de-empleo\/","og_site_name":"Amsted Industries","article_modified_time":"2022-10-31T12:22:54+00:00","twitter_card":"summary_large_image","twitter_misc":{"Est. reading time":"2 minutes"},"schema":{"@context":"https:\/\/schema.org","@graph":[{"@type":"WebPage","@id":"https:\/\/www.amsted.com\/es\/carreras-profesionales\/cumplimiento-declaraciones-de-igualdad-de-oportunidades-de-empleo\/","url":"https:\/\/www.amsted.com\/es\/carreras-profesionales\/cumplimiento-declaraciones-de-igualdad-de-oportunidades-de-empleo\/","name":"Cumplimiento\/Declaraciones de igualdad de oportunidades de empleo - Amsted Industries","isPartOf":{"@id":"https:\/\/www.amsted.com\/es\/#website"},"datePublished":"2022-06-02T02:36:25+00:00","dateModified":"2022-10-31T12:22:54+00:00","breadcrumb":{"@id":"https:\/\/www.amsted.com\/es\/carreras-profesionales\/cumplimiento-declaraciones-de-igualdad-de-oportunidades-de-empleo\/#breadcrumb"},"inLanguage":"es-ES","potentialAction":[{"@type":"ReadAction","target":["https:\/\/www.amsted.com\/es\/carreras-profesionales\/cumplimiento-declaraciones-de-igualdad-de-oportunidades-de-empleo\/"]}]},{"@type":"BreadcrumbList","@id":"https:\/\/www.amsted.com\/es\/carreras-profesionales\/cumplimiento-declaraciones-de-igualdad-de-oportunidades-de-empleo\/#breadcrumb","itemListElement":[{"@type":"ListItem","position":1,"name":"Home","item":"https:\/\/www.amsted.com\/es\/homepage\/"},{"@type":"ListItem","position":2,"name":"Carreras profesionales","item":"https:\/\/www.amsted.com\/es\/carreras-profesionales\/"},{"@type":"ListItem","position":3,"name":"Cumplimiento\/Declaraciones de igualdad de oportunidades de empleo"}]},{"@type":"WebSite","@id":"https:\/\/www.amsted.com\/es\/#website","url":"https:\/\/www.amsted.com\/es\/","name":"Amsted Industries","description":"Just another WordPress site","potentialAction":[{"@type":"SearchAction","target":{"@type":"EntryPoint","urlTemplate":"https:\/\/www.amsted.com\/es\/?s={search_term_string}"},"query-input":{"@type":"PropertyValueSpecification","valueRequired":true,"valueName":"search_term_string"}}],"inLanguage":"es-ES"}]}},"_links":{"self":[{"href":"https:\/\/www.amsted.com\/es\/wp-json\/wp\/v2\/pages\/5262","targetHints":{"allow":["GET"]}}],"collection":[{"href":"https:\/\/www.amsted.com\/es\/wp-json\/wp\/v2\/pages"}],"about":[{"href":"https:\/\/www.amsted.com\/es\/wp-json\/wp\/v2\/types\/page"}],"author":[{"embeddable":true,"href":"https:\/\/www.amsted.com\/es\/wp-json\/wp\/v2\/users\/1"}],"replies":[{"embeddable":true,"href":"https:\/\/www.amsted.com\/es\/wp-json\/wp\/v2\/comments?post=5262"}],"version-history":[{"count":5,"href":"https:\/\/www.amsted.com\/es\/wp-json\/wp\/v2\/pages\/5262\/revisions"}],"predecessor-version":[{"id":7404,"href":"https:\/\/www.amsted.com\/es\/wp-json\/wp\/v2\/pages\/5262\/revisions\/7404"}],"up":[{"embeddable":true,"href":"https:\/\/www.amsted.com\/es\/wp-json\/wp\/v2\/pages\/5254"}],"wp:attachment":[{"href":"https:\/\/www.amsted.com\/es\/wp-json\/wp\/v2\/media?parent=5262"}],"wp:term":[{"taxonomy":"search-category","embeddable":true,"href":"https:\/\/www.amsted.com\/es\/wp-json\/wp\/v2\/search-category?post=5262"}],"curies":[{"name":"wp","href":"https:\/\/api.w.org\/{rel}","templated":true}]}}