{"id":5244,"date":"2022-06-02T02:32:05","date_gmt":"2022-06-02T02:32:05","guid":{"rendered":"https:\/\/live-amsted-industries.pantheonsite.io\/unidades-de-negocio\/amsted-automotive-group\/"},"modified":"2022-09-15T18:54:01","modified_gmt":"2022-09-15T18:54:01","slug":"amsted-automotive-group","status":"publish","type":"page","link":"https:\/\/www.amsted.com\/es\/unidades-de-negocio\/amsted-automotive-group\/","title":{"rendered":"Amsted Automotive Group"},"content":{"rendered":"\t\t<div data-elementor-type=\"wp-page\" data-elementor-id=\"5244\" class=\"elementor elementor-5244 elementor-192\" data-elementor-post-type=\"page\">\n\t\t\t\t\t\t<section class=\"elementor-section elementor-top-section elementor-element elementor-element-44fc4be1 elementor-section-height-min-height elementor-section-full_width elementor-section-height-default elementor-section-items-middle\" data-id=\"44fc4be1\" data-element_type=\"section\" data-e-type=\"section\" data-settings=\"{&quot;background_background&quot;:&quot;classic&quot;}\">\n\t\t\t\t\t\t\t<div class=\"elementor-background-overlay\"><\/div>\n\t\t\t\t\t\t\t<div class=\"elementor-container elementor-column-gap-default\">\n\t\t\t\t\t<div class=\"elementor-column elementor-col-100 elementor-top-column elementor-element elementor-element-2491ead4\" data-id=\"2491ead4\" data-element_type=\"column\" data-e-type=\"column\">\n\t\t\t<div class=\"elementor-widget-wrap elementor-element-populated\">\n\t\t\t\t\t\t<section class=\"elementor-section elementor-inner-section elementor-element elementor-element-27e484e2 elementor-section-boxed elementor-section-height-default elementor-section-height-default\" data-id=\"27e484e2\" data-element_type=\"section\" data-e-type=\"section\" data-settings=\"{&quot;background_background&quot;:&quot;video&quot;}\">\n\t\t\t\t\t\t<div class=\"elementor-container elementor-column-gap-default\">\n\t\t\t\t\t<div class=\"elementor-column elementor-col-50 elementor-inner-column elementor-element elementor-element-7ba05776\" data-id=\"7ba05776\" data-element_type=\"column\" data-e-type=\"column\">\n\t\t\t<div class=\"elementor-widget-wrap elementor-element-populated\">\n\t\t\t\t\t\t<div class=\"elementor-element elementor-element-7437d7a8 animated-slow elementor-invisible elementor-widget elementor-widget-heading\" data-id=\"7437d7a8\" data-element_type=\"widget\" data-e-type=\"widget\" data-settings=\"{&quot;_animation&quot;:&quot;fadeIn&quot;}\" data-widget_type=\"heading.default\">\n\t\t\t\t<div class=\"elementor-widget-container\">\n\t\t\t\t\t<h3 class=\"elementor-heading-title elementor-size-default\">Amsted Automotive Group<\/h3>\t\t\t\t<\/div>\n\t\t\t\t<\/div>\n\t\t\t\t<div class=\"elementor-element elementor-element-1d490f1d animated-slow elementor-invisible elementor-widget elementor-widget-heading\" data-id=\"1d490f1d\" data-element_type=\"widget\" data-e-type=\"widget\" data-settings=\"{&quot;_animation&quot;:&quot;fadeIn&quot;}\" data-widget_type=\"heading.default\">\n\t\t\t\t<div class=\"elementor-widget-container\">\n\t\t\t\t\t<h1 class=\"elementor-heading-title elementor-size-default\">Soluciones de veh\u00edculos electrificados y sistema de propulsi\u00f3n avanzada para un cambio de conducci\u00f3n mundial<\/h1>\t\t\t\t<\/div>\n\t\t\t\t<\/div>\n\t\t\t\t\t<\/div>\n\t\t<\/div>\n\t\t\t\t<div class=\"elementor-column elementor-col-50 elementor-inner-column elementor-element elementor-element-32416a53\" data-id=\"32416a53\" data-element_type=\"column\" data-e-type=\"column\">\n\t\t\t<div class=\"elementor-widget-wrap\">\n\t\t\t\t\t\t\t<\/div>\n\t\t<\/div>\n\t\t\t\t\t<\/div>\n\t\t<\/section>\n\t\t\t\t\t<\/div>\n\t\t<\/div>\n\t\t\t\t\t<\/div>\n\t\t<\/section>\n\t\t\t\t<section class=\"elementor-section elementor-top-section elementor-element elementor-element-49365a09 elementor-section-boxed elementor-section-height-default elementor-section-height-default\" data-id=\"49365a09\" data-element_type=\"section\" data-e-type=\"section\" data-settings=\"{&quot;background_background&quot;:&quot;classic&quot;}\">\n\t\t\t\t\t\t<div class=\"elementor-container elementor-column-gap-default\">\n\t\t\t\t\t<div class=\"elementor-column elementor-col-20 elementor-top-column elementor-element elementor-element-308ffe97\" data-id=\"308ffe97\" data-element_type=\"column\" data-e-type=\"column\">\n\t\t\t<div class=\"elementor-widget-wrap elementor-element-populated\">\n\t\t\t\t\t\t<div class=\"elementor-element elementor-element-cf74354 elementor-widget elementor-widget-image\" data-id=\"cf74354\" data-element_type=\"widget\" data-e-type=\"widget\" data-widget_type=\"image.default\">\n\t\t\t\t<div class=\"elementor-widget-container\">\n\t\t\t\t\t\t\t\t\t\t\t\t\t\t\t<img fetchpriority=\"high\" decoding=\"async\" width=\"400\" height=\"131\" src=\"https:\/\/www.amsted.com\/wp-content\/uploads\/2022\/06\/amsted-auto-logo.png\" class=\"attachment-full size-full wp-image-1969\" alt=\"\" srcset=\"https:\/\/www.amsted.com\/wp-content\/uploads\/2022\/06\/amsted-auto-logo.png 400w, https:\/\/www.amsted.com\/wp-content\/uploads\/2022\/06\/amsted-auto-logo-300x98.png 300w\" sizes=\"(max-width: 400px) 100vw, 400px\" \/>\t\t\t\t\t\t\t\t\t\t\t\t\t\t\t<\/div>\n\t\t\t\t<\/div>\n\t\t\t\t\t<\/div>\n\t\t<\/div>\n\t\t\t\t<div class=\"elementor-column elementor-col-20 elementor-top-column elementor-element elementor-element-5e707f8\" data-id=\"5e707f8\" data-element_type=\"column\" data-e-type=\"column\">\n\t\t\t<div class=\"elementor-widget-wrap elementor-element-populated\">\n\t\t\t\t\t\t<div class=\"elementor-element elementor-element-4aa5d2a1 elementor-mobile-align-center elementor-widget elementor-widget-button\" data-id=\"4aa5d2a1\" data-element_type=\"widget\" data-e-type=\"widget\" data-widget_type=\"button.default\">\n\t\t\t\t<div class=\"elementor-widget-container\">\n\t\t\t\t\t\t\t\t\t<div class=\"elementor-button-wrapper\">\n\t\t\t\t\t<a class=\"elementor-button elementor-button-link elementor-size-sm elementor-animation-float\" href=\"https:\/\/www.amstedauto.com\" target=\"_blank\">\n\t\t\t\t\t\t<span class=\"elementor-button-content-wrapper\">\n\t\t\t\t\t\t<span class=\"elementor-button-icon\">\n\t\t\t\t<i aria-hidden=\"true\" class=\"fas fa-long-arrow-alt-right\"><\/i>\t\t\t<\/span>\n\t\t\t\t\t\t\t\t\t<span class=\"elementor-button-text\">Visitar sitio web<\/span>\n\t\t\t\t\t<\/span>\n\t\t\t\t\t<\/a>\n\t\t\t\t<\/div>\n\t\t\t\t\t\t\t\t<\/div>\n\t\t\t\t<\/div>\n\t\t\t\t\t<\/div>\n\t\t<\/div>\n\t\t\t\t<div class=\"elementor-column elementor-col-20 elementor-top-column elementor-element elementor-element-45c0adce\" data-id=\"45c0adce\" data-element_type=\"column\" data-e-type=\"column\">\n\t\t\t<div class=\"elementor-widget-wrap elementor-element-populated\">\n\t\t\t\t\t\t<div class=\"elementor-element elementor-element-4f615d52 elementor-widget elementor-widget-heading\" data-id=\"4f615d52\" data-element_type=\"widget\" data-e-type=\"widget\" data-widget_type=\"heading.default\">\n\t\t\t\t<div class=\"elementor-widget-container\">\n\t\t\t\t\t<h2 class=\"elementor-heading-title elementor-size-default\">1,800 + <span style=\"font-family:Quicksand;font-size:1rem\">empleados<\/span><\/h2>\t\t\t\t<\/div>\n\t\t\t\t<\/div>\n\t\t\t\t\t<\/div>\n\t\t<\/div>\n\t\t\t\t<div class=\"elementor-column elementor-col-20 elementor-top-column elementor-element elementor-element-1b36738a\" data-id=\"1b36738a\" data-element_type=\"column\" data-e-type=\"column\">\n\t\t\t<div class=\"elementor-widget-wrap elementor-element-populated\">\n\t\t\t\t\t\t<div class=\"elementor-element elementor-element-74dd4af5 elementor-widget elementor-widget-heading\" data-id=\"74dd4af5\" data-element_type=\"widget\" data-e-type=\"widget\" data-widget_type=\"heading.default\">\n\t\t\t\t<div class=\"elementor-widget-container\">\n\t\t\t\t\t<h2 class=\"elementor-heading-title elementor-size-default\">Desde 1903<\/h2>\t\t\t\t<\/div>\n\t\t\t\t<\/div>\n\t\t\t\t\t<\/div>\n\t\t<\/div>\n\t\t\t\t<div class=\"elementor-column elementor-col-20 elementor-top-column elementor-element elementor-element-588e30e1\" data-id=\"588e30e1\" data-element_type=\"column\" data-e-type=\"column\">\n\t\t\t<div class=\"elementor-widget-wrap elementor-element-populated\">\n\t\t\t\t\t\t<div class=\"elementor-element elementor-element-632355b6 elementor-widget elementor-widget-heading\" data-id=\"632355b6\" data-element_type=\"widget\" data-e-type=\"widget\" data-widget_type=\"heading.default\">\n\t\t\t\t<div class=\"elementor-widget-container\">\n\t\t\t\t\t<h2 class=\"elementor-heading-title elementor-size-default\">7 <span style=\"font-family:Quicksand;font-size:1rem\">pa\u00edses <\/span><\/h2>\t\t\t\t<\/div>\n\t\t\t\t<\/div>\n\t\t\t\t\t<\/div>\n\t\t<\/div>\n\t\t\t\t\t<\/div>\n\t\t<\/section>\n\t\t\t\t<section class=\"elementor-section elementor-top-section elementor-element elementor-element-2c6bef48 elementor-section-full_width elementor-section-height-min-height section-img-right elementor-section-height-default elementor-section-items-middle\" data-id=\"2c6bef48\" data-element_type=\"section\" data-e-type=\"section\" data-settings=\"{&quot;background_background&quot;:&quot;classic&quot;}\">\n\t\t\t\t\t\t<div class=\"elementor-container elementor-column-gap-default\">\n\t\t\t\t\t<div class=\"elementor-column elementor-col-100 elementor-top-column elementor-element elementor-element-2c27c680\" data-id=\"2c27c680\" data-element_type=\"column\" data-e-type=\"column\">\n\t\t\t<div class=\"elementor-widget-wrap elementor-element-populated\">\n\t\t\t\t\t\t<section class=\"elementor-section elementor-inner-section elementor-element elementor-element-4a84341c elementor-section-boxed elementor-section-height-default elementor-section-height-default\" data-id=\"4a84341c\" data-element_type=\"section\" data-e-type=\"section\">\n\t\t\t\t\t\t<div class=\"elementor-container elementor-column-gap-default\">\n\t\t\t\t\t<div class=\"elementor-column elementor-col-50 elementor-inner-column elementor-element elementor-element-9a9962\" data-id=\"9a9962\" data-element_type=\"column\" data-e-type=\"column\">\n\t\t\t<div class=\"elementor-widget-wrap elementor-element-populated\">\n\t\t\t\t\t\t<div class=\"elementor-element elementor-element-d2b1a7a elementor-widget elementor-widget-text-editor\" data-id=\"d2b1a7a\" data-element_type=\"widget\" data-e-type=\"widget\" data-widget_type=\"text-editor.default\">\n\t\t\t\t<div class=\"elementor-widget-container\">\n\t\t\t\t\t\t\t\t\t<p>Amsted Automotive Group es la sinergia de Burgess-Norton, Means Industries y SMW Manufacturing, expertos en dise\u00f1os de embragues mecatr\u00f3nicos de alta eficiencia, sistemas de gesti\u00f3n de par electrificado, formaci\u00f3n de metales avanzados, pulvimetalurgia, compuestos magn\u00e9ticos blandos, componentes de precisi\u00f3n e ingenier\u00eda y fabricaci\u00f3n. AAG construye para veh\u00edculos al borde de las innovaciones del ma\u00f1ana. <\/p>\n\t\t\t\t\t\t\t\t<\/div>\n\t\t\t\t<\/div>\n\t\t\t\t\t<\/div>\n\t\t<\/div>\n\t\t\t\t<div class=\"elementor-column elementor-col-50 elementor-inner-column elementor-element elementor-element-d6fbe36\" data-id=\"d6fbe36\" data-element_type=\"column\" data-e-type=\"column\">\n\t\t\t<div class=\"elementor-widget-wrap elementor-element-populated\">\n\t\t\t\t\t\t<div class=\"elementor-element elementor-element-bdaf21b elementor-widget elementor-widget-image\" data-id=\"bdaf21b\" data-element_type=\"widget\" data-e-type=\"widget\" data-widget_type=\"image.default\">\n\t\t\t\t<div class=\"elementor-widget-container\">\n\t\t\t\t\t\t\t\t\t\t\t\t\t\t\t<img decoding=\"async\" width=\"800\" height=\"345\" src=\"https:\/\/www.amsted.com\/wp-content\/uploads\/2022\/06\/amsted-auto-concept-1024x441.jpg\" class=\"attachment-large size-large wp-image-2066\" alt=\"\" srcset=\"https:\/\/www.amsted.com\/wp-content\/uploads\/2022\/06\/amsted-auto-concept-1024x441.jpg 1024w, https:\/\/www.amsted.com\/wp-content\/uploads\/2022\/06\/amsted-auto-concept-300x129.jpg 300w, https:\/\/www.amsted.com\/wp-content\/uploads\/2022\/06\/amsted-auto-concept-768x330.jpg 768w, https:\/\/www.amsted.com\/wp-content\/uploads\/2022\/06\/amsted-auto-concept-1536x661.jpg 1536w, https:\/\/www.amsted.com\/wp-content\/uploads\/2022\/06\/amsted-auto-concept.jpg 1734w\" sizes=\"(max-width: 800px) 100vw, 800px\" \/>\t\t\t\t\t\t\t\t\t\t\t\t\t\t\t<\/div>\n\t\t\t\t<\/div>\n\t\t\t\t\t<\/div>\n\t\t<\/div>\n\t\t\t\t\t<\/div>\n\t\t<\/section>\n\t\t\t\t\t<\/div>\n\t\t<\/div>\n\t\t\t\t\t<\/div>\n\t\t<\/section>\n\t\t\t\t<section class=\"elementor-section elementor-top-section elementor-element elementor-element-56f8fb1 elementor-section-boxed elementor-section-height-default elementor-section-height-default\" data-id=\"56f8fb1\" data-element_type=\"section\" data-e-type=\"section\" data-settings=\"{&quot;background_background&quot;:&quot;classic&quot;}\">\n\t\t\t\t\t\t<div class=\"elementor-container elementor-column-gap-default\">\n\t\t\t\t\t<div class=\"elementor-column elementor-col-100 elementor-top-column elementor-element elementor-element-6d7e00f9\" data-id=\"6d7e00f9\" data-element_type=\"column\" data-e-type=\"column\">\n\t\t\t<div class=\"elementor-widget-wrap elementor-element-populated\">\n\t\t\t\t\t\t<div class=\"elementor-element elementor-element-4c4978f0 elementor-widget elementor-widget-shortcode\" data-id=\"4c4978f0\" data-element_type=\"widget\" data-e-type=\"widget\" data-widget_type=\"shortcode.default\">\n\t\t\t\t<div class=\"elementor-widget-container\">\n\t\t\t\t\t\t\t<div class=\"elementor-shortcode\"><\/div>\n\t\t\t\t\t\t<\/div>\n\t\t\t\t<\/div>\n\t\t\t\t\t<\/div>\n\t\t<\/div>\n\t\t\t\t\t<\/div>\n\t\t<\/section>\n\t\t\t\t<\/div>\n\t\t","protected":false},"excerpt":{"rendered":"<p>Amsted Automotive Group Soluciones de veh\u00edculos electrificados y sistema de propulsi\u00f3n avanzada para un cambio de conducci\u00f3n mundial Visitar sitio web 1,800 + empleados Desde 1903 7 pa\u00edses Amsted Automotive Group es la sinergia de Burgess-Norton, Means Industries y SMW Manufacturing, expertos en dise\u00f1os de embragues mecatr\u00f3nicos de alta eficiencia, sistemas de gesti\u00f3n de par [&hellip;]<\/p>\n","protected":false},"author":1,"featured_media":0,"parent":5240,"menu_order":0,"comment_status":"closed","ping_status":"closed","template":"","meta":{"_acf_changed":false,"footnotes":""},"search-category":[17],"class_list":["post-5244","page","type-page","status-publish","hentry","search-category-business-units"],"acf":[],"yoast_head":"<!-- This site is optimized with the Yoast SEO plugin v27.2 - https:\/\/yoast.com\/product\/yoast-seo-wordpress\/ -->\n<title>Amsted Automotive Group - Amsted Industries<\/title>\n<meta name=\"robots\" content=\"index, follow, max-snippet:-1, max-image-preview:large, max-video-preview:-1\" \/>\n<link rel=\"canonical\" href=\"https:\/\/www.amsted.com\/es\/unidades-de-negocio\/amsted-automotive-group\/\" \/>\n<meta property=\"og:locale\" content=\"es_ES\" \/>\n<meta property=\"og:type\" content=\"article\" \/>\n<meta property=\"og:title\" content=\"Amsted Automotive Group - Amsted Industries\" \/>\n<meta property=\"og:description\" content=\"Amsted Automotive Group Soluciones de veh\u00edculos electrificados y sistema de propulsi\u00f3n avanzada para un cambio de conducci\u00f3n mundial Visitar sitio web 1,800 + empleados Desde 1903 7 pa\u00edses Amsted Automotive Group es la sinergia de Burgess-Norton, Means Industries y SMW Manufacturing, expertos en dise\u00f1os de embragues mecatr\u00f3nicos de alta eficiencia, sistemas de gesti\u00f3n de par [&hellip;]\" \/>\n<meta property=\"og:url\" content=\"https:\/\/www.amsted.com\/es\/unidades-de-negocio\/amsted-automotive-group\/\" \/>\n<meta property=\"og:site_name\" content=\"Amsted Industries\" \/>\n<meta property=\"article:modified_time\" content=\"2022-09-15T18:54:01+00:00\" \/>\n<meta property=\"og:image\" content=\"https:\/\/live-amsted-industries.pantheonsite.io\/wp-content\/uploads\/2022\/06\/amsted-auto-logo.png\" \/>\n<meta name=\"twitter:card\" content=\"summary_large_image\" \/>\n<script type=\"application\/ld+json\" class=\"yoast-schema-graph\">{\"@context\":\"https:\/\/schema.org\",\"@graph\":[{\"@type\":\"WebPage\",\"@id\":\"https:\/\/www.amsted.com\/es\/unidades-de-negocio\/amsted-automotive-group\/\",\"url\":\"https:\/\/www.amsted.com\/es\/unidades-de-negocio\/amsted-automotive-group\/\",\"name\":\"Amsted Automotive Group - Amsted Industries\",\"isPartOf\":{\"@id\":\"https:\/\/www.amsted.com\/es\/#website\"},\"primaryImageOfPage\":{\"@id\":\"https:\/\/www.amsted.com\/es\/unidades-de-negocio\/amsted-automotive-group\/#primaryimage\"},\"image\":{\"@id\":\"https:\/\/www.amsted.com\/es\/unidades-de-negocio\/amsted-automotive-group\/#primaryimage\"},\"thumbnailUrl\":\"https:\/\/live-amsted-industries.pantheonsite.io\/wp-content\/uploads\/2022\/06\/amsted-auto-logo.png\",\"datePublished\":\"2022-06-02T02:32:05+00:00\",\"dateModified\":\"2022-09-15T18:54:01+00:00\",\"breadcrumb\":{\"@id\":\"https:\/\/www.amsted.com\/es\/unidades-de-negocio\/amsted-automotive-group\/#breadcrumb\"},\"inLanguage\":\"es-ES\",\"potentialAction\":[{\"@type\":\"ReadAction\",\"target\":[\"https:\/\/www.amsted.com\/es\/unidades-de-negocio\/amsted-automotive-group\/\"]}]},{\"@type\":\"ImageObject\",\"inLanguage\":\"es-ES\",\"@id\":\"https:\/\/www.amsted.com\/es\/unidades-de-negocio\/amsted-automotive-group\/#primaryimage\",\"url\":\"https:\/\/live-amsted-industries.pantheonsite.io\/wp-content\/uploads\/2022\/06\/amsted-auto-logo.png\",\"contentUrl\":\"https:\/\/live-amsted-industries.pantheonsite.io\/wp-content\/uploads\/2022\/06\/amsted-auto-logo.png\"},{\"@type\":\"BreadcrumbList\",\"@id\":\"https:\/\/www.amsted.com\/es\/unidades-de-negocio\/amsted-automotive-group\/#breadcrumb\",\"itemListElement\":[{\"@type\":\"ListItem\",\"position\":1,\"name\":\"Home\",\"item\":\"https:\/\/www.amsted.com\/es\/homepage\/\"},{\"@type\":\"ListItem\",\"position\":2,\"name\":\"Unidades de negocio\",\"item\":\"https:\/\/www.amsted.com\/es\/unidades-de-negocio\/\"},{\"@type\":\"ListItem\",\"position\":3,\"name\":\"Amsted Automotive Group\"}]},{\"@type\":\"WebSite\",\"@id\":\"https:\/\/www.amsted.com\/es\/#website\",\"url\":\"https:\/\/www.amsted.com\/es\/\",\"name\":\"Amsted Industries\",\"description\":\"Just another WordPress site\",\"potentialAction\":[{\"@type\":\"SearchAction\",\"target\":{\"@type\":\"EntryPoint\",\"urlTemplate\":\"https:\/\/www.amsted.com\/es\/?s={search_term_string}\"},\"query-input\":{\"@type\":\"PropertyValueSpecification\",\"valueRequired\":true,\"valueName\":\"search_term_string\"}}],\"inLanguage\":\"es-ES\"}]}<\/script>\n<!-- \/ Yoast SEO plugin. -->","yoast_head_json":{"title":"Amsted Automotive Group - Amsted Industries","robots":{"index":"index","follow":"follow","max-snippet":"max-snippet:-1","max-image-preview":"max-image-preview:large","max-video-preview":"max-video-preview:-1"},"canonical":"https:\/\/www.amsted.com\/es\/unidades-de-negocio\/amsted-automotive-group\/","og_locale":"es_ES","og_type":"article","og_title":"Amsted Automotive Group - Amsted Industries","og_description":"Amsted Automotive Group Soluciones de veh\u00edculos electrificados y sistema de propulsi\u00f3n avanzada para un cambio de conducci\u00f3n mundial Visitar sitio web 1,800 + empleados Desde 1903 7 pa\u00edses Amsted Automotive Group es la sinergia de Burgess-Norton, Means Industries y SMW Manufacturing, expertos en dise\u00f1os de embragues mecatr\u00f3nicos de alta eficiencia, sistemas de gesti\u00f3n de par [&hellip;]","og_url":"https:\/\/www.amsted.com\/es\/unidades-de-negocio\/amsted-automotive-group\/","og_site_name":"Amsted Industries","article_modified_time":"2022-09-15T18:54:01+00:00","og_image":[{"url":"https:\/\/live-amsted-industries.pantheonsite.io\/wp-content\/uploads\/2022\/06\/amsted-auto-logo.png","type":"","width":"","height":""}],"twitter_card":"summary_large_image","schema":{"@context":"https:\/\/schema.org","@graph":[{"@type":"WebPage","@id":"https:\/\/www.amsted.com\/es\/unidades-de-negocio\/amsted-automotive-group\/","url":"https:\/\/www.amsted.com\/es\/unidades-de-negocio\/amsted-automotive-group\/","name":"Amsted Automotive Group - Amsted Industries","isPartOf":{"@id":"https:\/\/www.amsted.com\/es\/#website"},"primaryImageOfPage":{"@id":"https:\/\/www.amsted.com\/es\/unidades-de-negocio\/amsted-automotive-group\/#primaryimage"},"image":{"@id":"https:\/\/www.amsted.com\/es\/unidades-de-negocio\/amsted-automotive-group\/#primaryimage"},"thumbnailUrl":"https:\/\/live-amsted-industries.pantheonsite.io\/wp-content\/uploads\/2022\/06\/amsted-auto-logo.png","datePublished":"2022-06-02T02:32:05+00:00","dateModified":"2022-09-15T18:54:01+00:00","breadcrumb":{"@id":"https:\/\/www.amsted.com\/es\/unidades-de-negocio\/amsted-automotive-group\/#breadcrumb"},"inLanguage":"es-ES","potentialAction":[{"@type":"ReadAction","target":["https:\/\/www.amsted.com\/es\/unidades-de-negocio\/amsted-automotive-group\/"]}]},{"@type":"ImageObject","inLanguage":"es-ES","@id":"https:\/\/www.amsted.com\/es\/unidades-de-negocio\/amsted-automotive-group\/#primaryimage","url":"https:\/\/live-amsted-industries.pantheonsite.io\/wp-content\/uploads\/2022\/06\/amsted-auto-logo.png","contentUrl":"https:\/\/live-amsted-industries.pantheonsite.io\/wp-content\/uploads\/2022\/06\/amsted-auto-logo.png"},{"@type":"BreadcrumbList","@id":"https:\/\/www.amsted.com\/es\/unidades-de-negocio\/amsted-automotive-group\/#breadcrumb","itemListElement":[{"@type":"ListItem","position":1,"name":"Home","item":"https:\/\/www.amsted.com\/es\/homepage\/"},{"@type":"ListItem","position":2,"name":"Unidades de negocio","item":"https:\/\/www.amsted.com\/es\/unidades-de-negocio\/"},{"@type":"ListItem","position":3,"name":"Amsted Automotive Group"}]},{"@type":"WebSite","@id":"https:\/\/www.amsted.com\/es\/#website","url":"https:\/\/www.amsted.com\/es\/","name":"Amsted Industries","description":"Just another WordPress site","potentialAction":[{"@type":"SearchAction","target":{"@type":"EntryPoint","urlTemplate":"https:\/\/www.amsted.com\/es\/?s={search_term_string}"},"query-input":{"@type":"PropertyValueSpecification","valueRequired":true,"valueName":"search_term_string"}}],"inLanguage":"es-ES"}]}},"_links":{"self":[{"href":"https:\/\/www.amsted.com\/es\/wp-json\/wp\/v2\/pages\/5244","targetHints":{"allow":["GET"]}}],"collection":[{"href":"https:\/\/www.amsted.com\/es\/wp-json\/wp\/v2\/pages"}],"about":[{"href":"https:\/\/www.amsted.com\/es\/wp-json\/wp\/v2\/types\/page"}],"author":[{"embeddable":true,"href":"https:\/\/www.amsted.com\/es\/wp-json\/wp\/v2\/users\/1"}],"replies":[{"embeddable":true,"href":"https:\/\/www.amsted.com\/es\/wp-json\/wp\/v2\/comments?post=5244"}],"version-history":[{"count":3,"href":"https:\/\/www.amsted.com\/es\/wp-json\/wp\/v2\/pages\/5244\/revisions"}],"predecessor-version":[{"id":5613,"href":"https:\/\/www.amsted.com\/es\/wp-json\/wp\/v2\/pages\/5244\/revisions\/5613"}],"up":[{"embeddable":true,"href":"https:\/\/www.amsted.com\/es\/wp-json\/wp\/v2\/pages\/5240"}],"wp:attachment":[{"href":"https:\/\/www.amsted.com\/es\/wp-json\/wp\/v2\/media?parent=5244"}],"wp:term":[{"taxonomy":"search-category","embeddable":true,"href":"https:\/\/www.amsted.com\/es\/wp-json\/wp\/v2\/search-category?post=5244"}],"curies":[{"name":"wp","href":"https:\/\/api.w.org\/{rel}","templated":true}]}}