{"id":5236,"date":"2022-06-07T11:42:48","date_gmt":"2022-06-07T11:42:48","guid":{"rendered":"https:\/\/live-amsted-industries.pantheonsite.io\/acerca-de\/equipo-de-liderazgo\/stephen-r-smith\/"},"modified":"2022-09-15T18:53:28","modified_gmt":"2022-09-15T18:53:28","slug":"stephen-r-smith","status":"publish","type":"page","link":"https:\/\/www.amsted.com\/es\/acerca-de\/equipo-de-liderazgo\/stephen-r-smith\/","title":{"rendered":"Stephen R. Smith"},"content":{"rendered":"\t\t<div data-elementor-type=\"wp-page\" data-elementor-id=\"5236\" class=\"elementor elementor-5236 elementor-911\" data-elementor-post-type=\"page\">\n\t\t\t\t\t\t<section class=\"elementor-section elementor-top-section elementor-element elementor-element-7158ed9 elementor-section-full_width elementor-section-height-default elementor-section-height-default\" data-id=\"7158ed9\" data-element_type=\"section\" data-e-type=\"section\">\n\t\t\t\t\t\t<div class=\"elementor-container elementor-column-gap-default\">\n\t\t\t\t\t<div class=\"elementor-column elementor-col-100 elementor-top-column elementor-element elementor-element-e62aa51\" data-id=\"e62aa51\" data-element_type=\"column\" data-e-type=\"column\">\n\t\t\t<div class=\"elementor-widget-wrap elementor-element-populated\">\n\t\t\t\t\t\t<section class=\"elementor-section elementor-inner-section elementor-element elementor-element-b9912e5 elementor-reverse-mobile elementor-section-boxed elementor-section-height-default elementor-section-height-default\" data-id=\"b9912e5\" data-element_type=\"section\" data-e-type=\"section\" data-settings=\"{&quot;background_background&quot;:&quot;video&quot;}\">\n\t\t\t\t\t\t<div class=\"elementor-container elementor-column-gap-default\">\n\t\t\t\t\t<div class=\"elementor-column elementor-col-50 elementor-inner-column elementor-element elementor-element-72c5fe5\" data-id=\"72c5fe5\" data-element_type=\"column\" data-e-type=\"column\">\n\t\t\t<div class=\"elementor-widget-wrap elementor-element-populated\">\n\t\t\t\t\t\t<div class=\"elementor-element elementor-element-14b491b elementor-widget elementor-widget-heading\" data-id=\"14b491b\" data-element_type=\"widget\" data-e-type=\"widget\" data-widget_type=\"heading.default\">\n\t\t\t\t<div class=\"elementor-widget-container\">\n\t\t\t\t\t<h1 class=\"elementor-heading-title elementor-size-default\">Stephen R. Smith<\/h1>\t\t\t\t<\/div>\n\t\t\t\t<\/div>\n\t\t\t\t<div class=\"elementor-element elementor-element-70ac862 elementor-widget elementor-widget-text-editor\" data-id=\"70ac862\" data-element_type=\"widget\" data-e-type=\"widget\" data-widget_type=\"text-editor.default\">\n\t\t\t\t<div class=\"elementor-widget-container\">\n\t\t\t\t\t\t\t\t\t<p><b>Cabeza de la Junta, Presidente y Director General <\/b><\/p>\n\t\t\t\t\t\t\t\t<\/div>\n\t\t\t\t<\/div>\n\t\t\t\t<div class=\"elementor-element elementor-element-cdab539 elementor-widget elementor-widget-text-editor\" data-id=\"cdab539\" data-element_type=\"widget\" data-e-type=\"widget\" data-widget_type=\"text-editor.default\">\n\t\t\t\t<div class=\"elementor-widget-container\">\n\t\t\t\t\t\t\t\t\t<p>Stephen Smith es Cabeza de la Junta, Presidente y Director General de Amsted Industries. El Sr. Smith se uni\u00f3 a Amsted en 2005 como Presidente de Amsted Rail, se convirti\u00f3 en Asesor General en 2007 y fue nombrado Presidente y Director General en 2017. Antes de unirse a Amsted, de 1999 a 2005, el Sr. Smith fue consejero general y presidente de las operaciones de servicios compartidos en Am\u00e9rica del Norte de GKN PLC, una empresa de ingenier\u00eda diversificada del Reino Unido que operaba en FTSE; y de 1991 a 1999 fue vicepresidente, secretario y consejero general de The Interlake Corporation, una empresa de fabricaci\u00f3n diversificada que operaba en NYSE. El Sr. Smith comenz\u00f3 su carrera legal en 1982 en el bufete de abogados de Chicago de Hopkins &amp; Sutter (desde entonces fusionado a Foley &amp; Lardner), donde fue socio corporativo y presidente del grupo de transacciones corporativas. El Sr. Smith obtuvo un t\u00edtulo de Licenciatura en Ciencias Pol\u00edticas de Wheaton College (Illinois) y su t\u00edtulo de Doctor en Derecho de la Facultad de Derecho en la Universidad de Chicago y asisti\u00f3 al programa de Educaci\u00f3n Ejecutiva de la Universidad de Michigan.&nbsp;    <\/p>\n\t\t\t\t\t\t\t\t<\/div>\n\t\t\t\t<\/div>\n\t\t\t\t\t<\/div>\n\t\t<\/div>\n\t\t\t\t<div class=\"elementor-column elementor-col-50 elementor-inner-column elementor-element elementor-element-f22bab2\" data-id=\"f22bab2\" data-element_type=\"column\" data-e-type=\"column\">\n\t\t\t<div class=\"elementor-widget-wrap elementor-element-populated\">\n\t\t\t\t\t\t<div class=\"elementor-element elementor-element-b45ef8c elementor-widget elementor-widget-image\" data-id=\"b45ef8c\" data-element_type=\"widget\" data-e-type=\"widget\" data-widget_type=\"image.default\">\n\t\t\t\t<div class=\"elementor-widget-container\">\n\t\t\t\t\t\t\t\t\t\t\t\t\t\t\t<img fetchpriority=\"high\" decoding=\"async\" width=\"738\" height=\"946\" src=\"https:\/\/www.amsted.com\/wp-content\/uploads\/2022\/06\/stephen-smith.jpg\" class=\"attachment-full size-full wp-image-678\" alt=\"\" srcset=\"https:\/\/www.amsted.com\/wp-content\/uploads\/2022\/06\/stephen-smith.jpg 738w, https:\/\/www.amsted.com\/wp-content\/uploads\/2022\/06\/stephen-smith-234x300.jpg 234w\" sizes=\"(max-width: 738px) 100vw, 738px\" \/>\t\t\t\t\t\t\t\t\t\t\t\t\t\t\t<\/div>\n\t\t\t\t<\/div>\n\t\t\t\t\t<\/div>\n\t\t<\/div>\n\t\t\t\t\t<\/div>\n\t\t<\/section>\n\t\t\t\t\t<\/div>\n\t\t<\/div>\n\t\t\t\t\t<\/div>\n\t\t<\/section>\n\t\t\t\t<section class=\"elementor-section elementor-top-section elementor-element elementor-element-d96b429 elementor-section-boxed elementor-section-height-default elementor-section-height-default\" data-id=\"d96b429\" data-element_type=\"section\" data-e-type=\"section\" data-settings=\"{&quot;background_background&quot;:&quot;classic&quot;}\">\n\t\t\t\t\t\t<div class=\"elementor-container elementor-column-gap-default\">\n\t\t\t\t\t<div class=\"elementor-column elementor-col-100 elementor-top-column elementor-element elementor-element-dd9acf9\" data-id=\"dd9acf9\" data-element_type=\"column\" data-e-type=\"column\">\n\t\t\t<div class=\"elementor-widget-wrap elementor-element-populated\">\n\t\t\t\t\t\t<div class=\"elementor-element elementor-element-9022e52 elementor-widget elementor-widget-shortcode\" data-id=\"9022e52\" data-element_type=\"widget\" data-e-type=\"widget\" data-widget_type=\"shortcode.default\">\n\t\t\t\t<div class=\"elementor-widget-container\">\n\t\t\t\t\t\t\t<div class=\"elementor-shortcode\"><\/div>\n\t\t\t\t\t\t<\/div>\n\t\t\t\t<\/div>\n\t\t\t\t\t<\/div>\n\t\t<\/div>\n\t\t\t\t\t<\/div>\n\t\t<\/section>\n\t\t\t\t<\/div>\n\t\t","protected":false},"excerpt":{"rendered":"<p>Stephen R. Smith Cabeza de la Junta, Presidente y Director General Stephen Smith es Cabeza de la Junta, Presidente y Director General de Amsted Industries. El Sr. Smith se uni\u00f3 a Amsted en 2005 como Presidente de Amsted Rail, se convirti\u00f3 en Asesor General en 2007 y fue nombrado Presidente y Director General en 2017. [&hellip;]<\/p>\n","protected":false},"author":1,"featured_media":0,"parent":5222,"menu_order":0,"comment_status":"closed","ping_status":"closed","template":"","meta":{"_acf_changed":false,"footnotes":""},"search-category":[16],"class_list":["post-5236","page","type-page","status-publish","hentry","search-category-about"],"acf":[],"yoast_head":"<!-- This site is optimized with the Yoast SEO plugin v27.2 - https:\/\/yoast.com\/product\/yoast-seo-wordpress\/ -->\n<title>Stephen R. Smith - Amsted Industries<\/title>\n<meta name=\"robots\" content=\"index, follow, max-snippet:-1, max-image-preview:large, max-video-preview:-1\" \/>\n<link rel=\"canonical\" href=\"https:\/\/www.amsted.com\/es\/acerca-de\/equipo-de-liderazgo\/stephen-r-smith\/\" \/>\n<meta property=\"og:locale\" content=\"es_ES\" \/>\n<meta property=\"og:type\" content=\"article\" \/>\n<meta property=\"og:title\" content=\"Stephen R. Smith - Amsted Industries\" \/>\n<meta property=\"og:description\" content=\"Stephen R. Smith Cabeza de la Junta, Presidente y Director General Stephen Smith es Cabeza de la Junta, Presidente y Director General de Amsted Industries. El Sr. Smith se uni\u00f3 a Amsted en 2005 como Presidente de Amsted Rail, se convirti\u00f3 en Asesor General en 2007 y fue nombrado Presidente y Director General en 2017. [&hellip;]\" \/>\n<meta property=\"og:url\" content=\"https:\/\/www.amsted.com\/es\/acerca-de\/equipo-de-liderazgo\/stephen-r-smith\/\" \/>\n<meta property=\"og:site_name\" content=\"Amsted Industries\" \/>\n<meta property=\"article:modified_time\" content=\"2022-09-15T18:53:28+00:00\" \/>\n<meta property=\"og:image\" content=\"https:\/\/live-amsted-industries.pantheonsite.io\/wp-content\/uploads\/2022\/06\/stephen-smith.jpg\" \/>\n<meta name=\"twitter:card\" content=\"summary_large_image\" \/>\n<meta name=\"twitter:label1\" content=\"Est. reading time\" \/>\n\t<meta name=\"twitter:data1\" content=\"1 minute\" \/>\n<script type=\"application\/ld+json\" class=\"yoast-schema-graph\">{\"@context\":\"https:\/\/schema.org\",\"@graph\":[{\"@type\":\"WebPage\",\"@id\":\"https:\/\/www.amsted.com\/es\/acerca-de\/equipo-de-liderazgo\/stephen-r-smith\/\",\"url\":\"https:\/\/www.amsted.com\/es\/acerca-de\/equipo-de-liderazgo\/stephen-r-smith\/\",\"name\":\"Stephen R. Smith - Amsted Industries\",\"isPartOf\":{\"@id\":\"https:\/\/www.amsted.com\/es\/#website\"},\"primaryImageOfPage\":{\"@id\":\"https:\/\/www.amsted.com\/es\/acerca-de\/equipo-de-liderazgo\/stephen-r-smith\/#primaryimage\"},\"image\":{\"@id\":\"https:\/\/www.amsted.com\/es\/acerca-de\/equipo-de-liderazgo\/stephen-r-smith\/#primaryimage\"},\"thumbnailUrl\":\"https:\/\/live-amsted-industries.pantheonsite.io\/wp-content\/uploads\/2022\/06\/stephen-smith.jpg\",\"datePublished\":\"2022-06-07T11:42:48+00:00\",\"dateModified\":\"2022-09-15T18:53:28+00:00\",\"breadcrumb\":{\"@id\":\"https:\/\/www.amsted.com\/es\/acerca-de\/equipo-de-liderazgo\/stephen-r-smith\/#breadcrumb\"},\"inLanguage\":\"es-ES\",\"potentialAction\":[{\"@type\":\"ReadAction\",\"target\":[\"https:\/\/www.amsted.com\/es\/acerca-de\/equipo-de-liderazgo\/stephen-r-smith\/\"]}]},{\"@type\":\"ImageObject\",\"inLanguage\":\"es-ES\",\"@id\":\"https:\/\/www.amsted.com\/es\/acerca-de\/equipo-de-liderazgo\/stephen-r-smith\/#primaryimage\",\"url\":\"https:\/\/live-amsted-industries.pantheonsite.io\/wp-content\/uploads\/2022\/06\/stephen-smith.jpg\",\"contentUrl\":\"https:\/\/live-amsted-industries.pantheonsite.io\/wp-content\/uploads\/2022\/06\/stephen-smith.jpg\"},{\"@type\":\"BreadcrumbList\",\"@id\":\"https:\/\/www.amsted.com\/es\/acerca-de\/equipo-de-liderazgo\/stephen-r-smith\/#breadcrumb\",\"itemListElement\":[{\"@type\":\"ListItem\",\"position\":1,\"name\":\"Home\",\"item\":\"https:\/\/www.amsted.com\/es\/homepage\/\"},{\"@type\":\"ListItem\",\"position\":2,\"name\":\"Acerca de\",\"item\":\"https:\/\/www.amsted.com\/es\/acerca-de\/\"},{\"@type\":\"ListItem\",\"position\":3,\"name\":\"Equipo de liderazgo\",\"item\":\"http:\/\/www.amsted.com\/es\/about\/leadership-team\/\"},{\"@type\":\"ListItem\",\"position\":4,\"name\":\"Stephen R. Smith\"}]},{\"@type\":\"WebSite\",\"@id\":\"https:\/\/www.amsted.com\/es\/#website\",\"url\":\"https:\/\/www.amsted.com\/es\/\",\"name\":\"Amsted Industries\",\"description\":\"Just another WordPress site\",\"potentialAction\":[{\"@type\":\"SearchAction\",\"target\":{\"@type\":\"EntryPoint\",\"urlTemplate\":\"https:\/\/www.amsted.com\/es\/?s={search_term_string}\"},\"query-input\":{\"@type\":\"PropertyValueSpecification\",\"valueRequired\":true,\"valueName\":\"search_term_string\"}}],\"inLanguage\":\"es-ES\"}]}<\/script>\n<!-- \/ Yoast SEO plugin. -->","yoast_head_json":{"title":"Stephen R. Smith - Amsted Industries","robots":{"index":"index","follow":"follow","max-snippet":"max-snippet:-1","max-image-preview":"max-image-preview:large","max-video-preview":"max-video-preview:-1"},"canonical":"https:\/\/www.amsted.com\/es\/acerca-de\/equipo-de-liderazgo\/stephen-r-smith\/","og_locale":"es_ES","og_type":"article","og_title":"Stephen R. Smith - Amsted Industries","og_description":"Stephen R. Smith Cabeza de la Junta, Presidente y Director General Stephen Smith es Cabeza de la Junta, Presidente y Director General de Amsted Industries. El Sr. Smith se uni\u00f3 a Amsted en 2005 como Presidente de Amsted Rail, se convirti\u00f3 en Asesor General en 2007 y fue nombrado Presidente y Director General en 2017. [&hellip;]","og_url":"https:\/\/www.amsted.com\/es\/acerca-de\/equipo-de-liderazgo\/stephen-r-smith\/","og_site_name":"Amsted Industries","article_modified_time":"2022-09-15T18:53:28+00:00","og_image":[{"url":"https:\/\/live-amsted-industries.pantheonsite.io\/wp-content\/uploads\/2022\/06\/stephen-smith.jpg","type":"","width":"","height":""}],"twitter_card":"summary_large_image","twitter_misc":{"Est. reading time":"1 minute"},"schema":{"@context":"https:\/\/schema.org","@graph":[{"@type":"WebPage","@id":"https:\/\/www.amsted.com\/es\/acerca-de\/equipo-de-liderazgo\/stephen-r-smith\/","url":"https:\/\/www.amsted.com\/es\/acerca-de\/equipo-de-liderazgo\/stephen-r-smith\/","name":"Stephen R. Smith - Amsted Industries","isPartOf":{"@id":"https:\/\/www.amsted.com\/es\/#website"},"primaryImageOfPage":{"@id":"https:\/\/www.amsted.com\/es\/acerca-de\/equipo-de-liderazgo\/stephen-r-smith\/#primaryimage"},"image":{"@id":"https:\/\/www.amsted.com\/es\/acerca-de\/equipo-de-liderazgo\/stephen-r-smith\/#primaryimage"},"thumbnailUrl":"https:\/\/live-amsted-industries.pantheonsite.io\/wp-content\/uploads\/2022\/06\/stephen-smith.jpg","datePublished":"2022-06-07T11:42:48+00:00","dateModified":"2022-09-15T18:53:28+00:00","breadcrumb":{"@id":"https:\/\/www.amsted.com\/es\/acerca-de\/equipo-de-liderazgo\/stephen-r-smith\/#breadcrumb"},"inLanguage":"es-ES","potentialAction":[{"@type":"ReadAction","target":["https:\/\/www.amsted.com\/es\/acerca-de\/equipo-de-liderazgo\/stephen-r-smith\/"]}]},{"@type":"ImageObject","inLanguage":"es-ES","@id":"https:\/\/www.amsted.com\/es\/acerca-de\/equipo-de-liderazgo\/stephen-r-smith\/#primaryimage","url":"https:\/\/live-amsted-industries.pantheonsite.io\/wp-content\/uploads\/2022\/06\/stephen-smith.jpg","contentUrl":"https:\/\/live-amsted-industries.pantheonsite.io\/wp-content\/uploads\/2022\/06\/stephen-smith.jpg"},{"@type":"BreadcrumbList","@id":"https:\/\/www.amsted.com\/es\/acerca-de\/equipo-de-liderazgo\/stephen-r-smith\/#breadcrumb","itemListElement":[{"@type":"ListItem","position":1,"name":"Home","item":"https:\/\/www.amsted.com\/es\/homepage\/"},{"@type":"ListItem","position":2,"name":"Acerca de","item":"https:\/\/www.amsted.com\/es\/acerca-de\/"},{"@type":"ListItem","position":3,"name":"Equipo de liderazgo","item":"http:\/\/www.amsted.com\/es\/about\/leadership-team\/"},{"@type":"ListItem","position":4,"name":"Stephen R. Smith"}]},{"@type":"WebSite","@id":"https:\/\/www.amsted.com\/es\/#website","url":"https:\/\/www.amsted.com\/es\/","name":"Amsted Industries","description":"Just another WordPress site","potentialAction":[{"@type":"SearchAction","target":{"@type":"EntryPoint","urlTemplate":"https:\/\/www.amsted.com\/es\/?s={search_term_string}"},"query-input":{"@type":"PropertyValueSpecification","valueRequired":true,"valueName":"search_term_string"}}],"inLanguage":"es-ES"}]}},"_links":{"self":[{"href":"https:\/\/www.amsted.com\/es\/wp-json\/wp\/v2\/pages\/5236","targetHints":{"allow":["GET"]}}],"collection":[{"href":"https:\/\/www.amsted.com\/es\/wp-json\/wp\/v2\/pages"}],"about":[{"href":"https:\/\/www.amsted.com\/es\/wp-json\/wp\/v2\/types\/page"}],"author":[{"embeddable":true,"href":"https:\/\/www.amsted.com\/es\/wp-json\/wp\/v2\/users\/1"}],"replies":[{"embeddable":true,"href":"https:\/\/www.amsted.com\/es\/wp-json\/wp\/v2\/comments?post=5236"}],"version-history":[{"count":3,"href":"https:\/\/www.amsted.com\/es\/wp-json\/wp\/v2\/pages\/5236\/revisions"}],"predecessor-version":[{"id":5607,"href":"https:\/\/www.amsted.com\/es\/wp-json\/wp\/v2\/pages\/5236\/revisions\/5607"}],"up":[{"embeddable":true,"href":"https:\/\/www.amsted.com\/es\/wp-json\/wp\/v2\/pages\/5222"}],"wp:attachment":[{"href":"https:\/\/www.amsted.com\/es\/wp-json\/wp\/v2\/media?parent=5236"}],"wp:term":[{"taxonomy":"search-category","embeddable":true,"href":"https:\/\/www.amsted.com\/es\/wp-json\/wp\/v2\/search-category?post=5236"}],"curies":[{"name":"wp","href":"https:\/\/api.w.org\/{rel}","templated":true}]}}