{"id":5234,"date":"2022-06-13T22:39:06","date_gmt":"2022-06-13T22:39:06","guid":{"rendered":"https:\/\/live-amsted-industries.pantheonsite.io\/acerca-de\/equipo-de-liderazgo\/marilyn-d-franson\/"},"modified":"2022-09-15T18:53:14","modified_gmt":"2022-09-15T18:53:14","slug":"marilyn-d-franson","status":"publish","type":"page","link":"https:\/\/www.amsted.com\/es\/acerca-de\/equipo-de-liderazgo\/marilyn-d-franson\/","title":{"rendered":"Marilyn D. Franson"},"content":{"rendered":"\t\t<div data-elementor-type=\"wp-page\" data-elementor-id=\"5234\" class=\"elementor elementor-5234 elementor-1255\" data-elementor-post-type=\"page\">\n\t\t\t\t\t\t<section class=\"elementor-section elementor-top-section elementor-element elementor-element-7a050669 elementor-section-full_width elementor-section-height-default elementor-section-height-default\" data-id=\"7a050669\" data-element_type=\"section\" data-e-type=\"section\">\n\t\t\t\t\t\t<div class=\"elementor-container elementor-column-gap-default\">\n\t\t\t\t\t<div class=\"elementor-column elementor-col-100 elementor-top-column elementor-element elementor-element-5c17208\" data-id=\"5c17208\" data-element_type=\"column\" data-e-type=\"column\">\n\t\t\t<div class=\"elementor-widget-wrap elementor-element-populated\">\n\t\t\t\t\t\t<section class=\"elementor-section elementor-inner-section elementor-element elementor-element-6ebb646b elementor-reverse-mobile elementor-section-boxed elementor-section-height-default elementor-section-height-default\" data-id=\"6ebb646b\" data-element_type=\"section\" data-e-type=\"section\" data-settings=\"{&quot;background_background&quot;:&quot;video&quot;}\">\n\t\t\t\t\t\t<div class=\"elementor-container elementor-column-gap-default\">\n\t\t\t\t\t<div class=\"elementor-column elementor-col-50 elementor-inner-column elementor-element elementor-element-331dce95\" data-id=\"331dce95\" data-element_type=\"column\" data-e-type=\"column\">\n\t\t\t<div class=\"elementor-widget-wrap elementor-element-populated\">\n\t\t\t\t\t\t<div class=\"elementor-element elementor-element-4bb1286b elementor-widget elementor-widget-heading\" data-id=\"4bb1286b\" data-element_type=\"widget\" data-e-type=\"widget\" data-widget_type=\"heading.default\">\n\t\t\t\t<div class=\"elementor-widget-container\">\n\t\t\t\t\t<h1 class=\"elementor-heading-title elementor-size-default\">Marilyn D. Franson<\/h1>\t\t\t\t<\/div>\n\t\t\t\t<\/div>\n\t\t\t\t<div class=\"elementor-element elementor-element-66c904d6 elementor-widget elementor-widget-text-editor\" data-id=\"66c904d6\" data-element_type=\"widget\" data-e-type=\"widget\" data-widget_type=\"text-editor.default\">\n\t\t\t\t<div class=\"elementor-widget-container\">\n\t\t\t\t\t\t\t\t\t<p><strong>Vicepresidenta y Asesora Fiscal S\u00e9nior<\/strong><\/p>\n\t\t\t\t\t\t\t\t<\/div>\n\t\t\t\t<\/div>\n\t\t\t\t<div class=\"elementor-element elementor-element-4713c190 elementor-widget elementor-widget-text-editor\" data-id=\"4713c190\" data-element_type=\"widget\" data-e-type=\"widget\" data-widget_type=\"text-editor.default\">\n\t\t\t\t<div class=\"elementor-widget-container\">\n\t\t\t\t\t\t\t\t\t<p>Marilyn Franson es Vicepresidenta y Asesora Fiscal S\u00e9nior de Amsted Industries. La Sra. Franson se incorpor\u00f3 a Amsted en 1999 como Contralora Adjunta de Impuestos. Antes de unirse a Amsted, la Sra. Franson fue socia del bufete de abogados Hopkins &amp; Sutter (ahora Foley &amp; Lardner) en Chicago, donde ejerci\u00f3 la abogac\u00eda fiscal de 1986 a 1999. Anteriormente, la Sra. Franson fue consultora fiscal de Ernst &amp; Young y contralora de una empresa de suministro de petr\u00f3leo en el extranjero. La Sra. Franson obtuvo una Licenciatura en Contabilidad y Finanzas, Summa Cum Laude de la Universidad de Loyola y un Doctorado en Derecho, Cum Laude de la Facultad de Derecho de la Universidad Northwestern. Tambi\u00e9n es Contadora P\u00fablica Certificada.     <\/p>\n\t\t\t\t\t\t\t\t<\/div>\n\t\t\t\t<\/div>\n\t\t\t\t\t<\/div>\n\t\t<\/div>\n\t\t\t\t<div class=\"elementor-column elementor-col-50 elementor-inner-column elementor-element elementor-element-2dd2711\" data-id=\"2dd2711\" data-element_type=\"column\" data-e-type=\"column\">\n\t\t\t<div class=\"elementor-widget-wrap elementor-element-populated\">\n\t\t\t\t\t\t<div class=\"elementor-element elementor-element-7b7bb34e elementor-widget elementor-widget-image\" data-id=\"7b7bb34e\" data-element_type=\"widget\" data-e-type=\"widget\" data-widget_type=\"image.default\">\n\t\t\t\t<div class=\"elementor-widget-container\">\n\t\t\t\t\t\t\t\t\t\t\t\t\t\t\t<img fetchpriority=\"high\" decoding=\"async\" width=\"738\" height=\"946\" src=\"https:\/\/www.amsted.com\/wp-content\/uploads\/2022\/06\/marilyn-franson.jpg\" class=\"attachment-full size-full wp-image-677\" alt=\"\" srcset=\"https:\/\/www.amsted.com\/wp-content\/uploads\/2022\/06\/marilyn-franson.jpg 738w, https:\/\/www.amsted.com\/wp-content\/uploads\/2022\/06\/marilyn-franson-234x300.jpg 234w\" sizes=\"(max-width: 738px) 100vw, 738px\" \/>\t\t\t\t\t\t\t\t\t\t\t\t\t\t\t<\/div>\n\t\t\t\t<\/div>\n\t\t\t\t\t<\/div>\n\t\t<\/div>\n\t\t\t\t\t<\/div>\n\t\t<\/section>\n\t\t\t\t\t<\/div>\n\t\t<\/div>\n\t\t\t\t\t<\/div>\n\t\t<\/section>\n\t\t\t\t<section class=\"elementor-section elementor-top-section elementor-element elementor-element-2d3a6134 elementor-section-boxed elementor-section-height-default elementor-section-height-default\" data-id=\"2d3a6134\" data-element_type=\"section\" data-e-type=\"section\" data-settings=\"{&quot;background_background&quot;:&quot;classic&quot;}\">\n\t\t\t\t\t\t<div class=\"elementor-container elementor-column-gap-default\">\n\t\t\t\t\t<div class=\"elementor-column elementor-col-100 elementor-top-column elementor-element elementor-element-7e2405e0\" data-id=\"7e2405e0\" data-element_type=\"column\" data-e-type=\"column\">\n\t\t\t<div class=\"elementor-widget-wrap elementor-element-populated\">\n\t\t\t\t\t\t<div class=\"elementor-element elementor-element-de9c584 elementor-widget elementor-widget-shortcode\" data-id=\"de9c584\" data-element_type=\"widget\" data-e-type=\"widget\" data-widget_type=\"shortcode.default\">\n\t\t\t\t<div class=\"elementor-widget-container\">\n\t\t\t\t\t\t\t<div class=\"elementor-shortcode\"><\/div>\n\t\t\t\t\t\t<\/div>\n\t\t\t\t<\/div>\n\t\t\t\t\t<\/div>\n\t\t<\/div>\n\t\t\t\t\t<\/div>\n\t\t<\/section>\n\t\t\t\t<\/div>\n\t\t","protected":false},"excerpt":{"rendered":"<p>Vicepresidenta y Asesora Fiscal S\u00e9nior Marilyn Franson es Vicepresidenta y Asesora Fiscal S\u00e9nior de Amsted Industries. La Sra. Franson se incorpor\u00f3 a Amsted en 1999 como Contralora Adjunta de Impuestos. Antes de unirse a Amsted, la Sra. Franson fue socia del bufete de abogados Hopkins &amp; Sutter (ahora Foley &amp; Lardner) en Chicago, donde ejerci\u00f3 [&hellip;]<\/p>\n","protected":false},"author":1,"featured_media":0,"parent":5222,"menu_order":0,"comment_status":"closed","ping_status":"closed","template":"","meta":{"_acf_changed":false,"footnotes":""},"search-category":[16],"class_list":["post-5234","page","type-page","status-publish","hentry","search-category-about"],"acf":[],"yoast_head":"<!-- This site is optimized with the Yoast SEO plugin v27.2 - https:\/\/yoast.com\/product\/yoast-seo-wordpress\/ -->\n<title>Marilyn D. Franson - Amsted Industries<\/title>\n<meta name=\"robots\" content=\"index, follow, max-snippet:-1, max-image-preview:large, max-video-preview:-1\" \/>\n<link rel=\"canonical\" href=\"https:\/\/www.amsted.com\/es\/acerca-de\/equipo-de-liderazgo\/marilyn-d-franson\/\" \/>\n<meta property=\"og:locale\" content=\"es_ES\" \/>\n<meta property=\"og:type\" content=\"article\" \/>\n<meta property=\"og:title\" content=\"Marilyn D. Franson - Amsted Industries\" \/>\n<meta property=\"og:description\" content=\"Vicepresidenta y Asesora Fiscal S\u00e9nior Marilyn Franson es Vicepresidenta y Asesora Fiscal S\u00e9nior de Amsted Industries. La Sra. Franson se incorpor\u00f3 a Amsted en 1999 como Contralora Adjunta de Impuestos. Antes de unirse a Amsted, la Sra. Franson fue socia del bufete de abogados Hopkins &amp; Sutter (ahora Foley &amp; Lardner) en Chicago, donde ejerci\u00f3 [&hellip;]\" \/>\n<meta property=\"og:url\" content=\"https:\/\/www.amsted.com\/es\/acerca-de\/equipo-de-liderazgo\/marilyn-d-franson\/\" \/>\n<meta property=\"og:site_name\" content=\"Amsted Industries\" \/>\n<meta property=\"article:modified_time\" content=\"2022-09-15T18:53:14+00:00\" \/>\n<meta property=\"og:image\" content=\"https:\/\/live-amsted-industries.pantheonsite.io\/wp-content\/uploads\/2022\/06\/marilyn-franson.jpg\" \/>\n<meta name=\"twitter:card\" content=\"summary_large_image\" \/>\n<meta name=\"twitter:label1\" content=\"Est. reading time\" \/>\n\t<meta name=\"twitter:data1\" content=\"1 minute\" \/>\n<script type=\"application\/ld+json\" class=\"yoast-schema-graph\">{\"@context\":\"https:\/\/schema.org\",\"@graph\":[{\"@type\":\"WebPage\",\"@id\":\"https:\/\/www.amsted.com\/es\/acerca-de\/equipo-de-liderazgo\/marilyn-d-franson\/\",\"url\":\"https:\/\/www.amsted.com\/es\/acerca-de\/equipo-de-liderazgo\/marilyn-d-franson\/\",\"name\":\"Marilyn D. Franson - Amsted Industries\",\"isPartOf\":{\"@id\":\"https:\/\/www.amsted.com\/es\/#website\"},\"primaryImageOfPage\":{\"@id\":\"https:\/\/www.amsted.com\/es\/acerca-de\/equipo-de-liderazgo\/marilyn-d-franson\/#primaryimage\"},\"image\":{\"@id\":\"https:\/\/www.amsted.com\/es\/acerca-de\/equipo-de-liderazgo\/marilyn-d-franson\/#primaryimage\"},\"thumbnailUrl\":\"https:\/\/live-amsted-industries.pantheonsite.io\/wp-content\/uploads\/2022\/06\/marilyn-franson.jpg\",\"datePublished\":\"2022-06-13T22:39:06+00:00\",\"dateModified\":\"2022-09-15T18:53:14+00:00\",\"breadcrumb\":{\"@id\":\"https:\/\/www.amsted.com\/es\/acerca-de\/equipo-de-liderazgo\/marilyn-d-franson\/#breadcrumb\"},\"inLanguage\":\"es-ES\",\"potentialAction\":[{\"@type\":\"ReadAction\",\"target\":[\"https:\/\/www.amsted.com\/es\/acerca-de\/equipo-de-liderazgo\/marilyn-d-franson\/\"]}]},{\"@type\":\"ImageObject\",\"inLanguage\":\"es-ES\",\"@id\":\"https:\/\/www.amsted.com\/es\/acerca-de\/equipo-de-liderazgo\/marilyn-d-franson\/#primaryimage\",\"url\":\"https:\/\/live-amsted-industries.pantheonsite.io\/wp-content\/uploads\/2022\/06\/marilyn-franson.jpg\",\"contentUrl\":\"https:\/\/live-amsted-industries.pantheonsite.io\/wp-content\/uploads\/2022\/06\/marilyn-franson.jpg\"},{\"@type\":\"BreadcrumbList\",\"@id\":\"https:\/\/www.amsted.com\/es\/acerca-de\/equipo-de-liderazgo\/marilyn-d-franson\/#breadcrumb\",\"itemListElement\":[{\"@type\":\"ListItem\",\"position\":1,\"name\":\"Home\",\"item\":\"https:\/\/www.amsted.com\/es\/homepage\/\"},{\"@type\":\"ListItem\",\"position\":2,\"name\":\"Acerca de\",\"item\":\"https:\/\/www.amsted.com\/es\/acerca-de\/\"},{\"@type\":\"ListItem\",\"position\":3,\"name\":\"Equipo de liderazgo\",\"item\":\"http:\/\/www.amsted.com\/es\/about\/leadership-team\/\"},{\"@type\":\"ListItem\",\"position\":4,\"name\":\"Marilyn D. Franson\"}]},{\"@type\":\"WebSite\",\"@id\":\"https:\/\/www.amsted.com\/es\/#website\",\"url\":\"https:\/\/www.amsted.com\/es\/\",\"name\":\"Amsted Industries\",\"description\":\"Just another WordPress site\",\"potentialAction\":[{\"@type\":\"SearchAction\",\"target\":{\"@type\":\"EntryPoint\",\"urlTemplate\":\"https:\/\/www.amsted.com\/es\/?s={search_term_string}\"},\"query-input\":{\"@type\":\"PropertyValueSpecification\",\"valueRequired\":true,\"valueName\":\"search_term_string\"}}],\"inLanguage\":\"es-ES\"}]}<\/script>\n<!-- \/ Yoast SEO plugin. -->","yoast_head_json":{"title":"Marilyn D. Franson - Amsted Industries","robots":{"index":"index","follow":"follow","max-snippet":"max-snippet:-1","max-image-preview":"max-image-preview:large","max-video-preview":"max-video-preview:-1"},"canonical":"https:\/\/www.amsted.com\/es\/acerca-de\/equipo-de-liderazgo\/marilyn-d-franson\/","og_locale":"es_ES","og_type":"article","og_title":"Marilyn D. Franson - Amsted Industries","og_description":"Vicepresidenta y Asesora Fiscal S\u00e9nior Marilyn Franson es Vicepresidenta y Asesora Fiscal S\u00e9nior de Amsted Industries. La Sra. Franson se incorpor\u00f3 a Amsted en 1999 como Contralora Adjunta de Impuestos. Antes de unirse a Amsted, la Sra. Franson fue socia del bufete de abogados Hopkins &amp; Sutter (ahora Foley &amp; Lardner) en Chicago, donde ejerci\u00f3 [&hellip;]","og_url":"https:\/\/www.amsted.com\/es\/acerca-de\/equipo-de-liderazgo\/marilyn-d-franson\/","og_site_name":"Amsted Industries","article_modified_time":"2022-09-15T18:53:14+00:00","og_image":[{"url":"https:\/\/live-amsted-industries.pantheonsite.io\/wp-content\/uploads\/2022\/06\/marilyn-franson.jpg","type":"","width":"","height":""}],"twitter_card":"summary_large_image","twitter_misc":{"Est. reading time":"1 minute"},"schema":{"@context":"https:\/\/schema.org","@graph":[{"@type":"WebPage","@id":"https:\/\/www.amsted.com\/es\/acerca-de\/equipo-de-liderazgo\/marilyn-d-franson\/","url":"https:\/\/www.amsted.com\/es\/acerca-de\/equipo-de-liderazgo\/marilyn-d-franson\/","name":"Marilyn D. Franson - Amsted Industries","isPartOf":{"@id":"https:\/\/www.amsted.com\/es\/#website"},"primaryImageOfPage":{"@id":"https:\/\/www.amsted.com\/es\/acerca-de\/equipo-de-liderazgo\/marilyn-d-franson\/#primaryimage"},"image":{"@id":"https:\/\/www.amsted.com\/es\/acerca-de\/equipo-de-liderazgo\/marilyn-d-franson\/#primaryimage"},"thumbnailUrl":"https:\/\/live-amsted-industries.pantheonsite.io\/wp-content\/uploads\/2022\/06\/marilyn-franson.jpg","datePublished":"2022-06-13T22:39:06+00:00","dateModified":"2022-09-15T18:53:14+00:00","breadcrumb":{"@id":"https:\/\/www.amsted.com\/es\/acerca-de\/equipo-de-liderazgo\/marilyn-d-franson\/#breadcrumb"},"inLanguage":"es-ES","potentialAction":[{"@type":"ReadAction","target":["https:\/\/www.amsted.com\/es\/acerca-de\/equipo-de-liderazgo\/marilyn-d-franson\/"]}]},{"@type":"ImageObject","inLanguage":"es-ES","@id":"https:\/\/www.amsted.com\/es\/acerca-de\/equipo-de-liderazgo\/marilyn-d-franson\/#primaryimage","url":"https:\/\/live-amsted-industries.pantheonsite.io\/wp-content\/uploads\/2022\/06\/marilyn-franson.jpg","contentUrl":"https:\/\/live-amsted-industries.pantheonsite.io\/wp-content\/uploads\/2022\/06\/marilyn-franson.jpg"},{"@type":"BreadcrumbList","@id":"https:\/\/www.amsted.com\/es\/acerca-de\/equipo-de-liderazgo\/marilyn-d-franson\/#breadcrumb","itemListElement":[{"@type":"ListItem","position":1,"name":"Home","item":"https:\/\/www.amsted.com\/es\/homepage\/"},{"@type":"ListItem","position":2,"name":"Acerca de","item":"https:\/\/www.amsted.com\/es\/acerca-de\/"},{"@type":"ListItem","position":3,"name":"Equipo de liderazgo","item":"http:\/\/www.amsted.com\/es\/about\/leadership-team\/"},{"@type":"ListItem","position":4,"name":"Marilyn D. Franson"}]},{"@type":"WebSite","@id":"https:\/\/www.amsted.com\/es\/#website","url":"https:\/\/www.amsted.com\/es\/","name":"Amsted Industries","description":"Just another WordPress site","potentialAction":[{"@type":"SearchAction","target":{"@type":"EntryPoint","urlTemplate":"https:\/\/www.amsted.com\/es\/?s={search_term_string}"},"query-input":{"@type":"PropertyValueSpecification","valueRequired":true,"valueName":"search_term_string"}}],"inLanguage":"es-ES"}]}},"_links":{"self":[{"href":"https:\/\/www.amsted.com\/es\/wp-json\/wp\/v2\/pages\/5234","targetHints":{"allow":["GET"]}}],"collection":[{"href":"https:\/\/www.amsted.com\/es\/wp-json\/wp\/v2\/pages"}],"about":[{"href":"https:\/\/www.amsted.com\/es\/wp-json\/wp\/v2\/types\/page"}],"author":[{"embeddable":true,"href":"https:\/\/www.amsted.com\/es\/wp-json\/wp\/v2\/users\/1"}],"replies":[{"embeddable":true,"href":"https:\/\/www.amsted.com\/es\/wp-json\/wp\/v2\/comments?post=5234"}],"version-history":[{"count":3,"href":"https:\/\/www.amsted.com\/es\/wp-json\/wp\/v2\/pages\/5234\/revisions"}],"predecessor-version":[{"id":5605,"href":"https:\/\/www.amsted.com\/es\/wp-json\/wp\/v2\/pages\/5234\/revisions\/5605"}],"up":[{"embeddable":true,"href":"https:\/\/www.amsted.com\/es\/wp-json\/wp\/v2\/pages\/5222"}],"wp:attachment":[{"href":"https:\/\/www.amsted.com\/es\/wp-json\/wp\/v2\/media?parent=5234"}],"wp:term":[{"taxonomy":"search-category","embeddable":true,"href":"https:\/\/www.amsted.com\/es\/wp-json\/wp\/v2\/search-category?post=5234"}],"curies":[{"name":"wp","href":"https:\/\/api.w.org\/{rel}","templated":true}]}}