{"id":5228,"date":"2022-06-13T22:42:23","date_gmt":"2022-06-13T22:42:23","guid":{"rendered":"https:\/\/live-amsted-industries.pantheonsite.io\/acerca-de\/equipo-de-liderazgo\/christina-e-kmiec\/"},"modified":"2022-09-15T18:52:49","modified_gmt":"2022-09-15T18:52:49","slug":"christina-e-kmiec","status":"publish","type":"page","link":"https:\/\/www.amsted.com\/es\/acerca-de\/equipo-de-liderazgo\/christina-e-kmiec\/","title":{"rendered":"Christina E. Kmiec"},"content":{"rendered":"\t\t<div data-elementor-type=\"wp-page\" data-elementor-id=\"5228\" class=\"elementor elementor-5228 elementor-1261\" data-elementor-post-type=\"page\">\n\t\t\t\t\t\t<section class=\"elementor-section elementor-top-section elementor-element elementor-element-10e3a79a elementor-section-full_width elementor-section-height-default elementor-section-height-default\" data-id=\"10e3a79a\" data-element_type=\"section\" data-e-type=\"section\">\n\t\t\t\t\t\t<div class=\"elementor-container elementor-column-gap-default\">\n\t\t\t\t\t<div class=\"elementor-column elementor-col-100 elementor-top-column elementor-element elementor-element-55bd76d3\" data-id=\"55bd76d3\" data-element_type=\"column\" data-e-type=\"column\">\n\t\t\t<div class=\"elementor-widget-wrap elementor-element-populated\">\n\t\t\t\t\t\t<section class=\"elementor-section elementor-inner-section elementor-element elementor-element-28dc2760 elementor-reverse-mobile elementor-section-boxed elementor-section-height-default elementor-section-height-default\" data-id=\"28dc2760\" data-element_type=\"section\" data-e-type=\"section\" data-settings=\"{&quot;background_background&quot;:&quot;video&quot;}\">\n\t\t\t\t\t\t<div class=\"elementor-container elementor-column-gap-default\">\n\t\t\t\t\t<div class=\"elementor-column elementor-col-50 elementor-inner-column elementor-element elementor-element-e5be2ca\" data-id=\"e5be2ca\" data-element_type=\"column\" data-e-type=\"column\">\n\t\t\t<div class=\"elementor-widget-wrap elementor-element-populated\">\n\t\t\t\t\t\t<div class=\"elementor-element elementor-element-4c1f3624 elementor-widget elementor-widget-heading\" data-id=\"4c1f3624\" data-element_type=\"widget\" data-e-type=\"widget\" data-widget_type=\"heading.default\">\n\t\t\t\t<div class=\"elementor-widget-container\">\n\t\t\t\t\t<h1 class=\"elementor-heading-title elementor-size-default\">Christina E. Kmiec<\/h1>\t\t\t\t<\/div>\n\t\t\t\t<\/div>\n\t\t\t\t<div class=\"elementor-element elementor-element-38b9881d elementor-widget elementor-widget-text-editor\" data-id=\"38b9881d\" data-element_type=\"widget\" data-e-type=\"widget\" data-widget_type=\"text-editor.default\">\n\t\t\t\t<div class=\"elementor-widget-container\">\n\t\t\t\t\t\t\t\t\t<p><strong>Tesorera<\/strong><\/p>\n\t\t\t\t\t\t\t\t<\/div>\n\t\t\t\t<\/div>\n\t\t\t\t<div class=\"elementor-element elementor-element-6d4d4da7 elementor-widget elementor-widget-text-editor\" data-id=\"6d4d4da7\" data-element_type=\"widget\" data-e-type=\"widget\" data-widget_type=\"text-editor.default\">\n\t\t\t\t<div class=\"elementor-widget-container\">\n\t\t\t\t\t\t\t\t\t<p>Christina Kmiec es la Tesorera de Amsted Industries. La Sra. Kmiec se uni\u00f3 a Amsted en 2004 y m\u00e1s recientemente fue Vicepresidenta de Finanzas Internacionales y Planificaci\u00f3n Estrat\u00e9gica en Amsted Rail. La Sra. Kmiec ha progresado a trav\u00e9s de numerosos roles en Amsted y Amsted Rail en Planificaci\u00f3n y An\u00e1lisis Financiero, Finanzas Corporativas, Tesorer\u00eda, Adquisiciones y Desarrollo de Negocios durante su permanencia en la compa\u00f1\u00eda. Antes de Amsted, la Sra. Kmiec era Analista Financiera S\u00e9nior de Aon Corporation. La Sra. Kmiec obtuvo su Licenciatura en Administraci\u00f3n de Empresas en Finanzas de la Universidad de Illinois en Urbana-Champaign y su Maestr\u00eda en Administraci\u00f3n de Empresas de la Universidad DePaul.    <\/p>\n\t\t\t\t\t\t\t\t<\/div>\n\t\t\t\t<\/div>\n\t\t\t\t\t<\/div>\n\t\t<\/div>\n\t\t\t\t<div class=\"elementor-column elementor-col-50 elementor-inner-column elementor-element elementor-element-8e28b9a\" data-id=\"8e28b9a\" data-element_type=\"column\" data-e-type=\"column\">\n\t\t\t<div class=\"elementor-widget-wrap elementor-element-populated\">\n\t\t\t\t\t\t<div class=\"elementor-element elementor-element-54f8bf5d elementor-widget elementor-widget-image\" data-id=\"54f8bf5d\" data-element_type=\"widget\" data-e-type=\"widget\" data-widget_type=\"image.default\">\n\t\t\t\t<div class=\"elementor-widget-container\">\n\t\t\t\t\t\t\t\t\t\t\t\t\t\t\t<img fetchpriority=\"high\" decoding=\"async\" width=\"738\" height=\"946\" src=\"https:\/\/www.amsted.com\/wp-content\/uploads\/2022\/06\/christina-k.jpg\" class=\"attachment-full size-full wp-image-680\" alt=\"\" srcset=\"https:\/\/www.amsted.com\/wp-content\/uploads\/2022\/06\/christina-k.jpg 738w, https:\/\/www.amsted.com\/wp-content\/uploads\/2022\/06\/christina-k-234x300.jpg 234w\" sizes=\"(max-width: 738px) 100vw, 738px\" \/>\t\t\t\t\t\t\t\t\t\t\t\t\t\t\t<\/div>\n\t\t\t\t<\/div>\n\t\t\t\t\t<\/div>\n\t\t<\/div>\n\t\t\t\t\t<\/div>\n\t\t<\/section>\n\t\t\t\t\t<\/div>\n\t\t<\/div>\n\t\t\t\t\t<\/div>\n\t\t<\/section>\n\t\t\t\t<section class=\"elementor-section elementor-top-section elementor-element elementor-element-7e57de86 elementor-section-boxed elementor-section-height-default elementor-section-height-default\" data-id=\"7e57de86\" data-element_type=\"section\" data-e-type=\"section\" data-settings=\"{&quot;background_background&quot;:&quot;classic&quot;}\">\n\t\t\t\t\t\t<div class=\"elementor-container elementor-column-gap-default\">\n\t\t\t\t\t<div class=\"elementor-column elementor-col-100 elementor-top-column elementor-element elementor-element-668d2484\" data-id=\"668d2484\" data-element_type=\"column\" data-e-type=\"column\">\n\t\t\t<div class=\"elementor-widget-wrap elementor-element-populated\">\n\t\t\t\t\t\t<div class=\"elementor-element elementor-element-2711ac65 elementor-widget elementor-widget-shortcode\" data-id=\"2711ac65\" data-element_type=\"widget\" data-e-type=\"widget\" data-widget_type=\"shortcode.default\">\n\t\t\t\t<div class=\"elementor-widget-container\">\n\t\t\t\t\t\t\t<div class=\"elementor-shortcode\"><\/div>\n\t\t\t\t\t\t<\/div>\n\t\t\t\t<\/div>\n\t\t\t\t\t<\/div>\n\t\t<\/div>\n\t\t\t\t\t<\/div>\n\t\t<\/section>\n\t\t\t\t<\/div>\n\t\t","protected":false},"excerpt":{"rendered":"<p>Tesorera Christina Kmiec es la Tesorera de Amsted Industries. La Sra. Kmiec se uni\u00f3 a Amsted en 2004 y m\u00e1s recientemente fue Vicepresidenta de Finanzas Internacionales y Planificaci\u00f3n Estrat\u00e9gica en Amsted Rail. La Sra. Kmiec ha progresado a trav\u00e9s de numerosos roles en Amsted y Amsted Rail en Planificaci\u00f3n y An\u00e1lisis Financiero, Finanzas Corporativas, Tesorer\u00eda, [&hellip;]<\/p>\n","protected":false},"author":1,"featured_media":0,"parent":5222,"menu_order":0,"comment_status":"closed","ping_status":"closed","template":"","meta":{"_acf_changed":false,"footnotes":""},"search-category":[16],"class_list":["post-5228","page","type-page","status-publish","hentry","search-category-about"],"acf":[],"yoast_head":"<!-- This site is optimized with the Yoast SEO plugin v27.2 - https:\/\/yoast.com\/product\/yoast-seo-wordpress\/ -->\n<title>Christina E. Kmiec - Amsted Industries<\/title>\n<meta name=\"robots\" content=\"index, follow, max-snippet:-1, max-image-preview:large, max-video-preview:-1\" \/>\n<link rel=\"canonical\" href=\"https:\/\/www.amsted.com\/es\/acerca-de\/equipo-de-liderazgo\/christina-e-kmiec\/\" \/>\n<meta property=\"og:locale\" content=\"es_ES\" \/>\n<meta property=\"og:type\" content=\"article\" \/>\n<meta property=\"og:title\" content=\"Christina E. Kmiec - Amsted Industries\" \/>\n<meta property=\"og:description\" content=\"Tesorera Christina Kmiec es la Tesorera de Amsted Industries. La Sra. Kmiec se uni\u00f3 a Amsted en 2004 y m\u00e1s recientemente fue Vicepresidenta de Finanzas Internacionales y Planificaci\u00f3n Estrat\u00e9gica en Amsted Rail. La Sra. Kmiec ha progresado a trav\u00e9s de numerosos roles en Amsted y Amsted Rail en Planificaci\u00f3n y An\u00e1lisis Financiero, Finanzas Corporativas, Tesorer\u00eda, [&hellip;]\" \/>\n<meta property=\"og:url\" content=\"https:\/\/www.amsted.com\/es\/acerca-de\/equipo-de-liderazgo\/christina-e-kmiec\/\" \/>\n<meta property=\"og:site_name\" content=\"Amsted Industries\" \/>\n<meta property=\"article:modified_time\" content=\"2022-09-15T18:52:49+00:00\" \/>\n<meta property=\"og:image\" content=\"https:\/\/live-amsted-industries.pantheonsite.io\/wp-content\/uploads\/2022\/06\/christina-k.jpg\" \/>\n<meta name=\"twitter:card\" content=\"summary_large_image\" \/>\n<meta name=\"twitter:label1\" content=\"Est. reading time\" \/>\n\t<meta name=\"twitter:data1\" content=\"1 minute\" \/>\n<script type=\"application\/ld+json\" class=\"yoast-schema-graph\">{\"@context\":\"https:\/\/schema.org\",\"@graph\":[{\"@type\":\"WebPage\",\"@id\":\"https:\/\/www.amsted.com\/es\/acerca-de\/equipo-de-liderazgo\/christina-e-kmiec\/\",\"url\":\"https:\/\/www.amsted.com\/es\/acerca-de\/equipo-de-liderazgo\/christina-e-kmiec\/\",\"name\":\"Christina E. Kmiec - Amsted Industries\",\"isPartOf\":{\"@id\":\"https:\/\/www.amsted.com\/es\/#website\"},\"primaryImageOfPage\":{\"@id\":\"https:\/\/www.amsted.com\/es\/acerca-de\/equipo-de-liderazgo\/christina-e-kmiec\/#primaryimage\"},\"image\":{\"@id\":\"https:\/\/www.amsted.com\/es\/acerca-de\/equipo-de-liderazgo\/christina-e-kmiec\/#primaryimage\"},\"thumbnailUrl\":\"https:\/\/live-amsted-industries.pantheonsite.io\/wp-content\/uploads\/2022\/06\/christina-k.jpg\",\"datePublished\":\"2022-06-13T22:42:23+00:00\",\"dateModified\":\"2022-09-15T18:52:49+00:00\",\"breadcrumb\":{\"@id\":\"https:\/\/www.amsted.com\/es\/acerca-de\/equipo-de-liderazgo\/christina-e-kmiec\/#breadcrumb\"},\"inLanguage\":\"es-ES\",\"potentialAction\":[{\"@type\":\"ReadAction\",\"target\":[\"https:\/\/www.amsted.com\/es\/acerca-de\/equipo-de-liderazgo\/christina-e-kmiec\/\"]}]},{\"@type\":\"ImageObject\",\"inLanguage\":\"es-ES\",\"@id\":\"https:\/\/www.amsted.com\/es\/acerca-de\/equipo-de-liderazgo\/christina-e-kmiec\/#primaryimage\",\"url\":\"https:\/\/live-amsted-industries.pantheonsite.io\/wp-content\/uploads\/2022\/06\/christina-k.jpg\",\"contentUrl\":\"https:\/\/live-amsted-industries.pantheonsite.io\/wp-content\/uploads\/2022\/06\/christina-k.jpg\"},{\"@type\":\"BreadcrumbList\",\"@id\":\"https:\/\/www.amsted.com\/es\/acerca-de\/equipo-de-liderazgo\/christina-e-kmiec\/#breadcrumb\",\"itemListElement\":[{\"@type\":\"ListItem\",\"position\":1,\"name\":\"Home\",\"item\":\"https:\/\/www.amsted.com\/es\/homepage\/\"},{\"@type\":\"ListItem\",\"position\":2,\"name\":\"Acerca de\",\"item\":\"https:\/\/www.amsted.com\/es\/acerca-de\/\"},{\"@type\":\"ListItem\",\"position\":3,\"name\":\"Equipo de liderazgo\",\"item\":\"http:\/\/www.amsted.com\/es\/about\/leadership-team\/\"},{\"@type\":\"ListItem\",\"position\":4,\"name\":\"Christina E. Kmiec\"}]},{\"@type\":\"WebSite\",\"@id\":\"https:\/\/www.amsted.com\/es\/#website\",\"url\":\"https:\/\/www.amsted.com\/es\/\",\"name\":\"Amsted Industries\",\"description\":\"Just another WordPress site\",\"potentialAction\":[{\"@type\":\"SearchAction\",\"target\":{\"@type\":\"EntryPoint\",\"urlTemplate\":\"https:\/\/www.amsted.com\/es\/?s={search_term_string}\"},\"query-input\":{\"@type\":\"PropertyValueSpecification\",\"valueRequired\":true,\"valueName\":\"search_term_string\"}}],\"inLanguage\":\"es-ES\"}]}<\/script>\n<!-- \/ Yoast SEO plugin. -->","yoast_head_json":{"title":"Christina E. Kmiec - Amsted Industries","robots":{"index":"index","follow":"follow","max-snippet":"max-snippet:-1","max-image-preview":"max-image-preview:large","max-video-preview":"max-video-preview:-1"},"canonical":"https:\/\/www.amsted.com\/es\/acerca-de\/equipo-de-liderazgo\/christina-e-kmiec\/","og_locale":"es_ES","og_type":"article","og_title":"Christina E. Kmiec - Amsted Industries","og_description":"Tesorera Christina Kmiec es la Tesorera de Amsted Industries. La Sra. Kmiec se uni\u00f3 a Amsted en 2004 y m\u00e1s recientemente fue Vicepresidenta de Finanzas Internacionales y Planificaci\u00f3n Estrat\u00e9gica en Amsted Rail. La Sra. Kmiec ha progresado a trav\u00e9s de numerosos roles en Amsted y Amsted Rail en Planificaci\u00f3n y An\u00e1lisis Financiero, Finanzas Corporativas, Tesorer\u00eda, [&hellip;]","og_url":"https:\/\/www.amsted.com\/es\/acerca-de\/equipo-de-liderazgo\/christina-e-kmiec\/","og_site_name":"Amsted Industries","article_modified_time":"2022-09-15T18:52:49+00:00","og_image":[{"url":"https:\/\/live-amsted-industries.pantheonsite.io\/wp-content\/uploads\/2022\/06\/christina-k.jpg","type":"","width":"","height":""}],"twitter_card":"summary_large_image","twitter_misc":{"Est. reading time":"1 minute"},"schema":{"@context":"https:\/\/schema.org","@graph":[{"@type":"WebPage","@id":"https:\/\/www.amsted.com\/es\/acerca-de\/equipo-de-liderazgo\/christina-e-kmiec\/","url":"https:\/\/www.amsted.com\/es\/acerca-de\/equipo-de-liderazgo\/christina-e-kmiec\/","name":"Christina E. Kmiec - Amsted Industries","isPartOf":{"@id":"https:\/\/www.amsted.com\/es\/#website"},"primaryImageOfPage":{"@id":"https:\/\/www.amsted.com\/es\/acerca-de\/equipo-de-liderazgo\/christina-e-kmiec\/#primaryimage"},"image":{"@id":"https:\/\/www.amsted.com\/es\/acerca-de\/equipo-de-liderazgo\/christina-e-kmiec\/#primaryimage"},"thumbnailUrl":"https:\/\/live-amsted-industries.pantheonsite.io\/wp-content\/uploads\/2022\/06\/christina-k.jpg","datePublished":"2022-06-13T22:42:23+00:00","dateModified":"2022-09-15T18:52:49+00:00","breadcrumb":{"@id":"https:\/\/www.amsted.com\/es\/acerca-de\/equipo-de-liderazgo\/christina-e-kmiec\/#breadcrumb"},"inLanguage":"es-ES","potentialAction":[{"@type":"ReadAction","target":["https:\/\/www.amsted.com\/es\/acerca-de\/equipo-de-liderazgo\/christina-e-kmiec\/"]}]},{"@type":"ImageObject","inLanguage":"es-ES","@id":"https:\/\/www.amsted.com\/es\/acerca-de\/equipo-de-liderazgo\/christina-e-kmiec\/#primaryimage","url":"https:\/\/live-amsted-industries.pantheonsite.io\/wp-content\/uploads\/2022\/06\/christina-k.jpg","contentUrl":"https:\/\/live-amsted-industries.pantheonsite.io\/wp-content\/uploads\/2022\/06\/christina-k.jpg"},{"@type":"BreadcrumbList","@id":"https:\/\/www.amsted.com\/es\/acerca-de\/equipo-de-liderazgo\/christina-e-kmiec\/#breadcrumb","itemListElement":[{"@type":"ListItem","position":1,"name":"Home","item":"https:\/\/www.amsted.com\/es\/homepage\/"},{"@type":"ListItem","position":2,"name":"Acerca de","item":"https:\/\/www.amsted.com\/es\/acerca-de\/"},{"@type":"ListItem","position":3,"name":"Equipo de liderazgo","item":"http:\/\/www.amsted.com\/es\/about\/leadership-team\/"},{"@type":"ListItem","position":4,"name":"Christina E. Kmiec"}]},{"@type":"WebSite","@id":"https:\/\/www.amsted.com\/es\/#website","url":"https:\/\/www.amsted.com\/es\/","name":"Amsted Industries","description":"Just another WordPress site","potentialAction":[{"@type":"SearchAction","target":{"@type":"EntryPoint","urlTemplate":"https:\/\/www.amsted.com\/es\/?s={search_term_string}"},"query-input":{"@type":"PropertyValueSpecification","valueRequired":true,"valueName":"search_term_string"}}],"inLanguage":"es-ES"}]}},"_links":{"self":[{"href":"https:\/\/www.amsted.com\/es\/wp-json\/wp\/v2\/pages\/5228","targetHints":{"allow":["GET"]}}],"collection":[{"href":"https:\/\/www.amsted.com\/es\/wp-json\/wp\/v2\/pages"}],"about":[{"href":"https:\/\/www.amsted.com\/es\/wp-json\/wp\/v2\/types\/page"}],"author":[{"embeddable":true,"href":"https:\/\/www.amsted.com\/es\/wp-json\/wp\/v2\/users\/1"}],"replies":[{"embeddable":true,"href":"https:\/\/www.amsted.com\/es\/wp-json\/wp\/v2\/comments?post=5228"}],"version-history":[{"count":5,"href":"https:\/\/www.amsted.com\/es\/wp-json\/wp\/v2\/pages\/5228\/revisions"}],"predecessor-version":[{"id":5599,"href":"https:\/\/www.amsted.com\/es\/wp-json\/wp\/v2\/pages\/5228\/revisions\/5599"}],"up":[{"embeddable":true,"href":"https:\/\/www.amsted.com\/es\/wp-json\/wp\/v2\/pages\/5222"}],"wp:attachment":[{"href":"https:\/\/www.amsted.com\/es\/wp-json\/wp\/v2\/media?parent=5228"}],"wp:term":[{"taxonomy":"search-category","embeddable":true,"href":"https:\/\/www.amsted.com\/es\/wp-json\/wp\/v2\/search-category?post=5228"}],"curies":[{"name":"wp","href":"https:\/\/api.w.org\/{rel}","templated":true}]}}