{"id":5208,"date":"2022-05-31T15:33:41","date_gmt":"2022-05-31T15:33:41","guid":{"rendered":"https:\/\/live-amsted-industries.pantheonsite.io\/acerca-de\/historia\/"},"modified":"2022-09-21T17:09:22","modified_gmt":"2022-09-21T17:09:22","slug":"historia","status":"publish","type":"page","link":"https:\/\/www.amsted.com\/es\/acerca-de\/historia\/","title":{"rendered":"Historia"},"content":{"rendered":"\t\t<div data-elementor-type=\"wp-page\" data-elementor-id=\"5208\" class=\"elementor elementor-5208 elementor-140\" data-elementor-post-type=\"page\">\n\t\t\t\t\t\t<section class=\"elementor-section elementor-top-section elementor-element elementor-element-9ff11ab elementor-section-boxed elementor-section-height-default elementor-section-height-default\" data-id=\"9ff11ab\" data-element_type=\"section\" data-e-type=\"section\">\n\t\t\t\t\t\t<div class=\"elementor-container elementor-column-gap-default\">\n\t\t\t\t\t<div class=\"elementor-column elementor-col-100 elementor-top-column elementor-element elementor-element-743a331\" data-id=\"743a331\" data-element_type=\"column\" data-e-type=\"column\">\n\t\t\t<div class=\"elementor-widget-wrap elementor-element-populated\">\n\t\t\t\t\t\t<section class=\"elementor-section elementor-inner-section elementor-element elementor-element-6e3ca50 elementor-section-boxed elementor-section-height-default elementor-section-height-default\" data-id=\"6e3ca50\" data-element_type=\"section\" data-e-type=\"section\" data-settings=\"{&quot;background_background&quot;:&quot;video&quot;}\">\n\t\t\t\t\t\t<div class=\"elementor-container elementor-column-gap-default\">\n\t\t\t\t\t<div class=\"elementor-column elementor-col-50 elementor-inner-column elementor-element elementor-element-79b67ec\" data-id=\"79b67ec\" data-element_type=\"column\" data-e-type=\"column\">\n\t\t\t<div class=\"elementor-widget-wrap elementor-element-populated\">\n\t\t\t\t\t\t<div class=\"elementor-element elementor-element-4b0c06b elementor-widget elementor-widget-heading\" data-id=\"4b0c06b\" data-element_type=\"widget\" data-e-type=\"widget\" data-widget_type=\"heading.default\">\n\t\t\t\t<div class=\"elementor-widget-container\">\n\t\t\t\t\t<h1 class=\"elementor-heading-title elementor-size-default\">La historia de <br>Amsted Industries<\/h1>\t\t\t\t<\/div>\n\t\t\t\t<\/div>\n\t\t\t\t\t<\/div>\n\t\t<\/div>\n\t\t\t\t<div class=\"elementor-column elementor-col-50 elementor-inner-column elementor-element elementor-element-46579ee\" data-id=\"46579ee\" data-element_type=\"column\" data-e-type=\"column\">\n\t\t\t<div class=\"elementor-widget-wrap elementor-element-populated\">\n\t\t\t\t\t\t<div class=\"elementor-element elementor-element-bf793f6 elementor-widget elementor-widget-text-editor\" data-id=\"bf793f6\" data-element_type=\"widget\" data-e-type=\"widget\" data-widget_type=\"text-editor.default\">\n\t\t\t\t<div class=\"elementor-widget-container\">\n\t\t\t\t\t\t\t\t\t<p>Fundada como American Steel Foundries en 1902 a trav\u00e9s de la combinaci\u00f3n de ocho fundiciones de acero en el Este y el Medio Oeste de los Estados Unidos, la compa\u00f1\u00eda cambi\u00f3 su nombre a Amsted Industries en 1962. En un tiempo, Amsted trat\u00f3 principalmente con compa\u00f1\u00edas ferroviarias, produciendo una variedad de componentes de acero fundido. Hoy en d\u00eda, la l\u00ednea de productos de la compa\u00f1\u00eda incluye una amplia gama de soluciones innovadoras para aplicaciones ferroviarias, de veh\u00edculos comerciales, automotrices y de construcci\u00f3n.  <\/p>\n\t\t\t\t\t\t\t\t<\/div>\n\t\t\t\t<\/div>\n\t\t\t\t\t<\/div>\n\t\t<\/div>\n\t\t\t\t\t<\/div>\n\t\t<\/section>\n\t\t\t\t\t<\/div>\n\t\t<\/div>\n\t\t\t\t\t<\/div>\n\t\t<\/section>\n\t\t\t\t<section class=\"elementor-section elementor-top-section elementor-element elementor-element-476a8dc elementor-section-full_width elementor-section-height-default elementor-section-height-default\" data-id=\"476a8dc\" data-element_type=\"section\" data-e-type=\"section\" data-settings=\"{&quot;background_background&quot;:&quot;classic&quot;}\">\n\t\t\t\t\t\t<div class=\"elementor-container elementor-column-gap-default\">\n\t\t\t\t\t<div class=\"elementor-column elementor-col-100 elementor-top-column elementor-element elementor-element-8eb8473\" data-id=\"8eb8473\" data-element_type=\"column\" data-e-type=\"column\">\n\t\t\t<div class=\"elementor-widget-wrap elementor-element-populated\">\n\t\t\t\t\t\t<section class=\"elementor-section elementor-inner-section elementor-element elementor-element-825efae elementor-section-height-min-height elementor-section-boxed elementor-section-height-default\" data-id=\"825efae\" data-element_type=\"section\" data-e-type=\"section\">\n\t\t\t\t\t\t<div class=\"elementor-container elementor-column-gap-default\">\n\t\t\t\t\t<div class=\"elementor-column elementor-col-50 elementor-inner-column elementor-element elementor-element-f7a85ef\" data-id=\"f7a85ef\" data-element_type=\"column\" data-e-type=\"column\" data-settings=\"{&quot;background_background&quot;:&quot;classic&quot;}\">\n\t\t\t<div class=\"elementor-widget-wrap elementor-element-populated\">\n\t\t\t\t\t<div class=\"elementor-background-overlay\"><\/div>\n\t\t\t\t\t\t<div class=\"elementor-element elementor-element-9d2606f elementor-widget elementor-widget-heading\" data-id=\"9d2606f\" data-element_type=\"widget\" data-e-type=\"widget\" data-widget_type=\"heading.default\">\n\t\t\t\t<div class=\"elementor-widget-container\">\n\t\t\t\t\t<h2 class=\"elementor-heading-title elementor-size-default\">Crecimiento sostenible<\/h2>\t\t\t\t<\/div>\n\t\t\t\t<\/div>\n\t\t\t\t<div class=\"elementor-element elementor-element-7b17a09 elementor-invisible elementor-widget elementor-widget-text-editor\" data-id=\"7b17a09\" data-element_type=\"widget\" data-e-type=\"widget\" data-settings=\"{&quot;_animation&quot;:&quot;fadeIn&quot;,&quot;_animation_delay&quot;:300}\" data-widget_type=\"text-editor.default\">\n\t\t\t\t<div class=\"elementor-widget-container\">\n\t\t\t\t\t\t\t\t\t<p>Amsted ha crecido a trav\u00e9s de la innovaci\u00f3n de productos y adquisiciones estrat\u00e9gicas para convertirse en el l\u00edder en las industrias a las que servimos. En 1986, Amsted se hizo privada a trav\u00e9s de una compra de acciones de empleados, estableciendo nuestro Plan de Propiedad de Acciones de los Empleados (ESOP, por sus siglas en ingl\u00e9s) y en 1998 nos convertimos en 100% propiedad de los empleados. En Amsted, disfrutamos de la responsabilidad que se nos confiere de proporcionar productos confiables y bien hechos para los mercados de todo el mundo, y nos esforzamos constantemente por superar est\u00e1ndares a\u00fan m\u00e1s altos de \u00e9xito para que eso suceda.  <\/p>\n\t\t\t\t\t\t\t\t<\/div>\n\t\t\t\t<\/div>\n\t\t\t\t\t<\/div>\n\t\t<\/div>\n\t\t\t\t<div class=\"elementor-column elementor-col-50 elementor-inner-column elementor-element elementor-element-1a87ecf\" data-id=\"1a87ecf\" data-element_type=\"column\" data-e-type=\"column\" data-settings=\"{&quot;background_background&quot;:&quot;classic&quot;}\">\n\t\t\t<div class=\"elementor-widget-wrap elementor-element-populated\">\n\t\t\t\t\t\t<div class=\"elementor-element elementor-element-22984d7 elementor-widget elementor-widget-spacer\" data-id=\"22984d7\" data-element_type=\"widget\" data-e-type=\"widget\" data-widget_type=\"spacer.default\">\n\t\t\t\t<div class=\"elementor-widget-container\">\n\t\t\t\t\t\t\t<div class=\"elementor-spacer\">\n\t\t\t<div class=\"elementor-spacer-inner\"><\/div>\n\t\t<\/div>\n\t\t\t\t\t\t<\/div>\n\t\t\t\t<\/div>\n\t\t\t\t\t<\/div>\n\t\t<\/div>\n\t\t\t\t\t<\/div>\n\t\t<\/section>\n\t\t\t\t\t<\/div>\n\t\t<\/div>\n\t\t\t\t\t<\/div>\n\t\t<\/section>\n\t\t\t\t<section class=\"elementor-section elementor-top-section elementor-element elementor-element-f41ecfb elementor-section-boxed elementor-section-height-default elementor-section-height-default\" data-id=\"f41ecfb\" data-element_type=\"section\" data-e-type=\"section\">\n\t\t\t\t\t\t<div class=\"elementor-container elementor-column-gap-default\">\n\t\t\t\t\t<div class=\"elementor-column elementor-col-100 elementor-top-column elementor-element elementor-element-e47f204\" data-id=\"e47f204\" data-element_type=\"column\" data-e-type=\"column\">\n\t\t\t<div class=\"elementor-widget-wrap elementor-element-populated\">\n\t\t\t\t\t\t<div class=\"elementor-element elementor-element-fb5462d elementor-widget elementor-widget-html\" data-id=\"fb5462d\" data-element_type=\"widget\" data-e-type=\"widget\" data-widget_type=\"html.default\">\n\t\t\t\t<div class=\"elementor-widget-container\">\n\t\t\t\t\t<section class=\"timeline\">\n  <ul>\n    <li>\n      <div>\n        <time>1877<\/time> <!--flag--> Thomas F. Griffin introduce Griffin Car Wheel Company\n      <\/div>\n    <\/li>\n    <li>\n      <div>\n        <time>1902<\/time> American Steel Foundries se funda a trav\u00e9s de una combinaci\u00f3n de ocho fundiciones de acero en el Este y el Medio Oeste de los Estados Unidos\n      <\/div>\n    <\/li>\n    <li>\n      <div>\n        <time>1903<\/time> <!--flag--> Burgess-Norton MFG es fundada por Frank A. Burgess y Henry W. Norton en Geneva, IL\n      <\/div>\n    <\/li>\n    <li>\n      <div>\n        <time>1938<\/time> <!--flag--> Baltimore Aircoil Company es fundada por John Engalitcheff Jr., introduciendo el primer condensador de evaporaci\u00f3n por soplado\n      <\/div>\n    <\/li>\n    <li>\n      <div>\n        <time>1949<\/time> <!--flag--> Brenco se funda como fabricante de cojinetes de fricci\u00f3n o deslizamiento para diarios de vagones ferroviarios de mercanc\u00edas\n      <\/div>\n    <\/li>\n    <li>\n      <div>\n        <time>1962<\/time> La empresa cambia su nombre a Amsted Industries\n      <\/div>\n    <\/li>\n    <li>\n      <div>\n        <time>1964<\/time> <!--flag--> ConMet comienza como parte de Portland Freightliner, una subsidiaria de Consolidated Freightways, y construye su primera fundici\u00f3n de aluminio\n      <\/div>\n    <\/li>\n    <li>\n      <div>\n        <time>1968<\/time> Amsted Industries compra Burgess-Norton MF\n      <\/div>\n    <\/li>\n    <li>\n      <div>\n        <time>1985<\/time> Amsted Industries compra Baltimore Aircoil Company\n      <\/div>\n    <\/li>\n    <li>\n      <div>\n        <time>1986<\/time> Amsted Industries se vuelve privada a trav\u00e9s de una compra de acciones por parte de los empleados\n      <\/div>\n    <\/li>\n    <li>\n      <div>\n        <time>1998<\/time> Amsted Industries se convierte en 100% propiedad de los empleados\n      <\/div>\n    <\/li>\n    <li>\n      <div>\n        <time>1999<\/time> Amsted Industries adquiere Varlen Corporation (antiguo propietario de ConMet), lo que convierte a la empresa en l\u00edder en tres mercados: vagones y locomotoras de carga ferroviaria, camiones pesados y remolques, y camiones de automoci\u00f3n y camiones ligeros\n      <\/div>\n    <\/li>\n     <li>\n      <div>\n        <time>2021<\/time> Se forma Amsted Automotive Group, combinando dos de las centenarias unidades de negocio para el suministro automotriz de primer nivel de Amsted, Means Industries y Burgess-Norton\n      <\/div>\n    <\/li>\n  <\/ul>\n<\/section>\n<script>\n\n(function () {\n  \"use strict\";\n\n  \/\/ define variables\n  var items = document.querySelectorAll(\".timeline li\");\n\n  \/\/ check if an element is in viewport\n  \/\/ http:\/\/stackoverflow.com\/questions\/123999\/how-to-tell-if-a-dom-element-is-visible-in-the-current-viewport\n  function isElementInViewport(el) {\n    var rect = el.getBoundingClientRect();\n    return (\n      rect.top >= 0 &&\n      rect.left >= 0 &&\n      rect.bottom <=\n        (window.innerHeight || document.documentElement.clientHeight) &&\n      rect.right <= (window.innerWidth || document.documentElement.clientWidth)\n    );\n  }\n\n  function callbackFunc() {\n    for (var i = 0; i < items.length; i++) {\n      if (isElementInViewport(items[i])) {\n        items[i].classList.add(\"in-view\");\n      }\n    }\n  }\n\n  \/\/ listen for events\n  window.addEventListener(\"load\", callbackFunc);\n  window.addEventListener(\"resize\", callbackFunc);\n  window.addEventListener(\"scroll\", callbackFunc);\n})();\n\n<\/script>\t\t\t\t<\/div>\n\t\t\t\t<\/div>\n\t\t\t\t\t<\/div>\n\t\t<\/div>\n\t\t\t\t\t<\/div>\n\t\t<\/section>\n\t\t\t\t<section class=\"elementor-section elementor-top-section elementor-element elementor-element-67f7dfe elementor-section-boxed elementor-section-height-default elementor-section-height-default\" data-id=\"67f7dfe\" data-element_type=\"section\" data-e-type=\"section\" data-settings=\"{&quot;background_background&quot;:&quot;classic&quot;}\">\n\t\t\t\t\t\t<div class=\"elementor-container elementor-column-gap-default\">\n\t\t\t\t\t<div class=\"elementor-column elementor-col-100 elementor-top-column elementor-element elementor-element-1691c35\" data-id=\"1691c35\" data-element_type=\"column\" data-e-type=\"column\">\n\t\t\t<div class=\"elementor-widget-wrap elementor-element-populated\">\n\t\t\t\t\t\t<div class=\"elementor-element elementor-element-7d1b161 elementor-widget elementor-widget-shortcode\" data-id=\"7d1b161\" data-element_type=\"widget\" data-e-type=\"widget\" data-widget_type=\"shortcode.default\">\n\t\t\t\t<div class=\"elementor-widget-container\">\n\t\t\t\t\t\t\t<div class=\"elementor-shortcode\"><\/div>\n\t\t\t\t\t\t<\/div>\n\t\t\t\t<\/div>\n\t\t\t\t\t<\/div>\n\t\t<\/div>\n\t\t\t\t\t<\/div>\n\t\t<\/section>\n\t\t\t\t<\/div>\n\t\t","protected":false},"excerpt":{"rendered":"<p>La historia de Amsted Industries Fundada como American Steel Foundries en 1902 a trav\u00e9s de la combinaci\u00f3n de ocho fundiciones de acero en el Este y el Medio Oeste de los Estados Unidos, la compa\u00f1\u00eda cambi\u00f3 su nombre a Amsted Industries en 1962. En un tiempo, Amsted trat\u00f3 principalmente con compa\u00f1\u00edas ferroviarias, produciendo una variedad [&hellip;]<\/p>\n","protected":false},"author":1,"featured_media":0,"parent":5206,"menu_order":0,"comment_status":"closed","ping_status":"closed","template":"","meta":{"_acf_changed":false,"footnotes":""},"search-category":[16],"class_list":["post-5208","page","type-page","status-publish","hentry","search-category-about"],"acf":[],"yoast_head":"<!-- This site is optimized with the Yoast SEO plugin v27.2 - https:\/\/yoast.com\/product\/yoast-seo-wordpress\/ -->\n<title>Historia - Amsted Industries<\/title>\n<meta name=\"robots\" content=\"index, follow, max-snippet:-1, max-image-preview:large, max-video-preview:-1\" \/>\n<link rel=\"canonical\" href=\"https:\/\/www.amsted.com\/es\/acerca-de\/historia\/\" \/>\n<meta property=\"og:locale\" content=\"es_ES\" \/>\n<meta property=\"og:type\" content=\"article\" \/>\n<meta property=\"og:title\" content=\"Historia - Amsted Industries\" \/>\n<meta property=\"og:description\" content=\"La historia de Amsted Industries Fundada como American Steel Foundries en 1902 a trav\u00e9s de la combinaci\u00f3n de ocho fundiciones de acero en el Este y el Medio Oeste de los Estados Unidos, la compa\u00f1\u00eda cambi\u00f3 su nombre a Amsted Industries en 1962. En un tiempo, Amsted trat\u00f3 principalmente con compa\u00f1\u00edas ferroviarias, produciendo una variedad [&hellip;]\" \/>\n<meta property=\"og:url\" content=\"https:\/\/www.amsted.com\/es\/acerca-de\/historia\/\" \/>\n<meta property=\"og:site_name\" content=\"Amsted Industries\" \/>\n<meta property=\"article:modified_time\" content=\"2022-09-21T17:09:22+00:00\" \/>\n<meta name=\"twitter:card\" content=\"summary_large_image\" \/>\n<meta name=\"twitter:label1\" content=\"Est. reading time\" \/>\n\t<meta name=\"twitter:data1\" content=\"3 minutes\" \/>\n<script type=\"application\/ld+json\" class=\"yoast-schema-graph\">{\"@context\":\"https:\/\/schema.org\",\"@graph\":[{\"@type\":\"WebPage\",\"@id\":\"https:\/\/www.amsted.com\/es\/acerca-de\/historia\/\",\"url\":\"https:\/\/www.amsted.com\/es\/acerca-de\/historia\/\",\"name\":\"Historia - Amsted Industries\",\"isPartOf\":{\"@id\":\"https:\/\/www.amsted.com\/es\/#website\"},\"datePublished\":\"2022-05-31T15:33:41+00:00\",\"dateModified\":\"2022-09-21T17:09:22+00:00\",\"breadcrumb\":{\"@id\":\"https:\/\/www.amsted.com\/es\/acerca-de\/historia\/#breadcrumb\"},\"inLanguage\":\"es-ES\",\"potentialAction\":[{\"@type\":\"ReadAction\",\"target\":[\"https:\/\/www.amsted.com\/es\/acerca-de\/historia\/\"]}]},{\"@type\":\"BreadcrumbList\",\"@id\":\"https:\/\/www.amsted.com\/es\/acerca-de\/historia\/#breadcrumb\",\"itemListElement\":[{\"@type\":\"ListItem\",\"position\":1,\"name\":\"Home\",\"item\":\"https:\/\/www.amsted.com\/es\/homepage\/\"},{\"@type\":\"ListItem\",\"position\":2,\"name\":\"Acerca de\",\"item\":\"https:\/\/www.amsted.com\/es\/acerca-de\/\"},{\"@type\":\"ListItem\",\"position\":3,\"name\":\"Historia\"}]},{\"@type\":\"WebSite\",\"@id\":\"https:\/\/www.amsted.com\/es\/#website\",\"url\":\"https:\/\/www.amsted.com\/es\/\",\"name\":\"Amsted Industries\",\"description\":\"Just another WordPress site\",\"potentialAction\":[{\"@type\":\"SearchAction\",\"target\":{\"@type\":\"EntryPoint\",\"urlTemplate\":\"https:\/\/www.amsted.com\/es\/?s={search_term_string}\"},\"query-input\":{\"@type\":\"PropertyValueSpecification\",\"valueRequired\":true,\"valueName\":\"search_term_string\"}}],\"inLanguage\":\"es-ES\"}]}<\/script>\n<!-- \/ Yoast SEO plugin. -->","yoast_head_json":{"title":"Historia - Amsted Industries","robots":{"index":"index","follow":"follow","max-snippet":"max-snippet:-1","max-image-preview":"max-image-preview:large","max-video-preview":"max-video-preview:-1"},"canonical":"https:\/\/www.amsted.com\/es\/acerca-de\/historia\/","og_locale":"es_ES","og_type":"article","og_title":"Historia - Amsted Industries","og_description":"La historia de Amsted Industries Fundada como American Steel Foundries en 1902 a trav\u00e9s de la combinaci\u00f3n de ocho fundiciones de acero en el Este y el Medio Oeste de los Estados Unidos, la compa\u00f1\u00eda cambi\u00f3 su nombre a Amsted Industries en 1962. En un tiempo, Amsted trat\u00f3 principalmente con compa\u00f1\u00edas ferroviarias, produciendo una variedad [&hellip;]","og_url":"https:\/\/www.amsted.com\/es\/acerca-de\/historia\/","og_site_name":"Amsted Industries","article_modified_time":"2022-09-21T17:09:22+00:00","twitter_card":"summary_large_image","twitter_misc":{"Est. reading time":"3 minutes"},"schema":{"@context":"https:\/\/schema.org","@graph":[{"@type":"WebPage","@id":"https:\/\/www.amsted.com\/es\/acerca-de\/historia\/","url":"https:\/\/www.amsted.com\/es\/acerca-de\/historia\/","name":"Historia - Amsted Industries","isPartOf":{"@id":"https:\/\/www.amsted.com\/es\/#website"},"datePublished":"2022-05-31T15:33:41+00:00","dateModified":"2022-09-21T17:09:22+00:00","breadcrumb":{"@id":"https:\/\/www.amsted.com\/es\/acerca-de\/historia\/#breadcrumb"},"inLanguage":"es-ES","potentialAction":[{"@type":"ReadAction","target":["https:\/\/www.amsted.com\/es\/acerca-de\/historia\/"]}]},{"@type":"BreadcrumbList","@id":"https:\/\/www.amsted.com\/es\/acerca-de\/historia\/#breadcrumb","itemListElement":[{"@type":"ListItem","position":1,"name":"Home","item":"https:\/\/www.amsted.com\/es\/homepage\/"},{"@type":"ListItem","position":2,"name":"Acerca de","item":"https:\/\/www.amsted.com\/es\/acerca-de\/"},{"@type":"ListItem","position":3,"name":"Historia"}]},{"@type":"WebSite","@id":"https:\/\/www.amsted.com\/es\/#website","url":"https:\/\/www.amsted.com\/es\/","name":"Amsted Industries","description":"Just another WordPress site","potentialAction":[{"@type":"SearchAction","target":{"@type":"EntryPoint","urlTemplate":"https:\/\/www.amsted.com\/es\/?s={search_term_string}"},"query-input":{"@type":"PropertyValueSpecification","valueRequired":true,"valueName":"search_term_string"}}],"inLanguage":"es-ES"}]}},"_links":{"self":[{"href":"https:\/\/www.amsted.com\/es\/wp-json\/wp\/v2\/pages\/5208","targetHints":{"allow":["GET"]}}],"collection":[{"href":"https:\/\/www.amsted.com\/es\/wp-json\/wp\/v2\/pages"}],"about":[{"href":"https:\/\/www.amsted.com\/es\/wp-json\/wp\/v2\/types\/page"}],"author":[{"embeddable":true,"href":"https:\/\/www.amsted.com\/es\/wp-json\/wp\/v2\/users\/1"}],"replies":[{"embeddable":true,"href":"https:\/\/www.amsted.com\/es\/wp-json\/wp\/v2\/comments?post=5208"}],"version-history":[{"count":9,"href":"https:\/\/www.amsted.com\/es\/wp-json\/wp\/v2\/pages\/5208\/revisions"}],"predecessor-version":[{"id":6505,"href":"https:\/\/www.amsted.com\/es\/wp-json\/wp\/v2\/pages\/5208\/revisions\/6505"}],"up":[{"embeddable":true,"href":"https:\/\/www.amsted.com\/es\/wp-json\/wp\/v2\/pages\/5206"}],"wp:attachment":[{"href":"https:\/\/www.amsted.com\/es\/wp-json\/wp\/v2\/media?parent=5208"}],"wp:term":[{"taxonomy":"search-category","embeddable":true,"href":"https:\/\/www.amsted.com\/es\/wp-json\/wp\/v2\/search-category?post=5208"}],"curies":[{"name":"wp","href":"https:\/\/api.w.org\/{rel}","templated":true}]}}