{"id":5206,"date":"2022-05-31T15:33:23","date_gmt":"2022-05-31T15:33:23","guid":{"rendered":"https:\/\/live-amsted-industries.pantheonsite.io\/acerca-de\/"},"modified":"2022-09-15T18:17:51","modified_gmt":"2022-09-15T18:17:51","slug":"acerca-de","status":"publish","type":"page","link":"https:\/\/www.amsted.com\/es\/acerca-de\/","title":{"rendered":"Acerca de"},"content":{"rendered":"\t\t<div data-elementor-type=\"wp-page\" data-elementor-id=\"5206\" class=\"elementor elementor-5206 elementor-138\" data-elementor-post-type=\"page\">\n\t\t\t\t\t\t<section class=\"elementor-section elementor-top-section elementor-element elementor-element-e078c95 elementor-section-height-min-height elementor-section-full_width elementor-section-height-default elementor-section-items-middle\" data-id=\"e078c95\" data-element_type=\"section\" data-e-type=\"section\" data-settings=\"{&quot;background_background&quot;:&quot;classic&quot;}\">\n\t\t\t\t\t\t\t<div class=\"elementor-background-overlay\"><\/div>\n\t\t\t\t\t\t\t<div class=\"elementor-container elementor-column-gap-default\">\n\t\t\t\t\t<div class=\"elementor-column elementor-col-100 elementor-top-column elementor-element elementor-element-d9e9cbd\" data-id=\"d9e9cbd\" data-element_type=\"column\" data-e-type=\"column\">\n\t\t\t<div class=\"elementor-widget-wrap elementor-element-populated\">\n\t\t\t\t\t\t<section class=\"elementor-section elementor-inner-section elementor-element elementor-element-710120f elementor-section-boxed elementor-section-height-default elementor-section-height-default\" data-id=\"710120f\" data-element_type=\"section\" data-e-type=\"section\" data-settings=\"{&quot;background_background&quot;:&quot;video&quot;}\">\n\t\t\t\t\t\t<div class=\"elementor-container elementor-column-gap-default\">\n\t\t\t\t\t<div class=\"elementor-column elementor-col-50 elementor-inner-column elementor-element elementor-element-f478e0a\" data-id=\"f478e0a\" data-element_type=\"column\" data-e-type=\"column\">\n\t\t\t<div class=\"elementor-widget-wrap elementor-element-populated\">\n\t\t\t\t\t\t<div class=\"elementor-element elementor-element-28d3575 animated-slow elementor-invisible elementor-widget elementor-widget-heading\" data-id=\"28d3575\" data-element_type=\"widget\" data-e-type=\"widget\" data-settings=\"{&quot;_animation&quot;:&quot;fadeIn&quot;}\" data-widget_type=\"heading.default\">\n\t\t\t\t<div class=\"elementor-widget-container\">\n\t\t\t\t\t<h1 class=\"elementor-heading-title elementor-size-default\">Acerca de Amsted Industries<\/h1>\t\t\t\t<\/div>\n\t\t\t\t<\/div>\n\t\t\t\t<div class=\"elementor-element elementor-element-fb58c64 animated-slow elementor-invisible elementor-widget elementor-widget-text-editor\" data-id=\"fb58c64\" data-element_type=\"widget\" data-e-type=\"widget\" data-settings=\"{&quot;_animation&quot;:&quot;fadeIn&quot;,&quot;_animation_delay&quot;:100}\" data-widget_type=\"text-editor.default\">\n\t\t\t\t<div class=\"elementor-widget-container\">\n\t\t\t\t\t\t\t\t\t<p>Amsted Industries es un fabricante global diversificado de componentes industriales que sirven principalmente a los mercados de ferrocarriles, autom\u00f3viles, veh\u00edculos comerciales y construcci\u00f3n. Combinando procesos de fabricaci\u00f3n de vanguardia con un historial de innovaci\u00f3n continua, estamos orgullosos de ser l\u00edderes en cada uno de los segmentos de mercado a los que servimos.<\/p><\/p>\n\t\t\t\t\t\t\t\t<\/div>\n\t\t\t\t<\/div>\n\t\t\t\t\t<\/div>\n\t\t<\/div>\n\t\t\t\t<div class=\"elementor-column elementor-col-50 elementor-inner-column elementor-element elementor-element-3c6c758\" data-id=\"3c6c758\" data-element_type=\"column\" data-e-type=\"column\">\n\t\t\t<div class=\"elementor-widget-wrap\">\n\t\t\t\t\t\t\t<\/div>\n\t\t<\/div>\n\t\t\t\t\t<\/div>\n\t\t<\/section>\n\t\t\t\t\t<\/div>\n\t\t<\/div>\n\t\t\t\t\t<\/div>\n\t\t<\/section>\n\t\t\t\t<section class=\"elementor-section elementor-top-section elementor-element elementor-element-78240e9 elementor-section-full_width elementor-section-height-default elementor-section-height-default\" data-id=\"78240e9\" data-element_type=\"section\" data-e-type=\"section\" data-settings=\"{&quot;background_background&quot;:&quot;classic&quot;}\">\n\t\t\t\t\t\t<div class=\"elementor-container elementor-column-gap-default\">\n\t\t\t\t\t<div class=\"elementor-column elementor-col-100 elementor-top-column elementor-element elementor-element-7e337f0\" data-id=\"7e337f0\" data-element_type=\"column\" data-e-type=\"column\">\n\t\t\t<div class=\"elementor-widget-wrap elementor-element-populated\">\n\t\t\t\t\t\t<section class=\"elementor-section elementor-inner-section elementor-element elementor-element-f29ff6a main-content elementor-reverse-mobile elementor-section-boxed elementor-section-height-default elementor-section-height-default\" data-id=\"f29ff6a\" data-element_type=\"section\" data-e-type=\"section\">\n\t\t\t\t\t\t<div class=\"elementor-container elementor-column-gap-default\">\n\t\t\t\t\t<div class=\"elementor-column elementor-col-50 elementor-inner-column elementor-element elementor-element-b3adbfe\" data-id=\"b3adbfe\" data-element_type=\"column\" data-e-type=\"column\">\n\t\t\t<div class=\"elementor-widget-wrap elementor-element-populated\">\n\t\t\t\t\t\t<div class=\"elementor-element elementor-element-2ae8cf0 elementor-widget elementor-widget-text-editor\" data-id=\"2ae8cf0\" data-element_type=\"widget\" data-e-type=\"widget\" data-widget_type=\"text-editor.default\">\n\t\t\t\t<div class=\"elementor-widget-container\">\n\t\t\t\t\t\t\t\t\t<p>Operando bajo el nombre de Amsted Industries desde 1962, hoy estamos satisfaciendo las crecientes necesidades de un mercado global con m\u00e1s de 75 ubicaciones en 13 pa\u00edses en 6 continentes. Amsted es 100% propiedad de los empleados, lo que permite a nuestros empleados-propietarios compartir el \u00e9xito de la empresa y crea una cultura de propiedad que todos nuestros empleados comparten.<\/p>\n\t\t\t\t\t\t\t\t<\/div>\n\t\t\t\t<\/div>\n\t\t\t\t<div class=\"elementor-element elementor-element-680d040 elementor-widget elementor-widget-heading\" data-id=\"680d040\" data-element_type=\"widget\" data-e-type=\"widget\" data-widget_type=\"heading.default\">\n\t\t\t\t<div class=\"elementor-widget-container\">\n\t\t\t\t\t<h2 class=\"elementor-heading-title elementor-size-default\">Misi\u00f3n<\/h2>\t\t\t\t<\/div>\n\t\t\t\t<\/div>\n\t\t\t\t<div class=\"elementor-element elementor-element-594c138 elementor-widget elementor-widget-text-editor\" data-id=\"594c138\" data-element_type=\"widget\" data-e-type=\"widget\" data-widget_type=\"text-editor.default\">\n\t\t\t\t<div class=\"elementor-widget-container\">\n\t\t\t\t\t\t\t\t\t<p>Ofrecer un valor premium a nuestros clientes para la mejora de nuestros empleados y sus comunidades.<\/p>\n\t\t\t\t\t\t\t\t<\/div>\n\t\t\t\t<\/div>\n\t\t\t\t\t<\/div>\n\t\t<\/div>\n\t\t\t\t<div class=\"elementor-column elementor-col-50 elementor-inner-column elementor-element elementor-element-6e43331\" data-id=\"6e43331\" data-element_type=\"column\" data-e-type=\"column\">\n\t\t\t<div class=\"elementor-widget-wrap elementor-element-populated\">\n\t\t\t\t\t\t<div class=\"elementor-element elementor-element-b7851b0 elementor-widget elementor-widget-heading\" data-id=\"b7851b0\" data-element_type=\"widget\" data-e-type=\"widget\" data-widget_type=\"heading.default\">\n\t\t\t\t<div class=\"elementor-widget-container\">\n\t\t\t\t\t<h2 class=\"elementor-heading-title elementor-size-default\">Valores fundamentales<\/h2>\t\t\t\t<\/div>\n\t\t\t\t<\/div>\n\t\t\t\t<div class=\"elementor-element elementor-element-1846f6c elementor-widget elementor-widget-text-editor\" data-id=\"1846f6c\" data-element_type=\"widget\" data-e-type=\"widget\" data-widget_type=\"text-editor.default\">\n\t\t\t\t<div class=\"elementor-widget-container\">\n\t\t\t\t\t\t\t\t\t<ul>\n<li>Integridad: mantenemos los m\u00e1s altos est\u00e1ndares de \u00e9tica e integridad en todas las acciones.<\/li>\n<li>Respeto por las personas: valoramos a nuestras personas, fomentamos su desarrollo, las hacemos responsables de sus compromisos personales y recompensamos su desempe\u00f1o.<\/li>\n<li>Responsabilidad social: somos buenos ciudadanos en las comunidades en las que vivimos y trabajamos.<\/li>\n<li>Sostenibilidad: estamos comprometidos con un futuro sostenible y con la mejora de nuestra huella ambiental.<\/li>\n<li>Disfrute: mantenemos un ambiente donde el trabajo arduo y el compromiso son recompensados con diversi\u00f3n y alegr\u00eda.<\/li>\n<\/ul>\n\t\t\t\t\t\t\t\t<\/div>\n\t\t\t\t<\/div>\n\t\t\t\t\t<\/div>\n\t\t<\/div>\n\t\t\t\t\t<\/div>\n\t\t<\/section>\n\t\t\t\t\t<\/div>\n\t\t<\/div>\n\t\t\t\t\t<\/div>\n\t\t<\/section>\n\t\t\t\t<section class=\"elementor-section elementor-top-section elementor-element elementor-element-c4995b5 elementor-section-boxed elementor-section-height-default elementor-section-height-default\" data-id=\"c4995b5\" data-element_type=\"section\" data-e-type=\"section\" data-settings=\"{&quot;background_background&quot;:&quot;classic&quot;}\">\n\t\t\t\t\t\t<div class=\"elementor-container elementor-column-gap-default\">\n\t\t\t\t\t<div class=\"elementor-column elementor-col-100 elementor-top-column elementor-element elementor-element-7d5fdf6\" data-id=\"7d5fdf6\" data-element_type=\"column\" data-e-type=\"column\">\n\t\t\t<div class=\"elementor-widget-wrap elementor-element-populated\">\n\t\t\t\t\t\t<div class=\"elementor-element elementor-element-fe3438d elementor-widget elementor-widget-shortcode\" data-id=\"fe3438d\" data-element_type=\"widget\" data-e-type=\"widget\" data-widget_type=\"shortcode.default\">\n\t\t\t\t<div class=\"elementor-widget-container\">\n\t\t\t\t\t\t\t<div class=\"elementor-shortcode\"><h3 class=\"ai-child-pages-title\">Explorar m\u00e1s<\/h3><ul class=\"ai-child-pages\"><li class=\"page_item page-item-5208\"><a href=\"https:\/\/www.amsted.com\/es\/acerca-de\/historia\/\">Historia<\/a><\/li>\n<li class=\"page_item page-item-5210\"><a href=\"https:\/\/www.amsted.com\/es\/acerca-de\/junta-directiva\/\">Junta Directiva<\/a><\/li>\n<li class=\"page_item page-item-5214\"><a href=\"https:\/\/www.amsted.com\/es\/acerca-de\/codigo-de-conducta\/\">C\u00f3digo de conducta<\/a><\/li>\n<li class=\"page_item page-item-5218\"><a href=\"https:\/\/www.amsted.com\/es\/acerca-de\/criterios-esg\/\">Criterios ESG<\/a><\/li>\n<li class=\"page_item page-item-5222 page_item_has_children\"><a href=\"https:\/\/www.amsted.com\/es\/acerca-de\/equipo-de-liderazgo\/\">Equipo de liderazgo<\/a><\/li>\n<\/ul><\/div>\n\t\t\t\t\t\t<\/div>\n\t\t\t\t<\/div>\n\t\t\t\t\t<\/div>\n\t\t<\/div>\n\t\t\t\t\t<\/div>\n\t\t<\/section>\n\t\t\t\t<\/div>\n\t\t","protected":false},"excerpt":{"rendered":"<p>Acerca de Amsted Industries Amsted Industries es un fabricante global diversificado de componentes industriales que sirven principalmente a los mercados de ferrocarriles, autom\u00f3viles, veh\u00edculos comerciales y construcci\u00f3n. Combinando procesos de fabricaci\u00f3n de vanguardia con un historial de innovaci\u00f3n continua, estamos orgullosos de ser l\u00edderes en cada uno de los segmentos de mercado a los que [&hellip;]<\/p>\n","protected":false},"author":1,"featured_media":0,"parent":0,"menu_order":0,"comment_status":"closed","ping_status":"closed","template":"","meta":{"_acf_changed":false,"footnotes":""},"search-category":[],"class_list":["post-5206","page","type-page","status-publish","hentry"],"acf":[],"yoast_head":"<!-- This site is optimized with the Yoast SEO plugin v27.2 - https:\/\/yoast.com\/product\/yoast-seo-wordpress\/ -->\n<title>Acerca de - Amsted Industries<\/title>\n<meta name=\"robots\" content=\"index, follow, max-snippet:-1, max-image-preview:large, max-video-preview:-1\" \/>\n<link rel=\"canonical\" href=\"https:\/\/www.amsted.com\/es\/acerca-de\/\" \/>\n<meta property=\"og:locale\" content=\"es_ES\" \/>\n<meta property=\"og:type\" content=\"article\" \/>\n<meta property=\"og:title\" content=\"Acerca de - Amsted Industries\" \/>\n<meta property=\"og:description\" content=\"Acerca de Amsted Industries Amsted Industries es un fabricante global diversificado de componentes industriales que sirven principalmente a los mercados de ferrocarriles, autom\u00f3viles, veh\u00edculos comerciales y construcci\u00f3n. Combinando procesos de fabricaci\u00f3n de vanguardia con un historial de innovaci\u00f3n continua, estamos orgullosos de ser l\u00edderes en cada uno de los segmentos de mercado a los que [&hellip;]\" \/>\n<meta property=\"og:url\" content=\"https:\/\/www.amsted.com\/es\/acerca-de\/\" \/>\n<meta property=\"og:site_name\" content=\"Amsted Industries\" \/>\n<meta property=\"article:modified_time\" content=\"2022-09-15T18:17:51+00:00\" \/>\n<meta name=\"twitter:card\" content=\"summary_large_image\" \/>\n<meta name=\"twitter:label1\" content=\"Est. reading time\" \/>\n\t<meta name=\"twitter:data1\" content=\"1 minute\" \/>\n<script type=\"application\/ld+json\" class=\"yoast-schema-graph\">{\"@context\":\"https:\/\/schema.org\",\"@graph\":[{\"@type\":\"WebPage\",\"@id\":\"https:\/\/www.amsted.com\/es\/acerca-de\/\",\"url\":\"https:\/\/www.amsted.com\/es\/acerca-de\/\",\"name\":\"Acerca de - Amsted Industries\",\"isPartOf\":{\"@id\":\"https:\/\/www.amsted.com\/es\/#website\"},\"datePublished\":\"2022-05-31T15:33:23+00:00\",\"dateModified\":\"2022-09-15T18:17:51+00:00\",\"breadcrumb\":{\"@id\":\"https:\/\/www.amsted.com\/es\/acerca-de\/#breadcrumb\"},\"inLanguage\":\"es-ES\",\"potentialAction\":[{\"@type\":\"ReadAction\",\"target\":[\"https:\/\/www.amsted.com\/es\/acerca-de\/\"]}]},{\"@type\":\"BreadcrumbList\",\"@id\":\"https:\/\/www.amsted.com\/es\/acerca-de\/#breadcrumb\",\"itemListElement\":[{\"@type\":\"ListItem\",\"position\":1,\"name\":\"Home\",\"item\":\"https:\/\/www.amsted.com\/es\/homepage\/\"},{\"@type\":\"ListItem\",\"position\":2,\"name\":\"Acerca de\"}]},{\"@type\":\"WebSite\",\"@id\":\"https:\/\/www.amsted.com\/es\/#website\",\"url\":\"https:\/\/www.amsted.com\/es\/\",\"name\":\"Amsted Industries\",\"description\":\"Just another WordPress site\",\"potentialAction\":[{\"@type\":\"SearchAction\",\"target\":{\"@type\":\"EntryPoint\",\"urlTemplate\":\"https:\/\/www.amsted.com\/es\/?s={search_term_string}\"},\"query-input\":{\"@type\":\"PropertyValueSpecification\",\"valueRequired\":true,\"valueName\":\"search_term_string\"}}],\"inLanguage\":\"es-ES\"}]}<\/script>\n<!-- \/ Yoast SEO plugin. -->","yoast_head_json":{"title":"Acerca de - Amsted Industries","robots":{"index":"index","follow":"follow","max-snippet":"max-snippet:-1","max-image-preview":"max-image-preview:large","max-video-preview":"max-video-preview:-1"},"canonical":"https:\/\/www.amsted.com\/es\/acerca-de\/","og_locale":"es_ES","og_type":"article","og_title":"Acerca de - Amsted Industries","og_description":"Acerca de Amsted Industries Amsted Industries es un fabricante global diversificado de componentes industriales que sirven principalmente a los mercados de ferrocarriles, autom\u00f3viles, veh\u00edculos comerciales y construcci\u00f3n. Combinando procesos de fabricaci\u00f3n de vanguardia con un historial de innovaci\u00f3n continua, estamos orgullosos de ser l\u00edderes en cada uno de los segmentos de mercado a los que [&hellip;]","og_url":"https:\/\/www.amsted.com\/es\/acerca-de\/","og_site_name":"Amsted Industries","article_modified_time":"2022-09-15T18:17:51+00:00","twitter_card":"summary_large_image","twitter_misc":{"Est. reading time":"1 minute"},"schema":{"@context":"https:\/\/schema.org","@graph":[{"@type":"WebPage","@id":"https:\/\/www.amsted.com\/es\/acerca-de\/","url":"https:\/\/www.amsted.com\/es\/acerca-de\/","name":"Acerca de - Amsted Industries","isPartOf":{"@id":"https:\/\/www.amsted.com\/es\/#website"},"datePublished":"2022-05-31T15:33:23+00:00","dateModified":"2022-09-15T18:17:51+00:00","breadcrumb":{"@id":"https:\/\/www.amsted.com\/es\/acerca-de\/#breadcrumb"},"inLanguage":"es-ES","potentialAction":[{"@type":"ReadAction","target":["https:\/\/www.amsted.com\/es\/acerca-de\/"]}]},{"@type":"BreadcrumbList","@id":"https:\/\/www.amsted.com\/es\/acerca-de\/#breadcrumb","itemListElement":[{"@type":"ListItem","position":1,"name":"Home","item":"https:\/\/www.amsted.com\/es\/homepage\/"},{"@type":"ListItem","position":2,"name":"Acerca de"}]},{"@type":"WebSite","@id":"https:\/\/www.amsted.com\/es\/#website","url":"https:\/\/www.amsted.com\/es\/","name":"Amsted Industries","description":"Just another WordPress site","potentialAction":[{"@type":"SearchAction","target":{"@type":"EntryPoint","urlTemplate":"https:\/\/www.amsted.com\/es\/?s={search_term_string}"},"query-input":{"@type":"PropertyValueSpecification","valueRequired":true,"valueName":"search_term_string"}}],"inLanguage":"es-ES"}]}},"_links":{"self":[{"href":"https:\/\/www.amsted.com\/es\/wp-json\/wp\/v2\/pages\/5206","targetHints":{"allow":["GET"]}}],"collection":[{"href":"https:\/\/www.amsted.com\/es\/wp-json\/wp\/v2\/pages"}],"about":[{"href":"https:\/\/www.amsted.com\/es\/wp-json\/wp\/v2\/types\/page"}],"author":[{"embeddable":true,"href":"https:\/\/www.amsted.com\/es\/wp-json\/wp\/v2\/users\/1"}],"replies":[{"embeddable":true,"href":"https:\/\/www.amsted.com\/es\/wp-json\/wp\/v2\/comments?post=5206"}],"version-history":[{"count":3,"href":"https:\/\/www.amsted.com\/es\/wp-json\/wp\/v2\/pages\/5206\/revisions"}],"predecessor-version":[{"id":5561,"href":"https:\/\/www.amsted.com\/es\/wp-json\/wp\/v2\/pages\/5206\/revisions\/5561"}],"wp:attachment":[{"href":"https:\/\/www.amsted.com\/es\/wp-json\/wp\/v2\/media?parent=5206"}],"wp:term":[{"taxonomy":"search-category","embeddable":true,"href":"https:\/\/www.amsted.com\/es\/wp-json\/wp\/v2\/search-category?post=5206"}],"curies":[{"name":"wp","href":"https:\/\/api.w.org\/{rel}","templated":true}]}}